{"id":243533,"date":"2019-02-26T16:33:49","date_gmt":"2023-02-19T15:33:00","guid":{"rendered":"https:\/\/www.staging6.omrserrature.it\/prodotto\/llave-tubular\/"},"modified":"2026-04-08T11:37:03","modified_gmt":"2026-04-08T09:37:03","slug":"llave-tubular","status":"publish","type":"product","link":"https:\/\/www.omrserrature.it\/es\/producto\/llave-tubular\/","title":{"rendered":"Llave tubular"},"content":{"rendered":"<p><strong>La llave tubular para cerraduras de varillas o de pernos radiales<\/strong> garantiza la m\u00e1xima seguridad en muchas aplicaciones. <strong>S\u00f3lo puede extraerse en posici\u00f3n cerrada<\/strong>, lo que garantiza un mayor cuidado por parte del operario, y ofrece un s\u00f3lido agarre como <strong>pr\u00e1ctica empu\u00f1adura<\/strong> durante las operaciones de apertura y cierre.<\/p>\n","protected":false},"excerpt":{"rendered":"<p>La llave tubular para cerraduras de varillas o de pernos radiales garantiza la m\u00e1xima seguridad en muchas aplicaciones. S\u00f3lo puede extraerse en posici\u00f3n cerrada, lo que garantiza un mayor cuidado por parte del operario, y ofrece un s\u00f3lido agarre como pr\u00e1ctica empu\u00f1adura durante las operaciones de apertura y cierre. <\/p>\n","protected":false},"featured_media":21467,"comment_status":"open","ping_status":"closed","template":"","meta":{"_acf_changed":false,"_et_pb_use_builder":"","_et_pb_old_content":"","_et_gb_content_width":""},"product_brand":[],"product_cat":[3964,3929],"product_tag":[],"class_list":{"0":"post-243533","1":"product","2":"type-product","3":"status-publish","4":"has-post-thumbnail","6":"product_cat-claves","7":"product_cat-productos","9":"first","10":"instock","11":"shipping-taxable","12":"product-type-simple"},"acf":{"pdf1":false},"yoast_head":"<!-- This site is optimized with the Yoast SEO plugin v27.5 - https:\/\/yoast.com\/product\/yoast-seo-wordpress\/ -->\n<title>Llave tubular - OMR Serrature<\/title>\n<meta name=\"robots\" content=\"index, follow, max-snippet:-1, max-image-preview:large, max-video-preview:-1\" \/>\n<link rel=\"canonical\" href=\"https:\/\/www.omrserrature.it\/es\/producto\/llave-tubular\/\" \/>\n<meta property=\"og:locale\" content=\"es_ES\" \/>\n<meta property=\"og:type\" content=\"article\" \/>\n<meta property=\"og:title\" content=\"Llave tubular - OMR Serrature\" \/>\n<meta property=\"og:description\" content=\"La llave tubular para cerraduras de varillas o de pernos radiales garantiza la m\u00e1xima seguridad en muchas aplicaciones. S\u00f3lo puede extraerse en posici\u00f3n cerrada, lo que garantiza un mayor cuidado por parte del operario, y ofrece un s\u00f3lido agarre como pr\u00e1ctica empu\u00f1adura durante las operaciones de apertura y cierre.\" \/>\n<meta property=\"og:url\" content=\"https:\/\/www.omrserrature.it\/es\/producto\/llave-tubular\/\" \/>\n<meta property=\"og:site_name\" content=\"OMR Serrature | Produzione sistemi di chiusura\" \/>\n<meta property=\"article:publisher\" content=\"https:\/\/www.facebook.com\/OMRserrature\" \/>\n<meta property=\"article:modified_time\" content=\"2026-04-08T09:37:03+00:00\" \/>\n<meta property=\"og:image\" content=\"https:\/\/www.omrserrature.it\/wp-content\/uploads\/2019\/02\/SCHG05105-Chiave-tubolare-in-plastica-e-ottone.jpg\" \/>\n\t<meta property=\"og:image:width\" content=\"1000\" \/>\n\t<meta property=\"og:image:height\" content=\"1000\" \/>\n\t<meta property=\"og:image:type\" content=\"image\/jpeg\" \/>\n<meta name=\"twitter:card\" content=\"summary_large_image\" \/>\n<script type=\"application\/ld+json\" class=\"yoast-schema-graph\">{\"@context\":\"https:\\\/\\\/schema.org\",\"@graph\":[{\"@type\":\"WebPage\",\"@id\":\"https:\\\/\\\/www.omrserrature.it\\\/es\\\/producto\\\/llave-tubular\\\/\",\"url\":\"https:\\\/\\\/www.omrserrature.it\\\/es\\\/producto\\\/llave-tubular\\\/\",\"name\":\"Llave tubular - OMR Serrature\",\"isPartOf\":{\"@id\":\"https:\\\/\\\/www.omrserrature.it\\\/es\\\/#website\"},\"primaryImageOfPage\":{\"@id\":\"https:\\\/\\\/www.omrserrature.it\\\/es\\\/producto\\\/llave-tubular\\\/#primaryimage\"},\"image\":{\"@id\":\"https:\\\/\\\/www.omrserrature.it\\\/es\\\/producto\\\/llave-tubular\\\/#primaryimage\"},\"thumbnailUrl\":\"https:\\\/\\\/www.omrserrature.it\\\/wp-content\\\/uploads\\\/2019\\\/02\\\/SCHG05105-Chiave-tubolare-in-plastica-e-ottone.jpg\",\"datePublished\":\"2023-02-19T15:33:00+00:00\",\"dateModified\":\"2026-04-08T09:37:03+00:00\",\"breadcrumb\":{\"@id\":\"https:\\\/\\\/www.omrserrature.it\\\/es\\\/producto\\\/llave-tubular\\\/#breadcrumb\"},\"inLanguage\":\"es\",\"potentialAction\":[{\"@type\":\"ReadAction\",\"target\":[\"https:\\\/\\\/www.omrserrature.it\\\/es\\\/producto\\\/llave-tubular\\\/\"]}]},{\"@type\":\"ImageObject\",\"inLanguage\":\"es\",\"@id\":\"https:\\\/\\\/www.omrserrature.it\\\/es\\\/producto\\\/llave-tubular\\\/#primaryimage\",\"url\":\"https:\\\/\\\/www.omrserrature.it\\\/wp-content\\\/uploads\\\/2019\\\/02\\\/SCHG05105-Chiave-tubolare-in-plastica-e-ottone.jpg\",\"contentUrl\":\"https:\\\/\\\/www.omrserrature.it\\\/wp-content\\\/uploads\\\/2019\\\/02\\\/SCHG05105-Chiave-tubolare-in-plastica-e-ottone.jpg\",\"width\":1000,\"height\":1000,\"caption\":\"Llave tubular de pl\u00e1stico y lat\u00f3n - SCHG05105\"},{\"@type\":\"BreadcrumbList\",\"@id\":\"https:\\\/\\\/www.omrserrature.it\\\/es\\\/producto\\\/llave-tubular\\\/#breadcrumb\",\"itemListElement\":[{\"@type\":\"ListItem\",\"position\":1,\"name\":\"Home\",\"item\":\"https:\\\/\\\/www.omrserrature.it\\\/es\\\/omr-cerradiras-y-sistemas-de-cierre\\\/\"},{\"@type\":\"ListItem\",\"position\":2,\"name\":\"Cat\u00e1logo\",\"item\":\"https:\\\/\\\/www.omrserrature.it\\\/catalogo\\\/?lang=es\"},{\"@type\":\"ListItem\",\"position\":3,\"name\":\"Productos\",\"item\":\"https:\\\/\\\/www.omrserrature.it\\\/es\\\/inventario\\\/productos\\\/\"},{\"@type\":\"ListItem\",\"position\":4,\"name\":\"Llave tubular\"}]},{\"@type\":\"WebSite\",\"@id\":\"https:\\\/\\\/www.omrserrature.it\\\/es\\\/#website\",\"url\":\"https:\\\/\\\/www.omrserrature.it\\\/es\\\/\",\"name\":\"OMR Serrature | Produzione sistemi di chiusura\",\"description\":\"Produzione serrature di sicurezza e sistemi di chiusura\",\"publisher\":{\"@id\":\"https:\\\/\\\/www.omrserrature.it\\\/es\\\/#organization\"},\"potentialAction\":[{\"@type\":\"SearchAction\",\"target\":{\"@type\":\"EntryPoint\",\"urlTemplate\":\"https:\\\/\\\/www.omrserrature.it\\\/es\\\/?s={search_term_string}\"},\"query-input\":{\"@type\":\"PropertyValueSpecification\",\"valueRequired\":true,\"valueName\":\"search_term_string\"}}],\"inLanguage\":\"es\"},{\"@type\":\"Organization\",\"@id\":\"https:\\\/\\\/www.omrserrature.it\\\/es\\\/#organization\",\"name\":\"OMR Serrature | Produzione sistemi di chiusura\",\"url\":\"https:\\\/\\\/www.omrserrature.it\\\/es\\\/\",\"logo\":{\"@type\":\"ImageObject\",\"inLanguage\":\"es\",\"@id\":\"https:\\\/\\\/www.omrserrature.it\\\/es\\\/#\\\/schema\\\/logo\\\/image\\\/\",\"url\":\"https:\\\/\\\/www.omrserrature.it\\\/wp-content\\\/uploads\\\/2017\\\/09\\\/favicon-omr-114.png\",\"contentUrl\":\"https:\\\/\\\/www.omrserrature.it\\\/wp-content\\\/uploads\\\/2017\\\/09\\\/favicon-omr-114.png\",\"width\":114,\"height\":114,\"caption\":\"OMR Serrature | Produzione sistemi di chiusura\"},\"image\":{\"@id\":\"https:\\\/\\\/www.omrserrature.it\\\/es\\\/#\\\/schema\\\/logo\\\/image\\\/\"},\"sameAs\":[\"https:\\\/\\\/www.facebook.com\\\/OMRserrature\",\"https:\\\/\\\/www.linkedin.com\\\/company\\\/omrserrature\\\/\",\"https:\\\/\\\/www.youtube.com\\\/channel\\\/UCxmA85z2R0EpG_6IRokiAkg\"]}]}<\/script>\n<!-- \/ Yoast SEO plugin. -->","yoast_head_json":{"title":"Llave tubular - OMR Serrature","robots":{"index":"index","follow":"follow","max-snippet":"max-snippet:-1","max-image-preview":"max-image-preview:large","max-video-preview":"max-video-preview:-1"},"canonical":"https:\/\/www.omrserrature.it\/es\/producto\/llave-tubular\/","og_locale":"es_ES","og_type":"article","og_title":"Llave tubular - OMR Serrature","og_description":"La llave tubular para cerraduras de varillas o de pernos radiales garantiza la m\u00e1xima seguridad en muchas aplicaciones. S\u00f3lo puede extraerse en posici\u00f3n cerrada, lo que garantiza un mayor cuidado por parte del operario, y ofrece un s\u00f3lido agarre como pr\u00e1ctica empu\u00f1adura durante las operaciones de apertura y cierre.","og_url":"https:\/\/www.omrserrature.it\/es\/producto\/llave-tubular\/","og_site_name":"OMR Serrature | Produzione sistemi di chiusura","article_publisher":"https:\/\/www.facebook.com\/OMRserrature","article_modified_time":"2026-04-08T09:37:03+00:00","og_image":[{"width":1000,"height":1000,"url":"https:\/\/www.omrserrature.it\/wp-content\/uploads\/2019\/02\/SCHG05105-Chiave-tubolare-in-plastica-e-ottone.jpg","type":"image\/jpeg"}],"twitter_card":"summary_large_image","schema":{"@context":"https:\/\/schema.org","@graph":[{"@type":"WebPage","@id":"https:\/\/www.omrserrature.it\/es\/producto\/llave-tubular\/","url":"https:\/\/www.omrserrature.it\/es\/producto\/llave-tubular\/","name":"Llave tubular - OMR Serrature","isPartOf":{"@id":"https:\/\/www.omrserrature.it\/es\/#website"},"primaryImageOfPage":{"@id":"https:\/\/www.omrserrature.it\/es\/producto\/llave-tubular\/#primaryimage"},"image":{"@id":"https:\/\/www.omrserrature.it\/es\/producto\/llave-tubular\/#primaryimage"},"thumbnailUrl":"https:\/\/www.omrserrature.it\/wp-content\/uploads\/2019\/02\/SCHG05105-Chiave-tubolare-in-plastica-e-ottone.jpg","datePublished":"2023-02-19T15:33:00+00:00","dateModified":"2026-04-08T09:37:03+00:00","breadcrumb":{"@id":"https:\/\/www.omrserrature.it\/es\/producto\/llave-tubular\/#breadcrumb"},"inLanguage":"es","potentialAction":[{"@type":"ReadAction","target":["https:\/\/www.omrserrature.it\/es\/producto\/llave-tubular\/"]}]},{"@type":"ImageObject","inLanguage":"es","@id":"https:\/\/www.omrserrature.it\/es\/producto\/llave-tubular\/#primaryimage","url":"https:\/\/www.omrserrature.it\/wp-content\/uploads\/2019\/02\/SCHG05105-Chiave-tubolare-in-plastica-e-ottone.jpg","contentUrl":"https:\/\/www.omrserrature.it\/wp-content\/uploads\/2019\/02\/SCHG05105-Chiave-tubolare-in-plastica-e-ottone.jpg","width":1000,"height":1000,"caption":"Llave tubular de pl\u00e1stico y lat\u00f3n - SCHG05105"},{"@type":"BreadcrumbList","@id":"https:\/\/www.omrserrature.it\/es\/producto\/llave-tubular\/#breadcrumb","itemListElement":[{"@type":"ListItem","position":1,"name":"Home","item":"https:\/\/www.omrserrature.it\/es\/omr-cerradiras-y-sistemas-de-cierre\/"},{"@type":"ListItem","position":2,"name":"Cat\u00e1logo","item":"https:\/\/www.omrserrature.it\/catalogo\/?lang=es"},{"@type":"ListItem","position":3,"name":"Productos","item":"https:\/\/www.omrserrature.it\/es\/inventario\/productos\/"},{"@type":"ListItem","position":4,"name":"Llave tubular"}]},{"@type":"WebSite","@id":"https:\/\/www.omrserrature.it\/es\/#website","url":"https:\/\/www.omrserrature.it\/es\/","name":"OMR Serrature | Produzione sistemi di chiusura","description":"Produzione serrature di sicurezza e sistemi di chiusura","publisher":{"@id":"https:\/\/www.omrserrature.it\/es\/#organization"},"potentialAction":[{"@type":"SearchAction","target":{"@type":"EntryPoint","urlTemplate":"https:\/\/www.omrserrature.it\/es\/?s={search_term_string}"},"query-input":{"@type":"PropertyValueSpecification","valueRequired":true,"valueName":"search_term_string"}}],"inLanguage":"es"},{"@type":"Organization","@id":"https:\/\/www.omrserrature.it\/es\/#organization","name":"OMR Serrature | Produzione sistemi di chiusura","url":"https:\/\/www.omrserrature.it\/es\/","logo":{"@type":"ImageObject","inLanguage":"es","@id":"https:\/\/www.omrserrature.it\/es\/#\/schema\/logo\/image\/","url":"https:\/\/www.omrserrature.it\/wp-content\/uploads\/2017\/09\/favicon-omr-114.png","contentUrl":"https:\/\/www.omrserrature.it\/wp-content\/uploads\/2017\/09\/favicon-omr-114.png","width":114,"height":114,"caption":"OMR Serrature | Produzione sistemi di chiusura"},"image":{"@id":"https:\/\/www.omrserrature.it\/es\/#\/schema\/logo\/image\/"},"sameAs":["https:\/\/www.facebook.com\/OMRserrature","https:\/\/www.linkedin.com\/company\/omrserrature\/","https:\/\/www.youtube.com\/channel\/UCxmA85z2R0EpG_6IRokiAkg"]}]}},"_links":{"self":[{"href":"https:\/\/www.omrserrature.it\/es\/wp-json\/wp\/v2\/product\/243533","targetHints":{"allow":["GET"]}}],"collection":[{"href":"https:\/\/www.omrserrature.it\/es\/wp-json\/wp\/v2\/product"}],"about":[{"href":"https:\/\/www.omrserrature.it\/es\/wp-json\/wp\/v2\/types\/product"}],"replies":[{"embeddable":true,"href":"https:\/\/www.omrserrature.it\/es\/wp-json\/wp\/v2\/comments?post=243533"}],"wp:featuredmedia":[{"embeddable":true,"href":"https:\/\/www.omrserrature.it\/es\/wp-json\/wp\/v2\/media\/21467"}],"wp:attachment":[{"href":"https:\/\/www.omrserrature.it\/es\/wp-json\/wp\/v2\/media?parent=243533"}],"wp:term":[{"taxonomy":"product_brand","embeddable":true,"href":"https:\/\/www.omrserrature.it\/es\/wp-json\/wp\/v2\/product_brand?post=243533"},{"taxonomy":"product_cat","embeddable":true,"href":"https:\/\/www.omrserrature.it\/es\/wp-json\/wp\/v2\/product_cat?post=243533"},{"taxonomy":"product_tag","embeddable":true,"href":"https:\/\/www.omrserrature.it\/es\/wp-json\/wp\/v2\/product_tag?post=243533"}],"curies":[{"name":"wp","href":"https:\/\/api.w.org\/{rel}","templated":true}]}}