{"id":243523,"date":"2017-10-11T14:20:28","date_gmt":"2011-10-17T12:20:00","guid":{"rendered":"https:\/\/www.staging6.omrserrature.it\/prodotto\/cerradura-destornillador-plano-con-horquilla\/"},"modified":"2026-04-08T13:10:10","modified_gmt":"2026-04-08T11:10:10","slug":"cerradura-destornillador-plano-con-horquilla","status":"publish","type":"product","link":"https:\/\/www.omrserrature.it\/es\/producto\/cerradura-destornillador-plano-con-horquilla\/","title":{"rendered":"Cerradura destornillador plano con horquilla"},"content":{"rendered":"<p>La <strong>cerradura de z\u00f3calo con destornillador plano de 1\/4 de vuelta<\/strong> consta de un cuerpo de aleaci\u00f3n de zinc en cuyo interior hay un bombin de impresi\u00f3n accionado por resorte que, movido por un simple destornillador, gira, determinando la apertura o el cierre.<\/p>\n<p>La conexi\u00f3n trasera cuadrada de 7 mm tambi\u00e9n permite instalar una gran variedad de <strong>palancas rectas, dobladas o de gancho<\/strong>, por no mencionar la posibilidad de aplicar perchas para el movimiento de las varillas. Como alternativa, la caja de zamak tambi\u00e9n puede fabricarse en <strong>tecnopol\u00edmero<\/strong>, un<strong>\u00abpl\u00e1stico met\u00e1lico<\/strong>\u00bb especial que garantiza unas prestaciones mec\u00e1nicas equiparables a las de la aleaci\u00f3n de aluminio,<strong> resistencia a los agentes atmosf\u00e9ricos y a la corrosi\u00f3n<\/strong>, as\u00ed como una perfecta integraci\u00f3n con el producto acabado, gracias a la amplia gama de colores disponibles.<\/p>\n<p>La sencilla cerradura con llave de z\u00f3calo es adecuada para aplicaciones en las que es necesario bloquear la puerta en una posici\u00f3n determinada <strong>sin que se abra por causas externas como el viento, las vibraciones o los golpes.<\/strong> Gracias al clip (tambi\u00e9n llamado horquilla), que permite <strong>una instalaci\u00f3n r\u00e1pida<\/strong>, encuentra su aplicaci\u00f3n ideal en trampillas de inspecci\u00f3n o pozos de registro, en m\u00e1quinas de movimiento de tierras, maquinaria industrial, compartimentos de carretillas elevadoras, m\u00e1quinas HO.RE.CA., en soportes dentro de campings y zonas comunes, o en armarios de telecomunicaciones. <\/p>\n","protected":false},"excerpt":{"rendered":"<p>La <strong>cerradura de z\u00f3calo<\/strong> con <strong>destornillador de 1\/4 de vuelta<\/strong> con fijaci\u00f3n r\u00e1pida por <strong>horquilla<\/strong> consta de un cuerpo de aleaci\u00f3n de zinc en cuyo interior hay un rotor de ranura con muelle que, movido por un simple destornillador de ranura, gira determinando la apertura o el cierre.<\/p>\n","protected":false},"featured_media":3093,"comment_status":"open","ping_status":"closed","template":"","meta":{"_acf_changed":false,"_et_pb_use_builder":"","_et_pb_old_content":"","_et_gb_content_width":""},"product_brand":[],"product_cat":[3986,3995,3990,3934,3925,3980,3912,3957,3896,3880,3883,3898,3922,3895,3889,3892,3893,3881,3991,3987],"product_tag":[],"class_list":{"0":"post-243523","1":"product","2":"type-product","3":"status-publish","4":"has-post-thumbnail","6":"product_cat-agua-aire-gas-para-empresas","7":"product_cat-arquitectura-urbanismo-y-diseno","8":"product_cat-automatizacion-y-domotica","9":"product_cat-cerraduras-de-1-4-de-vuelta","10":"product_cat-cerraduras-de-barcos","11":"product_cat-cerraduras-de-palanca","12":"product_cat-cerraduras-de-puertas","13":"product_cat-cerraduras-impermeables-inoxidables","14":"product_cat-cerraduras-para-almacenes-automaticos","15":"product_cat-cerraduras-para-armarios-electricos","16":"product_cat-cerraduras-para-carros-profesionales","17":"product_cat-cerraduras-para-dispensadores","18":"product_cat-cerraduras-para-furgonetas","19":"product_cat-cerraduras-para-la-industria-electromecanica","20":"product_cat-cerraduras-para-medios-de-transporte","21":"product_cat-cerraduras-para-puertas-delanteras-de-armarios","22":"product_cat-cerraduras-para-puertas-laterales","23":"product_cat-cerraduras-profesionales-para-muebles","24":"product_cat-reciclaje-ecologico-de-residuos","25":"product_cat-sistemas-de-cierre-para-la-industria","27":"first","28":"instock","29":"shipping-taxable","30":"purchasable","31":"product-type-variable","32":"has-default-attributes"},"acf":{"pdf1":"https:\/\/www.omrserrature.it\/wp-content\/uploads\/2017\/10\/Scheda-166559.pdf"},"yoast_head":"<!-- This site is optimized with the Yoast SEO plugin v27.2 - https:\/\/yoast.com\/product\/yoast-seo-wordpress\/ -->\n<title>Cerradura destornillador plano con horquilla - OMR Serrature<\/title>\n<meta name=\"robots\" content=\"index, follow, max-snippet:-1, max-image-preview:large, max-video-preview:-1\" \/>\n<link rel=\"canonical\" href=\"https:\/\/www.omrserrature.it\/es\/producto\/cerradura-destornillador-plano-con-horquilla\/\" \/>\n<meta property=\"og:locale\" content=\"es_ES\" \/>\n<meta property=\"og:type\" content=\"article\" \/>\n<meta property=\"og:title\" content=\"Cerradura destornillador plano con horquilla - OMR Serrature\" \/>\n<meta property=\"og:description\" content=\"La cerradura de z\u00f3calo con destornillador de 1\/4 de vuelta con fijaci\u00f3n r\u00e1pida por horquilla consta de un cuerpo de aleaci\u00f3n de zinc en cuyo interior hay un rotor de ranura con muelle que, movido por un simple destornillador de ranura, gira determinando la apertura o el cierre.\" \/>\n<meta property=\"og:url\" content=\"https:\/\/www.omrserrature.it\/es\/producto\/cerradura-destornillador-plano-con-horquilla\/\" \/>\n<meta property=\"og:site_name\" content=\"OMR Serrature | Produzione sistemi di chiusura\" \/>\n<meta property=\"article:publisher\" content=\"https:\/\/www.facebook.com\/OMRserrature\" \/>\n<meta property=\"article:modified_time\" content=\"2026-04-08T11:10:10+00:00\" \/>\n<meta property=\"og:image\" content=\"https:\/\/www.omrserrature.it\/wp-content\/uploads\/2017\/10\/chiusura-impronta-taglio-cacciavite-forcella.jpg\" \/>\n\t<meta property=\"og:image:width\" content=\"402\" \/>\n\t<meta property=\"og:image:height\" content=\"376\" \/>\n\t<meta property=\"og:image:type\" content=\"image\/jpeg\" \/>\n<meta name=\"twitter:card\" content=\"summary_large_image\" \/>\n<meta name=\"twitter:label1\" content=\"Tiempo de lectura\" \/>\n\t<meta name=\"twitter:data1\" content=\"1 minuto\" \/>\n<script type=\"application\/ld+json\" class=\"yoast-schema-graph\">{\"@context\":\"https:\/\/schema.org\",\"@graph\":[{\"@type\":\"WebPage\",\"@id\":\"https:\/\/www.omrserrature.it\/es\/producto\/cerradura-destornillador-plano-con-horquilla\/\",\"url\":\"https:\/\/www.omrserrature.it\/es\/producto\/cerradura-destornillador-plano-con-horquilla\/\",\"name\":\"Cerradura destornillador plano con horquilla - OMR Serrature\",\"isPartOf\":{\"@id\":\"https:\/\/www.omrserrature.it\/es\/#website\"},\"primaryImageOfPage\":{\"@id\":\"https:\/\/www.omrserrature.it\/es\/producto\/cerradura-destornillador-plano-con-horquilla\/#primaryimage\"},\"image\":{\"@id\":\"https:\/\/www.omrserrature.it\/es\/producto\/cerradura-destornillador-plano-con-horquilla\/#primaryimage\"},\"thumbnailUrl\":\"https:\/\/www.omrserrature.it\/wp-content\/uploads\/2017\/10\/chiusura-impronta-taglio-cacciavite-forcella.jpg\",\"datePublished\":\"2011-10-17T12:20:00+00:00\",\"dateModified\":\"2026-04-08T11:10:10+00:00\",\"breadcrumb\":{\"@id\":\"https:\/\/www.omrserrature.it\/es\/producto\/cerradura-destornillador-plano-con-horquilla\/#breadcrumb\"},\"inLanguage\":\"es\",\"potentialAction\":[{\"@type\":\"ReadAction\",\"target\":[\"https:\/\/www.omrserrature.it\/es\/producto\/cerradura-destornillador-plano-con-horquilla\/\"]}]},{\"@type\":\"ImageObject\",\"inLanguage\":\"es\",\"@id\":\"https:\/\/www.omrserrature.it\/es\/producto\/cerradura-destornillador-plano-con-horquilla\/#primaryimage\",\"url\":\"https:\/\/www.omrserrature.it\/wp-content\/uploads\/2017\/10\/chiusura-impronta-taglio-cacciavite-forcella.jpg\",\"contentUrl\":\"https:\/\/www.omrserrature.it\/wp-content\/uploads\/2017\/10\/chiusura-impronta-taglio-cacciavite-forcella.jpg\",\"width\":402,\"height\":376,\"caption\":\"Cerradura destornillador plano con horquilla\"},{\"@type\":\"BreadcrumbList\",\"@id\":\"https:\/\/www.omrserrature.it\/es\/producto\/cerradura-destornillador-plano-con-horquilla\/#breadcrumb\",\"itemListElement\":[{\"@type\":\"ListItem\",\"position\":1,\"name\":\"Home\",\"item\":\"https:\/\/www.omrserrature.it\/es\/omr-cerradiras-y-sistemas-de-cierre\/\"},{\"@type\":\"ListItem\",\"position\":2,\"name\":\"Cat\u00e1logo\",\"item\":\"https:\/\/www.omrserrature.it\/catalogo\/?lang=es\"},{\"@type\":\"ListItem\",\"position\":3,\"name\":\"Productos\",\"item\":\"https:\/\/www.omrserrature.it\/es\/inventario\/productos\/\"},{\"@type\":\"ListItem\",\"position\":4,\"name\":\"Cerraduras\",\"item\":\"https:\/\/www.omrserrature.it\/es\/inventario\/productos\/cerraduras\/\"},{\"@type\":\"ListItem\",\"position\":5,\"name\":\"cerraduras de 1\/4 de vuelta\",\"item\":\"https:\/\/www.omrserrature.it\/es\/inventario\/productos\/cerraduras\/cerraduras-de-1-4-de-vuelta\/\"},{\"@type\":\"ListItem\",\"position\":6,\"name\":\"Cerradura destornillador plano con horquilla\"}]},{\"@type\":\"WebSite\",\"@id\":\"https:\/\/www.omrserrature.it\/es\/#website\",\"url\":\"https:\/\/www.omrserrature.it\/es\/\",\"name\":\"OMR Serrature | Produzione sistemi di chiusura\",\"description\":\"Produzione serrature di sicurezza e sistemi di chiusura\",\"publisher\":{\"@id\":\"https:\/\/www.omrserrature.it\/es\/#organization\"},\"potentialAction\":[{\"@type\":\"SearchAction\",\"target\":{\"@type\":\"EntryPoint\",\"urlTemplate\":\"https:\/\/www.omrserrature.it\/es\/?s={search_term_string}\"},\"query-input\":{\"@type\":\"PropertyValueSpecification\",\"valueRequired\":true,\"valueName\":\"search_term_string\"}}],\"inLanguage\":\"es\"},{\"@type\":\"Organization\",\"@id\":\"https:\/\/www.omrserrature.it\/es\/#organization\",\"name\":\"OMR Serrature | Produzione sistemi di chiusura\",\"url\":\"https:\/\/www.omrserrature.it\/es\/\",\"logo\":{\"@type\":\"ImageObject\",\"inLanguage\":\"es\",\"@id\":\"https:\/\/www.omrserrature.it\/es\/#\/schema\/logo\/image\/\",\"url\":\"https:\/\/www.omrserrature.it\/wp-content\/uploads\/2017\/09\/favicon-omr-114.png\",\"contentUrl\":\"https:\/\/www.omrserrature.it\/wp-content\/uploads\/2017\/09\/favicon-omr-114.png\",\"width\":114,\"height\":114,\"caption\":\"OMR Serrature | Produzione sistemi di chiusura\"},\"image\":{\"@id\":\"https:\/\/www.omrserrature.it\/es\/#\/schema\/logo\/image\/\"},\"sameAs\":[\"https:\/\/www.facebook.com\/OMRserrature\",\"https:\/\/www.linkedin.com\/company\/omrserrature\/\",\"https:\/\/www.youtube.com\/channel\/UCxmA85z2R0EpG_6IRokiAkg\"]}]}<\/script>\n<!-- \/ Yoast SEO plugin. -->","yoast_head_json":{"title":"Cerradura destornillador plano con horquilla - OMR Serrature","robots":{"index":"index","follow":"follow","max-snippet":"max-snippet:-1","max-image-preview":"max-image-preview:large","max-video-preview":"max-video-preview:-1"},"canonical":"https:\/\/www.omrserrature.it\/es\/producto\/cerradura-destornillador-plano-con-horquilla\/","og_locale":"es_ES","og_type":"article","og_title":"Cerradura destornillador plano con horquilla - OMR Serrature","og_description":"La cerradura de z\u00f3calo con destornillador de 1\/4 de vuelta con fijaci\u00f3n r\u00e1pida por horquilla consta de un cuerpo de aleaci\u00f3n de zinc en cuyo interior hay un rotor de ranura con muelle que, movido por un simple destornillador de ranura, gira determinando la apertura o el cierre.","og_url":"https:\/\/www.omrserrature.it\/es\/producto\/cerradura-destornillador-plano-con-horquilla\/","og_site_name":"OMR Serrature | Produzione sistemi di chiusura","article_publisher":"https:\/\/www.facebook.com\/OMRserrature","article_modified_time":"2026-04-08T11:10:10+00:00","og_image":[{"width":402,"height":376,"url":"https:\/\/www.omrserrature.it\/wp-content\/uploads\/2017\/10\/chiusura-impronta-taglio-cacciavite-forcella.jpg","type":"image\/jpeg"}],"twitter_card":"summary_large_image","twitter_misc":{"Tiempo de lectura":"1 minuto"},"schema":{"@context":"https:\/\/schema.org","@graph":[{"@type":"WebPage","@id":"https:\/\/www.omrserrature.it\/es\/producto\/cerradura-destornillador-plano-con-horquilla\/","url":"https:\/\/www.omrserrature.it\/es\/producto\/cerradura-destornillador-plano-con-horquilla\/","name":"Cerradura destornillador plano con horquilla - OMR Serrature","isPartOf":{"@id":"https:\/\/www.omrserrature.it\/es\/#website"},"primaryImageOfPage":{"@id":"https:\/\/www.omrserrature.it\/es\/producto\/cerradura-destornillador-plano-con-horquilla\/#primaryimage"},"image":{"@id":"https:\/\/www.omrserrature.it\/es\/producto\/cerradura-destornillador-plano-con-horquilla\/#primaryimage"},"thumbnailUrl":"https:\/\/www.omrserrature.it\/wp-content\/uploads\/2017\/10\/chiusura-impronta-taglio-cacciavite-forcella.jpg","datePublished":"2011-10-17T12:20:00+00:00","dateModified":"2026-04-08T11:10:10+00:00","breadcrumb":{"@id":"https:\/\/www.omrserrature.it\/es\/producto\/cerradura-destornillador-plano-con-horquilla\/#breadcrumb"},"inLanguage":"es","potentialAction":[{"@type":"ReadAction","target":["https:\/\/www.omrserrature.it\/es\/producto\/cerradura-destornillador-plano-con-horquilla\/"]}]},{"@type":"ImageObject","inLanguage":"es","@id":"https:\/\/www.omrserrature.it\/es\/producto\/cerradura-destornillador-plano-con-horquilla\/#primaryimage","url":"https:\/\/www.omrserrature.it\/wp-content\/uploads\/2017\/10\/chiusura-impronta-taglio-cacciavite-forcella.jpg","contentUrl":"https:\/\/www.omrserrature.it\/wp-content\/uploads\/2017\/10\/chiusura-impronta-taglio-cacciavite-forcella.jpg","width":402,"height":376,"caption":"Cerradura destornillador plano con horquilla"},{"@type":"BreadcrumbList","@id":"https:\/\/www.omrserrature.it\/es\/producto\/cerradura-destornillador-plano-con-horquilla\/#breadcrumb","itemListElement":[{"@type":"ListItem","position":1,"name":"Home","item":"https:\/\/www.omrserrature.it\/es\/omr-cerradiras-y-sistemas-de-cierre\/"},{"@type":"ListItem","position":2,"name":"Cat\u00e1logo","item":"https:\/\/www.omrserrature.it\/catalogo\/?lang=es"},{"@type":"ListItem","position":3,"name":"Productos","item":"https:\/\/www.omrserrature.it\/es\/inventario\/productos\/"},{"@type":"ListItem","position":4,"name":"Cerraduras","item":"https:\/\/www.omrserrature.it\/es\/inventario\/productos\/cerraduras\/"},{"@type":"ListItem","position":5,"name":"cerraduras de 1\/4 de vuelta","item":"https:\/\/www.omrserrature.it\/es\/inventario\/productos\/cerraduras\/cerraduras-de-1-4-de-vuelta\/"},{"@type":"ListItem","position":6,"name":"Cerradura destornillador plano con horquilla"}]},{"@type":"WebSite","@id":"https:\/\/www.omrserrature.it\/es\/#website","url":"https:\/\/www.omrserrature.it\/es\/","name":"OMR Serrature | Produzione sistemi di chiusura","description":"Produzione serrature di sicurezza e sistemi di chiusura","publisher":{"@id":"https:\/\/www.omrserrature.it\/es\/#organization"},"potentialAction":[{"@type":"SearchAction","target":{"@type":"EntryPoint","urlTemplate":"https:\/\/www.omrserrature.it\/es\/?s={search_term_string}"},"query-input":{"@type":"PropertyValueSpecification","valueRequired":true,"valueName":"search_term_string"}}],"inLanguage":"es"},{"@type":"Organization","@id":"https:\/\/www.omrserrature.it\/es\/#organization","name":"OMR Serrature | Produzione sistemi di chiusura","url":"https:\/\/www.omrserrature.it\/es\/","logo":{"@type":"ImageObject","inLanguage":"es","@id":"https:\/\/www.omrserrature.it\/es\/#\/schema\/logo\/image\/","url":"https:\/\/www.omrserrature.it\/wp-content\/uploads\/2017\/09\/favicon-omr-114.png","contentUrl":"https:\/\/www.omrserrature.it\/wp-content\/uploads\/2017\/09\/favicon-omr-114.png","width":114,"height":114,"caption":"OMR Serrature | Produzione sistemi di chiusura"},"image":{"@id":"https:\/\/www.omrserrature.it\/es\/#\/schema\/logo\/image\/"},"sameAs":["https:\/\/www.facebook.com\/OMRserrature","https:\/\/www.linkedin.com\/company\/omrserrature\/","https:\/\/www.youtube.com\/channel\/UCxmA85z2R0EpG_6IRokiAkg"]}]}},"_links":{"self":[{"href":"https:\/\/www.omrserrature.it\/es\/wp-json\/wp\/v2\/product\/243523","targetHints":{"allow":["GET"]}}],"collection":[{"href":"https:\/\/www.omrserrature.it\/es\/wp-json\/wp\/v2\/product"}],"about":[{"href":"https:\/\/www.omrserrature.it\/es\/wp-json\/wp\/v2\/types\/product"}],"replies":[{"embeddable":true,"href":"https:\/\/www.omrserrature.it\/es\/wp-json\/wp\/v2\/comments?post=243523"}],"wp:featuredmedia":[{"embeddable":true,"href":"https:\/\/www.omrserrature.it\/es\/wp-json\/wp\/v2\/media\/3093"}],"wp:attachment":[{"href":"https:\/\/www.omrserrature.it\/es\/wp-json\/wp\/v2\/media?parent=243523"}],"wp:term":[{"taxonomy":"product_brand","embeddable":true,"href":"https:\/\/www.omrserrature.it\/es\/wp-json\/wp\/v2\/product_brand?post=243523"},{"taxonomy":"product_cat","embeddable":true,"href":"https:\/\/www.omrserrature.it\/es\/wp-json\/wp\/v2\/product_cat?post=243523"},{"taxonomy":"product_tag","embeddable":true,"href":"https:\/\/www.omrserrature.it\/es\/wp-json\/wp\/v2\/product_tag?post=243523"}],"curies":[{"name":"wp","href":"https:\/\/api.w.org\/{rel}","templated":true}]}}