{"id":243485,"date":"2023-03-15T12:47:40","date_gmt":"2015-03-23T11:47:00","guid":{"rendered":"https:\/\/www.staging6.omrserrature.it\/prodotto\/llave-con-mango-de-plastico-negro-y-marca-o-m-r\/"},"modified":"2026-04-08T11:13:38","modified_gmt":"2026-04-08T09:13:38","slug":"llave-con-mango-de-plastico-negro-y-marca-o-m-r","status":"publish","type":"product","link":"https:\/\/www.omrserrature.it\/es\/producto\/llave-con-mango-de-plastico-negro-y-marca-o-m-r\/","title":{"rendered":"Llave con mango de pl\u00e1stico negro y marca O.M.R."},"content":{"rendered":"<p>Llave en blanco de lat\u00f3n, con empu\u00f1adura redonda de pl\u00e1stico negro o gris, disponible con la marca OMR o en versi\u00f3n neutra. La entrega incluye dos llaves unidas por un llavero met\u00e1lico. <\/p>\n","protected":false},"excerpt":{"rendered":"<p>Llave en blanco de lat\u00f3n, mango redondo de pl\u00e1stico negro o gris con el logotipo OMR. La entrega incluye dos llaves unidas por un llavero met\u00e1lico. <\/p>\n","protected":false},"featured_media":25595,"comment_status":"open","ping_status":"closed","template":"","meta":{"_acf_changed":false,"_et_pb_use_builder":"","_et_pb_old_content":"","_et_gb_content_width":""},"product_brand":[],"product_cat":[3964],"product_tag":[],"class_list":{"0":"post-243485","1":"product","2":"type-product","3":"status-publish","4":"has-post-thumbnail","6":"product_cat-claves","8":"first","9":"instock","10":"shipping-taxable","11":"purchasable","12":"product-type-variable","13":"has-default-attributes"},"acf":{"pdf1":false},"yoast_head":"<!-- This site is optimized with the Yoast SEO plugin v27.2 - https:\/\/yoast.com\/product\/yoast-seo-wordpress\/ -->\n<title>Llave con mango de pl\u00e1stico negro y marca O.M.R. - OMR Serrature<\/title>\n<meta name=\"robots\" content=\"index, follow, max-snippet:-1, max-image-preview:large, max-video-preview:-1\" \/>\n<link rel=\"canonical\" href=\"https:\/\/www.omrserrature.it\/es\/producto\/llave-con-mango-de-plastico-negro-y-marca-o-m-r\/\" \/>\n<meta property=\"og:locale\" content=\"es_ES\" \/>\n<meta property=\"og:type\" content=\"article\" \/>\n<meta property=\"og:title\" content=\"Llave con mango de pl\u00e1stico negro y marca O.M.R. - OMR Serrature\" \/>\n<meta property=\"og:description\" content=\"Llave en blanco de lat\u00f3n, mango redondo de pl\u00e1stico negro o gris con el logotipo OMR. La entrega incluye dos llaves unidas por un llavero met\u00e1lico.\" \/>\n<meta property=\"og:url\" content=\"https:\/\/www.omrserrature.it\/es\/producto\/llave-con-mango-de-plastico-negro-y-marca-o-m-r\/\" \/>\n<meta property=\"og:site_name\" content=\"OMR Serrature | Produzione sistemi di chiusura\" \/>\n<meta property=\"article:publisher\" content=\"https:\/\/www.facebook.com\/OMRserrature\" \/>\n<meta property=\"article:modified_time\" content=\"2026-04-08T09:13:38+00:00\" \/>\n<meta property=\"og:image\" content=\"https:\/\/www.omrserrature.it\/wp-content\/uploads\/2023\/03\/SIMP00204.jpg\" \/>\n\t<meta property=\"og:image:width\" content=\"1000\" \/>\n\t<meta property=\"og:image:height\" content=\"1000\" \/>\n\t<meta property=\"og:image:type\" content=\"image\/jpeg\" \/>\n<meta name=\"twitter:card\" content=\"summary_large_image\" \/>\n<script type=\"application\/ld+json\" class=\"yoast-schema-graph\">{\"@context\":\"https:\/\/schema.org\",\"@graph\":[{\"@type\":\"WebPage\",\"@id\":\"https:\/\/www.omrserrature.it\/es\/producto\/llave-con-mango-de-plastico-negro-y-marca-o-m-r\/\",\"url\":\"https:\/\/www.omrserrature.it\/es\/producto\/llave-con-mango-de-plastico-negro-y-marca-o-m-r\/\",\"name\":\"Llave con mango de pl\u00e1stico negro y marca O.M.R. - OMR Serrature\",\"isPartOf\":{\"@id\":\"https:\/\/www.omrserrature.it\/es\/#website\"},\"primaryImageOfPage\":{\"@id\":\"https:\/\/www.omrserrature.it\/es\/producto\/llave-con-mango-de-plastico-negro-y-marca-o-m-r\/#primaryimage\"},\"image\":{\"@id\":\"https:\/\/www.omrserrature.it\/es\/producto\/llave-con-mango-de-plastico-negro-y-marca-o-m-r\/#primaryimage\"},\"thumbnailUrl\":\"https:\/\/www.omrserrature.it\/wp-content\/uploads\/2023\/03\/SIMP00204.jpg\",\"datePublished\":\"2015-03-23T11:47:00+00:00\",\"dateModified\":\"2026-04-08T09:13:38+00:00\",\"breadcrumb\":{\"@id\":\"https:\/\/www.omrserrature.it\/es\/producto\/llave-con-mango-de-plastico-negro-y-marca-o-m-r\/#breadcrumb\"},\"inLanguage\":\"es\",\"potentialAction\":[{\"@type\":\"ReadAction\",\"target\":[\"https:\/\/www.omrserrature.it\/es\/producto\/llave-con-mango-de-plastico-negro-y-marca-o-m-r\/\"]}]},{\"@type\":\"ImageObject\",\"inLanguage\":\"es\",\"@id\":\"https:\/\/www.omrserrature.it\/es\/producto\/llave-con-mango-de-plastico-negro-y-marca-o-m-r\/#primaryimage\",\"url\":\"https:\/\/www.omrserrature.it\/wp-content\/uploads\/2023\/03\/SIMP00204.jpg\",\"contentUrl\":\"https:\/\/www.omrserrature.it\/wp-content\/uploads\/2023\/03\/SIMP00204.jpg\",\"width\":1000,\"height\":1000,\"caption\":\"Llave inglesa con mango de pl\u00e1stico negro con logotipo OMR Modelo SIMP00204\"},{\"@type\":\"BreadcrumbList\",\"@id\":\"https:\/\/www.omrserrature.it\/es\/producto\/llave-con-mango-de-plastico-negro-y-marca-o-m-r\/#breadcrumb\",\"itemListElement\":[{\"@type\":\"ListItem\",\"position\":1,\"name\":\"Home\",\"item\":\"https:\/\/www.omrserrature.it\/es\/omr-cerradiras-y-sistemas-de-cierre\/\"},{\"@type\":\"ListItem\",\"position\":2,\"name\":\"Cat\u00e1logo\",\"item\":\"https:\/\/www.omrserrature.it\/catalogo\/?lang=es\"},{\"@type\":\"ListItem\",\"position\":3,\"name\":\"Productos\",\"item\":\"https:\/\/www.omrserrature.it\/es\/inventario\/productos\/\"},{\"@type\":\"ListItem\",\"position\":4,\"name\":\"Cerraduras\",\"item\":\"https:\/\/www.omrserrature.it\/es\/inventario\/productos\/cerraduras\/\"},{\"@type\":\"ListItem\",\"position\":5,\"name\":\"Llave con mango de pl\u00e1stico negro y marca O.M.R.\"}]},{\"@type\":\"WebSite\",\"@id\":\"https:\/\/www.omrserrature.it\/es\/#website\",\"url\":\"https:\/\/www.omrserrature.it\/es\/\",\"name\":\"OMR Serrature | Produzione sistemi di chiusura\",\"description\":\"Produzione serrature di sicurezza e sistemi di chiusura\",\"publisher\":{\"@id\":\"https:\/\/www.omrserrature.it\/es\/#organization\"},\"potentialAction\":[{\"@type\":\"SearchAction\",\"target\":{\"@type\":\"EntryPoint\",\"urlTemplate\":\"https:\/\/www.omrserrature.it\/es\/?s={search_term_string}\"},\"query-input\":{\"@type\":\"PropertyValueSpecification\",\"valueRequired\":true,\"valueName\":\"search_term_string\"}}],\"inLanguage\":\"es\"},{\"@type\":\"Organization\",\"@id\":\"https:\/\/www.omrserrature.it\/es\/#organization\",\"name\":\"OMR Serrature | Produzione sistemi di chiusura\",\"url\":\"https:\/\/www.omrserrature.it\/es\/\",\"logo\":{\"@type\":\"ImageObject\",\"inLanguage\":\"es\",\"@id\":\"https:\/\/www.omrserrature.it\/es\/#\/schema\/logo\/image\/\",\"url\":\"https:\/\/www.omrserrature.it\/wp-content\/uploads\/2017\/09\/favicon-omr-114.png\",\"contentUrl\":\"https:\/\/www.omrserrature.it\/wp-content\/uploads\/2017\/09\/favicon-omr-114.png\",\"width\":114,\"height\":114,\"caption\":\"OMR Serrature | Produzione sistemi di chiusura\"},\"image\":{\"@id\":\"https:\/\/www.omrserrature.it\/es\/#\/schema\/logo\/image\/\"},\"sameAs\":[\"https:\/\/www.facebook.com\/OMRserrature\",\"https:\/\/www.linkedin.com\/company\/omrserrature\/\",\"https:\/\/www.youtube.com\/channel\/UCxmA85z2R0EpG_6IRokiAkg\"]}]}<\/script>\n<!-- \/ Yoast SEO plugin. -->","yoast_head_json":{"title":"Llave con mango de pl\u00e1stico negro y marca O.M.R. - OMR Serrature","robots":{"index":"index","follow":"follow","max-snippet":"max-snippet:-1","max-image-preview":"max-image-preview:large","max-video-preview":"max-video-preview:-1"},"canonical":"https:\/\/www.omrserrature.it\/es\/producto\/llave-con-mango-de-plastico-negro-y-marca-o-m-r\/","og_locale":"es_ES","og_type":"article","og_title":"Llave con mango de pl\u00e1stico negro y marca O.M.R. - OMR Serrature","og_description":"Llave en blanco de lat\u00f3n, mango redondo de pl\u00e1stico negro o gris con el logotipo OMR. La entrega incluye dos llaves unidas por un llavero met\u00e1lico.","og_url":"https:\/\/www.omrserrature.it\/es\/producto\/llave-con-mango-de-plastico-negro-y-marca-o-m-r\/","og_site_name":"OMR Serrature | Produzione sistemi di chiusura","article_publisher":"https:\/\/www.facebook.com\/OMRserrature","article_modified_time":"2026-04-08T09:13:38+00:00","og_image":[{"width":1000,"height":1000,"url":"https:\/\/www.omrserrature.it\/wp-content\/uploads\/2023\/03\/SIMP00204.jpg","type":"image\/jpeg"}],"twitter_card":"summary_large_image","schema":{"@context":"https:\/\/schema.org","@graph":[{"@type":"WebPage","@id":"https:\/\/www.omrserrature.it\/es\/producto\/llave-con-mango-de-plastico-negro-y-marca-o-m-r\/","url":"https:\/\/www.omrserrature.it\/es\/producto\/llave-con-mango-de-plastico-negro-y-marca-o-m-r\/","name":"Llave con mango de pl\u00e1stico negro y marca O.M.R. - OMR Serrature","isPartOf":{"@id":"https:\/\/www.omrserrature.it\/es\/#website"},"primaryImageOfPage":{"@id":"https:\/\/www.omrserrature.it\/es\/producto\/llave-con-mango-de-plastico-negro-y-marca-o-m-r\/#primaryimage"},"image":{"@id":"https:\/\/www.omrserrature.it\/es\/producto\/llave-con-mango-de-plastico-negro-y-marca-o-m-r\/#primaryimage"},"thumbnailUrl":"https:\/\/www.omrserrature.it\/wp-content\/uploads\/2023\/03\/SIMP00204.jpg","datePublished":"2015-03-23T11:47:00+00:00","dateModified":"2026-04-08T09:13:38+00:00","breadcrumb":{"@id":"https:\/\/www.omrserrature.it\/es\/producto\/llave-con-mango-de-plastico-negro-y-marca-o-m-r\/#breadcrumb"},"inLanguage":"es","potentialAction":[{"@type":"ReadAction","target":["https:\/\/www.omrserrature.it\/es\/producto\/llave-con-mango-de-plastico-negro-y-marca-o-m-r\/"]}]},{"@type":"ImageObject","inLanguage":"es","@id":"https:\/\/www.omrserrature.it\/es\/producto\/llave-con-mango-de-plastico-negro-y-marca-o-m-r\/#primaryimage","url":"https:\/\/www.omrserrature.it\/wp-content\/uploads\/2023\/03\/SIMP00204.jpg","contentUrl":"https:\/\/www.omrserrature.it\/wp-content\/uploads\/2023\/03\/SIMP00204.jpg","width":1000,"height":1000,"caption":"Llave inglesa con mango de pl\u00e1stico negro con logotipo OMR Modelo SIMP00204"},{"@type":"BreadcrumbList","@id":"https:\/\/www.omrserrature.it\/es\/producto\/llave-con-mango-de-plastico-negro-y-marca-o-m-r\/#breadcrumb","itemListElement":[{"@type":"ListItem","position":1,"name":"Home","item":"https:\/\/www.omrserrature.it\/es\/omr-cerradiras-y-sistemas-de-cierre\/"},{"@type":"ListItem","position":2,"name":"Cat\u00e1logo","item":"https:\/\/www.omrserrature.it\/catalogo\/?lang=es"},{"@type":"ListItem","position":3,"name":"Productos","item":"https:\/\/www.omrserrature.it\/es\/inventario\/productos\/"},{"@type":"ListItem","position":4,"name":"Cerraduras","item":"https:\/\/www.omrserrature.it\/es\/inventario\/productos\/cerraduras\/"},{"@type":"ListItem","position":5,"name":"Llave con mango de pl\u00e1stico negro y marca O.M.R."}]},{"@type":"WebSite","@id":"https:\/\/www.omrserrature.it\/es\/#website","url":"https:\/\/www.omrserrature.it\/es\/","name":"OMR Serrature | Produzione sistemi di chiusura","description":"Produzione serrature di sicurezza e sistemi di chiusura","publisher":{"@id":"https:\/\/www.omrserrature.it\/es\/#organization"},"potentialAction":[{"@type":"SearchAction","target":{"@type":"EntryPoint","urlTemplate":"https:\/\/www.omrserrature.it\/es\/?s={search_term_string}"},"query-input":{"@type":"PropertyValueSpecification","valueRequired":true,"valueName":"search_term_string"}}],"inLanguage":"es"},{"@type":"Organization","@id":"https:\/\/www.omrserrature.it\/es\/#organization","name":"OMR Serrature | Produzione sistemi di chiusura","url":"https:\/\/www.omrserrature.it\/es\/","logo":{"@type":"ImageObject","inLanguage":"es","@id":"https:\/\/www.omrserrature.it\/es\/#\/schema\/logo\/image\/","url":"https:\/\/www.omrserrature.it\/wp-content\/uploads\/2017\/09\/favicon-omr-114.png","contentUrl":"https:\/\/www.omrserrature.it\/wp-content\/uploads\/2017\/09\/favicon-omr-114.png","width":114,"height":114,"caption":"OMR Serrature | Produzione sistemi di chiusura"},"image":{"@id":"https:\/\/www.omrserrature.it\/es\/#\/schema\/logo\/image\/"},"sameAs":["https:\/\/www.facebook.com\/OMRserrature","https:\/\/www.linkedin.com\/company\/omrserrature\/","https:\/\/www.youtube.com\/channel\/UCxmA85z2R0EpG_6IRokiAkg"]}]}},"_links":{"self":[{"href":"https:\/\/www.omrserrature.it\/es\/wp-json\/wp\/v2\/product\/243485","targetHints":{"allow":["GET"]}}],"collection":[{"href":"https:\/\/www.omrserrature.it\/es\/wp-json\/wp\/v2\/product"}],"about":[{"href":"https:\/\/www.omrserrature.it\/es\/wp-json\/wp\/v2\/types\/product"}],"replies":[{"embeddable":true,"href":"https:\/\/www.omrserrature.it\/es\/wp-json\/wp\/v2\/comments?post=243485"}],"wp:featuredmedia":[{"embeddable":true,"href":"https:\/\/www.omrserrature.it\/es\/wp-json\/wp\/v2\/media\/25595"}],"wp:attachment":[{"href":"https:\/\/www.omrserrature.it\/es\/wp-json\/wp\/v2\/media?parent=243485"}],"wp:term":[{"taxonomy":"product_brand","embeddable":true,"href":"https:\/\/www.omrserrature.it\/es\/wp-json\/wp\/v2\/product_brand?post=243485"},{"taxonomy":"product_cat","embeddable":true,"href":"https:\/\/www.omrserrature.it\/es\/wp-json\/wp\/v2\/product_cat?post=243485"},{"taxonomy":"product_tag","embeddable":true,"href":"https:\/\/www.omrserrature.it\/es\/wp-json\/wp\/v2\/product_tag?post=243485"}],"curies":[{"name":"wp","href":"https:\/\/api.w.org\/{rel}","templated":true}]}}