{"id":243478,"date":"2021-03-01T15:05:42","date_gmt":"2001-03-21T14:05:00","guid":{"rendered":"https:\/\/www.staging6.omrserrature.it\/prodotto\/tarjetas-rfid-mifare\/"},"modified":"2026-04-08T11:33:36","modified_gmt":"2026-04-08T09:33:36","slug":"tarjetas-rfid-mifare","status":"publish","type":"product","link":"https:\/\/www.omrserrature.it\/es\/producto\/tarjetas-rfid-mifare\/","title":{"rendered":"Tarjetas RFID Mifare"},"content":{"rendered":"<p>La tarjeta Mifare es una tarjeta RFID con una frecuencia de 13,56 mHz que se utiliza en diversas aplicaciones en <strong>sistemas de control de acceso<\/strong>. Estas tarjetas pueden utilizarse para accionar la cerradura electr\u00f3nica Hellock Mifare, en versiones s\u00f3lo Mifare y Mifare + PIN. <\/p>\n<p>Como alternativa a las tarjetas de identificaci\u00f3n, se pueden utilizar pulseras RFID, llaveros, etiquetas y otros dispositivos totalmente personalizables para abrir y cerrar cerraduras <strong>sin<\/strong> <strong>llaves<\/strong> y <strong>sin<\/strong> introducir un <strong>c\u00f3digo<\/strong>.<\/p>\n<p>Como dispositivos <strong>aut\u00f3nomos<\/strong>, nuestras cerraduras electr\u00f3nicas Hellock pueden integrarse f\u00e1cilmente en entornos en los que ya existen sistemas de control de acceso. Gracias a la funci\u00f3n de <strong>autoaprendizaje<\/strong> que no requiere configuraci\u00f3n ni programaci\u00f3n, las grandes empresas, f\u00e1bricas o grandes complejos industriales en los que se utilizan <strong>tarjetas de identificaci\u00f3n de empresa<\/strong>, gimnasios y centros deportivos pueden integrar nuestra cerradura electr\u00f3nica de forma f\u00e1cil e independiente. <\/p>\n","protected":false},"excerpt":{"rendered":"<p>La tarjeta Mifare es una tarjeta RFID con una frecuencia de 13,56 mHz que se utiliza en diversas aplicaciones en sistemas de control de acceso. Estas tarjetas pueden utilizarse para accionar la cerradura electr\u00f3nica Hellock Mifare, en versiones s\u00f3lo Mifare y Mifare + PIN. <\/p>\n","protected":false},"featured_media":25043,"comment_status":"open","ping_status":"closed","template":"","meta":{"_acf_changed":false,"_et_pb_use_builder":"","_et_pb_old_content":"","_et_gb_content_width":""},"product_brand":[],"product_cat":[3971],"product_tag":[],"class_list":{"0":"post-243478","1":"product","2":"type-product","3":"status-publish","4":"has-post-thumbnail","6":"product_cat-accesorios-para-cerraduras-electricas-y-electronicas","8":"first","9":"instock","10":"shipping-taxable","11":"product-type-simple"},"acf":{"pdf1":false},"yoast_head":"<!-- This site is optimized with the Yoast SEO plugin v27.5 - https:\/\/yoast.com\/product\/yoast-seo-wordpress\/ -->\n<title>Tarjetas RFID Mifare - OMR Serrature<\/title>\n<meta name=\"robots\" content=\"index, follow, max-snippet:-1, max-image-preview:large, max-video-preview:-1\" \/>\n<link rel=\"canonical\" href=\"https:\/\/www.omrserrature.it\/es\/producto\/tarjetas-rfid-mifare\/\" \/>\n<meta property=\"og:locale\" content=\"es_ES\" \/>\n<meta property=\"og:type\" content=\"article\" \/>\n<meta property=\"og:title\" content=\"Tarjetas RFID Mifare - OMR Serrature\" \/>\n<meta property=\"og:description\" content=\"La tarjeta Mifare es una tarjeta RFID con una frecuencia de 13,56 mHz que se utiliza en diversas aplicaciones en sistemas de control de acceso. Estas tarjetas pueden utilizarse para accionar la cerradura electr\u00f3nica Hellock Mifare, en versiones s\u00f3lo Mifare y Mifare + PIN.\" \/>\n<meta property=\"og:url\" content=\"https:\/\/www.omrserrature.it\/es\/producto\/tarjetas-rfid-mifare\/\" \/>\n<meta property=\"og:site_name\" content=\"OMR Serrature | Produzione sistemi di chiusura\" \/>\n<meta property=\"article:publisher\" content=\"https:\/\/www.facebook.com\/OMRserrature\" \/>\n<meta property=\"article:modified_time\" content=\"2026-04-08T09:33:36+00:00\" \/>\n<meta property=\"og:image\" content=\"https:\/\/www.omrserrature.it\/wp-content\/uploads\/2021\/03\/rFID.jpg\" \/>\n\t<meta property=\"og:image:width\" content=\"1000\" \/>\n\t<meta property=\"og:image:height\" content=\"1000\" \/>\n\t<meta property=\"og:image:type\" content=\"image\/jpeg\" \/>\n<meta name=\"twitter:card\" content=\"summary_large_image\" \/>\n<meta name=\"twitter:label1\" content=\"Tiempo de lectura\" \/>\n\t<meta name=\"twitter:data1\" content=\"1 minuto\" \/>\n<script type=\"application\/ld+json\" class=\"yoast-schema-graph\">{\"@context\":\"https:\\\/\\\/schema.org\",\"@graph\":[{\"@type\":\"WebPage\",\"@id\":\"https:\\\/\\\/www.omrserrature.it\\\/es\\\/producto\\\/tarjetas-rfid-mifare\\\/\",\"url\":\"https:\\\/\\\/www.omrserrature.it\\\/es\\\/producto\\\/tarjetas-rfid-mifare\\\/\",\"name\":\"Tarjetas RFID Mifare - OMR Serrature\",\"isPartOf\":{\"@id\":\"https:\\\/\\\/www.omrserrature.it\\\/es\\\/#website\"},\"primaryImageOfPage\":{\"@id\":\"https:\\\/\\\/www.omrserrature.it\\\/es\\\/producto\\\/tarjetas-rfid-mifare\\\/#primaryimage\"},\"image\":{\"@id\":\"https:\\\/\\\/www.omrserrature.it\\\/es\\\/producto\\\/tarjetas-rfid-mifare\\\/#primaryimage\"},\"thumbnailUrl\":\"https:\\\/\\\/www.omrserrature.it\\\/wp-content\\\/uploads\\\/2021\\\/03\\\/rFID.jpg\",\"datePublished\":\"2001-03-21T14:05:00+00:00\",\"dateModified\":\"2026-04-08T09:33:36+00:00\",\"breadcrumb\":{\"@id\":\"https:\\\/\\\/www.omrserrature.it\\\/es\\\/producto\\\/tarjetas-rfid-mifare\\\/#breadcrumb\"},\"inLanguage\":\"es\",\"potentialAction\":[{\"@type\":\"ReadAction\",\"target\":[\"https:\\\/\\\/www.omrserrature.it\\\/es\\\/producto\\\/tarjetas-rfid-mifare\\\/\"]}]},{\"@type\":\"ImageObject\",\"inLanguage\":\"es\",\"@id\":\"https:\\\/\\\/www.omrserrature.it\\\/es\\\/producto\\\/tarjetas-rfid-mifare\\\/#primaryimage\",\"url\":\"https:\\\/\\\/www.omrserrature.it\\\/wp-content\\\/uploads\\\/2021\\\/03\\\/rFID.jpg\",\"contentUrl\":\"https:\\\/\\\/www.omrserrature.it\\\/wp-content\\\/uploads\\\/2021\\\/03\\\/rFID.jpg\",\"width\":1000,\"height\":1000,\"caption\":\"Llave rFID para cerradura inteligente HELLOCK\"},{\"@type\":\"BreadcrumbList\",\"@id\":\"https:\\\/\\\/www.omrserrature.it\\\/es\\\/producto\\\/tarjetas-rfid-mifare\\\/#breadcrumb\",\"itemListElement\":[{\"@type\":\"ListItem\",\"position\":1,\"name\":\"Home\",\"item\":\"https:\\\/\\\/www.omrserrature.it\\\/es\\\/omr-cerradiras-y-sistemas-de-cierre\\\/\"},{\"@type\":\"ListItem\",\"position\":2,\"name\":\"Cat\u00e1logo\",\"item\":\"https:\\\/\\\/www.omrserrature.it\\\/catalogo\\\/?lang=es\"},{\"@type\":\"ListItem\",\"position\":3,\"name\":\"Productos\",\"item\":\"https:\\\/\\\/www.omrserrature.it\\\/es\\\/inventario\\\/productos\\\/\"},{\"@type\":\"ListItem\",\"position\":4,\"name\":\"Accesorios y recambios\",\"item\":\"https:\\\/\\\/www.omrserrature.it\\\/es\\\/inventario\\\/productos\\\/accesorios-y-recambios\\\/\"},{\"@type\":\"ListItem\",\"position\":5,\"name\":\"Accesorios para cerraduras el\u00e9ctricas y electr\u00f3nicas\",\"item\":\"https:\\\/\\\/www.omrserrature.it\\\/es\\\/inventario\\\/productos\\\/accesorios-y-recambios\\\/accesorios-para-cerraduras-electricas-y-electronicas\\\/\"},{\"@type\":\"ListItem\",\"position\":6,\"name\":\"Tarjetas RFID Mifare\"}]},{\"@type\":\"WebSite\",\"@id\":\"https:\\\/\\\/www.omrserrature.it\\\/es\\\/#website\",\"url\":\"https:\\\/\\\/www.omrserrature.it\\\/es\\\/\",\"name\":\"OMR Serrature | Produzione sistemi di chiusura\",\"description\":\"Produzione serrature di sicurezza e sistemi di chiusura\",\"publisher\":{\"@id\":\"https:\\\/\\\/www.omrserrature.it\\\/es\\\/#organization\"},\"potentialAction\":[{\"@type\":\"SearchAction\",\"target\":{\"@type\":\"EntryPoint\",\"urlTemplate\":\"https:\\\/\\\/www.omrserrature.it\\\/es\\\/?s={search_term_string}\"},\"query-input\":{\"@type\":\"PropertyValueSpecification\",\"valueRequired\":true,\"valueName\":\"search_term_string\"}}],\"inLanguage\":\"es\"},{\"@type\":\"Organization\",\"@id\":\"https:\\\/\\\/www.omrserrature.it\\\/es\\\/#organization\",\"name\":\"OMR Serrature | Produzione sistemi di chiusura\",\"url\":\"https:\\\/\\\/www.omrserrature.it\\\/es\\\/\",\"logo\":{\"@type\":\"ImageObject\",\"inLanguage\":\"es\",\"@id\":\"https:\\\/\\\/www.omrserrature.it\\\/es\\\/#\\\/schema\\\/logo\\\/image\\\/\",\"url\":\"https:\\\/\\\/www.omrserrature.it\\\/wp-content\\\/uploads\\\/2017\\\/09\\\/favicon-omr-114.png\",\"contentUrl\":\"https:\\\/\\\/www.omrserrature.it\\\/wp-content\\\/uploads\\\/2017\\\/09\\\/favicon-omr-114.png\",\"width\":114,\"height\":114,\"caption\":\"OMR Serrature | Produzione sistemi di chiusura\"},\"image\":{\"@id\":\"https:\\\/\\\/www.omrserrature.it\\\/es\\\/#\\\/schema\\\/logo\\\/image\\\/\"},\"sameAs\":[\"https:\\\/\\\/www.facebook.com\\\/OMRserrature\",\"https:\\\/\\\/www.linkedin.com\\\/company\\\/omrserrature\\\/\",\"https:\\\/\\\/www.youtube.com\\\/channel\\\/UCxmA85z2R0EpG_6IRokiAkg\"]}]}<\/script>\n<!-- \/ Yoast SEO plugin. -->","yoast_head_json":{"title":"Tarjetas RFID Mifare - OMR Serrature","robots":{"index":"index","follow":"follow","max-snippet":"max-snippet:-1","max-image-preview":"max-image-preview:large","max-video-preview":"max-video-preview:-1"},"canonical":"https:\/\/www.omrserrature.it\/es\/producto\/tarjetas-rfid-mifare\/","og_locale":"es_ES","og_type":"article","og_title":"Tarjetas RFID Mifare - OMR Serrature","og_description":"La tarjeta Mifare es una tarjeta RFID con una frecuencia de 13,56 mHz que se utiliza en diversas aplicaciones en sistemas de control de acceso. Estas tarjetas pueden utilizarse para accionar la cerradura electr\u00f3nica Hellock Mifare, en versiones s\u00f3lo Mifare y Mifare + PIN.","og_url":"https:\/\/www.omrserrature.it\/es\/producto\/tarjetas-rfid-mifare\/","og_site_name":"OMR Serrature | Produzione sistemi di chiusura","article_publisher":"https:\/\/www.facebook.com\/OMRserrature","article_modified_time":"2026-04-08T09:33:36+00:00","og_image":[{"width":1000,"height":1000,"url":"https:\/\/www.omrserrature.it\/wp-content\/uploads\/2021\/03\/rFID.jpg","type":"image\/jpeg"}],"twitter_card":"summary_large_image","twitter_misc":{"Tiempo de lectura":"1 minuto"},"schema":{"@context":"https:\/\/schema.org","@graph":[{"@type":"WebPage","@id":"https:\/\/www.omrserrature.it\/es\/producto\/tarjetas-rfid-mifare\/","url":"https:\/\/www.omrserrature.it\/es\/producto\/tarjetas-rfid-mifare\/","name":"Tarjetas RFID Mifare - OMR Serrature","isPartOf":{"@id":"https:\/\/www.omrserrature.it\/es\/#website"},"primaryImageOfPage":{"@id":"https:\/\/www.omrserrature.it\/es\/producto\/tarjetas-rfid-mifare\/#primaryimage"},"image":{"@id":"https:\/\/www.omrserrature.it\/es\/producto\/tarjetas-rfid-mifare\/#primaryimage"},"thumbnailUrl":"https:\/\/www.omrserrature.it\/wp-content\/uploads\/2021\/03\/rFID.jpg","datePublished":"2001-03-21T14:05:00+00:00","dateModified":"2026-04-08T09:33:36+00:00","breadcrumb":{"@id":"https:\/\/www.omrserrature.it\/es\/producto\/tarjetas-rfid-mifare\/#breadcrumb"},"inLanguage":"es","potentialAction":[{"@type":"ReadAction","target":["https:\/\/www.omrserrature.it\/es\/producto\/tarjetas-rfid-mifare\/"]}]},{"@type":"ImageObject","inLanguage":"es","@id":"https:\/\/www.omrserrature.it\/es\/producto\/tarjetas-rfid-mifare\/#primaryimage","url":"https:\/\/www.omrserrature.it\/wp-content\/uploads\/2021\/03\/rFID.jpg","contentUrl":"https:\/\/www.omrserrature.it\/wp-content\/uploads\/2021\/03\/rFID.jpg","width":1000,"height":1000,"caption":"Llave rFID para cerradura inteligente HELLOCK"},{"@type":"BreadcrumbList","@id":"https:\/\/www.omrserrature.it\/es\/producto\/tarjetas-rfid-mifare\/#breadcrumb","itemListElement":[{"@type":"ListItem","position":1,"name":"Home","item":"https:\/\/www.omrserrature.it\/es\/omr-cerradiras-y-sistemas-de-cierre\/"},{"@type":"ListItem","position":2,"name":"Cat\u00e1logo","item":"https:\/\/www.omrserrature.it\/catalogo\/?lang=es"},{"@type":"ListItem","position":3,"name":"Productos","item":"https:\/\/www.omrserrature.it\/es\/inventario\/productos\/"},{"@type":"ListItem","position":4,"name":"Accesorios y recambios","item":"https:\/\/www.omrserrature.it\/es\/inventario\/productos\/accesorios-y-recambios\/"},{"@type":"ListItem","position":5,"name":"Accesorios para cerraduras el\u00e9ctricas y electr\u00f3nicas","item":"https:\/\/www.omrserrature.it\/es\/inventario\/productos\/accesorios-y-recambios\/accesorios-para-cerraduras-electricas-y-electronicas\/"},{"@type":"ListItem","position":6,"name":"Tarjetas RFID Mifare"}]},{"@type":"WebSite","@id":"https:\/\/www.omrserrature.it\/es\/#website","url":"https:\/\/www.omrserrature.it\/es\/","name":"OMR Serrature | Produzione sistemi di chiusura","description":"Produzione serrature di sicurezza e sistemi di chiusura","publisher":{"@id":"https:\/\/www.omrserrature.it\/es\/#organization"},"potentialAction":[{"@type":"SearchAction","target":{"@type":"EntryPoint","urlTemplate":"https:\/\/www.omrserrature.it\/es\/?s={search_term_string}"},"query-input":{"@type":"PropertyValueSpecification","valueRequired":true,"valueName":"search_term_string"}}],"inLanguage":"es"},{"@type":"Organization","@id":"https:\/\/www.omrserrature.it\/es\/#organization","name":"OMR Serrature | Produzione sistemi di chiusura","url":"https:\/\/www.omrserrature.it\/es\/","logo":{"@type":"ImageObject","inLanguage":"es","@id":"https:\/\/www.omrserrature.it\/es\/#\/schema\/logo\/image\/","url":"https:\/\/www.omrserrature.it\/wp-content\/uploads\/2017\/09\/favicon-omr-114.png","contentUrl":"https:\/\/www.omrserrature.it\/wp-content\/uploads\/2017\/09\/favicon-omr-114.png","width":114,"height":114,"caption":"OMR Serrature | Produzione sistemi di chiusura"},"image":{"@id":"https:\/\/www.omrserrature.it\/es\/#\/schema\/logo\/image\/"},"sameAs":["https:\/\/www.facebook.com\/OMRserrature","https:\/\/www.linkedin.com\/company\/omrserrature\/","https:\/\/www.youtube.com\/channel\/UCxmA85z2R0EpG_6IRokiAkg"]}]}},"_links":{"self":[{"href":"https:\/\/www.omrserrature.it\/es\/wp-json\/wp\/v2\/product\/243478","targetHints":{"allow":["GET"]}}],"collection":[{"href":"https:\/\/www.omrserrature.it\/es\/wp-json\/wp\/v2\/product"}],"about":[{"href":"https:\/\/www.omrserrature.it\/es\/wp-json\/wp\/v2\/types\/product"}],"replies":[{"embeddable":true,"href":"https:\/\/www.omrserrature.it\/es\/wp-json\/wp\/v2\/comments?post=243478"}],"wp:featuredmedia":[{"embeddable":true,"href":"https:\/\/www.omrserrature.it\/es\/wp-json\/wp\/v2\/media\/25043"}],"wp:attachment":[{"href":"https:\/\/www.omrserrature.it\/es\/wp-json\/wp\/v2\/media?parent=243478"}],"wp:term":[{"taxonomy":"product_brand","embeddable":true,"href":"https:\/\/www.omrserrature.it\/es\/wp-json\/wp\/v2\/product_brand?post=243478"},{"taxonomy":"product_cat","embeddable":true,"href":"https:\/\/www.omrserrature.it\/es\/wp-json\/wp\/v2\/product_cat?post=243478"},{"taxonomy":"product_tag","embeddable":true,"href":"https:\/\/www.omrserrature.it\/es\/wp-json\/wp\/v2\/product_tag?post=243478"}],"curies":[{"name":"wp","href":"https:\/\/api.w.org\/{rel}","templated":true}]}}