{"id":243450,"date":"2017-10-06T09:56:06","date_gmt":"2006-10-17T07:56:00","guid":{"rendered":"https:\/\/www.staging6.omrserrature.it\/prodotto\/bloqueo-de-gato-reprogramable\/"},"modified":"2026-04-08T13:12:53","modified_gmt":"2026-04-08T11:12:53","slug":"bloqueo-de-gato-reprogramable","status":"publish","type":"product","link":"https:\/\/www.omrserrature.it\/es\/producto\/bloqueo-de-gato-reprogramable\/","title":{"rendered":"Bloqueo de gato reprogramable"},"content":{"rendered":"<p>La Cerradura Jack con llaves de leva se caracteriza por la posici\u00f3n <strong>radial<\/strong> de los pasadores de lat\u00f3n y la posibilidad de cambiar las 5 combinaciones infinitamente a voluntad. La llave de reprogramaci\u00f3n (con la puerta abierta) tambi\u00e9n puede ser utilizada por el titular como <strong>llave maestra<\/strong>. La inconfundible <strong>forma ergon\u00f3mica de la llave roja<\/strong> <strong>s\u00f3lo puede duplicarse en nuestra empresa<\/strong>, garantizando un <strong>alto grado de seguridad<\/strong>, adem\u00e1s de servir como pr\u00e1ctico Tirador. El bombin tambin presenta un saliente en la parte delantera para contrarrestar tcnicas de robo como el uso de un taladro. <\/p>\n<p>El cuerpo met\u00e1lico fundido a presi\u00f3n est\u00e1 protegido por una virola de <strong>acero antipellizco<\/strong> y la extracci\u00f3n de la llave, s\u00f3lo en posici\u00f3n cerrada, garantiza una mayor atenci\u00f3n del operario. Su enganche de lazo trasero tambi\u00e9n permite instalar diversas <strong>palancas rectas, dobladas o de gancho<\/strong>, sin olvidar la posibilidad de acoplar balancines para el movimiento de las varillas o mandos de <strong>cierre m\u00faltiples y centralizados<\/strong>.<\/p>\n<p>La <strong>llave especial<\/strong> reprogramable<strong>\u00abBloqueo Jack<\/strong>\u00bb es adecuada para aplicaciones de cierre seguro en las que se requieren<strong> cambios frecuentes de usuario<\/strong>, como en el mercado<strong>del ocio<\/strong>, las <strong>m\u00e1quinas de caf\u00e9<\/strong>, los <strong>cajeros autom\u00e1ticos<\/strong> o las <strong>cajas de llaves<\/strong> utilizadas por los t\u00e9cnicos de mantenimiento.<\/p>\n","protected":false},"excerpt":{"rendered":"<p><strong>La cerradura reprogramable con llave Jack<\/strong> se caracteriza por la posici\u00f3n radial de los pitones de lat\u00f3n y la posibilidad de cambiar las 5 combinaciones tantas veces como se desee.<\/p>\n<p>Una soluci\u00f3n <strong>pr\u00e1ctica y<\/strong> segura, adecuada para aplicaciones de cierre seguro en las que se requieren <strong>cambios frecuentes de usuarios<\/strong>.<\/p>\n","protected":false},"featured_media":3039,"comment_status":"open","ping_status":"closed","template":"","meta":{"_acf_changed":false,"_et_pb_use_builder":"","_et_pb_old_content":"","_et_gb_content_width":""},"product_brand":[],"product_cat":[3995,3985,3989,3887,3980,3912,3884,3920,3907,3906,3921,3894,3895,3910,3911,3881,3945,3930,3983,3960],"product_tag":[],"class_list":{"0":"post-243450","1":"product","2":"type-product","3":"status-publish","4":"has-post-thumbnail","6":"product_cat-arquitectura-urbanismo-y-diseno","7":"product_cat-automocion-y-transporte","8":"product_cat-banca-y-correos","9":"product_cat-cerraduras-de-maquinas","10":"product_cat-cerraduras-de-palanca","11":"product_cat-cerraduras-de-puertas","12":"product_cat-cerraduras-de-seguridad","13":"product_cat-cerraduras-de-seguridad-para-muebles","14":"product_cat-cerraduras-para-armeros","15":"product_cat-cerraduras-para-cajas-fuertes","16":"product_cat-cerraduras-para-carrocerias-frigorificas","17":"product_cat-cerraduras-para-interruptores","18":"product_cat-cerraduras-para-la-industria-electromecanica","19":"product_cat-cerraduras-para-maquinas-expendedoras","20":"product_cat-cerraduras-para-maquinas-recreativas","21":"product_cat-cerraduras-profesionales-para-muebles","22":"product_cat-cerraduras-reprogramables","23":"product_cat-cerraduras-universales-de-pernos","24":"product_cat-sistemas-de-cierre-de-seguridad","25":"product_cat-una-llave-especial","27":"first","28":"instock","29":"shipping-taxable","30":"purchasable","31":"product-type-variable","32":"has-default-attributes"},"acf":{"pdf1":"https:\/\/www.omrserrature.it\/wp-content\/uploads\/2025\/10\/Scheda-100755KD.pdf"},"yoast_head":"<!-- This site is optimized with the Yoast SEO plugin v27.2 - https:\/\/yoast.com\/product\/yoast-seo-wordpress\/ -->\n<title>Bloqueo de gato reprogramable - OMR Serrature<\/title>\n<meta name=\"robots\" content=\"index, follow, max-snippet:-1, max-image-preview:large, max-video-preview:-1\" \/>\n<link rel=\"canonical\" href=\"https:\/\/www.omrserrature.it\/es\/producto\/bloqueo-de-gato-reprogramable\/\" \/>\n<meta property=\"og:locale\" content=\"es_ES\" \/>\n<meta property=\"og:type\" content=\"article\" \/>\n<meta property=\"og:title\" content=\"Bloqueo de gato reprogramable - OMR Serrature\" \/>\n<meta property=\"og:description\" content=\"La cerradura reprogramable con llave Jack se caracteriza por la posici\u00f3n radial de los pitones de lat\u00f3n y la posibilidad de cambiar las 5 combinaciones tantas veces como se desee. Una soluci\u00f3n pr\u00e1ctica y segura, adecuada para aplicaciones de cierre seguro en las que se requieren cambios frecuentes de usuarios.\" \/>\n<meta property=\"og:url\" content=\"https:\/\/www.omrserrature.it\/es\/producto\/bloqueo-de-gato-reprogramable\/\" \/>\n<meta property=\"og:site_name\" content=\"OMR Serrature | Produzione sistemi di chiusura\" \/>\n<meta property=\"article:publisher\" content=\"https:\/\/www.facebook.com\/OMRserrature\" \/>\n<meta property=\"article:modified_time\" content=\"2026-04-08T11:12:53+00:00\" \/>\n<meta property=\"og:image\" content=\"https:\/\/www.omrserrature.it\/wp-content\/uploads\/2017\/10\/blocchetto-jack-riprogrammabile.jpg\" \/>\n\t<meta property=\"og:image:width\" content=\"752\" \/>\n\t<meta property=\"og:image:height\" content=\"397\" \/>\n\t<meta property=\"og:image:type\" content=\"image\/jpeg\" \/>\n<meta name=\"twitter:card\" content=\"summary_large_image\" \/>\n<meta name=\"twitter:label1\" content=\"Tiempo de lectura\" \/>\n\t<meta name=\"twitter:data1\" content=\"1 minuto\" \/>\n<script type=\"application\/ld+json\" class=\"yoast-schema-graph\">{\"@context\":\"https:\/\/schema.org\",\"@graph\":[{\"@type\":\"WebPage\",\"@id\":\"https:\/\/www.omrserrature.it\/es\/producto\/bloqueo-de-gato-reprogramable\/\",\"url\":\"https:\/\/www.omrserrature.it\/es\/producto\/bloqueo-de-gato-reprogramable\/\",\"name\":\"Bloqueo de gato reprogramable - OMR Serrature\",\"isPartOf\":{\"@id\":\"https:\/\/www.omrserrature.it\/es\/#website\"},\"primaryImageOfPage\":{\"@id\":\"https:\/\/www.omrserrature.it\/es\/producto\/bloqueo-de-gato-reprogramable\/#primaryimage\"},\"image\":{\"@id\":\"https:\/\/www.omrserrature.it\/es\/producto\/bloqueo-de-gato-reprogramable\/#primaryimage\"},\"thumbnailUrl\":\"https:\/\/www.omrserrature.it\/wp-content\/uploads\/2017\/10\/blocchetto-jack-riprogrammabile.jpg\",\"datePublished\":\"2006-10-17T07:56:00+00:00\",\"dateModified\":\"2026-04-08T11:12:53+00:00\",\"breadcrumb\":{\"@id\":\"https:\/\/www.omrserrature.it\/es\/producto\/bloqueo-de-gato-reprogramable\/#breadcrumb\"},\"inLanguage\":\"es\",\"potentialAction\":[{\"@type\":\"ReadAction\",\"target\":[\"https:\/\/www.omrserrature.it\/es\/producto\/bloqueo-de-gato-reprogramable\/\"]}]},{\"@type\":\"ImageObject\",\"inLanguage\":\"es\",\"@id\":\"https:\/\/www.omrserrature.it\/es\/producto\/bloqueo-de-gato-reprogramable\/#primaryimage\",\"url\":\"https:\/\/www.omrserrature.it\/wp-content\/uploads\/2017\/10\/blocchetto-jack-riprogrammabile.jpg\",\"contentUrl\":\"https:\/\/www.omrserrature.it\/wp-content\/uploads\/2017\/10\/blocchetto-jack-riprogrammabile.jpg\",\"width\":752,\"height\":397,\"caption\":\"Bloqueo de pistones radiales reprogramable - Apertura de la cerradura de gato reprogramable con llave roja\"},{\"@type\":\"BreadcrumbList\",\"@id\":\"https:\/\/www.omrserrature.it\/es\/producto\/bloqueo-de-gato-reprogramable\/#breadcrumb\",\"itemListElement\":[{\"@type\":\"ListItem\",\"position\":1,\"name\":\"Home\",\"item\":\"https:\/\/www.omrserrature.it\/es\/omr-cerradiras-y-sistemas-de-cierre\/\"},{\"@type\":\"ListItem\",\"position\":2,\"name\":\"Cat\u00e1logo\",\"item\":\"https:\/\/www.omrserrature.it\/catalogo\/?lang=es\"},{\"@type\":\"ListItem\",\"position\":3,\"name\":\"Aplicaciones\",\"item\":\"https:\/\/www.omrserrature.it\/es\/inventario\/aplicaciones\/\"},{\"@type\":\"ListItem\",\"position\":4,\"name\":\"Cerraduras de seguridad\",\"item\":\"https:\/\/www.omrserrature.it\/es\/inventario\/aplicaciones\/cerraduras-de-seguridad\/\"},{\"@type\":\"ListItem\",\"position\":5,\"name\":\"Bloqueo de gato reprogramable\"}]},{\"@type\":\"WebSite\",\"@id\":\"https:\/\/www.omrserrature.it\/es\/#website\",\"url\":\"https:\/\/www.omrserrature.it\/es\/\",\"name\":\"OMR Serrature | Produzione sistemi di chiusura\",\"description\":\"Produzione serrature di sicurezza e sistemi di chiusura\",\"publisher\":{\"@id\":\"https:\/\/www.omrserrature.it\/es\/#organization\"},\"potentialAction\":[{\"@type\":\"SearchAction\",\"target\":{\"@type\":\"EntryPoint\",\"urlTemplate\":\"https:\/\/www.omrserrature.it\/es\/?s={search_term_string}\"},\"query-input\":{\"@type\":\"PropertyValueSpecification\",\"valueRequired\":true,\"valueName\":\"search_term_string\"}}],\"inLanguage\":\"es\"},{\"@type\":\"Organization\",\"@id\":\"https:\/\/www.omrserrature.it\/es\/#organization\",\"name\":\"OMR Serrature | Produzione sistemi di chiusura\",\"url\":\"https:\/\/www.omrserrature.it\/es\/\",\"logo\":{\"@type\":\"ImageObject\",\"inLanguage\":\"es\",\"@id\":\"https:\/\/www.omrserrature.it\/es\/#\/schema\/logo\/image\/\",\"url\":\"https:\/\/www.omrserrature.it\/wp-content\/uploads\/2017\/09\/favicon-omr-114.png\",\"contentUrl\":\"https:\/\/www.omrserrature.it\/wp-content\/uploads\/2017\/09\/favicon-omr-114.png\",\"width\":114,\"height\":114,\"caption\":\"OMR Serrature | Produzione sistemi di chiusura\"},\"image\":{\"@id\":\"https:\/\/www.omrserrature.it\/es\/#\/schema\/logo\/image\/\"},\"sameAs\":[\"https:\/\/www.facebook.com\/OMRserrature\",\"https:\/\/www.linkedin.com\/company\/omrserrature\/\",\"https:\/\/www.youtube.com\/channel\/UCxmA85z2R0EpG_6IRokiAkg\"]}]}<\/script>\n<!-- \/ Yoast SEO plugin. -->","yoast_head_json":{"title":"Bloqueo de gato reprogramable - OMR Serrature","robots":{"index":"index","follow":"follow","max-snippet":"max-snippet:-1","max-image-preview":"max-image-preview:large","max-video-preview":"max-video-preview:-1"},"canonical":"https:\/\/www.omrserrature.it\/es\/producto\/bloqueo-de-gato-reprogramable\/","og_locale":"es_ES","og_type":"article","og_title":"Bloqueo de gato reprogramable - OMR Serrature","og_description":"La cerradura reprogramable con llave Jack se caracteriza por la posici\u00f3n radial de los pitones de lat\u00f3n y la posibilidad de cambiar las 5 combinaciones tantas veces como se desee. Una soluci\u00f3n pr\u00e1ctica y segura, adecuada para aplicaciones de cierre seguro en las que se requieren cambios frecuentes de usuarios.","og_url":"https:\/\/www.omrserrature.it\/es\/producto\/bloqueo-de-gato-reprogramable\/","og_site_name":"OMR Serrature | Produzione sistemi di chiusura","article_publisher":"https:\/\/www.facebook.com\/OMRserrature","article_modified_time":"2026-04-08T11:12:53+00:00","og_image":[{"width":752,"height":397,"url":"https:\/\/www.omrserrature.it\/wp-content\/uploads\/2017\/10\/blocchetto-jack-riprogrammabile.jpg","type":"image\/jpeg"}],"twitter_card":"summary_large_image","twitter_misc":{"Tiempo de lectura":"1 minuto"},"schema":{"@context":"https:\/\/schema.org","@graph":[{"@type":"WebPage","@id":"https:\/\/www.omrserrature.it\/es\/producto\/bloqueo-de-gato-reprogramable\/","url":"https:\/\/www.omrserrature.it\/es\/producto\/bloqueo-de-gato-reprogramable\/","name":"Bloqueo de gato reprogramable - OMR Serrature","isPartOf":{"@id":"https:\/\/www.omrserrature.it\/es\/#website"},"primaryImageOfPage":{"@id":"https:\/\/www.omrserrature.it\/es\/producto\/bloqueo-de-gato-reprogramable\/#primaryimage"},"image":{"@id":"https:\/\/www.omrserrature.it\/es\/producto\/bloqueo-de-gato-reprogramable\/#primaryimage"},"thumbnailUrl":"https:\/\/www.omrserrature.it\/wp-content\/uploads\/2017\/10\/blocchetto-jack-riprogrammabile.jpg","datePublished":"2006-10-17T07:56:00+00:00","dateModified":"2026-04-08T11:12:53+00:00","breadcrumb":{"@id":"https:\/\/www.omrserrature.it\/es\/producto\/bloqueo-de-gato-reprogramable\/#breadcrumb"},"inLanguage":"es","potentialAction":[{"@type":"ReadAction","target":["https:\/\/www.omrserrature.it\/es\/producto\/bloqueo-de-gato-reprogramable\/"]}]},{"@type":"ImageObject","inLanguage":"es","@id":"https:\/\/www.omrserrature.it\/es\/producto\/bloqueo-de-gato-reprogramable\/#primaryimage","url":"https:\/\/www.omrserrature.it\/wp-content\/uploads\/2017\/10\/blocchetto-jack-riprogrammabile.jpg","contentUrl":"https:\/\/www.omrserrature.it\/wp-content\/uploads\/2017\/10\/blocchetto-jack-riprogrammabile.jpg","width":752,"height":397,"caption":"Bloqueo de pistones radiales reprogramable - Apertura de la cerradura de gato reprogramable con llave roja"},{"@type":"BreadcrumbList","@id":"https:\/\/www.omrserrature.it\/es\/producto\/bloqueo-de-gato-reprogramable\/#breadcrumb","itemListElement":[{"@type":"ListItem","position":1,"name":"Home","item":"https:\/\/www.omrserrature.it\/es\/omr-cerradiras-y-sistemas-de-cierre\/"},{"@type":"ListItem","position":2,"name":"Cat\u00e1logo","item":"https:\/\/www.omrserrature.it\/catalogo\/?lang=es"},{"@type":"ListItem","position":3,"name":"Aplicaciones","item":"https:\/\/www.omrserrature.it\/es\/inventario\/aplicaciones\/"},{"@type":"ListItem","position":4,"name":"Cerraduras de seguridad","item":"https:\/\/www.omrserrature.it\/es\/inventario\/aplicaciones\/cerraduras-de-seguridad\/"},{"@type":"ListItem","position":5,"name":"Bloqueo de gato reprogramable"}]},{"@type":"WebSite","@id":"https:\/\/www.omrserrature.it\/es\/#website","url":"https:\/\/www.omrserrature.it\/es\/","name":"OMR Serrature | Produzione sistemi di chiusura","description":"Produzione serrature di sicurezza e sistemi di chiusura","publisher":{"@id":"https:\/\/www.omrserrature.it\/es\/#organization"},"potentialAction":[{"@type":"SearchAction","target":{"@type":"EntryPoint","urlTemplate":"https:\/\/www.omrserrature.it\/es\/?s={search_term_string}"},"query-input":{"@type":"PropertyValueSpecification","valueRequired":true,"valueName":"search_term_string"}}],"inLanguage":"es"},{"@type":"Organization","@id":"https:\/\/www.omrserrature.it\/es\/#organization","name":"OMR Serrature | Produzione sistemi di chiusura","url":"https:\/\/www.omrserrature.it\/es\/","logo":{"@type":"ImageObject","inLanguage":"es","@id":"https:\/\/www.omrserrature.it\/es\/#\/schema\/logo\/image\/","url":"https:\/\/www.omrserrature.it\/wp-content\/uploads\/2017\/09\/favicon-omr-114.png","contentUrl":"https:\/\/www.omrserrature.it\/wp-content\/uploads\/2017\/09\/favicon-omr-114.png","width":114,"height":114,"caption":"OMR Serrature | Produzione sistemi di chiusura"},"image":{"@id":"https:\/\/www.omrserrature.it\/es\/#\/schema\/logo\/image\/"},"sameAs":["https:\/\/www.facebook.com\/OMRserrature","https:\/\/www.linkedin.com\/company\/omrserrature\/","https:\/\/www.youtube.com\/channel\/UCxmA85z2R0EpG_6IRokiAkg"]}]}},"_links":{"self":[{"href":"https:\/\/www.omrserrature.it\/es\/wp-json\/wp\/v2\/product\/243450","targetHints":{"allow":["GET"]}}],"collection":[{"href":"https:\/\/www.omrserrature.it\/es\/wp-json\/wp\/v2\/product"}],"about":[{"href":"https:\/\/www.omrserrature.it\/es\/wp-json\/wp\/v2\/types\/product"}],"replies":[{"embeddable":true,"href":"https:\/\/www.omrserrature.it\/es\/wp-json\/wp\/v2\/comments?post=243450"}],"wp:featuredmedia":[{"embeddable":true,"href":"https:\/\/www.omrserrature.it\/es\/wp-json\/wp\/v2\/media\/3039"}],"wp:attachment":[{"href":"https:\/\/www.omrserrature.it\/es\/wp-json\/wp\/v2\/media?parent=243450"}],"wp:term":[{"taxonomy":"product_brand","embeddable":true,"href":"https:\/\/www.omrserrature.it\/es\/wp-json\/wp\/v2\/product_brand?post=243450"},{"taxonomy":"product_cat","embeddable":true,"href":"https:\/\/www.omrserrature.it\/es\/wp-json\/wp\/v2\/product_cat?post=243450"},{"taxonomy":"product_tag","embeddable":true,"href":"https:\/\/www.omrserrature.it\/es\/wp-json\/wp\/v2\/product_tag?post=243450"}],"curies":[{"name":"wp","href":"https:\/\/api.w.org\/{rel}","templated":true}]}}