{"id":243448,"date":"2017-10-06T09:17:30","date_gmt":"2006-10-17T07:17:00","guid":{"rendered":"https:\/\/www.staging6.omrserrature.it\/prodotto\/bloqueo-jack\/"},"modified":"2026-04-08T13:13:54","modified_gmt":"2026-04-08T11:13:54","slug":"bloqueo-jack","status":"publish","type":"product","link":"https:\/\/www.omrserrature.it\/es\/producto\/bloqueo-jack\/","title":{"rendered":"Bloqueo Jack"},"content":{"rendered":"<p><strong>La cerradura de llave Jack<\/strong> se caracteriza por la posici\u00f3n <strong>radial<\/strong> de los pasadores de lat\u00f3n. La inconfundible<strong> llave roja <\/strong>s\u00f3lo puede duplicarse en nuestra empresa, lo que garantiza un <strong>alto grado de seguridad<\/strong>, adem\u00e1s de servir como pr\u00e1ctico Tirador. El bombin tambin tiene un saliente en la parte delantera para contrarrestar tcnicas de robo como el uso de un taladro. <\/p>\n<p>El cuerpo met\u00e1lico fundido a presi\u00f3n est\u00e1 protegido por una virola de <strong>acero antipellizco<\/strong> y la extracci\u00f3n de la llave, s\u00f3lo en posici\u00f3n cerrada, garantiza una mayor atenci\u00f3n del operario.<\/p>\n<p>Tambi\u00e9n disponible en <a href=\"https:\/\/www.omrserrature.it\/es\/producto\/bloqueo-de-gato-reprogramable\/\"><span style=\"text-decoration: underline\">versi\u00f3n <strong>reprogramable<\/strong><\/span><\/a>su enganche de lazo trasero tambi\u00e9n permite instalar diversas <strong>palancas rectas, dobladas o de gancho<\/strong>, por no hablar de la posibilidad de aplicar balancines para el movimiento de las varillas o mandos de <strong>cierre m\u00faltiples y centralizados<\/strong>.<\/p>\n<p>La <strong>llave especial<\/strong><strong>\u00abJack block<\/strong>\u00bb es adecuada para cerrar de forma segura <strong>m\u00e1quinas expendedoras y de juego<\/strong>,<strong> cajas de seguridad<\/strong>, <strong>m\u00e1quinas expendedoras y tragaperras<\/strong>, cajas de acceso a huecos de ascensor, parqu\u00edmetros, cambiadores de monedas, mobiliario de contrato para joyer\u00edas o entornos muse\u00edsticos.<\/p>\n","protected":false},"excerpt":{"rendered":"<p>La <strong>cerradura<\/strong> de llave Jack se caracteriza por la posici\u00f3n radial de los pasadores de lat\u00f3n.<\/p>\n<p>Caracterizada por la inconfundible forma ergon\u00f3mica de la llave roja, la cerradura de llave Jack es adecuada para <strong>cerrar con seguridad m\u00e1quinas expendedoras y de juego, cajas de seguridad, m\u00e1quinas expendedoras y tragaperras<\/strong>, cajas de acceso a huecos de ascensor, parqu\u00edmetros, cambiadores de monedas, mobiliario de contrato para joyer\u00edas o entornos muse\u00edsticos.<\/p>\n","protected":false},"featured_media":3033,"comment_status":"open","ping_status":"closed","template":"","meta":{"_acf_changed":false,"_et_pb_use_builder":"","_et_pb_old_content":"","_et_gb_content_width":""},"product_brand":[],"product_cat":[3995,3985,3989,3887,3980,3912,3884,3920,3907,3906,3894,3895,3910,3911,3881,3930,3994,3983,3960],"product_tag":[],"class_list":{"0":"post-243448","1":"product","2":"type-product","3":"status-publish","4":"has-post-thumbnail","6":"product_cat-arquitectura-urbanismo-y-diseno","7":"product_cat-automocion-y-transporte","8":"product_cat-banca-y-correos","9":"product_cat-cerraduras-de-maquinas","10":"product_cat-cerraduras-de-palanca","11":"product_cat-cerraduras-de-puertas","12":"product_cat-cerraduras-de-seguridad","13":"product_cat-cerraduras-de-seguridad-para-muebles","14":"product_cat-cerraduras-para-armeros","15":"product_cat-cerraduras-para-cajas-fuertes","16":"product_cat-cerraduras-para-interruptores","17":"product_cat-cerraduras-para-la-industria-electromecanica","18":"product_cat-cerraduras-para-maquinas-expendedoras","19":"product_cat-cerraduras-para-maquinas-recreativas","20":"product_cat-cerraduras-profesionales-para-muebles","21":"product_cat-cerraduras-universales-de-pernos","22":"product_cat-hospital-y-sanidad","23":"product_cat-sistemas-de-cierre-de-seguridad","24":"product_cat-una-llave-especial","26":"first","27":"instock","28":"shipping-taxable","29":"purchasable","30":"product-type-variable","31":"has-default-attributes"},"acf":{"pdf1":"https:\/\/www.omrserrature.it\/wp-content\/uploads\/schede\/Scheda_100750KD.pdf"},"yoast_head":"<!-- This site is optimized with the Yoast SEO plugin v27.2 - https:\/\/yoast.com\/product\/yoast-seo-wordpress\/ -->\n<title>Bloqueo Jack - OMR Serrature<\/title>\n<meta name=\"robots\" content=\"index, follow, max-snippet:-1, max-image-preview:large, max-video-preview:-1\" \/>\n<link rel=\"canonical\" href=\"https:\/\/www.omrserrature.it\/es\/producto\/bloqueo-jack\/\" \/>\n<meta property=\"og:locale\" content=\"es_ES\" \/>\n<meta property=\"og:type\" content=\"article\" \/>\n<meta property=\"og:title\" content=\"Bloqueo Jack - OMR Serrature\" \/>\n<meta property=\"og:description\" content=\"La cerradura de llave Jack se caracteriza por la posici\u00f3n radial de los pasadores de lat\u00f3n. Caracterizada por la inconfundible forma ergon\u00f3mica de la llave roja, la cerradura de llave Jack es adecuada para cerrar con seguridad m\u00e1quinas expendedoras y de juego, cajas de seguridad, m\u00e1quinas expendedoras y tragaperras, cajas de acceso a huecos de ascensor, parqu\u00edmetros, cambiadores de monedas, mobiliario de contrato para joyer\u00edas o entornos muse\u00edsticos.\" \/>\n<meta property=\"og:url\" content=\"https:\/\/www.omrserrature.it\/es\/producto\/bloqueo-jack\/\" \/>\n<meta property=\"og:site_name\" content=\"OMR Serrature | Produzione sistemi di chiusura\" \/>\n<meta property=\"article:publisher\" content=\"https:\/\/www.facebook.com\/OMRserrature\" \/>\n<meta property=\"article:modified_time\" content=\"2026-04-08T11:13:54+00:00\" \/>\n<meta property=\"og:image\" content=\"https:\/\/www.omrserrature.it\/wp-content\/uploads\/2017\/10\/blocchetto-jack.jpg\" \/>\n\t<meta property=\"og:image:width\" content=\"759\" \/>\n\t<meta property=\"og:image:height\" content=\"385\" \/>\n\t<meta property=\"og:image:type\" content=\"image\/jpeg\" \/>\n<meta name=\"twitter:card\" content=\"summary_large_image\" \/>\n<meta name=\"twitter:label1\" content=\"Tiempo de lectura\" \/>\n\t<meta name=\"twitter:data1\" content=\"1 minuto\" \/>\n<script type=\"application\/ld+json\" class=\"yoast-schema-graph\">{\"@context\":\"https:\/\/schema.org\",\"@graph\":[{\"@type\":\"WebPage\",\"@id\":\"https:\/\/www.omrserrature.it\/es\/producto\/bloqueo-jack\/\",\"url\":\"https:\/\/www.omrserrature.it\/es\/producto\/bloqueo-jack\/\",\"name\":\"Bloqueo Jack - OMR Serrature\",\"isPartOf\":{\"@id\":\"https:\/\/www.omrserrature.it\/es\/#website\"},\"primaryImageOfPage\":{\"@id\":\"https:\/\/www.omrserrature.it\/es\/producto\/bloqueo-jack\/#primaryimage\"},\"image\":{\"@id\":\"https:\/\/www.omrserrature.it\/es\/producto\/bloqueo-jack\/#primaryimage\"},\"thumbnailUrl\":\"https:\/\/www.omrserrature.it\/wp-content\/uploads\/2017\/10\/blocchetto-jack.jpg\",\"datePublished\":\"2006-10-17T07:17:00+00:00\",\"dateModified\":\"2026-04-08T11:13:54+00:00\",\"breadcrumb\":{\"@id\":\"https:\/\/www.omrserrature.it\/es\/producto\/bloqueo-jack\/#breadcrumb\"},\"inLanguage\":\"es\",\"potentialAction\":[{\"@type\":\"ReadAction\",\"target\":[\"https:\/\/www.omrserrature.it\/es\/producto\/bloqueo-jack\/\"]}]},{\"@type\":\"ImageObject\",\"inLanguage\":\"es\",\"@id\":\"https:\/\/www.omrserrature.it\/es\/producto\/bloqueo-jack\/#primaryimage\",\"url\":\"https:\/\/www.omrserrature.it\/wp-content\/uploads\/2017\/10\/blocchetto-jack.jpg\",\"contentUrl\":\"https:\/\/www.omrserrature.it\/wp-content\/uploads\/2017\/10\/blocchetto-jack.jpg\",\"width\":759,\"height\":385,\"caption\":\"bloqueo de pistones radiales - bloqueo de gato - apertura con llave roja\"},{\"@type\":\"BreadcrumbList\",\"@id\":\"https:\/\/www.omrserrature.it\/es\/producto\/bloqueo-jack\/#breadcrumb\",\"itemListElement\":[{\"@type\":\"ListItem\",\"position\":1,\"name\":\"Home\",\"item\":\"https:\/\/www.omrserrature.it\/es\/omr-cerradiras-y-sistemas-de-cierre\/\"},{\"@type\":\"ListItem\",\"position\":2,\"name\":\"Cat\u00e1logo\",\"item\":\"https:\/\/www.omrserrature.it\/catalogo\/?lang=es\"},{\"@type\":\"ListItem\",\"position\":3,\"name\":\"Aplicaciones\",\"item\":\"https:\/\/www.omrserrature.it\/es\/inventario\/aplicaciones\/\"},{\"@type\":\"ListItem\",\"position\":4,\"name\":\"Cerraduras de seguridad\",\"item\":\"https:\/\/www.omrserrature.it\/es\/inventario\/aplicaciones\/cerraduras-de-seguridad\/\"},{\"@type\":\"ListItem\",\"position\":5,\"name\":\"Bloqueo Jack\"}]},{\"@type\":\"WebSite\",\"@id\":\"https:\/\/www.omrserrature.it\/es\/#website\",\"url\":\"https:\/\/www.omrserrature.it\/es\/\",\"name\":\"OMR Serrature | Produzione sistemi di chiusura\",\"description\":\"Produzione serrature di sicurezza e sistemi di chiusura\",\"publisher\":{\"@id\":\"https:\/\/www.omrserrature.it\/es\/#organization\"},\"potentialAction\":[{\"@type\":\"SearchAction\",\"target\":{\"@type\":\"EntryPoint\",\"urlTemplate\":\"https:\/\/www.omrserrature.it\/es\/?s={search_term_string}\"},\"query-input\":{\"@type\":\"PropertyValueSpecification\",\"valueRequired\":true,\"valueName\":\"search_term_string\"}}],\"inLanguage\":\"es\"},{\"@type\":\"Organization\",\"@id\":\"https:\/\/www.omrserrature.it\/es\/#organization\",\"name\":\"OMR Serrature | Produzione sistemi di chiusura\",\"url\":\"https:\/\/www.omrserrature.it\/es\/\",\"logo\":{\"@type\":\"ImageObject\",\"inLanguage\":\"es\",\"@id\":\"https:\/\/www.omrserrature.it\/es\/#\/schema\/logo\/image\/\",\"url\":\"https:\/\/www.omrserrature.it\/wp-content\/uploads\/2017\/09\/favicon-omr-114.png\",\"contentUrl\":\"https:\/\/www.omrserrature.it\/wp-content\/uploads\/2017\/09\/favicon-omr-114.png\",\"width\":114,\"height\":114,\"caption\":\"OMR Serrature | Produzione sistemi di chiusura\"},\"image\":{\"@id\":\"https:\/\/www.omrserrature.it\/es\/#\/schema\/logo\/image\/\"},\"sameAs\":[\"https:\/\/www.facebook.com\/OMRserrature\",\"https:\/\/www.linkedin.com\/company\/omrserrature\/\",\"https:\/\/www.youtube.com\/channel\/UCxmA85z2R0EpG_6IRokiAkg\"]}]}<\/script>\n<!-- \/ Yoast SEO plugin. -->","yoast_head_json":{"title":"Bloqueo Jack - OMR Serrature","robots":{"index":"index","follow":"follow","max-snippet":"max-snippet:-1","max-image-preview":"max-image-preview:large","max-video-preview":"max-video-preview:-1"},"canonical":"https:\/\/www.omrserrature.it\/es\/producto\/bloqueo-jack\/","og_locale":"es_ES","og_type":"article","og_title":"Bloqueo Jack - OMR Serrature","og_description":"La cerradura de llave Jack se caracteriza por la posici\u00f3n radial de los pasadores de lat\u00f3n. Caracterizada por la inconfundible forma ergon\u00f3mica de la llave roja, la cerradura de llave Jack es adecuada para cerrar con seguridad m\u00e1quinas expendedoras y de juego, cajas de seguridad, m\u00e1quinas expendedoras y tragaperras, cajas de acceso a huecos de ascensor, parqu\u00edmetros, cambiadores de monedas, mobiliario de contrato para joyer\u00edas o entornos muse\u00edsticos.","og_url":"https:\/\/www.omrserrature.it\/es\/producto\/bloqueo-jack\/","og_site_name":"OMR Serrature | Produzione sistemi di chiusura","article_publisher":"https:\/\/www.facebook.com\/OMRserrature","article_modified_time":"2026-04-08T11:13:54+00:00","og_image":[{"width":759,"height":385,"url":"https:\/\/www.omrserrature.it\/wp-content\/uploads\/2017\/10\/blocchetto-jack.jpg","type":"image\/jpeg"}],"twitter_card":"summary_large_image","twitter_misc":{"Tiempo de lectura":"1 minuto"},"schema":{"@context":"https:\/\/schema.org","@graph":[{"@type":"WebPage","@id":"https:\/\/www.omrserrature.it\/es\/producto\/bloqueo-jack\/","url":"https:\/\/www.omrserrature.it\/es\/producto\/bloqueo-jack\/","name":"Bloqueo Jack - OMR Serrature","isPartOf":{"@id":"https:\/\/www.omrserrature.it\/es\/#website"},"primaryImageOfPage":{"@id":"https:\/\/www.omrserrature.it\/es\/producto\/bloqueo-jack\/#primaryimage"},"image":{"@id":"https:\/\/www.omrserrature.it\/es\/producto\/bloqueo-jack\/#primaryimage"},"thumbnailUrl":"https:\/\/www.omrserrature.it\/wp-content\/uploads\/2017\/10\/blocchetto-jack.jpg","datePublished":"2006-10-17T07:17:00+00:00","dateModified":"2026-04-08T11:13:54+00:00","breadcrumb":{"@id":"https:\/\/www.omrserrature.it\/es\/producto\/bloqueo-jack\/#breadcrumb"},"inLanguage":"es","potentialAction":[{"@type":"ReadAction","target":["https:\/\/www.omrserrature.it\/es\/producto\/bloqueo-jack\/"]}]},{"@type":"ImageObject","inLanguage":"es","@id":"https:\/\/www.omrserrature.it\/es\/producto\/bloqueo-jack\/#primaryimage","url":"https:\/\/www.omrserrature.it\/wp-content\/uploads\/2017\/10\/blocchetto-jack.jpg","contentUrl":"https:\/\/www.omrserrature.it\/wp-content\/uploads\/2017\/10\/blocchetto-jack.jpg","width":759,"height":385,"caption":"bloqueo de pistones radiales - bloqueo de gato - apertura con llave roja"},{"@type":"BreadcrumbList","@id":"https:\/\/www.omrserrature.it\/es\/producto\/bloqueo-jack\/#breadcrumb","itemListElement":[{"@type":"ListItem","position":1,"name":"Home","item":"https:\/\/www.omrserrature.it\/es\/omr-cerradiras-y-sistemas-de-cierre\/"},{"@type":"ListItem","position":2,"name":"Cat\u00e1logo","item":"https:\/\/www.omrserrature.it\/catalogo\/?lang=es"},{"@type":"ListItem","position":3,"name":"Aplicaciones","item":"https:\/\/www.omrserrature.it\/es\/inventario\/aplicaciones\/"},{"@type":"ListItem","position":4,"name":"Cerraduras de seguridad","item":"https:\/\/www.omrserrature.it\/es\/inventario\/aplicaciones\/cerraduras-de-seguridad\/"},{"@type":"ListItem","position":5,"name":"Bloqueo Jack"}]},{"@type":"WebSite","@id":"https:\/\/www.omrserrature.it\/es\/#website","url":"https:\/\/www.omrserrature.it\/es\/","name":"OMR Serrature | Produzione sistemi di chiusura","description":"Produzione serrature di sicurezza e sistemi di chiusura","publisher":{"@id":"https:\/\/www.omrserrature.it\/es\/#organization"},"potentialAction":[{"@type":"SearchAction","target":{"@type":"EntryPoint","urlTemplate":"https:\/\/www.omrserrature.it\/es\/?s={search_term_string}"},"query-input":{"@type":"PropertyValueSpecification","valueRequired":true,"valueName":"search_term_string"}}],"inLanguage":"es"},{"@type":"Organization","@id":"https:\/\/www.omrserrature.it\/es\/#organization","name":"OMR Serrature | Produzione sistemi di chiusura","url":"https:\/\/www.omrserrature.it\/es\/","logo":{"@type":"ImageObject","inLanguage":"es","@id":"https:\/\/www.omrserrature.it\/es\/#\/schema\/logo\/image\/","url":"https:\/\/www.omrserrature.it\/wp-content\/uploads\/2017\/09\/favicon-omr-114.png","contentUrl":"https:\/\/www.omrserrature.it\/wp-content\/uploads\/2017\/09\/favicon-omr-114.png","width":114,"height":114,"caption":"OMR Serrature | Produzione sistemi di chiusura"},"image":{"@id":"https:\/\/www.omrserrature.it\/es\/#\/schema\/logo\/image\/"},"sameAs":["https:\/\/www.facebook.com\/OMRserrature","https:\/\/www.linkedin.com\/company\/omrserrature\/","https:\/\/www.youtube.com\/channel\/UCxmA85z2R0EpG_6IRokiAkg"]}]}},"_links":{"self":[{"href":"https:\/\/www.omrserrature.it\/es\/wp-json\/wp\/v2\/product\/243448","targetHints":{"allow":["GET"]}}],"collection":[{"href":"https:\/\/www.omrserrature.it\/es\/wp-json\/wp\/v2\/product"}],"about":[{"href":"https:\/\/www.omrserrature.it\/es\/wp-json\/wp\/v2\/types\/product"}],"replies":[{"embeddable":true,"href":"https:\/\/www.omrserrature.it\/es\/wp-json\/wp\/v2\/comments?post=243448"}],"wp:featuredmedia":[{"embeddable":true,"href":"https:\/\/www.omrserrature.it\/es\/wp-json\/wp\/v2\/media\/3033"}],"wp:attachment":[{"href":"https:\/\/www.omrserrature.it\/es\/wp-json\/wp\/v2\/media?parent=243448"}],"wp:term":[{"taxonomy":"product_brand","embeddable":true,"href":"https:\/\/www.omrserrature.it\/es\/wp-json\/wp\/v2\/product_brand?post=243448"},{"taxonomy":"product_cat","embeddable":true,"href":"https:\/\/www.omrserrature.it\/es\/wp-json\/wp\/v2\/product_cat?post=243448"},{"taxonomy":"product_tag","embeddable":true,"href":"https:\/\/www.omrserrature.it\/es\/wp-json\/wp\/v2\/product_tag?post=243448"}],"curies":[{"name":"wp","href":"https:\/\/api.w.org\/{rel}","templated":true}]}}