{"id":243435,"date":"2021-03-01T15:01:43","date_gmt":"2001-03-21T14:01:00","guid":{"rendered":"https:\/\/www.staging6.omrserrature.it\/prodotto\/adaptador-de-cerradura-token\/"},"modified":"2026-04-08T11:33:41","modified_gmt":"2026-04-08T09:33:41","slug":"adaptador-de-cerradura-token","status":"publish","type":"product","link":"https:\/\/www.omrserrature.it\/es\/producto\/adaptador-de-cerradura-token\/","title":{"rendered":"Adaptador para convertir cerradura de moneda en cerradura helicoidal"},"content":{"rendered":"<p>El adaptador met\u00e1lico permite instalar la <a href=\"https:\/\/www.omrserrature.it\/es\/serratura-elettronica-2\/\" target=\"_blank\" rel=\"noopener noreferrer\">cerradura electr\u00f3nica Hellock<\/a> en las taquillas <strong>en sustituci\u00f3n de<\/strong> las cl\u00e1sicas <strong>cerraduras de fichas<\/strong>, sin tener que modificar el orificio de 24 mm de la puerta.<\/p>\n<p>El roscado del orificio facilita la instalaci\u00f3n de la cerradura, evitando la necesidad de utilizar la tuerca especial para su fijaci\u00f3n. La brida s\u00f3lo queda visible en el interior de la puerta, lo que garantiza <strong>una instalaci\u00f3n segura<\/strong> y minimiza el impacto est\u00e9tico en el armario. <\/p>\n","protected":false},"excerpt":{"rendered":"<p>El adaptador met\u00e1lico permite instalar la cerradura electr\u00f3nica Hellock en las taquillas en sustituci\u00f3n de las cl\u00e1sicas cerraduras de fichas, sin tener que modificar el orificio de 24 mm de la puerta.<\/p>\n","protected":false},"featured_media":21561,"comment_status":"open","ping_status":"closed","template":"","meta":{"_acf_changed":false,"_et_pb_use_builder":"","_et_pb_old_content":"","_et_gb_content_width":""},"product_brand":[],"product_cat":[3967],"product_tag":[],"class_list":{"0":"post-243435","1":"product","2":"type-product","3":"status-publish","4":"has-post-thumbnail","6":"product_cat-distanciadores-y-adaptadores","8":"first","9":"instock","10":"shipping-taxable","11":"product-type-simple"},"acf":{"pdf1":false},"yoast_head":"<!-- This site is optimized with the Yoast SEO plugin v27.2 - https:\/\/yoast.com\/product\/yoast-seo-wordpress\/ -->\n<title>Adaptador para convertir cerradura de moneda en cerradura helicoidal - OMR Serrature<\/title>\n<meta name=\"robots\" content=\"index, follow, max-snippet:-1, max-image-preview:large, max-video-preview:-1\" \/>\n<link rel=\"canonical\" href=\"https:\/\/www.omrserrature.it\/es\/producto\/adaptador-de-cerradura-token\/\" \/>\n<meta property=\"og:locale\" content=\"es_ES\" \/>\n<meta property=\"og:type\" content=\"article\" \/>\n<meta property=\"og:title\" content=\"Adaptador para convertir cerradura de moneda en cerradura helicoidal - OMR Serrature\" \/>\n<meta property=\"og:description\" content=\"El adaptador met\u00e1lico permite instalar la cerradura electr\u00f3nica Hellock en las taquillas en sustituci\u00f3n de las cl\u00e1sicas cerraduras de fichas, sin tener que modificar el orificio de 24 mm de la puerta.\" \/>\n<meta property=\"og:url\" content=\"https:\/\/www.omrserrature.it\/es\/producto\/adaptador-de-cerradura-token\/\" \/>\n<meta property=\"og:site_name\" content=\"OMR Serrature | Produzione sistemi di chiusura\" \/>\n<meta property=\"article:publisher\" content=\"https:\/\/www.facebook.com\/OMRserrature\" \/>\n<meta property=\"article:modified_time\" content=\"2026-04-08T09:33:41+00:00\" \/>\n<meta property=\"og:image\" content=\"https:\/\/www.omrserrature.it\/wp-content\/uploads\/2021\/03\/Adattatore-gettone-Hellock.jpg\" \/>\n\t<meta property=\"og:image:width\" content=\"1000\" \/>\n\t<meta property=\"og:image:height\" content=\"1000\" \/>\n\t<meta property=\"og:image:type\" content=\"image\/jpeg\" \/>\n<meta name=\"twitter:card\" content=\"summary_large_image\" \/>\n<script type=\"application\/ld+json\" class=\"yoast-schema-graph\">{\"@context\":\"https:\/\/schema.org\",\"@graph\":[{\"@type\":\"WebPage\",\"@id\":\"https:\/\/www.omrserrature.it\/es\/producto\/adaptador-de-cerradura-token\/\",\"url\":\"https:\/\/www.omrserrature.it\/es\/producto\/adaptador-de-cerradura-token\/\",\"name\":\"Adaptador para convertir cerradura de moneda en cerradura helicoidal - OMR Serrature\",\"isPartOf\":{\"@id\":\"https:\/\/www.omrserrature.it\/es\/#website\"},\"primaryImageOfPage\":{\"@id\":\"https:\/\/www.omrserrature.it\/es\/producto\/adaptador-de-cerradura-token\/#primaryimage\"},\"image\":{\"@id\":\"https:\/\/www.omrserrature.it\/es\/producto\/adaptador-de-cerradura-token\/#primaryimage\"},\"thumbnailUrl\":\"https:\/\/www.omrserrature.it\/wp-content\/uploads\/2021\/03\/Adattatore-gettone-Hellock.jpg\",\"datePublished\":\"2001-03-21T14:01:00+00:00\",\"dateModified\":\"2026-04-08T09:33:41+00:00\",\"breadcrumb\":{\"@id\":\"https:\/\/www.omrserrature.it\/es\/producto\/adaptador-de-cerradura-token\/#breadcrumb\"},\"inLanguage\":\"es\",\"potentialAction\":[{\"@type\":\"ReadAction\",\"target\":[\"https:\/\/www.omrserrature.it\/es\/producto\/adaptador-de-cerradura-token\/\"]}]},{\"@type\":\"ImageObject\",\"inLanguage\":\"es\",\"@id\":\"https:\/\/www.omrserrature.it\/es\/producto\/adaptador-de-cerradura-token\/#primaryimage\",\"url\":\"https:\/\/www.omrserrature.it\/wp-content\/uploads\/2021\/03\/Adattatore-gettone-Hellock.jpg\",\"contentUrl\":\"https:\/\/www.omrserrature.it\/wp-content\/uploads\/2021\/03\/Adattatore-gettone-Hellock.jpg\",\"width\":1000,\"height\":1000,\"caption\":\"Adaptador Hellock para cerradura de varillas\"},{\"@type\":\"BreadcrumbList\",\"@id\":\"https:\/\/www.omrserrature.it\/es\/producto\/adaptador-de-cerradura-token\/#breadcrumb\",\"itemListElement\":[{\"@type\":\"ListItem\",\"position\":1,\"name\":\"Home\",\"item\":\"https:\/\/www.omrserrature.it\/es\/omr-cerradiras-y-sistemas-de-cierre\/\"},{\"@type\":\"ListItem\",\"position\":2,\"name\":\"Cat\u00e1logo\",\"item\":\"https:\/\/www.omrserrature.it\/catalogo\/?lang=es\"},{\"@type\":\"ListItem\",\"position\":3,\"name\":\"Productos\",\"item\":\"https:\/\/www.omrserrature.it\/es\/inventario\/productos\/\"},{\"@type\":\"ListItem\",\"position\":4,\"name\":\"Accesorios y recambios\",\"item\":\"https:\/\/www.omrserrature.it\/es\/inventario\/productos\/accesorios-y-recambios\/\"},{\"@type\":\"ListItem\",\"position\":5,\"name\":\"Distanciadores y adaptadores\",\"item\":\"https:\/\/www.omrserrature.it\/es\/inventario\/productos\/accesorios-y-recambios\/distanciadores-y-adaptadores\/\"},{\"@type\":\"ListItem\",\"position\":6,\"name\":\"Adaptador para convertir cerradura de moneda en cerradura helicoidal\"}]},{\"@type\":\"WebSite\",\"@id\":\"https:\/\/www.omrserrature.it\/es\/#website\",\"url\":\"https:\/\/www.omrserrature.it\/es\/\",\"name\":\"OMR Serrature | Produzione sistemi di chiusura\",\"description\":\"Produzione serrature di sicurezza e sistemi di chiusura\",\"publisher\":{\"@id\":\"https:\/\/www.omrserrature.it\/es\/#organization\"},\"potentialAction\":[{\"@type\":\"SearchAction\",\"target\":{\"@type\":\"EntryPoint\",\"urlTemplate\":\"https:\/\/www.omrserrature.it\/es\/?s={search_term_string}\"},\"query-input\":{\"@type\":\"PropertyValueSpecification\",\"valueRequired\":true,\"valueName\":\"search_term_string\"}}],\"inLanguage\":\"es\"},{\"@type\":\"Organization\",\"@id\":\"https:\/\/www.omrserrature.it\/es\/#organization\",\"name\":\"OMR Serrature | Produzione sistemi di chiusura\",\"url\":\"https:\/\/www.omrserrature.it\/es\/\",\"logo\":{\"@type\":\"ImageObject\",\"inLanguage\":\"es\",\"@id\":\"https:\/\/www.omrserrature.it\/es\/#\/schema\/logo\/image\/\",\"url\":\"https:\/\/www.omrserrature.it\/wp-content\/uploads\/2017\/09\/favicon-omr-114.png\",\"contentUrl\":\"https:\/\/www.omrserrature.it\/wp-content\/uploads\/2017\/09\/favicon-omr-114.png\",\"width\":114,\"height\":114,\"caption\":\"OMR Serrature | Produzione sistemi di chiusura\"},\"image\":{\"@id\":\"https:\/\/www.omrserrature.it\/es\/#\/schema\/logo\/image\/\"},\"sameAs\":[\"https:\/\/www.facebook.com\/OMRserrature\",\"https:\/\/www.linkedin.com\/company\/omrserrature\/\",\"https:\/\/www.youtube.com\/channel\/UCxmA85z2R0EpG_6IRokiAkg\"]}]}<\/script>\n<!-- \/ Yoast SEO plugin. -->","yoast_head_json":{"title":"Adaptador para convertir cerradura de moneda en cerradura helicoidal - OMR Serrature","robots":{"index":"index","follow":"follow","max-snippet":"max-snippet:-1","max-image-preview":"max-image-preview:large","max-video-preview":"max-video-preview:-1"},"canonical":"https:\/\/www.omrserrature.it\/es\/producto\/adaptador-de-cerradura-token\/","og_locale":"es_ES","og_type":"article","og_title":"Adaptador para convertir cerradura de moneda en cerradura helicoidal - OMR Serrature","og_description":"El adaptador met\u00e1lico permite instalar la cerradura electr\u00f3nica Hellock en las taquillas en sustituci\u00f3n de las cl\u00e1sicas cerraduras de fichas, sin tener que modificar el orificio de 24 mm de la puerta.","og_url":"https:\/\/www.omrserrature.it\/es\/producto\/adaptador-de-cerradura-token\/","og_site_name":"OMR Serrature | Produzione sistemi di chiusura","article_publisher":"https:\/\/www.facebook.com\/OMRserrature","article_modified_time":"2026-04-08T09:33:41+00:00","og_image":[{"width":1000,"height":1000,"url":"https:\/\/www.omrserrature.it\/wp-content\/uploads\/2021\/03\/Adattatore-gettone-Hellock.jpg","type":"image\/jpeg"}],"twitter_card":"summary_large_image","schema":{"@context":"https:\/\/schema.org","@graph":[{"@type":"WebPage","@id":"https:\/\/www.omrserrature.it\/es\/producto\/adaptador-de-cerradura-token\/","url":"https:\/\/www.omrserrature.it\/es\/producto\/adaptador-de-cerradura-token\/","name":"Adaptador para convertir cerradura de moneda en cerradura helicoidal - OMR Serrature","isPartOf":{"@id":"https:\/\/www.omrserrature.it\/es\/#website"},"primaryImageOfPage":{"@id":"https:\/\/www.omrserrature.it\/es\/producto\/adaptador-de-cerradura-token\/#primaryimage"},"image":{"@id":"https:\/\/www.omrserrature.it\/es\/producto\/adaptador-de-cerradura-token\/#primaryimage"},"thumbnailUrl":"https:\/\/www.omrserrature.it\/wp-content\/uploads\/2021\/03\/Adattatore-gettone-Hellock.jpg","datePublished":"2001-03-21T14:01:00+00:00","dateModified":"2026-04-08T09:33:41+00:00","breadcrumb":{"@id":"https:\/\/www.omrserrature.it\/es\/producto\/adaptador-de-cerradura-token\/#breadcrumb"},"inLanguage":"es","potentialAction":[{"@type":"ReadAction","target":["https:\/\/www.omrserrature.it\/es\/producto\/adaptador-de-cerradura-token\/"]}]},{"@type":"ImageObject","inLanguage":"es","@id":"https:\/\/www.omrserrature.it\/es\/producto\/adaptador-de-cerradura-token\/#primaryimage","url":"https:\/\/www.omrserrature.it\/wp-content\/uploads\/2021\/03\/Adattatore-gettone-Hellock.jpg","contentUrl":"https:\/\/www.omrserrature.it\/wp-content\/uploads\/2021\/03\/Adattatore-gettone-Hellock.jpg","width":1000,"height":1000,"caption":"Adaptador Hellock para cerradura de varillas"},{"@type":"BreadcrumbList","@id":"https:\/\/www.omrserrature.it\/es\/producto\/adaptador-de-cerradura-token\/#breadcrumb","itemListElement":[{"@type":"ListItem","position":1,"name":"Home","item":"https:\/\/www.omrserrature.it\/es\/omr-cerradiras-y-sistemas-de-cierre\/"},{"@type":"ListItem","position":2,"name":"Cat\u00e1logo","item":"https:\/\/www.omrserrature.it\/catalogo\/?lang=es"},{"@type":"ListItem","position":3,"name":"Productos","item":"https:\/\/www.omrserrature.it\/es\/inventario\/productos\/"},{"@type":"ListItem","position":4,"name":"Accesorios y recambios","item":"https:\/\/www.omrserrature.it\/es\/inventario\/productos\/accesorios-y-recambios\/"},{"@type":"ListItem","position":5,"name":"Distanciadores y adaptadores","item":"https:\/\/www.omrserrature.it\/es\/inventario\/productos\/accesorios-y-recambios\/distanciadores-y-adaptadores\/"},{"@type":"ListItem","position":6,"name":"Adaptador para convertir cerradura de moneda en cerradura helicoidal"}]},{"@type":"WebSite","@id":"https:\/\/www.omrserrature.it\/es\/#website","url":"https:\/\/www.omrserrature.it\/es\/","name":"OMR Serrature | Produzione sistemi di chiusura","description":"Produzione serrature di sicurezza e sistemi di chiusura","publisher":{"@id":"https:\/\/www.omrserrature.it\/es\/#organization"},"potentialAction":[{"@type":"SearchAction","target":{"@type":"EntryPoint","urlTemplate":"https:\/\/www.omrserrature.it\/es\/?s={search_term_string}"},"query-input":{"@type":"PropertyValueSpecification","valueRequired":true,"valueName":"search_term_string"}}],"inLanguage":"es"},{"@type":"Organization","@id":"https:\/\/www.omrserrature.it\/es\/#organization","name":"OMR Serrature | Produzione sistemi di chiusura","url":"https:\/\/www.omrserrature.it\/es\/","logo":{"@type":"ImageObject","inLanguage":"es","@id":"https:\/\/www.omrserrature.it\/es\/#\/schema\/logo\/image\/","url":"https:\/\/www.omrserrature.it\/wp-content\/uploads\/2017\/09\/favicon-omr-114.png","contentUrl":"https:\/\/www.omrserrature.it\/wp-content\/uploads\/2017\/09\/favicon-omr-114.png","width":114,"height":114,"caption":"OMR Serrature | Produzione sistemi di chiusura"},"image":{"@id":"https:\/\/www.omrserrature.it\/es\/#\/schema\/logo\/image\/"},"sameAs":["https:\/\/www.facebook.com\/OMRserrature","https:\/\/www.linkedin.com\/company\/omrserrature\/","https:\/\/www.youtube.com\/channel\/UCxmA85z2R0EpG_6IRokiAkg"]}]}},"_links":{"self":[{"href":"https:\/\/www.omrserrature.it\/es\/wp-json\/wp\/v2\/product\/243435","targetHints":{"allow":["GET"]}}],"collection":[{"href":"https:\/\/www.omrserrature.it\/es\/wp-json\/wp\/v2\/product"}],"about":[{"href":"https:\/\/www.omrserrature.it\/es\/wp-json\/wp\/v2\/types\/product"}],"replies":[{"embeddable":true,"href":"https:\/\/www.omrserrature.it\/es\/wp-json\/wp\/v2\/comments?post=243435"}],"wp:featuredmedia":[{"embeddable":true,"href":"https:\/\/www.omrserrature.it\/es\/wp-json\/wp\/v2\/media\/21561"}],"wp:attachment":[{"href":"https:\/\/www.omrserrature.it\/es\/wp-json\/wp\/v2\/media?parent=243435"}],"wp:term":[{"taxonomy":"product_brand","embeddable":true,"href":"https:\/\/www.omrserrature.it\/es\/wp-json\/wp\/v2\/product_brand?post=243435"},{"taxonomy":"product_cat","embeddable":true,"href":"https:\/\/www.omrserrature.it\/es\/wp-json\/wp\/v2\/product_cat?post=243435"},{"taxonomy":"product_tag","embeddable":true,"href":"https:\/\/www.omrserrature.it\/es\/wp-json\/wp\/v2\/product_tag?post=243435"}],"curies":[{"name":"wp","href":"https:\/\/api.w.org\/{rel}","templated":true}]}}