{"id":243433,"date":"2019-11-21T10:33:42","date_gmt":"2021-11-19T09:33:00","guid":{"rendered":"https:\/\/www.staging6.omrserrature.it\/prodotto\/adaptador-de-instalacion-hellock\/"},"modified":"2026-04-08T11:33:44","modified_gmt":"2026-04-08T09:33:44","slug":"adaptador-de-instalacion-hellock","status":"publish","type":"product","link":"https:\/\/www.omrserrature.it\/es\/producto\/adaptador-de-instalacion-hellock\/","title":{"rendered":"Adaptador de instalaci\u00f3n Hellock"},"content":{"rendered":"<p>El adaptador es un elemento de pl\u00e1stico negro que permite instalar la <a href=\"https:\/\/www.omrserrature.it\/es\/serratura-elettronica-2\/\" target=\"_blank\" rel=\"noopener noreferrer\">cerradura electr\u00f3nica Hellock<\/a> <strong>sin <\/strong>tener que <strong>cambiar<\/strong> el agujero de la puerta.<\/p>\n<p>Dispone de una <strong>plantilla de perforaci\u00f3n en doble D<\/strong> (con placas laterales) que permite adaptar f\u00e1cilmente el cierre electr\u00f3nico a un orificio de <strong>19 mm<\/strong> cambiando <strong>a 16 mm<\/strong> (el tama\u00f1o del cilindro del cierre electr\u00f3nico Hellock). Si el agujero inicial es de 22 mm, est\u00e1 disponible el adaptador HLVAR00002. <\/p>\n<p>Simplemente aprieta la tuerca de cerradura para colocar el adaptador correctamente en su sitio<\/p>\n","protected":false},"excerpt":{"rendered":"<p>El adaptador es un elemento de pl\u00e1stico negro que permite instalar la cerradura electr\u00f3nica Hellock sin tener que cambiar el agujero de la puerta.<\/p>\n","protected":false},"featured_media":12663,"comment_status":"open","ping_status":"closed","template":"","meta":{"_acf_changed":false,"_et_pb_use_builder":"","_et_pb_old_content":"","_et_gb_content_width":""},"product_brand":[],"product_cat":[3971],"product_tag":[],"class_list":{"0":"post-243433","1":"product","2":"type-product","3":"status-publish","4":"has-post-thumbnail","6":"product_cat-accesorios-para-cerraduras-electricas-y-electronicas","8":"first","9":"instock","10":"shipping-taxable","11":"product-type-simple"},"acf":{"pdf1":false},"yoast_head":"<!-- This site is optimized with the Yoast SEO plugin v27.2 - https:\/\/yoast.com\/product\/yoast-seo-wordpress\/ -->\n<title>Adaptador de instalaci\u00f3n Hellock - OMR Serrature<\/title>\n<meta name=\"robots\" content=\"index, follow, max-snippet:-1, max-image-preview:large, max-video-preview:-1\" \/>\n<link rel=\"canonical\" href=\"https:\/\/www.omrserrature.it\/es\/producto\/adaptador-de-instalacion-hellock\/\" \/>\n<meta property=\"og:locale\" content=\"es_ES\" \/>\n<meta property=\"og:type\" content=\"article\" \/>\n<meta property=\"og:title\" content=\"Adaptador de instalaci\u00f3n Hellock - OMR Serrature\" \/>\n<meta property=\"og:description\" content=\"El adaptador es un elemento de pl\u00e1stico negro que permite instalar la cerradura electr\u00f3nica Hellock sin tener que cambiar el agujero de la puerta.\" \/>\n<meta property=\"og:url\" content=\"https:\/\/www.omrserrature.it\/es\/producto\/adaptador-de-instalacion-hellock\/\" \/>\n<meta property=\"og:site_name\" content=\"OMR Serrature | Produzione sistemi di chiusura\" \/>\n<meta property=\"article:publisher\" content=\"https:\/\/www.facebook.com\/OMRserrature\" \/>\n<meta property=\"article:modified_time\" content=\"2026-04-08T09:33:44+00:00\" \/>\n<meta property=\"og:image\" content=\"https:\/\/www.omrserrature.it\/wp-content\/uploads\/2019\/11\/adattatore-foro-hellock-HLVAR00001.jpg\" \/>\n\t<meta property=\"og:image:width\" content=\"343\" \/>\n\t<meta property=\"og:image:height\" content=\"400\" \/>\n\t<meta property=\"og:image:type\" content=\"image\/jpeg\" \/>\n<meta name=\"twitter:card\" content=\"summary_large_image\" \/>\n<script type=\"application\/ld+json\" class=\"yoast-schema-graph\">{\"@context\":\"https:\/\/schema.org\",\"@graph\":[{\"@type\":\"WebPage\",\"@id\":\"https:\/\/www.omrserrature.it\/es\/producto\/adaptador-de-instalacion-hellock\/\",\"url\":\"https:\/\/www.omrserrature.it\/es\/producto\/adaptador-de-instalacion-hellock\/\",\"name\":\"Adaptador de instalaci\u00f3n Hellock - OMR Serrature\",\"isPartOf\":{\"@id\":\"https:\/\/www.omrserrature.it\/es\/#website\"},\"primaryImageOfPage\":{\"@id\":\"https:\/\/www.omrserrature.it\/es\/producto\/adaptador-de-instalacion-hellock\/#primaryimage\"},\"image\":{\"@id\":\"https:\/\/www.omrserrature.it\/es\/producto\/adaptador-de-instalacion-hellock\/#primaryimage\"},\"thumbnailUrl\":\"https:\/\/www.omrserrature.it\/wp-content\/uploads\/2019\/11\/adattatore-foro-hellock-HLVAR00001.jpg\",\"datePublished\":\"2021-11-19T09:33:00+00:00\",\"dateModified\":\"2026-04-08T09:33:44+00:00\",\"breadcrumb\":{\"@id\":\"https:\/\/www.omrserrature.it\/es\/producto\/adaptador-de-instalacion-hellock\/#breadcrumb\"},\"inLanguage\":\"es\",\"potentialAction\":[{\"@type\":\"ReadAction\",\"target\":[\"https:\/\/www.omrserrature.it\/es\/producto\/adaptador-de-instalacion-hellock\/\"]}]},{\"@type\":\"ImageObject\",\"inLanguage\":\"es\",\"@id\":\"https:\/\/www.omrserrature.it\/es\/producto\/adaptador-de-instalacion-hellock\/#primaryimage\",\"url\":\"https:\/\/www.omrserrature.it\/wp-content\/uploads\/2019\/11\/adattatore-foro-hellock-HLVAR00001.jpg\",\"contentUrl\":\"https:\/\/www.omrserrature.it\/wp-content\/uploads\/2019\/11\/adattatore-foro-hellock-HLVAR00001.jpg\",\"width\":343,\"height\":400,\"caption\":\"Adaptador de orificio de cerradura para cerradura electr\u00f3nica Hellock - HLVAR00001\"},{\"@type\":\"BreadcrumbList\",\"@id\":\"https:\/\/www.omrserrature.it\/es\/producto\/adaptador-de-instalacion-hellock\/#breadcrumb\",\"itemListElement\":[{\"@type\":\"ListItem\",\"position\":1,\"name\":\"Home\",\"item\":\"https:\/\/www.omrserrature.it\/es\/omr-cerradiras-y-sistemas-de-cierre\/\"},{\"@type\":\"ListItem\",\"position\":2,\"name\":\"Cat\u00e1logo\",\"item\":\"https:\/\/www.omrserrature.it\/catalogo\/?lang=es\"},{\"@type\":\"ListItem\",\"position\":3,\"name\":\"Productos\",\"item\":\"https:\/\/www.omrserrature.it\/es\/inventario\/productos\/\"},{\"@type\":\"ListItem\",\"position\":4,\"name\":\"Adaptador de instalaci\u00f3n Hellock\"}]},{\"@type\":\"WebSite\",\"@id\":\"https:\/\/www.omrserrature.it\/es\/#website\",\"url\":\"https:\/\/www.omrserrature.it\/es\/\",\"name\":\"OMR Serrature | Produzione sistemi di chiusura\",\"description\":\"Produzione serrature di sicurezza e sistemi di chiusura\",\"publisher\":{\"@id\":\"https:\/\/www.omrserrature.it\/es\/#organization\"},\"potentialAction\":[{\"@type\":\"SearchAction\",\"target\":{\"@type\":\"EntryPoint\",\"urlTemplate\":\"https:\/\/www.omrserrature.it\/es\/?s={search_term_string}\"},\"query-input\":{\"@type\":\"PropertyValueSpecification\",\"valueRequired\":true,\"valueName\":\"search_term_string\"}}],\"inLanguage\":\"es\"},{\"@type\":\"Organization\",\"@id\":\"https:\/\/www.omrserrature.it\/es\/#organization\",\"name\":\"OMR Serrature | Produzione sistemi di chiusura\",\"url\":\"https:\/\/www.omrserrature.it\/es\/\",\"logo\":{\"@type\":\"ImageObject\",\"inLanguage\":\"es\",\"@id\":\"https:\/\/www.omrserrature.it\/es\/#\/schema\/logo\/image\/\",\"url\":\"https:\/\/www.omrserrature.it\/wp-content\/uploads\/2017\/09\/favicon-omr-114.png\",\"contentUrl\":\"https:\/\/www.omrserrature.it\/wp-content\/uploads\/2017\/09\/favicon-omr-114.png\",\"width\":114,\"height\":114,\"caption\":\"OMR Serrature | Produzione sistemi di chiusura\"},\"image\":{\"@id\":\"https:\/\/www.omrserrature.it\/es\/#\/schema\/logo\/image\/\"},\"sameAs\":[\"https:\/\/www.facebook.com\/OMRserrature\",\"https:\/\/www.linkedin.com\/company\/omrserrature\/\",\"https:\/\/www.youtube.com\/channel\/UCxmA85z2R0EpG_6IRokiAkg\"]}]}<\/script>\n<!-- \/ Yoast SEO plugin. -->","yoast_head_json":{"title":"Adaptador de instalaci\u00f3n Hellock - OMR Serrature","robots":{"index":"index","follow":"follow","max-snippet":"max-snippet:-1","max-image-preview":"max-image-preview:large","max-video-preview":"max-video-preview:-1"},"canonical":"https:\/\/www.omrserrature.it\/es\/producto\/adaptador-de-instalacion-hellock\/","og_locale":"es_ES","og_type":"article","og_title":"Adaptador de instalaci\u00f3n Hellock - OMR Serrature","og_description":"El adaptador es un elemento de pl\u00e1stico negro que permite instalar la cerradura electr\u00f3nica Hellock sin tener que cambiar el agujero de la puerta.","og_url":"https:\/\/www.omrserrature.it\/es\/producto\/adaptador-de-instalacion-hellock\/","og_site_name":"OMR Serrature | Produzione sistemi di chiusura","article_publisher":"https:\/\/www.facebook.com\/OMRserrature","article_modified_time":"2026-04-08T09:33:44+00:00","og_image":[{"width":343,"height":400,"url":"https:\/\/www.omrserrature.it\/wp-content\/uploads\/2019\/11\/adattatore-foro-hellock-HLVAR00001.jpg","type":"image\/jpeg"}],"twitter_card":"summary_large_image","schema":{"@context":"https:\/\/schema.org","@graph":[{"@type":"WebPage","@id":"https:\/\/www.omrserrature.it\/es\/producto\/adaptador-de-instalacion-hellock\/","url":"https:\/\/www.omrserrature.it\/es\/producto\/adaptador-de-instalacion-hellock\/","name":"Adaptador de instalaci\u00f3n Hellock - OMR Serrature","isPartOf":{"@id":"https:\/\/www.omrserrature.it\/es\/#website"},"primaryImageOfPage":{"@id":"https:\/\/www.omrserrature.it\/es\/producto\/adaptador-de-instalacion-hellock\/#primaryimage"},"image":{"@id":"https:\/\/www.omrserrature.it\/es\/producto\/adaptador-de-instalacion-hellock\/#primaryimage"},"thumbnailUrl":"https:\/\/www.omrserrature.it\/wp-content\/uploads\/2019\/11\/adattatore-foro-hellock-HLVAR00001.jpg","datePublished":"2021-11-19T09:33:00+00:00","dateModified":"2026-04-08T09:33:44+00:00","breadcrumb":{"@id":"https:\/\/www.omrserrature.it\/es\/producto\/adaptador-de-instalacion-hellock\/#breadcrumb"},"inLanguage":"es","potentialAction":[{"@type":"ReadAction","target":["https:\/\/www.omrserrature.it\/es\/producto\/adaptador-de-instalacion-hellock\/"]}]},{"@type":"ImageObject","inLanguage":"es","@id":"https:\/\/www.omrserrature.it\/es\/producto\/adaptador-de-instalacion-hellock\/#primaryimage","url":"https:\/\/www.omrserrature.it\/wp-content\/uploads\/2019\/11\/adattatore-foro-hellock-HLVAR00001.jpg","contentUrl":"https:\/\/www.omrserrature.it\/wp-content\/uploads\/2019\/11\/adattatore-foro-hellock-HLVAR00001.jpg","width":343,"height":400,"caption":"Adaptador de orificio de cerradura para cerradura electr\u00f3nica Hellock - HLVAR00001"},{"@type":"BreadcrumbList","@id":"https:\/\/www.omrserrature.it\/es\/producto\/adaptador-de-instalacion-hellock\/#breadcrumb","itemListElement":[{"@type":"ListItem","position":1,"name":"Home","item":"https:\/\/www.omrserrature.it\/es\/omr-cerradiras-y-sistemas-de-cierre\/"},{"@type":"ListItem","position":2,"name":"Cat\u00e1logo","item":"https:\/\/www.omrserrature.it\/catalogo\/?lang=es"},{"@type":"ListItem","position":3,"name":"Productos","item":"https:\/\/www.omrserrature.it\/es\/inventario\/productos\/"},{"@type":"ListItem","position":4,"name":"Adaptador de instalaci\u00f3n Hellock"}]},{"@type":"WebSite","@id":"https:\/\/www.omrserrature.it\/es\/#website","url":"https:\/\/www.omrserrature.it\/es\/","name":"OMR Serrature | Produzione sistemi di chiusura","description":"Produzione serrature di sicurezza e sistemi di chiusura","publisher":{"@id":"https:\/\/www.omrserrature.it\/es\/#organization"},"potentialAction":[{"@type":"SearchAction","target":{"@type":"EntryPoint","urlTemplate":"https:\/\/www.omrserrature.it\/es\/?s={search_term_string}"},"query-input":{"@type":"PropertyValueSpecification","valueRequired":true,"valueName":"search_term_string"}}],"inLanguage":"es"},{"@type":"Organization","@id":"https:\/\/www.omrserrature.it\/es\/#organization","name":"OMR Serrature | Produzione sistemi di chiusura","url":"https:\/\/www.omrserrature.it\/es\/","logo":{"@type":"ImageObject","inLanguage":"es","@id":"https:\/\/www.omrserrature.it\/es\/#\/schema\/logo\/image\/","url":"https:\/\/www.omrserrature.it\/wp-content\/uploads\/2017\/09\/favicon-omr-114.png","contentUrl":"https:\/\/www.omrserrature.it\/wp-content\/uploads\/2017\/09\/favicon-omr-114.png","width":114,"height":114,"caption":"OMR Serrature | Produzione sistemi di chiusura"},"image":{"@id":"https:\/\/www.omrserrature.it\/es\/#\/schema\/logo\/image\/"},"sameAs":["https:\/\/www.facebook.com\/OMRserrature","https:\/\/www.linkedin.com\/company\/omrserrature\/","https:\/\/www.youtube.com\/channel\/UCxmA85z2R0EpG_6IRokiAkg"]}]}},"_links":{"self":[{"href":"https:\/\/www.omrserrature.it\/es\/wp-json\/wp\/v2\/product\/243433","targetHints":{"allow":["GET"]}}],"collection":[{"href":"https:\/\/www.omrserrature.it\/es\/wp-json\/wp\/v2\/product"}],"about":[{"href":"https:\/\/www.omrserrature.it\/es\/wp-json\/wp\/v2\/types\/product"}],"replies":[{"embeddable":true,"href":"https:\/\/www.omrserrature.it\/es\/wp-json\/wp\/v2\/comments?post=243433"}],"wp:featuredmedia":[{"embeddable":true,"href":"https:\/\/www.omrserrature.it\/es\/wp-json\/wp\/v2\/media\/12663"}],"wp:attachment":[{"href":"https:\/\/www.omrserrature.it\/es\/wp-json\/wp\/v2\/media?parent=243433"}],"wp:term":[{"taxonomy":"product_brand","embeddable":true,"href":"https:\/\/www.omrserrature.it\/es\/wp-json\/wp\/v2\/product_brand?post=243433"},{"taxonomy":"product_cat","embeddable":true,"href":"https:\/\/www.omrserrature.it\/es\/wp-json\/wp\/v2\/product_cat?post=243433"},{"taxonomy":"product_tag","embeddable":true,"href":"https:\/\/www.omrserrature.it\/es\/wp-json\/wp\/v2\/product_tag?post=243433"}],"curies":[{"name":"wp","href":"https:\/\/api.w.org\/{rel}","templated":true}]}}