{"id":243375,"date":"2021-05-19T12:13:29","date_gmt":"2019-05-21T10:13:00","guid":{"rendered":"https:\/\/www.staging6.omrserrature.it\/prodotto\/srtx04693-bombin-de-cerraduras-de-laminas\/"},"modified":"2026-04-08T11:13:00","modified_gmt":"2026-04-08T09:13:00","slug":"srtx04693-bombin-de-cerraduras-de-laminas","status":"publish","type":"product","link":"https:\/\/www.omrserrature.it\/es\/producto\/srtx04693-bombin-de-cerraduras-de-laminas\/","title":{"rendered":"SRTX04693 &#8211; Bombin de cerraduras de l\u00e1minas"},"content":{"rendered":"<p>El bombin es el componente central de una cerradura; es el elemento m\u00f3vil que sujeta la llave para permitir que el mecanismo de cierre se abra o se cierre. Cuando se introduce la llave adecuada, las L\u00e1minas internas se alinean perfectamente y desbloquean el rotor, permiti\u00e9ndole girar libremente y accionar la leva o palanca conectada a trav\u00e9s del terminal trasero. <\/p>\n<p>En OMR fabricamos bombines de alta calidad de zamak, una aleaci\u00f3n de zinc fundido a presi\u00f3n conocida por sus excelentes propiedades mec\u00e1nicas. A continuaci\u00f3n, el bombin se somete a un tratamiento de niquelado que lo protege contra el desgaste, la corrosi\u00f3n y la oxidaci\u00f3n, garantizando una mayor vida \u00fatil. Las laminas, un componente esencial para la seguridad de la cerradura, son de acero de alta calidad, lo que garantiza una larga vida \u00fatil y fiabilidad.  <\/p>\n<p>Comprendiendo la importancia de la personalizaci\u00f3n, ofrecemos la posibilidad de desarrollar bombines a medida de acuerdo con las especificaciones y planos facilitados por nuestros clientes. Este servicio nos permite satisfacer requisitos especiales en cuanto a tama\u00f1o, forma y funcionalidad, garantizando una integraci\u00f3n perfecta en los sistemas de cierre deseados. La calidad est\u00e1 en el centro de nuestro proceso de producci\u00f3n, y nuestros bombines se someten a rigurosos controles de calidad para garantizar que cumplen las normas m\u00e1s exigentes. Estos controles incluyen pruebas dimensionales, evaluaciones de resistencia mec\u00e1nica y pruebas de funcionamiento, y garantizan que el producto final ofrezca un rendimiento \u00f3ptimo y una larga vida \u00fatil.<\/p>\n<p>La experiencia adquirida en d\u00e9cadas de fabricaci\u00f3n de cerraduras y bombines nos permite suministrar componentes fiables para una amplia gama de aplicaciones para la seguridad de taquillas, cajoneras, trampillas, buzones, armarios para cajones, ba\u00fales, portabicicletas y aseos, y pr\u00e1cticamente en cualquier lugar donde se necesite una cerradura. Materiales de calidad, procesos de producci\u00f3n avanzados y tecnolog\u00eda constantemente actualizada nos convierten en el socio ideal para el desarrollo de tus sistemas de cierre, a precios competitivos. <\/p>\n","protected":false},"excerpt":{"rendered":"<p>El bombin es el corazn de la cerradura: sujeta la llave, lee su perfil a travs de unas Lminas de acero y, una vez desbloqueado, transmite el movimiento al sistema de cierre. <strong>En OMR fabricamos bombines de zamak de alta calidad<\/strong>, resistentes al desgaste, que pueden personalizarse seg\u00fan los planos del cliente. <strong>Cada componente se somete a un riguroso control de calidad<\/strong> para garantizar su durabilidad, precisi\u00f3n y seguridad en aplicaciones como taquillas, buzones, puertas y sistemas de cierre industriales.<\/p>\n","protected":false},"featured_media":20179,"comment_status":"open","ping_status":"closed","template":"","meta":{"_acf_changed":false,"_et_pb_use_builder":"","_et_pb_old_content":"","_et_gb_content_width":""},"product_brand":[],"product_cat":[3949],"product_tag":[],"class_list":{"0":"post-243375","1":"product","2":"type-product","3":"status-publish","4":"has-post-thumbnail","6":"product_cat-rotores","8":"first","9":"instock","10":"shipping-taxable","11":"product-type-simple"},"acf":{"pdf1":"https:\/\/www.omrserrature.it\/wp-content\/uploads\/2021\/05\/Scheda_SRTX04693.pdf"},"yoast_head":"<!-- This site is optimized with the Yoast SEO plugin v27.2 - https:\/\/yoast.com\/product\/yoast-seo-wordpress\/ -->\n<title>SRTX04693 - Bombin de cerraduras de l\u00e1minas - OMR Serrature<\/title>\n<meta name=\"robots\" content=\"index, follow, max-snippet:-1, max-image-preview:large, max-video-preview:-1\" \/>\n<link rel=\"canonical\" href=\"https:\/\/www.omrserrature.it\/es\/producto\/srtx04693-bombin-de-cerraduras-de-laminas\/\" \/>\n<meta property=\"og:locale\" content=\"es_ES\" \/>\n<meta property=\"og:type\" content=\"article\" \/>\n<meta property=\"og:title\" content=\"SRTX04693 - Bombin de cerraduras de l\u00e1minas - OMR Serrature\" \/>\n<meta property=\"og:description\" content=\"El bombin es el corazn de la cerradura: sujeta la llave, lee su perfil a travs de unas Lminas de acero y, una vez desbloqueado, transmite el movimiento al sistema de cierre. En OMR fabricamos bombines de zamak de alta calidad, resistentes al desgaste, que pueden personalizarse seg\u00fan los planos del cliente. Cada componente se somete a un riguroso control de calidad para garantizar su durabilidad, precisi\u00f3n y seguridad en aplicaciones como taquillas, buzones, puertas y sistemas de cierre industriales.\" \/>\n<meta property=\"og:url\" content=\"https:\/\/www.omrserrature.it\/es\/producto\/srtx04693-bombin-de-cerraduras-de-laminas\/\" \/>\n<meta property=\"og:site_name\" content=\"OMR Serrature | Produzione sistemi di chiusura\" \/>\n<meta property=\"article:publisher\" content=\"https:\/\/www.facebook.com\/OMRserrature\" \/>\n<meta property=\"article:modified_time\" content=\"2026-04-08T09:13:00+00:00\" \/>\n<meta property=\"og:image\" content=\"https:\/\/www.omrserrature.it\/wp-content\/uploads\/2021\/05\/SRTX04693.jpg\" \/>\n\t<meta property=\"og:image:width\" content=\"1000\" \/>\n\t<meta property=\"og:image:height\" content=\"1000\" \/>\n\t<meta property=\"og:image:type\" content=\"image\/jpeg\" \/>\n<meta name=\"twitter:card\" content=\"summary_large_image\" \/>\n<meta name=\"twitter:label1\" content=\"Tiempo de lectura\" \/>\n\t<meta name=\"twitter:data1\" content=\"2 minutos\" \/>\n<script type=\"application\/ld+json\" class=\"yoast-schema-graph\">{\"@context\":\"https:\/\/schema.org\",\"@graph\":[{\"@type\":\"WebPage\",\"@id\":\"https:\/\/www.omrserrature.it\/es\/producto\/srtx04693-bombin-de-cerraduras-de-laminas\/\",\"url\":\"https:\/\/www.omrserrature.it\/es\/producto\/srtx04693-bombin-de-cerraduras-de-laminas\/\",\"name\":\"SRTX04693 - Bombin de cerraduras de l\u00e1minas - OMR Serrature\",\"isPartOf\":{\"@id\":\"https:\/\/www.omrserrature.it\/es\/#website\"},\"primaryImageOfPage\":{\"@id\":\"https:\/\/www.omrserrature.it\/es\/producto\/srtx04693-bombin-de-cerraduras-de-laminas\/#primaryimage\"},\"image\":{\"@id\":\"https:\/\/www.omrserrature.it\/es\/producto\/srtx04693-bombin-de-cerraduras-de-laminas\/#primaryimage\"},\"thumbnailUrl\":\"https:\/\/www.omrserrature.it\/wp-content\/uploads\/2021\/05\/SRTX04693.jpg\",\"datePublished\":\"2019-05-21T10:13:00+00:00\",\"dateModified\":\"2026-04-08T09:13:00+00:00\",\"breadcrumb\":{\"@id\":\"https:\/\/www.omrserrature.it\/es\/producto\/srtx04693-bombin-de-cerraduras-de-laminas\/#breadcrumb\"},\"inLanguage\":\"es\",\"potentialAction\":[{\"@type\":\"ReadAction\",\"target\":[\"https:\/\/www.omrserrature.it\/es\/producto\/srtx04693-bombin-de-cerraduras-de-laminas\/\"]}]},{\"@type\":\"ImageObject\",\"inLanguage\":\"es\",\"@id\":\"https:\/\/www.omrserrature.it\/es\/producto\/srtx04693-bombin-de-cerraduras-de-laminas\/#primaryimage\",\"url\":\"https:\/\/www.omrserrature.it\/wp-content\/uploads\/2021\/05\/SRTX04693.jpg\",\"contentUrl\":\"https:\/\/www.omrserrature.it\/wp-content\/uploads\/2021\/05\/SRTX04693.jpg\",\"width\":1000,\"height\":1000,\"caption\":\"Cerraduras de bombin OMR - C\u00f3digo SRTX04693\"},{\"@type\":\"BreadcrumbList\",\"@id\":\"https:\/\/www.omrserrature.it\/es\/producto\/srtx04693-bombin-de-cerraduras-de-laminas\/#breadcrumb\",\"itemListElement\":[{\"@type\":\"ListItem\",\"position\":1,\"name\":\"Home\",\"item\":\"https:\/\/www.omrserrature.it\/es\/omr-cerradiras-y-sistemas-de-cierre\/\"},{\"@type\":\"ListItem\",\"position\":2,\"name\":\"Cat\u00e1logo\",\"item\":\"https:\/\/www.omrserrature.it\/catalogo\/?lang=es\"},{\"@type\":\"ListItem\",\"position\":3,\"name\":\"Productos\",\"item\":\"https:\/\/www.omrserrature.it\/es\/inventario\/productos\/\"},{\"@type\":\"ListItem\",\"position\":4,\"name\":\"rotores\",\"item\":\"https:\/\/www.omrserrature.it\/es\/inventario\/productos\/rotores\/\"},{\"@type\":\"ListItem\",\"position\":5,\"name\":\"SRTX04693 &#8211; Bombin de cerraduras de l\u00e1minas\"}]},{\"@type\":\"WebSite\",\"@id\":\"https:\/\/www.omrserrature.it\/es\/#website\",\"url\":\"https:\/\/www.omrserrature.it\/es\/\",\"name\":\"OMR Serrature | Produzione sistemi di chiusura\",\"description\":\"Produzione serrature di sicurezza e sistemi di chiusura\",\"publisher\":{\"@id\":\"https:\/\/www.omrserrature.it\/es\/#organization\"},\"potentialAction\":[{\"@type\":\"SearchAction\",\"target\":{\"@type\":\"EntryPoint\",\"urlTemplate\":\"https:\/\/www.omrserrature.it\/es\/?s={search_term_string}\"},\"query-input\":{\"@type\":\"PropertyValueSpecification\",\"valueRequired\":true,\"valueName\":\"search_term_string\"}}],\"inLanguage\":\"es\"},{\"@type\":\"Organization\",\"@id\":\"https:\/\/www.omrserrature.it\/es\/#organization\",\"name\":\"OMR Serrature | Produzione sistemi di chiusura\",\"url\":\"https:\/\/www.omrserrature.it\/es\/\",\"logo\":{\"@type\":\"ImageObject\",\"inLanguage\":\"es\",\"@id\":\"https:\/\/www.omrserrature.it\/es\/#\/schema\/logo\/image\/\",\"url\":\"https:\/\/www.omrserrature.it\/wp-content\/uploads\/2017\/09\/favicon-omr-114.png\",\"contentUrl\":\"https:\/\/www.omrserrature.it\/wp-content\/uploads\/2017\/09\/favicon-omr-114.png\",\"width\":114,\"height\":114,\"caption\":\"OMR Serrature | Produzione sistemi di chiusura\"},\"image\":{\"@id\":\"https:\/\/www.omrserrature.it\/es\/#\/schema\/logo\/image\/\"},\"sameAs\":[\"https:\/\/www.facebook.com\/OMRserrature\",\"https:\/\/www.linkedin.com\/company\/omrserrature\/\",\"https:\/\/www.youtube.com\/channel\/UCxmA85z2R0EpG_6IRokiAkg\"]}]}<\/script>\n<!-- \/ Yoast SEO plugin. -->","yoast_head_json":{"title":"SRTX04693 - Bombin de cerraduras de l\u00e1minas - OMR Serrature","robots":{"index":"index","follow":"follow","max-snippet":"max-snippet:-1","max-image-preview":"max-image-preview:large","max-video-preview":"max-video-preview:-1"},"canonical":"https:\/\/www.omrserrature.it\/es\/producto\/srtx04693-bombin-de-cerraduras-de-laminas\/","og_locale":"es_ES","og_type":"article","og_title":"SRTX04693 - Bombin de cerraduras de l\u00e1minas - OMR Serrature","og_description":"El bombin es el corazn de la cerradura: sujeta la llave, lee su perfil a travs de unas Lminas de acero y, una vez desbloqueado, transmite el movimiento al sistema de cierre. En OMR fabricamos bombines de zamak de alta calidad, resistentes al desgaste, que pueden personalizarse seg\u00fan los planos del cliente. Cada componente se somete a un riguroso control de calidad para garantizar su durabilidad, precisi\u00f3n y seguridad en aplicaciones como taquillas, buzones, puertas y sistemas de cierre industriales.","og_url":"https:\/\/www.omrserrature.it\/es\/producto\/srtx04693-bombin-de-cerraduras-de-laminas\/","og_site_name":"OMR Serrature | Produzione sistemi di chiusura","article_publisher":"https:\/\/www.facebook.com\/OMRserrature","article_modified_time":"2026-04-08T09:13:00+00:00","og_image":[{"width":1000,"height":1000,"url":"https:\/\/www.omrserrature.it\/wp-content\/uploads\/2021\/05\/SRTX04693.jpg","type":"image\/jpeg"}],"twitter_card":"summary_large_image","twitter_misc":{"Tiempo de lectura":"2 minutos"},"schema":{"@context":"https:\/\/schema.org","@graph":[{"@type":"WebPage","@id":"https:\/\/www.omrserrature.it\/es\/producto\/srtx04693-bombin-de-cerraduras-de-laminas\/","url":"https:\/\/www.omrserrature.it\/es\/producto\/srtx04693-bombin-de-cerraduras-de-laminas\/","name":"SRTX04693 - Bombin de cerraduras de l\u00e1minas - OMR Serrature","isPartOf":{"@id":"https:\/\/www.omrserrature.it\/es\/#website"},"primaryImageOfPage":{"@id":"https:\/\/www.omrserrature.it\/es\/producto\/srtx04693-bombin-de-cerraduras-de-laminas\/#primaryimage"},"image":{"@id":"https:\/\/www.omrserrature.it\/es\/producto\/srtx04693-bombin-de-cerraduras-de-laminas\/#primaryimage"},"thumbnailUrl":"https:\/\/www.omrserrature.it\/wp-content\/uploads\/2021\/05\/SRTX04693.jpg","datePublished":"2019-05-21T10:13:00+00:00","dateModified":"2026-04-08T09:13:00+00:00","breadcrumb":{"@id":"https:\/\/www.omrserrature.it\/es\/producto\/srtx04693-bombin-de-cerraduras-de-laminas\/#breadcrumb"},"inLanguage":"es","potentialAction":[{"@type":"ReadAction","target":["https:\/\/www.omrserrature.it\/es\/producto\/srtx04693-bombin-de-cerraduras-de-laminas\/"]}]},{"@type":"ImageObject","inLanguage":"es","@id":"https:\/\/www.omrserrature.it\/es\/producto\/srtx04693-bombin-de-cerraduras-de-laminas\/#primaryimage","url":"https:\/\/www.omrserrature.it\/wp-content\/uploads\/2021\/05\/SRTX04693.jpg","contentUrl":"https:\/\/www.omrserrature.it\/wp-content\/uploads\/2021\/05\/SRTX04693.jpg","width":1000,"height":1000,"caption":"Cerraduras de bombin OMR - C\u00f3digo SRTX04693"},{"@type":"BreadcrumbList","@id":"https:\/\/www.omrserrature.it\/es\/producto\/srtx04693-bombin-de-cerraduras-de-laminas\/#breadcrumb","itemListElement":[{"@type":"ListItem","position":1,"name":"Home","item":"https:\/\/www.omrserrature.it\/es\/omr-cerradiras-y-sistemas-de-cierre\/"},{"@type":"ListItem","position":2,"name":"Cat\u00e1logo","item":"https:\/\/www.omrserrature.it\/catalogo\/?lang=es"},{"@type":"ListItem","position":3,"name":"Productos","item":"https:\/\/www.omrserrature.it\/es\/inventario\/productos\/"},{"@type":"ListItem","position":4,"name":"rotores","item":"https:\/\/www.omrserrature.it\/es\/inventario\/productos\/rotores\/"},{"@type":"ListItem","position":5,"name":"SRTX04693 &#8211; Bombin de cerraduras de l\u00e1minas"}]},{"@type":"WebSite","@id":"https:\/\/www.omrserrature.it\/es\/#website","url":"https:\/\/www.omrserrature.it\/es\/","name":"OMR Serrature | Produzione sistemi di chiusura","description":"Produzione serrature di sicurezza e sistemi di chiusura","publisher":{"@id":"https:\/\/www.omrserrature.it\/es\/#organization"},"potentialAction":[{"@type":"SearchAction","target":{"@type":"EntryPoint","urlTemplate":"https:\/\/www.omrserrature.it\/es\/?s={search_term_string}"},"query-input":{"@type":"PropertyValueSpecification","valueRequired":true,"valueName":"search_term_string"}}],"inLanguage":"es"},{"@type":"Organization","@id":"https:\/\/www.omrserrature.it\/es\/#organization","name":"OMR Serrature | Produzione sistemi di chiusura","url":"https:\/\/www.omrserrature.it\/es\/","logo":{"@type":"ImageObject","inLanguage":"es","@id":"https:\/\/www.omrserrature.it\/es\/#\/schema\/logo\/image\/","url":"https:\/\/www.omrserrature.it\/wp-content\/uploads\/2017\/09\/favicon-omr-114.png","contentUrl":"https:\/\/www.omrserrature.it\/wp-content\/uploads\/2017\/09\/favicon-omr-114.png","width":114,"height":114,"caption":"OMR Serrature | Produzione sistemi di chiusura"},"image":{"@id":"https:\/\/www.omrserrature.it\/es\/#\/schema\/logo\/image\/"},"sameAs":["https:\/\/www.facebook.com\/OMRserrature","https:\/\/www.linkedin.com\/company\/omrserrature\/","https:\/\/www.youtube.com\/channel\/UCxmA85z2R0EpG_6IRokiAkg"]}]}},"_links":{"self":[{"href":"https:\/\/www.omrserrature.it\/es\/wp-json\/wp\/v2\/product\/243375","targetHints":{"allow":["GET"]}}],"collection":[{"href":"https:\/\/www.omrserrature.it\/es\/wp-json\/wp\/v2\/product"}],"about":[{"href":"https:\/\/www.omrserrature.it\/es\/wp-json\/wp\/v2\/types\/product"}],"replies":[{"embeddable":true,"href":"https:\/\/www.omrserrature.it\/es\/wp-json\/wp\/v2\/comments?post=243375"}],"wp:featuredmedia":[{"embeddable":true,"href":"https:\/\/www.omrserrature.it\/es\/wp-json\/wp\/v2\/media\/20179"}],"wp:attachment":[{"href":"https:\/\/www.omrserrature.it\/es\/wp-json\/wp\/v2\/media?parent=243375"}],"wp:term":[{"taxonomy":"product_brand","embeddable":true,"href":"https:\/\/www.omrserrature.it\/es\/wp-json\/wp\/v2\/product_brand?post=243375"},{"taxonomy":"product_cat","embeddable":true,"href":"https:\/\/www.omrserrature.it\/es\/wp-json\/wp\/v2\/product_cat?post=243375"},{"taxonomy":"product_tag","embeddable":true,"href":"https:\/\/www.omrserrature.it\/es\/wp-json\/wp\/v2\/product_tag?post=243375"}],"curies":[{"name":"wp","href":"https:\/\/api.w.org\/{rel}","templated":true}]}}