{"id":243328,"date":"2017-10-09T15:50:03","date_gmt":"2009-10-17T13:50:00","guid":{"rendered":"https:\/\/www.staging6.omrserrature.it\/prodotto\/cerradura-universal-o-18\/"},"modified":"2026-04-08T13:13:13","modified_gmt":"2026-04-08T11:13:13","slug":"cerradura-universal-o-18","status":"publish","type":"product","link":"https:\/\/www.omrserrature.it\/es\/producto\/cerradura-universal-o-18\/","title":{"rendered":"Cerradura universal \u00d8 18"},"content":{"rendered":"<p>La <strong>cerradura universal de palanca<\/strong> con mecanismo de l\u00e1minas es una de las m\u00e1s populares en todos los \u00e1mbitos. La llave de lat\u00f3n niquelado mueve el bombin de l\u00e1minas central situado dentro de una caja de aleaci\u00f3n de zinc llamada estator, buje o cuerpo. El di\u00e1metro est\u00e1 fresado en dos lados opuestos (placas laterales) formando una doble D para impedir la rotaci\u00f3n de la cerradura de palanca en el asiento de instalaci\u00f3n.   El funcionamiento de la <strong>palanca<\/strong> trasera determina si el bloqueo est\u00e1 cerrado o abierto.<\/p>\n<p>El cuerpo y el bombin de la cerradura de palanca son de aleaci\u00f3n de zinc y la leng\u00fceta, de acero. El extremo cuadrado de 7 mm tambi\u00e9n permite la instalaci\u00f3n de diversas <strong>palancas rectas, dobladas o de gancho<\/strong>. Un di\u00e1metro de 18 caracteriza este producto en el que la llave puede extraerse tanto en posici\u00f3n abierta como cerrada.  El <strong>cuerpo totalmente roscado<\/strong> permite la fijaci\u00f3n con tuerca.<\/p>\n<p>La cerradura universal de palanca de 18 mm de di\u00e1metro es la alternativa competitiva a la<a href=\"https:\/\/www.omrserrature.it\/es\/producto\/cerradura-universal-o-18\/\" target=\"_blank\" rel=\"noopener\">\u00abcerradura debuz\u00f3n<\/a>\u00bb de pernos, tambi\u00e9n conocida bajo la marca<strong>\u00abMichel<\/strong>\u00bb y utilizada en <strong>los buzones Seat<\/strong>. Gracias a su peque\u00f1o cuerpo,<strong> tambi\u00e9n se utiliza en puertas de cristal<\/strong> de tablones de anuncios y vitrinas. <\/p>\n","protected":false},"excerpt":{"rendered":"<p><strong>Cerradura universal de palanca<\/strong> con mecanismo de l\u00e1minas y 18 mm de di\u00e1metro, una de las m\u00e1s populares por su versatilidad y compacidad. Cuerpo de aleaci\u00f3n de zinc, bombin de l\u00e1minas y leng\u00fceta trasera para abrir y cerrar. <strong>Puede instalarse con tuerca<\/strong> en varillas met\u00e1licas o de cristal, tambi\u00e9n es ideal como alternativa a la <a href=\"https:\/\/www.omrserrature.it\/es\/producto\/cerradura-universal-o-18\/\">cerradura de buz\u00f3n tipo Michel<\/a>. <\/p>\n","protected":false},"featured_media":243329,"comment_status":"open","ping_status":"closed","template":"","meta":{"_acf_changed":false,"_et_pb_use_builder":"","_et_pb_old_content":"","_et_gb_content_width":""},"product_brand":[],"product_cat":[3989,3926,3890,3931,3943,3951,3882,3887,3980,3912,3998,3884,3920,3957,3896,3909,3901,3900,3880,3904,3905,3907,3885,3997,3906,3921,3883,3898,3903,3894,3895,3911,3889,3888,3917,3999,3915,3908,3919,3881,3992,3994,3987],"product_tag":[],"class_list":{"0":"post-243328","1":"product","2":"type-product","3":"status-publish","4":"has-post-thumbnail","6":"product_cat-banca-y-correos","7":"product_cat-batiente","8":"product_cat-cerradura-de-armario-conforme-a-gdpr","9":"product_cat-cerradura-universal-de-laminas","10":"product_cat-cerraduras-con-bombin-extraible","11":"product_cat-cerraduras-con-llave-maestra","12":"product_cat-cerraduras-de-armarios","13":"product_cat-cerraduras-de-maquinas","14":"product_cat-cerraduras-de-palanca","15":"product_cat-cerraduras-de-puertas","16":"product_cat-cerraduras-de-puertas-2","17":"product_cat-cerraduras-de-seguridad","18":"product_cat-cerraduras-de-seguridad-para-muebles","19":"product_cat-cerraduras-impermeables-inoxidables","20":"product_cat-cerraduras-para-almacenes-automaticos","21":"product_cat-cerraduras-para-apartados-de-correos","22":"product_cat-cerraduras-para-armarios-de-epi","23":"product_cat-cerraduras-para-armarios-de-sustancias-peligrosas","24":"product_cat-cerraduras-para-armarios-electricos","25":"product_cat-cerraduras-para-armarios-fitosanitarios","26":"product_cat-cerraduras-para-armarios-industriales","27":"product_cat-cerraduras-para-armeros","28":"product_cat-cerraduras-para-buzones","29":"product_cat-cerraduras-para-buzones-2","30":"product_cat-cerraduras-para-cajas-fuertes","31":"product_cat-cerraduras-para-carrocerias-frigorificas","32":"product_cat-cerraduras-para-carros-profesionales","33":"product_cat-cerraduras-para-dispensadores","34":"product_cat-cerraduras-para-guardaesquis","35":"product_cat-cerraduras-para-interruptores","36":"product_cat-cerraduras-para-la-industria-electromecanica","37":"product_cat-cerraduras-para-maquinas-recreativas","38":"product_cat-cerraduras-para-medios-de-transporte","39":"product_cat-cerraduras-para-muebles","40":"product_cat-cerraduras-para-rotulos","41":"product_cat-cerraduras-para-taquillas-2","42":"product_cat-cerraduras-para-taquillas","43":"product_cat-cerraduras-para-taquillas-de-paquetes","44":"product_cat-cerraduras-para-vitrinas","45":"product_cat-cerraduras-profesionales-para-muebles","46":"product_cat-educativos-y-culturales","47":"product_cat-hospital-y-sanidad","48":"product_cat-sistemas-de-cierre-para-la-industria","50":"first","51":"instock","52":"shipping-taxable","53":"product-type-simple"},"acf":{"pdf1":"https:\/\/www.omrserrature.it\/wp-content\/uploads\/schede\/Scheda_161950.pdf"},"yoast_head":"<!-- This site is optimized with the Yoast SEO plugin v27.2 - https:\/\/yoast.com\/product\/yoast-seo-wordpress\/ -->\n<title>Cerradura universal \u00d8 18 - OMR Serrature<\/title>\n<meta name=\"robots\" content=\"index, follow, max-snippet:-1, max-image-preview:large, max-video-preview:-1\" \/>\n<link rel=\"canonical\" href=\"https:\/\/www.omrserrature.it\/es\/producto\/cerradura-universal-o-18\/\" \/>\n<meta property=\"og:locale\" content=\"es_ES\" \/>\n<meta property=\"og:type\" content=\"article\" \/>\n<meta property=\"og:title\" content=\"Cerradura universal \u00d8 18 - OMR Serrature\" \/>\n<meta property=\"og:description\" content=\"Cerradura universal de palanca con mecanismo de l\u00e1minas y 18 mm de di\u00e1metro, una de las m\u00e1s populares por su versatilidad y compacidad. Cuerpo de aleaci\u00f3n de zinc, bombin de l\u00e1minas y leng\u00fceta trasera para abrir y cerrar. Puede instalarse con tuerca en varillas met\u00e1licas o de cristal, tambi\u00e9n es ideal como alternativa a la cerradura de buz\u00f3n tipo Michel.\" \/>\n<meta property=\"og:url\" content=\"https:\/\/www.omrserrature.it\/es\/producto\/cerradura-universal-o-18\/\" \/>\n<meta property=\"og:site_name\" content=\"OMR Serrature | Produzione sistemi di chiusura\" \/>\n<meta property=\"article:publisher\" content=\"https:\/\/www.facebook.com\/OMRserrature\" \/>\n<meta property=\"article:modified_time\" content=\"2026-04-08T11:13:13+00:00\" \/>\n<meta property=\"og:image\" content=\"https:\/\/www.omrserrature.it\/wp-content\/uploads\/2017\/10\/Serratura-universale-diamentro-18mm.jpg\" \/>\n\t<meta property=\"og:image:width\" content=\"600\" \/>\n\t<meta property=\"og:image:height\" content=\"600\" \/>\n\t<meta property=\"og:image:type\" content=\"image\/jpeg\" \/>\n<meta name=\"twitter:card\" content=\"summary_large_image\" \/>\n<meta name=\"twitter:label1\" content=\"Tiempo de lectura\" \/>\n\t<meta name=\"twitter:data1\" content=\"1 minuto\" \/>\n<script type=\"application\/ld+json\" class=\"yoast-schema-graph\">{\"@context\":\"https:\/\/schema.org\",\"@graph\":[{\"@type\":\"WebPage\",\"@id\":\"https:\/\/www.omrserrature.it\/es\/producto\/cerradura-universal-o-18\/\",\"url\":\"https:\/\/www.omrserrature.it\/es\/producto\/cerradura-universal-o-18\/\",\"name\":\"Cerradura universal \u00d8 18 - OMR Serrature\",\"isPartOf\":{\"@id\":\"https:\/\/www.omrserrature.it\/es\/#website\"},\"primaryImageOfPage\":{\"@id\":\"https:\/\/www.omrserrature.it\/es\/producto\/cerradura-universal-o-18\/#primaryimage\"},\"image\":{\"@id\":\"https:\/\/www.omrserrature.it\/es\/producto\/cerradura-universal-o-18\/#primaryimage\"},\"thumbnailUrl\":\"https:\/\/www.omrserrature.it\/wp-content\/uploads\/2017\/10\/Serratura-universale-diamentro-18mm.jpg\",\"datePublished\":\"2009-10-17T13:50:00+00:00\",\"dateModified\":\"2026-04-08T11:13:13+00:00\",\"breadcrumb\":{\"@id\":\"https:\/\/www.omrserrature.it\/es\/producto\/cerradura-universal-o-18\/#breadcrumb\"},\"inLanguage\":\"es\",\"potentialAction\":[{\"@type\":\"ReadAction\",\"target\":[\"https:\/\/www.omrserrature.it\/es\/producto\/cerradura-universal-o-18\/\"]}]},{\"@type\":\"ImageObject\",\"inLanguage\":\"es\",\"@id\":\"https:\/\/www.omrserrature.it\/es\/producto\/cerradura-universal-o-18\/#primaryimage\",\"url\":\"https:\/\/www.omrserrature.it\/wp-content\/uploads\/2017\/10\/Serratura-universale-diamentro-18mm.jpg\",\"contentUrl\":\"https:\/\/www.omrserrature.it\/wp-content\/uploads\/2017\/10\/Serratura-universale-diamentro-18mm.jpg\",\"width\":600,\"height\":600,\"caption\":\"Cerradura universal di\u00e1metro 18 mm\"},{\"@type\":\"BreadcrumbList\",\"@id\":\"https:\/\/www.omrserrature.it\/es\/producto\/cerradura-universal-o-18\/#breadcrumb\",\"itemListElement\":[{\"@type\":\"ListItem\",\"position\":1,\"name\":\"Home\",\"item\":\"https:\/\/www.omrserrature.it\/es\/omr-cerradiras-y-sistemas-de-cierre\/\"},{\"@type\":\"ListItem\",\"position\":2,\"name\":\"Cat\u00e1logo\",\"item\":\"https:\/\/www.omrserrature.it\/catalogo\/?lang=es\"},{\"@type\":\"ListItem\",\"position\":3,\"name\":\"Aplicaciones\",\"item\":\"https:\/\/www.omrserrature.it\/es\/inventario\/aplicaciones\/\"},{\"@type\":\"ListItem\",\"position\":4,\"name\":\"Cerraduras de seguridad\",\"item\":\"https:\/\/www.omrserrature.it\/es\/inventario\/aplicaciones\/cerraduras-de-seguridad\/\"},{\"@type\":\"ListItem\",\"position\":5,\"name\":\"Cerradura universal \u00d8 18\"}]},{\"@type\":\"WebSite\",\"@id\":\"https:\/\/www.omrserrature.it\/es\/#website\",\"url\":\"https:\/\/www.omrserrature.it\/es\/\",\"name\":\"OMR Serrature | Produzione sistemi di chiusura\",\"description\":\"Produzione serrature di sicurezza e sistemi di chiusura\",\"publisher\":{\"@id\":\"https:\/\/www.omrserrature.it\/es\/#organization\"},\"potentialAction\":[{\"@type\":\"SearchAction\",\"target\":{\"@type\":\"EntryPoint\",\"urlTemplate\":\"https:\/\/www.omrserrature.it\/es\/?s={search_term_string}\"},\"query-input\":{\"@type\":\"PropertyValueSpecification\",\"valueRequired\":true,\"valueName\":\"search_term_string\"}}],\"inLanguage\":\"es\"},{\"@type\":\"Organization\",\"@id\":\"https:\/\/www.omrserrature.it\/es\/#organization\",\"name\":\"OMR Serrature | Produzione sistemi di chiusura\",\"url\":\"https:\/\/www.omrserrature.it\/es\/\",\"logo\":{\"@type\":\"ImageObject\",\"inLanguage\":\"es\",\"@id\":\"https:\/\/www.omrserrature.it\/es\/#\/schema\/logo\/image\/\",\"url\":\"https:\/\/www.omrserrature.it\/wp-content\/uploads\/2017\/09\/favicon-omr-114.png\",\"contentUrl\":\"https:\/\/www.omrserrature.it\/wp-content\/uploads\/2017\/09\/favicon-omr-114.png\",\"width\":114,\"height\":114,\"caption\":\"OMR Serrature | Produzione sistemi di chiusura\"},\"image\":{\"@id\":\"https:\/\/www.omrserrature.it\/es\/#\/schema\/logo\/image\/\"},\"sameAs\":[\"https:\/\/www.facebook.com\/OMRserrature\",\"https:\/\/www.linkedin.com\/company\/omrserrature\/\",\"https:\/\/www.youtube.com\/channel\/UCxmA85z2R0EpG_6IRokiAkg\"]}]}<\/script>\n<!-- \/ Yoast SEO plugin. -->","yoast_head_json":{"title":"Cerradura universal \u00d8 18 - OMR Serrature","robots":{"index":"index","follow":"follow","max-snippet":"max-snippet:-1","max-image-preview":"max-image-preview:large","max-video-preview":"max-video-preview:-1"},"canonical":"https:\/\/www.omrserrature.it\/es\/producto\/cerradura-universal-o-18\/","og_locale":"es_ES","og_type":"article","og_title":"Cerradura universal \u00d8 18 - OMR Serrature","og_description":"Cerradura universal de palanca con mecanismo de l\u00e1minas y 18 mm de di\u00e1metro, una de las m\u00e1s populares por su versatilidad y compacidad. Cuerpo de aleaci\u00f3n de zinc, bombin de l\u00e1minas y leng\u00fceta trasera para abrir y cerrar. Puede instalarse con tuerca en varillas met\u00e1licas o de cristal, tambi\u00e9n es ideal como alternativa a la cerradura de buz\u00f3n tipo Michel.","og_url":"https:\/\/www.omrserrature.it\/es\/producto\/cerradura-universal-o-18\/","og_site_name":"OMR Serrature | Produzione sistemi di chiusura","article_publisher":"https:\/\/www.facebook.com\/OMRserrature","article_modified_time":"2026-04-08T11:13:13+00:00","og_image":[{"width":600,"height":600,"url":"https:\/\/www.omrserrature.it\/wp-content\/uploads\/2017\/10\/Serratura-universale-diamentro-18mm.jpg","type":"image\/jpeg"}],"twitter_card":"summary_large_image","twitter_misc":{"Tiempo de lectura":"1 minuto"},"schema":{"@context":"https:\/\/schema.org","@graph":[{"@type":"WebPage","@id":"https:\/\/www.omrserrature.it\/es\/producto\/cerradura-universal-o-18\/","url":"https:\/\/www.omrserrature.it\/es\/producto\/cerradura-universal-o-18\/","name":"Cerradura universal \u00d8 18 - OMR Serrature","isPartOf":{"@id":"https:\/\/www.omrserrature.it\/es\/#website"},"primaryImageOfPage":{"@id":"https:\/\/www.omrserrature.it\/es\/producto\/cerradura-universal-o-18\/#primaryimage"},"image":{"@id":"https:\/\/www.omrserrature.it\/es\/producto\/cerradura-universal-o-18\/#primaryimage"},"thumbnailUrl":"https:\/\/www.omrserrature.it\/wp-content\/uploads\/2017\/10\/Serratura-universale-diamentro-18mm.jpg","datePublished":"2009-10-17T13:50:00+00:00","dateModified":"2026-04-08T11:13:13+00:00","breadcrumb":{"@id":"https:\/\/www.omrserrature.it\/es\/producto\/cerradura-universal-o-18\/#breadcrumb"},"inLanguage":"es","potentialAction":[{"@type":"ReadAction","target":["https:\/\/www.omrserrature.it\/es\/producto\/cerradura-universal-o-18\/"]}]},{"@type":"ImageObject","inLanguage":"es","@id":"https:\/\/www.omrserrature.it\/es\/producto\/cerradura-universal-o-18\/#primaryimage","url":"https:\/\/www.omrserrature.it\/wp-content\/uploads\/2017\/10\/Serratura-universale-diamentro-18mm.jpg","contentUrl":"https:\/\/www.omrserrature.it\/wp-content\/uploads\/2017\/10\/Serratura-universale-diamentro-18mm.jpg","width":600,"height":600,"caption":"Cerradura universal di\u00e1metro 18 mm"},{"@type":"BreadcrumbList","@id":"https:\/\/www.omrserrature.it\/es\/producto\/cerradura-universal-o-18\/#breadcrumb","itemListElement":[{"@type":"ListItem","position":1,"name":"Home","item":"https:\/\/www.omrserrature.it\/es\/omr-cerradiras-y-sistemas-de-cierre\/"},{"@type":"ListItem","position":2,"name":"Cat\u00e1logo","item":"https:\/\/www.omrserrature.it\/catalogo\/?lang=es"},{"@type":"ListItem","position":3,"name":"Aplicaciones","item":"https:\/\/www.omrserrature.it\/es\/inventario\/aplicaciones\/"},{"@type":"ListItem","position":4,"name":"Cerraduras de seguridad","item":"https:\/\/www.omrserrature.it\/es\/inventario\/aplicaciones\/cerraduras-de-seguridad\/"},{"@type":"ListItem","position":5,"name":"Cerradura universal \u00d8 18"}]},{"@type":"WebSite","@id":"https:\/\/www.omrserrature.it\/es\/#website","url":"https:\/\/www.omrserrature.it\/es\/","name":"OMR Serrature | Produzione sistemi di chiusura","description":"Produzione serrature di sicurezza e sistemi di chiusura","publisher":{"@id":"https:\/\/www.omrserrature.it\/es\/#organization"},"potentialAction":[{"@type":"SearchAction","target":{"@type":"EntryPoint","urlTemplate":"https:\/\/www.omrserrature.it\/es\/?s={search_term_string}"},"query-input":{"@type":"PropertyValueSpecification","valueRequired":true,"valueName":"search_term_string"}}],"inLanguage":"es"},{"@type":"Organization","@id":"https:\/\/www.omrserrature.it\/es\/#organization","name":"OMR Serrature | Produzione sistemi di chiusura","url":"https:\/\/www.omrserrature.it\/es\/","logo":{"@type":"ImageObject","inLanguage":"es","@id":"https:\/\/www.omrserrature.it\/es\/#\/schema\/logo\/image\/","url":"https:\/\/www.omrserrature.it\/wp-content\/uploads\/2017\/09\/favicon-omr-114.png","contentUrl":"https:\/\/www.omrserrature.it\/wp-content\/uploads\/2017\/09\/favicon-omr-114.png","width":114,"height":114,"caption":"OMR Serrature | Produzione sistemi di chiusura"},"image":{"@id":"https:\/\/www.omrserrature.it\/es\/#\/schema\/logo\/image\/"},"sameAs":["https:\/\/www.facebook.com\/OMRserrature","https:\/\/www.linkedin.com\/company\/omrserrature\/","https:\/\/www.youtube.com\/channel\/UCxmA85z2R0EpG_6IRokiAkg"]}]}},"_links":{"self":[{"href":"https:\/\/www.omrserrature.it\/es\/wp-json\/wp\/v2\/product\/243328","targetHints":{"allow":["GET"]}}],"collection":[{"href":"https:\/\/www.omrserrature.it\/es\/wp-json\/wp\/v2\/product"}],"about":[{"href":"https:\/\/www.omrserrature.it\/es\/wp-json\/wp\/v2\/types\/product"}],"replies":[{"embeddable":true,"href":"https:\/\/www.omrserrature.it\/es\/wp-json\/wp\/v2\/comments?post=243328"}],"wp:featuredmedia":[{"embeddable":true,"href":"https:\/\/www.omrserrature.it\/es\/wp-json\/wp\/v2\/media\/243329"}],"wp:attachment":[{"href":"https:\/\/www.omrserrature.it\/es\/wp-json\/wp\/v2\/media?parent=243328"}],"wp:term":[{"taxonomy":"product_brand","embeddable":true,"href":"https:\/\/www.omrserrature.it\/es\/wp-json\/wp\/v2\/product_brand?post=243328"},{"taxonomy":"product_cat","embeddable":true,"href":"https:\/\/www.omrserrature.it\/es\/wp-json\/wp\/v2\/product_cat?post=243328"},{"taxonomy":"product_tag","embeddable":true,"href":"https:\/\/www.omrserrature.it\/es\/wp-json\/wp\/v2\/product_tag?post=243328"}],"curies":[{"name":"wp","href":"https:\/\/api.w.org\/{rel}","templated":true}]}}