{"id":243312,"date":"2024-05-28T11:49:06","date_gmt":"2024-05-28T09:49:06","guid":{"rendered":"https:\/\/www.staging6.omrserrature.it\/prodotto\/cerradura-de-bombin-de-acero-inoxidable\/"},"modified":"2026-04-08T11:14:15","modified_gmt":"2026-04-08T09:14:15","slug":"cerradura-de-bombin-de-acero-inoxidable","status":"publish","type":"product","link":"https:\/\/www.omrserrature.it\/es\/producto\/cerradura-de-bombin-de-acero-inoxidable\/","title":{"rendered":"Cerradura de bombin de acero inoxidable"},"content":{"rendered":"<p>La <strong>cerradura universal de palanca<\/strong> con <strong>mecanismo de l\u00e1minas<\/strong>, <strong>tapa guardapolvo y tap\u00f3n de acero inoxidable<\/strong>, llamada amistosamente trinquete, es una de las cerraduras m\u00e1s fiables en cuanto a resistencia a la intemperie y a la corrosi\u00f3n. La llave de lat\u00f3n niquelado mueve el bombin de l\u00e1minas central situado dentro de una caja de aleaci\u00f3n de zinc llamada cuerpo o buje.  El di\u00e1metro est\u00e1 fresado en dos lados opuestos (placas laterales) formando una doble D para evitar la rotaci\u00f3n del cierre de leva en el asiento de instalaci\u00f3n. El funcionamiento de la<strong> palanca<\/strong> trasera determina si el bloqueo est\u00e1 cerrado o abierto.<\/p>\n<p>El cuerpo, el bombin y la palanca de la cerradura son de aleacion de zinc y la tapa de acero inoxidable. La <strong>tapa cuadrada de 7 mm<\/strong> tambi\u00e9n permite la instalaci\u00f3n de varias   <strong>palancas rectas, plegadas o de gancho. En <\/strong> el <strong>cuerpo<\/strong> totalmente <strong>roscado<\/strong> permite la fijaci\u00f3n por tuerca, pero tambi\u00e9n por horquilla o clip para<strong>una instalaci\u00f3n r\u00e1pida <\/strong><strong><span style=\"font-weight: normal;\">en chapas de acero, aluminio o pl\u00e1stico<\/span><\/strong>.<\/p>\n<p>Por eso, la cerradura universal de palanca con tapa guardapolvo y tap\u00f3n de acero inoxidable es ideal para muebles y recipientes que vayan a instalarse en el exterior, como ba\u00fales de moto, maleteros y bacas de coche, portabicicletas, portaesqu\u00eds, puertas met\u00e1licas, trampillas, trabajos de carpinter\u00eda, cajas de chapa, m\u00e1quinas expendedoras y sistemas de lavado de coches.<\/p>\n","protected":false},"excerpt":{"rendered":"<p>La cerradura universal de palanca con mecanismo de l\u00e1minas, completa con guardapolvo y tapa de acero inoxidable,<strong> est\u00e1 dise\u00f1ada para resistir la intemperie y la corrosi\u00f3n<\/strong>. La llave de lat\u00f3n acciona un bombin de l\u00e1minas central que se asienta dentro de un cuerpo de aleaci\u00f3n de zinc con un di\u00e1metro fresado en doble D, que impide la rotaci\u00f3n de la cerradura en el alojamiento. El extremo cuadrado de 7 mm permite la instalaci\u00f3n de palancas rectas, dobladas o de gancho.   Est\u00e1 disponible con fijaci\u00f3n r\u00e1pida mediante horquilla (clip) o con tuerca, en chapas de acero, aluminio o pl\u00e1stico.  <strong>Ideal para aplicaciones exteriores como maleteros de moto, portabicicletas, puertas y sistemas de lavado de coches.<\/strong><\/p>\n","protected":false},"featured_media":3441,"comment_status":"open","ping_status":"closed","template":"","meta":{"_acf_changed":false,"_et_pb_use_builder":"off","_et_pb_old_content":"La <strong>cerradura universal de palanca<\/strong> con <strong>mecanismo de l\u00e1minas<\/strong>, <strong>tapa guardapolvo y tap\u00f3n de acero inoxidable<\/strong>, llamada amistosamente trinquete, es una de las cerraduras m\u00e1s fiables en cuanto a resistencia a la intemperie y a la corrosi\u00f3n. La llave de lat\u00f3n niquelado mueve el bombin de l\u00e1minas central situado dentro de una caja de aleaci\u00f3n de zinc llamada estator, buje o cuerpo. El di\u00e1metro est\u00e1 fresado en dos lados opuestos (placas laterales) formando una doble D para evitar la rotaci\u00f3n del cierre de leva en el asiento de instalaci\u00f3n. Accionando la<strong> leva trasera <\/strong>se determina el cierre o la apertura del bloque.\n\nEl cuerpo y el bombin de la cerradura de palanca son de aleaci\u00f3n de zinc y la leng\u00fceta de acero. El <strong>terminal cuadrado de 7 mm<\/strong> tambi\u00e9n permite instalar diversas <strong>palancas rectas, dobladas o de gancho<\/strong>, as\u00ed como eslingas para mover varillas (arriba\/abajo).  El <strong>cuerpo<\/strong> totalmente <strong>roscado<\/strong> permite la fijaci\u00f3n con una tuerca, pero tambi\u00e9n mediante una horquilla o clip para<strong>una instalaci\u00f3n r\u00e1pida <\/strong><strong><span style=\"font-weight: normal\">en chapas de acero, aluminio o pl\u00e1stico<\/span><\/strong>.\n\nPor tanto, la cerradura universal de palanca con tapa guardapolvo y tap\u00f3n de acero inoxidable es ideal para objetos que se instalen en el exterior, como maletas de moto, maleteros y barras de techo para coches, portabicicletas, portaesqu\u00eds, puertas met\u00e1licas, trampillas, elementos de carpinter\u00eda, cajas de chapa, sistemas de venta autom\u00e1tica y de lavado de coches.","_et_gb_content_width":""},"product_brand":[],"product_cat":[3890,3931,3951,3882,3925,3980,3884,3920,3957,3896,3902,3901,3900,3904,3905,3907,3906,3923,3921,3883,3922,3903,3894,3895,3889,3924,3908,3881],"product_tag":[],"class_list":{"0":"post-243312","1":"product","2":"type-product","3":"status-publish","4":"has-post-thumbnail","6":"product_cat-cerradura-de-armario-conforme-a-gdpr","7":"product_cat-cerradura-universal-de-laminas","8":"product_cat-cerraduras-con-llave-maestra","9":"product_cat-cerraduras-de-armarios","10":"product_cat-cerraduras-de-barcos","11":"product_cat-cerraduras-de-palanca","12":"product_cat-cerraduras-de-seguridad","13":"product_cat-cerraduras-de-seguridad-para-muebles","14":"product_cat-cerraduras-impermeables-inoxidables","15":"product_cat-cerraduras-para-almacenes-automaticos","16":"product_cat-cerraduras-para-armarios-de-balcon","17":"product_cat-cerraduras-para-armarios-de-epi","18":"product_cat-cerraduras-para-armarios-de-sustancias-peligrosas","19":"product_cat-cerraduras-para-armarios-fitosanitarios","20":"product_cat-cerraduras-para-armarios-industriales","21":"product_cat-cerraduras-para-armeros","22":"product_cat-cerraduras-para-cajas-fuertes","23":"product_cat-cerraduras-para-caravanas-y-autocaravanas","24":"product_cat-cerraduras-para-carrocerias-frigorificas","25":"product_cat-cerraduras-para-carros-profesionales","26":"product_cat-cerraduras-para-furgonetas","27":"product_cat-cerraduras-para-guardaesquis","28":"product_cat-cerraduras-para-interruptores","29":"product_cat-cerraduras-para-la-industria-electromecanica","30":"product_cat-cerraduras-para-medios-de-transporte","31":"product_cat-cerraduras-para-motos-y-scooters","32":"product_cat-cerraduras-para-taquillas-de-paquetes","33":"product_cat-cerraduras-profesionales-para-muebles","35":"first","36":"instock","37":"shipping-taxable","38":"purchasable","39":"product-type-variable"},"acf":{"pdf1":"https:\/\/www.omrserrature.it\/wp-content\/uploads\/2024\/05\/Scheda-162803.pdf"},"yoast_head":"<!-- This site is optimized with the Yoast SEO plugin v27.2 - https:\/\/yoast.com\/product\/yoast-seo-wordpress\/ -->\n<title>Cerradura de bombin de acero inoxidable - OMR Serrature<\/title>\n<meta name=\"robots\" content=\"index, follow, max-snippet:-1, max-image-preview:large, max-video-preview:-1\" \/>\n<link rel=\"canonical\" href=\"https:\/\/www.omrserrature.it\/es\/producto\/cerradura-de-bombin-de-acero-inoxidable\/\" \/>\n<meta property=\"og:locale\" content=\"es_ES\" \/>\n<meta property=\"og:type\" content=\"article\" \/>\n<meta property=\"og:title\" content=\"Cerradura de bombin de acero inoxidable - OMR Serrature\" \/>\n<meta property=\"og:description\" content=\"La cerradura universal de palanca con mecanismo de l\u00e1minas, completa con guardapolvo y tapa de acero inoxidable, est\u00e1 dise\u00f1ada para resistir la intemperie y la corrosi\u00f3n. La llave de lat\u00f3n acciona un bombin de l\u00e1minas central que se asienta dentro de un cuerpo de aleaci\u00f3n de zinc con un di\u00e1metro fresado en doble D, que impide la rotaci\u00f3n de la cerradura en el alojamiento. El extremo cuadrado de 7 mm permite la instalaci\u00f3n de palancas rectas, dobladas o de gancho.  Est\u00e1 disponible con fijaci\u00f3n r\u00e1pida mediante horquilla (clip) o con tuerca, en chapas de acero, aluminio o pl\u00e1stico. Ideal para aplicaciones exteriores como maleteros de moto, portabicicletas, puertas y sistemas de lavado de coches.\" \/>\n<meta property=\"og:url\" content=\"https:\/\/www.omrserrature.it\/es\/producto\/cerradura-de-bombin-de-acero-inoxidable\/\" \/>\n<meta property=\"og:site_name\" content=\"OMR Serrature | Produzione sistemi di chiusura\" \/>\n<meta property=\"article:publisher\" content=\"https:\/\/www.facebook.com\/OMRserrature\" \/>\n<meta property=\"article:modified_time\" content=\"2026-04-08T09:14:15+00:00\" \/>\n<meta property=\"og:image\" content=\"https:\/\/www.omrserrature.it\/wp-content\/uploads\/2017\/10\/serratura-universale-rotore-inox.jpg\" \/>\n\t<meta property=\"og:image:width\" content=\"731\" \/>\n\t<meta property=\"og:image:height\" content=\"271\" \/>\n\t<meta property=\"og:image:type\" content=\"image\/jpeg\" \/>\n<meta name=\"twitter:card\" content=\"summary_large_image\" \/>\n<meta name=\"twitter:label1\" content=\"Tiempo de lectura\" \/>\n\t<meta name=\"twitter:data1\" content=\"1 minuto\" \/>\n<script type=\"application\/ld+json\" class=\"yoast-schema-graph\">{\"@context\":\"https:\/\/schema.org\",\"@graph\":[{\"@type\":\"WebPage\",\"@id\":\"https:\/\/www.omrserrature.it\/es\/producto\/cerradura-de-bombin-de-acero-inoxidable\/\",\"url\":\"https:\/\/www.omrserrature.it\/es\/producto\/cerradura-de-bombin-de-acero-inoxidable\/\",\"name\":\"Cerradura de bombin de acero inoxidable - OMR Serrature\",\"isPartOf\":{\"@id\":\"https:\/\/www.omrserrature.it\/es\/#website\"},\"primaryImageOfPage\":{\"@id\":\"https:\/\/www.omrserrature.it\/es\/producto\/cerradura-de-bombin-de-acero-inoxidable\/#primaryimage\"},\"image\":{\"@id\":\"https:\/\/www.omrserrature.it\/es\/producto\/cerradura-de-bombin-de-acero-inoxidable\/#primaryimage\"},\"thumbnailUrl\":\"https:\/\/www.omrserrature.it\/wp-content\/uploads\/2017\/10\/serratura-universale-rotore-inox.jpg\",\"datePublished\":\"2024-05-28T09:49:06+00:00\",\"dateModified\":\"2026-04-08T09:14:15+00:00\",\"breadcrumb\":{\"@id\":\"https:\/\/www.omrserrature.it\/es\/producto\/cerradura-de-bombin-de-acero-inoxidable\/#breadcrumb\"},\"inLanguage\":\"es\",\"potentialAction\":[{\"@type\":\"ReadAction\",\"target\":[\"https:\/\/www.omrserrature.it\/es\/producto\/cerradura-de-bombin-de-acero-inoxidable\/\"]}]},{\"@type\":\"ImageObject\",\"inLanguage\":\"es\",\"@id\":\"https:\/\/www.omrserrature.it\/es\/producto\/cerradura-de-bombin-de-acero-inoxidable\/#primaryimage\",\"url\":\"https:\/\/www.omrserrature.it\/wp-content\/uploads\/2017\/10\/serratura-universale-rotore-inox.jpg\",\"contentUrl\":\"https:\/\/www.omrserrature.it\/wp-content\/uploads\/2017\/10\/serratura-universale-rotore-inox.jpg\",\"width\":731,\"height\":271,\"caption\":\"Cerradura universal de l\u00e1minas con bombin de acero inoxidable\"},{\"@type\":\"BreadcrumbList\",\"@id\":\"https:\/\/www.omrserrature.it\/es\/producto\/cerradura-de-bombin-de-acero-inoxidable\/#breadcrumb\",\"itemListElement\":[{\"@type\":\"ListItem\",\"position\":1,\"name\":\"Home\",\"item\":\"https:\/\/www.omrserrature.it\/es\/omr-cerradiras-y-sistemas-de-cierre\/\"},{\"@type\":\"ListItem\",\"position\":2,\"name\":\"Cat\u00e1logo\",\"item\":\"https:\/\/www.omrserrature.it\/catalogo\/?lang=es\"},{\"@type\":\"ListItem\",\"position\":3,\"name\":\"Productos\",\"item\":\"https:\/\/www.omrserrature.it\/es\/inventario\/productos\/\"},{\"@type\":\"ListItem\",\"position\":4,\"name\":\"Cerraduras\",\"item\":\"https:\/\/www.omrserrature.it\/es\/inventario\/productos\/cerraduras\/\"},{\"@type\":\"ListItem\",\"position\":5,\"name\":\"Cerradura universal de l\u00e1minas\",\"item\":\"https:\/\/www.omrserrature.it\/es\/inventario\/productos\/cerraduras\/cerradura-universal-de-laminas\/\"},{\"@type\":\"ListItem\",\"position\":6,\"name\":\"Cerradura de bombin de acero inoxidable\"}]},{\"@type\":\"WebSite\",\"@id\":\"https:\/\/www.omrserrature.it\/es\/#website\",\"url\":\"https:\/\/www.omrserrature.it\/es\/\",\"name\":\"OMR Serrature | Produzione sistemi di chiusura\",\"description\":\"Produzione serrature di sicurezza e sistemi di chiusura\",\"publisher\":{\"@id\":\"https:\/\/www.omrserrature.it\/es\/#organization\"},\"potentialAction\":[{\"@type\":\"SearchAction\",\"target\":{\"@type\":\"EntryPoint\",\"urlTemplate\":\"https:\/\/www.omrserrature.it\/es\/?s={search_term_string}\"},\"query-input\":{\"@type\":\"PropertyValueSpecification\",\"valueRequired\":true,\"valueName\":\"search_term_string\"}}],\"inLanguage\":\"es\"},{\"@type\":\"Organization\",\"@id\":\"https:\/\/www.omrserrature.it\/es\/#organization\",\"name\":\"OMR Serrature | Produzione sistemi di chiusura\",\"url\":\"https:\/\/www.omrserrature.it\/es\/\",\"logo\":{\"@type\":\"ImageObject\",\"inLanguage\":\"es\",\"@id\":\"https:\/\/www.omrserrature.it\/es\/#\/schema\/logo\/image\/\",\"url\":\"https:\/\/www.omrserrature.it\/wp-content\/uploads\/2017\/09\/favicon-omr-114.png\",\"contentUrl\":\"https:\/\/www.omrserrature.it\/wp-content\/uploads\/2017\/09\/favicon-omr-114.png\",\"width\":114,\"height\":114,\"caption\":\"OMR Serrature | Produzione sistemi di chiusura\"},\"image\":{\"@id\":\"https:\/\/www.omrserrature.it\/es\/#\/schema\/logo\/image\/\"},\"sameAs\":[\"https:\/\/www.facebook.com\/OMRserrature\",\"https:\/\/www.linkedin.com\/company\/omrserrature\/\",\"https:\/\/www.youtube.com\/channel\/UCxmA85z2R0EpG_6IRokiAkg\"]}]}<\/script>\n<!-- \/ Yoast SEO plugin. -->","yoast_head_json":{"title":"Cerradura de bombin de acero inoxidable - OMR Serrature","robots":{"index":"index","follow":"follow","max-snippet":"max-snippet:-1","max-image-preview":"max-image-preview:large","max-video-preview":"max-video-preview:-1"},"canonical":"https:\/\/www.omrserrature.it\/es\/producto\/cerradura-de-bombin-de-acero-inoxidable\/","og_locale":"es_ES","og_type":"article","og_title":"Cerradura de bombin de acero inoxidable - OMR Serrature","og_description":"La cerradura universal de palanca con mecanismo de l\u00e1minas, completa con guardapolvo y tapa de acero inoxidable, est\u00e1 dise\u00f1ada para resistir la intemperie y la corrosi\u00f3n. La llave de lat\u00f3n acciona un bombin de l\u00e1minas central que se asienta dentro de un cuerpo de aleaci\u00f3n de zinc con un di\u00e1metro fresado en doble D, que impide la rotaci\u00f3n de la cerradura en el alojamiento. El extremo cuadrado de 7 mm permite la instalaci\u00f3n de palancas rectas, dobladas o de gancho.  Est\u00e1 disponible con fijaci\u00f3n r\u00e1pida mediante horquilla (clip) o con tuerca, en chapas de acero, aluminio o pl\u00e1stico. Ideal para aplicaciones exteriores como maleteros de moto, portabicicletas, puertas y sistemas de lavado de coches.","og_url":"https:\/\/www.omrserrature.it\/es\/producto\/cerradura-de-bombin-de-acero-inoxidable\/","og_site_name":"OMR Serrature | Produzione sistemi di chiusura","article_publisher":"https:\/\/www.facebook.com\/OMRserrature","article_modified_time":"2026-04-08T09:14:15+00:00","og_image":[{"width":731,"height":271,"url":"https:\/\/www.omrserrature.it\/wp-content\/uploads\/2017\/10\/serratura-universale-rotore-inox.jpg","type":"image\/jpeg"}],"twitter_card":"summary_large_image","twitter_misc":{"Tiempo de lectura":"1 minuto"},"schema":{"@context":"https:\/\/schema.org","@graph":[{"@type":"WebPage","@id":"https:\/\/www.omrserrature.it\/es\/producto\/cerradura-de-bombin-de-acero-inoxidable\/","url":"https:\/\/www.omrserrature.it\/es\/producto\/cerradura-de-bombin-de-acero-inoxidable\/","name":"Cerradura de bombin de acero inoxidable - OMR Serrature","isPartOf":{"@id":"https:\/\/www.omrserrature.it\/es\/#website"},"primaryImageOfPage":{"@id":"https:\/\/www.omrserrature.it\/es\/producto\/cerradura-de-bombin-de-acero-inoxidable\/#primaryimage"},"image":{"@id":"https:\/\/www.omrserrature.it\/es\/producto\/cerradura-de-bombin-de-acero-inoxidable\/#primaryimage"},"thumbnailUrl":"https:\/\/www.omrserrature.it\/wp-content\/uploads\/2017\/10\/serratura-universale-rotore-inox.jpg","datePublished":"2024-05-28T09:49:06+00:00","dateModified":"2026-04-08T09:14:15+00:00","breadcrumb":{"@id":"https:\/\/www.omrserrature.it\/es\/producto\/cerradura-de-bombin-de-acero-inoxidable\/#breadcrumb"},"inLanguage":"es","potentialAction":[{"@type":"ReadAction","target":["https:\/\/www.omrserrature.it\/es\/producto\/cerradura-de-bombin-de-acero-inoxidable\/"]}]},{"@type":"ImageObject","inLanguage":"es","@id":"https:\/\/www.omrserrature.it\/es\/producto\/cerradura-de-bombin-de-acero-inoxidable\/#primaryimage","url":"https:\/\/www.omrserrature.it\/wp-content\/uploads\/2017\/10\/serratura-universale-rotore-inox.jpg","contentUrl":"https:\/\/www.omrserrature.it\/wp-content\/uploads\/2017\/10\/serratura-universale-rotore-inox.jpg","width":731,"height":271,"caption":"Cerradura universal de l\u00e1minas con bombin de acero inoxidable"},{"@type":"BreadcrumbList","@id":"https:\/\/www.omrserrature.it\/es\/producto\/cerradura-de-bombin-de-acero-inoxidable\/#breadcrumb","itemListElement":[{"@type":"ListItem","position":1,"name":"Home","item":"https:\/\/www.omrserrature.it\/es\/omr-cerradiras-y-sistemas-de-cierre\/"},{"@type":"ListItem","position":2,"name":"Cat\u00e1logo","item":"https:\/\/www.omrserrature.it\/catalogo\/?lang=es"},{"@type":"ListItem","position":3,"name":"Productos","item":"https:\/\/www.omrserrature.it\/es\/inventario\/productos\/"},{"@type":"ListItem","position":4,"name":"Cerraduras","item":"https:\/\/www.omrserrature.it\/es\/inventario\/productos\/cerraduras\/"},{"@type":"ListItem","position":5,"name":"Cerradura universal de l\u00e1minas","item":"https:\/\/www.omrserrature.it\/es\/inventario\/productos\/cerraduras\/cerradura-universal-de-laminas\/"},{"@type":"ListItem","position":6,"name":"Cerradura de bombin de acero inoxidable"}]},{"@type":"WebSite","@id":"https:\/\/www.omrserrature.it\/es\/#website","url":"https:\/\/www.omrserrature.it\/es\/","name":"OMR Serrature | Produzione sistemi di chiusura","description":"Produzione serrature di sicurezza e sistemi di chiusura","publisher":{"@id":"https:\/\/www.omrserrature.it\/es\/#organization"},"potentialAction":[{"@type":"SearchAction","target":{"@type":"EntryPoint","urlTemplate":"https:\/\/www.omrserrature.it\/es\/?s={search_term_string}"},"query-input":{"@type":"PropertyValueSpecification","valueRequired":true,"valueName":"search_term_string"}}],"inLanguage":"es"},{"@type":"Organization","@id":"https:\/\/www.omrserrature.it\/es\/#organization","name":"OMR Serrature | Produzione sistemi di chiusura","url":"https:\/\/www.omrserrature.it\/es\/","logo":{"@type":"ImageObject","inLanguage":"es","@id":"https:\/\/www.omrserrature.it\/es\/#\/schema\/logo\/image\/","url":"https:\/\/www.omrserrature.it\/wp-content\/uploads\/2017\/09\/favicon-omr-114.png","contentUrl":"https:\/\/www.omrserrature.it\/wp-content\/uploads\/2017\/09\/favicon-omr-114.png","width":114,"height":114,"caption":"OMR Serrature | Produzione sistemi di chiusura"},"image":{"@id":"https:\/\/www.omrserrature.it\/es\/#\/schema\/logo\/image\/"},"sameAs":["https:\/\/www.facebook.com\/OMRserrature","https:\/\/www.linkedin.com\/company\/omrserrature\/","https:\/\/www.youtube.com\/channel\/UCxmA85z2R0EpG_6IRokiAkg"]}]}},"_links":{"self":[{"href":"https:\/\/www.omrserrature.it\/es\/wp-json\/wp\/v2\/product\/243312","targetHints":{"allow":["GET"]}}],"collection":[{"href":"https:\/\/www.omrserrature.it\/es\/wp-json\/wp\/v2\/product"}],"about":[{"href":"https:\/\/www.omrserrature.it\/es\/wp-json\/wp\/v2\/types\/product"}],"replies":[{"embeddable":true,"href":"https:\/\/www.omrserrature.it\/es\/wp-json\/wp\/v2\/comments?post=243312"}],"wp:featuredmedia":[{"embeddable":true,"href":"https:\/\/www.omrserrature.it\/es\/wp-json\/wp\/v2\/media\/3441"}],"wp:attachment":[{"href":"https:\/\/www.omrserrature.it\/es\/wp-json\/wp\/v2\/media?parent=243312"}],"wp:term":[{"taxonomy":"product_brand","embeddable":true,"href":"https:\/\/www.omrserrature.it\/es\/wp-json\/wp\/v2\/product_brand?post=243312"},{"taxonomy":"product_cat","embeddable":true,"href":"https:\/\/www.omrserrature.it\/es\/wp-json\/wp\/v2\/product_cat?post=243312"},{"taxonomy":"product_tag","embeddable":true,"href":"https:\/\/www.omrserrature.it\/es\/wp-json\/wp\/v2\/product_tag?post=243312"}],"curies":[{"name":"wp","href":"https:\/\/api.w.org\/{rel}","templated":true}]}}