{"id":243264,"date":"2017-10-09T17:14:20","date_gmt":"2009-10-17T15:14:00","guid":{"rendered":"https:\/\/www.staging6.omrserrature.it\/prodotto\/cerradura-universal-con-guardapolvo-y-horquilla\/"},"modified":"2026-04-08T13:11:59","modified_gmt":"2026-04-08T11:11:59","slug":"cerradura-universal-con-guardapolvo-y-horquilla","status":"publish","type":"product","link":"https:\/\/www.omrserrature.it\/es\/producto\/cerradura-universal-con-guardapolvo-y-horquilla\/","title":{"rendered":"Cerradura universal con guardapolvo y horquilla"},"content":{"rendered":"<p>La <strong>cerradura universal de palanca<\/strong> con mecanismo de l\u00e1minas, tambi\u00e9n conocida como cerrojo, es una de las cerraduras m\u00e1s populares en todos los \u00e1mbitos. <strong>Dise\u00f1ada para entornos exteriores, h\u00famedos o polvorientos<\/strong>, incorpora un <strong>buje pintado de negro<\/strong>, un<strong> bombin revestido de acero inoxidable<\/strong> y una <strong>tapa antipolvo<\/strong> para proteger los mecanismos internos. <strong>Fijaci\u00f3n r\u00e1pida con horquilla (clip) en placas de acero, aluminio o pl\u00e1stico. <\/strong> <\/p>\n<p>La llave de lat\u00f3n niquelado mueve el bombin de l\u00e1minas central situado dentro de una caja de aleaci\u00f3n de zinc llamada estator, buje o cuerpo. El di\u00e1metro est\u00e1 fresado en dos lados opuestos (planos laterales) formando una doble D para impedir la rotaci\u00f3n del cierre de leva en el asiento de instalaci\u00f3n.  El funcionamiento de la <strong>palanca<\/strong> trasera determina si el bloqueo est\u00e1 cerrado o abierto.<\/p>\n<p>El cuerpo y el bombin de la cerradura de palanca son de aleaci\u00f3n de zinc y la leng\u00fceta, de acero. El extremo cuadrado de 7 mm tambi\u00e9n permite la instalaci\u00f3n de diversas <strong>palancas rectas, dobladas o de gancho<\/strong>. Varias <strong>versiones<\/strong> permiten diferentes rotaciones, grosores de puerta de 0,5 a 27 mm y extracci\u00f3n de la llave en abierto y cerrado (o s\u00f3lo en uno de los dos casos). <strong> <\/strong><\/p>\n<p>La cerradura universal de palanca es ideal para instalar en <strong>muebles de exterior<\/strong>, puertas met\u00e1licas, puertas, trabajos de carpinter\u00eda, cajas de chapa, sistemas de venta y lavado de coches, maquinaria y paneles de control.<\/p>\n","protected":false},"excerpt":{"rendered":"<p><strong>Cerradura universal de palanca<\/strong> con mecanismo de l\u00e1minas, dise\u00f1ada <strong>para entornos exteriores y condiciones duras<\/strong>. Con buje <strong>pintado<\/strong>,<strong> tapa de acero inoxidable y solapa antipolvo<\/strong>. <\/p>\n<p><strong>Sujeci\u00f3n r\u00e1pida con horquilla<\/strong> en chapas de acero, aluminio o pl\u00e1stico. Combinaci\u00f3n vers\u00e1til con palancas rectas, dobladas o de gancho, adecuada para diversas aplicaciones, como muebles de exterior, puertas, maquinaria y sistemas industriales. <\/p>\n","protected":false},"featured_media":3411,"comment_status":"open","ping_status":"closed","template":"","meta":{"_acf_changed":false,"_et_pb_use_builder":"","_et_pb_old_content":"","_et_gb_content_width":""},"product_brand":[],"product_cat":[3985,3989,3890,3931,3943,3951,3882,3980,3998,3884,3920,3957,3909,3901,3900,3880,3904,3905,3907,3885,3997,3906,3883,3898,3903,3894,3888,3917,3908,3994,3987,3927],"product_tag":[],"class_list":{"0":"post-243264","1":"product","2":"type-product","3":"status-publish","4":"has-post-thumbnail","6":"product_cat-automocion-y-transporte","7":"product_cat-banca-y-correos","8":"product_cat-cerradura-de-armario-conforme-a-gdpr","9":"product_cat-cerradura-universal-de-laminas","10":"product_cat-cerraduras-con-bombin-extraible","11":"product_cat-cerraduras-con-llave-maestra","12":"product_cat-cerraduras-de-armarios","13":"product_cat-cerraduras-de-palanca","14":"product_cat-cerraduras-de-puertas-2","15":"product_cat-cerraduras-de-seguridad","16":"product_cat-cerraduras-de-seguridad-para-muebles","17":"product_cat-cerraduras-impermeables-inoxidables","18":"product_cat-cerraduras-para-apartados-de-correos","19":"product_cat-cerraduras-para-armarios-de-epi","20":"product_cat-cerraduras-para-armarios-de-sustancias-peligrosas","21":"product_cat-cerraduras-para-armarios-electricos","22":"product_cat-cerraduras-para-armarios-fitosanitarios","23":"product_cat-cerraduras-para-armarios-industriales","24":"product_cat-cerraduras-para-armeros","25":"product_cat-cerraduras-para-buzones","26":"product_cat-cerraduras-para-buzones-2","27":"product_cat-cerraduras-para-cajas-fuertes","28":"product_cat-cerraduras-para-carros-profesionales","29":"product_cat-cerraduras-para-dispensadores","30":"product_cat-cerraduras-para-guardaesquis","31":"product_cat-cerraduras-para-interruptores","32":"product_cat-cerraduras-para-muebles","33":"product_cat-cerraduras-para-rotulos","34":"product_cat-cerraduras-para-taquillas-de-paquetes","35":"product_cat-hospital-y-sanidad","36":"product_cat-sistemas-de-cierre-para-la-industria","37":"product_cat-solapa","39":"first","40":"instock","41":"shipping-taxable","42":"purchasable","43":"product-type-variable"},"acf":{"pdf1":"https:\/\/www.omrserrature.it\/wp-content\/uploads\/schede\/Scheda_161651.pdf"},"yoast_head":"<!-- This site is optimized with the Yoast SEO plugin v27.2 - https:\/\/yoast.com\/product\/yoast-seo-wordpress\/ -->\n<title>Cerradura universal con guardapolvo y horquilla - OMR Serrature<\/title>\n<meta name=\"robots\" content=\"index, follow, max-snippet:-1, max-image-preview:large, max-video-preview:-1\" \/>\n<link rel=\"canonical\" href=\"https:\/\/www.omrserrature.it\/es\/producto\/cerradura-universal-con-guardapolvo-y-horquilla\/\" \/>\n<meta property=\"og:locale\" content=\"es_ES\" \/>\n<meta property=\"og:type\" content=\"article\" \/>\n<meta property=\"og:title\" content=\"Cerradura universal con guardapolvo y horquilla - OMR Serrature\" \/>\n<meta property=\"og:description\" content=\"Cerradura universal de palanca con mecanismo de l\u00e1minas, dise\u00f1ada para entornos exteriores y condiciones duras. Con buje pintado, tapa de acero inoxidable y solapa antipolvo.  Sujeci\u00f3n r\u00e1pida con horquilla en chapas de acero, aluminio o pl\u00e1stico. Combinaci\u00f3n vers\u00e1til con palancas rectas, dobladas o de gancho, adecuada para diversas aplicaciones, como muebles de exterior, puertas, maquinaria y sistemas industriales.\" \/>\n<meta property=\"og:url\" content=\"https:\/\/www.omrserrature.it\/es\/producto\/cerradura-universal-con-guardapolvo-y-horquilla\/\" \/>\n<meta property=\"og:site_name\" content=\"OMR Serrature | Produzione sistemi di chiusura\" \/>\n<meta property=\"article:publisher\" content=\"https:\/\/www.facebook.com\/OMRserrature\" \/>\n<meta property=\"article:modified_time\" content=\"2026-04-08T11:11:59+00:00\" \/>\n<meta property=\"og:image\" content=\"https:\/\/www.omrserrature.it\/wp-content\/uploads\/2017\/10\/serratura-universale-parapolvere-forcella.jpg\" \/>\n\t<meta property=\"og:image:width\" content=\"770\" \/>\n\t<meta property=\"og:image:height\" content=\"364\" \/>\n\t<meta property=\"og:image:type\" content=\"image\/jpeg\" \/>\n<meta name=\"twitter:card\" content=\"summary_large_image\" \/>\n<meta name=\"twitter:label1\" content=\"Tiempo de lectura\" \/>\n\t<meta name=\"twitter:data1\" content=\"1 minuto\" \/>\n<script type=\"application\/ld+json\" class=\"yoast-schema-graph\">{\"@context\":\"https:\/\/schema.org\",\"@graph\":[{\"@type\":\"WebPage\",\"@id\":\"https:\/\/www.omrserrature.it\/es\/producto\/cerradura-universal-con-guardapolvo-y-horquilla\/\",\"url\":\"https:\/\/www.omrserrature.it\/es\/producto\/cerradura-universal-con-guardapolvo-y-horquilla\/\",\"name\":\"Cerradura universal con guardapolvo y horquilla - OMR Serrature\",\"isPartOf\":{\"@id\":\"https:\/\/www.omrserrature.it\/es\/#website\"},\"primaryImageOfPage\":{\"@id\":\"https:\/\/www.omrserrature.it\/es\/producto\/cerradura-universal-con-guardapolvo-y-horquilla\/#primaryimage\"},\"image\":{\"@id\":\"https:\/\/www.omrserrature.it\/es\/producto\/cerradura-universal-con-guardapolvo-y-horquilla\/#primaryimage\"},\"thumbnailUrl\":\"https:\/\/www.omrserrature.it\/wp-content\/uploads\/2017\/10\/serratura-universale-parapolvere-forcella.jpg\",\"datePublished\":\"2009-10-17T15:14:00+00:00\",\"dateModified\":\"2026-04-08T11:11:59+00:00\",\"breadcrumb\":{\"@id\":\"https:\/\/www.omrserrature.it\/es\/producto\/cerradura-universal-con-guardapolvo-y-horquilla\/#breadcrumb\"},\"inLanguage\":\"es\",\"potentialAction\":[{\"@type\":\"ReadAction\",\"target\":[\"https:\/\/www.omrserrature.it\/es\/producto\/cerradura-universal-con-guardapolvo-y-horquilla\/\"]}]},{\"@type\":\"ImageObject\",\"inLanguage\":\"es\",\"@id\":\"https:\/\/www.omrserrature.it\/es\/producto\/cerradura-universal-con-guardapolvo-y-horquilla\/#primaryimage\",\"url\":\"https:\/\/www.omrserrature.it\/wp-content\/uploads\/2017\/10\/serratura-universale-parapolvere-forcella.jpg\",\"contentUrl\":\"https:\/\/www.omrserrature.it\/wp-content\/uploads\/2017\/10\/serratura-universale-parapolvere-forcella.jpg\",\"width\":770,\"height\":364,\"caption\":\"Cerradura universal con guardapolvo y horquilla. Cerradura de acero inoxidable con cilindro de l\u00e1minas\"},{\"@type\":\"BreadcrumbList\",\"@id\":\"https:\/\/www.omrserrature.it\/es\/producto\/cerradura-universal-con-guardapolvo-y-horquilla\/#breadcrumb\",\"itemListElement\":[{\"@type\":\"ListItem\",\"position\":1,\"name\":\"Home\",\"item\":\"https:\/\/www.omrserrature.it\/es\/omr-cerradiras-y-sistemas-de-cierre\/\"},{\"@type\":\"ListItem\",\"position\":2,\"name\":\"Cat\u00e1logo\",\"item\":\"https:\/\/www.omrserrature.it\/catalogo\/?lang=es\"},{\"@type\":\"ListItem\",\"position\":3,\"name\":\"Productos\",\"item\":\"https:\/\/www.omrserrature.it\/es\/inventario\/productos\/\"},{\"@type\":\"ListItem\",\"position\":4,\"name\":\"Cerraduras\",\"item\":\"https:\/\/www.omrserrature.it\/es\/inventario\/productos\/cerraduras\/\"},{\"@type\":\"ListItem\",\"position\":5,\"name\":\"Cerraduras de palanca\",\"item\":\"https:\/\/www.omrserrature.it\/es\/inventario\/productos\/cerraduras\/cerraduras-de-palanca\/\"},{\"@type\":\"ListItem\",\"position\":6,\"name\":\"Cerradura universal con guardapolvo y horquilla\"}]},{\"@type\":\"WebSite\",\"@id\":\"https:\/\/www.omrserrature.it\/es\/#website\",\"url\":\"https:\/\/www.omrserrature.it\/es\/\",\"name\":\"OMR Serrature | Produzione sistemi di chiusura\",\"description\":\"Produzione serrature di sicurezza e sistemi di chiusura\",\"publisher\":{\"@id\":\"https:\/\/www.omrserrature.it\/es\/#organization\"},\"potentialAction\":[{\"@type\":\"SearchAction\",\"target\":{\"@type\":\"EntryPoint\",\"urlTemplate\":\"https:\/\/www.omrserrature.it\/es\/?s={search_term_string}\"},\"query-input\":{\"@type\":\"PropertyValueSpecification\",\"valueRequired\":true,\"valueName\":\"search_term_string\"}}],\"inLanguage\":\"es\"},{\"@type\":\"Organization\",\"@id\":\"https:\/\/www.omrserrature.it\/es\/#organization\",\"name\":\"OMR Serrature | Produzione sistemi di chiusura\",\"url\":\"https:\/\/www.omrserrature.it\/es\/\",\"logo\":{\"@type\":\"ImageObject\",\"inLanguage\":\"es\",\"@id\":\"https:\/\/www.omrserrature.it\/es\/#\/schema\/logo\/image\/\",\"url\":\"https:\/\/www.omrserrature.it\/wp-content\/uploads\/2017\/09\/favicon-omr-114.png\",\"contentUrl\":\"https:\/\/www.omrserrature.it\/wp-content\/uploads\/2017\/09\/favicon-omr-114.png\",\"width\":114,\"height\":114,\"caption\":\"OMR Serrature | Produzione sistemi di chiusura\"},\"image\":{\"@id\":\"https:\/\/www.omrserrature.it\/es\/#\/schema\/logo\/image\/\"},\"sameAs\":[\"https:\/\/www.facebook.com\/OMRserrature\",\"https:\/\/www.linkedin.com\/company\/omrserrature\/\",\"https:\/\/www.youtube.com\/channel\/UCxmA85z2R0EpG_6IRokiAkg\"]}]}<\/script>\n<!-- \/ Yoast SEO plugin. -->","yoast_head_json":{"title":"Cerradura universal con guardapolvo y horquilla - OMR Serrature","robots":{"index":"index","follow":"follow","max-snippet":"max-snippet:-1","max-image-preview":"max-image-preview:large","max-video-preview":"max-video-preview:-1"},"canonical":"https:\/\/www.omrserrature.it\/es\/producto\/cerradura-universal-con-guardapolvo-y-horquilla\/","og_locale":"es_ES","og_type":"article","og_title":"Cerradura universal con guardapolvo y horquilla - OMR Serrature","og_description":"Cerradura universal de palanca con mecanismo de l\u00e1minas, dise\u00f1ada para entornos exteriores y condiciones duras. Con buje pintado, tapa de acero inoxidable y solapa antipolvo.  Sujeci\u00f3n r\u00e1pida con horquilla en chapas de acero, aluminio o pl\u00e1stico. Combinaci\u00f3n vers\u00e1til con palancas rectas, dobladas o de gancho, adecuada para diversas aplicaciones, como muebles de exterior, puertas, maquinaria y sistemas industriales.","og_url":"https:\/\/www.omrserrature.it\/es\/producto\/cerradura-universal-con-guardapolvo-y-horquilla\/","og_site_name":"OMR Serrature | Produzione sistemi di chiusura","article_publisher":"https:\/\/www.facebook.com\/OMRserrature","article_modified_time":"2026-04-08T11:11:59+00:00","og_image":[{"width":770,"height":364,"url":"https:\/\/www.omrserrature.it\/wp-content\/uploads\/2017\/10\/serratura-universale-parapolvere-forcella.jpg","type":"image\/jpeg"}],"twitter_card":"summary_large_image","twitter_misc":{"Tiempo de lectura":"1 minuto"},"schema":{"@context":"https:\/\/schema.org","@graph":[{"@type":"WebPage","@id":"https:\/\/www.omrserrature.it\/es\/producto\/cerradura-universal-con-guardapolvo-y-horquilla\/","url":"https:\/\/www.omrserrature.it\/es\/producto\/cerradura-universal-con-guardapolvo-y-horquilla\/","name":"Cerradura universal con guardapolvo y horquilla - OMR Serrature","isPartOf":{"@id":"https:\/\/www.omrserrature.it\/es\/#website"},"primaryImageOfPage":{"@id":"https:\/\/www.omrserrature.it\/es\/producto\/cerradura-universal-con-guardapolvo-y-horquilla\/#primaryimage"},"image":{"@id":"https:\/\/www.omrserrature.it\/es\/producto\/cerradura-universal-con-guardapolvo-y-horquilla\/#primaryimage"},"thumbnailUrl":"https:\/\/www.omrserrature.it\/wp-content\/uploads\/2017\/10\/serratura-universale-parapolvere-forcella.jpg","datePublished":"2009-10-17T15:14:00+00:00","dateModified":"2026-04-08T11:11:59+00:00","breadcrumb":{"@id":"https:\/\/www.omrserrature.it\/es\/producto\/cerradura-universal-con-guardapolvo-y-horquilla\/#breadcrumb"},"inLanguage":"es","potentialAction":[{"@type":"ReadAction","target":["https:\/\/www.omrserrature.it\/es\/producto\/cerradura-universal-con-guardapolvo-y-horquilla\/"]}]},{"@type":"ImageObject","inLanguage":"es","@id":"https:\/\/www.omrserrature.it\/es\/producto\/cerradura-universal-con-guardapolvo-y-horquilla\/#primaryimage","url":"https:\/\/www.omrserrature.it\/wp-content\/uploads\/2017\/10\/serratura-universale-parapolvere-forcella.jpg","contentUrl":"https:\/\/www.omrserrature.it\/wp-content\/uploads\/2017\/10\/serratura-universale-parapolvere-forcella.jpg","width":770,"height":364,"caption":"Cerradura universal con guardapolvo y horquilla. Cerradura de acero inoxidable con cilindro de l\u00e1minas"},{"@type":"BreadcrumbList","@id":"https:\/\/www.omrserrature.it\/es\/producto\/cerradura-universal-con-guardapolvo-y-horquilla\/#breadcrumb","itemListElement":[{"@type":"ListItem","position":1,"name":"Home","item":"https:\/\/www.omrserrature.it\/es\/omr-cerradiras-y-sistemas-de-cierre\/"},{"@type":"ListItem","position":2,"name":"Cat\u00e1logo","item":"https:\/\/www.omrserrature.it\/catalogo\/?lang=es"},{"@type":"ListItem","position":3,"name":"Productos","item":"https:\/\/www.omrserrature.it\/es\/inventario\/productos\/"},{"@type":"ListItem","position":4,"name":"Cerraduras","item":"https:\/\/www.omrserrature.it\/es\/inventario\/productos\/cerraduras\/"},{"@type":"ListItem","position":5,"name":"Cerraduras de palanca","item":"https:\/\/www.omrserrature.it\/es\/inventario\/productos\/cerraduras\/cerraduras-de-palanca\/"},{"@type":"ListItem","position":6,"name":"Cerradura universal con guardapolvo y horquilla"}]},{"@type":"WebSite","@id":"https:\/\/www.omrserrature.it\/es\/#website","url":"https:\/\/www.omrserrature.it\/es\/","name":"OMR Serrature | Produzione sistemi di chiusura","description":"Produzione serrature di sicurezza e sistemi di chiusura","publisher":{"@id":"https:\/\/www.omrserrature.it\/es\/#organization"},"potentialAction":[{"@type":"SearchAction","target":{"@type":"EntryPoint","urlTemplate":"https:\/\/www.omrserrature.it\/es\/?s={search_term_string}"},"query-input":{"@type":"PropertyValueSpecification","valueRequired":true,"valueName":"search_term_string"}}],"inLanguage":"es"},{"@type":"Organization","@id":"https:\/\/www.omrserrature.it\/es\/#organization","name":"OMR Serrature | Produzione sistemi di chiusura","url":"https:\/\/www.omrserrature.it\/es\/","logo":{"@type":"ImageObject","inLanguage":"es","@id":"https:\/\/www.omrserrature.it\/es\/#\/schema\/logo\/image\/","url":"https:\/\/www.omrserrature.it\/wp-content\/uploads\/2017\/09\/favicon-omr-114.png","contentUrl":"https:\/\/www.omrserrature.it\/wp-content\/uploads\/2017\/09\/favicon-omr-114.png","width":114,"height":114,"caption":"OMR Serrature | Produzione sistemi di chiusura"},"image":{"@id":"https:\/\/www.omrserrature.it\/es\/#\/schema\/logo\/image\/"},"sameAs":["https:\/\/www.facebook.com\/OMRserrature","https:\/\/www.linkedin.com\/company\/omrserrature\/","https:\/\/www.youtube.com\/channel\/UCxmA85z2R0EpG_6IRokiAkg"]}]}},"_links":{"self":[{"href":"https:\/\/www.omrserrature.it\/es\/wp-json\/wp\/v2\/product\/243264","targetHints":{"allow":["GET"]}}],"collection":[{"href":"https:\/\/www.omrserrature.it\/es\/wp-json\/wp\/v2\/product"}],"about":[{"href":"https:\/\/www.omrserrature.it\/es\/wp-json\/wp\/v2\/types\/product"}],"replies":[{"embeddable":true,"href":"https:\/\/www.omrserrature.it\/es\/wp-json\/wp\/v2\/comments?post=243264"}],"wp:featuredmedia":[{"embeddable":true,"href":"https:\/\/www.omrserrature.it\/es\/wp-json\/wp\/v2\/media\/3411"}],"wp:attachment":[{"href":"https:\/\/www.omrserrature.it\/es\/wp-json\/wp\/v2\/media?parent=243264"}],"wp:term":[{"taxonomy":"product_brand","embeddable":true,"href":"https:\/\/www.omrserrature.it\/es\/wp-json\/wp\/v2\/product_brand?post=243264"},{"taxonomy":"product_cat","embeddable":true,"href":"https:\/\/www.omrserrature.it\/es\/wp-json\/wp\/v2\/product_cat?post=243264"},{"taxonomy":"product_tag","embeddable":true,"href":"https:\/\/www.omrserrature.it\/es\/wp-json\/wp\/v2\/product_tag?post=243264"}],"curies":[{"name":"wp","href":"https:\/\/api.w.org\/{rel}","templated":true}]}}