{"id":243240,"date":"2017-10-06T10:54:54","date_gmt":"2006-10-17T08:54:00","guid":{"rendered":"https:\/\/www.staging6.omrserrature.it\/prodotto\/cerradura-de-pernos-universal-cromada-seccion-redonda\/"},"modified":"2026-04-08T13:12:12","modified_gmt":"2026-04-08T11:12:12","slug":"cerradura-de-pernos-universal-cromada-seccion-redonda","status":"publish","type":"product","link":"https:\/\/www.omrserrature.it\/es\/producto\/cerradura-de-pernos-universal-cromada-seccion-redonda\/","title":{"rendered":"Cerradura de pernos universal cromada &#8211; secci\u00f3n redonda"},"content":{"rendered":"<p><strong>La cerradura universal<\/strong> est\u00e1ndar de <strong>pernos de<\/strong> llave<strong> con plantilla especial<\/strong> se caracteriza por la ausencia de placas laterales (la secci\u00f3n del cuerpo de la cerradura es redonda) y la presencia de una espiga en la parte superior que caracteriza el orificio de alojamiento. Como es caracter\u00edstico de todos los modelos de su categor\u00eda, est\u00e1 equipada con un mecanismo interno que se activa al introducir la llave, que alinea los pistones seg\u00fan una posici\u00f3n precisa, permitiendo liberar el bombin y el movimiento de apertura o cierre. <strong>Las cerraduras de pernos son la versi\u00f3n <em>premium<\/em> de sus hom\u00f3logas de l\u00e1minas<\/strong>: materiales de alta calidad, mayor resistencia a los robos, dise\u00f1o elegante y un mecanismo interno preciso determinan su valor. <\/p>\n<p>Tanto los pistones como el cuerpo exterior son de <strong>lat\u00f3n<\/strong>; el terminal ojal permite la instalaci\u00f3n de <strong>palancas rectas, dobladas o de gancho<\/strong>, sin olvidar la posibilidad de acoplar balancines para el movimiento de varillas o pasadores para <strong>cierres m\u00faltiples y centralizados<\/strong>.<\/p>\n<p>La cerradura de pernos de llave est\u00e1ndar universal con plantilla especial est\u00e1 hecha para aplicaciones especiales en las que se requiere una <strong>carcasa con perforaci\u00f3n no convencional<\/strong>, incluso en exteriores, como productos de carpinter\u00eda, cajas fuertes o <strong>maquinaria especial<\/strong>.<\/p>\n","protected":false},"excerpt":{"rendered":"<p><strong>Cerradura universal de pernos<\/strong> con llave est\u00e1ndar, cuerpo redondo sin placas laterales ni espiga superior. <strong>Mecanismo preciso de lat\u00f3n<\/strong>, adecuado para palancas y cerraduras centrales.<\/p>\n<p>Ideal para aplicaciones especiales y en exteriores.<\/p>\n","protected":false},"featured_media":3435,"comment_status":"open","ping_status":"closed","template":"","meta":{"_acf_changed":false,"_et_pb_use_builder":"","_et_pb_old_content":"","_et_gb_content_width":""},"product_brand":[],"product_cat":[3980,3955],"product_tag":[],"class_list":{"0":"post-243240","1":"product","2":"type-product","3":"status-publish","4":"has-post-thumbnail","6":"product_cat-cerraduras-de-palanca","7":"product_cat-cerraduras-especiales-a-medida","9":"first","10":"instock","11":"shipping-taxable","12":"purchasable","13":"product-type-variable"},"acf":{"pdf1":"https:\/\/www.omrserrature.it\/wp-content\/uploads\/2017\/10\/Scheda_60650.pdf"},"yoast_head":"<!-- This site is optimized with the Yoast SEO plugin v27.2 - https:\/\/yoast.com\/product\/yoast-seo-wordpress\/ -->\n<title>Cerradura de pernos universal cromada - secci\u00f3n redonda - OMR Serrature<\/title>\n<meta name=\"robots\" content=\"index, follow, max-snippet:-1, max-image-preview:large, max-video-preview:-1\" \/>\n<link rel=\"canonical\" href=\"https:\/\/www.omrserrature.it\/es\/producto\/cerradura-de-pernos-universal-cromada-seccion-redonda\/\" \/>\n<meta property=\"og:locale\" content=\"es_ES\" \/>\n<meta property=\"og:type\" content=\"article\" \/>\n<meta property=\"og:title\" content=\"Cerradura de pernos universal cromada - secci\u00f3n redonda - OMR Serrature\" \/>\n<meta property=\"og:description\" content=\"Cerradura universal de pernos con llave est\u00e1ndar, cuerpo redondo sin placas laterales ni espiga superior. Mecanismo preciso de lat\u00f3n, adecuado para palancas y cerraduras centrales. Ideal para aplicaciones especiales y en exteriores.\" \/>\n<meta property=\"og:url\" content=\"https:\/\/www.omrserrature.it\/es\/producto\/cerradura-de-pernos-universal-cromada-seccion-redonda\/\" \/>\n<meta property=\"og:site_name\" content=\"OMR Serrature | Produzione sistemi di chiusura\" \/>\n<meta property=\"article:publisher\" content=\"https:\/\/www.facebook.com\/OMRserrature\" \/>\n<meta property=\"article:modified_time\" content=\"2026-04-08T11:12:12+00:00\" \/>\n<meta property=\"og:image\" content=\"https:\/\/www.omrserrature.it\/wp-content\/uploads\/2017\/10\/serratura-universale-perni-rotore-centrale-cromata.jpg\" \/>\n\t<meta property=\"og:image:width\" content=\"680\" \/>\n\t<meta property=\"og:image:height\" content=\"396\" \/>\n\t<meta property=\"og:image:type\" content=\"image\/jpeg\" \/>\n<meta name=\"twitter:card\" content=\"summary_large_image\" \/>\n<meta name=\"twitter:label1\" content=\"Tiempo de lectura\" \/>\n\t<meta name=\"twitter:data1\" content=\"1 minuto\" \/>\n<script type=\"application\/ld+json\" class=\"yoast-schema-graph\">{\"@context\":\"https:\/\/schema.org\",\"@graph\":[{\"@type\":\"WebPage\",\"@id\":\"https:\/\/www.omrserrature.it\/es\/producto\/cerradura-de-pernos-universal-cromada-seccion-redonda\/\",\"url\":\"https:\/\/www.omrserrature.it\/es\/producto\/cerradura-de-pernos-universal-cromada-seccion-redonda\/\",\"name\":\"Cerradura de pernos universal cromada - secci\u00f3n redonda - OMR Serrature\",\"isPartOf\":{\"@id\":\"https:\/\/www.omrserrature.it\/es\/#website\"},\"primaryImageOfPage\":{\"@id\":\"https:\/\/www.omrserrature.it\/es\/producto\/cerradura-de-pernos-universal-cromada-seccion-redonda\/#primaryimage\"},\"image\":{\"@id\":\"https:\/\/www.omrserrature.it\/es\/producto\/cerradura-de-pernos-universal-cromada-seccion-redonda\/#primaryimage\"},\"thumbnailUrl\":\"https:\/\/www.omrserrature.it\/wp-content\/uploads\/2017\/10\/serratura-universale-perni-rotore-centrale-cromata.jpg\",\"datePublished\":\"2006-10-17T08:54:00+00:00\",\"dateModified\":\"2026-04-08T11:12:12+00:00\",\"breadcrumb\":{\"@id\":\"https:\/\/www.omrserrature.it\/es\/producto\/cerradura-de-pernos-universal-cromada-seccion-redonda\/#breadcrumb\"},\"inLanguage\":\"es\",\"potentialAction\":[{\"@type\":\"ReadAction\",\"target\":[\"https:\/\/www.omrserrature.it\/es\/producto\/cerradura-de-pernos-universal-cromada-seccion-redonda\/\"]}]},{\"@type\":\"ImageObject\",\"inLanguage\":\"es\",\"@id\":\"https:\/\/www.omrserrature.it\/es\/producto\/cerradura-de-pernos-universal-cromada-seccion-redonda\/#primaryimage\",\"url\":\"https:\/\/www.omrserrature.it\/wp-content\/uploads\/2017\/10\/serratura-universale-perni-rotore-centrale-cromata.jpg\",\"contentUrl\":\"https:\/\/www.omrserrature.it\/wp-content\/uploads\/2017\/10\/serratura-universale-perni-rotore-centrale-cromata.jpg\",\"width\":680,\"height\":396,\"caption\":\"Cerradura de pernos universal cromada con bombin central\"},{\"@type\":\"BreadcrumbList\",\"@id\":\"https:\/\/www.omrserrature.it\/es\/producto\/cerradura-de-pernos-universal-cromada-seccion-redonda\/#breadcrumb\",\"itemListElement\":[{\"@type\":\"ListItem\",\"position\":1,\"name\":\"Home\",\"item\":\"https:\/\/www.omrserrature.it\/es\/omr-cerradiras-y-sistemas-de-cierre\/\"},{\"@type\":\"ListItem\",\"position\":2,\"name\":\"Cat\u00e1logo\",\"item\":\"https:\/\/www.omrserrature.it\/catalogo\/?lang=es\"},{\"@type\":\"ListItem\",\"position\":3,\"name\":\"Productos\",\"item\":\"https:\/\/www.omrserrature.it\/es\/inventario\/productos\/\"},{\"@type\":\"ListItem\",\"position\":4,\"name\":\"Cerraduras\",\"item\":\"https:\/\/www.omrserrature.it\/es\/inventario\/productos\/cerraduras\/\"},{\"@type\":\"ListItem\",\"position\":5,\"name\":\"Cerraduras de palanca\",\"item\":\"https:\/\/www.omrserrature.it\/es\/inventario\/productos\/cerraduras\/cerraduras-de-palanca\/\"},{\"@type\":\"ListItem\",\"position\":6,\"name\":\"Cerradura de pernos universal cromada &#8211; secci\u00f3n redonda\"}]},{\"@type\":\"WebSite\",\"@id\":\"https:\/\/www.omrserrature.it\/es\/#website\",\"url\":\"https:\/\/www.omrserrature.it\/es\/\",\"name\":\"OMR Serrature | Produzione sistemi di chiusura\",\"description\":\"Produzione serrature di sicurezza e sistemi di chiusura\",\"publisher\":{\"@id\":\"https:\/\/www.omrserrature.it\/es\/#organization\"},\"potentialAction\":[{\"@type\":\"SearchAction\",\"target\":{\"@type\":\"EntryPoint\",\"urlTemplate\":\"https:\/\/www.omrserrature.it\/es\/?s={search_term_string}\"},\"query-input\":{\"@type\":\"PropertyValueSpecification\",\"valueRequired\":true,\"valueName\":\"search_term_string\"}}],\"inLanguage\":\"es\"},{\"@type\":\"Organization\",\"@id\":\"https:\/\/www.omrserrature.it\/es\/#organization\",\"name\":\"OMR Serrature | Produzione sistemi di chiusura\",\"url\":\"https:\/\/www.omrserrature.it\/es\/\",\"logo\":{\"@type\":\"ImageObject\",\"inLanguage\":\"es\",\"@id\":\"https:\/\/www.omrserrature.it\/es\/#\/schema\/logo\/image\/\",\"url\":\"https:\/\/www.omrserrature.it\/wp-content\/uploads\/2017\/09\/favicon-omr-114.png\",\"contentUrl\":\"https:\/\/www.omrserrature.it\/wp-content\/uploads\/2017\/09\/favicon-omr-114.png\",\"width\":114,\"height\":114,\"caption\":\"OMR Serrature | Produzione sistemi di chiusura\"},\"image\":{\"@id\":\"https:\/\/www.omrserrature.it\/es\/#\/schema\/logo\/image\/\"},\"sameAs\":[\"https:\/\/www.facebook.com\/OMRserrature\",\"https:\/\/www.linkedin.com\/company\/omrserrature\/\",\"https:\/\/www.youtube.com\/channel\/UCxmA85z2R0EpG_6IRokiAkg\"]}]}<\/script>\n<!-- \/ Yoast SEO plugin. -->","yoast_head_json":{"title":"Cerradura de pernos universal cromada - secci\u00f3n redonda - OMR Serrature","robots":{"index":"index","follow":"follow","max-snippet":"max-snippet:-1","max-image-preview":"max-image-preview:large","max-video-preview":"max-video-preview:-1"},"canonical":"https:\/\/www.omrserrature.it\/es\/producto\/cerradura-de-pernos-universal-cromada-seccion-redonda\/","og_locale":"es_ES","og_type":"article","og_title":"Cerradura de pernos universal cromada - secci\u00f3n redonda - OMR Serrature","og_description":"Cerradura universal de pernos con llave est\u00e1ndar, cuerpo redondo sin placas laterales ni espiga superior. Mecanismo preciso de lat\u00f3n, adecuado para palancas y cerraduras centrales. Ideal para aplicaciones especiales y en exteriores.","og_url":"https:\/\/www.omrserrature.it\/es\/producto\/cerradura-de-pernos-universal-cromada-seccion-redonda\/","og_site_name":"OMR Serrature | Produzione sistemi di chiusura","article_publisher":"https:\/\/www.facebook.com\/OMRserrature","article_modified_time":"2026-04-08T11:12:12+00:00","og_image":[{"width":680,"height":396,"url":"https:\/\/www.omrserrature.it\/wp-content\/uploads\/2017\/10\/serratura-universale-perni-rotore-centrale-cromata.jpg","type":"image\/jpeg"}],"twitter_card":"summary_large_image","twitter_misc":{"Tiempo de lectura":"1 minuto"},"schema":{"@context":"https:\/\/schema.org","@graph":[{"@type":"WebPage","@id":"https:\/\/www.omrserrature.it\/es\/producto\/cerradura-de-pernos-universal-cromada-seccion-redonda\/","url":"https:\/\/www.omrserrature.it\/es\/producto\/cerradura-de-pernos-universal-cromada-seccion-redonda\/","name":"Cerradura de pernos universal cromada - secci\u00f3n redonda - OMR Serrature","isPartOf":{"@id":"https:\/\/www.omrserrature.it\/es\/#website"},"primaryImageOfPage":{"@id":"https:\/\/www.omrserrature.it\/es\/producto\/cerradura-de-pernos-universal-cromada-seccion-redonda\/#primaryimage"},"image":{"@id":"https:\/\/www.omrserrature.it\/es\/producto\/cerradura-de-pernos-universal-cromada-seccion-redonda\/#primaryimage"},"thumbnailUrl":"https:\/\/www.omrserrature.it\/wp-content\/uploads\/2017\/10\/serratura-universale-perni-rotore-centrale-cromata.jpg","datePublished":"2006-10-17T08:54:00+00:00","dateModified":"2026-04-08T11:12:12+00:00","breadcrumb":{"@id":"https:\/\/www.omrserrature.it\/es\/producto\/cerradura-de-pernos-universal-cromada-seccion-redonda\/#breadcrumb"},"inLanguage":"es","potentialAction":[{"@type":"ReadAction","target":["https:\/\/www.omrserrature.it\/es\/producto\/cerradura-de-pernos-universal-cromada-seccion-redonda\/"]}]},{"@type":"ImageObject","inLanguage":"es","@id":"https:\/\/www.omrserrature.it\/es\/producto\/cerradura-de-pernos-universal-cromada-seccion-redonda\/#primaryimage","url":"https:\/\/www.omrserrature.it\/wp-content\/uploads\/2017\/10\/serratura-universale-perni-rotore-centrale-cromata.jpg","contentUrl":"https:\/\/www.omrserrature.it\/wp-content\/uploads\/2017\/10\/serratura-universale-perni-rotore-centrale-cromata.jpg","width":680,"height":396,"caption":"Cerradura de pernos universal cromada con bombin central"},{"@type":"BreadcrumbList","@id":"https:\/\/www.omrserrature.it\/es\/producto\/cerradura-de-pernos-universal-cromada-seccion-redonda\/#breadcrumb","itemListElement":[{"@type":"ListItem","position":1,"name":"Home","item":"https:\/\/www.omrserrature.it\/es\/omr-cerradiras-y-sistemas-de-cierre\/"},{"@type":"ListItem","position":2,"name":"Cat\u00e1logo","item":"https:\/\/www.omrserrature.it\/catalogo\/?lang=es"},{"@type":"ListItem","position":3,"name":"Productos","item":"https:\/\/www.omrserrature.it\/es\/inventario\/productos\/"},{"@type":"ListItem","position":4,"name":"Cerraduras","item":"https:\/\/www.omrserrature.it\/es\/inventario\/productos\/cerraduras\/"},{"@type":"ListItem","position":5,"name":"Cerraduras de palanca","item":"https:\/\/www.omrserrature.it\/es\/inventario\/productos\/cerraduras\/cerraduras-de-palanca\/"},{"@type":"ListItem","position":6,"name":"Cerradura de pernos universal cromada &#8211; secci\u00f3n redonda"}]},{"@type":"WebSite","@id":"https:\/\/www.omrserrature.it\/es\/#website","url":"https:\/\/www.omrserrature.it\/es\/","name":"OMR Serrature | Produzione sistemi di chiusura","description":"Produzione serrature di sicurezza e sistemi di chiusura","publisher":{"@id":"https:\/\/www.omrserrature.it\/es\/#organization"},"potentialAction":[{"@type":"SearchAction","target":{"@type":"EntryPoint","urlTemplate":"https:\/\/www.omrserrature.it\/es\/?s={search_term_string}"},"query-input":{"@type":"PropertyValueSpecification","valueRequired":true,"valueName":"search_term_string"}}],"inLanguage":"es"},{"@type":"Organization","@id":"https:\/\/www.omrserrature.it\/es\/#organization","name":"OMR Serrature | Produzione sistemi di chiusura","url":"https:\/\/www.omrserrature.it\/es\/","logo":{"@type":"ImageObject","inLanguage":"es","@id":"https:\/\/www.omrserrature.it\/es\/#\/schema\/logo\/image\/","url":"https:\/\/www.omrserrature.it\/wp-content\/uploads\/2017\/09\/favicon-omr-114.png","contentUrl":"https:\/\/www.omrserrature.it\/wp-content\/uploads\/2017\/09\/favicon-omr-114.png","width":114,"height":114,"caption":"OMR Serrature | Produzione sistemi di chiusura"},"image":{"@id":"https:\/\/www.omrserrature.it\/es\/#\/schema\/logo\/image\/"},"sameAs":["https:\/\/www.facebook.com\/OMRserrature","https:\/\/www.linkedin.com\/company\/omrserrature\/","https:\/\/www.youtube.com\/channel\/UCxmA85z2R0EpG_6IRokiAkg"]}]}},"_links":{"self":[{"href":"https:\/\/www.omrserrature.it\/es\/wp-json\/wp\/v2\/product\/243240","targetHints":{"allow":["GET"]}}],"collection":[{"href":"https:\/\/www.omrserrature.it\/es\/wp-json\/wp\/v2\/product"}],"about":[{"href":"https:\/\/www.omrserrature.it\/es\/wp-json\/wp\/v2\/types\/product"}],"replies":[{"embeddable":true,"href":"https:\/\/www.omrserrature.it\/es\/wp-json\/wp\/v2\/comments?post=243240"}],"wp:featuredmedia":[{"embeddable":true,"href":"https:\/\/www.omrserrature.it\/es\/wp-json\/wp\/v2\/media\/3435"}],"wp:attachment":[{"href":"https:\/\/www.omrserrature.it\/es\/wp-json\/wp\/v2\/media?parent=243240"}],"wp:term":[{"taxonomy":"product_brand","embeddable":true,"href":"https:\/\/www.omrserrature.it\/es\/wp-json\/wp\/v2\/product_brand?post=243240"},{"taxonomy":"product_cat","embeddable":true,"href":"https:\/\/www.omrserrature.it\/es\/wp-json\/wp\/v2\/product_cat?post=243240"},{"taxonomy":"product_tag","embeddable":true,"href":"https:\/\/www.omrserrature.it\/es\/wp-json\/wp\/v2\/product_tag?post=243240"}],"curies":[{"name":"wp","href":"https:\/\/api.w.org\/{rel}","templated":true}]}}