{"id":243201,"date":"2017-10-06T10:40:27","date_gmt":"2006-10-17T08:40:00","guid":{"rendered":"https:\/\/www.staging6.omrserrature.it\/prodotto\/cerradura-de-pernos-universal-con-bombin-centrado-90-90\/"},"modified":"2026-04-08T13:12:53","modified_gmt":"2026-04-08T11:12:53","slug":"cerradura-de-pernos-universal-con-bombin-centrado-90-90","status":"publish","type":"product","link":"https:\/\/www.omrserrature.it\/es\/producto\/cerradura-de-pernos-universal-con-bombin-centrado-90-90\/","title":{"rendered":"Cerradura de pernos universal con bombin centrado (90\u00b0, -90\u00b0)"},"content":{"rendered":"<p><strong>La cerradura universal<\/strong> est\u00e1ndar de <strong>pernos de<\/strong> llave<strong> con bombin centrado y dos sentidos de giro (90\u00b0 en sentido horario y 90\u00b0 en sentido antihorario, con extracci\u00f3n de la llave s\u00f3lo en la posici\u00f3n central). <\/strong> <\/p>\n<p>Como es caracter\u00edstico de todos los modelos de la categor\u00eda de <strong>pasador universal<\/strong>, tiene un mecanismo interno que se activa al introducir la llave, que alinea los pistones internos en una posici\u00f3n precisa, liberando el bombin y desbloqueando el movimiento de apertura o cierre. <strong>Las cerraduras de pernos son la versi\u00f3n <em>premium<\/em> de sus hom\u00f3logas de l\u00e1minas<\/strong>: materiales de alta calidad, mayor resistencia a los robos, dise\u00f1o elegante y un mecanismo interno preciso determinan su valor.<\/p>\n<p>Tanto los pistones como el cuerpo exterior son de <strong>lat\u00f3n<\/strong>; el terminal cuadrado de 7 mm tambi\u00e9n permite instalar diversas <strong>palancas rectas, dobladas o de gancho<\/strong>, as\u00ed como pasadores para desplazar las varillas de desplazamiento lateral (arriba\/abajo), o mandos para el <strong>cierre m\u00faltiple y centralizado de las cajoneras<\/strong>.<\/p>\n<p>La cerradura universal de pernos est\u00e1ndar con rotor centrado s\u00f3lo se diferencia del modelo con rotor descentrado (est\u00e1ndar) en la posici\u00f3n del rotor respecto al cuerpo de la cerradura. Es adecuada para <strong>aplicaciones en el exterior<\/strong>, como autom\u00e1ticos, gasolineras o en la industria del vending. <\/p>\n","protected":false},"excerpt":{"rendered":"<p><strong>La cerradura universal de pernos<\/strong> est\u00e1ndar <strong>con rotor centrado<\/strong> s\u00f3lo se diferencia del modelo con rotor descentrado (est\u00e1ndar) en la posici\u00f3n del rotor con respecto al cuerpo de la cerradura.<\/p>\n<p>Es adecuada para<strong> aplicaciones en exteriores<\/strong>, como autom\u00e1ticos, gasolineras o en la industria expendedora.<\/p>\n","protected":false},"featured_media":3429,"comment_status":"open","ping_status":"closed","template":"","meta":{"_acf_changed":false,"_et_pb_use_builder":"","_et_pb_old_content":"","_et_gb_content_width":""},"product_brand":[],"product_cat":[3980,3955],"product_tag":[],"class_list":{"0":"post-243201","1":"product","2":"type-product","3":"status-publish","4":"has-post-thumbnail","6":"product_cat-cerraduras-de-palanca","7":"product_cat-cerraduras-especiales-a-medida","9":"first","10":"instock","11":"shipping-taxable","12":"purchasable","13":"product-type-variable"},"acf":{"pdf1":"https:\/\/www.omrserrature.it\/wp-content\/uploads\/2017\/10\/Scheda_tech_64650.pdf"},"yoast_head":"<!-- This site is optimized with the Yoast SEO plugin v27.2 - https:\/\/yoast.com\/product\/yoast-seo-wordpress\/ -->\n<title>Cerradura universal de pernos. Llave est\u00e1ndar con bombin centrado<\/title>\n<meta name=\"description\" content=\"Cerradura de pernos universal de lat\u00f3n con bombin centrado, doble sentido de giro de 90\u00b0 y varillas cuadradas de 7 mm. Ideal para exteriores y vending.\" \/>\n<meta name=\"robots\" content=\"index, follow, max-snippet:-1, max-image-preview:large, max-video-preview:-1\" \/>\n<link rel=\"canonical\" href=\"https:\/\/www.omrserrature.it\/es\/producto\/cerradura-de-pernos-universal-con-bombin-centrado-90-90\/\" \/>\n<meta property=\"og:locale\" content=\"es_ES\" \/>\n<meta property=\"og:type\" content=\"article\" \/>\n<meta property=\"og:title\" content=\"Cerradura universal de pernos. Llave est\u00e1ndar con bombin centrado\" \/>\n<meta property=\"og:description\" content=\"Cerradura de pernos universal de lat\u00f3n con bombin centrado, doble sentido de giro de 90\u00b0 y varillas cuadradas de 7 mm. Ideal para exteriores y vending.\" \/>\n<meta property=\"og:url\" content=\"https:\/\/www.omrserrature.it\/es\/producto\/cerradura-de-pernos-universal-con-bombin-centrado-90-90\/\" \/>\n<meta property=\"og:site_name\" content=\"OMR Serrature | Produzione sistemi di chiusura\" \/>\n<meta property=\"article:publisher\" content=\"https:\/\/www.facebook.com\/OMRserrature\" \/>\n<meta property=\"article:modified_time\" content=\"2026-04-08T11:12:53+00:00\" \/>\n<meta property=\"og:image\" content=\"https:\/\/www.omrserrature.it\/wp-content\/uploads\/2017\/10\/serratura-universale-perni-rotore-centrale.jpg\" \/>\n\t<meta property=\"og:image:width\" content=\"475\" \/>\n\t<meta property=\"og:image:height\" content=\"418\" \/>\n\t<meta property=\"og:image:type\" content=\"image\/jpeg\" \/>\n<meta name=\"twitter:card\" content=\"summary_large_image\" \/>\n<meta name=\"twitter:label1\" content=\"Tiempo de lectura\" \/>\n\t<meta name=\"twitter:data1\" content=\"1 minuto\" \/>\n<script type=\"application\/ld+json\" class=\"yoast-schema-graph\">{\"@context\":\"https:\/\/schema.org\",\"@graph\":[{\"@type\":\"WebPage\",\"@id\":\"https:\/\/www.omrserrature.it\/es\/producto\/cerradura-de-pernos-universal-con-bombin-centrado-90-90\/\",\"url\":\"https:\/\/www.omrserrature.it\/es\/producto\/cerradura-de-pernos-universal-con-bombin-centrado-90-90\/\",\"name\":\"Cerradura universal de pernos. Llave est\u00e1ndar con bombin centrado\",\"isPartOf\":{\"@id\":\"https:\/\/www.omrserrature.it\/es\/#website\"},\"primaryImageOfPage\":{\"@id\":\"https:\/\/www.omrserrature.it\/es\/producto\/cerradura-de-pernos-universal-con-bombin-centrado-90-90\/#primaryimage\"},\"image\":{\"@id\":\"https:\/\/www.omrserrature.it\/es\/producto\/cerradura-de-pernos-universal-con-bombin-centrado-90-90\/#primaryimage\"},\"thumbnailUrl\":\"https:\/\/www.omrserrature.it\/wp-content\/uploads\/2017\/10\/serratura-universale-perni-rotore-centrale.jpg\",\"datePublished\":\"2006-10-17T08:40:00+00:00\",\"dateModified\":\"2026-04-08T11:12:53+00:00\",\"description\":\"Cerradura de pernos universal de lat\u00f3n con bombin centrado, doble sentido de giro de 90\u00b0 y varillas cuadradas de 7 mm. Ideal para exteriores y vending.\",\"breadcrumb\":{\"@id\":\"https:\/\/www.omrserrature.it\/es\/producto\/cerradura-de-pernos-universal-con-bombin-centrado-90-90\/#breadcrumb\"},\"inLanguage\":\"es\",\"potentialAction\":[{\"@type\":\"ReadAction\",\"target\":[\"https:\/\/www.omrserrature.it\/es\/producto\/cerradura-de-pernos-universal-con-bombin-centrado-90-90\/\"]}]},{\"@type\":\"ImageObject\",\"inLanguage\":\"es\",\"@id\":\"https:\/\/www.omrserrature.it\/es\/producto\/cerradura-de-pernos-universal-con-bombin-centrado-90-90\/#primaryimage\",\"url\":\"https:\/\/www.omrserrature.it\/wp-content\/uploads\/2017\/10\/serratura-universale-perni-rotore-centrale.jpg\",\"contentUrl\":\"https:\/\/www.omrserrature.it\/wp-content\/uploads\/2017\/10\/serratura-universale-perni-rotore-centrale.jpg\",\"width\":475,\"height\":418,\"caption\":\"Cerradura de pernos cromada universal con bombin central - nr2\"},{\"@type\":\"BreadcrumbList\",\"@id\":\"https:\/\/www.omrserrature.it\/es\/producto\/cerradura-de-pernos-universal-con-bombin-centrado-90-90\/#breadcrumb\",\"itemListElement\":[{\"@type\":\"ListItem\",\"position\":1,\"name\":\"Home\",\"item\":\"https:\/\/www.omrserrature.it\/es\/omr-cerradiras-y-sistemas-de-cierre\/\"},{\"@type\":\"ListItem\",\"position\":2,\"name\":\"Cat\u00e1logo\",\"item\":\"https:\/\/www.omrserrature.it\/catalogo\/?lang=es\"},{\"@type\":\"ListItem\",\"position\":3,\"name\":\"Productos\",\"item\":\"https:\/\/www.omrserrature.it\/es\/inventario\/productos\/\"},{\"@type\":\"ListItem\",\"position\":4,\"name\":\"Cerraduras\",\"item\":\"https:\/\/www.omrserrature.it\/es\/inventario\/productos\/cerraduras\/\"},{\"@type\":\"ListItem\",\"position\":5,\"name\":\"Cerraduras de palanca\",\"item\":\"https:\/\/www.omrserrature.it\/es\/inventario\/productos\/cerraduras\/cerraduras-de-palanca\/\"},{\"@type\":\"ListItem\",\"position\":6,\"name\":\"Cerradura de pernos universal con bombin centrado (90\u00b0, -90\u00b0)\"}]},{\"@type\":\"WebSite\",\"@id\":\"https:\/\/www.omrserrature.it\/es\/#website\",\"url\":\"https:\/\/www.omrserrature.it\/es\/\",\"name\":\"OMR Serrature | Produzione sistemi di chiusura\",\"description\":\"Produzione serrature di sicurezza e sistemi di chiusura\",\"publisher\":{\"@id\":\"https:\/\/www.omrserrature.it\/es\/#organization\"},\"potentialAction\":[{\"@type\":\"SearchAction\",\"target\":{\"@type\":\"EntryPoint\",\"urlTemplate\":\"https:\/\/www.omrserrature.it\/es\/?s={search_term_string}\"},\"query-input\":{\"@type\":\"PropertyValueSpecification\",\"valueRequired\":true,\"valueName\":\"search_term_string\"}}],\"inLanguage\":\"es\"},{\"@type\":\"Organization\",\"@id\":\"https:\/\/www.omrserrature.it\/es\/#organization\",\"name\":\"OMR Serrature | Produzione sistemi di chiusura\",\"url\":\"https:\/\/www.omrserrature.it\/es\/\",\"logo\":{\"@type\":\"ImageObject\",\"inLanguage\":\"es\",\"@id\":\"https:\/\/www.omrserrature.it\/es\/#\/schema\/logo\/image\/\",\"url\":\"https:\/\/www.omrserrature.it\/wp-content\/uploads\/2017\/09\/favicon-omr-114.png\",\"contentUrl\":\"https:\/\/www.omrserrature.it\/wp-content\/uploads\/2017\/09\/favicon-omr-114.png\",\"width\":114,\"height\":114,\"caption\":\"OMR Serrature | Produzione sistemi di chiusura\"},\"image\":{\"@id\":\"https:\/\/www.omrserrature.it\/es\/#\/schema\/logo\/image\/\"},\"sameAs\":[\"https:\/\/www.facebook.com\/OMRserrature\",\"https:\/\/www.linkedin.com\/company\/omrserrature\/\",\"https:\/\/www.youtube.com\/channel\/UCxmA85z2R0EpG_6IRokiAkg\"]}]}<\/script>\n<!-- \/ Yoast SEO plugin. -->","yoast_head_json":{"title":"Cerradura universal de pernos. Llave est\u00e1ndar con bombin centrado","description":"Cerradura de pernos universal de lat\u00f3n con bombin centrado, doble sentido de giro de 90\u00b0 y varillas cuadradas de 7 mm. Ideal para exteriores y vending.","robots":{"index":"index","follow":"follow","max-snippet":"max-snippet:-1","max-image-preview":"max-image-preview:large","max-video-preview":"max-video-preview:-1"},"canonical":"https:\/\/www.omrserrature.it\/es\/producto\/cerradura-de-pernos-universal-con-bombin-centrado-90-90\/","og_locale":"es_ES","og_type":"article","og_title":"Cerradura universal de pernos. Llave est\u00e1ndar con bombin centrado","og_description":"Cerradura de pernos universal de lat\u00f3n con bombin centrado, doble sentido de giro de 90\u00b0 y varillas cuadradas de 7 mm. Ideal para exteriores y vending.","og_url":"https:\/\/www.omrserrature.it\/es\/producto\/cerradura-de-pernos-universal-con-bombin-centrado-90-90\/","og_site_name":"OMR Serrature | Produzione sistemi di chiusura","article_publisher":"https:\/\/www.facebook.com\/OMRserrature","article_modified_time":"2026-04-08T11:12:53+00:00","og_image":[{"width":475,"height":418,"url":"https:\/\/www.omrserrature.it\/wp-content\/uploads\/2017\/10\/serratura-universale-perni-rotore-centrale.jpg","type":"image\/jpeg"}],"twitter_card":"summary_large_image","twitter_misc":{"Tiempo de lectura":"1 minuto"},"schema":{"@context":"https:\/\/schema.org","@graph":[{"@type":"WebPage","@id":"https:\/\/www.omrserrature.it\/es\/producto\/cerradura-de-pernos-universal-con-bombin-centrado-90-90\/","url":"https:\/\/www.omrserrature.it\/es\/producto\/cerradura-de-pernos-universal-con-bombin-centrado-90-90\/","name":"Cerradura universal de pernos. Llave est\u00e1ndar con bombin centrado","isPartOf":{"@id":"https:\/\/www.omrserrature.it\/es\/#website"},"primaryImageOfPage":{"@id":"https:\/\/www.omrserrature.it\/es\/producto\/cerradura-de-pernos-universal-con-bombin-centrado-90-90\/#primaryimage"},"image":{"@id":"https:\/\/www.omrserrature.it\/es\/producto\/cerradura-de-pernos-universal-con-bombin-centrado-90-90\/#primaryimage"},"thumbnailUrl":"https:\/\/www.omrserrature.it\/wp-content\/uploads\/2017\/10\/serratura-universale-perni-rotore-centrale.jpg","datePublished":"2006-10-17T08:40:00+00:00","dateModified":"2026-04-08T11:12:53+00:00","description":"Cerradura de pernos universal de lat\u00f3n con bombin centrado, doble sentido de giro de 90\u00b0 y varillas cuadradas de 7 mm. Ideal para exteriores y vending.","breadcrumb":{"@id":"https:\/\/www.omrserrature.it\/es\/producto\/cerradura-de-pernos-universal-con-bombin-centrado-90-90\/#breadcrumb"},"inLanguage":"es","potentialAction":[{"@type":"ReadAction","target":["https:\/\/www.omrserrature.it\/es\/producto\/cerradura-de-pernos-universal-con-bombin-centrado-90-90\/"]}]},{"@type":"ImageObject","inLanguage":"es","@id":"https:\/\/www.omrserrature.it\/es\/producto\/cerradura-de-pernos-universal-con-bombin-centrado-90-90\/#primaryimage","url":"https:\/\/www.omrserrature.it\/wp-content\/uploads\/2017\/10\/serratura-universale-perni-rotore-centrale.jpg","contentUrl":"https:\/\/www.omrserrature.it\/wp-content\/uploads\/2017\/10\/serratura-universale-perni-rotore-centrale.jpg","width":475,"height":418,"caption":"Cerradura de pernos cromada universal con bombin central - nr2"},{"@type":"BreadcrumbList","@id":"https:\/\/www.omrserrature.it\/es\/producto\/cerradura-de-pernos-universal-con-bombin-centrado-90-90\/#breadcrumb","itemListElement":[{"@type":"ListItem","position":1,"name":"Home","item":"https:\/\/www.omrserrature.it\/es\/omr-cerradiras-y-sistemas-de-cierre\/"},{"@type":"ListItem","position":2,"name":"Cat\u00e1logo","item":"https:\/\/www.omrserrature.it\/catalogo\/?lang=es"},{"@type":"ListItem","position":3,"name":"Productos","item":"https:\/\/www.omrserrature.it\/es\/inventario\/productos\/"},{"@type":"ListItem","position":4,"name":"Cerraduras","item":"https:\/\/www.omrserrature.it\/es\/inventario\/productos\/cerraduras\/"},{"@type":"ListItem","position":5,"name":"Cerraduras de palanca","item":"https:\/\/www.omrserrature.it\/es\/inventario\/productos\/cerraduras\/cerraduras-de-palanca\/"},{"@type":"ListItem","position":6,"name":"Cerradura de pernos universal con bombin centrado (90\u00b0, -90\u00b0)"}]},{"@type":"WebSite","@id":"https:\/\/www.omrserrature.it\/es\/#website","url":"https:\/\/www.omrserrature.it\/es\/","name":"OMR Serrature | Produzione sistemi di chiusura","description":"Produzione serrature di sicurezza e sistemi di chiusura","publisher":{"@id":"https:\/\/www.omrserrature.it\/es\/#organization"},"potentialAction":[{"@type":"SearchAction","target":{"@type":"EntryPoint","urlTemplate":"https:\/\/www.omrserrature.it\/es\/?s={search_term_string}"},"query-input":{"@type":"PropertyValueSpecification","valueRequired":true,"valueName":"search_term_string"}}],"inLanguage":"es"},{"@type":"Organization","@id":"https:\/\/www.omrserrature.it\/es\/#organization","name":"OMR Serrature | Produzione sistemi di chiusura","url":"https:\/\/www.omrserrature.it\/es\/","logo":{"@type":"ImageObject","inLanguage":"es","@id":"https:\/\/www.omrserrature.it\/es\/#\/schema\/logo\/image\/","url":"https:\/\/www.omrserrature.it\/wp-content\/uploads\/2017\/09\/favicon-omr-114.png","contentUrl":"https:\/\/www.omrserrature.it\/wp-content\/uploads\/2017\/09\/favicon-omr-114.png","width":114,"height":114,"caption":"OMR Serrature | Produzione sistemi di chiusura"},"image":{"@id":"https:\/\/www.omrserrature.it\/es\/#\/schema\/logo\/image\/"},"sameAs":["https:\/\/www.facebook.com\/OMRserrature","https:\/\/www.linkedin.com\/company\/omrserrature\/","https:\/\/www.youtube.com\/channel\/UCxmA85z2R0EpG_6IRokiAkg"]}]}},"_links":{"self":[{"href":"https:\/\/www.omrserrature.it\/es\/wp-json\/wp\/v2\/product\/243201","targetHints":{"allow":["GET"]}}],"collection":[{"href":"https:\/\/www.omrserrature.it\/es\/wp-json\/wp\/v2\/product"}],"about":[{"href":"https:\/\/www.omrserrature.it\/es\/wp-json\/wp\/v2\/types\/product"}],"replies":[{"embeddable":true,"href":"https:\/\/www.omrserrature.it\/es\/wp-json\/wp\/v2\/comments?post=243201"}],"wp:featuredmedia":[{"embeddable":true,"href":"https:\/\/www.omrserrature.it\/es\/wp-json\/wp\/v2\/media\/3429"}],"wp:attachment":[{"href":"https:\/\/www.omrserrature.it\/es\/wp-json\/wp\/v2\/media?parent=243201"}],"wp:term":[{"taxonomy":"product_brand","embeddable":true,"href":"https:\/\/www.omrserrature.it\/es\/wp-json\/wp\/v2\/product_brand?post=243201"},{"taxonomy":"product_cat","embeddable":true,"href":"https:\/\/www.omrserrature.it\/es\/wp-json\/wp\/v2\/product_cat?post=243201"},{"taxonomy":"product_tag","embeddable":true,"href":"https:\/\/www.omrserrature.it\/es\/wp-json\/wp\/v2\/product_tag?post=243201"}],"curies":[{"name":"wp","href":"https:\/\/api.w.org\/{rel}","templated":true}]}}