{"id":243134,"date":"2017-10-09T14:59:00","date_gmt":"2009-10-17T12:59:00","guid":{"rendered":"https:\/\/www.staging6.omrserrature.it\/prodotto\/cerradura-universal-de-laminas-o-19\/"},"modified":"2026-04-08T13:12:29","modified_gmt":"2026-04-08T11:12:29","slug":"cerradura-universal-de-laminas-o-19","status":"publish","type":"product","link":"https:\/\/www.omrserrature.it\/es\/producto\/cerradura-universal-de-laminas-o-19\/","title":{"rendered":"Cerradura universal de l\u00e1minas \u00d8 19"},"content":{"rendered":"<p>La <strong>cerradura universal de palanca<\/strong> con mecanismo de l\u00e1minas es una de las cerraduras m\u00e1s populares en todos los \u00e1mbitos. La llave de lat\u00f3n niquelado mueve el bombin de l\u00e1minas central situado dentro de una caja de aleaci\u00f3n de zinc llamada estator, buje o cuerpo. El di\u00e1metro est\u00e1 fresado en dos lados opuestos (placas laterales) formando una doble D para impedir la rotaci\u00f3n de la cerradura de palanca en el lugar de instalaci\u00f3n.   El funcionamiento de la <strong>palanca<\/strong> trasera determina si el bloqueo est\u00e1 cerrado o abierto.<\/p>\n<p>El cuerpo y el bombin de la cerradura de palanca son de aleaci\u00f3n de zinc y la leng\u00fceta, de acero. El extremo cuadrado de 7 mm tambi\u00e9n permite instalar diversas <strong>palancas rectas, dobladas o de gancho<\/strong>, as\u00ed como eslingas para mover las varillas (arriba y abajo). Varias versiones permiten diferentes rotaciones, grosores de puerta de 0,5 a 27 mm y extracci\u00f3n de la llave en abierto y cerrado (o s\u00f3lo en uno de los dos casos).   El <strong>cuerpo<\/strong> totalmente <strong>roscado<\/strong> permite la fijaci\u00f3n con una <strong>tuerca<\/strong>, pero tambi\u00e9n mediante una <strong>horquilla<\/strong> o un clip para<strong>una instalaci\u00f3n r\u00e1pida <\/strong><strong>en chapas de acero, aluminio o pl\u00e1stico<\/strong>.<\/p>\n<p>La cerradura universal de palanca es <strong>ideal<\/strong> para instalaciones en <strong>mobiliario de oficina<\/strong>, <strong>puertas<\/strong> <strong>met\u00e1licas<\/strong> <strong>, trampillas<\/strong>, <strong>productos de carpinter\u00eda<\/strong>, <strong>cajas de chapa<\/strong>,<strong> sistemas de venta y lavado de coches<\/strong>, <strong>maquinaria y paneles de control.<\/strong><\/p>\n","protected":false},"excerpt":{"rendered":"<p>La <strong>cerradura universal de palanca <\/strong>con mecanismo de l\u00e1minas es una de las cerraduras m\u00e1s populares en todos los \u00e1mbitos.<\/p>\n<p>Suministrado con codificaci\u00f3n simple<strong>(KA<\/strong>) o mixta<strong>(KD<\/strong>) y con <strong>varios tipos de palancas tras<\/strong> eras, este sistema de cerradura de palanca es ideal para su instalaci\u00f3n en muebles de oficina, puertas met\u00e1licas, puertas, trabajos de carpinter\u00eda, cajas de chapa, sistemas de venta y lavado de coches, maquinaria y paneles de control.<\/p>\n","protected":false},"featured_media":3387,"comment_status":"open","ping_status":"closed","template":"","meta":{"_acf_changed":false,"_et_pb_use_builder":"","_et_pb_old_content":"","_et_gb_content_width":""},"product_brand":[],"product_cat":[3990,3989,3926,3890,3931,3943,3951,3882,3925,3887,3980,3912,3998,3884,3920,3957,3896,3909,3901,3900,3880,3904,3905,3907,3897,3885,3997,3906,3923,3921,3883,3898,3922,3903,3894,3895,3910,3911,3889,3888,3917,3915,3999,3908,3881,3994,3987],"product_tag":[],"class_list":{"0":"post-243134","1":"product","2":"type-product","3":"status-publish","4":"has-post-thumbnail","6":"product_cat-automatizacion-y-domotica","7":"product_cat-banca-y-correos","8":"product_cat-batiente","9":"product_cat-cerradura-de-armario-conforme-a-gdpr","10":"product_cat-cerradura-universal-de-laminas","11":"product_cat-cerraduras-con-bombin-extraible","12":"product_cat-cerraduras-con-llave-maestra","13":"product_cat-cerraduras-de-armarios","14":"product_cat-cerraduras-de-barcos","15":"product_cat-cerraduras-de-maquinas","16":"product_cat-cerraduras-de-palanca","17":"product_cat-cerraduras-de-puertas","18":"product_cat-cerraduras-de-puertas-2","19":"product_cat-cerraduras-de-seguridad","20":"product_cat-cerraduras-de-seguridad-para-muebles","21":"product_cat-cerraduras-impermeables-inoxidables","22":"product_cat-cerraduras-para-almacenes-automaticos","23":"product_cat-cerraduras-para-apartados-de-correos","24":"product_cat-cerraduras-para-armarios-de-epi","25":"product_cat-cerraduras-para-armarios-de-sustancias-peligrosas","26":"product_cat-cerraduras-para-armarios-electricos","27":"product_cat-cerraduras-para-armarios-fitosanitarios","28":"product_cat-cerraduras-para-armarios-industriales","29":"product_cat-cerraduras-para-armeros","30":"product_cat-cerraduras-para-bancos-de-trabajo","31":"product_cat-cerraduras-para-buzones","32":"product_cat-cerraduras-para-buzones-2","33":"product_cat-cerraduras-para-cajas-fuertes","34":"product_cat-cerraduras-para-caravanas-y-autocaravanas","35":"product_cat-cerraduras-para-carrocerias-frigorificas","36":"product_cat-cerraduras-para-carros-profesionales","37":"product_cat-cerraduras-para-dispensadores","38":"product_cat-cerraduras-para-furgonetas","39":"product_cat-cerraduras-para-guardaesquis","40":"product_cat-cerraduras-para-interruptores","41":"product_cat-cerraduras-para-la-industria-electromecanica","42":"product_cat-cerraduras-para-maquinas-expendedoras","43":"product_cat-cerraduras-para-maquinas-recreativas","44":"product_cat-cerraduras-para-medios-de-transporte","45":"product_cat-cerraduras-para-muebles","46":"product_cat-cerraduras-para-rotulos","47":"product_cat-cerraduras-para-taquillas","48":"product_cat-cerraduras-para-taquillas-2","49":"product_cat-cerraduras-para-taquillas-de-paquetes","50":"product_cat-cerraduras-profesionales-para-muebles","51":"product_cat-hospital-y-sanidad","52":"product_cat-sistemas-de-cierre-para-la-industria","54":"first","55":"instock","56":"shipping-taxable","57":"purchasable","58":"product-type-variable","59":"has-default-attributes"},"acf":{"pdf1":"https:\/\/www.omrserrature.it\/wp-content\/uploads\/schede\/Scheda_165580.pdf"},"yoast_head":"<!-- This site is optimized with the Yoast SEO plugin v27.5 - https:\/\/yoast.com\/product\/yoast-seo-wordpress\/ -->\n<title>Cerradura universal de l\u00e1minas \u00d8 19 - OMR Serrature<\/title>\n<meta name=\"robots\" content=\"index, follow, max-snippet:-1, max-image-preview:large, max-video-preview:-1\" \/>\n<link rel=\"canonical\" href=\"https:\/\/www.omrserrature.it\/es\/producto\/cerradura-universal-de-laminas-o-19\/\" \/>\n<meta property=\"og:locale\" content=\"es_ES\" \/>\n<meta property=\"og:type\" content=\"article\" \/>\n<meta property=\"og:title\" content=\"Cerradura universal de l\u00e1minas \u00d8 19 - OMR Serrature\" \/>\n<meta property=\"og:description\" content=\"La cerradura universal de palanca con mecanismo de l\u00e1minas es una de las cerraduras m\u00e1s populares en todos los \u00e1mbitos. Suministrado con codificaci\u00f3n simple(KA) o mixta(KD) y con varios tipos de palancas tras eras, este sistema de cerradura de palanca es ideal para su instalaci\u00f3n en muebles de oficina, puertas met\u00e1licas, puertas, trabajos de carpinter\u00eda, cajas de chapa, sistemas de venta y lavado de coches, maquinaria y paneles de control.\" \/>\n<meta property=\"og:url\" content=\"https:\/\/www.omrserrature.it\/es\/producto\/cerradura-universal-de-laminas-o-19\/\" \/>\n<meta property=\"og:site_name\" content=\"OMR Serrature | Produzione sistemi di chiusura\" \/>\n<meta property=\"article:publisher\" content=\"https:\/\/www.facebook.com\/OMRserrature\" \/>\n<meta property=\"article:modified_time\" content=\"2026-04-08T11:12:29+00:00\" \/>\n<meta property=\"og:image\" content=\"https:\/\/www.omrserrature.it\/wp-content\/uploads\/2017\/10\/serratura-universale-lamelle-19.jpg\" \/>\n\t<meta property=\"og:image:width\" content=\"432\" \/>\n\t<meta property=\"og:image:height\" content=\"382\" \/>\n\t<meta property=\"og:image:type\" content=\"image\/jpeg\" \/>\n<meta name=\"twitter:card\" content=\"summary_large_image\" \/>\n<meta name=\"twitter:label1\" content=\"Tiempo de lectura\" \/>\n\t<meta name=\"twitter:data1\" content=\"1 minuto\" \/>\n<script type=\"application\/ld+json\" class=\"yoast-schema-graph\">{\"@context\":\"https:\\\/\\\/schema.org\",\"@graph\":[{\"@type\":\"WebPage\",\"@id\":\"https:\\\/\\\/www.omrserrature.it\\\/es\\\/producto\\\/cerradura-universal-de-laminas-o-19\\\/\",\"url\":\"https:\\\/\\\/www.omrserrature.it\\\/es\\\/producto\\\/cerradura-universal-de-laminas-o-19\\\/\",\"name\":\"Cerradura universal de l\u00e1minas \u00d8 19 - OMR Serrature\",\"isPartOf\":{\"@id\":\"https:\\\/\\\/www.omrserrature.it\\\/es\\\/#website\"},\"primaryImageOfPage\":{\"@id\":\"https:\\\/\\\/www.omrserrature.it\\\/es\\\/producto\\\/cerradura-universal-de-laminas-o-19\\\/#primaryimage\"},\"image\":{\"@id\":\"https:\\\/\\\/www.omrserrature.it\\\/es\\\/producto\\\/cerradura-universal-de-laminas-o-19\\\/#primaryimage\"},\"thumbnailUrl\":\"https:\\\/\\\/www.omrserrature.it\\\/wp-content\\\/uploads\\\/2017\\\/10\\\/serratura-universale-lamelle-19.jpg\",\"datePublished\":\"2009-10-17T12:59:00+00:00\",\"dateModified\":\"2026-04-08T11:12:29+00:00\",\"breadcrumb\":{\"@id\":\"https:\\\/\\\/www.omrserrature.it\\\/es\\\/producto\\\/cerradura-universal-de-laminas-o-19\\\/#breadcrumb\"},\"inLanguage\":\"es\",\"potentialAction\":[{\"@type\":\"ReadAction\",\"target\":[\"https:\\\/\\\/www.omrserrature.it\\\/es\\\/producto\\\/cerradura-universal-de-laminas-o-19\\\/\"]}]},{\"@type\":\"ImageObject\",\"inLanguage\":\"es\",\"@id\":\"https:\\\/\\\/www.omrserrature.it\\\/es\\\/producto\\\/cerradura-universal-de-laminas-o-19\\\/#primaryimage\",\"url\":\"https:\\\/\\\/www.omrserrature.it\\\/wp-content\\\/uploads\\\/2017\\\/10\\\/serratura-universale-lamelle-19.jpg\",\"contentUrl\":\"https:\\\/\\\/www.omrserrature.it\\\/wp-content\\\/uploads\\\/2017\\\/10\\\/serratura-universale-lamelle-19.jpg\",\"width\":432,\"height\":382,\"caption\":\"Serratura universale lamelle \u00d8 19\"},{\"@type\":\"BreadcrumbList\",\"@id\":\"https:\\\/\\\/www.omrserrature.it\\\/es\\\/producto\\\/cerradura-universal-de-laminas-o-19\\\/#breadcrumb\",\"itemListElement\":[{\"@type\":\"ListItem\",\"position\":1,\"name\":\"Home\",\"item\":\"https:\\\/\\\/www.omrserrature.it\\\/es\\\/omr-cerradiras-y-sistemas-de-cierre\\\/\"},{\"@type\":\"ListItem\",\"position\":2,\"name\":\"Cat\u00e1logo\",\"item\":\"https:\\\/\\\/www.omrserrature.it\\\/catalogo\\\/?lang=es\"},{\"@type\":\"ListItem\",\"position\":3,\"name\":\"Productos\",\"item\":\"https:\\\/\\\/www.omrserrature.it\\\/es\\\/inventario\\\/productos\\\/\"},{\"@type\":\"ListItem\",\"position\":4,\"name\":\"Cerraduras\",\"item\":\"https:\\\/\\\/www.omrserrature.it\\\/es\\\/inventario\\\/productos\\\/cerraduras\\\/\"},{\"@type\":\"ListItem\",\"position\":5,\"name\":\"Cerraduras con llave maestra\",\"item\":\"https:\\\/\\\/www.omrserrature.it\\\/es\\\/inventario\\\/productos\\\/cerraduras\\\/cerraduras-con-llave-maestra\\\/\"},{\"@type\":\"ListItem\",\"position\":6,\"name\":\"Cerradura universal de l\u00e1minas \u00d8 19\"}]},{\"@type\":\"WebSite\",\"@id\":\"https:\\\/\\\/www.omrserrature.it\\\/es\\\/#website\",\"url\":\"https:\\\/\\\/www.omrserrature.it\\\/es\\\/\",\"name\":\"OMR Serrature | Produzione sistemi di chiusura\",\"description\":\"Produzione serrature di sicurezza e sistemi di chiusura\",\"publisher\":{\"@id\":\"https:\\\/\\\/www.omrserrature.it\\\/es\\\/#organization\"},\"potentialAction\":[{\"@type\":\"SearchAction\",\"target\":{\"@type\":\"EntryPoint\",\"urlTemplate\":\"https:\\\/\\\/www.omrserrature.it\\\/es\\\/?s={search_term_string}\"},\"query-input\":{\"@type\":\"PropertyValueSpecification\",\"valueRequired\":true,\"valueName\":\"search_term_string\"}}],\"inLanguage\":\"es\"},{\"@type\":\"Organization\",\"@id\":\"https:\\\/\\\/www.omrserrature.it\\\/es\\\/#organization\",\"name\":\"OMR Serrature | Produzione sistemi di chiusura\",\"url\":\"https:\\\/\\\/www.omrserrature.it\\\/es\\\/\",\"logo\":{\"@type\":\"ImageObject\",\"inLanguage\":\"es\",\"@id\":\"https:\\\/\\\/www.omrserrature.it\\\/es\\\/#\\\/schema\\\/logo\\\/image\\\/\",\"url\":\"https:\\\/\\\/www.omrserrature.it\\\/wp-content\\\/uploads\\\/2017\\\/09\\\/favicon-omr-114.png\",\"contentUrl\":\"https:\\\/\\\/www.omrserrature.it\\\/wp-content\\\/uploads\\\/2017\\\/09\\\/favicon-omr-114.png\",\"width\":114,\"height\":114,\"caption\":\"OMR Serrature | Produzione sistemi di chiusura\"},\"image\":{\"@id\":\"https:\\\/\\\/www.omrserrature.it\\\/es\\\/#\\\/schema\\\/logo\\\/image\\\/\"},\"sameAs\":[\"https:\\\/\\\/www.facebook.com\\\/OMRserrature\",\"https:\\\/\\\/www.linkedin.com\\\/company\\\/omrserrature\\\/\",\"https:\\\/\\\/www.youtube.com\\\/channel\\\/UCxmA85z2R0EpG_6IRokiAkg\"]}]}<\/script>\n<!-- \/ Yoast SEO plugin. -->","yoast_head_json":{"title":"Cerradura universal de l\u00e1minas \u00d8 19 - OMR Serrature","robots":{"index":"index","follow":"follow","max-snippet":"max-snippet:-1","max-image-preview":"max-image-preview:large","max-video-preview":"max-video-preview:-1"},"canonical":"https:\/\/www.omrserrature.it\/es\/producto\/cerradura-universal-de-laminas-o-19\/","og_locale":"es_ES","og_type":"article","og_title":"Cerradura universal de l\u00e1minas \u00d8 19 - OMR Serrature","og_description":"La cerradura universal de palanca con mecanismo de l\u00e1minas es una de las cerraduras m\u00e1s populares en todos los \u00e1mbitos. Suministrado con codificaci\u00f3n simple(KA) o mixta(KD) y con varios tipos de palancas tras eras, este sistema de cerradura de palanca es ideal para su instalaci\u00f3n en muebles de oficina, puertas met\u00e1licas, puertas, trabajos de carpinter\u00eda, cajas de chapa, sistemas de venta y lavado de coches, maquinaria y paneles de control.","og_url":"https:\/\/www.omrserrature.it\/es\/producto\/cerradura-universal-de-laminas-o-19\/","og_site_name":"OMR Serrature | Produzione sistemi di chiusura","article_publisher":"https:\/\/www.facebook.com\/OMRserrature","article_modified_time":"2026-04-08T11:12:29+00:00","og_image":[{"width":432,"height":382,"url":"https:\/\/www.omrserrature.it\/wp-content\/uploads\/2017\/10\/serratura-universale-lamelle-19.jpg","type":"image\/jpeg"}],"twitter_card":"summary_large_image","twitter_misc":{"Tiempo de lectura":"1 minuto"},"schema":{"@context":"https:\/\/schema.org","@graph":[{"@type":"WebPage","@id":"https:\/\/www.omrserrature.it\/es\/producto\/cerradura-universal-de-laminas-o-19\/","url":"https:\/\/www.omrserrature.it\/es\/producto\/cerradura-universal-de-laminas-o-19\/","name":"Cerradura universal de l\u00e1minas \u00d8 19 - OMR Serrature","isPartOf":{"@id":"https:\/\/www.omrserrature.it\/es\/#website"},"primaryImageOfPage":{"@id":"https:\/\/www.omrserrature.it\/es\/producto\/cerradura-universal-de-laminas-o-19\/#primaryimage"},"image":{"@id":"https:\/\/www.omrserrature.it\/es\/producto\/cerradura-universal-de-laminas-o-19\/#primaryimage"},"thumbnailUrl":"https:\/\/www.omrserrature.it\/wp-content\/uploads\/2017\/10\/serratura-universale-lamelle-19.jpg","datePublished":"2009-10-17T12:59:00+00:00","dateModified":"2026-04-08T11:12:29+00:00","breadcrumb":{"@id":"https:\/\/www.omrserrature.it\/es\/producto\/cerradura-universal-de-laminas-o-19\/#breadcrumb"},"inLanguage":"es","potentialAction":[{"@type":"ReadAction","target":["https:\/\/www.omrserrature.it\/es\/producto\/cerradura-universal-de-laminas-o-19\/"]}]},{"@type":"ImageObject","inLanguage":"es","@id":"https:\/\/www.omrserrature.it\/es\/producto\/cerradura-universal-de-laminas-o-19\/#primaryimage","url":"https:\/\/www.omrserrature.it\/wp-content\/uploads\/2017\/10\/serratura-universale-lamelle-19.jpg","contentUrl":"https:\/\/www.omrserrature.it\/wp-content\/uploads\/2017\/10\/serratura-universale-lamelle-19.jpg","width":432,"height":382,"caption":"Serratura universale lamelle \u00d8 19"},{"@type":"BreadcrumbList","@id":"https:\/\/www.omrserrature.it\/es\/producto\/cerradura-universal-de-laminas-o-19\/#breadcrumb","itemListElement":[{"@type":"ListItem","position":1,"name":"Home","item":"https:\/\/www.omrserrature.it\/es\/omr-cerradiras-y-sistemas-de-cierre\/"},{"@type":"ListItem","position":2,"name":"Cat\u00e1logo","item":"https:\/\/www.omrserrature.it\/catalogo\/?lang=es"},{"@type":"ListItem","position":3,"name":"Productos","item":"https:\/\/www.omrserrature.it\/es\/inventario\/productos\/"},{"@type":"ListItem","position":4,"name":"Cerraduras","item":"https:\/\/www.omrserrature.it\/es\/inventario\/productos\/cerraduras\/"},{"@type":"ListItem","position":5,"name":"Cerraduras con llave maestra","item":"https:\/\/www.omrserrature.it\/es\/inventario\/productos\/cerraduras\/cerraduras-con-llave-maestra\/"},{"@type":"ListItem","position":6,"name":"Cerradura universal de l\u00e1minas \u00d8 19"}]},{"@type":"WebSite","@id":"https:\/\/www.omrserrature.it\/es\/#website","url":"https:\/\/www.omrserrature.it\/es\/","name":"OMR Serrature | Produzione sistemi di chiusura","description":"Produzione serrature di sicurezza e sistemi di chiusura","publisher":{"@id":"https:\/\/www.omrserrature.it\/es\/#organization"},"potentialAction":[{"@type":"SearchAction","target":{"@type":"EntryPoint","urlTemplate":"https:\/\/www.omrserrature.it\/es\/?s={search_term_string}"},"query-input":{"@type":"PropertyValueSpecification","valueRequired":true,"valueName":"search_term_string"}}],"inLanguage":"es"},{"@type":"Organization","@id":"https:\/\/www.omrserrature.it\/es\/#organization","name":"OMR Serrature | Produzione sistemi di chiusura","url":"https:\/\/www.omrserrature.it\/es\/","logo":{"@type":"ImageObject","inLanguage":"es","@id":"https:\/\/www.omrserrature.it\/es\/#\/schema\/logo\/image\/","url":"https:\/\/www.omrserrature.it\/wp-content\/uploads\/2017\/09\/favicon-omr-114.png","contentUrl":"https:\/\/www.omrserrature.it\/wp-content\/uploads\/2017\/09\/favicon-omr-114.png","width":114,"height":114,"caption":"OMR Serrature | Produzione sistemi di chiusura"},"image":{"@id":"https:\/\/www.omrserrature.it\/es\/#\/schema\/logo\/image\/"},"sameAs":["https:\/\/www.facebook.com\/OMRserrature","https:\/\/www.linkedin.com\/company\/omrserrature\/","https:\/\/www.youtube.com\/channel\/UCxmA85z2R0EpG_6IRokiAkg"]}]}},"_links":{"self":[{"href":"https:\/\/www.omrserrature.it\/es\/wp-json\/wp\/v2\/product\/243134","targetHints":{"allow":["GET"]}}],"collection":[{"href":"https:\/\/www.omrserrature.it\/es\/wp-json\/wp\/v2\/product"}],"about":[{"href":"https:\/\/www.omrserrature.it\/es\/wp-json\/wp\/v2\/types\/product"}],"replies":[{"embeddable":true,"href":"https:\/\/www.omrserrature.it\/es\/wp-json\/wp\/v2\/comments?post=243134"}],"wp:featuredmedia":[{"embeddable":true,"href":"https:\/\/www.omrserrature.it\/es\/wp-json\/wp\/v2\/media\/3387"}],"wp:attachment":[{"href":"https:\/\/www.omrserrature.it\/es\/wp-json\/wp\/v2\/media?parent=243134"}],"wp:term":[{"taxonomy":"product_brand","embeddable":true,"href":"https:\/\/www.omrserrature.it\/es\/wp-json\/wp\/v2\/product_brand?post=243134"},{"taxonomy":"product_cat","embeddable":true,"href":"https:\/\/www.omrserrature.it\/es\/wp-json\/wp\/v2\/product_cat?post=243134"},{"taxonomy":"product_tag","embeddable":true,"href":"https:\/\/www.omrserrature.it\/es\/wp-json\/wp\/v2\/product_tag?post=243134"}],"curies":[{"name":"wp","href":"https:\/\/api.w.org\/{rel}","templated":true}]}}