{"id":243079,"date":"2017-10-10T15:34:04","date_gmt":"2010-10-17T13:34:00","guid":{"rendered":"https:\/\/www.staging6.omrserrature.it\/prodotto\/cerradura-universal-de-laminas-o-17\/"},"modified":"2026-04-08T13:11:44","modified_gmt":"2026-04-08T11:11:44","slug":"cerradura-universal-de-laminas-o-17","status":"publish","type":"product","link":"https:\/\/www.omrserrature.it\/es\/producto\/cerradura-universal-de-laminas-o-17\/","title":{"rendered":"Cerradura universal de l\u00e1minas \u00d8 17"},"content":{"rendered":"<p>La <strong>cerradura universal de palanca<\/strong> con mecanismo de l\u00e1minas es una de las cerraduras m\u00e1s populares. La llave de lat\u00f3n niquelado mueve el bombin de l\u00e1minas central situado dentro de una caja de aleaci\u00f3n de zinc llamada estator, buje o cuerpo. El di\u00e1metro est\u00e1 fresado en dos lados opuestos (placas laterales) formando una doble D para impedir la rotaci\u00f3n de la cerradura de palanca en el alojamiento de la instalaci\u00f3n.   El funcionamiento de la <strong>palanca<\/strong> trasera determina si el bloqueo est\u00e1 cerrado o abierto.<\/p>\n<p>El cuerpo y el bombin de la cerradura de palanca son de aleaci\u00f3n de zinc y la leng\u00fceta de acero. La conexi\u00f3n trasera, cuadrada de 7 mm, tambi\u00e9n permite instalar diversas <strong>palancas rectas, dobladas o de gancho<\/strong>, as\u00ed como palancas multipunto para el movimiento de las varillas deslizantes (arriba y abajo). Las numerosas variantes disponibles permiten distintas rotaciones, grosores de puerta de 0,5 a 27 mm y extracci\u00f3n de la llave en abierto y cerrado (o s\u00f3lo en uno de los dos casos). La fijaci\u00f3n de la cerradura es sencilla gracias a la horquilla &#8211; tambi\u00e9n conocida como clip &#8211; para <strong>una instalaci\u00f3n r\u00e1pida<\/strong><strong>en placas de acero, aluminio o pl\u00e1stico<\/strong>.   <\/p>\n<p><strong>La cerradura universal de palanca<\/strong> es ideal para instalarla en mobiliario de oficina, varillas met\u00e1licas, trampillas, carpinter\u00eda, cajas de chapa, sistemas de venta y lavado de coches, maquinaria y paneles de control.<\/p>\n","protected":false},"excerpt":{"rendered":"<p>La <strong>cerradura universal de palanca<\/strong> con mecanismo de l\u00e1minas es una de las cerraduras m\u00e1s populares. El terminal cuadrado de 7 mm tambi\u00e9n permite instalar diversas <strong>palancas rectas, dobladas o de gancho<\/strong>. <\/p>\n<p>Disponible tanto en encriptaci\u00f3n mixta<strong>(KD<\/strong>) como en encriptaci\u00f3n \u00fanica<strong>(KA<\/strong>).<\/p>\n<p><strong>Instalaci\u00f3n r\u00e1pida con la horquilla.<\/strong><\/p>\n","protected":false},"featured_media":3393,"comment_status":"open","ping_status":"closed","template":"","meta":{"_acf_changed":false,"_et_pb_use_builder":"","_et_pb_old_content":"","_et_gb_content_width":""},"product_brand":[],"product_cat":[3931,3951,3980],"product_tag":[],"class_list":{"0":"post-243079","1":"product","2":"type-product","3":"status-publish","4":"has-post-thumbnail","6":"product_cat-cerradura-universal-de-laminas","7":"product_cat-cerraduras-con-llave-maestra","8":"product_cat-cerraduras-de-palanca","10":"first","11":"instock","12":"shipping-taxable","13":"purchasable","14":"product-type-variable"},"acf":{"pdf1":"https:\/\/www.omrserrature.it\/wp-content\/uploads\/2017\/10\/Scheda-163100.pdf"},"yoast_head":"<!-- This site is optimized with the Yoast SEO plugin v27.2 - https:\/\/yoast.com\/product\/yoast-seo-wordpress\/ -->\n<title>Cerradura universal de l\u00e1minas \u00d8 17 - OMR Serrature<\/title>\n<meta name=\"robots\" content=\"index, follow, max-snippet:-1, max-image-preview:large, max-video-preview:-1\" \/>\n<link rel=\"canonical\" href=\"https:\/\/www.omrserrature.it\/es\/producto\/cerradura-universal-de-laminas-o-17\/\" \/>\n<meta property=\"og:locale\" content=\"es_ES\" \/>\n<meta property=\"og:type\" content=\"article\" \/>\n<meta property=\"og:title\" content=\"Cerradura universal de l\u00e1minas \u00d8 17 - OMR Serrature\" \/>\n<meta property=\"og:description\" content=\"La cerradura universal de palanca con mecanismo de l\u00e1minas es una de las cerraduras m\u00e1s populares. El terminal cuadrado de 7 mm tambi\u00e9n permite instalar diversas palancas rectas, dobladas o de gancho.  Disponible tanto en encriptaci\u00f3n mixta(KD) como en encriptaci\u00f3n \u00fanica(KA). Instalaci\u00f3n r\u00e1pida con la horquilla.\" \/>\n<meta property=\"og:url\" content=\"https:\/\/www.omrserrature.it\/es\/producto\/cerradura-universal-de-laminas-o-17\/\" \/>\n<meta property=\"og:site_name\" content=\"OMR Serrature | Produzione sistemi di chiusura\" \/>\n<meta property=\"article:publisher\" content=\"https:\/\/www.facebook.com\/OMRserrature\" \/>\n<meta property=\"article:modified_time\" content=\"2026-04-08T11:11:44+00:00\" \/>\n<meta property=\"og:image\" content=\"https:\/\/www.omrserrature.it\/wp-content\/uploads\/2017\/10\/serratura-universale-lamelle-forcella.jpg\" \/>\n\t<meta property=\"og:image:width\" content=\"622\" \/>\n\t<meta property=\"og:image:height\" content=\"405\" \/>\n\t<meta property=\"og:image:type\" content=\"image\/jpeg\" \/>\n<meta name=\"twitter:card\" content=\"summary_large_image\" \/>\n<meta name=\"twitter:label1\" content=\"Tiempo de lectura\" \/>\n\t<meta name=\"twitter:data1\" content=\"1 minuto\" \/>\n<script type=\"application\/ld+json\" class=\"yoast-schema-graph\">{\"@context\":\"https:\/\/schema.org\",\"@graph\":[{\"@type\":\"WebPage\",\"@id\":\"https:\/\/www.omrserrature.it\/es\/producto\/cerradura-universal-de-laminas-o-17\/\",\"url\":\"https:\/\/www.omrserrature.it\/es\/producto\/cerradura-universal-de-laminas-o-17\/\",\"name\":\"Cerradura universal de l\u00e1minas \u00d8 17 - OMR Serrature\",\"isPartOf\":{\"@id\":\"https:\/\/www.omrserrature.it\/es\/#website\"},\"primaryImageOfPage\":{\"@id\":\"https:\/\/www.omrserrature.it\/es\/producto\/cerradura-universal-de-laminas-o-17\/#primaryimage\"},\"image\":{\"@id\":\"https:\/\/www.omrserrature.it\/es\/producto\/cerradura-universal-de-laminas-o-17\/#primaryimage\"},\"thumbnailUrl\":\"https:\/\/www.omrserrature.it\/wp-content\/uploads\/2017\/10\/serratura-universale-lamelle-forcella.jpg\",\"datePublished\":\"2010-10-17T13:34:00+00:00\",\"dateModified\":\"2026-04-08T11:11:44+00:00\",\"breadcrumb\":{\"@id\":\"https:\/\/www.omrserrature.it\/es\/producto\/cerradura-universal-de-laminas-o-17\/#breadcrumb\"},\"inLanguage\":\"es\",\"potentialAction\":[{\"@type\":\"ReadAction\",\"target\":[\"https:\/\/www.omrserrature.it\/es\/producto\/cerradura-universal-de-laminas-o-17\/\"]}]},{\"@type\":\"ImageObject\",\"inLanguage\":\"es\",\"@id\":\"https:\/\/www.omrserrature.it\/es\/producto\/cerradura-universal-de-laminas-o-17\/#primaryimage\",\"url\":\"https:\/\/www.omrserrature.it\/wp-content\/uploads\/2017\/10\/serratura-universale-lamelle-forcella.jpg\",\"contentUrl\":\"https:\/\/www.omrserrature.it\/wp-content\/uploads\/2017\/10\/serratura-universale-lamelle-forcella.jpg\",\"width\":622,\"height\":405,\"caption\":\"Cerradura universal de l\u00e1minas di\u00e1metro 17 mm\"},{\"@type\":\"BreadcrumbList\",\"@id\":\"https:\/\/www.omrserrature.it\/es\/producto\/cerradura-universal-de-laminas-o-17\/#breadcrumb\",\"itemListElement\":[{\"@type\":\"ListItem\",\"position\":1,\"name\":\"Home\",\"item\":\"https:\/\/www.omrserrature.it\/es\/omr-cerradiras-y-sistemas-de-cierre\/\"},{\"@type\":\"ListItem\",\"position\":2,\"name\":\"Cat\u00e1logo\",\"item\":\"https:\/\/www.omrserrature.it\/catalogo\/?lang=es\"},{\"@type\":\"ListItem\",\"position\":3,\"name\":\"Productos\",\"item\":\"https:\/\/www.omrserrature.it\/es\/inventario\/productos\/\"},{\"@type\":\"ListItem\",\"position\":4,\"name\":\"Cerraduras\",\"item\":\"https:\/\/www.omrserrature.it\/es\/inventario\/productos\/cerraduras\/\"},{\"@type\":\"ListItem\",\"position\":5,\"name\":\"Cerradura universal de l\u00e1minas\",\"item\":\"https:\/\/www.omrserrature.it\/es\/inventario\/productos\/cerraduras\/cerradura-universal-de-laminas\/\"},{\"@type\":\"ListItem\",\"position\":6,\"name\":\"Cerradura universal de l\u00e1minas \u00d8 17\"}]},{\"@type\":\"WebSite\",\"@id\":\"https:\/\/www.omrserrature.it\/es\/#website\",\"url\":\"https:\/\/www.omrserrature.it\/es\/\",\"name\":\"OMR Serrature | Produzione sistemi di chiusura\",\"description\":\"Produzione serrature di sicurezza e sistemi di chiusura\",\"publisher\":{\"@id\":\"https:\/\/www.omrserrature.it\/es\/#organization\"},\"potentialAction\":[{\"@type\":\"SearchAction\",\"target\":{\"@type\":\"EntryPoint\",\"urlTemplate\":\"https:\/\/www.omrserrature.it\/es\/?s={search_term_string}\"},\"query-input\":{\"@type\":\"PropertyValueSpecification\",\"valueRequired\":true,\"valueName\":\"search_term_string\"}}],\"inLanguage\":\"es\"},{\"@type\":\"Organization\",\"@id\":\"https:\/\/www.omrserrature.it\/es\/#organization\",\"name\":\"OMR Serrature | Produzione sistemi di chiusura\",\"url\":\"https:\/\/www.omrserrature.it\/es\/\",\"logo\":{\"@type\":\"ImageObject\",\"inLanguage\":\"es\",\"@id\":\"https:\/\/www.omrserrature.it\/es\/#\/schema\/logo\/image\/\",\"url\":\"https:\/\/www.omrserrature.it\/wp-content\/uploads\/2017\/09\/favicon-omr-114.png\",\"contentUrl\":\"https:\/\/www.omrserrature.it\/wp-content\/uploads\/2017\/09\/favicon-omr-114.png\",\"width\":114,\"height\":114,\"caption\":\"OMR Serrature | Produzione sistemi di chiusura\"},\"image\":{\"@id\":\"https:\/\/www.omrserrature.it\/es\/#\/schema\/logo\/image\/\"},\"sameAs\":[\"https:\/\/www.facebook.com\/OMRserrature\",\"https:\/\/www.linkedin.com\/company\/omrserrature\/\",\"https:\/\/www.youtube.com\/channel\/UCxmA85z2R0EpG_6IRokiAkg\"]}]}<\/script>\n<!-- \/ Yoast SEO plugin. -->","yoast_head_json":{"title":"Cerradura universal de l\u00e1minas \u00d8 17 - OMR Serrature","robots":{"index":"index","follow":"follow","max-snippet":"max-snippet:-1","max-image-preview":"max-image-preview:large","max-video-preview":"max-video-preview:-1"},"canonical":"https:\/\/www.omrserrature.it\/es\/producto\/cerradura-universal-de-laminas-o-17\/","og_locale":"es_ES","og_type":"article","og_title":"Cerradura universal de l\u00e1minas \u00d8 17 - OMR Serrature","og_description":"La cerradura universal de palanca con mecanismo de l\u00e1minas es una de las cerraduras m\u00e1s populares. El terminal cuadrado de 7 mm tambi\u00e9n permite instalar diversas palancas rectas, dobladas o de gancho.  Disponible tanto en encriptaci\u00f3n mixta(KD) como en encriptaci\u00f3n \u00fanica(KA). Instalaci\u00f3n r\u00e1pida con la horquilla.","og_url":"https:\/\/www.omrserrature.it\/es\/producto\/cerradura-universal-de-laminas-o-17\/","og_site_name":"OMR Serrature | Produzione sistemi di chiusura","article_publisher":"https:\/\/www.facebook.com\/OMRserrature","article_modified_time":"2026-04-08T11:11:44+00:00","og_image":[{"width":622,"height":405,"url":"https:\/\/www.omrserrature.it\/wp-content\/uploads\/2017\/10\/serratura-universale-lamelle-forcella.jpg","type":"image\/jpeg"}],"twitter_card":"summary_large_image","twitter_misc":{"Tiempo de lectura":"1 minuto"},"schema":{"@context":"https:\/\/schema.org","@graph":[{"@type":"WebPage","@id":"https:\/\/www.omrserrature.it\/es\/producto\/cerradura-universal-de-laminas-o-17\/","url":"https:\/\/www.omrserrature.it\/es\/producto\/cerradura-universal-de-laminas-o-17\/","name":"Cerradura universal de l\u00e1minas \u00d8 17 - OMR Serrature","isPartOf":{"@id":"https:\/\/www.omrserrature.it\/es\/#website"},"primaryImageOfPage":{"@id":"https:\/\/www.omrserrature.it\/es\/producto\/cerradura-universal-de-laminas-o-17\/#primaryimage"},"image":{"@id":"https:\/\/www.omrserrature.it\/es\/producto\/cerradura-universal-de-laminas-o-17\/#primaryimage"},"thumbnailUrl":"https:\/\/www.omrserrature.it\/wp-content\/uploads\/2017\/10\/serratura-universale-lamelle-forcella.jpg","datePublished":"2010-10-17T13:34:00+00:00","dateModified":"2026-04-08T11:11:44+00:00","breadcrumb":{"@id":"https:\/\/www.omrserrature.it\/es\/producto\/cerradura-universal-de-laminas-o-17\/#breadcrumb"},"inLanguage":"es","potentialAction":[{"@type":"ReadAction","target":["https:\/\/www.omrserrature.it\/es\/producto\/cerradura-universal-de-laminas-o-17\/"]}]},{"@type":"ImageObject","inLanguage":"es","@id":"https:\/\/www.omrserrature.it\/es\/producto\/cerradura-universal-de-laminas-o-17\/#primaryimage","url":"https:\/\/www.omrserrature.it\/wp-content\/uploads\/2017\/10\/serratura-universale-lamelle-forcella.jpg","contentUrl":"https:\/\/www.omrserrature.it\/wp-content\/uploads\/2017\/10\/serratura-universale-lamelle-forcella.jpg","width":622,"height":405,"caption":"Cerradura universal de l\u00e1minas di\u00e1metro 17 mm"},{"@type":"BreadcrumbList","@id":"https:\/\/www.omrserrature.it\/es\/producto\/cerradura-universal-de-laminas-o-17\/#breadcrumb","itemListElement":[{"@type":"ListItem","position":1,"name":"Home","item":"https:\/\/www.omrserrature.it\/es\/omr-cerradiras-y-sistemas-de-cierre\/"},{"@type":"ListItem","position":2,"name":"Cat\u00e1logo","item":"https:\/\/www.omrserrature.it\/catalogo\/?lang=es"},{"@type":"ListItem","position":3,"name":"Productos","item":"https:\/\/www.omrserrature.it\/es\/inventario\/productos\/"},{"@type":"ListItem","position":4,"name":"Cerraduras","item":"https:\/\/www.omrserrature.it\/es\/inventario\/productos\/cerraduras\/"},{"@type":"ListItem","position":5,"name":"Cerradura universal de l\u00e1minas","item":"https:\/\/www.omrserrature.it\/es\/inventario\/productos\/cerraduras\/cerradura-universal-de-laminas\/"},{"@type":"ListItem","position":6,"name":"Cerradura universal de l\u00e1minas \u00d8 17"}]},{"@type":"WebSite","@id":"https:\/\/www.omrserrature.it\/es\/#website","url":"https:\/\/www.omrserrature.it\/es\/","name":"OMR Serrature | Produzione sistemi di chiusura","description":"Produzione serrature di sicurezza e sistemi di chiusura","publisher":{"@id":"https:\/\/www.omrserrature.it\/es\/#organization"},"potentialAction":[{"@type":"SearchAction","target":{"@type":"EntryPoint","urlTemplate":"https:\/\/www.omrserrature.it\/es\/?s={search_term_string}"},"query-input":{"@type":"PropertyValueSpecification","valueRequired":true,"valueName":"search_term_string"}}],"inLanguage":"es"},{"@type":"Organization","@id":"https:\/\/www.omrserrature.it\/es\/#organization","name":"OMR Serrature | Produzione sistemi di chiusura","url":"https:\/\/www.omrserrature.it\/es\/","logo":{"@type":"ImageObject","inLanguage":"es","@id":"https:\/\/www.omrserrature.it\/es\/#\/schema\/logo\/image\/","url":"https:\/\/www.omrserrature.it\/wp-content\/uploads\/2017\/09\/favicon-omr-114.png","contentUrl":"https:\/\/www.omrserrature.it\/wp-content\/uploads\/2017\/09\/favicon-omr-114.png","width":114,"height":114,"caption":"OMR Serrature | Produzione sistemi di chiusura"},"image":{"@id":"https:\/\/www.omrserrature.it\/es\/#\/schema\/logo\/image\/"},"sameAs":["https:\/\/www.facebook.com\/OMRserrature","https:\/\/www.linkedin.com\/company\/omrserrature\/","https:\/\/www.youtube.com\/channel\/UCxmA85z2R0EpG_6IRokiAkg"]}]}},"_links":{"self":[{"href":"https:\/\/www.omrserrature.it\/es\/wp-json\/wp\/v2\/product\/243079","targetHints":{"allow":["GET"]}}],"collection":[{"href":"https:\/\/www.omrserrature.it\/es\/wp-json\/wp\/v2\/product"}],"about":[{"href":"https:\/\/www.omrserrature.it\/es\/wp-json\/wp\/v2\/types\/product"}],"replies":[{"embeddable":true,"href":"https:\/\/www.omrserrature.it\/es\/wp-json\/wp\/v2\/comments?post=243079"}],"wp:featuredmedia":[{"embeddable":true,"href":"https:\/\/www.omrserrature.it\/es\/wp-json\/wp\/v2\/media\/3393"}],"wp:attachment":[{"href":"https:\/\/www.omrserrature.it\/es\/wp-json\/wp\/v2\/media?parent=243079"}],"wp:term":[{"taxonomy":"product_brand","embeddable":true,"href":"https:\/\/www.omrserrature.it\/es\/wp-json\/wp\/v2\/product_brand?post=243079"},{"taxonomy":"product_cat","embeddable":true,"href":"https:\/\/www.omrserrature.it\/es\/wp-json\/wp\/v2\/product_cat?post=243079"},{"taxonomy":"product_tag","embeddable":true,"href":"https:\/\/www.omrserrature.it\/es\/wp-json\/wp\/v2\/product_tag?post=243079"}],"curies":[{"name":"wp","href":"https:\/\/api.w.org\/{rel}","templated":true}]}}