{"id":243057,"date":"2017-10-09T13:55:07","date_gmt":"2009-10-17T11:55:00","guid":{"rendered":"https:\/\/www.staging6.omrserrature.it\/prodotto\/cerradura-universal-de-laminas\/"},"modified":"2026-04-08T13:14:29","modified_gmt":"2026-04-08T11:14:29","slug":"cerradura-universal-de-laminas","status":"publish","type":"product","link":"https:\/\/www.omrserrature.it\/es\/producto\/cerradura-universal-de-laminas\/","title":{"rendered":"Cerradura universal de l\u00e1minas"},"content":{"rendered":"<p>La <strong>cerradura universal<\/strong> <b>de<\/b> <strong>palanca<\/strong> <b>en miniatura<\/b> con mecanismo de l\u00e1minas es el sistema de cierre m\u00e1s popular por su extrema versatilidad. La llave de lat\u00f3n niquelado mueve el bombin de l\u00e1minas central situado dentro de una caja de aleaci\u00f3n de zinc llamada estator, buje o cuerpo. El di\u00e1metro est\u00e1 fresado en dos lados opuestos (placas laterales) formando una doble D para impedir la rotaci\u00f3n del trinquete en la Puerta. Accionando la <strong>palanca<\/strong> trasera, se determina el cierre o la apertura de la minicerradura de leva.<\/p>\n<p>El cuerpo y el bombin de la cerradura de palanca son de aleaci\u00f3n de zinc y la leng\u00fceta, de acero. El terminal cuadrado de 7 mm tambi\u00e9n permite instalar diversas <strong>palancas rectas, dobladas o de gancho<\/strong>, as\u00ed como balancines para el movimiento de varillas de desplazamiento lateral (arriba y abajo), mandos o pasadores para <strong>cierre m\u00faltiple y centralizado de cajoneras<\/strong>. <\/p>\n<p>Las cerraduras de palanca de 1\/4 de vuelta tambi\u00e9n pueden fabricarse en <strong>impermeable con protecci\u00f3n contra el polvo y el agua<\/strong> y en <strong>tecnopol\u00edmero<\/strong>, un \u00abpl\u00e1stico met\u00e1lico\u00bb especial que garantiza unas prestaciones mec\u00e1nicas equiparables a las de la aleaci\u00f3n de aluminio y <strong>resistencia a la intemperie y la corrosi\u00f3n<\/strong>, as\u00ed como una perfecta integraci\u00f3n con el producto acabado, gracias a la amplia gama de colores disponibles.<\/p>\n<p>Las numerosas versiones disponibles permiten <strong>distintas rotaciones<\/strong>, grosores de puerta de 0,5 a 27 mm y extracci\u00f3n de la llave en abierto y cerrado (o s\u00f3lo en uno de los dos casos). El <strong>cuerpo<\/strong> totalmente <strong>roscado<\/strong> permite la fijaci\u00f3n con una <strong>tuerca<\/strong>, pero tambi\u00e9n mediante una <strong>horquilla<\/strong> o un clip para<strong>una instalaci\u00f3n r\u00e1pida <\/strong><strong><span style=\"font-weight: normal;\">en chapas de acero y aluminio<\/span><\/strong>. <\/p>\n<p><strong>En el mismo hueco<\/strong> de la puerta tambi\u00e9n se puede instalar nuestra cerradura electr\u00f3nica <a href=\"https:\/\/www.omrserrature.it\/es\/elige-tu-cerradura-electronica\/\"><strong>cerradura electr\u00f3nica HELLOCK<\/strong><\/a> para apertura y cierre sin llave.<\/p>\n","protected":false},"excerpt":{"rendered":"<p>La cerradura <strong>universal<\/strong> de l\u00e1minas es el sistema de cierre m\u00e1s popular debido a su <strong>extrema versatilidad<\/strong>.<\/p>\n<p>Esta cerradura de l\u00e1minas, <strong><span style=\"font-weight: normal;\">debido a su <\/span>reducido tama\u00f1o<\/strong>, se utiliza en aplicaciones en las que el espacio de instalaci\u00f3n es limitado, por ejemplo, productos de higiene y desinfecci\u00f3n como <b>dispensadores de jab\u00f3n<\/b> y <b>toallas<\/b>, sistemas antirrobo, mobiliario de contrato para consultas m\u00e9dicas y entornos hospitalarios.<\/p>\n","protected":false},"featured_media":3381,"comment_status":"open","ping_status":"closed","template":"","meta":{"_acf_changed":false,"_et_pb_use_builder":"","_et_pb_old_content":"","_et_gb_content_width":""},"product_brand":[],"product_cat":[3990,3989,3926,3890,3931,3943,3951,3882,3925,3887,3980,3998,3912,3884,3920,3957,3896,3909,3901,3900,3880,3904,3905,3907,3897,3997,3885,3906,3923,3921,3883,3898,3922,3903,3894,3895,3910,3911,3889,3888,3892,3917,3999,3915,3908,3881,3994,3954,3987],"product_tag":[],"class_list":{"0":"post-243057","1":"product","2":"type-product","3":"status-publish","4":"has-post-thumbnail","6":"product_cat-automatizacion-y-domotica","7":"product_cat-banca-y-correos","8":"product_cat-batiente","9":"product_cat-cerradura-de-armario-conforme-a-gdpr","10":"product_cat-cerradura-universal-de-laminas","11":"product_cat-cerraduras-con-bombin-extraible","12":"product_cat-cerraduras-con-llave-maestra","13":"product_cat-cerraduras-de-armarios","14":"product_cat-cerraduras-de-barcos","15":"product_cat-cerraduras-de-maquinas","16":"product_cat-cerraduras-de-palanca","17":"product_cat-cerraduras-de-puertas-2","18":"product_cat-cerraduras-de-puertas","19":"product_cat-cerraduras-de-seguridad","20":"product_cat-cerraduras-de-seguridad-para-muebles","21":"product_cat-cerraduras-impermeables-inoxidables","22":"product_cat-cerraduras-para-almacenes-automaticos","23":"product_cat-cerraduras-para-apartados-de-correos","24":"product_cat-cerraduras-para-armarios-de-epi","25":"product_cat-cerraduras-para-armarios-de-sustancias-peligrosas","26":"product_cat-cerraduras-para-armarios-electricos","27":"product_cat-cerraduras-para-armarios-fitosanitarios","28":"product_cat-cerraduras-para-armarios-industriales","29":"product_cat-cerraduras-para-armeros","30":"product_cat-cerraduras-para-bancos-de-trabajo","31":"product_cat-cerraduras-para-buzones-2","32":"product_cat-cerraduras-para-buzones","33":"product_cat-cerraduras-para-cajas-fuertes","34":"product_cat-cerraduras-para-caravanas-y-autocaravanas","35":"product_cat-cerraduras-para-carrocerias-frigorificas","36":"product_cat-cerraduras-para-carros-profesionales","37":"product_cat-cerraduras-para-dispensadores","38":"product_cat-cerraduras-para-furgonetas","39":"product_cat-cerraduras-para-guardaesquis","40":"product_cat-cerraduras-para-interruptores","41":"product_cat-cerraduras-para-la-industria-electromecanica","42":"product_cat-cerraduras-para-maquinas-expendedoras","43":"product_cat-cerraduras-para-maquinas-recreativas","44":"product_cat-cerraduras-para-medios-de-transporte","45":"product_cat-cerraduras-para-muebles","46":"product_cat-cerraduras-para-puertas-delanteras-de-armarios","47":"product_cat-cerraduras-para-rotulos","48":"product_cat-cerraduras-para-taquillas-2","49":"product_cat-cerraduras-para-taquillas","50":"product_cat-cerraduras-para-taquillas-de-paquetes","51":"product_cat-cerraduras-profesionales-para-muebles","52":"product_cat-hospital-y-sanidad","53":"product_cat-microcerraduras","54":"product_cat-sistemas-de-cierre-para-la-industria","56":"first","57":"instock","58":"shipping-taxable","59":"purchasable","60":"product-type-variable"},"acf":{"pdf1":"https:\/\/www.omrserrature.it\/wp-content\/uploads\/schede\/Scheda_160041.pdf"},"yoast_head":"<!-- This site is optimized with the Yoast SEO plugin v27.2 - https:\/\/yoast.com\/product\/yoast-seo-wordpress\/ -->\n<title>Cerradura universal de l\u00e1minas - OMR Serrature<\/title>\n<meta name=\"robots\" content=\"index, follow, max-snippet:-1, max-image-preview:large, max-video-preview:-1\" \/>\n<link rel=\"canonical\" href=\"https:\/\/www.omrserrature.it\/es\/producto\/cerradura-universal-de-laminas\/\" \/>\n<meta property=\"og:locale\" content=\"es_ES\" \/>\n<meta property=\"og:type\" content=\"article\" \/>\n<meta property=\"og:title\" content=\"Cerradura universal de l\u00e1minas - OMR Serrature\" \/>\n<meta property=\"og:description\" content=\"La cerradura universal de l\u00e1minas es el sistema de cierre m\u00e1s popular debido a su extrema versatilidad. Esta cerradura de l\u00e1minas, debido a su reducido tama\u00f1o, se utiliza en aplicaciones en las que el espacio de instalaci\u00f3n es limitado, por ejemplo, productos de higiene y desinfecci\u00f3n como dispensadores de jab\u00f3n y toallas, sistemas antirrobo, mobiliario de contrato para consultas m\u00e9dicas y entornos hospitalarios.\" \/>\n<meta property=\"og:url\" content=\"https:\/\/www.omrserrature.it\/es\/producto\/cerradura-universal-de-laminas\/\" \/>\n<meta property=\"og:site_name\" content=\"OMR Serrature | Produzione sistemi di chiusura\" \/>\n<meta property=\"article:publisher\" content=\"https:\/\/www.facebook.com\/OMRserrature\" \/>\n<meta property=\"article:modified_time\" content=\"2026-04-08T11:14:29+00:00\" \/>\n<meta property=\"og:image\" content=\"https:\/\/www.omrserrature.it\/wp-content\/uploads\/2017\/10\/serratura-universale-lamelle.jpg\" \/>\n\t<meta property=\"og:image:width\" content=\"559\" \/>\n\t<meta property=\"og:image:height\" content=\"329\" \/>\n\t<meta property=\"og:image:type\" content=\"image\/jpeg\" \/>\n<meta name=\"twitter:card\" content=\"summary_large_image\" \/>\n<meta name=\"twitter:label1\" content=\"Tiempo de lectura\" \/>\n\t<meta name=\"twitter:data1\" content=\"2 minutos\" \/>\n<script type=\"application\/ld+json\" class=\"yoast-schema-graph\">{\"@context\":\"https:\/\/schema.org\",\"@graph\":[{\"@type\":\"WebPage\",\"@id\":\"https:\/\/www.omrserrature.it\/es\/producto\/cerradura-universal-de-laminas\/\",\"url\":\"https:\/\/www.omrserrature.it\/es\/producto\/cerradura-universal-de-laminas\/\",\"name\":\"Cerradura universal de l\u00e1minas - OMR Serrature\",\"isPartOf\":{\"@id\":\"https:\/\/www.omrserrature.it\/es\/#website\"},\"primaryImageOfPage\":{\"@id\":\"https:\/\/www.omrserrature.it\/es\/producto\/cerradura-universal-de-laminas\/#primaryimage\"},\"image\":{\"@id\":\"https:\/\/www.omrserrature.it\/es\/producto\/cerradura-universal-de-laminas\/#primaryimage\"},\"thumbnailUrl\":\"https:\/\/www.omrserrature.it\/wp-content\/uploads\/2017\/10\/serratura-universale-lamelle.jpg\",\"datePublished\":\"2009-10-17T11:55:00+00:00\",\"dateModified\":\"2026-04-08T11:14:29+00:00\",\"breadcrumb\":{\"@id\":\"https:\/\/www.omrserrature.it\/es\/producto\/cerradura-universal-de-laminas\/#breadcrumb\"},\"inLanguage\":\"es\",\"potentialAction\":[{\"@type\":\"ReadAction\",\"target\":[\"https:\/\/www.omrserrature.it\/es\/producto\/cerradura-universal-de-laminas\/\"]}]},{\"@type\":\"ImageObject\",\"inLanguage\":\"es\",\"@id\":\"https:\/\/www.omrserrature.it\/es\/producto\/cerradura-universal-de-laminas\/#primaryimage\",\"url\":\"https:\/\/www.omrserrature.it\/wp-content\/uploads\/2017\/10\/serratura-universale-lamelle.jpg\",\"contentUrl\":\"https:\/\/www.omrserrature.it\/wp-content\/uploads\/2017\/10\/serratura-universale-lamelle.jpg\",\"width\":559,\"height\":329,\"caption\":\"Cerradura universal de palanca mini con mecanismo de l\u00e1minas\"},{\"@type\":\"BreadcrumbList\",\"@id\":\"https:\/\/www.omrserrature.it\/es\/producto\/cerradura-universal-de-laminas\/#breadcrumb\",\"itemListElement\":[{\"@type\":\"ListItem\",\"position\":1,\"name\":\"Home\",\"item\":\"https:\/\/www.omrserrature.it\/es\/omr-cerradiras-y-sistemas-de-cierre\/\"},{\"@type\":\"ListItem\",\"position\":2,\"name\":\"Cat\u00e1logo\",\"item\":\"https:\/\/www.omrserrature.it\/catalogo\/?lang=es\"},{\"@type\":\"ListItem\",\"position\":3,\"name\":\"Aplicaciones\",\"item\":\"https:\/\/www.omrserrature.it\/es\/inventario\/aplicaciones\/\"},{\"@type\":\"ListItem\",\"position\":4,\"name\":\"Cerraduras para muebles\",\"item\":\"https:\/\/www.omrserrature.it\/es\/inventario\/aplicaciones\/cerraduras-para-muebles\/\"},{\"@type\":\"ListItem\",\"position\":5,\"name\":\"Cerraduras de puertas\",\"item\":\"https:\/\/www.omrserrature.it\/es\/inventario\/aplicaciones\/cerraduras-para-muebles\/cerraduras-de-puertas-2\/\"},{\"@type\":\"ListItem\",\"position\":6,\"name\":\"Batiente\",\"item\":\"https:\/\/www.omrserrature.it\/es\/inventario\/aplicaciones\/cerraduras-para-muebles\/cerraduras-de-puertas-2\/batiente\/\"},{\"@type\":\"ListItem\",\"position\":7,\"name\":\"Cerradura universal de l\u00e1minas\"}]},{\"@type\":\"WebSite\",\"@id\":\"https:\/\/www.omrserrature.it\/es\/#website\",\"url\":\"https:\/\/www.omrserrature.it\/es\/\",\"name\":\"OMR Serrature | Produzione sistemi di chiusura\",\"description\":\"Produzione serrature di sicurezza e sistemi di chiusura\",\"publisher\":{\"@id\":\"https:\/\/www.omrserrature.it\/es\/#organization\"},\"potentialAction\":[{\"@type\":\"SearchAction\",\"target\":{\"@type\":\"EntryPoint\",\"urlTemplate\":\"https:\/\/www.omrserrature.it\/es\/?s={search_term_string}\"},\"query-input\":{\"@type\":\"PropertyValueSpecification\",\"valueRequired\":true,\"valueName\":\"search_term_string\"}}],\"inLanguage\":\"es\"},{\"@type\":\"Organization\",\"@id\":\"https:\/\/www.omrserrature.it\/es\/#organization\",\"name\":\"OMR Serrature | Produzione sistemi di chiusura\",\"url\":\"https:\/\/www.omrserrature.it\/es\/\",\"logo\":{\"@type\":\"ImageObject\",\"inLanguage\":\"es\",\"@id\":\"https:\/\/www.omrserrature.it\/es\/#\/schema\/logo\/image\/\",\"url\":\"https:\/\/www.omrserrature.it\/wp-content\/uploads\/2017\/09\/favicon-omr-114.png\",\"contentUrl\":\"https:\/\/www.omrserrature.it\/wp-content\/uploads\/2017\/09\/favicon-omr-114.png\",\"width\":114,\"height\":114,\"caption\":\"OMR Serrature | Produzione sistemi di chiusura\"},\"image\":{\"@id\":\"https:\/\/www.omrserrature.it\/es\/#\/schema\/logo\/image\/\"},\"sameAs\":[\"https:\/\/www.facebook.com\/OMRserrature\",\"https:\/\/www.linkedin.com\/company\/omrserrature\/\",\"https:\/\/www.youtube.com\/channel\/UCxmA85z2R0EpG_6IRokiAkg\"]}]}<\/script>\n<!-- \/ Yoast SEO plugin. -->","yoast_head_json":{"title":"Cerradura universal de l\u00e1minas - OMR Serrature","robots":{"index":"index","follow":"follow","max-snippet":"max-snippet:-1","max-image-preview":"max-image-preview:large","max-video-preview":"max-video-preview:-1"},"canonical":"https:\/\/www.omrserrature.it\/es\/producto\/cerradura-universal-de-laminas\/","og_locale":"es_ES","og_type":"article","og_title":"Cerradura universal de l\u00e1minas - OMR Serrature","og_description":"La cerradura universal de l\u00e1minas es el sistema de cierre m\u00e1s popular debido a su extrema versatilidad. Esta cerradura de l\u00e1minas, debido a su reducido tama\u00f1o, se utiliza en aplicaciones en las que el espacio de instalaci\u00f3n es limitado, por ejemplo, productos de higiene y desinfecci\u00f3n como dispensadores de jab\u00f3n y toallas, sistemas antirrobo, mobiliario de contrato para consultas m\u00e9dicas y entornos hospitalarios.","og_url":"https:\/\/www.omrserrature.it\/es\/producto\/cerradura-universal-de-laminas\/","og_site_name":"OMR Serrature | Produzione sistemi di chiusura","article_publisher":"https:\/\/www.facebook.com\/OMRserrature","article_modified_time":"2026-04-08T11:14:29+00:00","og_image":[{"width":559,"height":329,"url":"https:\/\/www.omrserrature.it\/wp-content\/uploads\/2017\/10\/serratura-universale-lamelle.jpg","type":"image\/jpeg"}],"twitter_card":"summary_large_image","twitter_misc":{"Tiempo de lectura":"2 minutos"},"schema":{"@context":"https:\/\/schema.org","@graph":[{"@type":"WebPage","@id":"https:\/\/www.omrserrature.it\/es\/producto\/cerradura-universal-de-laminas\/","url":"https:\/\/www.omrserrature.it\/es\/producto\/cerradura-universal-de-laminas\/","name":"Cerradura universal de l\u00e1minas - OMR Serrature","isPartOf":{"@id":"https:\/\/www.omrserrature.it\/es\/#website"},"primaryImageOfPage":{"@id":"https:\/\/www.omrserrature.it\/es\/producto\/cerradura-universal-de-laminas\/#primaryimage"},"image":{"@id":"https:\/\/www.omrserrature.it\/es\/producto\/cerradura-universal-de-laminas\/#primaryimage"},"thumbnailUrl":"https:\/\/www.omrserrature.it\/wp-content\/uploads\/2017\/10\/serratura-universale-lamelle.jpg","datePublished":"2009-10-17T11:55:00+00:00","dateModified":"2026-04-08T11:14:29+00:00","breadcrumb":{"@id":"https:\/\/www.omrserrature.it\/es\/producto\/cerradura-universal-de-laminas\/#breadcrumb"},"inLanguage":"es","potentialAction":[{"@type":"ReadAction","target":["https:\/\/www.omrserrature.it\/es\/producto\/cerradura-universal-de-laminas\/"]}]},{"@type":"ImageObject","inLanguage":"es","@id":"https:\/\/www.omrserrature.it\/es\/producto\/cerradura-universal-de-laminas\/#primaryimage","url":"https:\/\/www.omrserrature.it\/wp-content\/uploads\/2017\/10\/serratura-universale-lamelle.jpg","contentUrl":"https:\/\/www.omrserrature.it\/wp-content\/uploads\/2017\/10\/serratura-universale-lamelle.jpg","width":559,"height":329,"caption":"Cerradura universal de palanca mini con mecanismo de l\u00e1minas"},{"@type":"BreadcrumbList","@id":"https:\/\/www.omrserrature.it\/es\/producto\/cerradura-universal-de-laminas\/#breadcrumb","itemListElement":[{"@type":"ListItem","position":1,"name":"Home","item":"https:\/\/www.omrserrature.it\/es\/omr-cerradiras-y-sistemas-de-cierre\/"},{"@type":"ListItem","position":2,"name":"Cat\u00e1logo","item":"https:\/\/www.omrserrature.it\/catalogo\/?lang=es"},{"@type":"ListItem","position":3,"name":"Aplicaciones","item":"https:\/\/www.omrserrature.it\/es\/inventario\/aplicaciones\/"},{"@type":"ListItem","position":4,"name":"Cerraduras para muebles","item":"https:\/\/www.omrserrature.it\/es\/inventario\/aplicaciones\/cerraduras-para-muebles\/"},{"@type":"ListItem","position":5,"name":"Cerraduras de puertas","item":"https:\/\/www.omrserrature.it\/es\/inventario\/aplicaciones\/cerraduras-para-muebles\/cerraduras-de-puertas-2\/"},{"@type":"ListItem","position":6,"name":"Batiente","item":"https:\/\/www.omrserrature.it\/es\/inventario\/aplicaciones\/cerraduras-para-muebles\/cerraduras-de-puertas-2\/batiente\/"},{"@type":"ListItem","position":7,"name":"Cerradura universal de l\u00e1minas"}]},{"@type":"WebSite","@id":"https:\/\/www.omrserrature.it\/es\/#website","url":"https:\/\/www.omrserrature.it\/es\/","name":"OMR Serrature | Produzione sistemi di chiusura","description":"Produzione serrature di sicurezza e sistemi di chiusura","publisher":{"@id":"https:\/\/www.omrserrature.it\/es\/#organization"},"potentialAction":[{"@type":"SearchAction","target":{"@type":"EntryPoint","urlTemplate":"https:\/\/www.omrserrature.it\/es\/?s={search_term_string}"},"query-input":{"@type":"PropertyValueSpecification","valueRequired":true,"valueName":"search_term_string"}}],"inLanguage":"es"},{"@type":"Organization","@id":"https:\/\/www.omrserrature.it\/es\/#organization","name":"OMR Serrature | Produzione sistemi di chiusura","url":"https:\/\/www.omrserrature.it\/es\/","logo":{"@type":"ImageObject","inLanguage":"es","@id":"https:\/\/www.omrserrature.it\/es\/#\/schema\/logo\/image\/","url":"https:\/\/www.omrserrature.it\/wp-content\/uploads\/2017\/09\/favicon-omr-114.png","contentUrl":"https:\/\/www.omrserrature.it\/wp-content\/uploads\/2017\/09\/favicon-omr-114.png","width":114,"height":114,"caption":"OMR Serrature | Produzione sistemi di chiusura"},"image":{"@id":"https:\/\/www.omrserrature.it\/es\/#\/schema\/logo\/image\/"},"sameAs":["https:\/\/www.facebook.com\/OMRserrature","https:\/\/www.linkedin.com\/company\/omrserrature\/","https:\/\/www.youtube.com\/channel\/UCxmA85z2R0EpG_6IRokiAkg"]}]}},"_links":{"self":[{"href":"https:\/\/www.omrserrature.it\/es\/wp-json\/wp\/v2\/product\/243057","targetHints":{"allow":["GET"]}}],"collection":[{"href":"https:\/\/www.omrserrature.it\/es\/wp-json\/wp\/v2\/product"}],"about":[{"href":"https:\/\/www.omrserrature.it\/es\/wp-json\/wp\/v2\/types\/product"}],"replies":[{"embeddable":true,"href":"https:\/\/www.omrserrature.it\/es\/wp-json\/wp\/v2\/comments?post=243057"}],"wp:featuredmedia":[{"embeddable":true,"href":"https:\/\/www.omrserrature.it\/es\/wp-json\/wp\/v2\/media\/3381"}],"wp:attachment":[{"href":"https:\/\/www.omrserrature.it\/es\/wp-json\/wp\/v2\/media?parent=243057"}],"wp:term":[{"taxonomy":"product_brand","embeddable":true,"href":"https:\/\/www.omrserrature.it\/es\/wp-json\/wp\/v2\/product_brand?post=243057"},{"taxonomy":"product_cat","embeddable":true,"href":"https:\/\/www.omrserrature.it\/es\/wp-json\/wp\/v2\/product_cat?post=243057"},{"taxonomy":"product_tag","embeddable":true,"href":"https:\/\/www.omrserrature.it\/es\/wp-json\/wp\/v2\/product_tag?post=243057"}],"curies":[{"name":"wp","href":"https:\/\/api.w.org\/{rel}","templated":true}]}}