{"id":242993,"date":"2017-10-06T10:15:38","date_gmt":"2006-10-17T08:15:00","guid":{"rendered":"https:\/\/www.staging6.omrserrature.it\/prodotto\/cerradura-tubular-con-contacto-electrico\/"},"modified":"2026-04-08T13:12:49","modified_gmt":"2026-04-08T11:12:49","slug":"cerradura-tubular-con-contacto-electrico","status":"publish","type":"product","link":"https:\/\/www.omrserrature.it\/es\/producto\/cerradura-tubular-con-contacto-electrico\/","title":{"rendered":"Cerradura tubular con contacto el\u00e9ctrico de retorno por varillas"},"content":{"rendered":"<p>La cerradura<strong> monopolar biestable<\/strong> con retorno por varillas y salida de llave \u00fanica permite activar o desactivar un mando mediante un impulso el\u00e9ctrico. El cilindro dispone de pasadores radiales que se mueven mediante una<strong> llave tubular<\/strong>.<\/p>\n<p> <strong> La llave s\u00f3lo se puede extraer en posici\u00f3n cerrada<\/strong>, lo que garantiza una mayor atenci\u00f3n del operario y adem\u00e1s proporciona un Tirador pr\u00e1ctico. El cuerpo de metal fundido a presi\u00f3n cromado tiene una forma troncoc\u00f3nica especial para <strong>evitar que se rompa utilizando unos alicates<\/strong>. <\/p>\n<p>La cerradura <strong>el\u00e9ctrica de contacto<\/strong> \u00abmicrointerruptor\u00bb encuentra su aplicaci\u00f3n<strong> en paneles de ascensores, paneles de accionamiento de maquinaria, m\u00e1quinas expendedoras y m\u00e1quinas recreativas.<\/strong><\/p>\n","protected":false},"excerpt":{"rendered":"<p>La cerradura<strong> de interruptor monopolar biestable<\/strong> con retorno por muelle y <strong>salida de llave \u00fanica<\/strong> permite activar o desactivar un mando mediante un<strong> impulso el\u00e9ctrico<\/strong>.<\/p>\n<p>El cilindro dispone de pasadores radiales que se mueven mediante una<strong> llave tubular.<\/strong><\/p>\n","protected":false},"featured_media":3351,"comment_status":"open","ping_status":"closed","template":"","meta":{"_acf_changed":false,"_et_pb_use_builder":"","_et_pb_old_content":"","_et_gb_content_width":""},"product_brand":[],"product_cat":[3990,3950,3894,3895,3911,3930,3960],"product_tag":[],"class_list":{"0":"post-242993","1":"product","2":"type-product","3":"status-publish","4":"has-post-thumbnail","6":"product_cat-automatizacion-y-domotica","7":"product_cat-cerraduras-con-contacto-electrico","8":"product_cat-cerraduras-para-interruptores","9":"product_cat-cerraduras-para-la-industria-electromecanica","10":"product_cat-cerraduras-para-maquinas-recreativas","11":"product_cat-cerraduras-universales-de-pernos","12":"product_cat-una-llave-especial","14":"first","15":"instock","16":"shipping-taxable","17":"purchasable","18":"product-type-variable","19":"has-default-attributes"},"acf":{"pdf1":"https:\/\/www.omrserrature.it\/wp-content\/uploads\/2017\/10\/Scheda_tech_100868.pdf"},"yoast_head":"<!-- This site is optimized with the Yoast SEO plugin v27.2 - https:\/\/yoast.com\/product\/yoast-seo-wordpress\/ -->\n<title>Cerradura de interruptor con contacto el\u00e9ctrico | Unipolar bipolar<\/title>\n<meta name=\"description\" content=\"Cerradura de interruptor monopolar biestable con retorno por varillas y llave tubular. Microinterruptor de contacto para interruptores, ascensores y maquinaria.\" \/>\n<meta name=\"robots\" content=\"index, follow, max-snippet:-1, max-image-preview:large, max-video-preview:-1\" \/>\n<link rel=\"canonical\" href=\"https:\/\/www.omrserrature.it\/es\/producto\/cerradura-tubular-con-contacto-electrico\/\" \/>\n<meta property=\"og:locale\" content=\"es_ES\" \/>\n<meta property=\"og:type\" content=\"article\" \/>\n<meta property=\"og:title\" content=\"Cerradura de interruptor con contacto el\u00e9ctrico | Unipolar bipolar\" \/>\n<meta property=\"og:description\" content=\"Cerradura de interruptor monopolar biestable con retorno por varillas y llave tubular. Microinterruptor de contacto para interruptores, ascensores y maquinaria.\" \/>\n<meta property=\"og:url\" content=\"https:\/\/www.omrserrature.it\/es\/producto\/cerradura-tubular-con-contacto-electrico\/\" \/>\n<meta property=\"og:site_name\" content=\"OMR Serrature | Produzione sistemi di chiusura\" \/>\n<meta property=\"article:publisher\" content=\"https:\/\/www.facebook.com\/OMRserrature\" \/>\n<meta property=\"article:modified_time\" content=\"2026-04-08T11:12:49+00:00\" \/>\n<meta property=\"og:image\" content=\"https:\/\/www.omrserrature.it\/wp-content\/uploads\/2017\/10\/serratura-tubolare-contatto-elettrico.jpg\" \/>\n\t<meta property=\"og:image:width\" content=\"503\" \/>\n\t<meta property=\"og:image:height\" content=\"406\" \/>\n\t<meta property=\"og:image:type\" content=\"image\/jpeg\" \/>\n<meta name=\"twitter:card\" content=\"summary_large_image\" \/>\n<meta name=\"twitter:label1\" content=\"Tiempo de lectura\" \/>\n\t<meta name=\"twitter:data1\" content=\"1 minuto\" \/>\n<script type=\"application\/ld+json\" class=\"yoast-schema-graph\">{\"@context\":\"https:\/\/schema.org\",\"@graph\":[{\"@type\":\"WebPage\",\"@id\":\"https:\/\/www.omrserrature.it\/es\/producto\/cerradura-tubular-con-contacto-electrico\/\",\"url\":\"https:\/\/www.omrserrature.it\/es\/producto\/cerradura-tubular-con-contacto-electrico\/\",\"name\":\"Cerradura de interruptor con contacto el\u00e9ctrico | Unipolar bipolar\",\"isPartOf\":{\"@id\":\"https:\/\/www.omrserrature.it\/es\/#website\"},\"primaryImageOfPage\":{\"@id\":\"https:\/\/www.omrserrature.it\/es\/producto\/cerradura-tubular-con-contacto-electrico\/#primaryimage\"},\"image\":{\"@id\":\"https:\/\/www.omrserrature.it\/es\/producto\/cerradura-tubular-con-contacto-electrico\/#primaryimage\"},\"thumbnailUrl\":\"https:\/\/www.omrserrature.it\/wp-content\/uploads\/2017\/10\/serratura-tubolare-contatto-elettrico.jpg\",\"datePublished\":\"2006-10-17T08:15:00+00:00\",\"dateModified\":\"2026-04-08T11:12:49+00:00\",\"description\":\"Cerradura de interruptor monopolar biestable con retorno por varillas y llave tubular. Microinterruptor de contacto para interruptores, ascensores y maquinaria.\",\"breadcrumb\":{\"@id\":\"https:\/\/www.omrserrature.it\/es\/producto\/cerradura-tubular-con-contacto-electrico\/#breadcrumb\"},\"inLanguage\":\"es\",\"potentialAction\":[{\"@type\":\"ReadAction\",\"target\":[\"https:\/\/www.omrserrature.it\/es\/producto\/cerradura-tubular-con-contacto-electrico\/\"]}]},{\"@type\":\"ImageObject\",\"inLanguage\":\"es\",\"@id\":\"https:\/\/www.omrserrature.it\/es\/producto\/cerradura-tubular-con-contacto-electrico\/#primaryimage\",\"url\":\"https:\/\/www.omrserrature.it\/wp-content\/uploads\/2017\/10\/serratura-tubolare-contatto-elettrico.jpg\",\"contentUrl\":\"https:\/\/www.omrserrature.it\/wp-content\/uploads\/2017\/10\/serratura-tubolare-contatto-elettrico.jpg\",\"width\":503,\"height\":406,\"caption\":\"Cerradura tubular con contacto el\u00e9ctrico\"},{\"@type\":\"BreadcrumbList\",\"@id\":\"https:\/\/www.omrserrature.it\/es\/producto\/cerradura-tubular-con-contacto-electrico\/#breadcrumb\",\"itemListElement\":[{\"@type\":\"ListItem\",\"position\":1,\"name\":\"Home\",\"item\":\"https:\/\/www.omrserrature.it\/es\/omr-cerradiras-y-sistemas-de-cierre\/\"},{\"@type\":\"ListItem\",\"position\":2,\"name\":\"Cat\u00e1logo\",\"item\":\"https:\/\/www.omrserrature.it\/catalogo\/?lang=es\"},{\"@type\":\"ListItem\",\"position\":3,\"name\":\"Productos\",\"item\":\"https:\/\/www.omrserrature.it\/es\/inventario\/productos\/\"},{\"@type\":\"ListItem\",\"position\":4,\"name\":\"Cerraduras\",\"item\":\"https:\/\/www.omrserrature.it\/es\/inventario\/productos\/cerraduras\/\"},{\"@type\":\"ListItem\",\"position\":5,\"name\":\"Cerraduras universales de pernos\",\"item\":\"https:\/\/www.omrserrature.it\/es\/inventario\/productos\/cerraduras\/cerraduras-universales-de-pernos\/\"},{\"@type\":\"ListItem\",\"position\":6,\"name\":\"Una llave especial\",\"item\":\"https:\/\/www.omrserrature.it\/es\/inventario\/productos\/cerraduras\/cerraduras-universales-de-pernos\/una-llave-especial\/\"},{\"@type\":\"ListItem\",\"position\":7,\"name\":\"Cerradura tubular con contacto el\u00e9ctrico de retorno por varillas\"}]},{\"@type\":\"WebSite\",\"@id\":\"https:\/\/www.omrserrature.it\/es\/#website\",\"url\":\"https:\/\/www.omrserrature.it\/es\/\",\"name\":\"OMR Serrature | Produzione sistemi di chiusura\",\"description\":\"Produzione serrature di sicurezza e sistemi di chiusura\",\"publisher\":{\"@id\":\"https:\/\/www.omrserrature.it\/es\/#organization\"},\"potentialAction\":[{\"@type\":\"SearchAction\",\"target\":{\"@type\":\"EntryPoint\",\"urlTemplate\":\"https:\/\/www.omrserrature.it\/es\/?s={search_term_string}\"},\"query-input\":{\"@type\":\"PropertyValueSpecification\",\"valueRequired\":true,\"valueName\":\"search_term_string\"}}],\"inLanguage\":\"es\"},{\"@type\":\"Organization\",\"@id\":\"https:\/\/www.omrserrature.it\/es\/#organization\",\"name\":\"OMR Serrature | Produzione sistemi di chiusura\",\"url\":\"https:\/\/www.omrserrature.it\/es\/\",\"logo\":{\"@type\":\"ImageObject\",\"inLanguage\":\"es\",\"@id\":\"https:\/\/www.omrserrature.it\/es\/#\/schema\/logo\/image\/\",\"url\":\"https:\/\/www.omrserrature.it\/wp-content\/uploads\/2017\/09\/favicon-omr-114.png\",\"contentUrl\":\"https:\/\/www.omrserrature.it\/wp-content\/uploads\/2017\/09\/favicon-omr-114.png\",\"width\":114,\"height\":114,\"caption\":\"OMR Serrature | Produzione sistemi di chiusura\"},\"image\":{\"@id\":\"https:\/\/www.omrserrature.it\/es\/#\/schema\/logo\/image\/\"},\"sameAs\":[\"https:\/\/www.facebook.com\/OMRserrature\",\"https:\/\/www.linkedin.com\/company\/omrserrature\/\",\"https:\/\/www.youtube.com\/channel\/UCxmA85z2R0EpG_6IRokiAkg\"]}]}<\/script>\n<!-- \/ Yoast SEO plugin. -->","yoast_head_json":{"title":"Cerradura de interruptor con contacto el\u00e9ctrico | Unipolar bipolar","description":"Cerradura de interruptor monopolar biestable con retorno por varillas y llave tubular. Microinterruptor de contacto para interruptores, ascensores y maquinaria.","robots":{"index":"index","follow":"follow","max-snippet":"max-snippet:-1","max-image-preview":"max-image-preview:large","max-video-preview":"max-video-preview:-1"},"canonical":"https:\/\/www.omrserrature.it\/es\/producto\/cerradura-tubular-con-contacto-electrico\/","og_locale":"es_ES","og_type":"article","og_title":"Cerradura de interruptor con contacto el\u00e9ctrico | Unipolar bipolar","og_description":"Cerradura de interruptor monopolar biestable con retorno por varillas y llave tubular. Microinterruptor de contacto para interruptores, ascensores y maquinaria.","og_url":"https:\/\/www.omrserrature.it\/es\/producto\/cerradura-tubular-con-contacto-electrico\/","og_site_name":"OMR Serrature | Produzione sistemi di chiusura","article_publisher":"https:\/\/www.facebook.com\/OMRserrature","article_modified_time":"2026-04-08T11:12:49+00:00","og_image":[{"width":503,"height":406,"url":"https:\/\/www.omrserrature.it\/wp-content\/uploads\/2017\/10\/serratura-tubolare-contatto-elettrico.jpg","type":"image\/jpeg"}],"twitter_card":"summary_large_image","twitter_misc":{"Tiempo de lectura":"1 minuto"},"schema":{"@context":"https:\/\/schema.org","@graph":[{"@type":"WebPage","@id":"https:\/\/www.omrserrature.it\/es\/producto\/cerradura-tubular-con-contacto-electrico\/","url":"https:\/\/www.omrserrature.it\/es\/producto\/cerradura-tubular-con-contacto-electrico\/","name":"Cerradura de interruptor con contacto el\u00e9ctrico | Unipolar bipolar","isPartOf":{"@id":"https:\/\/www.omrserrature.it\/es\/#website"},"primaryImageOfPage":{"@id":"https:\/\/www.omrserrature.it\/es\/producto\/cerradura-tubular-con-contacto-electrico\/#primaryimage"},"image":{"@id":"https:\/\/www.omrserrature.it\/es\/producto\/cerradura-tubular-con-contacto-electrico\/#primaryimage"},"thumbnailUrl":"https:\/\/www.omrserrature.it\/wp-content\/uploads\/2017\/10\/serratura-tubolare-contatto-elettrico.jpg","datePublished":"2006-10-17T08:15:00+00:00","dateModified":"2026-04-08T11:12:49+00:00","description":"Cerradura de interruptor monopolar biestable con retorno por varillas y llave tubular. Microinterruptor de contacto para interruptores, ascensores y maquinaria.","breadcrumb":{"@id":"https:\/\/www.omrserrature.it\/es\/producto\/cerradura-tubular-con-contacto-electrico\/#breadcrumb"},"inLanguage":"es","potentialAction":[{"@type":"ReadAction","target":["https:\/\/www.omrserrature.it\/es\/producto\/cerradura-tubular-con-contacto-electrico\/"]}]},{"@type":"ImageObject","inLanguage":"es","@id":"https:\/\/www.omrserrature.it\/es\/producto\/cerradura-tubular-con-contacto-electrico\/#primaryimage","url":"https:\/\/www.omrserrature.it\/wp-content\/uploads\/2017\/10\/serratura-tubolare-contatto-elettrico.jpg","contentUrl":"https:\/\/www.omrserrature.it\/wp-content\/uploads\/2017\/10\/serratura-tubolare-contatto-elettrico.jpg","width":503,"height":406,"caption":"Cerradura tubular con contacto el\u00e9ctrico"},{"@type":"BreadcrumbList","@id":"https:\/\/www.omrserrature.it\/es\/producto\/cerradura-tubular-con-contacto-electrico\/#breadcrumb","itemListElement":[{"@type":"ListItem","position":1,"name":"Home","item":"https:\/\/www.omrserrature.it\/es\/omr-cerradiras-y-sistemas-de-cierre\/"},{"@type":"ListItem","position":2,"name":"Cat\u00e1logo","item":"https:\/\/www.omrserrature.it\/catalogo\/?lang=es"},{"@type":"ListItem","position":3,"name":"Productos","item":"https:\/\/www.omrserrature.it\/es\/inventario\/productos\/"},{"@type":"ListItem","position":4,"name":"Cerraduras","item":"https:\/\/www.omrserrature.it\/es\/inventario\/productos\/cerraduras\/"},{"@type":"ListItem","position":5,"name":"Cerraduras universales de pernos","item":"https:\/\/www.omrserrature.it\/es\/inventario\/productos\/cerraduras\/cerraduras-universales-de-pernos\/"},{"@type":"ListItem","position":6,"name":"Una llave especial","item":"https:\/\/www.omrserrature.it\/es\/inventario\/productos\/cerraduras\/cerraduras-universales-de-pernos\/una-llave-especial\/"},{"@type":"ListItem","position":7,"name":"Cerradura tubular con contacto el\u00e9ctrico de retorno por varillas"}]},{"@type":"WebSite","@id":"https:\/\/www.omrserrature.it\/es\/#website","url":"https:\/\/www.omrserrature.it\/es\/","name":"OMR Serrature | Produzione sistemi di chiusura","description":"Produzione serrature di sicurezza e sistemi di chiusura","publisher":{"@id":"https:\/\/www.omrserrature.it\/es\/#organization"},"potentialAction":[{"@type":"SearchAction","target":{"@type":"EntryPoint","urlTemplate":"https:\/\/www.omrserrature.it\/es\/?s={search_term_string}"},"query-input":{"@type":"PropertyValueSpecification","valueRequired":true,"valueName":"search_term_string"}}],"inLanguage":"es"},{"@type":"Organization","@id":"https:\/\/www.omrserrature.it\/es\/#organization","name":"OMR Serrature | Produzione sistemi di chiusura","url":"https:\/\/www.omrserrature.it\/es\/","logo":{"@type":"ImageObject","inLanguage":"es","@id":"https:\/\/www.omrserrature.it\/es\/#\/schema\/logo\/image\/","url":"https:\/\/www.omrserrature.it\/wp-content\/uploads\/2017\/09\/favicon-omr-114.png","contentUrl":"https:\/\/www.omrserrature.it\/wp-content\/uploads\/2017\/09\/favicon-omr-114.png","width":114,"height":114,"caption":"OMR Serrature | Produzione sistemi di chiusura"},"image":{"@id":"https:\/\/www.omrserrature.it\/es\/#\/schema\/logo\/image\/"},"sameAs":["https:\/\/www.facebook.com\/OMRserrature","https:\/\/www.linkedin.com\/company\/omrserrature\/","https:\/\/www.youtube.com\/channel\/UCxmA85z2R0EpG_6IRokiAkg"]}]}},"_links":{"self":[{"href":"https:\/\/www.omrserrature.it\/es\/wp-json\/wp\/v2\/product\/242993","targetHints":{"allow":["GET"]}}],"collection":[{"href":"https:\/\/www.omrserrature.it\/es\/wp-json\/wp\/v2\/product"}],"about":[{"href":"https:\/\/www.omrserrature.it\/es\/wp-json\/wp\/v2\/types\/product"}],"replies":[{"embeddable":true,"href":"https:\/\/www.omrserrature.it\/es\/wp-json\/wp\/v2\/comments?post=242993"}],"wp:featuredmedia":[{"embeddable":true,"href":"https:\/\/www.omrserrature.it\/es\/wp-json\/wp\/v2\/media\/3351"}],"wp:attachment":[{"href":"https:\/\/www.omrserrature.it\/es\/wp-json\/wp\/v2\/media?parent=242993"}],"wp:term":[{"taxonomy":"product_brand","embeddable":true,"href":"https:\/\/www.omrserrature.it\/es\/wp-json\/wp\/v2\/product_brand?post=242993"},{"taxonomy":"product_cat","embeddable":true,"href":"https:\/\/www.omrserrature.it\/es\/wp-json\/wp\/v2\/product_cat?post=242993"},{"taxonomy":"product_tag","embeddable":true,"href":"https:\/\/www.omrserrature.it\/es\/wp-json\/wp\/v2\/product_tag?post=242993"}],"curies":[{"name":"wp","href":"https:\/\/api.w.org\/{rel}","templated":true}]}}