{"id":242983,"date":"2017-10-06T10:05:18","date_gmt":"2006-10-17T08:05:00","guid":{"rendered":"https:\/\/www.staging6.omrserrature.it\/prodotto\/cerradura-tubular\/"},"modified":"2026-04-08T13:14:12","modified_gmt":"2026-04-08T11:14:12","slug":"cerradura-tubular","status":"publish","type":"product","link":"https:\/\/www.omrserrature.it\/es\/producto\/cerradura-tubular\/","title":{"rendered":"Cerradura tubular"},"content":{"rendered":"<p><strong>La cerradura tubular<\/strong> dispone de pasadores radiales que se mueven mediante una<strong> llave tubular<\/strong>. La llave s\u00f3lo puede extraerse en posici\u00f3n cerrada, lo que garantiza una mayor atenci\u00f3n del operario y proporciona un Tirador pr\u00e1ctico. El cuerpo de metal fundido a presi\u00f3n cromado tiene una forma troncoc\u00f3nica especial para <strong>evitar que se rompa utilizando unas tenazas<\/strong>.  <\/p>\n<p>Su enganche de ojal trasero tambi\u00e9n permite instalar diversas <strong>palancas rectas, dobladas o de gancho<\/strong>, as\u00ed como balancines para el movimiento de las varillas de traslaci\u00f3n (arriba y abajo), o mandos de <strong>cierre m\u00faltiples y centralizados<\/strong>.<\/p>\n<p>La cerradura con <strong>pasadores radiales<\/strong> es especialmente adecuada para cerrar <strong>cajas fuertes, huecos de ascensor, bodegas, m\u00e1quinas expendedoras y recreativas, torniquetes, minicajas fuertes ocultas o de camuflaje, armeros de camiones y veh\u00edculos blindados.<\/strong><\/p>\n","protected":false},"excerpt":{"rendered":"<p><strong>La cerradura tubular<\/strong> est\u00e1 provista de pasadores radiales que se mueven mediante una<strong> llave tubular<\/strong>.<\/p>\n<p><strong>La llave s\u00f3lo se puede extraer en posici\u00f3n cerrada<\/strong>, lo que garantiza una mayor atenci\u00f3n del operario y proporciona un Tirador pr\u00e1ctico. El cuerpo de metal fundido a presi\u00f3n cromado tiene una forma troncoc\u00f3nica especial para <strong>evitar que se rompa con los alicates<\/strong>. <\/p>\n","protected":false},"featured_media":3345,"comment_status":"open","ping_status":"closed","template":"","meta":{"_acf_changed":false,"_et_pb_use_builder":"","_et_pb_old_content":"","_et_gb_content_width":""},"product_brand":[],"product_cat":[3995,3985,3887,3980,3912,3884,3920,3896,3907,3906,3921,3894,3895,3910,3911,3889,3881,3945,3930,3983,3960],"product_tag":[],"class_list":{"0":"post-242983","1":"product","2":"type-product","3":"status-publish","4":"has-post-thumbnail","6":"product_cat-arquitectura-urbanismo-y-diseno","7":"product_cat-automocion-y-transporte","8":"product_cat-cerraduras-de-maquinas","9":"product_cat-cerraduras-de-palanca","10":"product_cat-cerraduras-de-puertas","11":"product_cat-cerraduras-de-seguridad","12":"product_cat-cerraduras-de-seguridad-para-muebles","13":"product_cat-cerraduras-para-almacenes-automaticos","14":"product_cat-cerraduras-para-armeros","15":"product_cat-cerraduras-para-cajas-fuertes","16":"product_cat-cerraduras-para-carrocerias-frigorificas","17":"product_cat-cerraduras-para-interruptores","18":"product_cat-cerraduras-para-la-industria-electromecanica","19":"product_cat-cerraduras-para-maquinas-expendedoras","20":"product_cat-cerraduras-para-maquinas-recreativas","21":"product_cat-cerraduras-para-medios-de-transporte","22":"product_cat-cerraduras-profesionales-para-muebles","23":"product_cat-cerraduras-reprogramables","24":"product_cat-cerraduras-universales-de-pernos","25":"product_cat-sistemas-de-cierre-de-seguridad","26":"product_cat-una-llave-especial","28":"first","29":"instock","30":"shipping-taxable","31":"product-type-simple"},"acf":{"pdf1":"https:\/\/www.omrserrature.it\/wp-content\/uploads\/schede\/Scheda_100852.pdf"},"yoast_head":"<!-- This site is optimized with the Yoast SEO plugin v27.2 - https:\/\/yoast.com\/product\/yoast-seo-wordpress\/ -->\n<title>Cerradura tubular - OMR Serrature<\/title>\n<meta name=\"robots\" content=\"index, follow, max-snippet:-1, max-image-preview:large, max-video-preview:-1\" \/>\n<link rel=\"canonical\" href=\"https:\/\/www.omrserrature.it\/es\/producto\/cerradura-tubular\/\" \/>\n<meta property=\"og:locale\" content=\"es_ES\" \/>\n<meta property=\"og:type\" content=\"article\" \/>\n<meta property=\"og:title\" content=\"Cerradura tubular - OMR Serrature\" \/>\n<meta property=\"og:description\" content=\"La cerradura tubular est\u00e1 provista de pasadores radiales que se mueven mediante una llave tubular. La llave s\u00f3lo se puede extraer en posici\u00f3n cerrada, lo que garantiza una mayor atenci\u00f3n del operario y proporciona un Tirador pr\u00e1ctico. El cuerpo de metal fundido a presi\u00f3n cromado tiene una forma troncoc\u00f3nica especial para evitar que se rompa con los alicates.\" \/>\n<meta property=\"og:url\" content=\"https:\/\/www.omrserrature.it\/es\/producto\/cerradura-tubular\/\" \/>\n<meta property=\"og:site_name\" content=\"OMR Serrature | Produzione sistemi di chiusura\" \/>\n<meta property=\"article:publisher\" content=\"https:\/\/www.facebook.com\/OMRserrature\" \/>\n<meta property=\"article:modified_time\" content=\"2026-04-08T11:14:12+00:00\" \/>\n<meta property=\"og:image\" content=\"https:\/\/www.omrserrature.it\/wp-content\/uploads\/2017\/10\/serratura-tubolare.jpg\" \/>\n\t<meta property=\"og:image:width\" content=\"413\" \/>\n\t<meta property=\"og:image:height\" content=\"402\" \/>\n\t<meta property=\"og:image:type\" content=\"image\/jpeg\" \/>\n<meta name=\"twitter:card\" content=\"summary_large_image\" \/>\n<meta name=\"twitter:label1\" content=\"Tiempo de lectura\" \/>\n\t<meta name=\"twitter:data1\" content=\"1 minuto\" \/>\n<script type=\"application\/ld+json\" class=\"yoast-schema-graph\">{\"@context\":\"https:\/\/schema.org\",\"@graph\":[{\"@type\":\"WebPage\",\"@id\":\"https:\/\/www.omrserrature.it\/es\/producto\/cerradura-tubular\/\",\"url\":\"https:\/\/www.omrserrature.it\/es\/producto\/cerradura-tubular\/\",\"name\":\"Cerradura tubular - OMR Serrature\",\"isPartOf\":{\"@id\":\"https:\/\/www.omrserrature.it\/es\/#website\"},\"primaryImageOfPage\":{\"@id\":\"https:\/\/www.omrserrature.it\/es\/producto\/cerradura-tubular\/#primaryimage\"},\"image\":{\"@id\":\"https:\/\/www.omrserrature.it\/es\/producto\/cerradura-tubular\/#primaryimage\"},\"thumbnailUrl\":\"https:\/\/www.omrserrature.it\/wp-content\/uploads\/2017\/10\/serratura-tubolare.jpg\",\"datePublished\":\"2006-10-17T08:05:00+00:00\",\"dateModified\":\"2026-04-08T11:14:12+00:00\",\"breadcrumb\":{\"@id\":\"https:\/\/www.omrserrature.it\/es\/producto\/cerradura-tubular\/#breadcrumb\"},\"inLanguage\":\"es\",\"potentialAction\":[{\"@type\":\"ReadAction\",\"target\":[\"https:\/\/www.omrserrature.it\/es\/producto\/cerradura-tubular\/\"]}]},{\"@type\":\"ImageObject\",\"inLanguage\":\"es\",\"@id\":\"https:\/\/www.omrserrature.it\/es\/producto\/cerradura-tubular\/#primaryimage\",\"url\":\"https:\/\/www.omrserrature.it\/wp-content\/uploads\/2017\/10\/serratura-tubolare.jpg\",\"contentUrl\":\"https:\/\/www.omrserrature.it\/wp-content\/uploads\/2017\/10\/serratura-tubolare.jpg\",\"width\":413,\"height\":402,\"caption\":\"Cerradura tubular. Cerradura de pasador radial \/ pistones radiales\"},{\"@type\":\"BreadcrumbList\",\"@id\":\"https:\/\/www.omrserrature.it\/es\/producto\/cerradura-tubular\/#breadcrumb\",\"itemListElement\":[{\"@type\":\"ListItem\",\"position\":1,\"name\":\"Home\",\"item\":\"https:\/\/www.omrserrature.it\/es\/omr-cerradiras-y-sistemas-de-cierre\/\"},{\"@type\":\"ListItem\",\"position\":2,\"name\":\"Cat\u00e1logo\",\"item\":\"https:\/\/www.omrserrature.it\/catalogo\/?lang=es\"},{\"@type\":\"ListItem\",\"position\":3,\"name\":\"Productos\",\"item\":\"https:\/\/www.omrserrature.it\/es\/inventario\/productos\/\"},{\"@type\":\"ListItem\",\"position\":4,\"name\":\"Cerraduras\",\"item\":\"https:\/\/www.omrserrature.it\/es\/inventario\/productos\/cerraduras\/\"},{\"@type\":\"ListItem\",\"position\":5,\"name\":\"Cerraduras universales de pernos\",\"item\":\"https:\/\/www.omrserrature.it\/es\/inventario\/productos\/cerraduras\/cerraduras-universales-de-pernos\/\"},{\"@type\":\"ListItem\",\"position\":6,\"name\":\"Una llave especial\",\"item\":\"https:\/\/www.omrserrature.it\/es\/inventario\/productos\/cerraduras\/cerraduras-universales-de-pernos\/una-llave-especial\/\"},{\"@type\":\"ListItem\",\"position\":7,\"name\":\"Cerradura tubular\"}]},{\"@type\":\"WebSite\",\"@id\":\"https:\/\/www.omrserrature.it\/es\/#website\",\"url\":\"https:\/\/www.omrserrature.it\/es\/\",\"name\":\"OMR Serrature | Produzione sistemi di chiusura\",\"description\":\"Produzione serrature di sicurezza e sistemi di chiusura\",\"publisher\":{\"@id\":\"https:\/\/www.omrserrature.it\/es\/#organization\"},\"potentialAction\":[{\"@type\":\"SearchAction\",\"target\":{\"@type\":\"EntryPoint\",\"urlTemplate\":\"https:\/\/www.omrserrature.it\/es\/?s={search_term_string}\"},\"query-input\":{\"@type\":\"PropertyValueSpecification\",\"valueRequired\":true,\"valueName\":\"search_term_string\"}}],\"inLanguage\":\"es\"},{\"@type\":\"Organization\",\"@id\":\"https:\/\/www.omrserrature.it\/es\/#organization\",\"name\":\"OMR Serrature | Produzione sistemi di chiusura\",\"url\":\"https:\/\/www.omrserrature.it\/es\/\",\"logo\":{\"@type\":\"ImageObject\",\"inLanguage\":\"es\",\"@id\":\"https:\/\/www.omrserrature.it\/es\/#\/schema\/logo\/image\/\",\"url\":\"https:\/\/www.omrserrature.it\/wp-content\/uploads\/2017\/09\/favicon-omr-114.png\",\"contentUrl\":\"https:\/\/www.omrserrature.it\/wp-content\/uploads\/2017\/09\/favicon-omr-114.png\",\"width\":114,\"height\":114,\"caption\":\"OMR Serrature | Produzione sistemi di chiusura\"},\"image\":{\"@id\":\"https:\/\/www.omrserrature.it\/es\/#\/schema\/logo\/image\/\"},\"sameAs\":[\"https:\/\/www.facebook.com\/OMRserrature\",\"https:\/\/www.linkedin.com\/company\/omrserrature\/\",\"https:\/\/www.youtube.com\/channel\/UCxmA85z2R0EpG_6IRokiAkg\"]}]}<\/script>\n<!-- \/ Yoast SEO plugin. -->","yoast_head_json":{"title":"Cerradura tubular - OMR Serrature","robots":{"index":"index","follow":"follow","max-snippet":"max-snippet:-1","max-image-preview":"max-image-preview:large","max-video-preview":"max-video-preview:-1"},"canonical":"https:\/\/www.omrserrature.it\/es\/producto\/cerradura-tubular\/","og_locale":"es_ES","og_type":"article","og_title":"Cerradura tubular - OMR Serrature","og_description":"La cerradura tubular est\u00e1 provista de pasadores radiales que se mueven mediante una llave tubular. La llave s\u00f3lo se puede extraer en posici\u00f3n cerrada, lo que garantiza una mayor atenci\u00f3n del operario y proporciona un Tirador pr\u00e1ctico. El cuerpo de metal fundido a presi\u00f3n cromado tiene una forma troncoc\u00f3nica especial para evitar que se rompa con los alicates.","og_url":"https:\/\/www.omrserrature.it\/es\/producto\/cerradura-tubular\/","og_site_name":"OMR Serrature | Produzione sistemi di chiusura","article_publisher":"https:\/\/www.facebook.com\/OMRserrature","article_modified_time":"2026-04-08T11:14:12+00:00","og_image":[{"width":413,"height":402,"url":"https:\/\/www.omrserrature.it\/wp-content\/uploads\/2017\/10\/serratura-tubolare.jpg","type":"image\/jpeg"}],"twitter_card":"summary_large_image","twitter_misc":{"Tiempo de lectura":"1 minuto"},"schema":{"@context":"https:\/\/schema.org","@graph":[{"@type":"WebPage","@id":"https:\/\/www.omrserrature.it\/es\/producto\/cerradura-tubular\/","url":"https:\/\/www.omrserrature.it\/es\/producto\/cerradura-tubular\/","name":"Cerradura tubular - OMR Serrature","isPartOf":{"@id":"https:\/\/www.omrserrature.it\/es\/#website"},"primaryImageOfPage":{"@id":"https:\/\/www.omrserrature.it\/es\/producto\/cerradura-tubular\/#primaryimage"},"image":{"@id":"https:\/\/www.omrserrature.it\/es\/producto\/cerradura-tubular\/#primaryimage"},"thumbnailUrl":"https:\/\/www.omrserrature.it\/wp-content\/uploads\/2017\/10\/serratura-tubolare.jpg","datePublished":"2006-10-17T08:05:00+00:00","dateModified":"2026-04-08T11:14:12+00:00","breadcrumb":{"@id":"https:\/\/www.omrserrature.it\/es\/producto\/cerradura-tubular\/#breadcrumb"},"inLanguage":"es","potentialAction":[{"@type":"ReadAction","target":["https:\/\/www.omrserrature.it\/es\/producto\/cerradura-tubular\/"]}]},{"@type":"ImageObject","inLanguage":"es","@id":"https:\/\/www.omrserrature.it\/es\/producto\/cerradura-tubular\/#primaryimage","url":"https:\/\/www.omrserrature.it\/wp-content\/uploads\/2017\/10\/serratura-tubolare.jpg","contentUrl":"https:\/\/www.omrserrature.it\/wp-content\/uploads\/2017\/10\/serratura-tubolare.jpg","width":413,"height":402,"caption":"Cerradura tubular. Cerradura de pasador radial \/ pistones radiales"},{"@type":"BreadcrumbList","@id":"https:\/\/www.omrserrature.it\/es\/producto\/cerradura-tubular\/#breadcrumb","itemListElement":[{"@type":"ListItem","position":1,"name":"Home","item":"https:\/\/www.omrserrature.it\/es\/omr-cerradiras-y-sistemas-de-cierre\/"},{"@type":"ListItem","position":2,"name":"Cat\u00e1logo","item":"https:\/\/www.omrserrature.it\/catalogo\/?lang=es"},{"@type":"ListItem","position":3,"name":"Productos","item":"https:\/\/www.omrserrature.it\/es\/inventario\/productos\/"},{"@type":"ListItem","position":4,"name":"Cerraduras","item":"https:\/\/www.omrserrature.it\/es\/inventario\/productos\/cerraduras\/"},{"@type":"ListItem","position":5,"name":"Cerraduras universales de pernos","item":"https:\/\/www.omrserrature.it\/es\/inventario\/productos\/cerraduras\/cerraduras-universales-de-pernos\/"},{"@type":"ListItem","position":6,"name":"Una llave especial","item":"https:\/\/www.omrserrature.it\/es\/inventario\/productos\/cerraduras\/cerraduras-universales-de-pernos\/una-llave-especial\/"},{"@type":"ListItem","position":7,"name":"Cerradura tubular"}]},{"@type":"WebSite","@id":"https:\/\/www.omrserrature.it\/es\/#website","url":"https:\/\/www.omrserrature.it\/es\/","name":"OMR Serrature | Produzione sistemi di chiusura","description":"Produzione serrature di sicurezza e sistemi di chiusura","publisher":{"@id":"https:\/\/www.omrserrature.it\/es\/#organization"},"potentialAction":[{"@type":"SearchAction","target":{"@type":"EntryPoint","urlTemplate":"https:\/\/www.omrserrature.it\/es\/?s={search_term_string}"},"query-input":{"@type":"PropertyValueSpecification","valueRequired":true,"valueName":"search_term_string"}}],"inLanguage":"es"},{"@type":"Organization","@id":"https:\/\/www.omrserrature.it\/es\/#organization","name":"OMR Serrature | Produzione sistemi di chiusura","url":"https:\/\/www.omrserrature.it\/es\/","logo":{"@type":"ImageObject","inLanguage":"es","@id":"https:\/\/www.omrserrature.it\/es\/#\/schema\/logo\/image\/","url":"https:\/\/www.omrserrature.it\/wp-content\/uploads\/2017\/09\/favicon-omr-114.png","contentUrl":"https:\/\/www.omrserrature.it\/wp-content\/uploads\/2017\/09\/favicon-omr-114.png","width":114,"height":114,"caption":"OMR Serrature | Produzione sistemi di chiusura"},"image":{"@id":"https:\/\/www.omrserrature.it\/es\/#\/schema\/logo\/image\/"},"sameAs":["https:\/\/www.facebook.com\/OMRserrature","https:\/\/www.linkedin.com\/company\/omrserrature\/","https:\/\/www.youtube.com\/channel\/UCxmA85z2R0EpG_6IRokiAkg"]}]}},"_links":{"self":[{"href":"https:\/\/www.omrserrature.it\/es\/wp-json\/wp\/v2\/product\/242983","targetHints":{"allow":["GET"]}}],"collection":[{"href":"https:\/\/www.omrserrature.it\/es\/wp-json\/wp\/v2\/product"}],"about":[{"href":"https:\/\/www.omrserrature.it\/es\/wp-json\/wp\/v2\/types\/product"}],"replies":[{"embeddable":true,"href":"https:\/\/www.omrserrature.it\/es\/wp-json\/wp\/v2\/comments?post=242983"}],"wp:featuredmedia":[{"embeddable":true,"href":"https:\/\/www.omrserrature.it\/es\/wp-json\/wp\/v2\/media\/3345"}],"wp:attachment":[{"href":"https:\/\/www.omrserrature.it\/es\/wp-json\/wp\/v2\/media?parent=242983"}],"wp:term":[{"taxonomy":"product_brand","embeddable":true,"href":"https:\/\/www.omrserrature.it\/es\/wp-json\/wp\/v2\/product_brand?post=242983"},{"taxonomy":"product_cat","embeddable":true,"href":"https:\/\/www.omrserrature.it\/es\/wp-json\/wp\/v2\/product_cat?post=242983"},{"taxonomy":"product_tag","embeddable":true,"href":"https:\/\/www.omrserrature.it\/es\/wp-json\/wp\/v2\/product_tag?post=242983"}],"curies":[{"name":"wp","href":"https:\/\/api.w.org\/{rel}","templated":true}]}}