{"id":242977,"date":"2017-10-10T14:58:52","date_gmt":"2010-10-17T12:58:00","guid":{"rendered":"https:\/\/www.staging6.omrserrature.it\/prodotto\/cerradura-de-cabeza-sobredimensionada\/"},"modified":"2026-04-08T13:15:18","modified_gmt":"2026-04-08T11:15:18","slug":"cerradura-de-cabeza-sobredimensionada","status":"publish","type":"product","link":"https:\/\/www.omrserrature.it\/es\/producto\/cerradura-de-cabeza-sobredimensionada\/","title":{"rendered":"Cerradura de cabeza sobredimensionada"},"content":{"rendered":"<p>La <strong>cerradura universal de palanca<\/strong> con mecanismo de l\u00e1minas y <strong>cabeza sobredimensionada<\/strong>, llamada amistosamente trinquete, es una de las cerraduras m\u00e1s populares en todos los \u00e1mbitos. La llave de lat\u00f3n niquelado mueve el bombin de l\u00e1minas central situado dentro de una caja de aleaci\u00f3n de zinc llamada estator, buje o cuerpo. El di\u00e1metro est\u00e1 fresado en dos lados opuestos (placas laterales) formando una doble D para evitar la rotaci\u00f3n del cierre de leva en el asiento de instalaci\u00f3n. El funcionamiento de la <strong>palanca<\/strong> trasera determina si el bloqueo est\u00e1 cerrado o abierto. <strong>El mayor tama\u00f1o de la culata proporciona m\u00e1s robustez a la cerradura, aumentando su resistencia y seguridad.<\/strong><\/p>\n<p>El cuerpo y el bombin de la cerradura de palanca son de aleaci\u00f3n de zinc, mientras que la leng\u00fceta es de acero. El extremo cuadrado de 7 mm permite instalar diversas <strong>palancas rectas, dobladas o de gancho<\/strong>, as\u00ed como palancas multipunto para el movimiento de las varillas. Varias versiones permiten <strong>diferentes rotaciones<\/strong>, grosores de puerta de 0,5 a 27 mm y extracci\u00f3n de la llave en abierto y cerrado (o s\u00f3lo en uno de los dos casos).   El <strong>cuerpo<\/strong> totalmente <strong>roscado<\/strong> permite la fijaci\u00f3n por <strong>tuerca<\/strong>, pero tambi\u00e9n por horquilla o clip para<strong>una instalaci\u00f3n r\u00e1pida <\/strong><strong><span style=\"font-weight: normal;\">en chapas de acero, aluminio o pl\u00e1stico<\/span><\/strong>.<\/p>\n<p><strong>La cerradura universal de palanca con cabeza sobredimensionada<\/strong> es ideal para instalaciones en mobiliario de oficina, armarios de taquillas, puertas met\u00e1licas, armarios de melamina, armarios de HPL, armarios de MDF, puertas, art\u00edculos de carpinter\u00eda, cajas de chapa, sistemas de venta y lavado de coches, maquinaria, p\u00falpitos y paneles de control.<\/p>\n","protected":false},"excerpt":{"rendered":"<p>La <strong>cerradura universal de palanca<\/strong> con mecanismo de pestillo y <strong>cabeza sobredimensionada<\/strong>, llamada amistosamente trinquete, es una de las cerraduras m\u00e1s populares en muchos \u00e1mbitos. El mayor tama\u00f1o de la culata proporciona m\u00e1s<strong> robustez a la cerradura, aumentando su resistencia y seguridad<\/strong>.<\/p>\n<p>Disponible con llaves diferentes<strong>(KD<\/strong>) o con una sola llave<strong>(KA<\/strong>).<\/p>\n","protected":false},"featured_media":3339,"comment_status":"open","ping_status":"closed","template":"","meta":{"_acf_changed":false,"_et_pb_use_builder":"","_et_pb_old_content":"","_et_gb_content_width":""},"product_brand":[],"product_cat":[3995,3990,3989,3926,3890,3931,3943,3951,3882,3887,3980,3912,3998,3884,3920,3957,3896,3909,3902,3901,3900,3904,3905,3907,3997,3885,3906,3883,3898,3903,3894,3895,3911,3888,3892,3893,3917,3915,3999,3908,3881,3994,3987],"product_tag":[],"class_list":{"0":"post-242977","1":"product","2":"type-product","3":"status-publish","4":"has-post-thumbnail","6":"product_cat-arquitectura-urbanismo-y-diseno","7":"product_cat-automatizacion-y-domotica","8":"product_cat-banca-y-correos","9":"product_cat-batiente","10":"product_cat-cerradura-de-armario-conforme-a-gdpr","11":"product_cat-cerradura-universal-de-laminas","12":"product_cat-cerraduras-con-bombin-extraible","13":"product_cat-cerraduras-con-llave-maestra","14":"product_cat-cerraduras-de-armarios","15":"product_cat-cerraduras-de-maquinas","16":"product_cat-cerraduras-de-palanca","17":"product_cat-cerraduras-de-puertas","18":"product_cat-cerraduras-de-puertas-2","19":"product_cat-cerraduras-de-seguridad","20":"product_cat-cerraduras-de-seguridad-para-muebles","21":"product_cat-cerraduras-impermeables-inoxidables","22":"product_cat-cerraduras-para-almacenes-automaticos","23":"product_cat-cerraduras-para-apartados-de-correos","24":"product_cat-cerraduras-para-armarios-de-balcon","25":"product_cat-cerraduras-para-armarios-de-epi","26":"product_cat-cerraduras-para-armarios-de-sustancias-peligrosas","27":"product_cat-cerraduras-para-armarios-fitosanitarios","28":"product_cat-cerraduras-para-armarios-industriales","29":"product_cat-cerraduras-para-armeros","30":"product_cat-cerraduras-para-buzones-2","31":"product_cat-cerraduras-para-buzones","32":"product_cat-cerraduras-para-cajas-fuertes","33":"product_cat-cerraduras-para-carros-profesionales","34":"product_cat-cerraduras-para-dispensadores","35":"product_cat-cerraduras-para-guardaesquis","36":"product_cat-cerraduras-para-interruptores","37":"product_cat-cerraduras-para-la-industria-electromecanica","38":"product_cat-cerraduras-para-maquinas-recreativas","39":"product_cat-cerraduras-para-muebles","40":"product_cat-cerraduras-para-puertas-delanteras-de-armarios","41":"product_cat-cerraduras-para-puertas-laterales","42":"product_cat-cerraduras-para-rotulos","43":"product_cat-cerraduras-para-taquillas","44":"product_cat-cerraduras-para-taquillas-2","45":"product_cat-cerraduras-para-taquillas-de-paquetes","46":"product_cat-cerraduras-profesionales-para-muebles","47":"product_cat-hospital-y-sanidad","48":"product_cat-sistemas-de-cierre-para-la-industria","50":"first","51":"instock","52":"shipping-taxable","53":"purchasable","54":"product-type-variable","55":"has-default-attributes"},"acf":{"pdf1":"https:\/\/www.omrserrature.it\/wp-content\/uploads\/2017\/10\/Scheda-165595.pdf"},"yoast_head":"<!-- This site is optimized with the Yoast SEO plugin v27.2 - https:\/\/yoast.com\/product\/yoast-seo-wordpress\/ -->\n<title>Cerradura de cabeza sobredimensionada - OMR Serrature<\/title>\n<meta name=\"robots\" content=\"index, follow, max-snippet:-1, max-image-preview:large, max-video-preview:-1\" \/>\n<link rel=\"canonical\" href=\"https:\/\/www.omrserrature.it\/es\/producto\/cerradura-de-cabeza-sobredimensionada\/\" \/>\n<meta property=\"og:locale\" content=\"es_ES\" \/>\n<meta property=\"og:type\" content=\"article\" \/>\n<meta property=\"og:title\" content=\"Cerradura de cabeza sobredimensionada - OMR Serrature\" \/>\n<meta property=\"og:description\" content=\"La cerradura universal de palanca con mecanismo de pestillo y cabeza sobredimensionada, llamada amistosamente trinquete, es una de las cerraduras m\u00e1s populares en muchos \u00e1mbitos. El mayor tama\u00f1o de la culata proporciona m\u00e1s robustez a la cerradura, aumentando su resistencia y seguridad. Disponible con llaves diferentes(KD) o con una sola llave(KA).\" \/>\n<meta property=\"og:url\" content=\"https:\/\/www.omrserrature.it\/es\/producto\/cerradura-de-cabeza-sobredimensionada\/\" \/>\n<meta property=\"og:site_name\" content=\"OMR Serrature | Produzione sistemi di chiusura\" \/>\n<meta property=\"article:publisher\" content=\"https:\/\/www.facebook.com\/OMRserrature\" \/>\n<meta property=\"article:modified_time\" content=\"2026-04-08T11:15:18+00:00\" \/>\n<meta property=\"og:image\" content=\"https:\/\/www.omrserrature.it\/wp-content\/uploads\/2017\/10\/serratura-testa-maggiorata.jpg\" \/>\n\t<meta property=\"og:image:width\" content=\"348\" \/>\n\t<meta property=\"og:image:height\" content=\"370\" \/>\n\t<meta property=\"og:image:type\" content=\"image\/jpeg\" \/>\n<meta name=\"twitter:card\" content=\"summary_large_image\" \/>\n<meta name=\"twitter:label1\" content=\"Tiempo de lectura\" \/>\n\t<meta name=\"twitter:data1\" content=\"1 minuto\" \/>\n<script type=\"application\/ld+json\" class=\"yoast-schema-graph\">{\"@context\":\"https:\/\/schema.org\",\"@graph\":[{\"@type\":\"WebPage\",\"@id\":\"https:\/\/www.omrserrature.it\/es\/producto\/cerradura-de-cabeza-sobredimensionada\/\",\"url\":\"https:\/\/www.omrserrature.it\/es\/producto\/cerradura-de-cabeza-sobredimensionada\/\",\"name\":\"Cerradura de cabeza sobredimensionada - OMR Serrature\",\"isPartOf\":{\"@id\":\"https:\/\/www.omrserrature.it\/es\/#website\"},\"primaryImageOfPage\":{\"@id\":\"https:\/\/www.omrserrature.it\/es\/producto\/cerradura-de-cabeza-sobredimensionada\/#primaryimage\"},\"image\":{\"@id\":\"https:\/\/www.omrserrature.it\/es\/producto\/cerradura-de-cabeza-sobredimensionada\/#primaryimage\"},\"thumbnailUrl\":\"https:\/\/www.omrserrature.it\/wp-content\/uploads\/2017\/10\/serratura-testa-maggiorata.jpg\",\"datePublished\":\"2010-10-17T12:58:00+00:00\",\"dateModified\":\"2026-04-08T11:15:18+00:00\",\"breadcrumb\":{\"@id\":\"https:\/\/www.omrserrature.it\/es\/producto\/cerradura-de-cabeza-sobredimensionada\/#breadcrumb\"},\"inLanguage\":\"es\",\"potentialAction\":[{\"@type\":\"ReadAction\",\"target\":[\"https:\/\/www.omrserrature.it\/es\/producto\/cerradura-de-cabeza-sobredimensionada\/\"]}]},{\"@type\":\"ImageObject\",\"inLanguage\":\"es\",\"@id\":\"https:\/\/www.omrserrature.it\/es\/producto\/cerradura-de-cabeza-sobredimensionada\/#primaryimage\",\"url\":\"https:\/\/www.omrserrature.it\/wp-content\/uploads\/2017\/10\/serratura-testa-maggiorata.jpg\",\"contentUrl\":\"https:\/\/www.omrserrature.it\/wp-content\/uploads\/2017\/10\/serratura-testa-maggiorata.jpg\",\"width\":348,\"height\":370,\"caption\":\"Cerradura con cabeza de palanca aumentada. Cilindro de l\u00e1minas\"},{\"@type\":\"BreadcrumbList\",\"@id\":\"https:\/\/www.omrserrature.it\/es\/producto\/cerradura-de-cabeza-sobredimensionada\/#breadcrumb\",\"itemListElement\":[{\"@type\":\"ListItem\",\"position\":1,\"name\":\"Home\",\"item\":\"https:\/\/www.omrserrature.it\/es\/omr-cerradiras-y-sistemas-de-cierre\/\"},{\"@type\":\"ListItem\",\"position\":2,\"name\":\"Cat\u00e1logo\",\"item\":\"https:\/\/www.omrserrature.it\/catalogo\/?lang=es\"},{\"@type\":\"ListItem\",\"position\":3,\"name\":\"Aplicaciones\",\"item\":\"https:\/\/www.omrserrature.it\/es\/inventario\/aplicaciones\/\"},{\"@type\":\"ListItem\",\"position\":4,\"name\":\"Cerradura de armario conforme a GDPR\",\"item\":\"https:\/\/www.omrserrature.it\/es\/inventario\/aplicaciones\/cerradura-de-armario-conforme-a-gdpr\/\"},{\"@type\":\"ListItem\",\"position\":5,\"name\":\"Cerradura de cabeza sobredimensionada\"}]},{\"@type\":\"WebSite\",\"@id\":\"https:\/\/www.omrserrature.it\/es\/#website\",\"url\":\"https:\/\/www.omrserrature.it\/es\/\",\"name\":\"OMR Serrature | Produzione sistemi di chiusura\",\"description\":\"Produzione serrature di sicurezza e sistemi di chiusura\",\"publisher\":{\"@id\":\"https:\/\/www.omrserrature.it\/es\/#organization\"},\"potentialAction\":[{\"@type\":\"SearchAction\",\"target\":{\"@type\":\"EntryPoint\",\"urlTemplate\":\"https:\/\/www.omrserrature.it\/es\/?s={search_term_string}\"},\"query-input\":{\"@type\":\"PropertyValueSpecification\",\"valueRequired\":true,\"valueName\":\"search_term_string\"}}],\"inLanguage\":\"es\"},{\"@type\":\"Organization\",\"@id\":\"https:\/\/www.omrserrature.it\/es\/#organization\",\"name\":\"OMR Serrature | Produzione sistemi di chiusura\",\"url\":\"https:\/\/www.omrserrature.it\/es\/\",\"logo\":{\"@type\":\"ImageObject\",\"inLanguage\":\"es\",\"@id\":\"https:\/\/www.omrserrature.it\/es\/#\/schema\/logo\/image\/\",\"url\":\"https:\/\/www.omrserrature.it\/wp-content\/uploads\/2017\/09\/favicon-omr-114.png\",\"contentUrl\":\"https:\/\/www.omrserrature.it\/wp-content\/uploads\/2017\/09\/favicon-omr-114.png\",\"width\":114,\"height\":114,\"caption\":\"OMR Serrature | Produzione sistemi di chiusura\"},\"image\":{\"@id\":\"https:\/\/www.omrserrature.it\/es\/#\/schema\/logo\/image\/\"},\"sameAs\":[\"https:\/\/www.facebook.com\/OMRserrature\",\"https:\/\/www.linkedin.com\/company\/omrserrature\/\",\"https:\/\/www.youtube.com\/channel\/UCxmA85z2R0EpG_6IRokiAkg\"]}]}<\/script>\n<!-- \/ Yoast SEO plugin. -->","yoast_head_json":{"title":"Cerradura de cabeza sobredimensionada - OMR Serrature","robots":{"index":"index","follow":"follow","max-snippet":"max-snippet:-1","max-image-preview":"max-image-preview:large","max-video-preview":"max-video-preview:-1"},"canonical":"https:\/\/www.omrserrature.it\/es\/producto\/cerradura-de-cabeza-sobredimensionada\/","og_locale":"es_ES","og_type":"article","og_title":"Cerradura de cabeza sobredimensionada - OMR Serrature","og_description":"La cerradura universal de palanca con mecanismo de pestillo y cabeza sobredimensionada, llamada amistosamente trinquete, es una de las cerraduras m\u00e1s populares en muchos \u00e1mbitos. El mayor tama\u00f1o de la culata proporciona m\u00e1s robustez a la cerradura, aumentando su resistencia y seguridad. Disponible con llaves diferentes(KD) o con una sola llave(KA).","og_url":"https:\/\/www.omrserrature.it\/es\/producto\/cerradura-de-cabeza-sobredimensionada\/","og_site_name":"OMR Serrature | Produzione sistemi di chiusura","article_publisher":"https:\/\/www.facebook.com\/OMRserrature","article_modified_time":"2026-04-08T11:15:18+00:00","og_image":[{"width":348,"height":370,"url":"https:\/\/www.omrserrature.it\/wp-content\/uploads\/2017\/10\/serratura-testa-maggiorata.jpg","type":"image\/jpeg"}],"twitter_card":"summary_large_image","twitter_misc":{"Tiempo de lectura":"1 minuto"},"schema":{"@context":"https:\/\/schema.org","@graph":[{"@type":"WebPage","@id":"https:\/\/www.omrserrature.it\/es\/producto\/cerradura-de-cabeza-sobredimensionada\/","url":"https:\/\/www.omrserrature.it\/es\/producto\/cerradura-de-cabeza-sobredimensionada\/","name":"Cerradura de cabeza sobredimensionada - OMR Serrature","isPartOf":{"@id":"https:\/\/www.omrserrature.it\/es\/#website"},"primaryImageOfPage":{"@id":"https:\/\/www.omrserrature.it\/es\/producto\/cerradura-de-cabeza-sobredimensionada\/#primaryimage"},"image":{"@id":"https:\/\/www.omrserrature.it\/es\/producto\/cerradura-de-cabeza-sobredimensionada\/#primaryimage"},"thumbnailUrl":"https:\/\/www.omrserrature.it\/wp-content\/uploads\/2017\/10\/serratura-testa-maggiorata.jpg","datePublished":"2010-10-17T12:58:00+00:00","dateModified":"2026-04-08T11:15:18+00:00","breadcrumb":{"@id":"https:\/\/www.omrserrature.it\/es\/producto\/cerradura-de-cabeza-sobredimensionada\/#breadcrumb"},"inLanguage":"es","potentialAction":[{"@type":"ReadAction","target":["https:\/\/www.omrserrature.it\/es\/producto\/cerradura-de-cabeza-sobredimensionada\/"]}]},{"@type":"ImageObject","inLanguage":"es","@id":"https:\/\/www.omrserrature.it\/es\/producto\/cerradura-de-cabeza-sobredimensionada\/#primaryimage","url":"https:\/\/www.omrserrature.it\/wp-content\/uploads\/2017\/10\/serratura-testa-maggiorata.jpg","contentUrl":"https:\/\/www.omrserrature.it\/wp-content\/uploads\/2017\/10\/serratura-testa-maggiorata.jpg","width":348,"height":370,"caption":"Cerradura con cabeza de palanca aumentada. Cilindro de l\u00e1minas"},{"@type":"BreadcrumbList","@id":"https:\/\/www.omrserrature.it\/es\/producto\/cerradura-de-cabeza-sobredimensionada\/#breadcrumb","itemListElement":[{"@type":"ListItem","position":1,"name":"Home","item":"https:\/\/www.omrserrature.it\/es\/omr-cerradiras-y-sistemas-de-cierre\/"},{"@type":"ListItem","position":2,"name":"Cat\u00e1logo","item":"https:\/\/www.omrserrature.it\/catalogo\/?lang=es"},{"@type":"ListItem","position":3,"name":"Aplicaciones","item":"https:\/\/www.omrserrature.it\/es\/inventario\/aplicaciones\/"},{"@type":"ListItem","position":4,"name":"Cerradura de armario conforme a GDPR","item":"https:\/\/www.omrserrature.it\/es\/inventario\/aplicaciones\/cerradura-de-armario-conforme-a-gdpr\/"},{"@type":"ListItem","position":5,"name":"Cerradura de cabeza sobredimensionada"}]},{"@type":"WebSite","@id":"https:\/\/www.omrserrature.it\/es\/#website","url":"https:\/\/www.omrserrature.it\/es\/","name":"OMR Serrature | Produzione sistemi di chiusura","description":"Produzione serrature di sicurezza e sistemi di chiusura","publisher":{"@id":"https:\/\/www.omrserrature.it\/es\/#organization"},"potentialAction":[{"@type":"SearchAction","target":{"@type":"EntryPoint","urlTemplate":"https:\/\/www.omrserrature.it\/es\/?s={search_term_string}"},"query-input":{"@type":"PropertyValueSpecification","valueRequired":true,"valueName":"search_term_string"}}],"inLanguage":"es"},{"@type":"Organization","@id":"https:\/\/www.omrserrature.it\/es\/#organization","name":"OMR Serrature | Produzione sistemi di chiusura","url":"https:\/\/www.omrserrature.it\/es\/","logo":{"@type":"ImageObject","inLanguage":"es","@id":"https:\/\/www.omrserrature.it\/es\/#\/schema\/logo\/image\/","url":"https:\/\/www.omrserrature.it\/wp-content\/uploads\/2017\/09\/favicon-omr-114.png","contentUrl":"https:\/\/www.omrserrature.it\/wp-content\/uploads\/2017\/09\/favicon-omr-114.png","width":114,"height":114,"caption":"OMR Serrature | Produzione sistemi di chiusura"},"image":{"@id":"https:\/\/www.omrserrature.it\/es\/#\/schema\/logo\/image\/"},"sameAs":["https:\/\/www.facebook.com\/OMRserrature","https:\/\/www.linkedin.com\/company\/omrserrature\/","https:\/\/www.youtube.com\/channel\/UCxmA85z2R0EpG_6IRokiAkg"]}]}},"_links":{"self":[{"href":"https:\/\/www.omrserrature.it\/es\/wp-json\/wp\/v2\/product\/242977","targetHints":{"allow":["GET"]}}],"collection":[{"href":"https:\/\/www.omrserrature.it\/es\/wp-json\/wp\/v2\/product"}],"about":[{"href":"https:\/\/www.omrserrature.it\/es\/wp-json\/wp\/v2\/types\/product"}],"replies":[{"embeddable":true,"href":"https:\/\/www.omrserrature.it\/es\/wp-json\/wp\/v2\/comments?post=242977"}],"wp:featuredmedia":[{"embeddable":true,"href":"https:\/\/www.omrserrature.it\/es\/wp-json\/wp\/v2\/media\/3339"}],"wp:attachment":[{"href":"https:\/\/www.omrserrature.it\/es\/wp-json\/wp\/v2\/media?parent=242977"}],"wp:term":[{"taxonomy":"product_brand","embeddable":true,"href":"https:\/\/www.omrserrature.it\/es\/wp-json\/wp\/v2\/product_brand?post=242977"},{"taxonomy":"product_cat","embeddable":true,"href":"https:\/\/www.omrserrature.it\/es\/wp-json\/wp\/v2\/product_cat?post=242977"},{"taxonomy":"product_tag","embeddable":true,"href":"https:\/\/www.omrserrature.it\/es\/wp-json\/wp\/v2\/product_tag?post=242977"}],"curies":[{"name":"wp","href":"https:\/\/api.w.org\/{rel}","templated":true}]}}