{"id":242945,"date":"2017-10-16T09:21:57","date_gmt":"2016-10-17T07:21:00","guid":{"rendered":"https:\/\/www.staging6.omrserrature.it\/prodotto\/cerradura-para-vitrina-y-puerta-de-cristal-simple-sin-taladrar\/"},"modified":"2026-04-08T12:50:43","modified_gmt":"2026-04-08T10:50:43","slug":"cerradura-para-vitrina-y-puerta-de-cristal-simple-sin-taladrar","status":"publish","type":"product","link":"https:\/\/www.omrserrature.it\/es\/producto\/cerradura-para-vitrina-y-puerta-de-cristal-simple-sin-taladrar\/","title":{"rendered":"Cerradura para vitrina y puerta de cristal simple sin taladrar"},"content":{"rendered":"<p>La <strong>cerradura de puerta de cristal<\/strong> para aplicar <strong>sin agujero<\/strong> consta de un cuerpo de metal fundido a presi\u00f3n con acabado <strong>cromado pulido<\/strong> o mate. El cilindro con mecanismo de l\u00e1minas est\u00e1 incorporado en un<strong> pr\u00e1ctico pomo<\/strong> que permite abrir y cerrar la puerta c\u00f3modamente. <\/p>\n<p>La cerradura se fija mediante dos tornillos situados en el herraje de la parte posterior del cuerpo. Para proteger el cristal, se coloca una <strong>protecci\u00f3n de goma<\/strong> que evita que se da\u00f1e al apretar los tornillos. <\/p>\n<p>La cerradura para aplicar sin agujero se utiliza en <strong>puertas de bisagra simple<\/strong> de vitrinas, joyeros, muebles de relojer\u00eda, expositores, muebles de oficina y mostradores de exposiciones.<\/p>\n","protected":false},"excerpt":{"rendered":"<p>La <strong>cerradura de puerta de cristal<\/strong> para aplicar <strong>sin agujero<\/strong> consta de un cuerpo de metal fundido a presi\u00f3n con acabado <strong>cromado pulido<\/strong> o mate. El cilindro con mecanismo de l\u00e1minas est\u00e1 incorporado en un<strong> pr\u00e1ctico pomo<\/strong> que permite abrir y cerrar la puerta c\u00f3modamente. <\/p>\n","protected":false},"featured_media":3633,"comment_status":"open","ping_status":"closed","template":"","meta":{"_acf_changed":false,"_et_pb_use_builder":"","_et_pb_old_content":"","_et_gb_content_width":""},"product_brand":[],"product_cat":[3995,3933,3926,3951,3941,3998,3888,3919,3993,3988],"product_tag":[],"class_list":{"0":"post-242945","1":"product","2":"type-product","3":"status-publish","4":"has-post-thumbnail","6":"product_cat-arquitectura-urbanismo-y-diseno","7":"product_cat-asas-y-pomos","8":"product_cat-batiente","9":"product_cat-cerraduras-con-llave-maestra","10":"product_cat-cerraduras-de-pestillo","11":"product_cat-cerraduras-de-puertas-2","12":"product_cat-cerraduras-para-muebles","13":"product_cat-cerraduras-para-vitrinas","14":"product_cat-feria","15":"product_cat-tiendas-y-actividades-comerciales","17":"first","18":"instock","19":"shipping-taxable","20":"product-type-simple"},"acf":{"pdf1":"https:\/\/www.omrserrature.it\/wp-content\/uploads\/schede\/Scheda_220358.pdf"},"yoast_head":"<!-- This site is optimized with the Yoast SEO plugin v27.2 - https:\/\/yoast.com\/product\/yoast-seo-wordpress\/ -->\n<title>Cerradura para vitrina y puerta de cristal simple sin taladrar - OMR Serrature<\/title>\n<meta name=\"robots\" content=\"index, follow, max-snippet:-1, max-image-preview:large, max-video-preview:-1\" \/>\n<link rel=\"canonical\" href=\"https:\/\/www.omrserrature.it\/es\/producto\/cerradura-para-vitrina-y-puerta-de-cristal-simple-sin-taladrar\/\" \/>\n<meta property=\"og:locale\" content=\"es_ES\" \/>\n<meta property=\"og:type\" content=\"article\" \/>\n<meta property=\"og:title\" content=\"Cerradura para vitrina y puerta de cristal simple sin taladrar - OMR Serrature\" \/>\n<meta property=\"og:description\" content=\"La cerradura de puerta de cristal para aplicar sin agujero consta de un cuerpo de metal fundido a presi\u00f3n con acabado cromado pulido o mate. El cilindro con mecanismo de l\u00e1minas est\u00e1 incorporado en un pr\u00e1ctico pomo que permite abrir y cerrar la puerta c\u00f3modamente.\" \/>\n<meta property=\"og:url\" content=\"https:\/\/www.omrserrature.it\/es\/producto\/cerradura-para-vitrina-y-puerta-de-cristal-simple-sin-taladrar\/\" \/>\n<meta property=\"og:site_name\" content=\"OMR Serrature | Produzione sistemi di chiusura\" \/>\n<meta property=\"article:publisher\" content=\"https:\/\/www.facebook.com\/OMRserrature\" \/>\n<meta property=\"article:modified_time\" content=\"2026-04-08T10:50:43+00:00\" \/>\n<meta property=\"og:image\" content=\"https:\/\/www.omrserrature.it\/wp-content\/uploads\/2017\/10\/serratura-anta-singola-vetro-no-foratura.jpg\" \/>\n\t<meta property=\"og:image:width\" content=\"318\" \/>\n\t<meta property=\"og:image:height\" content=\"358\" \/>\n\t<meta property=\"og:image:type\" content=\"image\/jpeg\" \/>\n<meta name=\"twitter:card\" content=\"summary_large_image\" \/>\n<meta name=\"twitter:label1\" content=\"Tiempo de lectura\" \/>\n\t<meta name=\"twitter:data1\" content=\"1 minuto\" \/>\n<script type=\"application\/ld+json\" class=\"yoast-schema-graph\">{\"@context\":\"https:\/\/schema.org\",\"@graph\":[{\"@type\":\"WebPage\",\"@id\":\"https:\/\/www.omrserrature.it\/es\/producto\/cerradura-para-vitrina-y-puerta-de-cristal-simple-sin-taladrar\/\",\"url\":\"https:\/\/www.omrserrature.it\/es\/producto\/cerradura-para-vitrina-y-puerta-de-cristal-simple-sin-taladrar\/\",\"name\":\"Cerradura para vitrina y puerta de cristal simple sin taladrar - OMR Serrature\",\"isPartOf\":{\"@id\":\"https:\/\/www.omrserrature.it\/es\/#website\"},\"primaryImageOfPage\":{\"@id\":\"https:\/\/www.omrserrature.it\/es\/producto\/cerradura-para-vitrina-y-puerta-de-cristal-simple-sin-taladrar\/#primaryimage\"},\"image\":{\"@id\":\"https:\/\/www.omrserrature.it\/es\/producto\/cerradura-para-vitrina-y-puerta-de-cristal-simple-sin-taladrar\/#primaryimage\"},\"thumbnailUrl\":\"https:\/\/www.omrserrature.it\/wp-content\/uploads\/2017\/10\/serratura-anta-singola-vetro-no-foratura.jpg\",\"datePublished\":\"2016-10-17T07:21:00+00:00\",\"dateModified\":\"2026-04-08T10:50:43+00:00\",\"breadcrumb\":{\"@id\":\"https:\/\/www.omrserrature.it\/es\/producto\/cerradura-para-vitrina-y-puerta-de-cristal-simple-sin-taladrar\/#breadcrumb\"},\"inLanguage\":\"es\",\"potentialAction\":[{\"@type\":\"ReadAction\",\"target\":[\"https:\/\/www.omrserrature.it\/es\/producto\/cerradura-para-vitrina-y-puerta-de-cristal-simple-sin-taladrar\/\"]}]},{\"@type\":\"ImageObject\",\"inLanguage\":\"es\",\"@id\":\"https:\/\/www.omrserrature.it\/es\/producto\/cerradura-para-vitrina-y-puerta-de-cristal-simple-sin-taladrar\/#primaryimage\",\"url\":\"https:\/\/www.omrserrature.it\/wp-content\/uploads\/2017\/10\/serratura-anta-singola-vetro-no-foratura.jpg\",\"contentUrl\":\"https:\/\/www.omrserrature.it\/wp-content\/uploads\/2017\/10\/serratura-anta-singola-vetro-no-foratura.jpg\",\"width\":318,\"height\":358,\"caption\":\"Cerradura de puerta de cristal simple sin taladrar - cerraduras de expositor\"},{\"@type\":\"BreadcrumbList\",\"@id\":\"https:\/\/www.omrserrature.it\/es\/producto\/cerradura-para-vitrina-y-puerta-de-cristal-simple-sin-taladrar\/#breadcrumb\",\"itemListElement\":[{\"@type\":\"ListItem\",\"position\":1,\"name\":\"Home\",\"item\":\"https:\/\/www.omrserrature.it\/es\/omr-cerradiras-y-sistemas-de-cierre\/\"},{\"@type\":\"ListItem\",\"position\":2,\"name\":\"Cat\u00e1logo\",\"item\":\"https:\/\/www.omrserrature.it\/catalogo\/?lang=es\"},{\"@type\":\"ListItem\",\"position\":3,\"name\":\"Productos\",\"item\":\"https:\/\/www.omrserrature.it\/es\/inventario\/productos\/\"},{\"@type\":\"ListItem\",\"position\":4,\"name\":\"Cerraduras\",\"item\":\"https:\/\/www.omrserrature.it\/es\/inventario\/productos\/cerraduras\/\"},{\"@type\":\"ListItem\",\"position\":5,\"name\":\"Asas y pomos\",\"item\":\"https:\/\/www.omrserrature.it\/es\/inventario\/productos\/cerraduras\/asas-y-pomos\/\"},{\"@type\":\"ListItem\",\"position\":6,\"name\":\"Cerradura para vitrina y puerta de cristal simple sin taladrar\"}]},{\"@type\":\"WebSite\",\"@id\":\"https:\/\/www.omrserrature.it\/es\/#website\",\"url\":\"https:\/\/www.omrserrature.it\/es\/\",\"name\":\"OMR Serrature | Produzione sistemi di chiusura\",\"description\":\"Produzione serrature di sicurezza e sistemi di chiusura\",\"publisher\":{\"@id\":\"https:\/\/www.omrserrature.it\/es\/#organization\"},\"potentialAction\":[{\"@type\":\"SearchAction\",\"target\":{\"@type\":\"EntryPoint\",\"urlTemplate\":\"https:\/\/www.omrserrature.it\/es\/?s={search_term_string}\"},\"query-input\":{\"@type\":\"PropertyValueSpecification\",\"valueRequired\":true,\"valueName\":\"search_term_string\"}}],\"inLanguage\":\"es\"},{\"@type\":\"Organization\",\"@id\":\"https:\/\/www.omrserrature.it\/es\/#organization\",\"name\":\"OMR Serrature | Produzione sistemi di chiusura\",\"url\":\"https:\/\/www.omrserrature.it\/es\/\",\"logo\":{\"@type\":\"ImageObject\",\"inLanguage\":\"es\",\"@id\":\"https:\/\/www.omrserrature.it\/es\/#\/schema\/logo\/image\/\",\"url\":\"https:\/\/www.omrserrature.it\/wp-content\/uploads\/2017\/09\/favicon-omr-114.png\",\"contentUrl\":\"https:\/\/www.omrserrature.it\/wp-content\/uploads\/2017\/09\/favicon-omr-114.png\",\"width\":114,\"height\":114,\"caption\":\"OMR Serrature | Produzione sistemi di chiusura\"},\"image\":{\"@id\":\"https:\/\/www.omrserrature.it\/es\/#\/schema\/logo\/image\/\"},\"sameAs\":[\"https:\/\/www.facebook.com\/OMRserrature\",\"https:\/\/www.linkedin.com\/company\/omrserrature\/\",\"https:\/\/www.youtube.com\/channel\/UCxmA85z2R0EpG_6IRokiAkg\"]}]}<\/script>\n<!-- \/ Yoast SEO plugin. -->","yoast_head_json":{"title":"Cerradura para vitrina y puerta de cristal simple sin taladrar - OMR Serrature","robots":{"index":"index","follow":"follow","max-snippet":"max-snippet:-1","max-image-preview":"max-image-preview:large","max-video-preview":"max-video-preview:-1"},"canonical":"https:\/\/www.omrserrature.it\/es\/producto\/cerradura-para-vitrina-y-puerta-de-cristal-simple-sin-taladrar\/","og_locale":"es_ES","og_type":"article","og_title":"Cerradura para vitrina y puerta de cristal simple sin taladrar - OMR Serrature","og_description":"La cerradura de puerta de cristal para aplicar sin agujero consta de un cuerpo de metal fundido a presi\u00f3n con acabado cromado pulido o mate. El cilindro con mecanismo de l\u00e1minas est\u00e1 incorporado en un pr\u00e1ctico pomo que permite abrir y cerrar la puerta c\u00f3modamente.","og_url":"https:\/\/www.omrserrature.it\/es\/producto\/cerradura-para-vitrina-y-puerta-de-cristal-simple-sin-taladrar\/","og_site_name":"OMR Serrature | Produzione sistemi di chiusura","article_publisher":"https:\/\/www.facebook.com\/OMRserrature","article_modified_time":"2026-04-08T10:50:43+00:00","og_image":[{"width":318,"height":358,"url":"https:\/\/www.omrserrature.it\/wp-content\/uploads\/2017\/10\/serratura-anta-singola-vetro-no-foratura.jpg","type":"image\/jpeg"}],"twitter_card":"summary_large_image","twitter_misc":{"Tiempo de lectura":"1 minuto"},"schema":{"@context":"https:\/\/schema.org","@graph":[{"@type":"WebPage","@id":"https:\/\/www.omrserrature.it\/es\/producto\/cerradura-para-vitrina-y-puerta-de-cristal-simple-sin-taladrar\/","url":"https:\/\/www.omrserrature.it\/es\/producto\/cerradura-para-vitrina-y-puerta-de-cristal-simple-sin-taladrar\/","name":"Cerradura para vitrina y puerta de cristal simple sin taladrar - OMR Serrature","isPartOf":{"@id":"https:\/\/www.omrserrature.it\/es\/#website"},"primaryImageOfPage":{"@id":"https:\/\/www.omrserrature.it\/es\/producto\/cerradura-para-vitrina-y-puerta-de-cristal-simple-sin-taladrar\/#primaryimage"},"image":{"@id":"https:\/\/www.omrserrature.it\/es\/producto\/cerradura-para-vitrina-y-puerta-de-cristal-simple-sin-taladrar\/#primaryimage"},"thumbnailUrl":"https:\/\/www.omrserrature.it\/wp-content\/uploads\/2017\/10\/serratura-anta-singola-vetro-no-foratura.jpg","datePublished":"2016-10-17T07:21:00+00:00","dateModified":"2026-04-08T10:50:43+00:00","breadcrumb":{"@id":"https:\/\/www.omrserrature.it\/es\/producto\/cerradura-para-vitrina-y-puerta-de-cristal-simple-sin-taladrar\/#breadcrumb"},"inLanguage":"es","potentialAction":[{"@type":"ReadAction","target":["https:\/\/www.omrserrature.it\/es\/producto\/cerradura-para-vitrina-y-puerta-de-cristal-simple-sin-taladrar\/"]}]},{"@type":"ImageObject","inLanguage":"es","@id":"https:\/\/www.omrserrature.it\/es\/producto\/cerradura-para-vitrina-y-puerta-de-cristal-simple-sin-taladrar\/#primaryimage","url":"https:\/\/www.omrserrature.it\/wp-content\/uploads\/2017\/10\/serratura-anta-singola-vetro-no-foratura.jpg","contentUrl":"https:\/\/www.omrserrature.it\/wp-content\/uploads\/2017\/10\/serratura-anta-singola-vetro-no-foratura.jpg","width":318,"height":358,"caption":"Cerradura de puerta de cristal simple sin taladrar - cerraduras de expositor"},{"@type":"BreadcrumbList","@id":"https:\/\/www.omrserrature.it\/es\/producto\/cerradura-para-vitrina-y-puerta-de-cristal-simple-sin-taladrar\/#breadcrumb","itemListElement":[{"@type":"ListItem","position":1,"name":"Home","item":"https:\/\/www.omrserrature.it\/es\/omr-cerradiras-y-sistemas-de-cierre\/"},{"@type":"ListItem","position":2,"name":"Cat\u00e1logo","item":"https:\/\/www.omrserrature.it\/catalogo\/?lang=es"},{"@type":"ListItem","position":3,"name":"Productos","item":"https:\/\/www.omrserrature.it\/es\/inventario\/productos\/"},{"@type":"ListItem","position":4,"name":"Cerraduras","item":"https:\/\/www.omrserrature.it\/es\/inventario\/productos\/cerraduras\/"},{"@type":"ListItem","position":5,"name":"Asas y pomos","item":"https:\/\/www.omrserrature.it\/es\/inventario\/productos\/cerraduras\/asas-y-pomos\/"},{"@type":"ListItem","position":6,"name":"Cerradura para vitrina y puerta de cristal simple sin taladrar"}]},{"@type":"WebSite","@id":"https:\/\/www.omrserrature.it\/es\/#website","url":"https:\/\/www.omrserrature.it\/es\/","name":"OMR Serrature | Produzione sistemi di chiusura","description":"Produzione serrature di sicurezza e sistemi di chiusura","publisher":{"@id":"https:\/\/www.omrserrature.it\/es\/#organization"},"potentialAction":[{"@type":"SearchAction","target":{"@type":"EntryPoint","urlTemplate":"https:\/\/www.omrserrature.it\/es\/?s={search_term_string}"},"query-input":{"@type":"PropertyValueSpecification","valueRequired":true,"valueName":"search_term_string"}}],"inLanguage":"es"},{"@type":"Organization","@id":"https:\/\/www.omrserrature.it\/es\/#organization","name":"OMR Serrature | Produzione sistemi di chiusura","url":"https:\/\/www.omrserrature.it\/es\/","logo":{"@type":"ImageObject","inLanguage":"es","@id":"https:\/\/www.omrserrature.it\/es\/#\/schema\/logo\/image\/","url":"https:\/\/www.omrserrature.it\/wp-content\/uploads\/2017\/09\/favicon-omr-114.png","contentUrl":"https:\/\/www.omrserrature.it\/wp-content\/uploads\/2017\/09\/favicon-omr-114.png","width":114,"height":114,"caption":"OMR Serrature | Produzione sistemi di chiusura"},"image":{"@id":"https:\/\/www.omrserrature.it\/es\/#\/schema\/logo\/image\/"},"sameAs":["https:\/\/www.facebook.com\/OMRserrature","https:\/\/www.linkedin.com\/company\/omrserrature\/","https:\/\/www.youtube.com\/channel\/UCxmA85z2R0EpG_6IRokiAkg"]}]}},"_links":{"self":[{"href":"https:\/\/www.omrserrature.it\/es\/wp-json\/wp\/v2\/product\/242945","targetHints":{"allow":["GET"]}}],"collection":[{"href":"https:\/\/www.omrserrature.it\/es\/wp-json\/wp\/v2\/product"}],"about":[{"href":"https:\/\/www.omrserrature.it\/es\/wp-json\/wp\/v2\/types\/product"}],"replies":[{"embeddable":true,"href":"https:\/\/www.omrserrature.it\/es\/wp-json\/wp\/v2\/comments?post=242945"}],"wp:featuredmedia":[{"embeddable":true,"href":"https:\/\/www.omrserrature.it\/es\/wp-json\/wp\/v2\/media\/3633"}],"wp:attachment":[{"href":"https:\/\/www.omrserrature.it\/es\/wp-json\/wp\/v2\/media?parent=242945"}],"wp:term":[{"taxonomy":"product_brand","embeddable":true,"href":"https:\/\/www.omrserrature.it\/es\/wp-json\/wp\/v2\/product_brand?post=242945"},{"taxonomy":"product_cat","embeddable":true,"href":"https:\/\/www.omrserrature.it\/es\/wp-json\/wp\/v2\/product_cat?post=242945"},{"taxonomy":"product_tag","embeddable":true,"href":"https:\/\/www.omrserrature.it\/es\/wp-json\/wp\/v2\/product_tag?post=242945"}],"curies":[{"name":"wp","href":"https:\/\/api.w.org\/{rel}","templated":true}]}}