{"id":242793,"date":"2018-02-15T11:15:39","date_gmt":"2015-02-18T10:15:00","guid":{"rendered":"https:\/\/www.staging6.omrserrature.it\/prodotto\/cerradura-de-puerta-o-cajon-pasador-pasante-longitudes-30\/"},"modified":"2026-04-08T12:00:10","modified_gmt":"2026-04-08T10:00:10","slug":"cerradura-de-puerta-o-cajon-pasador-pasante-longitudes-30","status":"publish","type":"product","link":"https:\/\/www.omrserrature.it\/es\/producto\/cerradura-de-puerta-o-cajon-pasador-pasante-longitudes-30\/","title":{"rendered":"Cerradura de puerta o caj\u00f3n &#8211; pasador pasante &#8211; longitudes 30"},"content":{"rendered":"<p>La <strong>cerradura de cilindro para muebles<\/strong> est\u00e1 hecha de una aleaci\u00f3n de zinc, que consiste en una base redonda dentro de la cual <strong>se desliza<\/strong> un pasador <strong>o cerrojo pasante<\/strong>, para un cierre ambidiestro, de modo que el pasador pasa de un lado a otro del cierre al girar la llave. La tecnolog\u00eda de l\u00e1minas ofrece una seguridad adecuada al tipo de aplicaci\u00f3n. El bombin que contiene las placas, en la versi\u00f3n con n\u00facleo extra\u00edble, puede extraerse mediante una llave de extracci\u00f3n especial para poder cambiar r\u00e1pidamente la combinaci\u00f3n.<\/p>\n<p>Tanto la longitud del cilindro como la del perno son de <strong>diferentes tama\u00f1os<\/strong>; esto permite la instalaci\u00f3n en diferentes materiales (madera, metal, MDF, etc.) y en diferentes posiciones. Esta versi\u00f3n con pasador permite un cierre ambidiestro, sin necesidad de distinguir entre varillas derechas e izquierdas en el momento de la instalaci\u00f3n.<\/p>\n<p>Se utiliza habitualmente en el mundo del mueble de madera y metal, tanto en muebles de oficina como de taller, y se considera una cerradura de caj\u00f3n, aunque tambi\u00e9n puede aplicarse a puertas, trampillas, etc. Las levas de una o dos puertas permiten instalar la cerradura tambi\u00e9n en puertas batientes de cristal, por ejemplo en vitrinas, escaparates, expositores. Gracias a su facilidad de instalaci\u00f3n y ductilidad, puede colocarse en muebles de laboratorio, hospitales y museos, as\u00ed como en taquillas. <\/p>\n<p><strong>Si quieres conocer todas las variantes de cuerpos de cerradura disponibles, <a href=\"https:\/\/www.omrserrature.it\/es\/producto\/cerradura-de-puerta-o-cajon\/\" target=\"_blank\" rel=\"noopener\">consulta la p\u00e1gina de modelos b\u00e1sicos<\/a>.<\/strong><\/p>\n","protected":false},"excerpt":{"rendered":"<p>La<strong> cerradura de cilindro para muebles<\/strong> est\u00e1 fabricada con una aleaci\u00f3n de zinc, formada por una base redonda en cuyo interior se desliza <strong>un cerrojo pasante (tambi\u00e9n llamado pasador)<\/strong>, para un cierre ambidiestro, de modo que el cerrojo pasa de un lado a otro de la cerradura al girar la llave.<\/p>\n","protected":false},"featured_media":8056,"comment_status":"open","ping_status":"closed","template":"","meta":{"_acf_changed":false,"_et_pb_use_builder":"","_et_pb_old_content":"","_et_gb_content_width":""},"product_brand":[],"product_cat":[3926,3951,3913,3941,3912,3998,3885,3888,3917,3919,3881,3993,3996,3987,3927,3988],"product_tag":[],"class_list":{"0":"post-242793","1":"product","2":"type-product","3":"status-publish","4":"has-post-thumbnail","6":"product_cat-batiente","7":"product_cat-cerraduras-con-llave-maestra","8":"product_cat-cerraduras-de-cajones","9":"product_cat-cerraduras-de-pestillo","10":"product_cat-cerraduras-de-puertas","11":"product_cat-cerraduras-de-puertas-2","12":"product_cat-cerraduras-para-buzones","13":"product_cat-cerraduras-para-muebles","14":"product_cat-cerraduras-para-rotulos","15":"product_cat-cerraduras-para-vitrinas","16":"product_cat-cerraduras-profesionales-para-muebles","17":"product_cat-feria","18":"product_cat-oficinas","19":"product_cat-sistemas-de-cierre-para-la-industria","20":"product_cat-solapa","21":"product_cat-tiendas-y-actividades-comerciales","23":"first","24":"instock","25":"shipping-taxable","26":"product-type-simple"},"acf":{"pdf1":"https:\/\/www.omrserrature.it\/wp-content\/uploads\/2018\/02\/Scheda_220300-SPAL04236.pdf"},"yoast_head":"<!-- This site is optimized with the Yoast SEO plugin v27.2 - https:\/\/yoast.com\/product\/yoast-seo-wordpress\/ -->\n<title>Cerradura de cilindro para mueble pasador<\/title>\n<meta name=\"description\" content=\"Cerradura de cilindro con pestillo pasante para cajones y muebles. Cierre ambidiestro, apto para madera, metal y cristal.\" \/>\n<meta name=\"robots\" content=\"index, follow, max-snippet:-1, max-image-preview:large, max-video-preview:-1\" \/>\n<link rel=\"canonical\" href=\"https:\/\/www.omrserrature.it\/es\/producto\/cerradura-de-puerta-o-cajon-pasador-pasante-longitudes-30\/\" \/>\n<meta property=\"og:locale\" content=\"es_ES\" \/>\n<meta property=\"og:type\" content=\"article\" \/>\n<meta property=\"og:title\" content=\"Cerradura de cilindro para mueble pasador\" \/>\n<meta property=\"og:description\" content=\"Cerradura de cilindro con pestillo pasante para cajones y muebles. Cierre ambidiestro, apto para madera, metal y cristal.\" \/>\n<meta property=\"og:url\" content=\"https:\/\/www.omrserrature.it\/es\/producto\/cerradura-de-puerta-o-cajon-pasador-pasante-longitudes-30\/\" \/>\n<meta property=\"og:site_name\" content=\"OMR Serrature | Produzione sistemi di chiusura\" \/>\n<meta property=\"article:publisher\" content=\"https:\/\/www.facebook.com\/OMRserrature\" \/>\n<meta property=\"article:modified_time\" content=\"2026-04-08T10:00:10+00:00\" \/>\n<meta property=\"og:image\" content=\"https:\/\/www.omrserrature.it\/wp-content\/uploads\/2018\/02\/SPAL04236.jpg\" \/>\n\t<meta property=\"og:image:width\" content=\"344\" \/>\n\t<meta property=\"og:image:height\" content=\"255\" \/>\n\t<meta property=\"og:image:type\" content=\"image\/jpeg\" \/>\n<meta name=\"twitter:card\" content=\"summary_large_image\" \/>\n<meta name=\"twitter:label1\" content=\"Tiempo de lectura\" \/>\n\t<meta name=\"twitter:data1\" content=\"1 minuto\" \/>\n<script type=\"application\/ld+json\" class=\"yoast-schema-graph\">{\"@context\":\"https:\/\/schema.org\",\"@graph\":[{\"@type\":\"WebPage\",\"@id\":\"https:\/\/www.omrserrature.it\/es\/producto\/cerradura-de-puerta-o-cajon-pasador-pasante-longitudes-30\/\",\"url\":\"https:\/\/www.omrserrature.it\/es\/producto\/cerradura-de-puerta-o-cajon-pasador-pasante-longitudes-30\/\",\"name\":\"Cerradura de cilindro para mueble pasador\",\"isPartOf\":{\"@id\":\"https:\/\/www.omrserrature.it\/es\/#website\"},\"primaryImageOfPage\":{\"@id\":\"https:\/\/www.omrserrature.it\/es\/producto\/cerradura-de-puerta-o-cajon-pasador-pasante-longitudes-30\/#primaryimage\"},\"image\":{\"@id\":\"https:\/\/www.omrserrature.it\/es\/producto\/cerradura-de-puerta-o-cajon-pasador-pasante-longitudes-30\/#primaryimage\"},\"thumbnailUrl\":\"https:\/\/www.omrserrature.it\/wp-content\/uploads\/2018\/02\/SPAL04236.jpg\",\"datePublished\":\"2015-02-18T10:15:00+00:00\",\"dateModified\":\"2026-04-08T10:00:10+00:00\",\"description\":\"Cerradura de cilindro con pestillo pasante para cajones y muebles. Cierre ambidiestro, apto para madera, metal y cristal.\",\"breadcrumb\":{\"@id\":\"https:\/\/www.omrserrature.it\/es\/producto\/cerradura-de-puerta-o-cajon-pasador-pasante-longitudes-30\/#breadcrumb\"},\"inLanguage\":\"es\",\"potentialAction\":[{\"@type\":\"ReadAction\",\"target\":[\"https:\/\/www.omrserrature.it\/es\/producto\/cerradura-de-puerta-o-cajon-pasador-pasante-longitudes-30\/\"]}]},{\"@type\":\"ImageObject\",\"inLanguage\":\"es\",\"@id\":\"https:\/\/www.omrserrature.it\/es\/producto\/cerradura-de-puerta-o-cajon-pasador-pasante-longitudes-30\/#primaryimage\",\"url\":\"https:\/\/www.omrserrature.it\/wp-content\/uploads\/2018\/02\/SPAL04236.jpg\",\"contentUrl\":\"https:\/\/www.omrserrature.it\/wp-content\/uploads\/2018\/02\/SPAL04236.jpg\",\"width\":344,\"height\":255,\"caption\":\"Cerradura de bombillo para puerta o caj\u00f3n - pasador - longitudes 30 - SPAL04236\"},{\"@type\":\"BreadcrumbList\",\"@id\":\"https:\/\/www.omrserrature.it\/es\/producto\/cerradura-de-puerta-o-cajon-pasador-pasante-longitudes-30\/#breadcrumb\",\"itemListElement\":[{\"@type\":\"ListItem\",\"position\":1,\"name\":\"Home\",\"item\":\"https:\/\/www.omrserrature.it\/es\/omr-cerradiras-y-sistemas-de-cierre\/\"},{\"@type\":\"ListItem\",\"position\":2,\"name\":\"Cat\u00e1logo\",\"item\":\"https:\/\/www.omrserrature.it\/catalogo\/?lang=es\"},{\"@type\":\"ListItem\",\"position\":3,\"name\":\"Aplicaciones\",\"item\":\"https:\/\/www.omrserrature.it\/es\/inventario\/aplicaciones\/\"},{\"@type\":\"ListItem\",\"position\":4,\"name\":\"Cerraduras para muebles\",\"item\":\"https:\/\/www.omrserrature.it\/es\/inventario\/aplicaciones\/cerraduras-para-muebles\/\"},{\"@type\":\"ListItem\",\"position\":5,\"name\":\"Cerraduras de puertas\",\"item\":\"https:\/\/www.omrserrature.it\/es\/inventario\/aplicaciones\/cerraduras-para-muebles\/cerraduras-de-puertas-2\/\"},{\"@type\":\"ListItem\",\"position\":6,\"name\":\"Batiente\",\"item\":\"https:\/\/www.omrserrature.it\/es\/inventario\/aplicaciones\/cerraduras-para-muebles\/cerraduras-de-puertas-2\/batiente\/\"},{\"@type\":\"ListItem\",\"position\":7,\"name\":\"Cerradura de puerta o caj\u00f3n &#8211; pasador pasante &#8211; longitudes 30\"}]},{\"@type\":\"WebSite\",\"@id\":\"https:\/\/www.omrserrature.it\/es\/#website\",\"url\":\"https:\/\/www.omrserrature.it\/es\/\",\"name\":\"OMR Serrature | Produzione sistemi di chiusura\",\"description\":\"Produzione serrature di sicurezza e sistemi di chiusura\",\"publisher\":{\"@id\":\"https:\/\/www.omrserrature.it\/es\/#organization\"},\"potentialAction\":[{\"@type\":\"SearchAction\",\"target\":{\"@type\":\"EntryPoint\",\"urlTemplate\":\"https:\/\/www.omrserrature.it\/es\/?s={search_term_string}\"},\"query-input\":{\"@type\":\"PropertyValueSpecification\",\"valueRequired\":true,\"valueName\":\"search_term_string\"}}],\"inLanguage\":\"es\"},{\"@type\":\"Organization\",\"@id\":\"https:\/\/www.omrserrature.it\/es\/#organization\",\"name\":\"OMR Serrature | Produzione sistemi di chiusura\",\"url\":\"https:\/\/www.omrserrature.it\/es\/\",\"logo\":{\"@type\":\"ImageObject\",\"inLanguage\":\"es\",\"@id\":\"https:\/\/www.omrserrature.it\/es\/#\/schema\/logo\/image\/\",\"url\":\"https:\/\/www.omrserrature.it\/wp-content\/uploads\/2017\/09\/favicon-omr-114.png\",\"contentUrl\":\"https:\/\/www.omrserrature.it\/wp-content\/uploads\/2017\/09\/favicon-omr-114.png\",\"width\":114,\"height\":114,\"caption\":\"OMR Serrature | Produzione sistemi di chiusura\"},\"image\":{\"@id\":\"https:\/\/www.omrserrature.it\/es\/#\/schema\/logo\/image\/\"},\"sameAs\":[\"https:\/\/www.facebook.com\/OMRserrature\",\"https:\/\/www.linkedin.com\/company\/omrserrature\/\",\"https:\/\/www.youtube.com\/channel\/UCxmA85z2R0EpG_6IRokiAkg\"]}]}<\/script>\n<!-- \/ Yoast SEO plugin. -->","yoast_head_json":{"title":"Cerradura de cilindro para mueble pasador","description":"Cerradura de cilindro con pestillo pasante para cajones y muebles. Cierre ambidiestro, apto para madera, metal y cristal.","robots":{"index":"index","follow":"follow","max-snippet":"max-snippet:-1","max-image-preview":"max-image-preview:large","max-video-preview":"max-video-preview:-1"},"canonical":"https:\/\/www.omrserrature.it\/es\/producto\/cerradura-de-puerta-o-cajon-pasador-pasante-longitudes-30\/","og_locale":"es_ES","og_type":"article","og_title":"Cerradura de cilindro para mueble pasador","og_description":"Cerradura de cilindro con pestillo pasante para cajones y muebles. Cierre ambidiestro, apto para madera, metal y cristal.","og_url":"https:\/\/www.omrserrature.it\/es\/producto\/cerradura-de-puerta-o-cajon-pasador-pasante-longitudes-30\/","og_site_name":"OMR Serrature | Produzione sistemi di chiusura","article_publisher":"https:\/\/www.facebook.com\/OMRserrature","article_modified_time":"2026-04-08T10:00:10+00:00","og_image":[{"width":344,"height":255,"url":"https:\/\/www.omrserrature.it\/wp-content\/uploads\/2018\/02\/SPAL04236.jpg","type":"image\/jpeg"}],"twitter_card":"summary_large_image","twitter_misc":{"Tiempo de lectura":"1 minuto"},"schema":{"@context":"https:\/\/schema.org","@graph":[{"@type":"WebPage","@id":"https:\/\/www.omrserrature.it\/es\/producto\/cerradura-de-puerta-o-cajon-pasador-pasante-longitudes-30\/","url":"https:\/\/www.omrserrature.it\/es\/producto\/cerradura-de-puerta-o-cajon-pasador-pasante-longitudes-30\/","name":"Cerradura de cilindro para mueble pasador","isPartOf":{"@id":"https:\/\/www.omrserrature.it\/es\/#website"},"primaryImageOfPage":{"@id":"https:\/\/www.omrserrature.it\/es\/producto\/cerradura-de-puerta-o-cajon-pasador-pasante-longitudes-30\/#primaryimage"},"image":{"@id":"https:\/\/www.omrserrature.it\/es\/producto\/cerradura-de-puerta-o-cajon-pasador-pasante-longitudes-30\/#primaryimage"},"thumbnailUrl":"https:\/\/www.omrserrature.it\/wp-content\/uploads\/2018\/02\/SPAL04236.jpg","datePublished":"2015-02-18T10:15:00+00:00","dateModified":"2026-04-08T10:00:10+00:00","description":"Cerradura de cilindro con pestillo pasante para cajones y muebles. Cierre ambidiestro, apto para madera, metal y cristal.","breadcrumb":{"@id":"https:\/\/www.omrserrature.it\/es\/producto\/cerradura-de-puerta-o-cajon-pasador-pasante-longitudes-30\/#breadcrumb"},"inLanguage":"es","potentialAction":[{"@type":"ReadAction","target":["https:\/\/www.omrserrature.it\/es\/producto\/cerradura-de-puerta-o-cajon-pasador-pasante-longitudes-30\/"]}]},{"@type":"ImageObject","inLanguage":"es","@id":"https:\/\/www.omrserrature.it\/es\/producto\/cerradura-de-puerta-o-cajon-pasador-pasante-longitudes-30\/#primaryimage","url":"https:\/\/www.omrserrature.it\/wp-content\/uploads\/2018\/02\/SPAL04236.jpg","contentUrl":"https:\/\/www.omrserrature.it\/wp-content\/uploads\/2018\/02\/SPAL04236.jpg","width":344,"height":255,"caption":"Cerradura de bombillo para puerta o caj\u00f3n - pasador - longitudes 30 - SPAL04236"},{"@type":"BreadcrumbList","@id":"https:\/\/www.omrserrature.it\/es\/producto\/cerradura-de-puerta-o-cajon-pasador-pasante-longitudes-30\/#breadcrumb","itemListElement":[{"@type":"ListItem","position":1,"name":"Home","item":"https:\/\/www.omrserrature.it\/es\/omr-cerradiras-y-sistemas-de-cierre\/"},{"@type":"ListItem","position":2,"name":"Cat\u00e1logo","item":"https:\/\/www.omrserrature.it\/catalogo\/?lang=es"},{"@type":"ListItem","position":3,"name":"Aplicaciones","item":"https:\/\/www.omrserrature.it\/es\/inventario\/aplicaciones\/"},{"@type":"ListItem","position":4,"name":"Cerraduras para muebles","item":"https:\/\/www.omrserrature.it\/es\/inventario\/aplicaciones\/cerraduras-para-muebles\/"},{"@type":"ListItem","position":5,"name":"Cerraduras de puertas","item":"https:\/\/www.omrserrature.it\/es\/inventario\/aplicaciones\/cerraduras-para-muebles\/cerraduras-de-puertas-2\/"},{"@type":"ListItem","position":6,"name":"Batiente","item":"https:\/\/www.omrserrature.it\/es\/inventario\/aplicaciones\/cerraduras-para-muebles\/cerraduras-de-puertas-2\/batiente\/"},{"@type":"ListItem","position":7,"name":"Cerradura de puerta o caj\u00f3n &#8211; pasador pasante &#8211; longitudes 30"}]},{"@type":"WebSite","@id":"https:\/\/www.omrserrature.it\/es\/#website","url":"https:\/\/www.omrserrature.it\/es\/","name":"OMR Serrature | Produzione sistemi di chiusura","description":"Produzione serrature di sicurezza e sistemi di chiusura","publisher":{"@id":"https:\/\/www.omrserrature.it\/es\/#organization"},"potentialAction":[{"@type":"SearchAction","target":{"@type":"EntryPoint","urlTemplate":"https:\/\/www.omrserrature.it\/es\/?s={search_term_string}"},"query-input":{"@type":"PropertyValueSpecification","valueRequired":true,"valueName":"search_term_string"}}],"inLanguage":"es"},{"@type":"Organization","@id":"https:\/\/www.omrserrature.it\/es\/#organization","name":"OMR Serrature | Produzione sistemi di chiusura","url":"https:\/\/www.omrserrature.it\/es\/","logo":{"@type":"ImageObject","inLanguage":"es","@id":"https:\/\/www.omrserrature.it\/es\/#\/schema\/logo\/image\/","url":"https:\/\/www.omrserrature.it\/wp-content\/uploads\/2017\/09\/favicon-omr-114.png","contentUrl":"https:\/\/www.omrserrature.it\/wp-content\/uploads\/2017\/09\/favicon-omr-114.png","width":114,"height":114,"caption":"OMR Serrature | Produzione sistemi di chiusura"},"image":{"@id":"https:\/\/www.omrserrature.it\/es\/#\/schema\/logo\/image\/"},"sameAs":["https:\/\/www.facebook.com\/OMRserrature","https:\/\/www.linkedin.com\/company\/omrserrature\/","https:\/\/www.youtube.com\/channel\/UCxmA85z2R0EpG_6IRokiAkg"]}]}},"_links":{"self":[{"href":"https:\/\/www.omrserrature.it\/es\/wp-json\/wp\/v2\/product\/242793","targetHints":{"allow":["GET"]}}],"collection":[{"href":"https:\/\/www.omrserrature.it\/es\/wp-json\/wp\/v2\/product"}],"about":[{"href":"https:\/\/www.omrserrature.it\/es\/wp-json\/wp\/v2\/types\/product"}],"replies":[{"embeddable":true,"href":"https:\/\/www.omrserrature.it\/es\/wp-json\/wp\/v2\/comments?post=242793"}],"wp:featuredmedia":[{"embeddable":true,"href":"https:\/\/www.omrserrature.it\/es\/wp-json\/wp\/v2\/media\/8056"}],"wp:attachment":[{"href":"https:\/\/www.omrserrature.it\/es\/wp-json\/wp\/v2\/media?parent=242793"}],"wp:term":[{"taxonomy":"product_brand","embeddable":true,"href":"https:\/\/www.omrserrature.it\/es\/wp-json\/wp\/v2\/product_brand?post=242793"},{"taxonomy":"product_cat","embeddable":true,"href":"https:\/\/www.omrserrature.it\/es\/wp-json\/wp\/v2\/product_cat?post=242793"},{"taxonomy":"product_tag","embeddable":true,"href":"https:\/\/www.omrserrature.it\/es\/wp-json\/wp\/v2\/product_tag?post=242793"}],"curies":[{"name":"wp","href":"https:\/\/api.w.org\/{rel}","templated":true}]}}