{"id":242788,"date":"2019-03-28T17:22:59","date_gmt":"2024-03-19T16:22:00","guid":{"rendered":"https:\/\/www.staging6.omrserrature.it\/prodotto\/cerradura-de-puerta-o-cajon-longitud-40-mm-doblado-5-mm\/"},"modified":"2026-04-08T11:34:06","modified_gmt":"2026-04-08T09:34:06","slug":"cerradura-de-puerta-o-cajon-longitud-40-mm-doblado-5-mm","status":"publish","type":"product","link":"https:\/\/www.omrserrature.it\/es\/producto\/cerradura-de-puerta-o-cajon-longitud-40-mm-doblado-5-mm\/","title":{"rendered":"Cerradura de puerta o caj\u00f3n &#8211; longitud 40 mm doblado 5 mm"},"content":{"rendered":"<p>La <strong>cerradura de cilindro para muebles<\/strong> est\u00e1 hecha de una aleaci\u00f3n de zinc, y consiste en una placa base redonda dentro de la cual se desliza un perno o pasador, en este caso con una <strong>plegada de 5 mm.<\/strong> La tecnolog\u00eda de l\u00e1minas ofrece una seguridad adecuada al tipo de aplicaci\u00f3n.  El bombin que contiene las placas, en la versi\u00f3n con n\u00facleo extra\u00edble, puede extraerse mediante una llave de extracci\u00f3n especial para poder cambiar r\u00e1pidamente la combinaci\u00f3n.<\/p>\n<p>Tanto la longitud del cilindro como la del perno son de <strong>distintos tama\u00f1os (ver modelo b\u00e1sico con pasador est\u00e1ndar)<\/strong>; esto permite su instalaci\u00f3n en distintos materiales (madera, metal, MDF, etc.) y en distintas posiciones. La versi\u00f3n de pasador reducido, con extremo recortado, permite el cierre aprovechando un orificio en el lateral de la puerta.<\/p>\n<p>Seg\u00fan la posici\u00f3n del pasador, puede instalarse <strong>en las varillas<\/strong> o en <strong>los cajones<\/strong>. De uso com\u00fan en el mundo del mueble de madera y metal, tanto en mobiliario de oficina como de taller. Las vitrinas de una o dos hojas permiten instalar la cerradura en puertas batientes de cristal, por ejemplo, en vitrinas, vitrinas expositoras. Gracias a su facilidad de instalaci\u00f3n y ductilidad, puede colocarse en muebles de laboratorio, hospitales y museos, pero tambi\u00e9n en automatismos o taquillas.<\/p>\n<p><strong>*Si quieres conocer todas las variantes de cuerpo de cerradura disponibles, <a href=\"https:\/\/www.omrserrature.it\/es\/producto\/cerradura-de-puerta-o-cajon\/\" target=\"_blank\" rel=\"noopener\">consulta la p\u00e1gina del modelo b\u00e1sico<\/a>.<\/strong><\/p>\n","protected":false},"excerpt":{"rendered":"<p>La <strong>cerradura de cilindro para muebles<\/strong> est\u00e1 fabricada con una aleaci\u00f3n de zinc, y consta de una placa base redonda en cuyo interior se desliza un cerrojo o pasador, en este caso doblado. Tanto la longitud del cilindro como la del perno est\u00e1n disponibles en <strong>distintos tama\u00f1os<\/strong>; esto permite su instalaci\u00f3n en distintos materiales (madera, metal, MDF, etc.) y en distintas posiciones. <\/p>\n","protected":false},"featured_media":242789,"comment_status":"open","ping_status":"closed","template":"","meta":{"_acf_changed":false,"_et_pb_use_builder":"","_et_pb_old_content":"","_et_gb_content_width":""},"product_brand":[],"product_cat":[3926,3951,3913,3941,3912,3998,3885,3888,3917,3881,3993,3996,3987,3927,3988],"product_tag":[],"class_list":{"0":"post-242788","1":"product","2":"type-product","3":"status-publish","4":"has-post-thumbnail","6":"product_cat-batiente","7":"product_cat-cerraduras-con-llave-maestra","8":"product_cat-cerraduras-de-cajones","9":"product_cat-cerraduras-de-pestillo","10":"product_cat-cerraduras-de-puertas","11":"product_cat-cerraduras-de-puertas-2","12":"product_cat-cerraduras-para-buzones","13":"product_cat-cerraduras-para-muebles","14":"product_cat-cerraduras-para-rotulos","15":"product_cat-cerraduras-profesionales-para-muebles","16":"product_cat-feria","17":"product_cat-oficinas","18":"product_cat-sistemas-de-cierre-para-la-industria","19":"product_cat-solapa","20":"product_cat-tiendas-y-actividades-comerciales","22":"first","23":"instock","24":"shipping-taxable","25":"product-type-simple"},"acf":{"pdf1":"https:\/\/www.omrserrature.it\/wp-content\/uploads\/2019\/03\/Scheda_220300_SPAL04714.pdf"},"yoast_head":"<!-- This site is optimized with the Yoast SEO plugin v27.2 - https:\/\/yoast.com\/product\/yoast-seo-wordpress\/ -->\n<title>Cerradura de puerta o caj\u00f3n - longitud 40 mm doblado 5 mm - OMR Serrature<\/title>\n<meta name=\"robots\" content=\"index, follow, max-snippet:-1, max-image-preview:large, max-video-preview:-1\" \/>\n<link rel=\"canonical\" href=\"https:\/\/www.omrserrature.it\/es\/producto\/cerradura-de-puerta-o-cajon-longitud-40-mm-doblado-5-mm\/\" \/>\n<meta property=\"og:locale\" content=\"es_ES\" \/>\n<meta property=\"og:type\" content=\"article\" \/>\n<meta property=\"og:title\" content=\"Cerradura de puerta o caj\u00f3n - longitud 40 mm doblado 5 mm - OMR Serrature\" \/>\n<meta property=\"og:description\" content=\"La cerradura de cilindro para muebles est\u00e1 fabricada con una aleaci\u00f3n de zinc, y consta de una placa base redonda en cuyo interior se desliza un cerrojo o pasador, en este caso doblado. Tanto la longitud del cilindro como la del perno est\u00e1n disponibles en distintos tama\u00f1os; esto permite su instalaci\u00f3n en distintos materiales (madera, metal, MDF, etc.) y en distintas posiciones.\" \/>\n<meta property=\"og:url\" content=\"https:\/\/www.omrserrature.it\/es\/producto\/cerradura-de-puerta-o-cajon-longitud-40-mm-doblado-5-mm\/\" \/>\n<meta property=\"og:site_name\" content=\"OMR Serrature | Produzione sistemi di chiusura\" \/>\n<meta property=\"article:publisher\" content=\"https:\/\/www.facebook.com\/OMRserrature\" \/>\n<meta property=\"article:modified_time\" content=\"2026-04-08T09:34:06+00:00\" \/>\n<meta property=\"og:image\" content=\"https:\/\/www.omrserrature.it\/wp-content\/uploads\/2019\/03\/OMR-Serratura-anta-cassetto-paletto-int-40-piego-5.png\" \/>\n\t<meta property=\"og:image:width\" content=\"600\" \/>\n\t<meta property=\"og:image:height\" content=\"600\" \/>\n\t<meta property=\"og:image:type\" content=\"image\/png\" \/>\n<meta name=\"twitter:card\" content=\"summary_large_image\" \/>\n<meta name=\"twitter:label1\" content=\"Tiempo de lectura\" \/>\n\t<meta name=\"twitter:data1\" content=\"1 minuto\" \/>\n<script type=\"application\/ld+json\" class=\"yoast-schema-graph\">{\"@context\":\"https:\/\/schema.org\",\"@graph\":[{\"@type\":\"WebPage\",\"@id\":\"https:\/\/www.omrserrature.it\/es\/producto\/cerradura-de-puerta-o-cajon-longitud-40-mm-doblado-5-mm\/\",\"url\":\"https:\/\/www.omrserrature.it\/es\/producto\/cerradura-de-puerta-o-cajon-longitud-40-mm-doblado-5-mm\/\",\"name\":\"Cerradura de puerta o caj\u00f3n - longitud 40 mm doblado 5 mm - OMR Serrature\",\"isPartOf\":{\"@id\":\"https:\/\/www.omrserrature.it\/es\/#website\"},\"primaryImageOfPage\":{\"@id\":\"https:\/\/www.omrserrature.it\/es\/producto\/cerradura-de-puerta-o-cajon-longitud-40-mm-doblado-5-mm\/#primaryimage\"},\"image\":{\"@id\":\"https:\/\/www.omrserrature.it\/es\/producto\/cerradura-de-puerta-o-cajon-longitud-40-mm-doblado-5-mm\/#primaryimage\"},\"thumbnailUrl\":\"https:\/\/www.omrserrature.it\/wp-content\/uploads\/2019\/03\/OMR-Serratura-anta-cassetto-paletto-int-40-piego-5.png\",\"datePublished\":\"2024-03-19T16:22:00+00:00\",\"dateModified\":\"2026-04-08T09:34:06+00:00\",\"breadcrumb\":{\"@id\":\"https:\/\/www.omrserrature.it\/es\/producto\/cerradura-de-puerta-o-cajon-longitud-40-mm-doblado-5-mm\/#breadcrumb\"},\"inLanguage\":\"es\",\"potentialAction\":[{\"@type\":\"ReadAction\",\"target\":[\"https:\/\/www.omrserrature.it\/es\/producto\/cerradura-de-puerta-o-cajon-longitud-40-mm-doblado-5-mm\/\"]}]},{\"@type\":\"ImageObject\",\"inLanguage\":\"es\",\"@id\":\"https:\/\/www.omrserrature.it\/es\/producto\/cerradura-de-puerta-o-cajon-longitud-40-mm-doblado-5-mm\/#primaryimage\",\"url\":\"https:\/\/www.omrserrature.it\/wp-content\/uploads\/2019\/03\/OMR-Serratura-anta-cassetto-paletto-int-40-piego-5.png\",\"contentUrl\":\"https:\/\/www.omrserrature.it\/wp-content\/uploads\/2019\/03\/OMR-Serratura-anta-cassetto-paletto-int-40-piego-5.png\",\"width\":600,\"height\":600,\"caption\":\"Cerradura de puerta o caj\u00f3n - longitudes 40 doblez 5\"},{\"@type\":\"BreadcrumbList\",\"@id\":\"https:\/\/www.omrserrature.it\/es\/producto\/cerradura-de-puerta-o-cajon-longitud-40-mm-doblado-5-mm\/#breadcrumb\",\"itemListElement\":[{\"@type\":\"ListItem\",\"position\":1,\"name\":\"Home\",\"item\":\"https:\/\/www.omrserrature.it\/es\/omr-cerradiras-y-sistemas-de-cierre\/\"},{\"@type\":\"ListItem\",\"position\":2,\"name\":\"Cat\u00e1logo\",\"item\":\"https:\/\/www.omrserrature.it\/catalogo\/?lang=es\"},{\"@type\":\"ListItem\",\"position\":3,\"name\":\"Aplicaciones\",\"item\":\"https:\/\/www.omrserrature.it\/es\/inventario\/aplicaciones\/\"},{\"@type\":\"ListItem\",\"position\":4,\"name\":\"Cerraduras para muebles\",\"item\":\"https:\/\/www.omrserrature.it\/es\/inventario\/aplicaciones\/cerraduras-para-muebles\/\"},{\"@type\":\"ListItem\",\"position\":5,\"name\":\"Cerraduras de puertas\",\"item\":\"https:\/\/www.omrserrature.it\/es\/inventario\/aplicaciones\/cerraduras-para-muebles\/cerraduras-de-puertas-2\/\"},{\"@type\":\"ListItem\",\"position\":6,\"name\":\"Batiente\",\"item\":\"https:\/\/www.omrserrature.it\/es\/inventario\/aplicaciones\/cerraduras-para-muebles\/cerraduras-de-puertas-2\/batiente\/\"},{\"@type\":\"ListItem\",\"position\":7,\"name\":\"Cerradura de puerta o caj\u00f3n &#8211; longitud 40 mm doblado 5 mm\"}]},{\"@type\":\"WebSite\",\"@id\":\"https:\/\/www.omrserrature.it\/es\/#website\",\"url\":\"https:\/\/www.omrserrature.it\/es\/\",\"name\":\"OMR Serrature | Produzione sistemi di chiusura\",\"description\":\"Produzione serrature di sicurezza e sistemi di chiusura\",\"publisher\":{\"@id\":\"https:\/\/www.omrserrature.it\/es\/#organization\"},\"potentialAction\":[{\"@type\":\"SearchAction\",\"target\":{\"@type\":\"EntryPoint\",\"urlTemplate\":\"https:\/\/www.omrserrature.it\/es\/?s={search_term_string}\"},\"query-input\":{\"@type\":\"PropertyValueSpecification\",\"valueRequired\":true,\"valueName\":\"search_term_string\"}}],\"inLanguage\":\"es\"},{\"@type\":\"Organization\",\"@id\":\"https:\/\/www.omrserrature.it\/es\/#organization\",\"name\":\"OMR Serrature | Produzione sistemi di chiusura\",\"url\":\"https:\/\/www.omrserrature.it\/es\/\",\"logo\":{\"@type\":\"ImageObject\",\"inLanguage\":\"es\",\"@id\":\"https:\/\/www.omrserrature.it\/es\/#\/schema\/logo\/image\/\",\"url\":\"https:\/\/www.omrserrature.it\/wp-content\/uploads\/2017\/09\/favicon-omr-114.png\",\"contentUrl\":\"https:\/\/www.omrserrature.it\/wp-content\/uploads\/2017\/09\/favicon-omr-114.png\",\"width\":114,\"height\":114,\"caption\":\"OMR Serrature | Produzione sistemi di chiusura\"},\"image\":{\"@id\":\"https:\/\/www.omrserrature.it\/es\/#\/schema\/logo\/image\/\"},\"sameAs\":[\"https:\/\/www.facebook.com\/OMRserrature\",\"https:\/\/www.linkedin.com\/company\/omrserrature\/\",\"https:\/\/www.youtube.com\/channel\/UCxmA85z2R0EpG_6IRokiAkg\"]}]}<\/script>\n<!-- \/ Yoast SEO plugin. -->","yoast_head_json":{"title":"Cerradura de puerta o caj\u00f3n - longitud 40 mm doblado 5 mm - OMR Serrature","robots":{"index":"index","follow":"follow","max-snippet":"max-snippet:-1","max-image-preview":"max-image-preview:large","max-video-preview":"max-video-preview:-1"},"canonical":"https:\/\/www.omrserrature.it\/es\/producto\/cerradura-de-puerta-o-cajon-longitud-40-mm-doblado-5-mm\/","og_locale":"es_ES","og_type":"article","og_title":"Cerradura de puerta o caj\u00f3n - longitud 40 mm doblado 5 mm - OMR Serrature","og_description":"La cerradura de cilindro para muebles est\u00e1 fabricada con una aleaci\u00f3n de zinc, y consta de una placa base redonda en cuyo interior se desliza un cerrojo o pasador, en este caso doblado. Tanto la longitud del cilindro como la del perno est\u00e1n disponibles en distintos tama\u00f1os; esto permite su instalaci\u00f3n en distintos materiales (madera, metal, MDF, etc.) y en distintas posiciones.","og_url":"https:\/\/www.omrserrature.it\/es\/producto\/cerradura-de-puerta-o-cajon-longitud-40-mm-doblado-5-mm\/","og_site_name":"OMR Serrature | Produzione sistemi di chiusura","article_publisher":"https:\/\/www.facebook.com\/OMRserrature","article_modified_time":"2026-04-08T09:34:06+00:00","og_image":[{"width":600,"height":600,"url":"https:\/\/www.omrserrature.it\/wp-content\/uploads\/2019\/03\/OMR-Serratura-anta-cassetto-paletto-int-40-piego-5.png","type":"image\/png"}],"twitter_card":"summary_large_image","twitter_misc":{"Tiempo de lectura":"1 minuto"},"schema":{"@context":"https:\/\/schema.org","@graph":[{"@type":"WebPage","@id":"https:\/\/www.omrserrature.it\/es\/producto\/cerradura-de-puerta-o-cajon-longitud-40-mm-doblado-5-mm\/","url":"https:\/\/www.omrserrature.it\/es\/producto\/cerradura-de-puerta-o-cajon-longitud-40-mm-doblado-5-mm\/","name":"Cerradura de puerta o caj\u00f3n - longitud 40 mm doblado 5 mm - OMR Serrature","isPartOf":{"@id":"https:\/\/www.omrserrature.it\/es\/#website"},"primaryImageOfPage":{"@id":"https:\/\/www.omrserrature.it\/es\/producto\/cerradura-de-puerta-o-cajon-longitud-40-mm-doblado-5-mm\/#primaryimage"},"image":{"@id":"https:\/\/www.omrserrature.it\/es\/producto\/cerradura-de-puerta-o-cajon-longitud-40-mm-doblado-5-mm\/#primaryimage"},"thumbnailUrl":"https:\/\/www.omrserrature.it\/wp-content\/uploads\/2019\/03\/OMR-Serratura-anta-cassetto-paletto-int-40-piego-5.png","datePublished":"2024-03-19T16:22:00+00:00","dateModified":"2026-04-08T09:34:06+00:00","breadcrumb":{"@id":"https:\/\/www.omrserrature.it\/es\/producto\/cerradura-de-puerta-o-cajon-longitud-40-mm-doblado-5-mm\/#breadcrumb"},"inLanguage":"es","potentialAction":[{"@type":"ReadAction","target":["https:\/\/www.omrserrature.it\/es\/producto\/cerradura-de-puerta-o-cajon-longitud-40-mm-doblado-5-mm\/"]}]},{"@type":"ImageObject","inLanguage":"es","@id":"https:\/\/www.omrserrature.it\/es\/producto\/cerradura-de-puerta-o-cajon-longitud-40-mm-doblado-5-mm\/#primaryimage","url":"https:\/\/www.omrserrature.it\/wp-content\/uploads\/2019\/03\/OMR-Serratura-anta-cassetto-paletto-int-40-piego-5.png","contentUrl":"https:\/\/www.omrserrature.it\/wp-content\/uploads\/2019\/03\/OMR-Serratura-anta-cassetto-paletto-int-40-piego-5.png","width":600,"height":600,"caption":"Cerradura de puerta o caj\u00f3n - longitudes 40 doblez 5"},{"@type":"BreadcrumbList","@id":"https:\/\/www.omrserrature.it\/es\/producto\/cerradura-de-puerta-o-cajon-longitud-40-mm-doblado-5-mm\/#breadcrumb","itemListElement":[{"@type":"ListItem","position":1,"name":"Home","item":"https:\/\/www.omrserrature.it\/es\/omr-cerradiras-y-sistemas-de-cierre\/"},{"@type":"ListItem","position":2,"name":"Cat\u00e1logo","item":"https:\/\/www.omrserrature.it\/catalogo\/?lang=es"},{"@type":"ListItem","position":3,"name":"Aplicaciones","item":"https:\/\/www.omrserrature.it\/es\/inventario\/aplicaciones\/"},{"@type":"ListItem","position":4,"name":"Cerraduras para muebles","item":"https:\/\/www.omrserrature.it\/es\/inventario\/aplicaciones\/cerraduras-para-muebles\/"},{"@type":"ListItem","position":5,"name":"Cerraduras de puertas","item":"https:\/\/www.omrserrature.it\/es\/inventario\/aplicaciones\/cerraduras-para-muebles\/cerraduras-de-puertas-2\/"},{"@type":"ListItem","position":6,"name":"Batiente","item":"https:\/\/www.omrserrature.it\/es\/inventario\/aplicaciones\/cerraduras-para-muebles\/cerraduras-de-puertas-2\/batiente\/"},{"@type":"ListItem","position":7,"name":"Cerradura de puerta o caj\u00f3n &#8211; longitud 40 mm doblado 5 mm"}]},{"@type":"WebSite","@id":"https:\/\/www.omrserrature.it\/es\/#website","url":"https:\/\/www.omrserrature.it\/es\/","name":"OMR Serrature | Produzione sistemi di chiusura","description":"Produzione serrature di sicurezza e sistemi di chiusura","publisher":{"@id":"https:\/\/www.omrserrature.it\/es\/#organization"},"potentialAction":[{"@type":"SearchAction","target":{"@type":"EntryPoint","urlTemplate":"https:\/\/www.omrserrature.it\/es\/?s={search_term_string}"},"query-input":{"@type":"PropertyValueSpecification","valueRequired":true,"valueName":"search_term_string"}}],"inLanguage":"es"},{"@type":"Organization","@id":"https:\/\/www.omrserrature.it\/es\/#organization","name":"OMR Serrature | Produzione sistemi di chiusura","url":"https:\/\/www.omrserrature.it\/es\/","logo":{"@type":"ImageObject","inLanguage":"es","@id":"https:\/\/www.omrserrature.it\/es\/#\/schema\/logo\/image\/","url":"https:\/\/www.omrserrature.it\/wp-content\/uploads\/2017\/09\/favicon-omr-114.png","contentUrl":"https:\/\/www.omrserrature.it\/wp-content\/uploads\/2017\/09\/favicon-omr-114.png","width":114,"height":114,"caption":"OMR Serrature | Produzione sistemi di chiusura"},"image":{"@id":"https:\/\/www.omrserrature.it\/es\/#\/schema\/logo\/image\/"},"sameAs":["https:\/\/www.facebook.com\/OMRserrature","https:\/\/www.linkedin.com\/company\/omrserrature\/","https:\/\/www.youtube.com\/channel\/UCxmA85z2R0EpG_6IRokiAkg"]}]}},"_links":{"self":[{"href":"https:\/\/www.omrserrature.it\/es\/wp-json\/wp\/v2\/product\/242788","targetHints":{"allow":["GET"]}}],"collection":[{"href":"https:\/\/www.omrserrature.it\/es\/wp-json\/wp\/v2\/product"}],"about":[{"href":"https:\/\/www.omrserrature.it\/es\/wp-json\/wp\/v2\/types\/product"}],"replies":[{"embeddable":true,"href":"https:\/\/www.omrserrature.it\/es\/wp-json\/wp\/v2\/comments?post=242788"}],"wp:featuredmedia":[{"embeddable":true,"href":"https:\/\/www.omrserrature.it\/es\/wp-json\/wp\/v2\/media\/242789"}],"wp:attachment":[{"href":"https:\/\/www.omrserrature.it\/es\/wp-json\/wp\/v2\/media?parent=242788"}],"wp:term":[{"taxonomy":"product_brand","embeddable":true,"href":"https:\/\/www.omrserrature.it\/es\/wp-json\/wp\/v2\/product_brand?post=242788"},{"taxonomy":"product_cat","embeddable":true,"href":"https:\/\/www.omrserrature.it\/es\/wp-json\/wp\/v2\/product_cat?post=242788"},{"taxonomy":"product_tag","embeddable":true,"href":"https:\/\/www.omrserrature.it\/es\/wp-json\/wp\/v2\/product_tag?post=242788"}],"curies":[{"name":"wp","href":"https:\/\/api.w.org\/{rel}","templated":true}]}}