{"id":242782,"date":"2018-02-15T11:56:39","date_gmt":"2015-02-18T10:56:00","guid":{"rendered":"https:\/\/www.staging6.omrserrature.it\/prodotto\/cerradura-de-puerta-o-cajon-cerrojo-largo\/"},"modified":"2026-04-08T12:01:24","modified_gmt":"2026-04-08T10:01:24","slug":"cerradura-de-puerta-o-cajon-cerrojo-largo","status":"publish","type":"product","link":"https:\/\/www.omrserrature.it\/es\/producto\/cerradura-de-puerta-o-cajon-cerrojo-largo\/","title":{"rendered":"Cerradura de puerta o caj\u00f3n &#8211; cerrojo largo"},"content":{"rendered":"<p>La <strong>cerradura de cilindro para muebles<\/strong> est\u00e1 fabricada en aleaci\u00f3n de zinc, y consta de una base redonda en cuyo interior se desliza un <strong>perno o pasador<\/strong>, que en este caso es <strong>m\u00e1s largo (40 mm\/53 mm)<\/strong> que el est\u00e1ndar. La tecnolog\u00eda de l\u00e1minas ofrece un nivel de seguridad adecuado al tipo de aplicaci\u00f3n. El bombin que contiene las lamas, en la version con nucleo extraible, puede extraerse con una llave de extraccion especial para poder cambiar la combinacion rapidamente.  <\/p>\n<p>Tanto el cilindro como el cerrojo est\u00e1n disponibles en<strong> distintos tama\u00f1os para permitir su instalaci\u00f3n en distintos materiales (madera, metal, MDF, etc.)<\/strong> y en distintas posiciones. La versi\u00f3n de pasador reducido, con extremo recortado, permite el cierre aprovechando un orificio en el lateral de la puerta.<\/p>\n<p>Seg\u00fan la posici\u00f3n del pasador, puede instalarse <strong>en varillas<\/strong> y <strong>cajones<\/strong>. De uso com\u00fan en el mundo del mueble de madera y metal, tanto en mobiliario de oficina como de taller. Los chapetones de una o dos puertas permiten instalar la cerradura en puertas de cristal con bisagras, por ejemplo, en vitrinas, vitrinas y expositores. Gracias a su facilidad de instalaci\u00f3n y ductilidad, puede colocarse en muebles de laboratorio, hospitales y museos, as\u00ed como en taquillas. <\/p>\n<p><strong><a href=\"https:\/\/www.omrserrature.it\/es\/producto\/cerradura-de-puerta-o-cajon\/\" target=\"_blank\" rel=\"noopener\">Consulta la p\u00e1gina del modelo b\u00e1sico<\/a> para ver todas las variantes de cuerpos de cerradura disponibles.<\/strong><\/p>\n","protected":false},"excerpt":{"rendered":"<p>La <strong>cerradura de cilindro para muebles<\/strong> es de aleaci\u00f3n de zinc, y consta de una base redonda en cuyo interior se desliza un <strong>perno o pasador<\/strong>, que en este caso es <strong>m\u00e1s largo (40 mm\/53 mm)<\/strong> que el est\u00e1ndar.<\/p>\n","protected":false},"featured_media":8049,"comment_status":"open","ping_status":"closed","template":"","meta":{"_acf_changed":false,"_et_pb_use_builder":"","_et_pb_old_content":"","_et_gb_content_width":""},"product_brand":[],"product_cat":[3926,3951,3941,3912,3998,3885,3888,3881,3993,3996,3987,3988],"product_tag":[],"class_list":{"0":"post-242782","1":"product","2":"type-product","3":"status-publish","4":"has-post-thumbnail","6":"product_cat-batiente","7":"product_cat-cerraduras-con-llave-maestra","8":"product_cat-cerraduras-de-pestillo","9":"product_cat-cerraduras-de-puertas","10":"product_cat-cerraduras-de-puertas-2","11":"product_cat-cerraduras-para-buzones","12":"product_cat-cerraduras-para-muebles","13":"product_cat-cerraduras-profesionales-para-muebles","14":"product_cat-feria","15":"product_cat-oficinas","16":"product_cat-sistemas-de-cierre-para-la-industria","17":"product_cat-tiendas-y-actividades-comerciales","19":"first","20":"instock","21":"shipping-taxable","22":"purchasable","23":"product-type-variable"},"acf":{"pdf1":"https:\/\/www.omrserrature.it\/wp-content\/uploads\/2018\/02\/Scheda_220302_SPAL04235.pdf"},"yoast_head":"<!-- This site is optimized with the Yoast SEO plugin v27.2 - https:\/\/yoast.com\/product\/yoast-seo-wordpress\/ -->\n<title>Cerradura de puerta o caj\u00f3n - cerrojo largo - OMR Serrature<\/title>\n<meta name=\"robots\" content=\"index, follow, max-snippet:-1, max-image-preview:large, max-video-preview:-1\" \/>\n<link rel=\"canonical\" href=\"https:\/\/www.omrserrature.it\/es\/producto\/cerradura-de-puerta-o-cajon-cerrojo-largo\/\" \/>\n<meta property=\"og:locale\" content=\"es_ES\" \/>\n<meta property=\"og:type\" content=\"article\" \/>\n<meta property=\"og:title\" content=\"Cerradura de puerta o caj\u00f3n - cerrojo largo - OMR Serrature\" \/>\n<meta property=\"og:description\" content=\"La cerradura de cilindro para muebles es de aleaci\u00f3n de zinc, y consta de una base redonda en cuyo interior se desliza un perno o pasador, que en este caso es m\u00e1s largo (40 mm\/53 mm) que el est\u00e1ndar.\" \/>\n<meta property=\"og:url\" content=\"https:\/\/www.omrserrature.it\/es\/producto\/cerradura-de-puerta-o-cajon-cerrojo-largo\/\" \/>\n<meta property=\"og:site_name\" content=\"OMR Serrature | Produzione sistemi di chiusura\" \/>\n<meta property=\"article:publisher\" content=\"https:\/\/www.facebook.com\/OMRserrature\" \/>\n<meta property=\"article:modified_time\" content=\"2026-04-08T10:01:24+00:00\" \/>\n<meta property=\"og:image\" content=\"https:\/\/www.omrserrature.it\/wp-content\/uploads\/2018\/02\/SPAL04235.jpg\" \/>\n\t<meta property=\"og:image:width\" content=\"398\" \/>\n\t<meta property=\"og:image:height\" content=\"287\" \/>\n\t<meta property=\"og:image:type\" content=\"image\/jpeg\" \/>\n<meta name=\"twitter:card\" content=\"summary_large_image\" \/>\n<meta name=\"twitter:label1\" content=\"Tiempo de lectura\" \/>\n\t<meta name=\"twitter:data1\" content=\"1 minuto\" \/>\n<script type=\"application\/ld+json\" class=\"yoast-schema-graph\">{\"@context\":\"https:\/\/schema.org\",\"@graph\":[{\"@type\":\"WebPage\",\"@id\":\"https:\/\/www.omrserrature.it\/es\/producto\/cerradura-de-puerta-o-cajon-cerrojo-largo\/\",\"url\":\"https:\/\/www.omrserrature.it\/es\/producto\/cerradura-de-puerta-o-cajon-cerrojo-largo\/\",\"name\":\"Cerradura de puerta o caj\u00f3n - cerrojo largo - OMR Serrature\",\"isPartOf\":{\"@id\":\"https:\/\/www.omrserrature.it\/es\/#website\"},\"primaryImageOfPage\":{\"@id\":\"https:\/\/www.omrserrature.it\/es\/producto\/cerradura-de-puerta-o-cajon-cerrojo-largo\/#primaryimage\"},\"image\":{\"@id\":\"https:\/\/www.omrserrature.it\/es\/producto\/cerradura-de-puerta-o-cajon-cerrojo-largo\/#primaryimage\"},\"thumbnailUrl\":\"https:\/\/www.omrserrature.it\/wp-content\/uploads\/2018\/02\/SPAL04235.jpg\",\"datePublished\":\"2015-02-18T10:56:00+00:00\",\"dateModified\":\"2026-04-08T10:01:24+00:00\",\"breadcrumb\":{\"@id\":\"https:\/\/www.omrserrature.it\/es\/producto\/cerradura-de-puerta-o-cajon-cerrojo-largo\/#breadcrumb\"},\"inLanguage\":\"es\",\"potentialAction\":[{\"@type\":\"ReadAction\",\"target\":[\"https:\/\/www.omrserrature.it\/es\/producto\/cerradura-de-puerta-o-cajon-cerrojo-largo\/\"]}]},{\"@type\":\"ImageObject\",\"inLanguage\":\"es\",\"@id\":\"https:\/\/www.omrserrature.it\/es\/producto\/cerradura-de-puerta-o-cajon-cerrojo-largo\/#primaryimage\",\"url\":\"https:\/\/www.omrserrature.it\/wp-content\/uploads\/2018\/02\/SPAL04235.jpg\",\"contentUrl\":\"https:\/\/www.omrserrature.it\/wp-content\/uploads\/2018\/02\/SPAL04235.jpg\",\"width\":398,\"height\":287,\"caption\":\"Cerradura de bombillo para puerta o caj\u00f3n - longitudes 40 - SPAL04235\"},{\"@type\":\"BreadcrumbList\",\"@id\":\"https:\/\/www.omrserrature.it\/es\/producto\/cerradura-de-puerta-o-cajon-cerrojo-largo\/#breadcrumb\",\"itemListElement\":[{\"@type\":\"ListItem\",\"position\":1,\"name\":\"Home\",\"item\":\"https:\/\/www.omrserrature.it\/es\/omr-cerradiras-y-sistemas-de-cierre\/\"},{\"@type\":\"ListItem\",\"position\":2,\"name\":\"Cat\u00e1logo\",\"item\":\"https:\/\/www.omrserrature.it\/catalogo\/?lang=es\"},{\"@type\":\"ListItem\",\"position\":3,\"name\":\"Aplicaciones\",\"item\":\"https:\/\/www.omrserrature.it\/es\/inventario\/aplicaciones\/\"},{\"@type\":\"ListItem\",\"position\":4,\"name\":\"Cerraduras para muebles\",\"item\":\"https:\/\/www.omrserrature.it\/es\/inventario\/aplicaciones\/cerraduras-para-muebles\/\"},{\"@type\":\"ListItem\",\"position\":5,\"name\":\"Cerraduras de puertas\",\"item\":\"https:\/\/www.omrserrature.it\/es\/inventario\/aplicaciones\/cerraduras-para-muebles\/cerraduras-de-puertas-2\/\"},{\"@type\":\"ListItem\",\"position\":6,\"name\":\"Batiente\",\"item\":\"https:\/\/www.omrserrature.it\/es\/inventario\/aplicaciones\/cerraduras-para-muebles\/cerraduras-de-puertas-2\/batiente\/\"},{\"@type\":\"ListItem\",\"position\":7,\"name\":\"Cerradura de puerta o caj\u00f3n &#8211; cerrojo largo\"}]},{\"@type\":\"WebSite\",\"@id\":\"https:\/\/www.omrserrature.it\/es\/#website\",\"url\":\"https:\/\/www.omrserrature.it\/es\/\",\"name\":\"OMR Serrature | Produzione sistemi di chiusura\",\"description\":\"Produzione serrature di sicurezza e sistemi di chiusura\",\"publisher\":{\"@id\":\"https:\/\/www.omrserrature.it\/es\/#organization\"},\"potentialAction\":[{\"@type\":\"SearchAction\",\"target\":{\"@type\":\"EntryPoint\",\"urlTemplate\":\"https:\/\/www.omrserrature.it\/es\/?s={search_term_string}\"},\"query-input\":{\"@type\":\"PropertyValueSpecification\",\"valueRequired\":true,\"valueName\":\"search_term_string\"}}],\"inLanguage\":\"es\"},{\"@type\":\"Organization\",\"@id\":\"https:\/\/www.omrserrature.it\/es\/#organization\",\"name\":\"OMR Serrature | Produzione sistemi di chiusura\",\"url\":\"https:\/\/www.omrserrature.it\/es\/\",\"logo\":{\"@type\":\"ImageObject\",\"inLanguage\":\"es\",\"@id\":\"https:\/\/www.omrserrature.it\/es\/#\/schema\/logo\/image\/\",\"url\":\"https:\/\/www.omrserrature.it\/wp-content\/uploads\/2017\/09\/favicon-omr-114.png\",\"contentUrl\":\"https:\/\/www.omrserrature.it\/wp-content\/uploads\/2017\/09\/favicon-omr-114.png\",\"width\":114,\"height\":114,\"caption\":\"OMR Serrature | Produzione sistemi di chiusura\"},\"image\":{\"@id\":\"https:\/\/www.omrserrature.it\/es\/#\/schema\/logo\/image\/\"},\"sameAs\":[\"https:\/\/www.facebook.com\/OMRserrature\",\"https:\/\/www.linkedin.com\/company\/omrserrature\/\",\"https:\/\/www.youtube.com\/channel\/UCxmA85z2R0EpG_6IRokiAkg\"]}]}<\/script>\n<!-- \/ Yoast SEO plugin. -->","yoast_head_json":{"title":"Cerradura de puerta o caj\u00f3n - cerrojo largo - OMR Serrature","robots":{"index":"index","follow":"follow","max-snippet":"max-snippet:-1","max-image-preview":"max-image-preview:large","max-video-preview":"max-video-preview:-1"},"canonical":"https:\/\/www.omrserrature.it\/es\/producto\/cerradura-de-puerta-o-cajon-cerrojo-largo\/","og_locale":"es_ES","og_type":"article","og_title":"Cerradura de puerta o caj\u00f3n - cerrojo largo - OMR Serrature","og_description":"La cerradura de cilindro para muebles es de aleaci\u00f3n de zinc, y consta de una base redonda en cuyo interior se desliza un perno o pasador, que en este caso es m\u00e1s largo (40 mm\/53 mm) que el est\u00e1ndar.","og_url":"https:\/\/www.omrserrature.it\/es\/producto\/cerradura-de-puerta-o-cajon-cerrojo-largo\/","og_site_name":"OMR Serrature | Produzione sistemi di chiusura","article_publisher":"https:\/\/www.facebook.com\/OMRserrature","article_modified_time":"2026-04-08T10:01:24+00:00","og_image":[{"width":398,"height":287,"url":"https:\/\/www.omrserrature.it\/wp-content\/uploads\/2018\/02\/SPAL04235.jpg","type":"image\/jpeg"}],"twitter_card":"summary_large_image","twitter_misc":{"Tiempo de lectura":"1 minuto"},"schema":{"@context":"https:\/\/schema.org","@graph":[{"@type":"WebPage","@id":"https:\/\/www.omrserrature.it\/es\/producto\/cerradura-de-puerta-o-cajon-cerrojo-largo\/","url":"https:\/\/www.omrserrature.it\/es\/producto\/cerradura-de-puerta-o-cajon-cerrojo-largo\/","name":"Cerradura de puerta o caj\u00f3n - cerrojo largo - OMR Serrature","isPartOf":{"@id":"https:\/\/www.omrserrature.it\/es\/#website"},"primaryImageOfPage":{"@id":"https:\/\/www.omrserrature.it\/es\/producto\/cerradura-de-puerta-o-cajon-cerrojo-largo\/#primaryimage"},"image":{"@id":"https:\/\/www.omrserrature.it\/es\/producto\/cerradura-de-puerta-o-cajon-cerrojo-largo\/#primaryimage"},"thumbnailUrl":"https:\/\/www.omrserrature.it\/wp-content\/uploads\/2018\/02\/SPAL04235.jpg","datePublished":"2015-02-18T10:56:00+00:00","dateModified":"2026-04-08T10:01:24+00:00","breadcrumb":{"@id":"https:\/\/www.omrserrature.it\/es\/producto\/cerradura-de-puerta-o-cajon-cerrojo-largo\/#breadcrumb"},"inLanguage":"es","potentialAction":[{"@type":"ReadAction","target":["https:\/\/www.omrserrature.it\/es\/producto\/cerradura-de-puerta-o-cajon-cerrojo-largo\/"]}]},{"@type":"ImageObject","inLanguage":"es","@id":"https:\/\/www.omrserrature.it\/es\/producto\/cerradura-de-puerta-o-cajon-cerrojo-largo\/#primaryimage","url":"https:\/\/www.omrserrature.it\/wp-content\/uploads\/2018\/02\/SPAL04235.jpg","contentUrl":"https:\/\/www.omrserrature.it\/wp-content\/uploads\/2018\/02\/SPAL04235.jpg","width":398,"height":287,"caption":"Cerradura de bombillo para puerta o caj\u00f3n - longitudes 40 - SPAL04235"},{"@type":"BreadcrumbList","@id":"https:\/\/www.omrserrature.it\/es\/producto\/cerradura-de-puerta-o-cajon-cerrojo-largo\/#breadcrumb","itemListElement":[{"@type":"ListItem","position":1,"name":"Home","item":"https:\/\/www.omrserrature.it\/es\/omr-cerradiras-y-sistemas-de-cierre\/"},{"@type":"ListItem","position":2,"name":"Cat\u00e1logo","item":"https:\/\/www.omrserrature.it\/catalogo\/?lang=es"},{"@type":"ListItem","position":3,"name":"Aplicaciones","item":"https:\/\/www.omrserrature.it\/es\/inventario\/aplicaciones\/"},{"@type":"ListItem","position":4,"name":"Cerraduras para muebles","item":"https:\/\/www.omrserrature.it\/es\/inventario\/aplicaciones\/cerraduras-para-muebles\/"},{"@type":"ListItem","position":5,"name":"Cerraduras de puertas","item":"https:\/\/www.omrserrature.it\/es\/inventario\/aplicaciones\/cerraduras-para-muebles\/cerraduras-de-puertas-2\/"},{"@type":"ListItem","position":6,"name":"Batiente","item":"https:\/\/www.omrserrature.it\/es\/inventario\/aplicaciones\/cerraduras-para-muebles\/cerraduras-de-puertas-2\/batiente\/"},{"@type":"ListItem","position":7,"name":"Cerradura de puerta o caj\u00f3n &#8211; cerrojo largo"}]},{"@type":"WebSite","@id":"https:\/\/www.omrserrature.it\/es\/#website","url":"https:\/\/www.omrserrature.it\/es\/","name":"OMR Serrature | Produzione sistemi di chiusura","description":"Produzione serrature di sicurezza e sistemi di chiusura","publisher":{"@id":"https:\/\/www.omrserrature.it\/es\/#organization"},"potentialAction":[{"@type":"SearchAction","target":{"@type":"EntryPoint","urlTemplate":"https:\/\/www.omrserrature.it\/es\/?s={search_term_string}"},"query-input":{"@type":"PropertyValueSpecification","valueRequired":true,"valueName":"search_term_string"}}],"inLanguage":"es"},{"@type":"Organization","@id":"https:\/\/www.omrserrature.it\/es\/#organization","name":"OMR Serrature | Produzione sistemi di chiusura","url":"https:\/\/www.omrserrature.it\/es\/","logo":{"@type":"ImageObject","inLanguage":"es","@id":"https:\/\/www.omrserrature.it\/es\/#\/schema\/logo\/image\/","url":"https:\/\/www.omrserrature.it\/wp-content\/uploads\/2017\/09\/favicon-omr-114.png","contentUrl":"https:\/\/www.omrserrature.it\/wp-content\/uploads\/2017\/09\/favicon-omr-114.png","width":114,"height":114,"caption":"OMR Serrature | Produzione sistemi di chiusura"},"image":{"@id":"https:\/\/www.omrserrature.it\/es\/#\/schema\/logo\/image\/"},"sameAs":["https:\/\/www.facebook.com\/OMRserrature","https:\/\/www.linkedin.com\/company\/omrserrature\/","https:\/\/www.youtube.com\/channel\/UCxmA85z2R0EpG_6IRokiAkg"]}]}},"_links":{"self":[{"href":"https:\/\/www.omrserrature.it\/es\/wp-json\/wp\/v2\/product\/242782","targetHints":{"allow":["GET"]}}],"collection":[{"href":"https:\/\/www.omrserrature.it\/es\/wp-json\/wp\/v2\/product"}],"about":[{"href":"https:\/\/www.omrserrature.it\/es\/wp-json\/wp\/v2\/types\/product"}],"replies":[{"embeddable":true,"href":"https:\/\/www.omrserrature.it\/es\/wp-json\/wp\/v2\/comments?post=242782"}],"wp:featuredmedia":[{"embeddable":true,"href":"https:\/\/www.omrserrature.it\/es\/wp-json\/wp\/v2\/media\/8049"}],"wp:attachment":[{"href":"https:\/\/www.omrserrature.it\/es\/wp-json\/wp\/v2\/media?parent=242782"}],"wp:term":[{"taxonomy":"product_brand","embeddable":true,"href":"https:\/\/www.omrserrature.it\/es\/wp-json\/wp\/v2\/product_brand?post=242782"},{"taxonomy":"product_cat","embeddable":true,"href":"https:\/\/www.omrserrature.it\/es\/wp-json\/wp\/v2\/product_cat?post=242782"},{"taxonomy":"product_tag","embeddable":true,"href":"https:\/\/www.omrserrature.it\/es\/wp-json\/wp\/v2\/product_tag?post=242782"}],"curies":[{"name":"wp","href":"https:\/\/api.w.org\/{rel}","templated":true}]}}