{"id":242753,"date":"2017-10-16T13:39:00","date_gmt":"2016-10-17T11:39:00","guid":{"rendered":"https:\/\/www.staging6.omrserrature.it\/prodotto\/cerradura-de-puerta-o-cajon\/"},"modified":"2026-04-08T12:23:54","modified_gmt":"2026-04-08T10:23:54","slug":"cerradura-de-puerta-o-cajon","status":"publish","type":"product","link":"https:\/\/www.omrserrature.it\/es\/producto\/cerradura-de-puerta-o-cajon\/","title":{"rendered":"Cerradura de puerta o caj\u00f3n"},"content":{"rendered":"<p>La <strong>cerradura de cilindro para muebles<\/strong> est\u00e1 fabricada con una aleaci\u00f3n de zinc, formada por una base redonda en cuyo interior se desliza un cerrojo o pasador. La tecnolog\u00eda de l\u00e1minas ofrece un nivel de seguridad adecuado al tipo de aplicaci\u00f3n. En la versi\u00f3n con n\u00facleo extra\u00edble, el bombin puede extraerse con una llave especial para cambiar r\u00e1pidamente la combinaci\u00f3n.  <\/p>\n<p>Tanto el cilindro como el cerrojo est\u00e1n disponibles en<strong> distintos tama\u00f1os para permitir su instalaci\u00f3n en distintos materiales (madera, metal, MDF, etc.)<\/strong> y en distintas posiciones. La versi\u00f3n de pasador reducido, con extremo recortado, permite el cierre aprovechando un orificio en el lateral de la puerta. <\/p>\n<p>Seg\u00fan la posici\u00f3n del pasador, la cerradura puede instalarse <strong>en varillas<\/strong> y <strong>cajones<\/strong>. Se utilizan habitualmente en muebles de <strong>madera y metal<\/strong>, tanto de oficina como de taller. Los chapetones de una o dos puertas tambi\u00e9n permiten instalar la cerradura en puertas batientes de cristal, por ejemplo en vitrinas, escaparates y expositores. Gracias a su facilidad de instalaci\u00f3n y flexibilidad, puede colocarse en muebles de taller, colectividades, hospitales y museos, as\u00ed como en automatismos o taquillas.   <\/p>\n","protected":false},"excerpt":{"rendered":"<p>La <strong>cerradura de cilindro para muebles<\/strong> est\u00e1 hecha de aleaci\u00f3n de zinc y es perfecta para todas las <strong>varillas y cajones<\/strong>. Consta de una base redonda en la que se desliza un cerrojo o pasador.  Tanto el cilindro como el cerrojo est\u00e1n disponibles en<strong> distintos tama\u00f1os para permitir su instalaci\u00f3n en distintos materiales (madera, metal, MDF, etc.)<\/strong> y en distintas posiciones. La versi\u00f3n de pasador reducido, con extremo recortado, permite el cierre aprovechando un orificio en el lateral de la puerta. <\/p>\n","protected":false},"featured_media":3579,"comment_status":"open","ping_status":"closed","template":"","meta":{"_acf_changed":false,"_et_pb_use_builder":"","_et_pb_old_content":"","_et_gb_content_width":""},"product_brand":[],"product_cat":[3926,3943,3951,3913,3941,3998,3912,3897,3914,3883,3888,3917,3919,3881,3992,3993,3994,3996,3987,3927],"product_tag":[],"class_list":{"0":"post-242753","1":"product","2":"type-product","3":"status-publish","4":"has-post-thumbnail","6":"product_cat-batiente","7":"product_cat-cerraduras-con-bombin-extraible","8":"product_cat-cerraduras-con-llave-maestra","9":"product_cat-cerraduras-de-cajones","10":"product_cat-cerraduras-de-pestillo","11":"product_cat-cerraduras-de-puertas-2","12":"product_cat-cerraduras-de-puertas","13":"product_cat-cerraduras-para-bancos-de-trabajo","14":"product_cat-cerraduras-para-cajoneras","15":"product_cat-cerraduras-para-carros-profesionales","16":"product_cat-cerraduras-para-muebles","17":"product_cat-cerraduras-para-rotulos","18":"product_cat-cerraduras-para-vitrinas","19":"product_cat-cerraduras-profesionales-para-muebles","20":"product_cat-educativos-y-culturales","21":"product_cat-feria","22":"product_cat-hospital-y-sanidad","23":"product_cat-oficinas","24":"product_cat-sistemas-de-cierre-para-la-industria","25":"product_cat-solapa","27":"first","28":"instock","29":"shipping-taxable","30":"purchasable","31":"product-type-variable","32":"has-default-attributes"},"acf":{"pdf1":"https:\/\/www.omrserrature.it\/wp-content\/uploads\/schede\/Scheda_220300.pdf"},"yoast_head":"<!-- This site is optimized with the Yoast SEO plugin v27.2 - https:\/\/yoast.com\/product\/yoast-seo-wordpress\/ -->\n<title>Cerradura de puerta o caj\u00f3n - OMR Serrature<\/title>\n<meta name=\"robots\" content=\"index, follow, max-snippet:-1, max-image-preview:large, max-video-preview:-1\" \/>\n<link rel=\"canonical\" href=\"https:\/\/www.omrserrature.it\/es\/producto\/cerradura-de-puerta-o-cajon\/\" \/>\n<meta property=\"og:locale\" content=\"es_ES\" \/>\n<meta property=\"og:type\" content=\"article\" \/>\n<meta property=\"og:title\" content=\"Cerradura de puerta o caj\u00f3n - OMR Serrature\" \/>\n<meta property=\"og:description\" content=\"La cerradura de cilindro para muebles est\u00e1 hecha de aleaci\u00f3n de zinc y es perfecta para todas las varillas y cajones. Consta de una base redonda en la que se desliza un cerrojo o pasador. Tanto el cilindro como el cerrojo est\u00e1n disponibles en distintos tama\u00f1os para permitir su instalaci\u00f3n en distintos materiales (madera, metal, MDF, etc.) y en distintas posiciones. La versi\u00f3n de pasador reducido, con extremo recortado, permite el cierre aprovechando un orificio en el lateral de la puerta.\" \/>\n<meta property=\"og:url\" content=\"https:\/\/www.omrserrature.it\/es\/producto\/cerradura-de-puerta-o-cajon\/\" \/>\n<meta property=\"og:site_name\" content=\"OMR Serrature | Produzione sistemi di chiusura\" \/>\n<meta property=\"article:publisher\" content=\"https:\/\/www.facebook.com\/OMRserrature\" \/>\n<meta property=\"article:modified_time\" content=\"2026-04-08T10:23:54+00:00\" \/>\n<meta property=\"og:image\" content=\"https:\/\/www.omrserrature.it\/wp-content\/uploads\/2017\/10\/serratura-anta-cassetto.jpg\" \/>\n\t<meta property=\"og:image:width\" content=\"439\" \/>\n\t<meta property=\"og:image:height\" content=\"390\" \/>\n\t<meta property=\"og:image:type\" content=\"image\/jpeg\" \/>\n<meta name=\"twitter:card\" content=\"summary_large_image\" \/>\n<meta name=\"twitter:label1\" content=\"Tiempo de lectura\" \/>\n\t<meta name=\"twitter:data1\" content=\"1 minuto\" \/>\n<script type=\"application\/ld+json\" class=\"yoast-schema-graph\">{\"@context\":\"https:\/\/schema.org\",\"@graph\":[{\"@type\":\"WebPage\",\"@id\":\"https:\/\/www.omrserrature.it\/es\/producto\/cerradura-de-puerta-o-cajon\/\",\"url\":\"https:\/\/www.omrserrature.it\/es\/producto\/cerradura-de-puerta-o-cajon\/\",\"name\":\"Cerradura de puerta o caj\u00f3n - OMR Serrature\",\"isPartOf\":{\"@id\":\"https:\/\/www.omrserrature.it\/es\/#website\"},\"primaryImageOfPage\":{\"@id\":\"https:\/\/www.omrserrature.it\/es\/producto\/cerradura-de-puerta-o-cajon\/#primaryimage\"},\"image\":{\"@id\":\"https:\/\/www.omrserrature.it\/es\/producto\/cerradura-de-puerta-o-cajon\/#primaryimage\"},\"thumbnailUrl\":\"https:\/\/www.omrserrature.it\/wp-content\/uploads\/2017\/10\/serratura-anta-cassetto.jpg\",\"datePublished\":\"2016-10-17T11:39:00+00:00\",\"dateModified\":\"2026-04-08T10:23:54+00:00\",\"breadcrumb\":{\"@id\":\"https:\/\/www.omrserrature.it\/es\/producto\/cerradura-de-puerta-o-cajon\/#breadcrumb\"},\"inLanguage\":\"es\",\"potentialAction\":[{\"@type\":\"ReadAction\",\"target\":[\"https:\/\/www.omrserrature.it\/es\/producto\/cerradura-de-puerta-o-cajon\/\"]}]},{\"@type\":\"ImageObject\",\"inLanguage\":\"es\",\"@id\":\"https:\/\/www.omrserrature.it\/es\/producto\/cerradura-de-puerta-o-cajon\/#primaryimage\",\"url\":\"https:\/\/www.omrserrature.it\/wp-content\/uploads\/2017\/10\/serratura-anta-cassetto.jpg\",\"contentUrl\":\"https:\/\/www.omrserrature.it\/wp-content\/uploads\/2017\/10\/serratura-anta-cassetto.jpg\",\"width\":439,\"height\":390,\"caption\":\"Cerradura para puerta o caj\u00f3n de pl\u00e1stico\"},{\"@type\":\"BreadcrumbList\",\"@id\":\"https:\/\/www.omrserrature.it\/es\/producto\/cerradura-de-puerta-o-cajon\/#breadcrumb\",\"itemListElement\":[{\"@type\":\"ListItem\",\"position\":1,\"name\":\"Home\",\"item\":\"https:\/\/www.omrserrature.it\/es\/omr-cerradiras-y-sistemas-de-cierre\/\"},{\"@type\":\"ListItem\",\"position\":2,\"name\":\"Cat\u00e1logo\",\"item\":\"https:\/\/www.omrserrature.it\/catalogo\/?lang=es\"},{\"@type\":\"ListItem\",\"position\":3,\"name\":\"Aplicaciones\",\"item\":\"https:\/\/www.omrserrature.it\/es\/inventario\/aplicaciones\/\"},{\"@type\":\"ListItem\",\"position\":4,\"name\":\"Cerraduras profesionales para muebles\",\"item\":\"https:\/\/www.omrserrature.it\/es\/inventario\/aplicaciones\/cerraduras-profesionales-para-muebles\/\"},{\"@type\":\"ListItem\",\"position\":5,\"name\":\"Cerradura de puerta o caj\u00f3n\"}]},{\"@type\":\"WebSite\",\"@id\":\"https:\/\/www.omrserrature.it\/es\/#website\",\"url\":\"https:\/\/www.omrserrature.it\/es\/\",\"name\":\"OMR Serrature | Produzione sistemi di chiusura\",\"description\":\"Produzione serrature di sicurezza e sistemi di chiusura\",\"publisher\":{\"@id\":\"https:\/\/www.omrserrature.it\/es\/#organization\"},\"potentialAction\":[{\"@type\":\"SearchAction\",\"target\":{\"@type\":\"EntryPoint\",\"urlTemplate\":\"https:\/\/www.omrserrature.it\/es\/?s={search_term_string}\"},\"query-input\":{\"@type\":\"PropertyValueSpecification\",\"valueRequired\":true,\"valueName\":\"search_term_string\"}}],\"inLanguage\":\"es\"},{\"@type\":\"Organization\",\"@id\":\"https:\/\/www.omrserrature.it\/es\/#organization\",\"name\":\"OMR Serrature | Produzione sistemi di chiusura\",\"url\":\"https:\/\/www.omrserrature.it\/es\/\",\"logo\":{\"@type\":\"ImageObject\",\"inLanguage\":\"es\",\"@id\":\"https:\/\/www.omrserrature.it\/es\/#\/schema\/logo\/image\/\",\"url\":\"https:\/\/www.omrserrature.it\/wp-content\/uploads\/2017\/09\/favicon-omr-114.png\",\"contentUrl\":\"https:\/\/www.omrserrature.it\/wp-content\/uploads\/2017\/09\/favicon-omr-114.png\",\"width\":114,\"height\":114,\"caption\":\"OMR Serrature | Produzione sistemi di chiusura\"},\"image\":{\"@id\":\"https:\/\/www.omrserrature.it\/es\/#\/schema\/logo\/image\/\"},\"sameAs\":[\"https:\/\/www.facebook.com\/OMRserrature\",\"https:\/\/www.linkedin.com\/company\/omrserrature\/\",\"https:\/\/www.youtube.com\/channel\/UCxmA85z2R0EpG_6IRokiAkg\"]}]}<\/script>\n<!-- \/ Yoast SEO plugin. -->","yoast_head_json":{"title":"Cerradura de puerta o caj\u00f3n - OMR Serrature","robots":{"index":"index","follow":"follow","max-snippet":"max-snippet:-1","max-image-preview":"max-image-preview:large","max-video-preview":"max-video-preview:-1"},"canonical":"https:\/\/www.omrserrature.it\/es\/producto\/cerradura-de-puerta-o-cajon\/","og_locale":"es_ES","og_type":"article","og_title":"Cerradura de puerta o caj\u00f3n - OMR Serrature","og_description":"La cerradura de cilindro para muebles est\u00e1 hecha de aleaci\u00f3n de zinc y es perfecta para todas las varillas y cajones. Consta de una base redonda en la que se desliza un cerrojo o pasador. Tanto el cilindro como el cerrojo est\u00e1n disponibles en distintos tama\u00f1os para permitir su instalaci\u00f3n en distintos materiales (madera, metal, MDF, etc.) y en distintas posiciones. La versi\u00f3n de pasador reducido, con extremo recortado, permite el cierre aprovechando un orificio en el lateral de la puerta.","og_url":"https:\/\/www.omrserrature.it\/es\/producto\/cerradura-de-puerta-o-cajon\/","og_site_name":"OMR Serrature | Produzione sistemi di chiusura","article_publisher":"https:\/\/www.facebook.com\/OMRserrature","article_modified_time":"2026-04-08T10:23:54+00:00","og_image":[{"width":439,"height":390,"url":"https:\/\/www.omrserrature.it\/wp-content\/uploads\/2017\/10\/serratura-anta-cassetto.jpg","type":"image\/jpeg"}],"twitter_card":"summary_large_image","twitter_misc":{"Tiempo de lectura":"1 minuto"},"schema":{"@context":"https:\/\/schema.org","@graph":[{"@type":"WebPage","@id":"https:\/\/www.omrserrature.it\/es\/producto\/cerradura-de-puerta-o-cajon\/","url":"https:\/\/www.omrserrature.it\/es\/producto\/cerradura-de-puerta-o-cajon\/","name":"Cerradura de puerta o caj\u00f3n - OMR Serrature","isPartOf":{"@id":"https:\/\/www.omrserrature.it\/es\/#website"},"primaryImageOfPage":{"@id":"https:\/\/www.omrserrature.it\/es\/producto\/cerradura-de-puerta-o-cajon\/#primaryimage"},"image":{"@id":"https:\/\/www.omrserrature.it\/es\/producto\/cerradura-de-puerta-o-cajon\/#primaryimage"},"thumbnailUrl":"https:\/\/www.omrserrature.it\/wp-content\/uploads\/2017\/10\/serratura-anta-cassetto.jpg","datePublished":"2016-10-17T11:39:00+00:00","dateModified":"2026-04-08T10:23:54+00:00","breadcrumb":{"@id":"https:\/\/www.omrserrature.it\/es\/producto\/cerradura-de-puerta-o-cajon\/#breadcrumb"},"inLanguage":"es","potentialAction":[{"@type":"ReadAction","target":["https:\/\/www.omrserrature.it\/es\/producto\/cerradura-de-puerta-o-cajon\/"]}]},{"@type":"ImageObject","inLanguage":"es","@id":"https:\/\/www.omrserrature.it\/es\/producto\/cerradura-de-puerta-o-cajon\/#primaryimage","url":"https:\/\/www.omrserrature.it\/wp-content\/uploads\/2017\/10\/serratura-anta-cassetto.jpg","contentUrl":"https:\/\/www.omrserrature.it\/wp-content\/uploads\/2017\/10\/serratura-anta-cassetto.jpg","width":439,"height":390,"caption":"Cerradura para puerta o caj\u00f3n de pl\u00e1stico"},{"@type":"BreadcrumbList","@id":"https:\/\/www.omrserrature.it\/es\/producto\/cerradura-de-puerta-o-cajon\/#breadcrumb","itemListElement":[{"@type":"ListItem","position":1,"name":"Home","item":"https:\/\/www.omrserrature.it\/es\/omr-cerradiras-y-sistemas-de-cierre\/"},{"@type":"ListItem","position":2,"name":"Cat\u00e1logo","item":"https:\/\/www.omrserrature.it\/catalogo\/?lang=es"},{"@type":"ListItem","position":3,"name":"Aplicaciones","item":"https:\/\/www.omrserrature.it\/es\/inventario\/aplicaciones\/"},{"@type":"ListItem","position":4,"name":"Cerraduras profesionales para muebles","item":"https:\/\/www.omrserrature.it\/es\/inventario\/aplicaciones\/cerraduras-profesionales-para-muebles\/"},{"@type":"ListItem","position":5,"name":"Cerradura de puerta o caj\u00f3n"}]},{"@type":"WebSite","@id":"https:\/\/www.omrserrature.it\/es\/#website","url":"https:\/\/www.omrserrature.it\/es\/","name":"OMR Serrature | Produzione sistemi di chiusura","description":"Produzione serrature di sicurezza e sistemi di chiusura","publisher":{"@id":"https:\/\/www.omrserrature.it\/es\/#organization"},"potentialAction":[{"@type":"SearchAction","target":{"@type":"EntryPoint","urlTemplate":"https:\/\/www.omrserrature.it\/es\/?s={search_term_string}"},"query-input":{"@type":"PropertyValueSpecification","valueRequired":true,"valueName":"search_term_string"}}],"inLanguage":"es"},{"@type":"Organization","@id":"https:\/\/www.omrserrature.it\/es\/#organization","name":"OMR Serrature | Produzione sistemi di chiusura","url":"https:\/\/www.omrserrature.it\/es\/","logo":{"@type":"ImageObject","inLanguage":"es","@id":"https:\/\/www.omrserrature.it\/es\/#\/schema\/logo\/image\/","url":"https:\/\/www.omrserrature.it\/wp-content\/uploads\/2017\/09\/favicon-omr-114.png","contentUrl":"https:\/\/www.omrserrature.it\/wp-content\/uploads\/2017\/09\/favicon-omr-114.png","width":114,"height":114,"caption":"OMR Serrature | Produzione sistemi di chiusura"},"image":{"@id":"https:\/\/www.omrserrature.it\/es\/#\/schema\/logo\/image\/"},"sameAs":["https:\/\/www.facebook.com\/OMRserrature","https:\/\/www.linkedin.com\/company\/omrserrature\/","https:\/\/www.youtube.com\/channel\/UCxmA85z2R0EpG_6IRokiAkg"]}]}},"_links":{"self":[{"href":"https:\/\/www.omrserrature.it\/es\/wp-json\/wp\/v2\/product\/242753","targetHints":{"allow":["GET"]}}],"collection":[{"href":"https:\/\/www.omrserrature.it\/es\/wp-json\/wp\/v2\/product"}],"about":[{"href":"https:\/\/www.omrserrature.it\/es\/wp-json\/wp\/v2\/types\/product"}],"replies":[{"embeddable":true,"href":"https:\/\/www.omrserrature.it\/es\/wp-json\/wp\/v2\/comments?post=242753"}],"wp:featuredmedia":[{"embeddable":true,"href":"https:\/\/www.omrserrature.it\/es\/wp-json\/wp\/v2\/media\/3579"}],"wp:attachment":[{"href":"https:\/\/www.omrserrature.it\/es\/wp-json\/wp\/v2\/media?parent=242753"}],"wp:term":[{"taxonomy":"product_brand","embeddable":true,"href":"https:\/\/www.omrserrature.it\/es\/wp-json\/wp\/v2\/product_brand?post=242753"},{"taxonomy":"product_cat","embeddable":true,"href":"https:\/\/www.omrserrature.it\/es\/wp-json\/wp\/v2\/product_cat?post=242753"},{"taxonomy":"product_tag","embeddable":true,"href":"https:\/\/www.omrserrature.it\/es\/wp-json\/wp\/v2\/product_tag?post=242753"}],"curies":[{"name":"wp","href":"https:\/\/api.w.org\/{rel}","templated":true}]}}