{"id":242680,"date":"2017-10-12T13:31:21","date_gmt":"2012-10-17T11:31:00","guid":{"rendered":"https:\/\/www.staging6.omrserrature.it\/prodotto\/cerradura-ovalada-para-cajonera-de-oficina\/"},"modified":"2026-04-08T12:48:13","modified_gmt":"2026-04-08T10:48:13","slug":"cerradura-ovalada-para-cajonera-de-oficina","status":"publish","type":"product","link":"https:\/\/www.omrserrature.it\/es\/producto\/cerradura-ovalada-para-cajonera-de-oficina\/","title":{"rendered":"Cerradura ovalada para cajonera de oficina"},"content":{"rendered":"<p>La <strong>cerradura de pasador oval<\/strong> consta de un estator en cuyo interior, una vez introducida la llave correcta, se mueve un bombin con un mecanismo de l\u00e1minas. Fabricado en metal fundido a presi\u00f3n (zamak), est\u00e1 equipado en la parte trasera con un pasador, denominado <strong>mando<\/strong>, que gira 180\u00b0 y activa el sistema de <strong>cierre m\u00faltiple y centralizado<\/strong> de los cajones. Este modelo ofrece la posibilidad de ajustar la longitud del pasador, desde un m\u00ednimo de 10 mm hasta un m\u00e1ximo de 35 mm (+15 mm de palanca). Consulta la hoja de datos para obtener m\u00e1s informaci\u00f3n.   <\/p>\n<p>El cuerpo de la cerradura puede <strong>fijarse r\u00e1pidamente,<\/strong> mediante una horquilla (o clip) o mediante una pinza de resorte. Su forma ovalada especial permite utilizarlo incluso en espacios reducidos, como frentes, perfiles, carros y archivadores <strong>de chapa o aluminio<\/strong>.  Puede equiparse con <strong>llaves con mango plegable a prueba de golpes<\/strong>, de pl\u00e1stico coloreado.<\/p>\n<p>Se pueden suministrar <strong>placas antivuelco<\/strong> combinadas, que ofrecen una gran seguridad al impedir que los cajones se abran accidentalmente al mover la caja de herramientas. Las placas tambi\u00e9n impiden que se abran 2 cajones al mismo tiempo, situaci\u00f3n que podr\u00eda provocar la ca\u00edda del carro. <\/p>\n<p><strong>La cerradura ovalada con mando se utiliza en archivos, archivadores y cajoneras<\/strong>.<\/p>\n","protected":false},"excerpt":{"rendered":"<p>La <strong>cerradura pivotante ovalada<\/strong> consta de un estator en cuyo interior, una vez introducida la llave correcta, se mueve un bombin con un mecanismo de l\u00e1minas. Fabricado en metal fundido a presi\u00f3n (zamak), est\u00e1 equipado en la parte trasera con un pasador, denominado <strong>mando<\/strong>, que gira 180\u00b0 y activa el sistema de <strong>cierre m\u00faltiple y centralizado<\/strong> de los cajones. Este modelo ofrece la posibilidad de ajustar la longitud del pasador, desde un m\u00ednimo de 10 mm hasta un m\u00e1ximo de 35 mm (+15 mm de palanca).  <\/p>\n<p><strong>Consulta la ficha t\u00e9cnica para obtener m\u00e1s informaci\u00f3n<\/strong>.<\/p>\n","protected":false},"featured_media":3321,"comment_status":"open","ping_status":"closed","template":"","meta":{"_acf_changed":false,"_et_pb_use_builder":"","_et_pb_old_content":"","_et_gb_content_width":""},"product_brand":[],"product_cat":[3955],"product_tag":[],"class_list":{"0":"post-242680","1":"product","2":"type-product","3":"status-publish","4":"has-post-thumbnail","6":"product_cat-cerraduras-especiales-a-medida","8":"first","9":"instock","10":"shipping-taxable","11":"purchasable","12":"product-type-variable"},"acf":{"pdf1":"https:\/\/www.omrserrature.it\/wp-content\/uploads\/schede\/Scheda_163432.pdf"},"yoast_head":"<!-- This site is optimized with the Yoast SEO plugin v27.2 - https:\/\/yoast.com\/product\/yoast-seo-wordpress\/ -->\n<title>Cerradura ovalada para cajonera de oficina - OMR Serrature<\/title>\n<meta name=\"robots\" content=\"index, follow, max-snippet:-1, max-image-preview:large, max-video-preview:-1\" \/>\n<link rel=\"canonical\" href=\"https:\/\/www.omrserrature.it\/es\/producto\/cerradura-ovalada-para-cajonera-de-oficina\/\" \/>\n<meta property=\"og:locale\" content=\"es_ES\" \/>\n<meta property=\"og:type\" content=\"article\" \/>\n<meta property=\"og:title\" content=\"Cerradura ovalada para cajonera de oficina - OMR Serrature\" \/>\n<meta property=\"og:description\" content=\"La cerradura pivotante ovalada consta de un estator en cuyo interior, una vez introducida la llave correcta, se mueve un bombin con un mecanismo de l\u00e1minas. Fabricado en metal fundido a presi\u00f3n (zamak), est\u00e1 equipado en la parte trasera con un pasador, denominado mando, que gira 180\u00b0 y activa el sistema de cierre m\u00faltiple y centralizado de los cajones. Este modelo ofrece la posibilidad de ajustar la longitud del pasador, desde un m\u00ednimo de 10 mm hasta un m\u00e1ximo de 35 mm (+15 mm de palanca).  Consulta la ficha t\u00e9cnica para obtener m\u00e1s informaci\u00f3n.\" \/>\n<meta property=\"og:url\" content=\"https:\/\/www.omrserrature.it\/es\/producto\/cerradura-ovalada-para-cajonera-de-oficina\/\" \/>\n<meta property=\"og:site_name\" content=\"OMR Serrature | Produzione sistemi di chiusura\" \/>\n<meta property=\"article:publisher\" content=\"https:\/\/www.facebook.com\/OMRserrature\" \/>\n<meta property=\"article:modified_time\" content=\"2026-04-08T10:48:13+00:00\" \/>\n<meta property=\"og:image\" content=\"https:\/\/www.omrserrature.it\/wp-content\/uploads\/2017\/10\/serratura-ovale-cassettiera.jpg\" \/>\n\t<meta property=\"og:image:width\" content=\"482\" \/>\n\t<meta property=\"og:image:height\" content=\"370\" \/>\n\t<meta property=\"og:image:type\" content=\"image\/jpeg\" \/>\n<meta name=\"twitter:card\" content=\"summary_large_image\" \/>\n<meta name=\"twitter:label1\" content=\"Tiempo de lectura\" \/>\n\t<meta name=\"twitter:data1\" content=\"1 minuto\" \/>\n<script type=\"application\/ld+json\" class=\"yoast-schema-graph\">{\"@context\":\"https:\/\/schema.org\",\"@graph\":[{\"@type\":\"WebPage\",\"@id\":\"https:\/\/www.omrserrature.it\/es\/producto\/cerradura-ovalada-para-cajonera-de-oficina\/\",\"url\":\"https:\/\/www.omrserrature.it\/es\/producto\/cerradura-ovalada-para-cajonera-de-oficina\/\",\"name\":\"Cerradura ovalada para cajonera de oficina - OMR Serrature\",\"isPartOf\":{\"@id\":\"https:\/\/www.omrserrature.it\/es\/#website\"},\"primaryImageOfPage\":{\"@id\":\"https:\/\/www.omrserrature.it\/es\/producto\/cerradura-ovalada-para-cajonera-de-oficina\/#primaryimage\"},\"image\":{\"@id\":\"https:\/\/www.omrserrature.it\/es\/producto\/cerradura-ovalada-para-cajonera-de-oficina\/#primaryimage\"},\"thumbnailUrl\":\"https:\/\/www.omrserrature.it\/wp-content\/uploads\/2017\/10\/serratura-ovale-cassettiera.jpg\",\"datePublished\":\"2012-10-17T11:31:00+00:00\",\"dateModified\":\"2026-04-08T10:48:13+00:00\",\"breadcrumb\":{\"@id\":\"https:\/\/www.omrserrature.it\/es\/producto\/cerradura-ovalada-para-cajonera-de-oficina\/#breadcrumb\"},\"inLanguage\":\"es\",\"potentialAction\":[{\"@type\":\"ReadAction\",\"target\":[\"https:\/\/www.omrserrature.it\/es\/producto\/cerradura-ovalada-para-cajonera-de-oficina\/\"]}]},{\"@type\":\"ImageObject\",\"inLanguage\":\"es\",\"@id\":\"https:\/\/www.omrserrature.it\/es\/producto\/cerradura-ovalada-para-cajonera-de-oficina\/#primaryimage\",\"url\":\"https:\/\/www.omrserrature.it\/wp-content\/uploads\/2017\/10\/serratura-ovale-cassettiera.jpg\",\"contentUrl\":\"https:\/\/www.omrserrature.it\/wp-content\/uploads\/2017\/10\/serratura-ovale-cassettiera.jpg\",\"width\":482,\"height\":370,\"caption\":\"Cerradura ovalada para cajones y\/o archivadores, archivos de cajones\"},{\"@type\":\"BreadcrumbList\",\"@id\":\"https:\/\/www.omrserrature.it\/es\/producto\/cerradura-ovalada-para-cajonera-de-oficina\/#breadcrumb\",\"itemListElement\":[{\"@type\":\"ListItem\",\"position\":1,\"name\":\"Home\",\"item\":\"https:\/\/www.omrserrature.it\/es\/omr-cerradiras-y-sistemas-de-cierre\/\"},{\"@type\":\"ListItem\",\"position\":2,\"name\":\"Cat\u00e1logo\",\"item\":\"https:\/\/www.omrserrature.it\/catalogo\/?lang=es\"},{\"@type\":\"ListItem\",\"position\":3,\"name\":\"Productos\",\"item\":\"https:\/\/www.omrserrature.it\/es\/inventario\/productos\/\"},{\"@type\":\"ListItem\",\"position\":4,\"name\":\"Cerraduras\",\"item\":\"https:\/\/www.omrserrature.it\/es\/inventario\/productos\/cerraduras\/\"},{\"@type\":\"ListItem\",\"position\":5,\"name\":\"Cerraduras especiales a medida\",\"item\":\"https:\/\/www.omrserrature.it\/es\/inventario\/productos\/cerraduras\/cerraduras-especiales-a-medida\/\"},{\"@type\":\"ListItem\",\"position\":6,\"name\":\"Cerradura ovalada para cajonera de oficina\"}]},{\"@type\":\"WebSite\",\"@id\":\"https:\/\/www.omrserrature.it\/es\/#website\",\"url\":\"https:\/\/www.omrserrature.it\/es\/\",\"name\":\"OMR Serrature | Produzione sistemi di chiusura\",\"description\":\"Produzione serrature di sicurezza e sistemi di chiusura\",\"publisher\":{\"@id\":\"https:\/\/www.omrserrature.it\/es\/#organization\"},\"potentialAction\":[{\"@type\":\"SearchAction\",\"target\":{\"@type\":\"EntryPoint\",\"urlTemplate\":\"https:\/\/www.omrserrature.it\/es\/?s={search_term_string}\"},\"query-input\":{\"@type\":\"PropertyValueSpecification\",\"valueRequired\":true,\"valueName\":\"search_term_string\"}}],\"inLanguage\":\"es\"},{\"@type\":\"Organization\",\"@id\":\"https:\/\/www.omrserrature.it\/es\/#organization\",\"name\":\"OMR Serrature | Produzione sistemi di chiusura\",\"url\":\"https:\/\/www.omrserrature.it\/es\/\",\"logo\":{\"@type\":\"ImageObject\",\"inLanguage\":\"es\",\"@id\":\"https:\/\/www.omrserrature.it\/es\/#\/schema\/logo\/image\/\",\"url\":\"https:\/\/www.omrserrature.it\/wp-content\/uploads\/2017\/09\/favicon-omr-114.png\",\"contentUrl\":\"https:\/\/www.omrserrature.it\/wp-content\/uploads\/2017\/09\/favicon-omr-114.png\",\"width\":114,\"height\":114,\"caption\":\"OMR Serrature | Produzione sistemi di chiusura\"},\"image\":{\"@id\":\"https:\/\/www.omrserrature.it\/es\/#\/schema\/logo\/image\/\"},\"sameAs\":[\"https:\/\/www.facebook.com\/OMRserrature\",\"https:\/\/www.linkedin.com\/company\/omrserrature\/\",\"https:\/\/www.youtube.com\/channel\/UCxmA85z2R0EpG_6IRokiAkg\"]}]}<\/script>\n<!-- \/ Yoast SEO plugin. -->","yoast_head_json":{"title":"Cerradura ovalada para cajonera de oficina - OMR Serrature","robots":{"index":"index","follow":"follow","max-snippet":"max-snippet:-1","max-image-preview":"max-image-preview:large","max-video-preview":"max-video-preview:-1"},"canonical":"https:\/\/www.omrserrature.it\/es\/producto\/cerradura-ovalada-para-cajonera-de-oficina\/","og_locale":"es_ES","og_type":"article","og_title":"Cerradura ovalada para cajonera de oficina - OMR Serrature","og_description":"La cerradura pivotante ovalada consta de un estator en cuyo interior, una vez introducida la llave correcta, se mueve un bombin con un mecanismo de l\u00e1minas. Fabricado en metal fundido a presi\u00f3n (zamak), est\u00e1 equipado en la parte trasera con un pasador, denominado mando, que gira 180\u00b0 y activa el sistema de cierre m\u00faltiple y centralizado de los cajones. Este modelo ofrece la posibilidad de ajustar la longitud del pasador, desde un m\u00ednimo de 10 mm hasta un m\u00e1ximo de 35 mm (+15 mm de palanca).  Consulta la ficha t\u00e9cnica para obtener m\u00e1s informaci\u00f3n.","og_url":"https:\/\/www.omrserrature.it\/es\/producto\/cerradura-ovalada-para-cajonera-de-oficina\/","og_site_name":"OMR Serrature | Produzione sistemi di chiusura","article_publisher":"https:\/\/www.facebook.com\/OMRserrature","article_modified_time":"2026-04-08T10:48:13+00:00","og_image":[{"width":482,"height":370,"url":"https:\/\/www.omrserrature.it\/wp-content\/uploads\/2017\/10\/serratura-ovale-cassettiera.jpg","type":"image\/jpeg"}],"twitter_card":"summary_large_image","twitter_misc":{"Tiempo de lectura":"1 minuto"},"schema":{"@context":"https:\/\/schema.org","@graph":[{"@type":"WebPage","@id":"https:\/\/www.omrserrature.it\/es\/producto\/cerradura-ovalada-para-cajonera-de-oficina\/","url":"https:\/\/www.omrserrature.it\/es\/producto\/cerradura-ovalada-para-cajonera-de-oficina\/","name":"Cerradura ovalada para cajonera de oficina - OMR Serrature","isPartOf":{"@id":"https:\/\/www.omrserrature.it\/es\/#website"},"primaryImageOfPage":{"@id":"https:\/\/www.omrserrature.it\/es\/producto\/cerradura-ovalada-para-cajonera-de-oficina\/#primaryimage"},"image":{"@id":"https:\/\/www.omrserrature.it\/es\/producto\/cerradura-ovalada-para-cajonera-de-oficina\/#primaryimage"},"thumbnailUrl":"https:\/\/www.omrserrature.it\/wp-content\/uploads\/2017\/10\/serratura-ovale-cassettiera.jpg","datePublished":"2012-10-17T11:31:00+00:00","dateModified":"2026-04-08T10:48:13+00:00","breadcrumb":{"@id":"https:\/\/www.omrserrature.it\/es\/producto\/cerradura-ovalada-para-cajonera-de-oficina\/#breadcrumb"},"inLanguage":"es","potentialAction":[{"@type":"ReadAction","target":["https:\/\/www.omrserrature.it\/es\/producto\/cerradura-ovalada-para-cajonera-de-oficina\/"]}]},{"@type":"ImageObject","inLanguage":"es","@id":"https:\/\/www.omrserrature.it\/es\/producto\/cerradura-ovalada-para-cajonera-de-oficina\/#primaryimage","url":"https:\/\/www.omrserrature.it\/wp-content\/uploads\/2017\/10\/serratura-ovale-cassettiera.jpg","contentUrl":"https:\/\/www.omrserrature.it\/wp-content\/uploads\/2017\/10\/serratura-ovale-cassettiera.jpg","width":482,"height":370,"caption":"Cerradura ovalada para cajones y\/o archivadores, archivos de cajones"},{"@type":"BreadcrumbList","@id":"https:\/\/www.omrserrature.it\/es\/producto\/cerradura-ovalada-para-cajonera-de-oficina\/#breadcrumb","itemListElement":[{"@type":"ListItem","position":1,"name":"Home","item":"https:\/\/www.omrserrature.it\/es\/omr-cerradiras-y-sistemas-de-cierre\/"},{"@type":"ListItem","position":2,"name":"Cat\u00e1logo","item":"https:\/\/www.omrserrature.it\/catalogo\/?lang=es"},{"@type":"ListItem","position":3,"name":"Productos","item":"https:\/\/www.omrserrature.it\/es\/inventario\/productos\/"},{"@type":"ListItem","position":4,"name":"Cerraduras","item":"https:\/\/www.omrserrature.it\/es\/inventario\/productos\/cerraduras\/"},{"@type":"ListItem","position":5,"name":"Cerraduras especiales a medida","item":"https:\/\/www.omrserrature.it\/es\/inventario\/productos\/cerraduras\/cerraduras-especiales-a-medida\/"},{"@type":"ListItem","position":6,"name":"Cerradura ovalada para cajonera de oficina"}]},{"@type":"WebSite","@id":"https:\/\/www.omrserrature.it\/es\/#website","url":"https:\/\/www.omrserrature.it\/es\/","name":"OMR Serrature | Produzione sistemi di chiusura","description":"Produzione serrature di sicurezza e sistemi di chiusura","publisher":{"@id":"https:\/\/www.omrserrature.it\/es\/#organization"},"potentialAction":[{"@type":"SearchAction","target":{"@type":"EntryPoint","urlTemplate":"https:\/\/www.omrserrature.it\/es\/?s={search_term_string}"},"query-input":{"@type":"PropertyValueSpecification","valueRequired":true,"valueName":"search_term_string"}}],"inLanguage":"es"},{"@type":"Organization","@id":"https:\/\/www.omrserrature.it\/es\/#organization","name":"OMR Serrature | Produzione sistemi di chiusura","url":"https:\/\/www.omrserrature.it\/es\/","logo":{"@type":"ImageObject","inLanguage":"es","@id":"https:\/\/www.omrserrature.it\/es\/#\/schema\/logo\/image\/","url":"https:\/\/www.omrserrature.it\/wp-content\/uploads\/2017\/09\/favicon-omr-114.png","contentUrl":"https:\/\/www.omrserrature.it\/wp-content\/uploads\/2017\/09\/favicon-omr-114.png","width":114,"height":114,"caption":"OMR Serrature | Produzione sistemi di chiusura"},"image":{"@id":"https:\/\/www.omrserrature.it\/es\/#\/schema\/logo\/image\/"},"sameAs":["https:\/\/www.facebook.com\/OMRserrature","https:\/\/www.linkedin.com\/company\/omrserrature\/","https:\/\/www.youtube.com\/channel\/UCxmA85z2R0EpG_6IRokiAkg"]}]}},"_links":{"self":[{"href":"https:\/\/www.omrserrature.it\/es\/wp-json\/wp\/v2\/product\/242680","targetHints":{"allow":["GET"]}}],"collection":[{"href":"https:\/\/www.omrserrature.it\/es\/wp-json\/wp\/v2\/product"}],"about":[{"href":"https:\/\/www.omrserrature.it\/es\/wp-json\/wp\/v2\/types\/product"}],"replies":[{"embeddable":true,"href":"https:\/\/www.omrserrature.it\/es\/wp-json\/wp\/v2\/comments?post=242680"}],"wp:featuredmedia":[{"embeddable":true,"href":"https:\/\/www.omrserrature.it\/es\/wp-json\/wp\/v2\/media\/3321"}],"wp:attachment":[{"href":"https:\/\/www.omrserrature.it\/es\/wp-json\/wp\/v2\/media?parent=242680"}],"wp:term":[{"taxonomy":"product_brand","embeddable":true,"href":"https:\/\/www.omrserrature.it\/es\/wp-json\/wp\/v2\/product_brand?post=242680"},{"taxonomy":"product_cat","embeddable":true,"href":"https:\/\/www.omrserrature.it\/es\/wp-json\/wp\/v2\/product_cat?post=242680"},{"taxonomy":"product_tag","embeddable":true,"href":"https:\/\/www.omrserrature.it\/es\/wp-json\/wp\/v2\/product_tag?post=242680"}],"curies":[{"name":"wp","href":"https:\/\/api.w.org\/{rel}","templated":true}]}}