{"id":242611,"date":"2017-10-12T14:11:43","date_gmt":"2012-10-17T12:11:00","guid":{"rendered":"https:\/\/www.staging6.omrserrature.it\/prodotto\/cerradura-ovalada-con-pasador-para-cajones\/"},"modified":"2026-04-08T12:50:03","modified_gmt":"2026-04-08T10:50:03","slug":"cerradura-ovalada-con-pasador-para-cajones","status":"publish","type":"product","link":"https:\/\/www.omrserrature.it\/es\/producto\/cerradura-ovalada-con-pasador-para-cajones\/","title":{"rendered":"Cerradura ovalada con pasador para cajones"},"content":{"rendered":"<p>La <strong>cerradura de pasador oval<\/strong> consta de un estator en cuyo interior, una vez introducida la llave correcta, se mueve un bombin con un mecanismo de l\u00e1minas. Fabricado en metal fundido a presi\u00f3n (zamak), est\u00e1 equipado en la parte trasera con un pasador, llamado <strong>pasador para caj<\/strong>ones, que gira 180\u00b0 para controlar el sistema de <strong>cierre m\u00faltiple y centralizado<\/strong> de los cajones. <\/p>\n<p>El cuerpo de la cerradura puede <strong>fijarse r\u00e1pidamente<\/strong> mediante una horquilla (o pinza) o mediante una pinza de resorte. Su forma ovalada especial permite utilizarlo incluso en espacios reducidos, por ejemplo, en paneles frontales y carros y archivadores de chapa <strong>o aluminio<\/strong>. El modelo con <strong>bombin desmontable<\/strong> permite extraer o cambiar el bombin sin da\u00f1ar el armario ni la cerradura. Puede equiparse con <strong>llaves con mango plegable a prueba de golpes<\/strong>, de pl\u00e1stico coloreado.<\/p>\n<p>Se pueden suministrar combinadas <strong>placas antivuelco<\/strong>, que ofrecen una gran seguridad al impedir que los cajones se abran accidentalmente al mover la caja de herramientas. O evitar la apertura de 2 cajones al mismo tiempo, situaci\u00f3n que podr\u00eda provocar la ca\u00edda del carro.<\/p>\n<p><strong>La cerradura ovalada con pomo de control<\/strong> est\u00e1 dise\u00f1ada principalmente para su uso en accesorios de veh\u00edculos profesionales, en muebles met\u00e1licos con varios cajones, como cajoneras de escritorio con ruedas con 3 o m\u00e1s cajones, carros de herramientas utilizados habitualmente en un taller o entorno de trabajo para <strong>asegurar herramientas valiosas restringiendo el acceso.<\/strong><\/p>\n","protected":false},"excerpt":{"rendered":"<p>La <strong>cerradura pivotante ovalada<\/strong> es de metal fundido a presi\u00f3n (zamak), y est\u00e1 equipada en la parte trasera con un pasador, llamado mando, que gira 180\u00b0 para controlar el <strong>sistema de cierre m\u00faltiple y centralizado de los cajones<\/strong>. El cuerpo de la cerradura puede <strong>fijarse r\u00e1pidamente<\/strong> mediante una horquilla (o clip) o mediante un resorte de presi\u00f3n. <\/p>\n","protected":false},"featured_media":3327,"comment_status":"open","ping_status":"closed","template":"","meta":{"_acf_changed":false,"_et_pb_use_builder":"off","_et_pb_old_content":"La <strong>cerradura de pasador oval<\/strong> consta de un estator en cuyo interior, una vez introducida la llave correcta, se mueve un bombin con un mecanismo de l\u00e1minas. Fabricado en metal fundido a presi\u00f3n (zamak), est\u00e1 equipado en la parte trasera con un pasador, llamado <strong>pasador para caj<\/strong>ones, que gira 180\u00b0 para controlar el sistema de <strong>cierre m\u00faltiple y centralizado<\/strong> de los cajones. \n\nEl cuerpo de la cerradura puede <strong>fijarse r\u00e1pidamente<\/strong> mediante una horquilla (o pinza) o mediante una pinza de resorte. Su forma ovalada especial permite utilizarlo incluso en espacios reducidos, por ejemplo, en paneles frontales y carros y archivadores de chapa <strong>o aluminio<\/strong>. El modelo con <strong>bombin desmontable<\/strong> permite extraer o cambiar el bombin sin da\u00f1ar el armario ni la cerradura. Puede equiparse con <strong>llaves con mango plegable a prueba de golpes<\/strong>, de pl\u00e1stico coloreado. En combinaci\u00f3n con las <strong>placas antivuelco<\/strong>, ofrecen una gran seguridad al impedir que los cajones se abran accidentalmente al mover la caja de herramientas. O evitar la apertura de 2 cajones al mismo tiempo, situaci\u00f3n que podr\u00eda provocar la ca\u00edda del carro.\n\npasador para cajones La cerradura ovalada con est\u00e1 dise\u00f1ada principalmente para su uso en accesorios de veh\u00edculos profesionales, en muebles met\u00e1licos con varios cajones, como cajoneras de escritorio con ruedas con 3 o m\u00e1s cajones, carros de herramientas utilizados habitualmente en un taller o entorno de trabajo para <strong>asegurar herramientas valiosas restringiendo el acceso.<\/strong>\n\n","_et_gb_content_width":""},"product_brand":[],"product_cat":[3989,3943,3951,3936,3916,3914,3899,3881,3994,3996],"product_tag":[],"class_list":{"0":"post-242611","1":"product","2":"type-product","3":"status-publish","4":"has-post-thumbnail","6":"product_cat-banca-y-correos","7":"product_cat-cerraduras-con-bombin-extraible","8":"product_cat-cerraduras-con-llave-maestra","9":"product_cat-cerraduras-de-pasador","10":"product_cat-cerraduras-para-archivadores","11":"product_cat-cerraduras-para-cajoneras","12":"product_cat-cerraduras-para-cajones-industriales","13":"product_cat-cerraduras-profesionales-para-muebles","14":"product_cat-hospital-y-sanidad","15":"product_cat-oficinas","17":"first","18":"instock","19":"shipping-taxable","20":"purchasable","21":"product-type-variable","22":"has-default-attributes"},"acf":{"pdf1":"https:\/\/www.omrserrature.it\/wp-content\/uploads\/schede\/Scheda_161351.pdf"},"yoast_head":"<!-- This site is optimized with the Yoast SEO plugin v27.2 - https:\/\/yoast.com\/product\/yoast-seo-wordpress\/ -->\n<title>Cerradura ovalada con pasador para cajones - OMR Serrature<\/title>\n<meta name=\"robots\" content=\"index, follow, max-snippet:-1, max-image-preview:large, max-video-preview:-1\" \/>\n<link rel=\"canonical\" href=\"https:\/\/www.omrserrature.it\/es\/producto\/cerradura-ovalada-con-pasador-para-cajones\/\" \/>\n<meta property=\"og:locale\" content=\"es_ES\" \/>\n<meta property=\"og:type\" content=\"article\" \/>\n<meta property=\"og:title\" content=\"Cerradura ovalada con pasador para cajones - OMR Serrature\" \/>\n<meta property=\"og:description\" content=\"La cerradura pivotante ovalada es de metal fundido a presi\u00f3n (zamak), y est\u00e1 equipada en la parte trasera con un pasador, llamado mando, que gira 180\u00b0 para controlar el sistema de cierre m\u00faltiple y centralizado de los cajones. El cuerpo de la cerradura puede fijarse r\u00e1pidamente mediante una horquilla (o clip) o mediante un resorte de presi\u00f3n.\" \/>\n<meta property=\"og:url\" content=\"https:\/\/www.omrserrature.it\/es\/producto\/cerradura-ovalada-con-pasador-para-cajones\/\" \/>\n<meta property=\"og:site_name\" content=\"OMR Serrature | Produzione sistemi di chiusura\" \/>\n<meta property=\"article:publisher\" content=\"https:\/\/www.facebook.com\/OMRserrature\" \/>\n<meta property=\"article:modified_time\" content=\"2026-04-08T10:50:03+00:00\" \/>\n<meta property=\"og:image\" content=\"https:\/\/www.omrserrature.it\/wp-content\/uploads\/2017\/10\/serratura-ovale-comandino.jpg\" \/>\n\t<meta property=\"og:image:width\" content=\"336\" \/>\n\t<meta property=\"og:image:height\" content=\"398\" \/>\n\t<meta property=\"og:image:type\" content=\"image\/jpeg\" \/>\n<meta name=\"twitter:card\" content=\"summary_large_image\" \/>\n<meta name=\"twitter:label1\" content=\"Tiempo de lectura\" \/>\n\t<meta name=\"twitter:data1\" content=\"1 minuto\" \/>\n<script type=\"application\/ld+json\" class=\"yoast-schema-graph\">{\"@context\":\"https:\/\/schema.org\",\"@graph\":[{\"@type\":\"WebPage\",\"@id\":\"https:\/\/www.omrserrature.it\/es\/producto\/cerradura-ovalada-con-pasador-para-cajones\/\",\"url\":\"https:\/\/www.omrserrature.it\/es\/producto\/cerradura-ovalada-con-pasador-para-cajones\/\",\"name\":\"Cerradura ovalada con pasador para cajones - OMR Serrature\",\"isPartOf\":{\"@id\":\"https:\/\/www.omrserrature.it\/es\/#website\"},\"primaryImageOfPage\":{\"@id\":\"https:\/\/www.omrserrature.it\/es\/producto\/cerradura-ovalada-con-pasador-para-cajones\/#primaryimage\"},\"image\":{\"@id\":\"https:\/\/www.omrserrature.it\/es\/producto\/cerradura-ovalada-con-pasador-para-cajones\/#primaryimage\"},\"thumbnailUrl\":\"https:\/\/www.omrserrature.it\/wp-content\/uploads\/2017\/10\/serratura-ovale-comandino.jpg\",\"datePublished\":\"2012-10-17T12:11:00+00:00\",\"dateModified\":\"2026-04-08T10:50:03+00:00\",\"breadcrumb\":{\"@id\":\"https:\/\/www.omrserrature.it\/es\/producto\/cerradura-ovalada-con-pasador-para-cajones\/#breadcrumb\"},\"inLanguage\":\"es\",\"potentialAction\":[{\"@type\":\"ReadAction\",\"target\":[\"https:\/\/www.omrserrature.it\/es\/producto\/cerradura-ovalada-con-pasador-para-cajones\/\"]}]},{\"@type\":\"ImageObject\",\"inLanguage\":\"es\",\"@id\":\"https:\/\/www.omrserrature.it\/es\/producto\/cerradura-ovalada-con-pasador-para-cajones\/#primaryimage\",\"url\":\"https:\/\/www.omrserrature.it\/wp-content\/uploads\/2017\/10\/serratura-ovale-comandino.jpg\",\"contentUrl\":\"https:\/\/www.omrserrature.it\/wp-content\/uploads\/2017\/10\/serratura-ovale-comandino.jpg\",\"width\":336,\"height\":398,\"caption\":\"Cerradura ovalada con pasador y mando para cajones - metal fundido a presi\u00f3n\"},{\"@type\":\"BreadcrumbList\",\"@id\":\"https:\/\/www.omrserrature.it\/es\/producto\/cerradura-ovalada-con-pasador-para-cajones\/#breadcrumb\",\"itemListElement\":[{\"@type\":\"ListItem\",\"position\":1,\"name\":\"Home\",\"item\":\"https:\/\/www.omrserrature.it\/es\/omr-cerradiras-y-sistemas-de-cierre\/\"},{\"@type\":\"ListItem\",\"position\":2,\"name\":\"Cat\u00e1logo\",\"item\":\"https:\/\/www.omrserrature.it\/catalogo\/?lang=es\"},{\"@type\":\"ListItem\",\"position\":3,\"name\":\"Productos\",\"item\":\"https:\/\/www.omrserrature.it\/es\/inventario\/productos\/\"},{\"@type\":\"ListItem\",\"position\":4,\"name\":\"Cerraduras\",\"item\":\"https:\/\/www.omrserrature.it\/es\/inventario\/productos\/cerraduras\/\"},{\"@type\":\"ListItem\",\"position\":5,\"name\":\"Cerraduras con bombin extra\u00edble\",\"item\":\"https:\/\/www.omrserrature.it\/es\/inventario\/productos\/cerraduras\/cerraduras-con-bombin-extraible\/\"},{\"@type\":\"ListItem\",\"position\":6,\"name\":\"Cerradura ovalada con pasador para cajones\"}]},{\"@type\":\"WebSite\",\"@id\":\"https:\/\/www.omrserrature.it\/es\/#website\",\"url\":\"https:\/\/www.omrserrature.it\/es\/\",\"name\":\"OMR Serrature | Produzione sistemi di chiusura\",\"description\":\"Produzione serrature di sicurezza e sistemi di chiusura\",\"publisher\":{\"@id\":\"https:\/\/www.omrserrature.it\/es\/#organization\"},\"potentialAction\":[{\"@type\":\"SearchAction\",\"target\":{\"@type\":\"EntryPoint\",\"urlTemplate\":\"https:\/\/www.omrserrature.it\/es\/?s={search_term_string}\"},\"query-input\":{\"@type\":\"PropertyValueSpecification\",\"valueRequired\":true,\"valueName\":\"search_term_string\"}}],\"inLanguage\":\"es\"},{\"@type\":\"Organization\",\"@id\":\"https:\/\/www.omrserrature.it\/es\/#organization\",\"name\":\"OMR Serrature | Produzione sistemi di chiusura\",\"url\":\"https:\/\/www.omrserrature.it\/es\/\",\"logo\":{\"@type\":\"ImageObject\",\"inLanguage\":\"es\",\"@id\":\"https:\/\/www.omrserrature.it\/es\/#\/schema\/logo\/image\/\",\"url\":\"https:\/\/www.omrserrature.it\/wp-content\/uploads\/2017\/09\/favicon-omr-114.png\",\"contentUrl\":\"https:\/\/www.omrserrature.it\/wp-content\/uploads\/2017\/09\/favicon-omr-114.png\",\"width\":114,\"height\":114,\"caption\":\"OMR Serrature | Produzione sistemi di chiusura\"},\"image\":{\"@id\":\"https:\/\/www.omrserrature.it\/es\/#\/schema\/logo\/image\/\"},\"sameAs\":[\"https:\/\/www.facebook.com\/OMRserrature\",\"https:\/\/www.linkedin.com\/company\/omrserrature\/\",\"https:\/\/www.youtube.com\/channel\/UCxmA85z2R0EpG_6IRokiAkg\"]}]}<\/script>\n<!-- \/ Yoast SEO plugin. -->","yoast_head_json":{"title":"Cerradura ovalada con pasador para cajones - OMR Serrature","robots":{"index":"index","follow":"follow","max-snippet":"max-snippet:-1","max-image-preview":"max-image-preview:large","max-video-preview":"max-video-preview:-1"},"canonical":"https:\/\/www.omrserrature.it\/es\/producto\/cerradura-ovalada-con-pasador-para-cajones\/","og_locale":"es_ES","og_type":"article","og_title":"Cerradura ovalada con pasador para cajones - OMR Serrature","og_description":"La cerradura pivotante ovalada es de metal fundido a presi\u00f3n (zamak), y est\u00e1 equipada en la parte trasera con un pasador, llamado mando, que gira 180\u00b0 para controlar el sistema de cierre m\u00faltiple y centralizado de los cajones. El cuerpo de la cerradura puede fijarse r\u00e1pidamente mediante una horquilla (o clip) o mediante un resorte de presi\u00f3n.","og_url":"https:\/\/www.omrserrature.it\/es\/producto\/cerradura-ovalada-con-pasador-para-cajones\/","og_site_name":"OMR Serrature | Produzione sistemi di chiusura","article_publisher":"https:\/\/www.facebook.com\/OMRserrature","article_modified_time":"2026-04-08T10:50:03+00:00","og_image":[{"width":336,"height":398,"url":"https:\/\/www.omrserrature.it\/wp-content\/uploads\/2017\/10\/serratura-ovale-comandino.jpg","type":"image\/jpeg"}],"twitter_card":"summary_large_image","twitter_misc":{"Tiempo de lectura":"1 minuto"},"schema":{"@context":"https:\/\/schema.org","@graph":[{"@type":"WebPage","@id":"https:\/\/www.omrserrature.it\/es\/producto\/cerradura-ovalada-con-pasador-para-cajones\/","url":"https:\/\/www.omrserrature.it\/es\/producto\/cerradura-ovalada-con-pasador-para-cajones\/","name":"Cerradura ovalada con pasador para cajones - OMR Serrature","isPartOf":{"@id":"https:\/\/www.omrserrature.it\/es\/#website"},"primaryImageOfPage":{"@id":"https:\/\/www.omrserrature.it\/es\/producto\/cerradura-ovalada-con-pasador-para-cajones\/#primaryimage"},"image":{"@id":"https:\/\/www.omrserrature.it\/es\/producto\/cerradura-ovalada-con-pasador-para-cajones\/#primaryimage"},"thumbnailUrl":"https:\/\/www.omrserrature.it\/wp-content\/uploads\/2017\/10\/serratura-ovale-comandino.jpg","datePublished":"2012-10-17T12:11:00+00:00","dateModified":"2026-04-08T10:50:03+00:00","breadcrumb":{"@id":"https:\/\/www.omrserrature.it\/es\/producto\/cerradura-ovalada-con-pasador-para-cajones\/#breadcrumb"},"inLanguage":"es","potentialAction":[{"@type":"ReadAction","target":["https:\/\/www.omrserrature.it\/es\/producto\/cerradura-ovalada-con-pasador-para-cajones\/"]}]},{"@type":"ImageObject","inLanguage":"es","@id":"https:\/\/www.omrserrature.it\/es\/producto\/cerradura-ovalada-con-pasador-para-cajones\/#primaryimage","url":"https:\/\/www.omrserrature.it\/wp-content\/uploads\/2017\/10\/serratura-ovale-comandino.jpg","contentUrl":"https:\/\/www.omrserrature.it\/wp-content\/uploads\/2017\/10\/serratura-ovale-comandino.jpg","width":336,"height":398,"caption":"Cerradura ovalada con pasador y mando para cajones - metal fundido a presi\u00f3n"},{"@type":"BreadcrumbList","@id":"https:\/\/www.omrserrature.it\/es\/producto\/cerradura-ovalada-con-pasador-para-cajones\/#breadcrumb","itemListElement":[{"@type":"ListItem","position":1,"name":"Home","item":"https:\/\/www.omrserrature.it\/es\/omr-cerradiras-y-sistemas-de-cierre\/"},{"@type":"ListItem","position":2,"name":"Cat\u00e1logo","item":"https:\/\/www.omrserrature.it\/catalogo\/?lang=es"},{"@type":"ListItem","position":3,"name":"Productos","item":"https:\/\/www.omrserrature.it\/es\/inventario\/productos\/"},{"@type":"ListItem","position":4,"name":"Cerraduras","item":"https:\/\/www.omrserrature.it\/es\/inventario\/productos\/cerraduras\/"},{"@type":"ListItem","position":5,"name":"Cerraduras con bombin extra\u00edble","item":"https:\/\/www.omrserrature.it\/es\/inventario\/productos\/cerraduras\/cerraduras-con-bombin-extraible\/"},{"@type":"ListItem","position":6,"name":"Cerradura ovalada con pasador para cajones"}]},{"@type":"WebSite","@id":"https:\/\/www.omrserrature.it\/es\/#website","url":"https:\/\/www.omrserrature.it\/es\/","name":"OMR Serrature | Produzione sistemi di chiusura","description":"Produzione serrature di sicurezza e sistemi di chiusura","publisher":{"@id":"https:\/\/www.omrserrature.it\/es\/#organization"},"potentialAction":[{"@type":"SearchAction","target":{"@type":"EntryPoint","urlTemplate":"https:\/\/www.omrserrature.it\/es\/?s={search_term_string}"},"query-input":{"@type":"PropertyValueSpecification","valueRequired":true,"valueName":"search_term_string"}}],"inLanguage":"es"},{"@type":"Organization","@id":"https:\/\/www.omrserrature.it\/es\/#organization","name":"OMR Serrature | Produzione sistemi di chiusura","url":"https:\/\/www.omrserrature.it\/es\/","logo":{"@type":"ImageObject","inLanguage":"es","@id":"https:\/\/www.omrserrature.it\/es\/#\/schema\/logo\/image\/","url":"https:\/\/www.omrserrature.it\/wp-content\/uploads\/2017\/09\/favicon-omr-114.png","contentUrl":"https:\/\/www.omrserrature.it\/wp-content\/uploads\/2017\/09\/favicon-omr-114.png","width":114,"height":114,"caption":"OMR Serrature | Produzione sistemi di chiusura"},"image":{"@id":"https:\/\/www.omrserrature.it\/es\/#\/schema\/logo\/image\/"},"sameAs":["https:\/\/www.facebook.com\/OMRserrature","https:\/\/www.linkedin.com\/company\/omrserrature\/","https:\/\/www.youtube.com\/channel\/UCxmA85z2R0EpG_6IRokiAkg"]}]}},"_links":{"self":[{"href":"https:\/\/www.omrserrature.it\/es\/wp-json\/wp\/v2\/product\/242611","targetHints":{"allow":["GET"]}}],"collection":[{"href":"https:\/\/www.omrserrature.it\/es\/wp-json\/wp\/v2\/product"}],"about":[{"href":"https:\/\/www.omrserrature.it\/es\/wp-json\/wp\/v2\/types\/product"}],"replies":[{"embeddable":true,"href":"https:\/\/www.omrserrature.it\/es\/wp-json\/wp\/v2\/comments?post=242611"}],"wp:featuredmedia":[{"embeddable":true,"href":"https:\/\/www.omrserrature.it\/es\/wp-json\/wp\/v2\/media\/3327"}],"wp:attachment":[{"href":"https:\/\/www.omrserrature.it\/es\/wp-json\/wp\/v2\/media?parent=242611"}],"wp:term":[{"taxonomy":"product_brand","embeddable":true,"href":"https:\/\/www.omrserrature.it\/es\/wp-json\/wp\/v2\/product_brand?post=242611"},{"taxonomy":"product_cat","embeddable":true,"href":"https:\/\/www.omrserrature.it\/es\/wp-json\/wp\/v2\/product_cat?post=242611"},{"taxonomy":"product_tag","embeddable":true,"href":"https:\/\/www.omrserrature.it\/es\/wp-json\/wp\/v2\/product_tag?post=242611"}],"curies":[{"name":"wp","href":"https:\/\/api.w.org\/{rel}","templated":true}]}}