{"id":242582,"date":"2017-10-12T13:51:57","date_gmt":"2012-10-17T11:51:00","guid":{"rendered":"https:\/\/www.staging6.omrserrature.it\/prodotto\/cerradura-para-cajoneras-de-oficina-ovalada-con-brujula\/"},"modified":"2026-04-08T12:48:10","modified_gmt":"2026-04-08T10:48:10","slug":"cerradura-para-cajoneras-de-oficina-ovalada-con-brujula","status":"publish","type":"product","link":"https:\/\/www.omrserrature.it\/es\/producto\/cerradura-para-cajoneras-de-oficina-ovalada-con-brujula\/","title":{"rendered":"Cerradura para cajoneras de oficina &#8211; ovalada con br\u00fajula"},"content":{"rendered":"<p>La <strong>cerradura para cajoneras de oficina &#8211; ovalada con br\u00fajula<\/strong> es la soluci\u00f3n ideal para quienes desean <strong>dotar a sus cajoneras de un sistema de cierre<\/strong> funcional, seguro y personalizable. Gracias a su dise\u00f1o compacto y su construcci\u00f3n robusta, esta cerradura de caj\u00f3n es adecuada para una gran variedad de contextos, desde oficinas hasta viviendas.  El mecanismo de l\u00e1minas interno ofrece un nivel de protecci\u00f3n adecuado, la cerradura <strong>tambi\u00e9n est\u00e1 disponible con bombin extra\u00edble<\/strong>, y el casquillo permite el <strong>cierre individual o centralizado de las cajoneras<\/strong>, garantizando un c\u00f3modo control sobre tus muebles.<\/p>\n<p>Para satisfacer mejor las necesidades de cada cliente, la cerradura puede <strong>personalizarse<\/strong> con varias opciones: llaves con manilla abatible para mayor comodidad del usuario, grabado del <strong>logotipo de la empresa<\/strong> o personal en la llave, <strong>placas antivuelco<\/strong> para mayor estabilidad, cifrado de la llave con <strong>passe-partout<\/strong> para simplificar la gesti\u00f3n de los accesos y, por \u00faltimo, un sistema de <strong>fijaci\u00f3n mediante horquilla como alternativa al acoplamiento r\u00e1pido (de serie)<\/strong>.<\/p>\n","protected":false},"excerpt":{"rendered":"<p>La <strong>cerradura para cajoneras de oficina &#8211; ovalada con br\u00fajula<\/strong> es la soluci\u00f3n ideal para quienes desean <strong>dotar a sus cajoneras de un sistema de cierre<\/strong> funcional, seguro y personalizable. Gracias a su dise\u00f1o compacto y su construcci\u00f3n robusta, esta cerradura de caj\u00f3n es adecuada para una gran variedad de contextos, desde oficinas hasta viviendas. <\/p>\n","protected":false},"featured_media":3315,"comment_status":"open","ping_status":"closed","template":"","meta":{"_acf_changed":false,"_et_pb_use_builder":"","_et_pb_old_content":"","_et_gb_content_width":""},"product_brand":[],"product_cat":[3989,3943,3951,3936,3916,3914,3899,3881,3994,3996],"product_tag":[],"class_list":{"0":"post-242582","1":"product","2":"type-product","3":"status-publish","4":"has-post-thumbnail","6":"product_cat-banca-y-correos","7":"product_cat-cerraduras-con-bombin-extraible","8":"product_cat-cerraduras-con-llave-maestra","9":"product_cat-cerraduras-de-pasador","10":"product_cat-cerraduras-para-archivadores","11":"product_cat-cerraduras-para-cajoneras","12":"product_cat-cerraduras-para-cajones-industriales","13":"product_cat-cerraduras-profesionales-para-muebles","14":"product_cat-hospital-y-sanidad","15":"product_cat-oficinas","17":"first","18":"instock","19":"shipping-taxable","20":"purchasable","21":"product-type-variable","22":"has-default-attributes"},"acf":{"pdf1":"https:\/\/www.omrserrature.it\/wp-content\/uploads\/schede\/Scheda_163431.pdf"},"yoast_head":"<!-- This site is optimized with the Yoast SEO plugin v27.2 - https:\/\/yoast.com\/product\/yoast-seo-wordpress\/ -->\n<title>Cerradura para cajoneras de oficina - ovalada con br\u00fajula - OMR Serrature<\/title>\n<meta name=\"robots\" content=\"index, follow, max-snippet:-1, max-image-preview:large, max-video-preview:-1\" \/>\n<link rel=\"canonical\" href=\"https:\/\/www.omrserrature.it\/es\/producto\/cerradura-para-cajoneras-de-oficina-ovalada-con-brujula\/\" \/>\n<meta property=\"og:locale\" content=\"es_ES\" \/>\n<meta property=\"og:type\" content=\"article\" \/>\n<meta property=\"og:title\" content=\"Cerradura para cajoneras de oficina - ovalada con br\u00fajula - OMR Serrature\" \/>\n<meta property=\"og:description\" content=\"La cerradura para cajoneras de oficina - ovalada con br\u00fajula es la soluci\u00f3n ideal para quienes desean dotar a sus cajoneras de un sistema de cierre funcional, seguro y personalizable. Gracias a su dise\u00f1o compacto y su construcci\u00f3n robusta, esta cerradura de caj\u00f3n es adecuada para una gran variedad de contextos, desde oficinas hasta viviendas.\" \/>\n<meta property=\"og:url\" content=\"https:\/\/www.omrserrature.it\/es\/producto\/cerradura-para-cajoneras-de-oficina-ovalada-con-brujula\/\" \/>\n<meta property=\"og:site_name\" content=\"OMR Serrature | Produzione sistemi di chiusura\" \/>\n<meta property=\"article:publisher\" content=\"https:\/\/www.facebook.com\/OMRserrature\" \/>\n<meta property=\"article:modified_time\" content=\"2026-04-08T10:48:10+00:00\" \/>\n<meta property=\"og:image\" content=\"https:\/\/www.omrserrature.it\/wp-content\/uploads\/2017\/10\/serratura-ovale-bussola.jpg\" \/>\n\t<meta property=\"og:image:width\" content=\"446\" \/>\n\t<meta property=\"og:image:height\" content=\"376\" \/>\n\t<meta property=\"og:image:type\" content=\"image\/jpeg\" \/>\n<meta name=\"twitter:card\" content=\"summary_large_image\" \/>\n<meta name=\"twitter:label1\" content=\"Tiempo de lectura\" \/>\n\t<meta name=\"twitter:data1\" content=\"1 minuto\" \/>\n<script type=\"application\/ld+json\" class=\"yoast-schema-graph\">{\"@context\":\"https:\/\/schema.org\",\"@graph\":[{\"@type\":\"WebPage\",\"@id\":\"https:\/\/www.omrserrature.it\/es\/producto\/cerradura-para-cajoneras-de-oficina-ovalada-con-brujula\/\",\"url\":\"https:\/\/www.omrserrature.it\/es\/producto\/cerradura-para-cajoneras-de-oficina-ovalada-con-brujula\/\",\"name\":\"Cerradura para cajoneras de oficina - ovalada con br\u00fajula - OMR Serrature\",\"isPartOf\":{\"@id\":\"https:\/\/www.omrserrature.it\/es\/#website\"},\"primaryImageOfPage\":{\"@id\":\"https:\/\/www.omrserrature.it\/es\/producto\/cerradura-para-cajoneras-de-oficina-ovalada-con-brujula\/#primaryimage\"},\"image\":{\"@id\":\"https:\/\/www.omrserrature.it\/es\/producto\/cerradura-para-cajoneras-de-oficina-ovalada-con-brujula\/#primaryimage\"},\"thumbnailUrl\":\"https:\/\/www.omrserrature.it\/wp-content\/uploads\/2017\/10\/serratura-ovale-bussola.jpg\",\"datePublished\":\"2012-10-17T11:51:00+00:00\",\"dateModified\":\"2026-04-08T10:48:10+00:00\",\"breadcrumb\":{\"@id\":\"https:\/\/www.omrserrature.it\/es\/producto\/cerradura-para-cajoneras-de-oficina-ovalada-con-brujula\/#breadcrumb\"},\"inLanguage\":\"es\",\"potentialAction\":[{\"@type\":\"ReadAction\",\"target\":[\"https:\/\/www.omrserrature.it\/es\/producto\/cerradura-para-cajoneras-de-oficina-ovalada-con-brujula\/\"]}]},{\"@type\":\"ImageObject\",\"inLanguage\":\"es\",\"@id\":\"https:\/\/www.omrserrature.it\/es\/producto\/cerradura-para-cajoneras-de-oficina-ovalada-con-brujula\/#primaryimage\",\"url\":\"https:\/\/www.omrserrature.it\/wp-content\/uploads\/2017\/10\/serratura-ovale-bussola.jpg\",\"contentUrl\":\"https:\/\/www.omrserrature.it\/wp-content\/uploads\/2017\/10\/serratura-ovale-bussola.jpg\",\"width\":446,\"height\":376,\"caption\":\"Cerradura para cajoneras de oficina - ovalada con br\u00fajula\"},{\"@type\":\"BreadcrumbList\",\"@id\":\"https:\/\/www.omrserrature.it\/es\/producto\/cerradura-para-cajoneras-de-oficina-ovalada-con-brujula\/#breadcrumb\",\"itemListElement\":[{\"@type\":\"ListItem\",\"position\":1,\"name\":\"Home\",\"item\":\"https:\/\/www.omrserrature.it\/es\/omr-cerradiras-y-sistemas-de-cierre\/\"},{\"@type\":\"ListItem\",\"position\":2,\"name\":\"Cat\u00e1logo\",\"item\":\"https:\/\/www.omrserrature.it\/catalogo\/?lang=es\"},{\"@type\":\"ListItem\",\"position\":3,\"name\":\"Productos\",\"item\":\"https:\/\/www.omrserrature.it\/es\/inventario\/productos\/\"},{\"@type\":\"ListItem\",\"position\":4,\"name\":\"Cerraduras\",\"item\":\"https:\/\/www.omrserrature.it\/es\/inventario\/productos\/cerraduras\/\"},{\"@type\":\"ListItem\",\"position\":5,\"name\":\"Cerraduras con llave maestra\",\"item\":\"https:\/\/www.omrserrature.it\/es\/inventario\/productos\/cerraduras\/cerraduras-con-llave-maestra\/\"},{\"@type\":\"ListItem\",\"position\":6,\"name\":\"Cerradura para cajoneras de oficina &#8211; ovalada con br\u00fajula\"}]},{\"@type\":\"WebSite\",\"@id\":\"https:\/\/www.omrserrature.it\/es\/#website\",\"url\":\"https:\/\/www.omrserrature.it\/es\/\",\"name\":\"OMR Serrature | Produzione sistemi di chiusura\",\"description\":\"Produzione serrature di sicurezza e sistemi di chiusura\",\"publisher\":{\"@id\":\"https:\/\/www.omrserrature.it\/es\/#organization\"},\"potentialAction\":[{\"@type\":\"SearchAction\",\"target\":{\"@type\":\"EntryPoint\",\"urlTemplate\":\"https:\/\/www.omrserrature.it\/es\/?s={search_term_string}\"},\"query-input\":{\"@type\":\"PropertyValueSpecification\",\"valueRequired\":true,\"valueName\":\"search_term_string\"}}],\"inLanguage\":\"es\"},{\"@type\":\"Organization\",\"@id\":\"https:\/\/www.omrserrature.it\/es\/#organization\",\"name\":\"OMR Serrature | Produzione sistemi di chiusura\",\"url\":\"https:\/\/www.omrserrature.it\/es\/\",\"logo\":{\"@type\":\"ImageObject\",\"inLanguage\":\"es\",\"@id\":\"https:\/\/www.omrserrature.it\/es\/#\/schema\/logo\/image\/\",\"url\":\"https:\/\/www.omrserrature.it\/wp-content\/uploads\/2017\/09\/favicon-omr-114.png\",\"contentUrl\":\"https:\/\/www.omrserrature.it\/wp-content\/uploads\/2017\/09\/favicon-omr-114.png\",\"width\":114,\"height\":114,\"caption\":\"OMR Serrature | Produzione sistemi di chiusura\"},\"image\":{\"@id\":\"https:\/\/www.omrserrature.it\/es\/#\/schema\/logo\/image\/\"},\"sameAs\":[\"https:\/\/www.facebook.com\/OMRserrature\",\"https:\/\/www.linkedin.com\/company\/omrserrature\/\",\"https:\/\/www.youtube.com\/channel\/UCxmA85z2R0EpG_6IRokiAkg\"]}]}<\/script>\n<!-- \/ Yoast SEO plugin. -->","yoast_head_json":{"title":"Cerradura para cajoneras de oficina - ovalada con br\u00fajula - OMR Serrature","robots":{"index":"index","follow":"follow","max-snippet":"max-snippet:-1","max-image-preview":"max-image-preview:large","max-video-preview":"max-video-preview:-1"},"canonical":"https:\/\/www.omrserrature.it\/es\/producto\/cerradura-para-cajoneras-de-oficina-ovalada-con-brujula\/","og_locale":"es_ES","og_type":"article","og_title":"Cerradura para cajoneras de oficina - ovalada con br\u00fajula - OMR Serrature","og_description":"La cerradura para cajoneras de oficina - ovalada con br\u00fajula es la soluci\u00f3n ideal para quienes desean dotar a sus cajoneras de un sistema de cierre funcional, seguro y personalizable. Gracias a su dise\u00f1o compacto y su construcci\u00f3n robusta, esta cerradura de caj\u00f3n es adecuada para una gran variedad de contextos, desde oficinas hasta viviendas.","og_url":"https:\/\/www.omrserrature.it\/es\/producto\/cerradura-para-cajoneras-de-oficina-ovalada-con-brujula\/","og_site_name":"OMR Serrature | Produzione sistemi di chiusura","article_publisher":"https:\/\/www.facebook.com\/OMRserrature","article_modified_time":"2026-04-08T10:48:10+00:00","og_image":[{"width":446,"height":376,"url":"https:\/\/www.omrserrature.it\/wp-content\/uploads\/2017\/10\/serratura-ovale-bussola.jpg","type":"image\/jpeg"}],"twitter_card":"summary_large_image","twitter_misc":{"Tiempo de lectura":"1 minuto"},"schema":{"@context":"https:\/\/schema.org","@graph":[{"@type":"WebPage","@id":"https:\/\/www.omrserrature.it\/es\/producto\/cerradura-para-cajoneras-de-oficina-ovalada-con-brujula\/","url":"https:\/\/www.omrserrature.it\/es\/producto\/cerradura-para-cajoneras-de-oficina-ovalada-con-brujula\/","name":"Cerradura para cajoneras de oficina - ovalada con br\u00fajula - OMR Serrature","isPartOf":{"@id":"https:\/\/www.omrserrature.it\/es\/#website"},"primaryImageOfPage":{"@id":"https:\/\/www.omrserrature.it\/es\/producto\/cerradura-para-cajoneras-de-oficina-ovalada-con-brujula\/#primaryimage"},"image":{"@id":"https:\/\/www.omrserrature.it\/es\/producto\/cerradura-para-cajoneras-de-oficina-ovalada-con-brujula\/#primaryimage"},"thumbnailUrl":"https:\/\/www.omrserrature.it\/wp-content\/uploads\/2017\/10\/serratura-ovale-bussola.jpg","datePublished":"2012-10-17T11:51:00+00:00","dateModified":"2026-04-08T10:48:10+00:00","breadcrumb":{"@id":"https:\/\/www.omrserrature.it\/es\/producto\/cerradura-para-cajoneras-de-oficina-ovalada-con-brujula\/#breadcrumb"},"inLanguage":"es","potentialAction":[{"@type":"ReadAction","target":["https:\/\/www.omrserrature.it\/es\/producto\/cerradura-para-cajoneras-de-oficina-ovalada-con-brujula\/"]}]},{"@type":"ImageObject","inLanguage":"es","@id":"https:\/\/www.omrserrature.it\/es\/producto\/cerradura-para-cajoneras-de-oficina-ovalada-con-brujula\/#primaryimage","url":"https:\/\/www.omrserrature.it\/wp-content\/uploads\/2017\/10\/serratura-ovale-bussola.jpg","contentUrl":"https:\/\/www.omrserrature.it\/wp-content\/uploads\/2017\/10\/serratura-ovale-bussola.jpg","width":446,"height":376,"caption":"Cerradura para cajoneras de oficina - ovalada con br\u00fajula"},{"@type":"BreadcrumbList","@id":"https:\/\/www.omrserrature.it\/es\/producto\/cerradura-para-cajoneras-de-oficina-ovalada-con-brujula\/#breadcrumb","itemListElement":[{"@type":"ListItem","position":1,"name":"Home","item":"https:\/\/www.omrserrature.it\/es\/omr-cerradiras-y-sistemas-de-cierre\/"},{"@type":"ListItem","position":2,"name":"Cat\u00e1logo","item":"https:\/\/www.omrserrature.it\/catalogo\/?lang=es"},{"@type":"ListItem","position":3,"name":"Productos","item":"https:\/\/www.omrserrature.it\/es\/inventario\/productos\/"},{"@type":"ListItem","position":4,"name":"Cerraduras","item":"https:\/\/www.omrserrature.it\/es\/inventario\/productos\/cerraduras\/"},{"@type":"ListItem","position":5,"name":"Cerraduras con llave maestra","item":"https:\/\/www.omrserrature.it\/es\/inventario\/productos\/cerraduras\/cerraduras-con-llave-maestra\/"},{"@type":"ListItem","position":6,"name":"Cerradura para cajoneras de oficina &#8211; ovalada con br\u00fajula"}]},{"@type":"WebSite","@id":"https:\/\/www.omrserrature.it\/es\/#website","url":"https:\/\/www.omrserrature.it\/es\/","name":"OMR Serrature | Produzione sistemi di chiusura","description":"Produzione serrature di sicurezza e sistemi di chiusura","publisher":{"@id":"https:\/\/www.omrserrature.it\/es\/#organization"},"potentialAction":[{"@type":"SearchAction","target":{"@type":"EntryPoint","urlTemplate":"https:\/\/www.omrserrature.it\/es\/?s={search_term_string}"},"query-input":{"@type":"PropertyValueSpecification","valueRequired":true,"valueName":"search_term_string"}}],"inLanguage":"es"},{"@type":"Organization","@id":"https:\/\/www.omrserrature.it\/es\/#organization","name":"OMR Serrature | Produzione sistemi di chiusura","url":"https:\/\/www.omrserrature.it\/es\/","logo":{"@type":"ImageObject","inLanguage":"es","@id":"https:\/\/www.omrserrature.it\/es\/#\/schema\/logo\/image\/","url":"https:\/\/www.omrserrature.it\/wp-content\/uploads\/2017\/09\/favicon-omr-114.png","contentUrl":"https:\/\/www.omrserrature.it\/wp-content\/uploads\/2017\/09\/favicon-omr-114.png","width":114,"height":114,"caption":"OMR Serrature | Produzione sistemi di chiusura"},"image":{"@id":"https:\/\/www.omrserrature.it\/es\/#\/schema\/logo\/image\/"},"sameAs":["https:\/\/www.facebook.com\/OMRserrature","https:\/\/www.linkedin.com\/company\/omrserrature\/","https:\/\/www.youtube.com\/channel\/UCxmA85z2R0EpG_6IRokiAkg"]}]}},"_links":{"self":[{"href":"https:\/\/www.omrserrature.it\/es\/wp-json\/wp\/v2\/product\/242582","targetHints":{"allow":["GET"]}}],"collection":[{"href":"https:\/\/www.omrserrature.it\/es\/wp-json\/wp\/v2\/product"}],"about":[{"href":"https:\/\/www.omrserrature.it\/es\/wp-json\/wp\/v2\/types\/product"}],"replies":[{"embeddable":true,"href":"https:\/\/www.omrserrature.it\/es\/wp-json\/wp\/v2\/comments?post=242582"}],"wp:featuredmedia":[{"embeddable":true,"href":"https:\/\/www.omrserrature.it\/es\/wp-json\/wp\/v2\/media\/3315"}],"wp:attachment":[{"href":"https:\/\/www.omrserrature.it\/es\/wp-json\/wp\/v2\/media?parent=242582"}],"wp:term":[{"taxonomy":"product_brand","embeddable":true,"href":"https:\/\/www.omrserrature.it\/es\/wp-json\/wp\/v2\/product_brand?post=242582"},{"taxonomy":"product_cat","embeddable":true,"href":"https:\/\/www.omrserrature.it\/es\/wp-json\/wp\/v2\/product_cat?post=242582"},{"taxonomy":"product_tag","embeddable":true,"href":"https:\/\/www.omrserrature.it\/es\/wp-json\/wp\/v2\/product_tag?post=242582"}],"curies":[{"name":"wp","href":"https:\/\/api.w.org\/{rel}","templated":true}]}}