{"id":242569,"date":"2017-10-12T14:45:24","date_gmt":"2012-10-17T12:45:00","guid":{"rendered":"https:\/\/www.staging6.omrserrature.it\/prodotto\/cerradura-para-cajoneras-de-oficina-oval-con-varilla\/"},"modified":"2026-04-08T12:48:17","modified_gmt":"2026-04-08T10:48:17","slug":"cerradura-para-cajoneras-de-oficina-oval-con-varilla","status":"publish","type":"product","link":"https:\/\/www.omrserrature.it\/es\/producto\/cerradura-para-cajoneras-de-oficina-oval-con-varilla\/","title":{"rendered":"Cerradura para cajoneras de oficina &#8211; Oval con varilla"},"content":{"rendered":"<p><strong>Cerradura para cajones<\/strong> de metal y madera, de forma ovalada, suele instalarse en posici\u00f3n central. Consiste en un buje de tecnopol\u00edmero negro en el que se mueve un bombin de aleaci\u00f3n de aluminio con cerradura. En esta versi\u00f3n,<strong> la cerradura est\u00e1 equipada con una varilla met\u00e1lica que permite alargar la longitud del pasador<\/strong>, en cuyo extremo encontramos un pasador para <strong>manejar el mecanismo de cierre en la parte inferior de la cajonera<\/strong>. La tecnolog\u00eda de l\u00e1minas proporciona una seguridad adecuada al tipo de aplicaci\u00f3n y puede equiparse con un sistema de llave maestra (MK). La cerradura para cajoneras con extensi\u00f3n met\u00e1lica est\u00e1 equipada con <strong>un cierre r\u00e1pido<\/strong> para una instalaci\u00f3n sencilla e inmediata.    <\/p>\n<p><strong>Atenci\u00f3n<\/strong>: especifica la longitud de la varilla <span style=\"text-decoration: underline;\">en los comentarios del pedido. <\/span><\/p>\n","protected":false},"excerpt":{"rendered":"<p><strong>La cerradura para cajoneras<\/strong> de metal y madera con <strong>forma ovalada<\/strong> suele instalarse en posici\u00f3n central. En esta versi\u00f3n, la cerradura est\u00e1 equipada con <strong>una varilla met\u00e1lica que permite alargar la longitud del pasador<\/strong>, en cuyo extremo hay un peque\u00f1o mando<strong> para accionar el mecanismo de cierre en la parte inferior de la cajonera<\/strong>. <\/p>\n","protected":false},"featured_media":3309,"comment_status":"open","ping_status":"closed","template":"","meta":{"_acf_changed":false,"_et_pb_use_builder":"off","_et_pb_old_content":"Se est\u00e1 actualizando la descripci\u00f3n de la Cerradura\n\n","_et_gb_content_width":""},"product_brand":[],"product_cat":[3989,3943,3951,3936,3916,3899,3881,3994,3996],"product_tag":[],"class_list":{"0":"post-242569","1":"product","2":"type-product","3":"status-publish","4":"has-post-thumbnail","6":"product_cat-banca-y-correos","7":"product_cat-cerraduras-con-bombin-extraible","8":"product_cat-cerraduras-con-llave-maestra","9":"product_cat-cerraduras-de-pasador","10":"product_cat-cerraduras-para-archivadores","11":"product_cat-cerraduras-para-cajones-industriales","12":"product_cat-cerraduras-profesionales-para-muebles","13":"product_cat-hospital-y-sanidad","14":"product_cat-oficinas","16":"first","17":"instock","18":"shipping-taxable","19":"product-type-simple"},"acf":{"pdf1":"https:\/\/www.omrserrature.it\/wp-content\/uploads\/2017\/10\/Scheda_163405.pdf"},"yoast_head":"<!-- This site is optimized with the Yoast SEO plugin v27.2 - https:\/\/yoast.com\/product\/yoast-seo-wordpress\/ -->\n<title>Cerradura para cajoneras de oficina - Oval con varilla - OMR Serrature<\/title>\n<meta name=\"robots\" content=\"index, follow, max-snippet:-1, max-image-preview:large, max-video-preview:-1\" \/>\n<link rel=\"canonical\" href=\"https:\/\/www.omrserrature.it\/es\/producto\/cerradura-para-cajoneras-de-oficina-oval-con-varilla\/\" \/>\n<meta property=\"og:locale\" content=\"es_ES\" \/>\n<meta property=\"og:type\" content=\"article\" \/>\n<meta property=\"og:title\" content=\"Cerradura para cajoneras de oficina - Oval con varilla - OMR Serrature\" \/>\n<meta property=\"og:description\" content=\"La cerradura para cajoneras de metal y madera con forma ovalada suele instalarse en posici\u00f3n central. En esta versi\u00f3n, la cerradura est\u00e1 equipada con una varilla met\u00e1lica que permite alargar la longitud del pasador, en cuyo extremo hay un peque\u00f1o mando para accionar el mecanismo de cierre en la parte inferior de la cajonera.\" \/>\n<meta property=\"og:url\" content=\"https:\/\/www.omrserrature.it\/es\/producto\/cerradura-para-cajoneras-de-oficina-oval-con-varilla\/\" \/>\n<meta property=\"og:site_name\" content=\"OMR Serrature | Produzione sistemi di chiusura\" \/>\n<meta property=\"article:publisher\" content=\"https:\/\/www.facebook.com\/OMRserrature\" \/>\n<meta property=\"article:modified_time\" content=\"2026-04-08T10:48:17+00:00\" \/>\n<meta property=\"og:image\" content=\"https:\/\/www.omrserrature.it\/wp-content\/uploads\/2017\/10\/serratura-ovale-asta.jpg\" \/>\n\t<meta property=\"og:image:width\" content=\"796\" \/>\n\t<meta property=\"og:image:height\" content=\"563\" \/>\n\t<meta property=\"og:image:type\" content=\"image\/jpeg\" \/>\n<meta name=\"twitter:card\" content=\"summary_large_image\" \/>\n<meta name=\"twitter:label1\" content=\"Tiempo de lectura\" \/>\n\t<meta name=\"twitter:data1\" content=\"1 minuto\" \/>\n<script type=\"application\/ld+json\" class=\"yoast-schema-graph\">{\"@context\":\"https:\/\/schema.org\",\"@graph\":[{\"@type\":\"WebPage\",\"@id\":\"https:\/\/www.omrserrature.it\/es\/producto\/cerradura-para-cajoneras-de-oficina-oval-con-varilla\/\",\"url\":\"https:\/\/www.omrserrature.it\/es\/producto\/cerradura-para-cajoneras-de-oficina-oval-con-varilla\/\",\"name\":\"Cerradura para cajoneras de oficina - Oval con varilla - OMR Serrature\",\"isPartOf\":{\"@id\":\"https:\/\/www.omrserrature.it\/es\/#website\"},\"primaryImageOfPage\":{\"@id\":\"https:\/\/www.omrserrature.it\/es\/producto\/cerradura-para-cajoneras-de-oficina-oval-con-varilla\/#primaryimage\"},\"image\":{\"@id\":\"https:\/\/www.omrserrature.it\/es\/producto\/cerradura-para-cajoneras-de-oficina-oval-con-varilla\/#primaryimage\"},\"thumbnailUrl\":\"https:\/\/www.omrserrature.it\/wp-content\/uploads\/2017\/10\/serratura-ovale-asta.jpg\",\"datePublished\":\"2012-10-17T12:45:00+00:00\",\"dateModified\":\"2026-04-08T10:48:17+00:00\",\"breadcrumb\":{\"@id\":\"https:\/\/www.omrserrature.it\/es\/producto\/cerradura-para-cajoneras-de-oficina-oval-con-varilla\/#breadcrumb\"},\"inLanguage\":\"es\",\"potentialAction\":[{\"@type\":\"ReadAction\",\"target\":[\"https:\/\/www.omrserrature.it\/es\/producto\/cerradura-para-cajoneras-de-oficina-oval-con-varilla\/\"]}]},{\"@type\":\"ImageObject\",\"inLanguage\":\"es\",\"@id\":\"https:\/\/www.omrserrature.it\/es\/producto\/cerradura-para-cajoneras-de-oficina-oval-con-varilla\/#primaryimage\",\"url\":\"https:\/\/www.omrserrature.it\/wp-content\/uploads\/2017\/10\/serratura-ovale-asta.jpg\",\"contentUrl\":\"https:\/\/www.omrserrature.it\/wp-content\/uploads\/2017\/10\/serratura-ovale-asta.jpg\",\"width\":796,\"height\":563,\"caption\":\"Cerradura ovalada con varilla - L\u00e1minas, resorte de presi\u00f3n\"},{\"@type\":\"BreadcrumbList\",\"@id\":\"https:\/\/www.omrserrature.it\/es\/producto\/cerradura-para-cajoneras-de-oficina-oval-con-varilla\/#breadcrumb\",\"itemListElement\":[{\"@type\":\"ListItem\",\"position\":1,\"name\":\"Home\",\"item\":\"https:\/\/www.omrserrature.it\/es\/omr-cerradiras-y-sistemas-de-cierre\/\"},{\"@type\":\"ListItem\",\"position\":2,\"name\":\"Cat\u00e1logo\",\"item\":\"https:\/\/www.omrserrature.it\/catalogo\/?lang=es\"},{\"@type\":\"ListItem\",\"position\":3,\"name\":\"Productos\",\"item\":\"https:\/\/www.omrserrature.it\/es\/inventario\/productos\/\"},{\"@type\":\"ListItem\",\"position\":4,\"name\":\"Cerraduras\",\"item\":\"https:\/\/www.omrserrature.it\/es\/inventario\/productos\/cerraduras\/\"},{\"@type\":\"ListItem\",\"position\":5,\"name\":\"Cerraduras con bombin extra\u00edble\",\"item\":\"https:\/\/www.omrserrature.it\/es\/inventario\/productos\/cerraduras\/cerraduras-con-bombin-extraible\/\"},{\"@type\":\"ListItem\",\"position\":6,\"name\":\"Cerradura para cajoneras de oficina &#8211; Oval con varilla\"}]},{\"@type\":\"WebSite\",\"@id\":\"https:\/\/www.omrserrature.it\/es\/#website\",\"url\":\"https:\/\/www.omrserrature.it\/es\/\",\"name\":\"OMR Serrature | Produzione sistemi di chiusura\",\"description\":\"Produzione serrature di sicurezza e sistemi di chiusura\",\"publisher\":{\"@id\":\"https:\/\/www.omrserrature.it\/es\/#organization\"},\"potentialAction\":[{\"@type\":\"SearchAction\",\"target\":{\"@type\":\"EntryPoint\",\"urlTemplate\":\"https:\/\/www.omrserrature.it\/es\/?s={search_term_string}\"},\"query-input\":{\"@type\":\"PropertyValueSpecification\",\"valueRequired\":true,\"valueName\":\"search_term_string\"}}],\"inLanguage\":\"es\"},{\"@type\":\"Organization\",\"@id\":\"https:\/\/www.omrserrature.it\/es\/#organization\",\"name\":\"OMR Serrature | Produzione sistemi di chiusura\",\"url\":\"https:\/\/www.omrserrature.it\/es\/\",\"logo\":{\"@type\":\"ImageObject\",\"inLanguage\":\"es\",\"@id\":\"https:\/\/www.omrserrature.it\/es\/#\/schema\/logo\/image\/\",\"url\":\"https:\/\/www.omrserrature.it\/wp-content\/uploads\/2017\/09\/favicon-omr-114.png\",\"contentUrl\":\"https:\/\/www.omrserrature.it\/wp-content\/uploads\/2017\/09\/favicon-omr-114.png\",\"width\":114,\"height\":114,\"caption\":\"OMR Serrature | Produzione sistemi di chiusura\"},\"image\":{\"@id\":\"https:\/\/www.omrserrature.it\/es\/#\/schema\/logo\/image\/\"},\"sameAs\":[\"https:\/\/www.facebook.com\/OMRserrature\",\"https:\/\/www.linkedin.com\/company\/omrserrature\/\",\"https:\/\/www.youtube.com\/channel\/UCxmA85z2R0EpG_6IRokiAkg\"]}]}<\/script>\n<!-- \/ Yoast SEO plugin. -->","yoast_head_json":{"title":"Cerradura para cajoneras de oficina - Oval con varilla - OMR Serrature","robots":{"index":"index","follow":"follow","max-snippet":"max-snippet:-1","max-image-preview":"max-image-preview:large","max-video-preview":"max-video-preview:-1"},"canonical":"https:\/\/www.omrserrature.it\/es\/producto\/cerradura-para-cajoneras-de-oficina-oval-con-varilla\/","og_locale":"es_ES","og_type":"article","og_title":"Cerradura para cajoneras de oficina - Oval con varilla - OMR Serrature","og_description":"La cerradura para cajoneras de metal y madera con forma ovalada suele instalarse en posici\u00f3n central. En esta versi\u00f3n, la cerradura est\u00e1 equipada con una varilla met\u00e1lica que permite alargar la longitud del pasador, en cuyo extremo hay un peque\u00f1o mando para accionar el mecanismo de cierre en la parte inferior de la cajonera.","og_url":"https:\/\/www.omrserrature.it\/es\/producto\/cerradura-para-cajoneras-de-oficina-oval-con-varilla\/","og_site_name":"OMR Serrature | Produzione sistemi di chiusura","article_publisher":"https:\/\/www.facebook.com\/OMRserrature","article_modified_time":"2026-04-08T10:48:17+00:00","og_image":[{"width":796,"height":563,"url":"https:\/\/www.omrserrature.it\/wp-content\/uploads\/2017\/10\/serratura-ovale-asta.jpg","type":"image\/jpeg"}],"twitter_card":"summary_large_image","twitter_misc":{"Tiempo de lectura":"1 minuto"},"schema":{"@context":"https:\/\/schema.org","@graph":[{"@type":"WebPage","@id":"https:\/\/www.omrserrature.it\/es\/producto\/cerradura-para-cajoneras-de-oficina-oval-con-varilla\/","url":"https:\/\/www.omrserrature.it\/es\/producto\/cerradura-para-cajoneras-de-oficina-oval-con-varilla\/","name":"Cerradura para cajoneras de oficina - Oval con varilla - OMR Serrature","isPartOf":{"@id":"https:\/\/www.omrserrature.it\/es\/#website"},"primaryImageOfPage":{"@id":"https:\/\/www.omrserrature.it\/es\/producto\/cerradura-para-cajoneras-de-oficina-oval-con-varilla\/#primaryimage"},"image":{"@id":"https:\/\/www.omrserrature.it\/es\/producto\/cerradura-para-cajoneras-de-oficina-oval-con-varilla\/#primaryimage"},"thumbnailUrl":"https:\/\/www.omrserrature.it\/wp-content\/uploads\/2017\/10\/serratura-ovale-asta.jpg","datePublished":"2012-10-17T12:45:00+00:00","dateModified":"2026-04-08T10:48:17+00:00","breadcrumb":{"@id":"https:\/\/www.omrserrature.it\/es\/producto\/cerradura-para-cajoneras-de-oficina-oval-con-varilla\/#breadcrumb"},"inLanguage":"es","potentialAction":[{"@type":"ReadAction","target":["https:\/\/www.omrserrature.it\/es\/producto\/cerradura-para-cajoneras-de-oficina-oval-con-varilla\/"]}]},{"@type":"ImageObject","inLanguage":"es","@id":"https:\/\/www.omrserrature.it\/es\/producto\/cerradura-para-cajoneras-de-oficina-oval-con-varilla\/#primaryimage","url":"https:\/\/www.omrserrature.it\/wp-content\/uploads\/2017\/10\/serratura-ovale-asta.jpg","contentUrl":"https:\/\/www.omrserrature.it\/wp-content\/uploads\/2017\/10\/serratura-ovale-asta.jpg","width":796,"height":563,"caption":"Cerradura ovalada con varilla - L\u00e1minas, resorte de presi\u00f3n"},{"@type":"BreadcrumbList","@id":"https:\/\/www.omrserrature.it\/es\/producto\/cerradura-para-cajoneras-de-oficina-oval-con-varilla\/#breadcrumb","itemListElement":[{"@type":"ListItem","position":1,"name":"Home","item":"https:\/\/www.omrserrature.it\/es\/omr-cerradiras-y-sistemas-de-cierre\/"},{"@type":"ListItem","position":2,"name":"Cat\u00e1logo","item":"https:\/\/www.omrserrature.it\/catalogo\/?lang=es"},{"@type":"ListItem","position":3,"name":"Productos","item":"https:\/\/www.omrserrature.it\/es\/inventario\/productos\/"},{"@type":"ListItem","position":4,"name":"Cerraduras","item":"https:\/\/www.omrserrature.it\/es\/inventario\/productos\/cerraduras\/"},{"@type":"ListItem","position":5,"name":"Cerraduras con bombin extra\u00edble","item":"https:\/\/www.omrserrature.it\/es\/inventario\/productos\/cerraduras\/cerraduras-con-bombin-extraible\/"},{"@type":"ListItem","position":6,"name":"Cerradura para cajoneras de oficina &#8211; Oval con varilla"}]},{"@type":"WebSite","@id":"https:\/\/www.omrserrature.it\/es\/#website","url":"https:\/\/www.omrserrature.it\/es\/","name":"OMR Serrature | Produzione sistemi di chiusura","description":"Produzione serrature di sicurezza e sistemi di chiusura","publisher":{"@id":"https:\/\/www.omrserrature.it\/es\/#organization"},"potentialAction":[{"@type":"SearchAction","target":{"@type":"EntryPoint","urlTemplate":"https:\/\/www.omrserrature.it\/es\/?s={search_term_string}"},"query-input":{"@type":"PropertyValueSpecification","valueRequired":true,"valueName":"search_term_string"}}],"inLanguage":"es"},{"@type":"Organization","@id":"https:\/\/www.omrserrature.it\/es\/#organization","name":"OMR Serrature | Produzione sistemi di chiusura","url":"https:\/\/www.omrserrature.it\/es\/","logo":{"@type":"ImageObject","inLanguage":"es","@id":"https:\/\/www.omrserrature.it\/es\/#\/schema\/logo\/image\/","url":"https:\/\/www.omrserrature.it\/wp-content\/uploads\/2017\/09\/favicon-omr-114.png","contentUrl":"https:\/\/www.omrserrature.it\/wp-content\/uploads\/2017\/09\/favicon-omr-114.png","width":114,"height":114,"caption":"OMR Serrature | Produzione sistemi di chiusura"},"image":{"@id":"https:\/\/www.omrserrature.it\/es\/#\/schema\/logo\/image\/"},"sameAs":["https:\/\/www.facebook.com\/OMRserrature","https:\/\/www.linkedin.com\/company\/omrserrature\/","https:\/\/www.youtube.com\/channel\/UCxmA85z2R0EpG_6IRokiAkg"]}]}},"_links":{"self":[{"href":"https:\/\/www.omrserrature.it\/es\/wp-json\/wp\/v2\/product\/242569","targetHints":{"allow":["GET"]}}],"collection":[{"href":"https:\/\/www.omrserrature.it\/es\/wp-json\/wp\/v2\/product"}],"about":[{"href":"https:\/\/www.omrserrature.it\/es\/wp-json\/wp\/v2\/types\/product"}],"replies":[{"embeddable":true,"href":"https:\/\/www.omrserrature.it\/es\/wp-json\/wp\/v2\/comments?post=242569"}],"wp:featuredmedia":[{"embeddable":true,"href":"https:\/\/www.omrserrature.it\/es\/wp-json\/wp\/v2\/media\/3309"}],"wp:attachment":[{"href":"https:\/\/www.omrserrature.it\/es\/wp-json\/wp\/v2\/media?parent=242569"}],"wp:term":[{"taxonomy":"product_brand","embeddable":true,"href":"https:\/\/www.omrserrature.it\/es\/wp-json\/wp\/v2\/product_brand?post=242569"},{"taxonomy":"product_cat","embeddable":true,"href":"https:\/\/www.omrserrature.it\/es\/wp-json\/wp\/v2\/product_cat?post=242569"},{"taxonomy":"product_tag","embeddable":true,"href":"https:\/\/www.omrserrature.it\/es\/wp-json\/wp\/v2\/product_tag?post=242569"}],"curies":[{"name":"wp","href":"https:\/\/api.w.org\/{rel}","templated":true}]}}