{"id":242558,"date":"2017-10-16T10:18:37","date_gmt":"2016-10-17T08:18:00","guid":{"rendered":"https:\/\/www.staging6.omrserrature.it\/prodotto\/cerradura-de-boton-ovalada-para-puertas-correderas\/"},"modified":"2026-04-08T12:23:41","modified_gmt":"2026-04-08T10:23:41","slug":"cerradura-de-boton-ovalada-para-puertas-correderas","status":"publish","type":"product","link":"https:\/\/www.omrserrature.it\/es\/producto\/cerradura-de-boton-ovalada-para-puertas-correderas\/","title":{"rendered":"Cerradura de bot\u00f3n ovalada para puertas correderas"},"content":{"rendered":"<p>La <strong>cerradura de bot\u00f3n para puertas correderas met\u00e1licas y de madera<\/strong>, de forma ovalada, tiene un <strong>buje de tecnopol\u00edmero negro<\/strong> en el que se mueve un bot\u00f3n de aleaci\u00f3n de aluminio con cerradura. La tecnolog\u00eda de placas o de l\u00e1minas garantiza una seguridad adecuada al tipo de aplicaci\u00f3n y puede equiparse con un sistema de llave maestra (MK).  Una vez introducida la llave, hay que <strong>empujarla para poder girarla<\/strong> y cerrarla. Sin embargo, al abrirlo, basta con girar la llave para que el muelle empuje el bot\u00f3n a la posici\u00f3n de apertura.<\/p>\n<p>La palanca trasera s\u00f3lo tiene un tama\u00f1o, ya que debe poder pasar y moverse correctamente dentro de la plantilla de perforaci\u00f3n de las puertas correderas.<\/p>\n<p>La cerradura de bot\u00f3n se utiliza habitualmente en <strong>muebles de chapa<\/strong>, tanto en oficinas como en talleres, laboratorios, comunidades, alojamientos, universidades, hospitales y, en general, <strong>en mobiliario sanitario e industrial.<\/strong><\/p>\n","protected":false},"excerpt":{"rendered":"<p>La <strong>cerradura de bot\u00f3n para puertas correderas de metal y madera<\/strong>, de forma ovalada, tiene un <strong>buje de tecnopol\u00edmero negro<\/strong> en el que se mueve un bot\u00f3n de aleaci\u00f3n de aluminio con cerradura. La cerradura de bot\u00f3n se suele utilizar en <strong>muebles de<\/strong> chapa, tanto en oficinas como en talleres, laboratorios, comunidades, alojamientos, universidades, hospitales y, en general, <strong>en mobiliario sanitario e industrial.<\/strong> <\/p>\n","protected":false},"featured_media":18516,"comment_status":"open","ping_status":"closed","template":"","meta":{"_acf_changed":false,"_et_pb_use_builder":"off","_et_pb_old_content":"La <strong>cerradura de bot\u00f3n<\/strong>, de forma ovalada, tiene un buje de tecnopol\u00edmero negro en el que se mueve un bot\u00f3n de aleaci\u00f3n de aluminio con cerradura. La tecnolog\u00eda de placas proporciona la seguridad adecuada para el tipo de aplicaci\u00f3n y puede equiparse con un sistema de llave maestra (MK). Una vez introducida la llave, hay que empujarla para poder girarla y Cerrarla. Sin embargo, al abrirlo, basta con girar la llave para que el muelle devuelva el bot\u00f3n a la posici\u00f3n de abierto.\n\nLa leva trasera s\u00f3lo tiene un tama\u00f1o, ya que debe poder pasar y moverse correctamente dentro de la plantilla de perforaci\u00f3n de las varillas.\n\nLa cerradura de bot\u00f3n se utiliza habitualmente en muebles de <strong>chapa<\/strong>, tanto en oficinas como en talleres, laboratorios, comunidades, alojamientos, universidades, hospitales y, en general, en mobiliario sanitario e industrial.\n\n","_et_gb_content_width":""},"product_brand":[],"product_cat":[3890,3951,3882,3936,3998,3939,3902,3904,3905,3903,3888,3881,3928,3994,3996],"product_tag":[],"class_list":{"0":"post-242558","1":"product","2":"type-product","3":"status-publish","4":"has-post-thumbnail","6":"product_cat-cerradura-de-armario-conforme-a-gdpr","7":"product_cat-cerraduras-con-llave-maestra","8":"product_cat-cerraduras-de-armarios","9":"product_cat-cerraduras-de-pasador","10":"product_cat-cerraduras-de-puertas-2","11":"product_cat-cerraduras-de-pulsador","12":"product_cat-cerraduras-para-armarios-de-balcon","13":"product_cat-cerraduras-para-armarios-fitosanitarios","14":"product_cat-cerraduras-para-armarios-industriales","15":"product_cat-cerraduras-para-guardaesquis","16":"product_cat-cerraduras-para-muebles","17":"product_cat-cerraduras-profesionales-para-muebles","18":"product_cat-deslizante","19":"product_cat-hospital-y-sanidad","20":"product_cat-oficinas","22":"first","23":"instock","24":"shipping-taxable","25":"purchasable","26":"product-type-variable","27":"has-default-attributes"},"acf":{"pdf1":"https:\/\/www.omrserrature.it\/wp-content\/uploads\/schede\/Scheda_220315.pdf"},"yoast_head":"<!-- This site is optimized with the Yoast SEO plugin v27.2 - https:\/\/yoast.com\/product\/yoast-seo-wordpress\/ -->\n<title>Cerradura de bot\u00f3n ovalada para puertas correderas - OMR Serrature<\/title>\n<meta name=\"robots\" content=\"index, follow, max-snippet:-1, max-image-preview:large, max-video-preview:-1\" \/>\n<link rel=\"canonical\" href=\"https:\/\/www.omrserrature.it\/es\/producto\/cerradura-de-boton-ovalada-para-puertas-correderas\/\" \/>\n<meta property=\"og:locale\" content=\"es_ES\" \/>\n<meta property=\"og:type\" content=\"article\" \/>\n<meta property=\"og:title\" content=\"Cerradura de bot\u00f3n ovalada para puertas correderas - OMR Serrature\" \/>\n<meta property=\"og:description\" content=\"La cerradura de bot\u00f3n para puertas correderas de metal y madera, de forma ovalada, tiene un buje de tecnopol\u00edmero negro en el que se mueve un bot\u00f3n de aleaci\u00f3n de aluminio con cerradura. La cerradura de bot\u00f3n se suele utilizar en muebles de chapa, tanto en oficinas como en talleres, laboratorios, comunidades, alojamientos, universidades, hospitales y, en general, en mobiliario sanitario e industrial.\" \/>\n<meta property=\"og:url\" content=\"https:\/\/www.omrserrature.it\/es\/producto\/cerradura-de-boton-ovalada-para-puertas-correderas\/\" \/>\n<meta property=\"og:site_name\" content=\"OMR Serrature | Produzione sistemi di chiusura\" \/>\n<meta property=\"article:publisher\" content=\"https:\/\/www.facebook.com\/OMRserrature\" \/>\n<meta property=\"article:modified_time\" content=\"2026-04-08T10:23:41+00:00\" \/>\n<meta property=\"og:image\" content=\"https:\/\/www.omrserrature.it\/wp-content\/uploads\/2017\/10\/Serratura-ovale-a-pulsante-per-porte-scorrevoli.jpg\" \/>\n\t<meta property=\"og:image:width\" content=\"600\" \/>\n\t<meta property=\"og:image:height\" content=\"600\" \/>\n\t<meta property=\"og:image:type\" content=\"image\/jpeg\" \/>\n<meta name=\"twitter:card\" content=\"summary_large_image\" \/>\n<meta name=\"twitter:label1\" content=\"Tiempo de lectura\" \/>\n\t<meta name=\"twitter:data1\" content=\"1 minuto\" \/>\n<script type=\"application\/ld+json\" class=\"yoast-schema-graph\">{\"@context\":\"https:\/\/schema.org\",\"@graph\":[{\"@type\":\"WebPage\",\"@id\":\"https:\/\/www.omrserrature.it\/es\/producto\/cerradura-de-boton-ovalada-para-puertas-correderas\/\",\"url\":\"https:\/\/www.omrserrature.it\/es\/producto\/cerradura-de-boton-ovalada-para-puertas-correderas\/\",\"name\":\"Cerradura de bot\u00f3n ovalada para puertas correderas - OMR Serrature\",\"isPartOf\":{\"@id\":\"https:\/\/www.omrserrature.it\/es\/#website\"},\"primaryImageOfPage\":{\"@id\":\"https:\/\/www.omrserrature.it\/es\/producto\/cerradura-de-boton-ovalada-para-puertas-correderas\/#primaryimage\"},\"image\":{\"@id\":\"https:\/\/www.omrserrature.it\/es\/producto\/cerradura-de-boton-ovalada-para-puertas-correderas\/#primaryimage\"},\"thumbnailUrl\":\"https:\/\/www.omrserrature.it\/wp-content\/uploads\/2017\/10\/Serratura-ovale-a-pulsante-per-porte-scorrevoli.jpg\",\"datePublished\":\"2016-10-17T08:18:00+00:00\",\"dateModified\":\"2026-04-08T10:23:41+00:00\",\"breadcrumb\":{\"@id\":\"https:\/\/www.omrserrature.it\/es\/producto\/cerradura-de-boton-ovalada-para-puertas-correderas\/#breadcrumb\"},\"inLanguage\":\"es\",\"potentialAction\":[{\"@type\":\"ReadAction\",\"target\":[\"https:\/\/www.omrserrature.it\/es\/producto\/cerradura-de-boton-ovalada-para-puertas-correderas\/\"]}]},{\"@type\":\"ImageObject\",\"inLanguage\":\"es\",\"@id\":\"https:\/\/www.omrserrature.it\/es\/producto\/cerradura-de-boton-ovalada-para-puertas-correderas\/#primaryimage\",\"url\":\"https:\/\/www.omrserrature.it\/wp-content\/uploads\/2017\/10\/Serratura-ovale-a-pulsante-per-porte-scorrevoli.jpg\",\"contentUrl\":\"https:\/\/www.omrserrature.it\/wp-content\/uploads\/2017\/10\/Serratura-ovale-a-pulsante-per-porte-scorrevoli.jpg\",\"width\":600,\"height\":600,\"caption\":\"Cerradura de bot\u00f3n ovalada para puertas correderas\"},{\"@type\":\"BreadcrumbList\",\"@id\":\"https:\/\/www.omrserrature.it\/es\/producto\/cerradura-de-boton-ovalada-para-puertas-correderas\/#breadcrumb\",\"itemListElement\":[{\"@type\":\"ListItem\",\"position\":1,\"name\":\"Home\",\"item\":\"https:\/\/www.omrserrature.it\/es\/omr-cerradiras-y-sistemas-de-cierre\/\"},{\"@type\":\"ListItem\",\"position\":2,\"name\":\"Cat\u00e1logo\",\"item\":\"https:\/\/www.omrserrature.it\/catalogo\/?lang=es\"},{\"@type\":\"ListItem\",\"position\":3,\"name\":\"Aplicaciones\",\"item\":\"https:\/\/www.omrserrature.it\/es\/inventario\/aplicaciones\/\"},{\"@type\":\"ListItem\",\"position\":4,\"name\":\"Cerraduras para muebles\",\"item\":\"https:\/\/www.omrserrature.it\/es\/inventario\/aplicaciones\/cerraduras-para-muebles\/\"},{\"@type\":\"ListItem\",\"position\":5,\"name\":\"Cerraduras de puertas\",\"item\":\"https:\/\/www.omrserrature.it\/es\/inventario\/aplicaciones\/cerraduras-para-muebles\/cerraduras-de-puertas-2\/\"},{\"@type\":\"ListItem\",\"position\":6,\"name\":\"Deslizante\",\"item\":\"https:\/\/www.omrserrature.it\/es\/inventario\/aplicaciones\/cerraduras-para-muebles\/cerraduras-de-puertas-2\/deslizante\/\"},{\"@type\":\"ListItem\",\"position\":7,\"name\":\"Cerradura de bot\u00f3n ovalada para puertas correderas\"}]},{\"@type\":\"WebSite\",\"@id\":\"https:\/\/www.omrserrature.it\/es\/#website\",\"url\":\"https:\/\/www.omrserrature.it\/es\/\",\"name\":\"OMR Serrature | Produzione sistemi di chiusura\",\"description\":\"Produzione serrature di sicurezza e sistemi di chiusura\",\"publisher\":{\"@id\":\"https:\/\/www.omrserrature.it\/es\/#organization\"},\"potentialAction\":[{\"@type\":\"SearchAction\",\"target\":{\"@type\":\"EntryPoint\",\"urlTemplate\":\"https:\/\/www.omrserrature.it\/es\/?s={search_term_string}\"},\"query-input\":{\"@type\":\"PropertyValueSpecification\",\"valueRequired\":true,\"valueName\":\"search_term_string\"}}],\"inLanguage\":\"es\"},{\"@type\":\"Organization\",\"@id\":\"https:\/\/www.omrserrature.it\/es\/#organization\",\"name\":\"OMR Serrature | Produzione sistemi di chiusura\",\"url\":\"https:\/\/www.omrserrature.it\/es\/\",\"logo\":{\"@type\":\"ImageObject\",\"inLanguage\":\"es\",\"@id\":\"https:\/\/www.omrserrature.it\/es\/#\/schema\/logo\/image\/\",\"url\":\"https:\/\/www.omrserrature.it\/wp-content\/uploads\/2017\/09\/favicon-omr-114.png\",\"contentUrl\":\"https:\/\/www.omrserrature.it\/wp-content\/uploads\/2017\/09\/favicon-omr-114.png\",\"width\":114,\"height\":114,\"caption\":\"OMR Serrature | Produzione sistemi di chiusura\"},\"image\":{\"@id\":\"https:\/\/www.omrserrature.it\/es\/#\/schema\/logo\/image\/\"},\"sameAs\":[\"https:\/\/www.facebook.com\/OMRserrature\",\"https:\/\/www.linkedin.com\/company\/omrserrature\/\",\"https:\/\/www.youtube.com\/channel\/UCxmA85z2R0EpG_6IRokiAkg\"]}]}<\/script>\n<!-- \/ Yoast SEO plugin. -->","yoast_head_json":{"title":"Cerradura de bot\u00f3n ovalada para puertas correderas - OMR Serrature","robots":{"index":"index","follow":"follow","max-snippet":"max-snippet:-1","max-image-preview":"max-image-preview:large","max-video-preview":"max-video-preview:-1"},"canonical":"https:\/\/www.omrserrature.it\/es\/producto\/cerradura-de-boton-ovalada-para-puertas-correderas\/","og_locale":"es_ES","og_type":"article","og_title":"Cerradura de bot\u00f3n ovalada para puertas correderas - OMR Serrature","og_description":"La cerradura de bot\u00f3n para puertas correderas de metal y madera, de forma ovalada, tiene un buje de tecnopol\u00edmero negro en el que se mueve un bot\u00f3n de aleaci\u00f3n de aluminio con cerradura. La cerradura de bot\u00f3n se suele utilizar en muebles de chapa, tanto en oficinas como en talleres, laboratorios, comunidades, alojamientos, universidades, hospitales y, en general, en mobiliario sanitario e industrial.","og_url":"https:\/\/www.omrserrature.it\/es\/producto\/cerradura-de-boton-ovalada-para-puertas-correderas\/","og_site_name":"OMR Serrature | Produzione sistemi di chiusura","article_publisher":"https:\/\/www.facebook.com\/OMRserrature","article_modified_time":"2026-04-08T10:23:41+00:00","og_image":[{"width":600,"height":600,"url":"https:\/\/www.omrserrature.it\/wp-content\/uploads\/2017\/10\/Serratura-ovale-a-pulsante-per-porte-scorrevoli.jpg","type":"image\/jpeg"}],"twitter_card":"summary_large_image","twitter_misc":{"Tiempo de lectura":"1 minuto"},"schema":{"@context":"https:\/\/schema.org","@graph":[{"@type":"WebPage","@id":"https:\/\/www.omrserrature.it\/es\/producto\/cerradura-de-boton-ovalada-para-puertas-correderas\/","url":"https:\/\/www.omrserrature.it\/es\/producto\/cerradura-de-boton-ovalada-para-puertas-correderas\/","name":"Cerradura de bot\u00f3n ovalada para puertas correderas - OMR Serrature","isPartOf":{"@id":"https:\/\/www.omrserrature.it\/es\/#website"},"primaryImageOfPage":{"@id":"https:\/\/www.omrserrature.it\/es\/producto\/cerradura-de-boton-ovalada-para-puertas-correderas\/#primaryimage"},"image":{"@id":"https:\/\/www.omrserrature.it\/es\/producto\/cerradura-de-boton-ovalada-para-puertas-correderas\/#primaryimage"},"thumbnailUrl":"https:\/\/www.omrserrature.it\/wp-content\/uploads\/2017\/10\/Serratura-ovale-a-pulsante-per-porte-scorrevoli.jpg","datePublished":"2016-10-17T08:18:00+00:00","dateModified":"2026-04-08T10:23:41+00:00","breadcrumb":{"@id":"https:\/\/www.omrserrature.it\/es\/producto\/cerradura-de-boton-ovalada-para-puertas-correderas\/#breadcrumb"},"inLanguage":"es","potentialAction":[{"@type":"ReadAction","target":["https:\/\/www.omrserrature.it\/es\/producto\/cerradura-de-boton-ovalada-para-puertas-correderas\/"]}]},{"@type":"ImageObject","inLanguage":"es","@id":"https:\/\/www.omrserrature.it\/es\/producto\/cerradura-de-boton-ovalada-para-puertas-correderas\/#primaryimage","url":"https:\/\/www.omrserrature.it\/wp-content\/uploads\/2017\/10\/Serratura-ovale-a-pulsante-per-porte-scorrevoli.jpg","contentUrl":"https:\/\/www.omrserrature.it\/wp-content\/uploads\/2017\/10\/Serratura-ovale-a-pulsante-per-porte-scorrevoli.jpg","width":600,"height":600,"caption":"Cerradura de bot\u00f3n ovalada para puertas correderas"},{"@type":"BreadcrumbList","@id":"https:\/\/www.omrserrature.it\/es\/producto\/cerradura-de-boton-ovalada-para-puertas-correderas\/#breadcrumb","itemListElement":[{"@type":"ListItem","position":1,"name":"Home","item":"https:\/\/www.omrserrature.it\/es\/omr-cerradiras-y-sistemas-de-cierre\/"},{"@type":"ListItem","position":2,"name":"Cat\u00e1logo","item":"https:\/\/www.omrserrature.it\/catalogo\/?lang=es"},{"@type":"ListItem","position":3,"name":"Aplicaciones","item":"https:\/\/www.omrserrature.it\/es\/inventario\/aplicaciones\/"},{"@type":"ListItem","position":4,"name":"Cerraduras para muebles","item":"https:\/\/www.omrserrature.it\/es\/inventario\/aplicaciones\/cerraduras-para-muebles\/"},{"@type":"ListItem","position":5,"name":"Cerraduras de puertas","item":"https:\/\/www.omrserrature.it\/es\/inventario\/aplicaciones\/cerraduras-para-muebles\/cerraduras-de-puertas-2\/"},{"@type":"ListItem","position":6,"name":"Deslizante","item":"https:\/\/www.omrserrature.it\/es\/inventario\/aplicaciones\/cerraduras-para-muebles\/cerraduras-de-puertas-2\/deslizante\/"},{"@type":"ListItem","position":7,"name":"Cerradura de bot\u00f3n ovalada para puertas correderas"}]},{"@type":"WebSite","@id":"https:\/\/www.omrserrature.it\/es\/#website","url":"https:\/\/www.omrserrature.it\/es\/","name":"OMR Serrature | Produzione sistemi di chiusura","description":"Produzione serrature di sicurezza e sistemi di chiusura","publisher":{"@id":"https:\/\/www.omrserrature.it\/es\/#organization"},"potentialAction":[{"@type":"SearchAction","target":{"@type":"EntryPoint","urlTemplate":"https:\/\/www.omrserrature.it\/es\/?s={search_term_string}"},"query-input":{"@type":"PropertyValueSpecification","valueRequired":true,"valueName":"search_term_string"}}],"inLanguage":"es"},{"@type":"Organization","@id":"https:\/\/www.omrserrature.it\/es\/#organization","name":"OMR Serrature | Produzione sistemi di chiusura","url":"https:\/\/www.omrserrature.it\/es\/","logo":{"@type":"ImageObject","inLanguage":"es","@id":"https:\/\/www.omrserrature.it\/es\/#\/schema\/logo\/image\/","url":"https:\/\/www.omrserrature.it\/wp-content\/uploads\/2017\/09\/favicon-omr-114.png","contentUrl":"https:\/\/www.omrserrature.it\/wp-content\/uploads\/2017\/09\/favicon-omr-114.png","width":114,"height":114,"caption":"OMR Serrature | Produzione sistemi di chiusura"},"image":{"@id":"https:\/\/www.omrserrature.it\/es\/#\/schema\/logo\/image\/"},"sameAs":["https:\/\/www.facebook.com\/OMRserrature","https:\/\/www.linkedin.com\/company\/omrserrature\/","https:\/\/www.youtube.com\/channel\/UCxmA85z2R0EpG_6IRokiAkg"]}]}},"_links":{"self":[{"href":"https:\/\/www.omrserrature.it\/es\/wp-json\/wp\/v2\/product\/242558","targetHints":{"allow":["GET"]}}],"collection":[{"href":"https:\/\/www.omrserrature.it\/es\/wp-json\/wp\/v2\/product"}],"about":[{"href":"https:\/\/www.omrserrature.it\/es\/wp-json\/wp\/v2\/types\/product"}],"replies":[{"embeddable":true,"href":"https:\/\/www.omrserrature.it\/es\/wp-json\/wp\/v2\/comments?post=242558"}],"wp:featuredmedia":[{"embeddable":true,"href":"https:\/\/www.omrserrature.it\/es\/wp-json\/wp\/v2\/media\/18516"}],"wp:attachment":[{"href":"https:\/\/www.omrserrature.it\/es\/wp-json\/wp\/v2\/media?parent=242558"}],"wp:term":[{"taxonomy":"product_brand","embeddable":true,"href":"https:\/\/www.omrserrature.it\/es\/wp-json\/wp\/v2\/product_brand?post=242558"},{"taxonomy":"product_cat","embeddable":true,"href":"https:\/\/www.omrserrature.it\/es\/wp-json\/wp\/v2\/product_cat?post=242558"},{"taxonomy":"product_tag","embeddable":true,"href":"https:\/\/www.omrserrature.it\/es\/wp-json\/wp\/v2\/product_tag?post=242558"}],"curies":[{"name":"wp","href":"https:\/\/api.w.org\/{rel}","templated":true}]}}