{"id":242551,"date":"2021-03-11T21:42:59","date_gmt":"2011-03-21T20:42:00","guid":{"rendered":"https:\/\/www.staging6.omrserrature.it\/prodotto\/cerradura-manual-triangular-para-basureros-y-contenedores\/"},"modified":"2026-04-08T11:28:52","modified_gmt":"2026-04-08T09:28:52","slug":"cerradura-manual-triangular-para-basureros-y-contenedores","status":"publish","type":"product","link":"https:\/\/www.omrserrature.it\/es\/producto\/cerradura-manual-triangular-para-basureros-y-contenedores\/","title":{"rendered":"Cerradura manual triangular para basureros y contenedores"},"content":{"rendered":"<p>La <strong>cerradura ecol\u00f3gica manual de impresi\u00f3n triangular<\/strong> est\u00e1 fabricada \u00edntegramente en metal fundido a presi\u00f3n con un tratamiento de galvanizado. El elemento distintivo de este sistema de cierre es el z\u00f3calo triangular de impresi\u00f3n de la llave.  Gracias a los 4 orificios de fijaci\u00f3n y a su forma compacta, se adapta f\u00e1cilmente a cualquier aplicaci\u00f3n. Hay dos variantes disponibles: cerradura manual triangular <strong>con dos posiciones de bloqueo<\/strong> abierto\/cerrado, y cerradura manual triangular <strong>con muelle de retorno.<\/strong><\/p>\n<p>La cerradura puede equiparse con ganchos y una placa de fijaci\u00f3n que <strong>tambi\u00e9n puede fabricarse a medida<\/strong>, para satisfacer cualquier requisito de aplicaci\u00f3n. La manipulaci\u00f3n puede realizarse mediante llaves de z\u00f3calo \u00abecol\u00f3gicas\u00bb, llaves de z\u00f3calo con cabeza de martillo o llaves de z\u00f3calo con cabeza ovalada. <\/p>\n<p>La cerradura se suele utilizar en <strong>contenedores<\/strong> y papeleras con ruedas, <strong>papeleras de mobiliario urbano<\/strong> u otros contenedores de residuos. Gracias a su pr\u00e1ctico cierre autom\u00e1tico, la cerradura tambi\u00e9n se utiliza en cajas de hierro y trampillas de inspecci\u00f3n. <\/p>\n","protected":false},"excerpt":{"rendered":"<p>La <strong>cerradura ecol\u00f3gica manual de z\u00f3calo triangular<\/strong> est\u00e1 fabricada \u00edntegramente en metal fundido a presi\u00f3n con un tratamiento de galvanizado y suele utilizarse en <strong>cubos<\/strong> y contenedores con ruedas, <strong>contenedores de mobiliario urbano<\/strong> u otros contenedores de residuos. Gracias a su pr\u00e1ctico cierre autom\u00e1tico por muelle, la cerradura tambi\u00e9n se utiliza en contenedores de hierro y trampillas de inspecci\u00f3n. <\/p>\n","protected":false},"featured_media":4011,"comment_status":"open","ping_status":"closed","template":"","meta":{"_acf_changed":false,"_et_pb_use_builder":"off","_et_pb_old_content":"La <strong>cerradura manual de z\u00f3calo triangular<\/strong> est\u00e1 fabricada \u00edntegramente en metal fundido a presi\u00f3n con un tratamiento de galvanizado. Su caracter\u00edstica distintiva es el z\u00f3calo triangular que permite el movimiento del mecanismo interno, capaz de enganchar y desenganchar el gancho correspondiente.  Gracias a los 4 orificios de fijaci\u00f3n y a su forma compacta, se adapta f\u00e1cilmente a cualquier aplicaci\u00f3n. Hay dos variantes disponibles: Cerradura manual triangular <strong>con dos posiciones de cierre<\/strong> abierto\/cerrado y Cerradura manual triangular <strong>con muelle de retorno<\/strong>.\n\nLa cerradura puede equiparse con ganchos y una placa de fijaci\u00f3n, y <strong>tambi\u00e9n puede fabricarse seg\u00fan los planos<\/strong> del cliente, para satisfacer cualquier requisito de aplicaci\u00f3n. Puede accionarse con llaves de z\u00f3calo \"ecol\u00f3gicas\", llaves de z\u00f3calo con cabeza de martillo o llaves de z\u00f3calo con cabeza ovalada. \n\nLa cerradura se suele utilizar en <strong>papeleras<\/strong> y basureros con ruedas, <strong>papeleras de mobiliario urbano<\/strong> u otros contenedores de residuos. Gracias a su pr\u00e1ctico cierre autom\u00e1tico, la cerradura se utiliza en papeleras de hierro y trampillas de inspecci\u00f3n. \n\n","_et_gb_content_width":""},"product_brand":[],"product_cat":[3932,3942,3974,3948,3886,3991],"product_tag":[],"class_list":{"0":"post-242551","1":"product","2":"type-product","3":"status-publish","4":"has-post-thumbnail","6":"product_cat-cerraduras-con-muelle-de-retorno","7":"product_cat-cerraduras-de-gancho","8":"product_cat-cerraduras-manuales-para-basureros","9":"product_cat-cerraduras-para-basureros","10":"product_cat-cerraduras-para-basureros-de-reciclaje","11":"product_cat-reciclaje-ecologico-de-residuos","13":"first","14":"instock","15":"shipping-taxable","16":"product-type-simple"},"acf":{"pdf1":"https:\/\/www.omrserrature.it\/wp-content\/uploads\/2021\/03\/Scheda-165870.pdf"},"yoast_head":"<!-- This site is optimized with the Yoast SEO plugin v27.2 - https:\/\/yoast.com\/product\/yoast-seo-wordpress\/ -->\n<title>Cerradura manual triangular para basureros y contenedores - OMR Serrature<\/title>\n<meta name=\"robots\" content=\"index, follow, max-snippet:-1, max-image-preview:large, max-video-preview:-1\" \/>\n<link rel=\"canonical\" href=\"https:\/\/www.omrserrature.it\/es\/producto\/cerradura-manual-triangular-para-basureros-y-contenedores\/\" \/>\n<meta property=\"og:locale\" content=\"es_ES\" \/>\n<meta property=\"og:type\" content=\"article\" \/>\n<meta property=\"og:title\" content=\"Cerradura manual triangular para basureros y contenedores - OMR Serrature\" \/>\n<meta property=\"og:description\" content=\"La cerradura ecol\u00f3gica manual de z\u00f3calo triangular est\u00e1 fabricada \u00edntegramente en metal fundido a presi\u00f3n con un tratamiento de galvanizado y suele utilizarse en cubos y contenedores con ruedas, contenedores de mobiliario urbano u otros contenedores de residuos. Gracias a su pr\u00e1ctico cierre autom\u00e1tico por muelle, la cerradura tambi\u00e9n se utiliza en contenedores de hierro y trampillas de inspecci\u00f3n.\" \/>\n<meta property=\"og:url\" content=\"https:\/\/www.omrserrature.it\/es\/producto\/cerradura-manual-triangular-para-basureros-y-contenedores\/\" \/>\n<meta property=\"og:site_name\" content=\"OMR Serrature | Produzione sistemi di chiusura\" \/>\n<meta property=\"article:publisher\" content=\"https:\/\/www.facebook.com\/OMRserrature\" \/>\n<meta property=\"article:modified_time\" content=\"2026-04-08T09:28:52+00:00\" \/>\n<meta property=\"og:image\" content=\"https:\/\/www.omrserrature.it\/wp-content\/uploads\/2017\/10\/serratura-manuale-triangolo.jpg\" \/>\n\t<meta property=\"og:image:width\" content=\"1961\" \/>\n\t<meta property=\"og:image:height\" content=\"1200\" \/>\n\t<meta property=\"og:image:type\" content=\"image\/jpeg\" \/>\n<meta name=\"twitter:card\" content=\"summary_large_image\" \/>\n<meta name=\"twitter:label1\" content=\"Tiempo de lectura\" \/>\n\t<meta name=\"twitter:data1\" content=\"1 minuto\" \/>\n<script type=\"application\/ld+json\" class=\"yoast-schema-graph\">{\"@context\":\"https:\/\/schema.org\",\"@graph\":[{\"@type\":\"WebPage\",\"@id\":\"https:\/\/www.omrserrature.it\/es\/producto\/cerradura-manual-triangular-para-basureros-y-contenedores\/\",\"url\":\"https:\/\/www.omrserrature.it\/es\/producto\/cerradura-manual-triangular-para-basureros-y-contenedores\/\",\"name\":\"Cerradura manual triangular para basureros y contenedores - OMR Serrature\",\"isPartOf\":{\"@id\":\"https:\/\/www.omrserrature.it\/es\/#website\"},\"primaryImageOfPage\":{\"@id\":\"https:\/\/www.omrserrature.it\/es\/producto\/cerradura-manual-triangular-para-basureros-y-contenedores\/#primaryimage\"},\"image\":{\"@id\":\"https:\/\/www.omrserrature.it\/es\/producto\/cerradura-manual-triangular-para-basureros-y-contenedores\/#primaryimage\"},\"thumbnailUrl\":\"https:\/\/www.omrserrature.it\/wp-content\/uploads\/2017\/10\/serratura-manuale-triangolo.jpg\",\"datePublished\":\"2011-03-21T20:42:00+00:00\",\"dateModified\":\"2026-04-08T09:28:52+00:00\",\"breadcrumb\":{\"@id\":\"https:\/\/www.omrserrature.it\/es\/producto\/cerradura-manual-triangular-para-basureros-y-contenedores\/#breadcrumb\"},\"inLanguage\":\"es\",\"potentialAction\":[{\"@type\":\"ReadAction\",\"target\":[\"https:\/\/www.omrserrature.it\/es\/producto\/cerradura-manual-triangular-para-basureros-y-contenedores\/\"]}]},{\"@type\":\"ImageObject\",\"inLanguage\":\"es\",\"@id\":\"https:\/\/www.omrserrature.it\/es\/producto\/cerradura-manual-triangular-para-basureros-y-contenedores\/#primaryimage\",\"url\":\"https:\/\/www.omrserrature.it\/wp-content\/uploads\/2017\/10\/serratura-manuale-triangolo.jpg\",\"contentUrl\":\"https:\/\/www.omrserrature.it\/wp-content\/uploads\/2017\/10\/serratura-manuale-triangolo.jpg\",\"width\":1961,\"height\":1200,\"caption\":\"cerradura de mano triangular\"},{\"@type\":\"BreadcrumbList\",\"@id\":\"https:\/\/www.omrserrature.it\/es\/producto\/cerradura-manual-triangular-para-basureros-y-contenedores\/#breadcrumb\",\"itemListElement\":[{\"@type\":\"ListItem\",\"position\":1,\"name\":\"Home\",\"item\":\"https:\/\/www.omrserrature.it\/es\/omr-cerradiras-y-sistemas-de-cierre\/\"},{\"@type\":\"ListItem\",\"position\":2,\"name\":\"Cat\u00e1logo\",\"item\":\"https:\/\/www.omrserrature.it\/catalogo\/?lang=es\"},{\"@type\":\"ListItem\",\"position\":3,\"name\":\"Productos\",\"item\":\"https:\/\/www.omrserrature.it\/es\/inventario\/productos\/\"},{\"@type\":\"ListItem\",\"position\":4,\"name\":\"Cerraduras\",\"item\":\"https:\/\/www.omrserrature.it\/es\/inventario\/productos\/cerraduras\/\"},{\"@type\":\"ListItem\",\"position\":5,\"name\":\"Cerraduras para basureros\",\"item\":\"https:\/\/www.omrserrature.it\/es\/inventario\/productos\/cerraduras\/cerraduras-para-basureros\/\"},{\"@type\":\"ListItem\",\"position\":6,\"name\":\"Cerraduras manuales para basureros\",\"item\":\"https:\/\/www.omrserrature.it\/es\/inventario\/productos\/cerraduras\/cerraduras-para-basureros\/cerraduras-manuales-para-basureros\/\"},{\"@type\":\"ListItem\",\"position\":7,\"name\":\"Cerradura manual triangular para basureros y contenedores\"}]},{\"@type\":\"WebSite\",\"@id\":\"https:\/\/www.omrserrature.it\/es\/#website\",\"url\":\"https:\/\/www.omrserrature.it\/es\/\",\"name\":\"OMR Serrature | Produzione sistemi di chiusura\",\"description\":\"Produzione serrature di sicurezza e sistemi di chiusura\",\"publisher\":{\"@id\":\"https:\/\/www.omrserrature.it\/es\/#organization\"},\"potentialAction\":[{\"@type\":\"SearchAction\",\"target\":{\"@type\":\"EntryPoint\",\"urlTemplate\":\"https:\/\/www.omrserrature.it\/es\/?s={search_term_string}\"},\"query-input\":{\"@type\":\"PropertyValueSpecification\",\"valueRequired\":true,\"valueName\":\"search_term_string\"}}],\"inLanguage\":\"es\"},{\"@type\":\"Organization\",\"@id\":\"https:\/\/www.omrserrature.it\/es\/#organization\",\"name\":\"OMR Serrature | Produzione sistemi di chiusura\",\"url\":\"https:\/\/www.omrserrature.it\/es\/\",\"logo\":{\"@type\":\"ImageObject\",\"inLanguage\":\"es\",\"@id\":\"https:\/\/www.omrserrature.it\/es\/#\/schema\/logo\/image\/\",\"url\":\"https:\/\/www.omrserrature.it\/wp-content\/uploads\/2017\/09\/favicon-omr-114.png\",\"contentUrl\":\"https:\/\/www.omrserrature.it\/wp-content\/uploads\/2017\/09\/favicon-omr-114.png\",\"width\":114,\"height\":114,\"caption\":\"OMR Serrature | Produzione sistemi di chiusura\"},\"image\":{\"@id\":\"https:\/\/www.omrserrature.it\/es\/#\/schema\/logo\/image\/\"},\"sameAs\":[\"https:\/\/www.facebook.com\/OMRserrature\",\"https:\/\/www.linkedin.com\/company\/omrserrature\/\",\"https:\/\/www.youtube.com\/channel\/UCxmA85z2R0EpG_6IRokiAkg\"]}]}<\/script>\n<!-- \/ Yoast SEO plugin. -->","yoast_head_json":{"title":"Cerradura manual triangular para basureros y contenedores - OMR Serrature","robots":{"index":"index","follow":"follow","max-snippet":"max-snippet:-1","max-image-preview":"max-image-preview:large","max-video-preview":"max-video-preview:-1"},"canonical":"https:\/\/www.omrserrature.it\/es\/producto\/cerradura-manual-triangular-para-basureros-y-contenedores\/","og_locale":"es_ES","og_type":"article","og_title":"Cerradura manual triangular para basureros y contenedores - OMR Serrature","og_description":"La cerradura ecol\u00f3gica manual de z\u00f3calo triangular est\u00e1 fabricada \u00edntegramente en metal fundido a presi\u00f3n con un tratamiento de galvanizado y suele utilizarse en cubos y contenedores con ruedas, contenedores de mobiliario urbano u otros contenedores de residuos. Gracias a su pr\u00e1ctico cierre autom\u00e1tico por muelle, la cerradura tambi\u00e9n se utiliza en contenedores de hierro y trampillas de inspecci\u00f3n.","og_url":"https:\/\/www.omrserrature.it\/es\/producto\/cerradura-manual-triangular-para-basureros-y-contenedores\/","og_site_name":"OMR Serrature | Produzione sistemi di chiusura","article_publisher":"https:\/\/www.facebook.com\/OMRserrature","article_modified_time":"2026-04-08T09:28:52+00:00","og_image":[{"width":1961,"height":1200,"url":"https:\/\/www.omrserrature.it\/wp-content\/uploads\/2017\/10\/serratura-manuale-triangolo.jpg","type":"image\/jpeg"}],"twitter_card":"summary_large_image","twitter_misc":{"Tiempo de lectura":"1 minuto"},"schema":{"@context":"https:\/\/schema.org","@graph":[{"@type":"WebPage","@id":"https:\/\/www.omrserrature.it\/es\/producto\/cerradura-manual-triangular-para-basureros-y-contenedores\/","url":"https:\/\/www.omrserrature.it\/es\/producto\/cerradura-manual-triangular-para-basureros-y-contenedores\/","name":"Cerradura manual triangular para basureros y contenedores - OMR Serrature","isPartOf":{"@id":"https:\/\/www.omrserrature.it\/es\/#website"},"primaryImageOfPage":{"@id":"https:\/\/www.omrserrature.it\/es\/producto\/cerradura-manual-triangular-para-basureros-y-contenedores\/#primaryimage"},"image":{"@id":"https:\/\/www.omrserrature.it\/es\/producto\/cerradura-manual-triangular-para-basureros-y-contenedores\/#primaryimage"},"thumbnailUrl":"https:\/\/www.omrserrature.it\/wp-content\/uploads\/2017\/10\/serratura-manuale-triangolo.jpg","datePublished":"2011-03-21T20:42:00+00:00","dateModified":"2026-04-08T09:28:52+00:00","breadcrumb":{"@id":"https:\/\/www.omrserrature.it\/es\/producto\/cerradura-manual-triangular-para-basureros-y-contenedores\/#breadcrumb"},"inLanguage":"es","potentialAction":[{"@type":"ReadAction","target":["https:\/\/www.omrserrature.it\/es\/producto\/cerradura-manual-triangular-para-basureros-y-contenedores\/"]}]},{"@type":"ImageObject","inLanguage":"es","@id":"https:\/\/www.omrserrature.it\/es\/producto\/cerradura-manual-triangular-para-basureros-y-contenedores\/#primaryimage","url":"https:\/\/www.omrserrature.it\/wp-content\/uploads\/2017\/10\/serratura-manuale-triangolo.jpg","contentUrl":"https:\/\/www.omrserrature.it\/wp-content\/uploads\/2017\/10\/serratura-manuale-triangolo.jpg","width":1961,"height":1200,"caption":"cerradura de mano triangular"},{"@type":"BreadcrumbList","@id":"https:\/\/www.omrserrature.it\/es\/producto\/cerradura-manual-triangular-para-basureros-y-contenedores\/#breadcrumb","itemListElement":[{"@type":"ListItem","position":1,"name":"Home","item":"https:\/\/www.omrserrature.it\/es\/omr-cerradiras-y-sistemas-de-cierre\/"},{"@type":"ListItem","position":2,"name":"Cat\u00e1logo","item":"https:\/\/www.omrserrature.it\/catalogo\/?lang=es"},{"@type":"ListItem","position":3,"name":"Productos","item":"https:\/\/www.omrserrature.it\/es\/inventario\/productos\/"},{"@type":"ListItem","position":4,"name":"Cerraduras","item":"https:\/\/www.omrserrature.it\/es\/inventario\/productos\/cerraduras\/"},{"@type":"ListItem","position":5,"name":"Cerraduras para basureros","item":"https:\/\/www.omrserrature.it\/es\/inventario\/productos\/cerraduras\/cerraduras-para-basureros\/"},{"@type":"ListItem","position":6,"name":"Cerraduras manuales para basureros","item":"https:\/\/www.omrserrature.it\/es\/inventario\/productos\/cerraduras\/cerraduras-para-basureros\/cerraduras-manuales-para-basureros\/"},{"@type":"ListItem","position":7,"name":"Cerradura manual triangular para basureros y contenedores"}]},{"@type":"WebSite","@id":"https:\/\/www.omrserrature.it\/es\/#website","url":"https:\/\/www.omrserrature.it\/es\/","name":"OMR Serrature | Produzione sistemi di chiusura","description":"Produzione serrature di sicurezza e sistemi di chiusura","publisher":{"@id":"https:\/\/www.omrserrature.it\/es\/#organization"},"potentialAction":[{"@type":"SearchAction","target":{"@type":"EntryPoint","urlTemplate":"https:\/\/www.omrserrature.it\/es\/?s={search_term_string}"},"query-input":{"@type":"PropertyValueSpecification","valueRequired":true,"valueName":"search_term_string"}}],"inLanguage":"es"},{"@type":"Organization","@id":"https:\/\/www.omrserrature.it\/es\/#organization","name":"OMR Serrature | Produzione sistemi di chiusura","url":"https:\/\/www.omrserrature.it\/es\/","logo":{"@type":"ImageObject","inLanguage":"es","@id":"https:\/\/www.omrserrature.it\/es\/#\/schema\/logo\/image\/","url":"https:\/\/www.omrserrature.it\/wp-content\/uploads\/2017\/09\/favicon-omr-114.png","contentUrl":"https:\/\/www.omrserrature.it\/wp-content\/uploads\/2017\/09\/favicon-omr-114.png","width":114,"height":114,"caption":"OMR Serrature | Produzione sistemi di chiusura"},"image":{"@id":"https:\/\/www.omrserrature.it\/es\/#\/schema\/logo\/image\/"},"sameAs":["https:\/\/www.facebook.com\/OMRserrature","https:\/\/www.linkedin.com\/company\/omrserrature\/","https:\/\/www.youtube.com\/channel\/UCxmA85z2R0EpG_6IRokiAkg"]}]}},"_links":{"self":[{"href":"https:\/\/www.omrserrature.it\/es\/wp-json\/wp\/v2\/product\/242551","targetHints":{"allow":["GET"]}}],"collection":[{"href":"https:\/\/www.omrserrature.it\/es\/wp-json\/wp\/v2\/product"}],"about":[{"href":"https:\/\/www.omrserrature.it\/es\/wp-json\/wp\/v2\/types\/product"}],"replies":[{"embeddable":true,"href":"https:\/\/www.omrserrature.it\/es\/wp-json\/wp\/v2\/comments?post=242551"}],"wp:featuredmedia":[{"embeddable":true,"href":"https:\/\/www.omrserrature.it\/es\/wp-json\/wp\/v2\/media\/4011"}],"wp:attachment":[{"href":"https:\/\/www.omrserrature.it\/es\/wp-json\/wp\/v2\/media?parent=242551"}],"wp:term":[{"taxonomy":"product_brand","embeddable":true,"href":"https:\/\/www.omrserrature.it\/es\/wp-json\/wp\/v2\/product_brand?post=242551"},{"taxonomy":"product_cat","embeddable":true,"href":"https:\/\/www.omrserrature.it\/es\/wp-json\/wp\/v2\/product_cat?post=242551"},{"taxonomy":"product_tag","embeddable":true,"href":"https:\/\/www.omrserrature.it\/es\/wp-json\/wp\/v2\/product_tag?post=242551"}],"curies":[{"name":"wp","href":"https:\/\/api.w.org\/{rel}","templated":true}]}}