{"id":242501,"date":"2019-10-15T16:23:52","date_gmt":"2015-10-19T14:23:00","guid":{"rendered":"https:\/\/www.staging6.omrserrature.it\/prodotto\/cerradura-electronica-mifare-rfid-con-teclado-numerico\/"},"modified":"2026-04-08T11:33:59","modified_gmt":"2026-04-08T09:33:59","slug":"cerradura-electronica-mifare-rfid-con-teclado-numerico","status":"publish","type":"product","link":"https:\/\/www.omrserrature.it\/es\/producto\/cerradura-electronica-mifare-rfid-con-teclado-numerico\/","title":{"rendered":"Cerradura electr\u00f3nica MIFARE RFID con teclado num\u00e9rico"},"content":{"rendered":"<p>La cerradura electr\u00f3nica HELLOCK con lector RFID y teclado num\u00e9rico consta de una carcasa exterior <strong>de pl\u00e1stico de ingenier\u00eda<\/strong> de alto rendimiento, que incorpora un mecanismo electr\u00f3nico capaz de accionar el cilindro que permite la apertura y el cierre sin llave. Alimentada por una simple pila de bot\u00f3n, que dura hasta 10 a\u00f1os, es una soluci\u00f3n<strong> respetuosa con el medio ambiente y que no requiere mantenimiento<\/strong>. La cerradura tiene unas dimensiones muy reducidas, lo que la convierte en la cerradura electr\u00f3nica con procesador interno m\u00e1s peque\u00f1a del mundo. Es una soluci\u00f3n vers\u00e1til que <strong>tambi\u00e9n puede utilizarse en exteriores<\/strong>, ya que cuenta con la certificaci\u00f3n IP54. Este modelo de cerradura inteligente puede utilizarse mediante PIN o mediante dispositivos RFID (tarjetas, pulseras, etiquetas, etc.). Los dos modos de uso son usuario \u00fanico y taquilla. Est\u00e1 disponible en distintas variantes de color (caja y marco) y orientaci\u00f3n. Los 3 niveles jer\u00e1rquicos de acceso -usuario, servicio y maestro- permiten un <strong>control de acceso<\/strong> eficaz y c\u00f3modo. La seguridad se garantiza a\u00fan m\u00e1s con la funci\u00f3n de bloqueo en caso de introducir el PIN incorrectamente 3 veces seguidas. Los componentes sensibles, como la bater\u00eda y el mecanismo de cierre, est\u00e1n en el interior, lo que asegura la cerradura contra el vandalismo. Se puede asociar cualquier dispositivo RFID, integrando estas cerraduras con el sistema de gesti\u00f3n de accesos ya existente (por ejemplo, tarjeta de acceso). Cientos de palancas diferentes, rectas o dobladas, varillas o de pernos para el cierre m\u00faltiple y centralizado de cajones te permiten satisfacer cualquier necesidad de cierre. Puede instalarse y configurarse en pocos minutos en todo tipo de <strong>varillas, armarios, taquillas, cajones y cajoneras<\/strong>, en los mismos alojamientos que las cerraduras mec\u00e1nicas est\u00e1ndar, proporcionando una pr\u00e1ctica soluci\u00f3n plug-and-play. Su ubicaci\u00f3n ideal es en taquillas y cajoneras de oficina, en hospitales o RSA (indicados cuando hay problemas de p\u00e9rdida de llaves o dificultades para memorizar un c\u00f3digo de acceso), en universidades y escuelas, as\u00ed como en todos los vestuarios de piscinas, gimnasios, centros deportivos y balnearios.             <\/p>\n","protected":false},"excerpt":{"rendered":"<p>Cerradura electr\u00f3nica inteligente para todas las taquillas, vestuarios, maleteros, etc. Funciona con bater\u00eda tamp\u00f3n (dura hasta 10 a\u00f1os), no necesita cables para su instalaci\u00f3n. Se puede abrir introduciendo el c\u00f3digo num\u00e9rico en el teclado y mediante el mecanismo RFID. Control de acceso, registro de eventos, modo monousuario o multiusuario y mucho m\u00e1s. \u00a1Descubre Hellock!   <\/p>\n","protected":false},"featured_media":242502,"comment_status":"open","ping_status":"closed","template":"","meta":{"_acf_changed":false,"_et_pb_use_builder":"off","_et_pb_old_content":"La cerradura electr\u00f3nica HELLOCK con lector RFID y teclado num\u00e9rico consta de una carcasa exterior <strong>de pl\u00e1stico de ingenier\u00eda<\/strong> de alto rendimiento, que incorpora un mecanismo electr\u00f3nico capaz de accionar el cilindro que permite la apertura y el cierre sin llave. Al funcionar con una simple pila de bot\u00f3n, con una duraci\u00f3n de 5 a\u00f1os, es una soluci\u00f3n <strong>econ\u00f3mica y respetuosa con el medio ambiente<\/strong>. La cerradura tiene unas dimensiones muy reducidas, lo que la convierte en la cerradura electr\u00f3nica con procesador interno m\u00e1s peque\u00f1a del mundo. Es una soluci\u00f3n vers\u00e1til que <strong>tambi\u00e9n puede utilizarse en exteriores<\/strong>, ya que cuenta con la certificaci\u00f3n IP54.   \n\nEste modelo de cerradura inteligente puede utilizarse mediante PIN o mediante dispositivos RFID (credenciales, tarjetas, pulseras, etiquetas, etc.). Las dos modalidades de uso son usuario \u00fanico y taquilla. Est\u00e1 disponible en distintas variantes de color (tambi\u00e9n para el marco) y orientaci\u00f3n. Los 3 niveles jer\u00e1rquicos de acceso -usuario, servicio y maestro- permiten un <strong>control de acceso<\/strong> eficaz y c\u00f3modo. La seguridad se garantiza a\u00fan m\u00e1s con la funci\u00f3n de bloqueo en caso de introducir el PIN incorrectamente 3 veces seguidas. Los componentes sensibles, como la bater\u00eda y el mecanismo de cierre, est\u00e1n en el interior, lo que asegura la cerradura contra el vandalismo. Se puede asociar cualquier dispositivo RFID, integrando estas cerraduras con el sistema de gesti\u00f3n de accesos ya existente (por ejemplo, tarjeta de acceso). Cientos de diferentes palancas rectas o dobladas, varillas varillas o de pernos para el cierre m\u00faltiple y centralizado de cajones permiten satisfacer todas las necesidades de cierre. Se puede instalar y configurar en pocos minutos en todo tipo de <strong>varillas, armarios, taquillas, cajones y cajoneras<\/strong>, en las mismas carcasas que las cerraduras mec\u00e1nicas est\u00e1ndar, proporcionando una pr\u00e1ctica soluci\u00f3n plug-and-play.        \n\nSu ubicaci\u00f3n ideal es en mobiliario de oficina, en mobiliario comunitario, en hospitales o RSA (indicados cuando hay problemas de p\u00e9rdida de llaves o dificultades para memorizar un c\u00f3digo de acceso), universidades y escuelas, as\u00ed como vestuarios de piscinas, gimnasios y centros deportivos.","_et_gb_content_width":""},"product_brand":[],"product_cat":[3995,3926,3890,3947,3980,3998,3946,3909,3901,3904,3905,3885,3997,3899,3888,3999,3915,3945,3994,3984],"product_tag":[],"class_list":{"0":"post-242501","1":"product","2":"type-product","3":"status-publish","4":"has-post-thumbnail","6":"product_cat-arquitectura-urbanismo-y-diseno","7":"product_cat-batiente","8":"product_cat-cerradura-de-armario-conforme-a-gdpr","9":"product_cat-cerraduras-de-combinacion","10":"product_cat-cerraduras-de-palanca","11":"product_cat-cerraduras-de-puertas-2","12":"product_cat-cerraduras-electronicas-para-taquillas-cajones-puertas","13":"product_cat-cerraduras-para-apartados-de-correos","14":"product_cat-cerraduras-para-armarios-de-epi","15":"product_cat-cerraduras-para-armarios-fitosanitarios","16":"product_cat-cerraduras-para-armarios-industriales","17":"product_cat-cerraduras-para-buzones","18":"product_cat-cerraduras-para-buzones-2","19":"product_cat-cerraduras-para-cajones-industriales","20":"product_cat-cerraduras-para-muebles","21":"product_cat-cerraduras-para-taquillas-2","22":"product_cat-cerraduras-para-taquillas","23":"product_cat-cerraduras-reprogramables","24":"product_cat-hospital-y-sanidad","25":"product_cat-hosteleria-y-turismo","27":"first","28":"instock","29":"shipping-taxable","30":"purchasable","31":"product-type-variable"},"acf":{"pdf1":"https:\/\/www.omrserrature.it\/wp-content\/uploads\/2019\/10\/Scheda-HL12XX6.pdf"},"yoast_head":"<!-- This site is optimized with the Yoast SEO plugin v27.2 - https:\/\/yoast.com\/product\/yoast-seo-wordpress\/ -->\n<title>Cerradura electr\u00f3nica MIFARE RFID con teclado num\u00e9rico - OMR Serrature<\/title>\n<meta name=\"robots\" content=\"index, follow, max-snippet:-1, max-image-preview:large, max-video-preview:-1\" \/>\n<link rel=\"canonical\" href=\"https:\/\/www.omrserrature.it\/es\/producto\/cerradura-electronica-mifare-rfid-con-teclado-numerico\/\" \/>\n<meta property=\"og:locale\" content=\"es_ES\" \/>\n<meta property=\"og:type\" content=\"article\" \/>\n<meta property=\"og:title\" content=\"Cerradura electr\u00f3nica MIFARE RFID con teclado num\u00e9rico - OMR Serrature\" \/>\n<meta property=\"og:description\" content=\"Cerradura electr\u00f3nica inteligente para todas las taquillas, vestuarios, maleteros, etc. Funciona con bater\u00eda tamp\u00f3n (dura hasta 10 a\u00f1os), no necesita cables para su instalaci\u00f3n. Se puede abrir introduciendo el c\u00f3digo num\u00e9rico en el teclado y mediante el mecanismo RFID. Control de acceso, registro de eventos, modo monousuario o multiusuario y mucho m\u00e1s. \u00a1Descubre Hellock!\" \/>\n<meta property=\"og:url\" content=\"https:\/\/www.omrserrature.it\/es\/producto\/cerradura-electronica-mifare-rfid-con-teclado-numerico\/\" \/>\n<meta property=\"og:site_name\" content=\"OMR Serrature | Produzione sistemi di chiusura\" \/>\n<meta property=\"article:publisher\" content=\"https:\/\/www.facebook.com\/OMRserrature\" \/>\n<meta property=\"article:modified_time\" content=\"2026-04-08T09:33:59+00:00\" \/>\n<meta property=\"og:image\" content=\"https:\/\/www.omrserrature.it\/wp-content\/uploads\/2019\/10\/Serratura-elettronica-RFID-MIFARE-con-tastiera.jpg\" \/>\n\t<meta property=\"og:image:width\" content=\"600\" \/>\n\t<meta property=\"og:image:height\" content=\"600\" \/>\n\t<meta property=\"og:image:type\" content=\"image\/jpeg\" \/>\n<meta name=\"twitter:card\" content=\"summary_large_image\" \/>\n<meta name=\"twitter:label1\" content=\"Tiempo de lectura\" \/>\n\t<meta name=\"twitter:data1\" content=\"2 minutos\" \/>\n<script type=\"application\/ld+json\" class=\"yoast-schema-graph\">{\"@context\":\"https:\/\/schema.org\",\"@graph\":[{\"@type\":\"WebPage\",\"@id\":\"https:\/\/www.omrserrature.it\/es\/producto\/cerradura-electronica-mifare-rfid-con-teclado-numerico\/\",\"url\":\"https:\/\/www.omrserrature.it\/es\/producto\/cerradura-electronica-mifare-rfid-con-teclado-numerico\/\",\"name\":\"Cerradura electr\u00f3nica MIFARE RFID con teclado num\u00e9rico - OMR Serrature\",\"isPartOf\":{\"@id\":\"https:\/\/www.omrserrature.it\/es\/#website\"},\"primaryImageOfPage\":{\"@id\":\"https:\/\/www.omrserrature.it\/es\/producto\/cerradura-electronica-mifare-rfid-con-teclado-numerico\/#primaryimage\"},\"image\":{\"@id\":\"https:\/\/www.omrserrature.it\/es\/producto\/cerradura-electronica-mifare-rfid-con-teclado-numerico\/#primaryimage\"},\"thumbnailUrl\":\"https:\/\/www.omrserrature.it\/wp-content\/uploads\/2019\/10\/Serratura-elettronica-RFID-MIFARE-con-tastiera.jpg\",\"datePublished\":\"2015-10-19T14:23:00+00:00\",\"dateModified\":\"2026-04-08T09:33:59+00:00\",\"breadcrumb\":{\"@id\":\"https:\/\/www.omrserrature.it\/es\/producto\/cerradura-electronica-mifare-rfid-con-teclado-numerico\/#breadcrumb\"},\"inLanguage\":\"es\",\"potentialAction\":[{\"@type\":\"ReadAction\",\"target\":[\"https:\/\/www.omrserrature.it\/es\/producto\/cerradura-electronica-mifare-rfid-con-teclado-numerico\/\"]}]},{\"@type\":\"ImageObject\",\"inLanguage\":\"es\",\"@id\":\"https:\/\/www.omrserrature.it\/es\/producto\/cerradura-electronica-mifare-rfid-con-teclado-numerico\/#primaryimage\",\"url\":\"https:\/\/www.omrserrature.it\/wp-content\/uploads\/2019\/10\/Serratura-elettronica-RFID-MIFARE-con-tastiera.jpg\",\"contentUrl\":\"https:\/\/www.omrserrature.it\/wp-content\/uploads\/2019\/10\/Serratura-elettronica-RFID-MIFARE-con-tastiera.jpg\",\"width\":600,\"height\":600,\"caption\":\"Cerradura electr\u00f3nica MIFARE RFID con teclado num\u00e9rico\"},{\"@type\":\"BreadcrumbList\",\"@id\":\"https:\/\/www.omrserrature.it\/es\/producto\/cerradura-electronica-mifare-rfid-con-teclado-numerico\/#breadcrumb\",\"itemListElement\":[{\"@type\":\"ListItem\",\"position\":1,\"name\":\"Home\",\"item\":\"https:\/\/www.omrserrature.it\/es\/omr-cerradiras-y-sistemas-de-cierre\/\"},{\"@type\":\"ListItem\",\"position\":2,\"name\":\"Cat\u00e1logo\",\"item\":\"https:\/\/www.omrserrature.it\/catalogo\/?lang=es\"},{\"@type\":\"ListItem\",\"position\":3,\"name\":\"Aplicaciones\",\"item\":\"https:\/\/www.omrserrature.it\/es\/inventario\/aplicaciones\/\"},{\"@type\":\"ListItem\",\"position\":4,\"name\":\"Cerraduras para muebles\",\"item\":\"https:\/\/www.omrserrature.it\/es\/inventario\/aplicaciones\/cerraduras-para-muebles\/\"},{\"@type\":\"ListItem\",\"position\":5,\"name\":\"Cerraduras de puertas\",\"item\":\"https:\/\/www.omrserrature.it\/es\/inventario\/aplicaciones\/cerraduras-para-muebles\/cerraduras-de-puertas-2\/\"},{\"@type\":\"ListItem\",\"position\":6,\"name\":\"Batiente\",\"item\":\"https:\/\/www.omrserrature.it\/es\/inventario\/aplicaciones\/cerraduras-para-muebles\/cerraduras-de-puertas-2\/batiente\/\"},{\"@type\":\"ListItem\",\"position\":7,\"name\":\"Cerradura electr\u00f3nica MIFARE RFID con teclado num\u00e9rico\"}]},{\"@type\":\"WebSite\",\"@id\":\"https:\/\/www.omrserrature.it\/es\/#website\",\"url\":\"https:\/\/www.omrserrature.it\/es\/\",\"name\":\"OMR Serrature | Produzione sistemi di chiusura\",\"description\":\"Produzione serrature di sicurezza e sistemi di chiusura\",\"publisher\":{\"@id\":\"https:\/\/www.omrserrature.it\/es\/#organization\"},\"potentialAction\":[{\"@type\":\"SearchAction\",\"target\":{\"@type\":\"EntryPoint\",\"urlTemplate\":\"https:\/\/www.omrserrature.it\/es\/?s={search_term_string}\"},\"query-input\":{\"@type\":\"PropertyValueSpecification\",\"valueRequired\":true,\"valueName\":\"search_term_string\"}}],\"inLanguage\":\"es\"},{\"@type\":\"Organization\",\"@id\":\"https:\/\/www.omrserrature.it\/es\/#organization\",\"name\":\"OMR Serrature | Produzione sistemi di chiusura\",\"url\":\"https:\/\/www.omrserrature.it\/es\/\",\"logo\":{\"@type\":\"ImageObject\",\"inLanguage\":\"es\",\"@id\":\"https:\/\/www.omrserrature.it\/es\/#\/schema\/logo\/image\/\",\"url\":\"https:\/\/www.omrserrature.it\/wp-content\/uploads\/2017\/09\/favicon-omr-114.png\",\"contentUrl\":\"https:\/\/www.omrserrature.it\/wp-content\/uploads\/2017\/09\/favicon-omr-114.png\",\"width\":114,\"height\":114,\"caption\":\"OMR Serrature | Produzione sistemi di chiusura\"},\"image\":{\"@id\":\"https:\/\/www.omrserrature.it\/es\/#\/schema\/logo\/image\/\"},\"sameAs\":[\"https:\/\/www.facebook.com\/OMRserrature\",\"https:\/\/www.linkedin.com\/company\/omrserrature\/\",\"https:\/\/www.youtube.com\/channel\/UCxmA85z2R0EpG_6IRokiAkg\"]}]}<\/script>\n<!-- \/ Yoast SEO plugin. -->","yoast_head_json":{"title":"Cerradura electr\u00f3nica MIFARE RFID con teclado num\u00e9rico - OMR Serrature","robots":{"index":"index","follow":"follow","max-snippet":"max-snippet:-1","max-image-preview":"max-image-preview:large","max-video-preview":"max-video-preview:-1"},"canonical":"https:\/\/www.omrserrature.it\/es\/producto\/cerradura-electronica-mifare-rfid-con-teclado-numerico\/","og_locale":"es_ES","og_type":"article","og_title":"Cerradura electr\u00f3nica MIFARE RFID con teclado num\u00e9rico - OMR Serrature","og_description":"Cerradura electr\u00f3nica inteligente para todas las taquillas, vestuarios, maleteros, etc. Funciona con bater\u00eda tamp\u00f3n (dura hasta 10 a\u00f1os), no necesita cables para su instalaci\u00f3n. Se puede abrir introduciendo el c\u00f3digo num\u00e9rico en el teclado y mediante el mecanismo RFID. Control de acceso, registro de eventos, modo monousuario o multiusuario y mucho m\u00e1s. \u00a1Descubre Hellock!","og_url":"https:\/\/www.omrserrature.it\/es\/producto\/cerradura-electronica-mifare-rfid-con-teclado-numerico\/","og_site_name":"OMR Serrature | Produzione sistemi di chiusura","article_publisher":"https:\/\/www.facebook.com\/OMRserrature","article_modified_time":"2026-04-08T09:33:59+00:00","og_image":[{"width":600,"height":600,"url":"https:\/\/www.omrserrature.it\/wp-content\/uploads\/2019\/10\/Serratura-elettronica-RFID-MIFARE-con-tastiera.jpg","type":"image\/jpeg"}],"twitter_card":"summary_large_image","twitter_misc":{"Tiempo de lectura":"2 minutos"},"schema":{"@context":"https:\/\/schema.org","@graph":[{"@type":"WebPage","@id":"https:\/\/www.omrserrature.it\/es\/producto\/cerradura-electronica-mifare-rfid-con-teclado-numerico\/","url":"https:\/\/www.omrserrature.it\/es\/producto\/cerradura-electronica-mifare-rfid-con-teclado-numerico\/","name":"Cerradura electr\u00f3nica MIFARE RFID con teclado num\u00e9rico - OMR Serrature","isPartOf":{"@id":"https:\/\/www.omrserrature.it\/es\/#website"},"primaryImageOfPage":{"@id":"https:\/\/www.omrserrature.it\/es\/producto\/cerradura-electronica-mifare-rfid-con-teclado-numerico\/#primaryimage"},"image":{"@id":"https:\/\/www.omrserrature.it\/es\/producto\/cerradura-electronica-mifare-rfid-con-teclado-numerico\/#primaryimage"},"thumbnailUrl":"https:\/\/www.omrserrature.it\/wp-content\/uploads\/2019\/10\/Serratura-elettronica-RFID-MIFARE-con-tastiera.jpg","datePublished":"2015-10-19T14:23:00+00:00","dateModified":"2026-04-08T09:33:59+00:00","breadcrumb":{"@id":"https:\/\/www.omrserrature.it\/es\/producto\/cerradura-electronica-mifare-rfid-con-teclado-numerico\/#breadcrumb"},"inLanguage":"es","potentialAction":[{"@type":"ReadAction","target":["https:\/\/www.omrserrature.it\/es\/producto\/cerradura-electronica-mifare-rfid-con-teclado-numerico\/"]}]},{"@type":"ImageObject","inLanguage":"es","@id":"https:\/\/www.omrserrature.it\/es\/producto\/cerradura-electronica-mifare-rfid-con-teclado-numerico\/#primaryimage","url":"https:\/\/www.omrserrature.it\/wp-content\/uploads\/2019\/10\/Serratura-elettronica-RFID-MIFARE-con-tastiera.jpg","contentUrl":"https:\/\/www.omrserrature.it\/wp-content\/uploads\/2019\/10\/Serratura-elettronica-RFID-MIFARE-con-tastiera.jpg","width":600,"height":600,"caption":"Cerradura electr\u00f3nica MIFARE RFID con teclado num\u00e9rico"},{"@type":"BreadcrumbList","@id":"https:\/\/www.omrserrature.it\/es\/producto\/cerradura-electronica-mifare-rfid-con-teclado-numerico\/#breadcrumb","itemListElement":[{"@type":"ListItem","position":1,"name":"Home","item":"https:\/\/www.omrserrature.it\/es\/omr-cerradiras-y-sistemas-de-cierre\/"},{"@type":"ListItem","position":2,"name":"Cat\u00e1logo","item":"https:\/\/www.omrserrature.it\/catalogo\/?lang=es"},{"@type":"ListItem","position":3,"name":"Aplicaciones","item":"https:\/\/www.omrserrature.it\/es\/inventario\/aplicaciones\/"},{"@type":"ListItem","position":4,"name":"Cerraduras para muebles","item":"https:\/\/www.omrserrature.it\/es\/inventario\/aplicaciones\/cerraduras-para-muebles\/"},{"@type":"ListItem","position":5,"name":"Cerraduras de puertas","item":"https:\/\/www.omrserrature.it\/es\/inventario\/aplicaciones\/cerraduras-para-muebles\/cerraduras-de-puertas-2\/"},{"@type":"ListItem","position":6,"name":"Batiente","item":"https:\/\/www.omrserrature.it\/es\/inventario\/aplicaciones\/cerraduras-para-muebles\/cerraduras-de-puertas-2\/batiente\/"},{"@type":"ListItem","position":7,"name":"Cerradura electr\u00f3nica MIFARE RFID con teclado num\u00e9rico"}]},{"@type":"WebSite","@id":"https:\/\/www.omrserrature.it\/es\/#website","url":"https:\/\/www.omrserrature.it\/es\/","name":"OMR Serrature | Produzione sistemi di chiusura","description":"Produzione serrature di sicurezza e sistemi di chiusura","publisher":{"@id":"https:\/\/www.omrserrature.it\/es\/#organization"},"potentialAction":[{"@type":"SearchAction","target":{"@type":"EntryPoint","urlTemplate":"https:\/\/www.omrserrature.it\/es\/?s={search_term_string}"},"query-input":{"@type":"PropertyValueSpecification","valueRequired":true,"valueName":"search_term_string"}}],"inLanguage":"es"},{"@type":"Organization","@id":"https:\/\/www.omrserrature.it\/es\/#organization","name":"OMR Serrature | Produzione sistemi di chiusura","url":"https:\/\/www.omrserrature.it\/es\/","logo":{"@type":"ImageObject","inLanguage":"es","@id":"https:\/\/www.omrserrature.it\/es\/#\/schema\/logo\/image\/","url":"https:\/\/www.omrserrature.it\/wp-content\/uploads\/2017\/09\/favicon-omr-114.png","contentUrl":"https:\/\/www.omrserrature.it\/wp-content\/uploads\/2017\/09\/favicon-omr-114.png","width":114,"height":114,"caption":"OMR Serrature | Produzione sistemi di chiusura"},"image":{"@id":"https:\/\/www.omrserrature.it\/es\/#\/schema\/logo\/image\/"},"sameAs":["https:\/\/www.facebook.com\/OMRserrature","https:\/\/www.linkedin.com\/company\/omrserrature\/","https:\/\/www.youtube.com\/channel\/UCxmA85z2R0EpG_6IRokiAkg"]}]}},"_links":{"self":[{"href":"https:\/\/www.omrserrature.it\/es\/wp-json\/wp\/v2\/product\/242501","targetHints":{"allow":["GET"]}}],"collection":[{"href":"https:\/\/www.omrserrature.it\/es\/wp-json\/wp\/v2\/product"}],"about":[{"href":"https:\/\/www.omrserrature.it\/es\/wp-json\/wp\/v2\/types\/product"}],"replies":[{"embeddable":true,"href":"https:\/\/www.omrserrature.it\/es\/wp-json\/wp\/v2\/comments?post=242501"}],"wp:featuredmedia":[{"embeddable":true,"href":"https:\/\/www.omrserrature.it\/es\/wp-json\/wp\/v2\/media\/242502"}],"wp:attachment":[{"href":"https:\/\/www.omrserrature.it\/es\/wp-json\/wp\/v2\/media?parent=242501"}],"wp:term":[{"taxonomy":"product_brand","embeddable":true,"href":"https:\/\/www.omrserrature.it\/es\/wp-json\/wp\/v2\/product_brand?post=242501"},{"taxonomy":"product_cat","embeddable":true,"href":"https:\/\/www.omrserrature.it\/es\/wp-json\/wp\/v2\/product_cat?post=242501"},{"taxonomy":"product_tag","embeddable":true,"href":"https:\/\/www.omrserrature.it\/es\/wp-json\/wp\/v2\/product_tag?post=242501"}],"curies":[{"name":"wp","href":"https:\/\/api.w.org\/{rel}","templated":true}]}}