{"id":242321,"date":"2021-03-25T12:05:03","date_gmt":"2024-03-21T11:05:00","guid":{"rendered":"https:\/\/www.staging6.omrserrature.it\/prodotto\/cerradura-ecologica-non-gravitacional-con-llave-triangular-capuchon-pequeno\/"},"modified":"2026-04-08T11:27:18","modified_gmt":"2026-04-08T09:27:18","slug":"cerradura-ecologica-non-gravitacional-con-llave-triangular-capuchon-pequeno","status":"publish","type":"product","link":"https:\/\/www.omrserrature.it\/es\/producto\/cerradura-ecologica-non-gravitacional-con-llave-triangular-capuchon-pequeno\/","title":{"rendered":"Cerradura ecol\u00f3gica non gravitacional con llave triangular &#8211; Capuch\u00f3n peque\u00f1o"},"content":{"rendered":"<p>La <strong>cerradura ecol\u00f3gica no gravitacional<\/strong> es un sistema de cierre que puede instalarse en <strong>contenedores de recogida de residuos<\/strong> de todo tipo, que <span style=\"text-decoration: underline;\">no<\/span> requieren el vaciado mecanizado por parte de los veh\u00edculos de recogida. Consta de <strong>3 elementos<\/strong>: <\/p>\n<ul>\n<li>un capuch\u00f3n que se coloca externamente sobre la tapa del basurero,<\/li>\n<li>un elemento con gancho que se coloca en el interior de la tapa,<\/li>\n<li>un cuerpo inferior que se instala dentro del cubo de basura.<\/li>\n<\/ul>\n<p>El capuch\u00f3n de esta cerradura <strong>z\u00f3calo<\/strong> gravitacional es en versi\u00f3n<strong> \u00abpeque\u00f1a\u00bb<\/strong> y est\u00e1 equipado con una <strong>llave de z\u00f3calo T6.<\/strong> El producto se caracteriza por:<\/p>\n<ul>\n<li><strong>Apertura mediante llave de z\u00f3calo T6 sin muelle<\/strong>; esta caracter\u00edstica impide que se introduzcan en el cubo de basura residuos no autorizados.<\/li>\n<li><strong>F\u00e1cil apertura antip\u00e1nico desde el interior<\/strong> sin llave en caso de emergencia (por ejemplo, si un ni\u00f1o se queda atrapado dentro).<\/li>\n<li><strong>Sistema de apertura anti-accidental<\/strong> en caso de vuelco del cubo de basura por viento, golpes o vandalismo.<\/li>\n<\/ul>\n<p>Esta cerradura respetuosa con el medio ambiente es f\u00e1cilmente compatible y <strong>puede instalarse en todas las marcas de basureros y contenedores con ruedas<\/strong>, tanto de 2 como de 4 ruedas. Instrucciones para montar la cerradura con la m\u00e1scara universal OMR.<\/p>\n","protected":false},"excerpt":{"rendered":"<p>La <strong>cerradura ecol\u00f3gica no gravitacional<\/strong> con capuch\u00f3n peque\u00f1o es un sistema de cierre que puede instalarse en <strong>contenedores de recogida de residuos de todas las marcas<\/strong> que <span style=\"text-decoration: underline;\">no<\/span> requieran vaciado mecanizado por veh\u00edculos de recogida. Este cierre ecol\u00f3gico tiene una llave de z\u00f3calo triangular T6. <\/p>\n","protected":false},"featured_media":17668,"comment_status":"open","ping_status":"closed","template":"","meta":{"_acf_changed":false,"_et_pb_use_builder":"","_et_pb_old_content":"","_et_gb_content_width":""},"product_brand":[],"product_cat":[3974,3948,3886,3991],"product_tag":[],"class_list":{"0":"post-242321","1":"product","2":"type-product","3":"status-publish","4":"has-post-thumbnail","6":"product_cat-cerraduras-manuales-para-basureros","7":"product_cat-cerraduras-para-basureros","8":"product_cat-cerraduras-para-basureros-de-reciclaje","9":"product_cat-reciclaje-ecologico-de-residuos","11":"first","12":"instock","13":"shipping-taxable","14":"product-type-simple"},"acf":{"pdf1":"https:\/\/www.omrserrature.it\/wp-content\/uploads\/2021\/03\/Scheda_KITNGRAV-TR-CP.pdf"},"yoast_head":"<!-- This site is optimized with the Yoast SEO plugin v27.2 - https:\/\/yoast.com\/product\/yoast-seo-wordpress\/ -->\n<title>Cerradura peque\u00f1a no gravitacional con llave triangular T6<\/title>\n<meta name=\"description\" content=\"Cerradura ecol\u00f3gica no gravitacional con capuch\u00f3n peque\u00f1o y llave triangular T6 sin muelle. Ideal para basureros sin vaciado mecanizado.\" \/>\n<meta name=\"robots\" content=\"index, follow, max-snippet:-1, max-image-preview:large, max-video-preview:-1\" \/>\n<link rel=\"canonical\" href=\"https:\/\/www.omrserrature.it\/es\/producto\/cerradura-ecologica-non-gravitacional-con-llave-triangular-capuchon-pequeno\/\" \/>\n<meta property=\"og:locale\" content=\"es_ES\" \/>\n<meta property=\"og:type\" content=\"article\" \/>\n<meta property=\"og:title\" content=\"Cerradura peque\u00f1a no gravitacional con llave triangular T6\" \/>\n<meta property=\"og:description\" content=\"Cerradura ecol\u00f3gica no gravitacional con capuch\u00f3n peque\u00f1o y llave triangular T6 sin muelle. Ideal para basureros sin vaciado mecanizado.\" \/>\n<meta property=\"og:url\" content=\"https:\/\/www.omrserrature.it\/es\/producto\/cerradura-ecologica-non-gravitacional-con-llave-triangular-capuchon-pequeno\/\" \/>\n<meta property=\"og:site_name\" content=\"OMR Serrature | Produzione sistemi di chiusura\" \/>\n<meta property=\"article:publisher\" content=\"https:\/\/www.facebook.com\/OMRserrature\" \/>\n<meta property=\"article:modified_time\" content=\"2026-04-08T09:27:18+00:00\" \/>\n<meta property=\"og:image\" content=\"https:\/\/www.omrserrature.it\/wp-content\/uploads\/2021\/03\/Non-gravitazionale-piccola_triangolare.jpg\" \/>\n\t<meta property=\"og:image:width\" content=\"1000\" \/>\n\t<meta property=\"og:image:height\" content=\"1000\" \/>\n\t<meta property=\"og:image:type\" content=\"image\/jpeg\" \/>\n<meta name=\"twitter:card\" content=\"summary_large_image\" \/>\n<meta name=\"twitter:label1\" content=\"Tiempo de lectura\" \/>\n\t<meta name=\"twitter:data1\" content=\"1 minuto\" \/>\n<script type=\"application\/ld+json\" class=\"yoast-schema-graph\">{\"@context\":\"https:\/\/schema.org\",\"@graph\":[{\"@type\":\"WebPage\",\"@id\":\"https:\/\/www.omrserrature.it\/es\/producto\/cerradura-ecologica-non-gravitacional-con-llave-triangular-capuchon-pequeno\/\",\"url\":\"https:\/\/www.omrserrature.it\/es\/producto\/cerradura-ecologica-non-gravitacional-con-llave-triangular-capuchon-pequeno\/\",\"name\":\"Cerradura peque\u00f1a no gravitacional con llave triangular T6\",\"isPartOf\":{\"@id\":\"https:\/\/www.omrserrature.it\/es\/#website\"},\"primaryImageOfPage\":{\"@id\":\"https:\/\/www.omrserrature.it\/es\/producto\/cerradura-ecologica-non-gravitacional-con-llave-triangular-capuchon-pequeno\/#primaryimage\"},\"image\":{\"@id\":\"https:\/\/www.omrserrature.it\/es\/producto\/cerradura-ecologica-non-gravitacional-con-llave-triangular-capuchon-pequeno\/#primaryimage\"},\"thumbnailUrl\":\"https:\/\/www.omrserrature.it\/wp-content\/uploads\/2021\/03\/Non-gravitazionale-piccola_triangolare.jpg\",\"datePublished\":\"2024-03-21T11:05:00+00:00\",\"dateModified\":\"2026-04-08T09:27:18+00:00\",\"description\":\"Cerradura ecol\u00f3gica no gravitacional con capuch\u00f3n peque\u00f1o y llave triangular T6 sin muelle. Ideal para basureros sin vaciado mecanizado.\",\"breadcrumb\":{\"@id\":\"https:\/\/www.omrserrature.it\/es\/producto\/cerradura-ecologica-non-gravitacional-con-llave-triangular-capuchon-pequeno\/#breadcrumb\"},\"inLanguage\":\"es\",\"potentialAction\":[{\"@type\":\"ReadAction\",\"target\":[\"https:\/\/www.omrserrature.it\/es\/producto\/cerradura-ecologica-non-gravitacional-con-llave-triangular-capuchon-pequeno\/\"]}]},{\"@type\":\"ImageObject\",\"inLanguage\":\"es\",\"@id\":\"https:\/\/www.omrserrature.it\/es\/producto\/cerradura-ecologica-non-gravitacional-con-llave-triangular-capuchon-pequeno\/#primaryimage\",\"url\":\"https:\/\/www.omrserrature.it\/wp-content\/uploads\/2021\/03\/Non-gravitazionale-piccola_triangolare.jpg\",\"contentUrl\":\"https:\/\/www.omrserrature.it\/wp-content\/uploads\/2021\/03\/Non-gravitazionale-piccola_triangolare.jpg\",\"width\":1000,\"height\":1000,\"caption\":\"Cierre de basureros y cubos de basura - Cierre manual con cerradura de tri\u00e1ngulo, cuadro y otras formas\"},{\"@type\":\"BreadcrumbList\",\"@id\":\"https:\/\/www.omrserrature.it\/es\/producto\/cerradura-ecologica-non-gravitacional-con-llave-triangular-capuchon-pequeno\/#breadcrumb\",\"itemListElement\":[{\"@type\":\"ListItem\",\"position\":1,\"name\":\"Home\",\"item\":\"https:\/\/www.omrserrature.it\/es\/omr-cerradiras-y-sistemas-de-cierre\/\"},{\"@type\":\"ListItem\",\"position\":2,\"name\":\"Cat\u00e1logo\",\"item\":\"https:\/\/www.omrserrature.it\/catalogo\/?lang=es\"},{\"@type\":\"ListItem\",\"position\":3,\"name\":\"Aplicaciones\",\"item\":\"https:\/\/www.omrserrature.it\/es\/inventario\/aplicaciones\/\"},{\"@type\":\"ListItem\",\"position\":4,\"name\":\"Cerraduras para basureros de reciclaje\",\"item\":\"https:\/\/www.omrserrature.it\/es\/inventario\/aplicaciones\/cerraduras-para-basureros-de-reciclaje\/\"},{\"@type\":\"ListItem\",\"position\":5,\"name\":\"Cerradura ecol\u00f3gica non gravitacional con llave triangular &#8211; Capuch\u00f3n peque\u00f1o\"}]},{\"@type\":\"WebSite\",\"@id\":\"https:\/\/www.omrserrature.it\/es\/#website\",\"url\":\"https:\/\/www.omrserrature.it\/es\/\",\"name\":\"OMR Serrature | Produzione sistemi di chiusura\",\"description\":\"Produzione serrature di sicurezza e sistemi di chiusura\",\"publisher\":{\"@id\":\"https:\/\/www.omrserrature.it\/es\/#organization\"},\"potentialAction\":[{\"@type\":\"SearchAction\",\"target\":{\"@type\":\"EntryPoint\",\"urlTemplate\":\"https:\/\/www.omrserrature.it\/es\/?s={search_term_string}\"},\"query-input\":{\"@type\":\"PropertyValueSpecification\",\"valueRequired\":true,\"valueName\":\"search_term_string\"}}],\"inLanguage\":\"es\"},{\"@type\":\"Organization\",\"@id\":\"https:\/\/www.omrserrature.it\/es\/#organization\",\"name\":\"OMR Serrature | Produzione sistemi di chiusura\",\"url\":\"https:\/\/www.omrserrature.it\/es\/\",\"logo\":{\"@type\":\"ImageObject\",\"inLanguage\":\"es\",\"@id\":\"https:\/\/www.omrserrature.it\/es\/#\/schema\/logo\/image\/\",\"url\":\"https:\/\/www.omrserrature.it\/wp-content\/uploads\/2017\/09\/favicon-omr-114.png\",\"contentUrl\":\"https:\/\/www.omrserrature.it\/wp-content\/uploads\/2017\/09\/favicon-omr-114.png\",\"width\":114,\"height\":114,\"caption\":\"OMR Serrature | Produzione sistemi di chiusura\"},\"image\":{\"@id\":\"https:\/\/www.omrserrature.it\/es\/#\/schema\/logo\/image\/\"},\"sameAs\":[\"https:\/\/www.facebook.com\/OMRserrature\",\"https:\/\/www.linkedin.com\/company\/omrserrature\/\",\"https:\/\/www.youtube.com\/channel\/UCxmA85z2R0EpG_6IRokiAkg\"]}]}<\/script>\n<!-- \/ Yoast SEO plugin. -->","yoast_head_json":{"title":"Cerradura peque\u00f1a no gravitacional con llave triangular T6","description":"Cerradura ecol\u00f3gica no gravitacional con capuch\u00f3n peque\u00f1o y llave triangular T6 sin muelle. Ideal para basureros sin vaciado mecanizado.","robots":{"index":"index","follow":"follow","max-snippet":"max-snippet:-1","max-image-preview":"max-image-preview:large","max-video-preview":"max-video-preview:-1"},"canonical":"https:\/\/www.omrserrature.it\/es\/producto\/cerradura-ecologica-non-gravitacional-con-llave-triangular-capuchon-pequeno\/","og_locale":"es_ES","og_type":"article","og_title":"Cerradura peque\u00f1a no gravitacional con llave triangular T6","og_description":"Cerradura ecol\u00f3gica no gravitacional con capuch\u00f3n peque\u00f1o y llave triangular T6 sin muelle. Ideal para basureros sin vaciado mecanizado.","og_url":"https:\/\/www.omrserrature.it\/es\/producto\/cerradura-ecologica-non-gravitacional-con-llave-triangular-capuchon-pequeno\/","og_site_name":"OMR Serrature | Produzione sistemi di chiusura","article_publisher":"https:\/\/www.facebook.com\/OMRserrature","article_modified_time":"2026-04-08T09:27:18+00:00","og_image":[{"width":1000,"height":1000,"url":"https:\/\/www.omrserrature.it\/wp-content\/uploads\/2021\/03\/Non-gravitazionale-piccola_triangolare.jpg","type":"image\/jpeg"}],"twitter_card":"summary_large_image","twitter_misc":{"Tiempo de lectura":"1 minuto"},"schema":{"@context":"https:\/\/schema.org","@graph":[{"@type":"WebPage","@id":"https:\/\/www.omrserrature.it\/es\/producto\/cerradura-ecologica-non-gravitacional-con-llave-triangular-capuchon-pequeno\/","url":"https:\/\/www.omrserrature.it\/es\/producto\/cerradura-ecologica-non-gravitacional-con-llave-triangular-capuchon-pequeno\/","name":"Cerradura peque\u00f1a no gravitacional con llave triangular T6","isPartOf":{"@id":"https:\/\/www.omrserrature.it\/es\/#website"},"primaryImageOfPage":{"@id":"https:\/\/www.omrserrature.it\/es\/producto\/cerradura-ecologica-non-gravitacional-con-llave-triangular-capuchon-pequeno\/#primaryimage"},"image":{"@id":"https:\/\/www.omrserrature.it\/es\/producto\/cerradura-ecologica-non-gravitacional-con-llave-triangular-capuchon-pequeno\/#primaryimage"},"thumbnailUrl":"https:\/\/www.omrserrature.it\/wp-content\/uploads\/2021\/03\/Non-gravitazionale-piccola_triangolare.jpg","datePublished":"2024-03-21T11:05:00+00:00","dateModified":"2026-04-08T09:27:18+00:00","description":"Cerradura ecol\u00f3gica no gravitacional con capuch\u00f3n peque\u00f1o y llave triangular T6 sin muelle. Ideal para basureros sin vaciado mecanizado.","breadcrumb":{"@id":"https:\/\/www.omrserrature.it\/es\/producto\/cerradura-ecologica-non-gravitacional-con-llave-triangular-capuchon-pequeno\/#breadcrumb"},"inLanguage":"es","potentialAction":[{"@type":"ReadAction","target":["https:\/\/www.omrserrature.it\/es\/producto\/cerradura-ecologica-non-gravitacional-con-llave-triangular-capuchon-pequeno\/"]}]},{"@type":"ImageObject","inLanguage":"es","@id":"https:\/\/www.omrserrature.it\/es\/producto\/cerradura-ecologica-non-gravitacional-con-llave-triangular-capuchon-pequeno\/#primaryimage","url":"https:\/\/www.omrserrature.it\/wp-content\/uploads\/2021\/03\/Non-gravitazionale-piccola_triangolare.jpg","contentUrl":"https:\/\/www.omrserrature.it\/wp-content\/uploads\/2021\/03\/Non-gravitazionale-piccola_triangolare.jpg","width":1000,"height":1000,"caption":"Cierre de basureros y cubos de basura - Cierre manual con cerradura de tri\u00e1ngulo, cuadro y otras formas"},{"@type":"BreadcrumbList","@id":"https:\/\/www.omrserrature.it\/es\/producto\/cerradura-ecologica-non-gravitacional-con-llave-triangular-capuchon-pequeno\/#breadcrumb","itemListElement":[{"@type":"ListItem","position":1,"name":"Home","item":"https:\/\/www.omrserrature.it\/es\/omr-cerradiras-y-sistemas-de-cierre\/"},{"@type":"ListItem","position":2,"name":"Cat\u00e1logo","item":"https:\/\/www.omrserrature.it\/catalogo\/?lang=es"},{"@type":"ListItem","position":3,"name":"Aplicaciones","item":"https:\/\/www.omrserrature.it\/es\/inventario\/aplicaciones\/"},{"@type":"ListItem","position":4,"name":"Cerraduras para basureros de reciclaje","item":"https:\/\/www.omrserrature.it\/es\/inventario\/aplicaciones\/cerraduras-para-basureros-de-reciclaje\/"},{"@type":"ListItem","position":5,"name":"Cerradura ecol\u00f3gica non gravitacional con llave triangular &#8211; Capuch\u00f3n peque\u00f1o"}]},{"@type":"WebSite","@id":"https:\/\/www.omrserrature.it\/es\/#website","url":"https:\/\/www.omrserrature.it\/es\/","name":"OMR Serrature | Produzione sistemi di chiusura","description":"Produzione serrature di sicurezza e sistemi di chiusura","publisher":{"@id":"https:\/\/www.omrserrature.it\/es\/#organization"},"potentialAction":[{"@type":"SearchAction","target":{"@type":"EntryPoint","urlTemplate":"https:\/\/www.omrserrature.it\/es\/?s={search_term_string}"},"query-input":{"@type":"PropertyValueSpecification","valueRequired":true,"valueName":"search_term_string"}}],"inLanguage":"es"},{"@type":"Organization","@id":"https:\/\/www.omrserrature.it\/es\/#organization","name":"OMR Serrature | Produzione sistemi di chiusura","url":"https:\/\/www.omrserrature.it\/es\/","logo":{"@type":"ImageObject","inLanguage":"es","@id":"https:\/\/www.omrserrature.it\/es\/#\/schema\/logo\/image\/","url":"https:\/\/www.omrserrature.it\/wp-content\/uploads\/2017\/09\/favicon-omr-114.png","contentUrl":"https:\/\/www.omrserrature.it\/wp-content\/uploads\/2017\/09\/favicon-omr-114.png","width":114,"height":114,"caption":"OMR Serrature | Produzione sistemi di chiusura"},"image":{"@id":"https:\/\/www.omrserrature.it\/es\/#\/schema\/logo\/image\/"},"sameAs":["https:\/\/www.facebook.com\/OMRserrature","https:\/\/www.linkedin.com\/company\/omrserrature\/","https:\/\/www.youtube.com\/channel\/UCxmA85z2R0EpG_6IRokiAkg"]}]}},"_links":{"self":[{"href":"https:\/\/www.omrserrature.it\/es\/wp-json\/wp\/v2\/product\/242321","targetHints":{"allow":["GET"]}}],"collection":[{"href":"https:\/\/www.omrserrature.it\/es\/wp-json\/wp\/v2\/product"}],"about":[{"href":"https:\/\/www.omrserrature.it\/es\/wp-json\/wp\/v2\/types\/product"}],"replies":[{"embeddable":true,"href":"https:\/\/www.omrserrature.it\/es\/wp-json\/wp\/v2\/comments?post=242321"}],"wp:featuredmedia":[{"embeddable":true,"href":"https:\/\/www.omrserrature.it\/es\/wp-json\/wp\/v2\/media\/17668"}],"wp:attachment":[{"href":"https:\/\/www.omrserrature.it\/es\/wp-json\/wp\/v2\/media?parent=242321"}],"wp:term":[{"taxonomy":"product_brand","embeddable":true,"href":"https:\/\/www.omrserrature.it\/es\/wp-json\/wp\/v2\/product_brand?post=242321"},{"taxonomy":"product_cat","embeddable":true,"href":"https:\/\/www.omrserrature.it\/es\/wp-json\/wp\/v2\/product_cat?post=242321"},{"taxonomy":"product_tag","embeddable":true,"href":"https:\/\/www.omrserrature.it\/es\/wp-json\/wp\/v2\/product_tag?post=242321"}],"curies":[{"name":"wp","href":"https:\/\/api.w.org\/{rel}","templated":true}]}}