{"id":242309,"date":"2023-04-13T10:15:59","date_gmt":"2013-04-23T08:15:00","guid":{"rendered":"https:\/\/www.staging6.omrserrature.it\/prodotto\/cerradura-ecologica-non-gravitacional-con-llave-reversible-capuchon-grande\/"},"modified":"2026-04-08T11:13:56","modified_gmt":"2026-04-08T09:13:56","slug":"cerradura-ecologica-non-gravitacional-con-llave-reversible-capuchon-grande","status":"publish","type":"product","link":"https:\/\/www.omrserrature.it\/es\/producto\/cerradura-ecologica-non-gravitacional-con-llave-reversible-capuchon-grande\/","title":{"rendered":"Cerradura ecol\u00f3gica no gravitacional con llave reversible &#8211; Capuch\u00f3n grande"},"content":{"rendered":"<p>La <strong>cerradura ecol\u00f3gica NO gravitacional<\/strong> es un sistema de cierre que puede instalarse en <strong>los contenedores de recogida de residuos<\/strong> que <span style=\"text-decoration: underline;\">no<\/span> requieren el vaciado mecanizado por parte de los veh\u00edculos de recogida. Consta de <strong>3 elementos<\/strong>: <\/p>\n<ul>\n<li>un capuch\u00f3n que se coloca externamente sobre la tapa del basurero,<\/li>\n<li>un elemento con gancho que se coloca en el interior de la tapa,<\/li>\n<li>un cuerpo inferior que se instala dentro del cubo de basura.<\/li>\n<\/ul>\n<p>El capuch\u00f3n de esta cerradura gravitacional es de la versi\u00f3n<strong> \u00abgrande\u00bb<\/strong> y est\u00e1 equipado con una <strong>llave codificada reversible <\/strong>(se puede introducir por ambos lados). El producto se caracteriza por:<\/p>\n<ul>\n<li><strong>Se abren mediante una llave dentada reversible<\/strong> (numerada del 2001 al 2200); esta caracter\u00edstica impide que se depositen residuos no autorizados en el interior del cubo de basura, evitando sanciones desagradables y un exceso de contaminaci\u00f3n. Estas cerraduras pueden suministrarse en \u00abKIT CONDOMINIAL\u00bb con una llave iguales, lo que permite<strong> acceder con una sola llave a grupos de basureros<\/strong>. <\/li>\n<li><strong>F\u00e1cil apertura antip\u00e1nico desde el interior<\/strong> sin llave en caso de emergencia (por ejemplo, si un ni\u00f1o se queda atrapado dentro).<\/li>\n<li><strong>Sistema de apertura anti-accidental<\/strong> en caso de vuelco del cubo de basura por viento, golpes o vandalismo.<\/li>\n<\/ul>\n<p>La cerradura ecol\u00f3gica es compatible y <strong>se instala f\u00e1cilmente en todas las marcas de basureros y contenedores con ruedas<\/strong>, tanto de 2 como de 4 ruedas. Instrucciones para montar la cerradura con la m\u00e1scara universal OMR. <\/p>\n","protected":false},"excerpt":{"rendered":"<p>La <strong>cerradura ecol\u00f3gica NO gravitacional<\/strong> con gran capuch\u00f3n es un sistema de cierre que puede instalarse en <strong>contenedores de recogida de residuos de todo tipo,<\/strong> que <span style=\"text-decoration: underline;\">no<\/span> requieren el vaciado mecanizado por parte de los veh\u00edculos de recogida. Apertura con llave codificada reversible. <\/p>\n","protected":false},"featured_media":17687,"comment_status":"open","ping_status":"closed","template":"","meta":{"_acf_changed":false,"_et_pb_use_builder":"","_et_pb_old_content":"","_et_gb_content_width":""},"product_brand":[],"product_cat":[3974,3948,3886,3991],"product_tag":[],"class_list":{"0":"post-242309","1":"product","2":"type-product","3":"status-publish","4":"has-post-thumbnail","6":"product_cat-cerraduras-manuales-para-basureros","7":"product_cat-cerraduras-para-basureros","8":"product_cat-cerraduras-para-basureros-de-reciclaje","9":"product_cat-reciclaje-ecologico-de-residuos","11":"first","12":"instock","13":"shipping-taxable","14":"product-type-simple"},"acf":{"pdf1":"https:\/\/www.omrserrature.it\/wp-content\/uploads\/2023\/04\/Scheda_GG-CUP-2001_GG-GAN_GNKIT-INF-1.pdf"},"yoast_head":"<!-- This site is optimized with the Yoast SEO plugin v27.2 - https:\/\/yoast.com\/product\/yoast-seo-wordpress\/ -->\n<title>Cerradura no gravitacional para basureros con llave codificada<\/title>\n<meta name=\"description\" content=\"Cerradura ecol\u00f3gica gravitacional con gran capuch\u00f3n y llave codificada reversible. Ideal para basureros sin vaciado mecanizado.\" \/>\n<meta name=\"robots\" content=\"index, follow, max-snippet:-1, max-image-preview:large, max-video-preview:-1\" \/>\n<link rel=\"canonical\" href=\"https:\/\/www.omrserrature.it\/es\/producto\/cerradura-ecologica-non-gravitacional-con-llave-reversible-capuchon-grande\/\" \/>\n<meta property=\"og:locale\" content=\"es_ES\" \/>\n<meta property=\"og:type\" content=\"article\" \/>\n<meta property=\"og:title\" content=\"Cerradura no gravitacional para basureros con llave codificada\" \/>\n<meta property=\"og:description\" content=\"Cerradura ecol\u00f3gica gravitacional con gran capuch\u00f3n y llave codificada reversible. Ideal para basureros sin vaciado mecanizado.\" \/>\n<meta property=\"og:url\" content=\"https:\/\/www.omrserrature.it\/es\/producto\/cerradura-ecologica-non-gravitacional-con-llave-reversible-capuchon-grande\/\" \/>\n<meta property=\"og:site_name\" content=\"OMR Serrature | Produzione sistemi di chiusura\" \/>\n<meta property=\"article:publisher\" content=\"https:\/\/www.facebook.com\/OMRserrature\" \/>\n<meta property=\"article:modified_time\" content=\"2026-04-08T09:13:56+00:00\" \/>\n<meta property=\"og:image\" content=\"https:\/\/www.omrserrature.it\/wp-content\/uploads\/2021\/03\/Non-gravitazionale-grande-cifrata.jpg\" \/>\n\t<meta property=\"og:image:width\" content=\"1000\" \/>\n\t<meta property=\"og:image:height\" content=\"1000\" \/>\n\t<meta property=\"og:image:type\" content=\"image\/jpeg\" \/>\n<meta name=\"twitter:card\" content=\"summary_large_image\" \/>\n<meta name=\"twitter:label1\" content=\"Tiempo de lectura\" \/>\n\t<meta name=\"twitter:data1\" content=\"1 minuto\" \/>\n<script type=\"application\/ld+json\" class=\"yoast-schema-graph\">{\"@context\":\"https:\/\/schema.org\",\"@graph\":[{\"@type\":\"WebPage\",\"@id\":\"https:\/\/www.omrserrature.it\/es\/producto\/cerradura-ecologica-non-gravitacional-con-llave-reversible-capuchon-grande\/\",\"url\":\"https:\/\/www.omrserrature.it\/es\/producto\/cerradura-ecologica-non-gravitacional-con-llave-reversible-capuchon-grande\/\",\"name\":\"Cerradura no gravitacional para basureros con llave codificada\",\"isPartOf\":{\"@id\":\"https:\/\/www.omrserrature.it\/es\/#website\"},\"primaryImageOfPage\":{\"@id\":\"https:\/\/www.omrserrature.it\/es\/producto\/cerradura-ecologica-non-gravitacional-con-llave-reversible-capuchon-grande\/#primaryimage\"},\"image\":{\"@id\":\"https:\/\/www.omrserrature.it\/es\/producto\/cerradura-ecologica-non-gravitacional-con-llave-reversible-capuchon-grande\/#primaryimage\"},\"thumbnailUrl\":\"https:\/\/www.omrserrature.it\/wp-content\/uploads\/2021\/03\/Non-gravitazionale-grande-cifrata.jpg\",\"datePublished\":\"2013-04-23T08:15:00+00:00\",\"dateModified\":\"2026-04-08T09:13:56+00:00\",\"description\":\"Cerradura ecol\u00f3gica gravitacional con gran capuch\u00f3n y llave codificada reversible. Ideal para basureros sin vaciado mecanizado.\",\"breadcrumb\":{\"@id\":\"https:\/\/www.omrserrature.it\/es\/producto\/cerradura-ecologica-non-gravitacional-con-llave-reversible-capuchon-grande\/#breadcrumb\"},\"inLanguage\":\"es\",\"potentialAction\":[{\"@type\":\"ReadAction\",\"target\":[\"https:\/\/www.omrserrature.it\/es\/producto\/cerradura-ecologica-non-gravitacional-con-llave-reversible-capuchon-grande\/\"]}]},{\"@type\":\"ImageObject\",\"inLanguage\":\"es\",\"@id\":\"https:\/\/www.omrserrature.it\/es\/producto\/cerradura-ecologica-non-gravitacional-con-llave-reversible-capuchon-grande\/#primaryimage\",\"url\":\"https:\/\/www.omrserrature.it\/wp-content\/uploads\/2021\/03\/Non-gravitazionale-grande-cifrata.jpg\",\"contentUrl\":\"https:\/\/www.omrserrature.it\/wp-content\/uploads\/2021\/03\/Non-gravitazionale-grande-cifrata.jpg\",\"width\":1000,\"height\":1000,\"caption\":\"Cierre de basureros y cubos de basura - Cierre manual con gran capuch\u00f3n y llave codificada\"},{\"@type\":\"BreadcrumbList\",\"@id\":\"https:\/\/www.omrserrature.it\/es\/producto\/cerradura-ecologica-non-gravitacional-con-llave-reversible-capuchon-grande\/#breadcrumb\",\"itemListElement\":[{\"@type\":\"ListItem\",\"position\":1,\"name\":\"Home\",\"item\":\"https:\/\/www.omrserrature.it\/es\/omr-cerradiras-y-sistemas-de-cierre\/\"},{\"@type\":\"ListItem\",\"position\":2,\"name\":\"Cat\u00e1logo\",\"item\":\"https:\/\/www.omrserrature.it\/catalogo\/?lang=es\"},{\"@type\":\"ListItem\",\"position\":3,\"name\":\"Aplicaciones\",\"item\":\"https:\/\/www.omrserrature.it\/es\/inventario\/aplicaciones\/\"},{\"@type\":\"ListItem\",\"position\":4,\"name\":\"Cerraduras para basureros de reciclaje\",\"item\":\"https:\/\/www.omrserrature.it\/es\/inventario\/aplicaciones\/cerraduras-para-basureros-de-reciclaje\/\"},{\"@type\":\"ListItem\",\"position\":5,\"name\":\"Cerradura ecol\u00f3gica no gravitacional con llave reversible &#8211; Capuch\u00f3n grande\"}]},{\"@type\":\"WebSite\",\"@id\":\"https:\/\/www.omrserrature.it\/es\/#website\",\"url\":\"https:\/\/www.omrserrature.it\/es\/\",\"name\":\"OMR Serrature | Produzione sistemi di chiusura\",\"description\":\"Produzione serrature di sicurezza e sistemi di chiusura\",\"publisher\":{\"@id\":\"https:\/\/www.omrserrature.it\/es\/#organization\"},\"potentialAction\":[{\"@type\":\"SearchAction\",\"target\":{\"@type\":\"EntryPoint\",\"urlTemplate\":\"https:\/\/www.omrserrature.it\/es\/?s={search_term_string}\"},\"query-input\":{\"@type\":\"PropertyValueSpecification\",\"valueRequired\":true,\"valueName\":\"search_term_string\"}}],\"inLanguage\":\"es\"},{\"@type\":\"Organization\",\"@id\":\"https:\/\/www.omrserrature.it\/es\/#organization\",\"name\":\"OMR Serrature | Produzione sistemi di chiusura\",\"url\":\"https:\/\/www.omrserrature.it\/es\/\",\"logo\":{\"@type\":\"ImageObject\",\"inLanguage\":\"es\",\"@id\":\"https:\/\/www.omrserrature.it\/es\/#\/schema\/logo\/image\/\",\"url\":\"https:\/\/www.omrserrature.it\/wp-content\/uploads\/2017\/09\/favicon-omr-114.png\",\"contentUrl\":\"https:\/\/www.omrserrature.it\/wp-content\/uploads\/2017\/09\/favicon-omr-114.png\",\"width\":114,\"height\":114,\"caption\":\"OMR Serrature | Produzione sistemi di chiusura\"},\"image\":{\"@id\":\"https:\/\/www.omrserrature.it\/es\/#\/schema\/logo\/image\/\"},\"sameAs\":[\"https:\/\/www.facebook.com\/OMRserrature\",\"https:\/\/www.linkedin.com\/company\/omrserrature\/\",\"https:\/\/www.youtube.com\/channel\/UCxmA85z2R0EpG_6IRokiAkg\"]}]}<\/script>\n<!-- \/ Yoast SEO plugin. -->","yoast_head_json":{"title":"Cerradura no gravitacional para basureros con llave codificada","description":"Cerradura ecol\u00f3gica gravitacional con gran capuch\u00f3n y llave codificada reversible. Ideal para basureros sin vaciado mecanizado.","robots":{"index":"index","follow":"follow","max-snippet":"max-snippet:-1","max-image-preview":"max-image-preview:large","max-video-preview":"max-video-preview:-1"},"canonical":"https:\/\/www.omrserrature.it\/es\/producto\/cerradura-ecologica-non-gravitacional-con-llave-reversible-capuchon-grande\/","og_locale":"es_ES","og_type":"article","og_title":"Cerradura no gravitacional para basureros con llave codificada","og_description":"Cerradura ecol\u00f3gica gravitacional con gran capuch\u00f3n y llave codificada reversible. Ideal para basureros sin vaciado mecanizado.","og_url":"https:\/\/www.omrserrature.it\/es\/producto\/cerradura-ecologica-non-gravitacional-con-llave-reversible-capuchon-grande\/","og_site_name":"OMR Serrature | Produzione sistemi di chiusura","article_publisher":"https:\/\/www.facebook.com\/OMRserrature","article_modified_time":"2026-04-08T09:13:56+00:00","og_image":[{"width":1000,"height":1000,"url":"https:\/\/www.omrserrature.it\/wp-content\/uploads\/2021\/03\/Non-gravitazionale-grande-cifrata.jpg","type":"image\/jpeg"}],"twitter_card":"summary_large_image","twitter_misc":{"Tiempo de lectura":"1 minuto"},"schema":{"@context":"https:\/\/schema.org","@graph":[{"@type":"WebPage","@id":"https:\/\/www.omrserrature.it\/es\/producto\/cerradura-ecologica-non-gravitacional-con-llave-reversible-capuchon-grande\/","url":"https:\/\/www.omrserrature.it\/es\/producto\/cerradura-ecologica-non-gravitacional-con-llave-reversible-capuchon-grande\/","name":"Cerradura no gravitacional para basureros con llave codificada","isPartOf":{"@id":"https:\/\/www.omrserrature.it\/es\/#website"},"primaryImageOfPage":{"@id":"https:\/\/www.omrserrature.it\/es\/producto\/cerradura-ecologica-non-gravitacional-con-llave-reversible-capuchon-grande\/#primaryimage"},"image":{"@id":"https:\/\/www.omrserrature.it\/es\/producto\/cerradura-ecologica-non-gravitacional-con-llave-reversible-capuchon-grande\/#primaryimage"},"thumbnailUrl":"https:\/\/www.omrserrature.it\/wp-content\/uploads\/2021\/03\/Non-gravitazionale-grande-cifrata.jpg","datePublished":"2013-04-23T08:15:00+00:00","dateModified":"2026-04-08T09:13:56+00:00","description":"Cerradura ecol\u00f3gica gravitacional con gran capuch\u00f3n y llave codificada reversible. Ideal para basureros sin vaciado mecanizado.","breadcrumb":{"@id":"https:\/\/www.omrserrature.it\/es\/producto\/cerradura-ecologica-non-gravitacional-con-llave-reversible-capuchon-grande\/#breadcrumb"},"inLanguage":"es","potentialAction":[{"@type":"ReadAction","target":["https:\/\/www.omrserrature.it\/es\/producto\/cerradura-ecologica-non-gravitacional-con-llave-reversible-capuchon-grande\/"]}]},{"@type":"ImageObject","inLanguage":"es","@id":"https:\/\/www.omrserrature.it\/es\/producto\/cerradura-ecologica-non-gravitacional-con-llave-reversible-capuchon-grande\/#primaryimage","url":"https:\/\/www.omrserrature.it\/wp-content\/uploads\/2021\/03\/Non-gravitazionale-grande-cifrata.jpg","contentUrl":"https:\/\/www.omrserrature.it\/wp-content\/uploads\/2021\/03\/Non-gravitazionale-grande-cifrata.jpg","width":1000,"height":1000,"caption":"Cierre de basureros y cubos de basura - Cierre manual con gran capuch\u00f3n y llave codificada"},{"@type":"BreadcrumbList","@id":"https:\/\/www.omrserrature.it\/es\/producto\/cerradura-ecologica-non-gravitacional-con-llave-reversible-capuchon-grande\/#breadcrumb","itemListElement":[{"@type":"ListItem","position":1,"name":"Home","item":"https:\/\/www.omrserrature.it\/es\/omr-cerradiras-y-sistemas-de-cierre\/"},{"@type":"ListItem","position":2,"name":"Cat\u00e1logo","item":"https:\/\/www.omrserrature.it\/catalogo\/?lang=es"},{"@type":"ListItem","position":3,"name":"Aplicaciones","item":"https:\/\/www.omrserrature.it\/es\/inventario\/aplicaciones\/"},{"@type":"ListItem","position":4,"name":"Cerraduras para basureros de reciclaje","item":"https:\/\/www.omrserrature.it\/es\/inventario\/aplicaciones\/cerraduras-para-basureros-de-reciclaje\/"},{"@type":"ListItem","position":5,"name":"Cerradura ecol\u00f3gica no gravitacional con llave reversible &#8211; Capuch\u00f3n grande"}]},{"@type":"WebSite","@id":"https:\/\/www.omrserrature.it\/es\/#website","url":"https:\/\/www.omrserrature.it\/es\/","name":"OMR Serrature | Produzione sistemi di chiusura","description":"Produzione serrature di sicurezza e sistemi di chiusura","publisher":{"@id":"https:\/\/www.omrserrature.it\/es\/#organization"},"potentialAction":[{"@type":"SearchAction","target":{"@type":"EntryPoint","urlTemplate":"https:\/\/www.omrserrature.it\/es\/?s={search_term_string}"},"query-input":{"@type":"PropertyValueSpecification","valueRequired":true,"valueName":"search_term_string"}}],"inLanguage":"es"},{"@type":"Organization","@id":"https:\/\/www.omrserrature.it\/es\/#organization","name":"OMR Serrature | Produzione sistemi di chiusura","url":"https:\/\/www.omrserrature.it\/es\/","logo":{"@type":"ImageObject","inLanguage":"es","@id":"https:\/\/www.omrserrature.it\/es\/#\/schema\/logo\/image\/","url":"https:\/\/www.omrserrature.it\/wp-content\/uploads\/2017\/09\/favicon-omr-114.png","contentUrl":"https:\/\/www.omrserrature.it\/wp-content\/uploads\/2017\/09\/favicon-omr-114.png","width":114,"height":114,"caption":"OMR Serrature | Produzione sistemi di chiusura"},"image":{"@id":"https:\/\/www.omrserrature.it\/es\/#\/schema\/logo\/image\/"},"sameAs":["https:\/\/www.facebook.com\/OMRserrature","https:\/\/www.linkedin.com\/company\/omrserrature\/","https:\/\/www.youtube.com\/channel\/UCxmA85z2R0EpG_6IRokiAkg"]}]}},"_links":{"self":[{"href":"https:\/\/www.omrserrature.it\/es\/wp-json\/wp\/v2\/product\/242309","targetHints":{"allow":["GET"]}}],"collection":[{"href":"https:\/\/www.omrserrature.it\/es\/wp-json\/wp\/v2\/product"}],"about":[{"href":"https:\/\/www.omrserrature.it\/es\/wp-json\/wp\/v2\/types\/product"}],"replies":[{"embeddable":true,"href":"https:\/\/www.omrserrature.it\/es\/wp-json\/wp\/v2\/comments?post=242309"}],"wp:featuredmedia":[{"embeddable":true,"href":"https:\/\/www.omrserrature.it\/es\/wp-json\/wp\/v2\/media\/17687"}],"wp:attachment":[{"href":"https:\/\/www.omrserrature.it\/es\/wp-json\/wp\/v2\/media?parent=242309"}],"wp:term":[{"taxonomy":"product_brand","embeddable":true,"href":"https:\/\/www.omrserrature.it\/es\/wp-json\/wp\/v2\/product_brand?post=242309"},{"taxonomy":"product_cat","embeddable":true,"href":"https:\/\/www.omrserrature.it\/es\/wp-json\/wp\/v2\/product_cat?post=242309"},{"taxonomy":"product_tag","embeddable":true,"href":"https:\/\/www.omrserrature.it\/es\/wp-json\/wp\/v2\/product_tag?post=242309"}],"curies":[{"name":"wp","href":"https:\/\/api.w.org\/{rel}","templated":true}]}}