{"id":242298,"date":"2021-03-12T10:13:52","date_gmt":"2012-03-21T09:13:00","guid":{"rendered":"https:\/\/www.staging6.omrserrature.it\/prodotto\/cerradura-ecologica-gravitacional-con-llave-triangular-y-muelle-de-retorno-capuchon-pequeno\/"},"modified":"2026-04-08T11:27:23","modified_gmt":"2026-04-08T09:27:23","slug":"cerradura-ecologica-gravitacional-con-llave-triangular-y-muelle-de-retorno-capuchon-pequeno","status":"publish","type":"product","link":"https:\/\/www.omrserrature.it\/es\/producto\/cerradura-ecologica-gravitacional-con-llave-triangular-y-muelle-de-retorno-capuchon-pequeno\/","title":{"rendered":"Cerradura ecol\u00f3gica gravitacional con llave triangular y muelle de retorno &#8211; Capuch\u00f3n peque\u00f1o"},"content":{"rendered":"<p>La <strong>cerradura ecol\u00f3gica<\/strong> por gravedad se caracteriza por un mecanismo gravitacional que permite abrir el <strong>contenedor de recogida de residuos<\/strong> una vez alcanzada una determinada inclinaci\u00f3n, en el momento de vaciarlo del veh\u00edculo. Consta de <strong>3 elementos<\/strong>: <\/p>\n<ul>\n<li>un capuch\u00f3n que se coloca externamente sobre la tapa del basurero,<\/li>\n<li>un elemento con gancho que se coloca en el interior de la tapa,<\/li>\n<li>un cuerpo inferior que se instala dentro del cubo de basura.<\/li>\n<\/ul>\n<p>La c\u00fapula de esta cerradura de gravitaci\u00f3n est\u00e1 en la versi\u00f3n <strong>\u00abpeque\u00f1a\u00bb<\/strong> y est\u00e1 equipada con una <strong>llave triangular T6 con muelle de retorno.<\/strong><\/p>\n<p>El innovador sistema gravitacional permite <strong>la protecci\u00f3n contra el acceso no autorizado<\/strong> a los distintos contenedores, pero al mismo tiempo un sistema de acceso r\u00e1pido para los recolectores de residuos puerta a puerta: una soluci\u00f3n eficaz para mejorar la calidad de la recogida de residuos en los distintos municipios y distritos de la ciudad.<\/p>\n<p>El producto se caracteriza por:<\/p>\n<ul>\n<li><strong>Apertura autom\u00e1tica<\/strong> durante las operaciones de vaciado por parte de la empresa de recogida.<\/li>\n<li>Al final de esta operaci\u00f3n <strong>, el mecanismo se cerrar\u00e1 autom\u00e1ticamente<\/strong>, impidiendo que personas no autorizadas vuelvan a acceder a \u00e9l.<\/li>\n<li>Apertura mediante <strong>llave de z\u00f3calo T6 con muelle de retorno<\/strong>; esta caracter\u00edstica impide que se introduzcan en el cubo de basura residuos no autorizados.<\/li>\n<li><strong>F\u00e1cil apertura antip\u00e1nico desde el interior<\/strong> sin llave en caso de emergencia (por ejemplo, si un ni\u00f1o se queda atrapado dentro).<\/li>\n<li><strong>Sistema de apertura anti-accidental<\/strong> en caso de vuelco del cubo de basura por viento, golpes o vandalismo.<\/li>\n<\/ul>\n<p>La cerradura gravitacional es compatible y f\u00e1cil <strong>de instalar en todas las marcas de basureros y cubos con ruedas<\/strong>, tanto de 2 como de 4 ruedas. Instrucciones para montar la cerradura con la m\u00e1scara universal OMR. <\/p>\n","protected":false},"excerpt":{"rendered":"<p><strong>Cerradura gravitacional ecol\u00f3gica, equipada con un capuch\u00f3n rojo \u00abpeque\u00f1o\u00bb con llave triangular T6, con muelle de retorno.<\/strong> Se caracteriza por un mecanismo de gravedad que permite <strong>la apertura autom\u00e1tica del basurero<\/strong> una vez alcanzada una determinada inclinaci\u00f3n, cuando es vaciado por el veh\u00edculo. Una soluci\u00f3n eficaz para mejorar la calidad de la recogida selectiva de residuos en municipios y distritos urbanos. <\/p>\n<p>Esta cerradura concreta tambi\u00e9n ayuda a evitar las sanciones por recogida incorrecta de residuos. Utiliz\u00e1ndolo, se combate el exceso de contaminaci\u00f3n de forma concreta y eficaz. <\/p>\n","protected":false},"featured_media":24354,"comment_status":"open","ping_status":"closed","template":"","meta":{"_acf_changed":false,"_et_pb_use_builder":"","_et_pb_old_content":"","_et_gb_content_width":""},"product_brand":[],"product_cat":[3972,3948,3886,3991],"product_tag":[],"class_list":{"0":"post-242298","1":"product","2":"type-product","3":"status-publish","4":"has-post-thumbnail","6":"product_cat-cerraduras-gravitacionales-para-basureros","7":"product_cat-cerraduras-para-basureros","8":"product_cat-cerraduras-para-basureros-de-reciclaje","9":"product_cat-reciclaje-ecologico-de-residuos","11":"first","12":"instock","13":"shipping-taxable","14":"product-type-simple"},"acf":{"pdf1":"https:\/\/www.omrserrature.it\/wp-content\/uploads\/2021\/03\/Scheda-tec_GP-CUP-T_GP-GAN_GKIT-INF.pdf"},"yoast_head":"<!-- This site is optimized with the Yoast SEO plugin v27.2 - https:\/\/yoast.com\/product\/yoast-seo-wordpress\/ -->\n<title>Cerradura gravitacional peque\u00f1a. Llave triangular. Retorno por muelle<\/title>\n<meta name=\"description\" content=\"Cerradura ecol\u00f3gica gravitacional con peque\u00f1o capuch\u00f3n y llave triangular T6 con muelle de retorno. Cierra los basureros y se abre autom\u00e1ticamente al vaciarlos.\" \/>\n<meta name=\"robots\" content=\"index, follow, max-snippet:-1, max-image-preview:large, max-video-preview:-1\" \/>\n<link rel=\"canonical\" href=\"https:\/\/www.omrserrature.it\/es\/producto\/cerradura-ecologica-gravitacional-con-llave-triangular-y-muelle-de-retorno-capuchon-pequeno\/\" \/>\n<meta property=\"og:locale\" content=\"es_ES\" \/>\n<meta property=\"og:type\" content=\"article\" \/>\n<meta property=\"og:title\" content=\"Cerradura gravitacional peque\u00f1a. Llave triangular. Retorno por muelle\" \/>\n<meta property=\"og:description\" content=\"Cerradura ecol\u00f3gica gravitacional con peque\u00f1o capuch\u00f3n y llave triangular T6 con muelle de retorno. Cierra los basureros y se abre autom\u00e1ticamente al vaciarlos.\" \/>\n<meta property=\"og:url\" content=\"https:\/\/www.omrserrature.it\/es\/producto\/cerradura-ecologica-gravitacional-con-llave-triangular-y-muelle-de-retorno-capuchon-pequeno\/\" \/>\n<meta property=\"og:site_name\" content=\"OMR Serrature | Produzione sistemi di chiusura\" \/>\n<meta property=\"article:publisher\" content=\"https:\/\/www.facebook.com\/OMRserrature\" \/>\n<meta property=\"article:modified_time\" content=\"2026-04-08T09:27:23+00:00\" \/>\n<meta property=\"og:image\" content=\"https:\/\/www.omrserrature.it\/wp-content\/uploads\/2021\/03\/Serratura-ecologica-gravitazionale-piccola-con-chiave-triangolare-con-ritorno-a-molla1.jpeg\" \/>\n\t<meta property=\"og:image:width\" content=\"600\" \/>\n\t<meta property=\"og:image:height\" content=\"600\" \/>\n\t<meta property=\"og:image:type\" content=\"image\/jpeg\" \/>\n<meta name=\"twitter:card\" content=\"summary_large_image\" \/>\n<meta name=\"twitter:label1\" content=\"Tiempo de lectura\" \/>\n\t<meta name=\"twitter:data1\" content=\"2 minutos\" \/>\n<script type=\"application\/ld+json\" class=\"yoast-schema-graph\">{\"@context\":\"https:\/\/schema.org\",\"@graph\":[{\"@type\":\"WebPage\",\"@id\":\"https:\/\/www.omrserrature.it\/es\/producto\/cerradura-ecologica-gravitacional-con-llave-triangular-y-muelle-de-retorno-capuchon-pequeno\/\",\"url\":\"https:\/\/www.omrserrature.it\/es\/producto\/cerradura-ecologica-gravitacional-con-llave-triangular-y-muelle-de-retorno-capuchon-pequeno\/\",\"name\":\"Cerradura gravitacional peque\u00f1a. Llave triangular. Retorno por muelle\",\"isPartOf\":{\"@id\":\"https:\/\/www.omrserrature.it\/es\/#website\"},\"primaryImageOfPage\":{\"@id\":\"https:\/\/www.omrserrature.it\/es\/producto\/cerradura-ecologica-gravitacional-con-llave-triangular-y-muelle-de-retorno-capuchon-pequeno\/#primaryimage\"},\"image\":{\"@id\":\"https:\/\/www.omrserrature.it\/es\/producto\/cerradura-ecologica-gravitacional-con-llave-triangular-y-muelle-de-retorno-capuchon-pequeno\/#primaryimage\"},\"thumbnailUrl\":\"https:\/\/www.omrserrature.it\/wp-content\/uploads\/2021\/03\/Serratura-ecologica-gravitazionale-piccola-con-chiave-triangolare-con-ritorno-a-molla1.jpeg\",\"datePublished\":\"2012-03-21T09:13:00+00:00\",\"dateModified\":\"2026-04-08T09:27:23+00:00\",\"description\":\"Cerradura ecol\u00f3gica gravitacional con peque\u00f1o capuch\u00f3n y llave triangular T6 con muelle de retorno. Cierra los basureros y se abre autom\u00e1ticamente al vaciarlos.\",\"breadcrumb\":{\"@id\":\"https:\/\/www.omrserrature.it\/es\/producto\/cerradura-ecologica-gravitacional-con-llave-triangular-y-muelle-de-retorno-capuchon-pequeno\/#breadcrumb\"},\"inLanguage\":\"es\",\"potentialAction\":[{\"@type\":\"ReadAction\",\"target\":[\"https:\/\/www.omrserrature.it\/es\/producto\/cerradura-ecologica-gravitacional-con-llave-triangular-y-muelle-de-retorno-capuchon-pequeno\/\"]}]},{\"@type\":\"ImageObject\",\"inLanguage\":\"es\",\"@id\":\"https:\/\/www.omrserrature.it\/es\/producto\/cerradura-ecologica-gravitacional-con-llave-triangular-y-muelle-de-retorno-capuchon-pequeno\/#primaryimage\",\"url\":\"https:\/\/www.omrserrature.it\/wp-content\/uploads\/2021\/03\/Serratura-ecologica-gravitazionale-piccola-con-chiave-triangolare-con-ritorno-a-molla1.jpeg\",\"contentUrl\":\"https:\/\/www.omrserrature.it\/wp-content\/uploads\/2021\/03\/Serratura-ecologica-gravitazionale-piccola-con-chiave-triangolare-con-ritorno-a-molla1.jpeg\",\"width\":600,\"height\":600,\"caption\":\"Cierre gravitacional ecol\u00f3gico para basureros - peque\u00f1o capuch\u00f3n, cierre con llave de z\u00f3calo, retorno por muelle\"},{\"@type\":\"BreadcrumbList\",\"@id\":\"https:\/\/www.omrserrature.it\/es\/producto\/cerradura-ecologica-gravitacional-con-llave-triangular-y-muelle-de-retorno-capuchon-pequeno\/#breadcrumb\",\"itemListElement\":[{\"@type\":\"ListItem\",\"position\":1,\"name\":\"Home\",\"item\":\"https:\/\/www.omrserrature.it\/es\/omr-cerradiras-y-sistemas-de-cierre\/\"},{\"@type\":\"ListItem\",\"position\":2,\"name\":\"Cat\u00e1logo\",\"item\":\"https:\/\/www.omrserrature.it\/catalogo\/?lang=es\"},{\"@type\":\"ListItem\",\"position\":3,\"name\":\"Aplicaciones\",\"item\":\"https:\/\/www.omrserrature.it\/es\/inventario\/aplicaciones\/\"},{\"@type\":\"ListItem\",\"position\":4,\"name\":\"Cerraduras para basureros de reciclaje\",\"item\":\"https:\/\/www.omrserrature.it\/es\/inventario\/aplicaciones\/cerraduras-para-basureros-de-reciclaje\/\"},{\"@type\":\"ListItem\",\"position\":5,\"name\":\"Cerradura ecol\u00f3gica gravitacional con llave triangular y muelle de retorno &#8211; Capuch\u00f3n peque\u00f1o\"}]},{\"@type\":\"WebSite\",\"@id\":\"https:\/\/www.omrserrature.it\/es\/#website\",\"url\":\"https:\/\/www.omrserrature.it\/es\/\",\"name\":\"OMR Serrature | Produzione sistemi di chiusura\",\"description\":\"Produzione serrature di sicurezza e sistemi di chiusura\",\"publisher\":{\"@id\":\"https:\/\/www.omrserrature.it\/es\/#organization\"},\"potentialAction\":[{\"@type\":\"SearchAction\",\"target\":{\"@type\":\"EntryPoint\",\"urlTemplate\":\"https:\/\/www.omrserrature.it\/es\/?s={search_term_string}\"},\"query-input\":{\"@type\":\"PropertyValueSpecification\",\"valueRequired\":true,\"valueName\":\"search_term_string\"}}],\"inLanguage\":\"es\"},{\"@type\":\"Organization\",\"@id\":\"https:\/\/www.omrserrature.it\/es\/#organization\",\"name\":\"OMR Serrature | Produzione sistemi di chiusura\",\"url\":\"https:\/\/www.omrserrature.it\/es\/\",\"logo\":{\"@type\":\"ImageObject\",\"inLanguage\":\"es\",\"@id\":\"https:\/\/www.omrserrature.it\/es\/#\/schema\/logo\/image\/\",\"url\":\"https:\/\/www.omrserrature.it\/wp-content\/uploads\/2017\/09\/favicon-omr-114.png\",\"contentUrl\":\"https:\/\/www.omrserrature.it\/wp-content\/uploads\/2017\/09\/favicon-omr-114.png\",\"width\":114,\"height\":114,\"caption\":\"OMR Serrature | Produzione sistemi di chiusura\"},\"image\":{\"@id\":\"https:\/\/www.omrserrature.it\/es\/#\/schema\/logo\/image\/\"},\"sameAs\":[\"https:\/\/www.facebook.com\/OMRserrature\",\"https:\/\/www.linkedin.com\/company\/omrserrature\/\",\"https:\/\/www.youtube.com\/channel\/UCxmA85z2R0EpG_6IRokiAkg\"]}]}<\/script>\n<!-- \/ Yoast SEO plugin. -->","yoast_head_json":{"title":"Cerradura gravitacional peque\u00f1a. Llave triangular. Retorno por muelle","description":"Cerradura ecol\u00f3gica gravitacional con peque\u00f1o capuch\u00f3n y llave triangular T6 con muelle de retorno. Cierra los basureros y se abre autom\u00e1ticamente al vaciarlos.","robots":{"index":"index","follow":"follow","max-snippet":"max-snippet:-1","max-image-preview":"max-image-preview:large","max-video-preview":"max-video-preview:-1"},"canonical":"https:\/\/www.omrserrature.it\/es\/producto\/cerradura-ecologica-gravitacional-con-llave-triangular-y-muelle-de-retorno-capuchon-pequeno\/","og_locale":"es_ES","og_type":"article","og_title":"Cerradura gravitacional peque\u00f1a. Llave triangular. Retorno por muelle","og_description":"Cerradura ecol\u00f3gica gravitacional con peque\u00f1o capuch\u00f3n y llave triangular T6 con muelle de retorno. Cierra los basureros y se abre autom\u00e1ticamente al vaciarlos.","og_url":"https:\/\/www.omrserrature.it\/es\/producto\/cerradura-ecologica-gravitacional-con-llave-triangular-y-muelle-de-retorno-capuchon-pequeno\/","og_site_name":"OMR Serrature | Produzione sistemi di chiusura","article_publisher":"https:\/\/www.facebook.com\/OMRserrature","article_modified_time":"2026-04-08T09:27:23+00:00","og_image":[{"width":600,"height":600,"url":"https:\/\/www.omrserrature.it\/wp-content\/uploads\/2021\/03\/Serratura-ecologica-gravitazionale-piccola-con-chiave-triangolare-con-ritorno-a-molla1.jpeg","type":"image\/jpeg"}],"twitter_card":"summary_large_image","twitter_misc":{"Tiempo de lectura":"2 minutos"},"schema":{"@context":"https:\/\/schema.org","@graph":[{"@type":"WebPage","@id":"https:\/\/www.omrserrature.it\/es\/producto\/cerradura-ecologica-gravitacional-con-llave-triangular-y-muelle-de-retorno-capuchon-pequeno\/","url":"https:\/\/www.omrserrature.it\/es\/producto\/cerradura-ecologica-gravitacional-con-llave-triangular-y-muelle-de-retorno-capuchon-pequeno\/","name":"Cerradura gravitacional peque\u00f1a. Llave triangular. Retorno por muelle","isPartOf":{"@id":"https:\/\/www.omrserrature.it\/es\/#website"},"primaryImageOfPage":{"@id":"https:\/\/www.omrserrature.it\/es\/producto\/cerradura-ecologica-gravitacional-con-llave-triangular-y-muelle-de-retorno-capuchon-pequeno\/#primaryimage"},"image":{"@id":"https:\/\/www.omrserrature.it\/es\/producto\/cerradura-ecologica-gravitacional-con-llave-triangular-y-muelle-de-retorno-capuchon-pequeno\/#primaryimage"},"thumbnailUrl":"https:\/\/www.omrserrature.it\/wp-content\/uploads\/2021\/03\/Serratura-ecologica-gravitazionale-piccola-con-chiave-triangolare-con-ritorno-a-molla1.jpeg","datePublished":"2012-03-21T09:13:00+00:00","dateModified":"2026-04-08T09:27:23+00:00","description":"Cerradura ecol\u00f3gica gravitacional con peque\u00f1o capuch\u00f3n y llave triangular T6 con muelle de retorno. Cierra los basureros y se abre autom\u00e1ticamente al vaciarlos.","breadcrumb":{"@id":"https:\/\/www.omrserrature.it\/es\/producto\/cerradura-ecologica-gravitacional-con-llave-triangular-y-muelle-de-retorno-capuchon-pequeno\/#breadcrumb"},"inLanguage":"es","potentialAction":[{"@type":"ReadAction","target":["https:\/\/www.omrserrature.it\/es\/producto\/cerradura-ecologica-gravitacional-con-llave-triangular-y-muelle-de-retorno-capuchon-pequeno\/"]}]},{"@type":"ImageObject","inLanguage":"es","@id":"https:\/\/www.omrserrature.it\/es\/producto\/cerradura-ecologica-gravitacional-con-llave-triangular-y-muelle-de-retorno-capuchon-pequeno\/#primaryimage","url":"https:\/\/www.omrserrature.it\/wp-content\/uploads\/2021\/03\/Serratura-ecologica-gravitazionale-piccola-con-chiave-triangolare-con-ritorno-a-molla1.jpeg","contentUrl":"https:\/\/www.omrserrature.it\/wp-content\/uploads\/2021\/03\/Serratura-ecologica-gravitazionale-piccola-con-chiave-triangolare-con-ritorno-a-molla1.jpeg","width":600,"height":600,"caption":"Cierre gravitacional ecol\u00f3gico para basureros - peque\u00f1o capuch\u00f3n, cierre con llave de z\u00f3calo, retorno por muelle"},{"@type":"BreadcrumbList","@id":"https:\/\/www.omrserrature.it\/es\/producto\/cerradura-ecologica-gravitacional-con-llave-triangular-y-muelle-de-retorno-capuchon-pequeno\/#breadcrumb","itemListElement":[{"@type":"ListItem","position":1,"name":"Home","item":"https:\/\/www.omrserrature.it\/es\/omr-cerradiras-y-sistemas-de-cierre\/"},{"@type":"ListItem","position":2,"name":"Cat\u00e1logo","item":"https:\/\/www.omrserrature.it\/catalogo\/?lang=es"},{"@type":"ListItem","position":3,"name":"Aplicaciones","item":"https:\/\/www.omrserrature.it\/es\/inventario\/aplicaciones\/"},{"@type":"ListItem","position":4,"name":"Cerraduras para basureros de reciclaje","item":"https:\/\/www.omrserrature.it\/es\/inventario\/aplicaciones\/cerraduras-para-basureros-de-reciclaje\/"},{"@type":"ListItem","position":5,"name":"Cerradura ecol\u00f3gica gravitacional con llave triangular y muelle de retorno &#8211; Capuch\u00f3n peque\u00f1o"}]},{"@type":"WebSite","@id":"https:\/\/www.omrserrature.it\/es\/#website","url":"https:\/\/www.omrserrature.it\/es\/","name":"OMR Serrature | Produzione sistemi di chiusura","description":"Produzione serrature di sicurezza e sistemi di chiusura","publisher":{"@id":"https:\/\/www.omrserrature.it\/es\/#organization"},"potentialAction":[{"@type":"SearchAction","target":{"@type":"EntryPoint","urlTemplate":"https:\/\/www.omrserrature.it\/es\/?s={search_term_string}"},"query-input":{"@type":"PropertyValueSpecification","valueRequired":true,"valueName":"search_term_string"}}],"inLanguage":"es"},{"@type":"Organization","@id":"https:\/\/www.omrserrature.it\/es\/#organization","name":"OMR Serrature | Produzione sistemi di chiusura","url":"https:\/\/www.omrserrature.it\/es\/","logo":{"@type":"ImageObject","inLanguage":"es","@id":"https:\/\/www.omrserrature.it\/es\/#\/schema\/logo\/image\/","url":"https:\/\/www.omrserrature.it\/wp-content\/uploads\/2017\/09\/favicon-omr-114.png","contentUrl":"https:\/\/www.omrserrature.it\/wp-content\/uploads\/2017\/09\/favicon-omr-114.png","width":114,"height":114,"caption":"OMR Serrature | Produzione sistemi di chiusura"},"image":{"@id":"https:\/\/www.omrserrature.it\/es\/#\/schema\/logo\/image\/"},"sameAs":["https:\/\/www.facebook.com\/OMRserrature","https:\/\/www.linkedin.com\/company\/omrserrature\/","https:\/\/www.youtube.com\/channel\/UCxmA85z2R0EpG_6IRokiAkg"]}]}},"_links":{"self":[{"href":"https:\/\/www.omrserrature.it\/es\/wp-json\/wp\/v2\/product\/242298","targetHints":{"allow":["GET"]}}],"collection":[{"href":"https:\/\/www.omrserrature.it\/es\/wp-json\/wp\/v2\/product"}],"about":[{"href":"https:\/\/www.omrserrature.it\/es\/wp-json\/wp\/v2\/types\/product"}],"replies":[{"embeddable":true,"href":"https:\/\/www.omrserrature.it\/es\/wp-json\/wp\/v2\/comments?post=242298"}],"wp:featuredmedia":[{"embeddable":true,"href":"https:\/\/www.omrserrature.it\/es\/wp-json\/wp\/v2\/media\/24354"}],"wp:attachment":[{"href":"https:\/\/www.omrserrature.it\/es\/wp-json\/wp\/v2\/media?parent=242298"}],"wp:term":[{"taxonomy":"product_brand","embeddable":true,"href":"https:\/\/www.omrserrature.it\/es\/wp-json\/wp\/v2\/product_brand?post=242298"},{"taxonomy":"product_cat","embeddable":true,"href":"https:\/\/www.omrserrature.it\/es\/wp-json\/wp\/v2\/product_cat?post=242298"},{"taxonomy":"product_tag","embeddable":true,"href":"https:\/\/www.omrserrature.it\/es\/wp-json\/wp\/v2\/product_tag?post=242298"}],"curies":[{"name":"wp","href":"https:\/\/api.w.org\/{rel}","templated":true}]}}