{"id":242290,"date":"2021-03-12T09:33:55","date_gmt":"2012-03-21T08:33:00","guid":{"rendered":"https:\/\/www.staging6.omrserrature.it\/prodotto\/cerradura-ecologica-gravitacional-con-llave-triangular-sin-retorno-por-muelle-grande\/"},"modified":"2026-04-08T11:27:29","modified_gmt":"2026-04-08T09:27:29","slug":"cerradura-ecologica-gravitacional-con-llave-triangular-sin-retorno-por-muelle-grande","status":"publish","type":"product","link":"https:\/\/www.omrserrature.it\/es\/producto\/cerradura-ecologica-gravitacional-con-llave-triangular-sin-retorno-por-muelle-grande\/","title":{"rendered":"Cerradura ecol\u00f3gica gravitacional con llave triangular, sin retorno por muelle &#8211; grande"},"content":{"rendered":"<p>La <strong>cerradura ecol\u00f3gica<\/strong> por gravedad se caracteriza por un mecanismo gravitacional que permite abrir el <strong>contenedor de recogida de residuos<\/strong> una vez alcanzada cierta inclinaci\u00f3n, cuando se vac\u00eda del veh\u00edculo. Consta de <strong>3 elementos<\/strong>: <\/p>\n<ul>\n<li>un capuch\u00f3n que se coloca externamente sobre la tapa del basurero,<\/li>\n<li>un elemento con gancho que se coloca en el interior de la tapa,<\/li>\n<li>un cuerpo inferior que se instala dentro del cubo de basura.<\/li>\n<\/ul>\n<p>La c\u00fapula de esta cerradura de gravedad es de la versi\u00f3n <strong>\u00abgrande\u00bb<\/strong> y est\u00e1 equipada con una <strong>llave triangular T6, sin muelle de retorno.<\/strong><\/p>\n<p>El innovador sistema gravitacional permite <strong>proteger del acceso no autorizado<\/strong> y abrir f\u00e1cilmente los distintos contenedores, en particular los dedicados a la recogida de basuras puerta a puerta: una soluci\u00f3n eficaz para mejorar la calidad de la recogida de basuras en los distintos municipios y distritos de la ciudad.<\/p>\n<p>El producto se caracteriza por:<\/p>\n<ul>\n<li><strong>Apertura autom\u00e1tica<\/strong> durante las operaciones de vaciado por parte de la empresa de recogida<\/li>\n<li>Al final de esta operaci\u00f3n, <strong>el mecanismo se cerrar\u00e1 autom\u00e1ticamente<\/strong>, impidiendo de nuevo el acceso a personas no autorizadas<\/li>\n<li>Apertura mediante <strong>llave de z\u00f3calo T6 sin muelle de retorno<\/strong>; esta caracter\u00edstica impide que se introduzcan en el cubo de basura residuos no autorizados.<\/li>\n<li><strong>F\u00e1cil apertura anti-p\u00e1nico desde el interior<\/strong> sin llave en caso de emergencia (por ejemplo, si un ni\u00f1o se queda atrapado dentro)<\/li>\n<li><strong>Sistema de apertura anti-accidental<\/strong> en caso de vuelco del cubo de basura por viento, golpes o vandalismo.<\/li>\n<\/ul>\n<p>La cerradura gravitacional es compatible y f\u00e1cil <strong>de instalar en todas las marcas de basureros y cubos con ruedas<\/strong>, tanto de 2 como de 4 ruedas. Instrucciones para montar la cerradura con la m\u00e1scara universal OMR. <\/p>\n","protected":false},"excerpt":{"rendered":"<p><strong>La cerradura gravitacional ecol\u00f3gica equipada con un capuch\u00f3n rojo \u00abgrande\u00bb con llave triangular T6, sin retorno de varillas<\/strong>, se caracteriza por un mecanismo de gravedad que permite<strong> la apertura autom\u00e1tica del basurero<\/strong> una vez alcanzada una determinada inclinaci\u00f3n, cuando es vaciado por el veh\u00edculo dedicado. Una soluci\u00f3n eficaz para mejorar la calidad de la recogida de residuos en municipios y distritos urbanos. Con esta cerradura concreta, se combate el exceso de contaminaci\u00f3n y se evitan las sanciones por recogida incorrecta de residuos, al asignar el acceso al basurero s\u00f3lo a los usuarios designados. La cerradura gravitacional se adapta a todas las marcas de basureros, garantizando la m\u00e1xima versatilidad.   <\/p>\n","protected":false},"featured_media":18460,"comment_status":"open","ping_status":"closed","template":"","meta":{"_acf_changed":false,"_et_pb_use_builder":"","_et_pb_old_content":"","_et_gb_content_width":""},"product_brand":[],"product_cat":[3972,3948,3886,3991],"product_tag":[],"class_list":{"0":"post-242290","1":"product","2":"type-product","3":"status-publish","4":"has-post-thumbnail","6":"product_cat-cerraduras-gravitacionales-para-basureros","7":"product_cat-cerraduras-para-basureros","8":"product_cat-cerraduras-para-basureros-de-reciclaje","9":"product_cat-reciclaje-ecologico-de-residuos","11":"first","12":"instock","13":"shipping-taxable","14":"product-type-simple"},"acf":{"pdf1":"https:\/\/www.omrserrature.it\/wp-content\/uploads\/2021\/03\/Scheda_GG-CUP-T-SM_GG-GAN_GKIT-INF.pdf"},"yoast_head":"<!-- This site is optimized with the Yoast SEO plugin v27.2 - https:\/\/yoast.com\/product\/yoast-seo-wordpress\/ -->\n<title>Cerradura ecol\u00f3gica gravitacional con llave triangular<\/title>\n<meta name=\"description\" content=\"Cerradura ecol\u00f3gica gravitacional con gran capuch\u00f3n y llave triangular sin muelle. Protege los basureros y se abre autom\u00e1ticamente al vaciarlos.\" \/>\n<meta name=\"robots\" content=\"index, follow, max-snippet:-1, max-image-preview:large, max-video-preview:-1\" \/>\n<link rel=\"canonical\" href=\"https:\/\/www.omrserrature.it\/es\/producto\/cerradura-ecologica-gravitacional-con-llave-triangular-sin-retorno-por-muelle-grande\/\" \/>\n<meta property=\"og:locale\" content=\"es_ES\" \/>\n<meta property=\"og:type\" content=\"article\" \/>\n<meta property=\"og:title\" content=\"Cerradura ecol\u00f3gica gravitacional con llave triangular\" \/>\n<meta property=\"og:description\" content=\"Cerradura ecol\u00f3gica gravitacional con gran capuch\u00f3n y llave triangular sin muelle. Protege los basureros y se abre autom\u00e1ticamente al vaciarlos.\" \/>\n<meta property=\"og:url\" content=\"https:\/\/www.omrserrature.it\/es\/producto\/cerradura-ecologica-gravitacional-con-llave-triangular-sin-retorno-por-muelle-grande\/\" \/>\n<meta property=\"og:site_name\" content=\"OMR Serrature | Produzione sistemi di chiusura\" \/>\n<meta property=\"article:publisher\" content=\"https:\/\/www.facebook.com\/OMRserrature\" \/>\n<meta property=\"article:modified_time\" content=\"2026-04-08T09:27:29+00:00\" \/>\n<meta property=\"og:image\" content=\"https:\/\/www.omrserrature.it\/wp-content\/uploads\/2021\/03\/Serratura-ecologica-gravitazionale-grande-con-chiave-triangolare-senza-ritorno-a-molla.jpg\" \/>\n\t<meta property=\"og:image:width\" content=\"600\" \/>\n\t<meta property=\"og:image:height\" content=\"600\" \/>\n\t<meta property=\"og:image:type\" content=\"image\/jpeg\" \/>\n<meta name=\"twitter:card\" content=\"summary_large_image\" \/>\n<meta name=\"twitter:label1\" content=\"Tiempo de lectura\" \/>\n\t<meta name=\"twitter:data1\" content=\"1 minuto\" \/>\n<script type=\"application\/ld+json\" class=\"yoast-schema-graph\">{\"@context\":\"https:\/\/schema.org\",\"@graph\":[{\"@type\":\"WebPage\",\"@id\":\"https:\/\/www.omrserrature.it\/es\/producto\/cerradura-ecologica-gravitacional-con-llave-triangular-sin-retorno-por-muelle-grande\/\",\"url\":\"https:\/\/www.omrserrature.it\/es\/producto\/cerradura-ecologica-gravitacional-con-llave-triangular-sin-retorno-por-muelle-grande\/\",\"name\":\"Cerradura ecol\u00f3gica gravitacional con llave triangular\",\"isPartOf\":{\"@id\":\"https:\/\/www.omrserrature.it\/es\/#website\"},\"primaryImageOfPage\":{\"@id\":\"https:\/\/www.omrserrature.it\/es\/producto\/cerradura-ecologica-gravitacional-con-llave-triangular-sin-retorno-por-muelle-grande\/#primaryimage\"},\"image\":{\"@id\":\"https:\/\/www.omrserrature.it\/es\/producto\/cerradura-ecologica-gravitacional-con-llave-triangular-sin-retorno-por-muelle-grande\/#primaryimage\"},\"thumbnailUrl\":\"https:\/\/www.omrserrature.it\/wp-content\/uploads\/2021\/03\/Serratura-ecologica-gravitazionale-grande-con-chiave-triangolare-senza-ritorno-a-molla.jpg\",\"datePublished\":\"2012-03-21T08:33:00+00:00\",\"dateModified\":\"2026-04-08T09:27:29+00:00\",\"description\":\"Cerradura ecol\u00f3gica gravitacional con gran capuch\u00f3n y llave triangular sin muelle. Protege los basureros y se abre autom\u00e1ticamente al vaciarlos.\",\"breadcrumb\":{\"@id\":\"https:\/\/www.omrserrature.it\/es\/producto\/cerradura-ecologica-gravitacional-con-llave-triangular-sin-retorno-por-muelle-grande\/#breadcrumb\"},\"inLanguage\":\"es\",\"potentialAction\":[{\"@type\":\"ReadAction\",\"target\":[\"https:\/\/www.omrserrature.it\/es\/producto\/cerradura-ecologica-gravitacional-con-llave-triangular-sin-retorno-por-muelle-grande\/\"]}]},{\"@type\":\"ImageObject\",\"inLanguage\":\"es\",\"@id\":\"https:\/\/www.omrserrature.it\/es\/producto\/cerradura-ecologica-gravitacional-con-llave-triangular-sin-retorno-por-muelle-grande\/#primaryimage\",\"url\":\"https:\/\/www.omrserrature.it\/wp-content\/uploads\/2021\/03\/Serratura-ecologica-gravitazionale-grande-con-chiave-triangolare-senza-ritorno-a-molla.jpg\",\"contentUrl\":\"https:\/\/www.omrserrature.it\/wp-content\/uploads\/2021\/03\/Serratura-ecologica-gravitazionale-grande-con-chiave-triangolare-senza-ritorno-a-molla.jpg\",\"width\":600,\"height\":600,\"caption\":\"Cerradura ecol\u00f3gica gravitacional con llave triangular, sin retorno por muelle - grande\"},{\"@type\":\"BreadcrumbList\",\"@id\":\"https:\/\/www.omrserrature.it\/es\/producto\/cerradura-ecologica-gravitacional-con-llave-triangular-sin-retorno-por-muelle-grande\/#breadcrumb\",\"itemListElement\":[{\"@type\":\"ListItem\",\"position\":1,\"name\":\"Home\",\"item\":\"https:\/\/www.omrserrature.it\/es\/omr-cerradiras-y-sistemas-de-cierre\/\"},{\"@type\":\"ListItem\",\"position\":2,\"name\":\"Cat\u00e1logo\",\"item\":\"https:\/\/www.omrserrature.it\/catalogo\/?lang=es\"},{\"@type\":\"ListItem\",\"position\":3,\"name\":\"Productos\",\"item\":\"https:\/\/www.omrserrature.it\/es\/inventario\/productos\/\"},{\"@type\":\"ListItem\",\"position\":4,\"name\":\"Cerraduras\",\"item\":\"https:\/\/www.omrserrature.it\/es\/inventario\/productos\/cerraduras\/\"},{\"@type\":\"ListItem\",\"position\":5,\"name\":\"Cerraduras para basureros\",\"item\":\"https:\/\/www.omrserrature.it\/es\/inventario\/productos\/cerraduras\/cerraduras-para-basureros\/\"},{\"@type\":\"ListItem\",\"position\":6,\"name\":\"Cerraduras gravitacionales para basureros\",\"item\":\"https:\/\/www.omrserrature.it\/es\/inventario\/productos\/cerraduras\/cerraduras-para-basureros\/cerraduras-gravitacionales-para-basureros\/\"},{\"@type\":\"ListItem\",\"position\":7,\"name\":\"Cerradura ecol\u00f3gica gravitacional con llave triangular, sin retorno por muelle &#8211; grande\"}]},{\"@type\":\"WebSite\",\"@id\":\"https:\/\/www.omrserrature.it\/es\/#website\",\"url\":\"https:\/\/www.omrserrature.it\/es\/\",\"name\":\"OMR Serrature | Produzione sistemi di chiusura\",\"description\":\"Produzione serrature di sicurezza e sistemi di chiusura\",\"publisher\":{\"@id\":\"https:\/\/www.omrserrature.it\/es\/#organization\"},\"potentialAction\":[{\"@type\":\"SearchAction\",\"target\":{\"@type\":\"EntryPoint\",\"urlTemplate\":\"https:\/\/www.omrserrature.it\/es\/?s={search_term_string}\"},\"query-input\":{\"@type\":\"PropertyValueSpecification\",\"valueRequired\":true,\"valueName\":\"search_term_string\"}}],\"inLanguage\":\"es\"},{\"@type\":\"Organization\",\"@id\":\"https:\/\/www.omrserrature.it\/es\/#organization\",\"name\":\"OMR Serrature | Produzione sistemi di chiusura\",\"url\":\"https:\/\/www.omrserrature.it\/es\/\",\"logo\":{\"@type\":\"ImageObject\",\"inLanguage\":\"es\",\"@id\":\"https:\/\/www.omrserrature.it\/es\/#\/schema\/logo\/image\/\",\"url\":\"https:\/\/www.omrserrature.it\/wp-content\/uploads\/2017\/09\/favicon-omr-114.png\",\"contentUrl\":\"https:\/\/www.omrserrature.it\/wp-content\/uploads\/2017\/09\/favicon-omr-114.png\",\"width\":114,\"height\":114,\"caption\":\"OMR Serrature | Produzione sistemi di chiusura\"},\"image\":{\"@id\":\"https:\/\/www.omrserrature.it\/es\/#\/schema\/logo\/image\/\"},\"sameAs\":[\"https:\/\/www.facebook.com\/OMRserrature\",\"https:\/\/www.linkedin.com\/company\/omrserrature\/\",\"https:\/\/www.youtube.com\/channel\/UCxmA85z2R0EpG_6IRokiAkg\"]}]}<\/script>\n<!-- \/ Yoast SEO plugin. -->","yoast_head_json":{"title":"Cerradura ecol\u00f3gica gravitacional con llave triangular","description":"Cerradura ecol\u00f3gica gravitacional con gran capuch\u00f3n y llave triangular sin muelle. Protege los basureros y se abre autom\u00e1ticamente al vaciarlos.","robots":{"index":"index","follow":"follow","max-snippet":"max-snippet:-1","max-image-preview":"max-image-preview:large","max-video-preview":"max-video-preview:-1"},"canonical":"https:\/\/www.omrserrature.it\/es\/producto\/cerradura-ecologica-gravitacional-con-llave-triangular-sin-retorno-por-muelle-grande\/","og_locale":"es_ES","og_type":"article","og_title":"Cerradura ecol\u00f3gica gravitacional con llave triangular","og_description":"Cerradura ecol\u00f3gica gravitacional con gran capuch\u00f3n y llave triangular sin muelle. Protege los basureros y se abre autom\u00e1ticamente al vaciarlos.","og_url":"https:\/\/www.omrserrature.it\/es\/producto\/cerradura-ecologica-gravitacional-con-llave-triangular-sin-retorno-por-muelle-grande\/","og_site_name":"OMR Serrature | Produzione sistemi di chiusura","article_publisher":"https:\/\/www.facebook.com\/OMRserrature","article_modified_time":"2026-04-08T09:27:29+00:00","og_image":[{"width":600,"height":600,"url":"https:\/\/www.omrserrature.it\/wp-content\/uploads\/2021\/03\/Serratura-ecologica-gravitazionale-grande-con-chiave-triangolare-senza-ritorno-a-molla.jpg","type":"image\/jpeg"}],"twitter_card":"summary_large_image","twitter_misc":{"Tiempo de lectura":"1 minuto"},"schema":{"@context":"https:\/\/schema.org","@graph":[{"@type":"WebPage","@id":"https:\/\/www.omrserrature.it\/es\/producto\/cerradura-ecologica-gravitacional-con-llave-triangular-sin-retorno-por-muelle-grande\/","url":"https:\/\/www.omrserrature.it\/es\/producto\/cerradura-ecologica-gravitacional-con-llave-triangular-sin-retorno-por-muelle-grande\/","name":"Cerradura ecol\u00f3gica gravitacional con llave triangular","isPartOf":{"@id":"https:\/\/www.omrserrature.it\/es\/#website"},"primaryImageOfPage":{"@id":"https:\/\/www.omrserrature.it\/es\/producto\/cerradura-ecologica-gravitacional-con-llave-triangular-sin-retorno-por-muelle-grande\/#primaryimage"},"image":{"@id":"https:\/\/www.omrserrature.it\/es\/producto\/cerradura-ecologica-gravitacional-con-llave-triangular-sin-retorno-por-muelle-grande\/#primaryimage"},"thumbnailUrl":"https:\/\/www.omrserrature.it\/wp-content\/uploads\/2021\/03\/Serratura-ecologica-gravitazionale-grande-con-chiave-triangolare-senza-ritorno-a-molla.jpg","datePublished":"2012-03-21T08:33:00+00:00","dateModified":"2026-04-08T09:27:29+00:00","description":"Cerradura ecol\u00f3gica gravitacional con gran capuch\u00f3n y llave triangular sin muelle. Protege los basureros y se abre autom\u00e1ticamente al vaciarlos.","breadcrumb":{"@id":"https:\/\/www.omrserrature.it\/es\/producto\/cerradura-ecologica-gravitacional-con-llave-triangular-sin-retorno-por-muelle-grande\/#breadcrumb"},"inLanguage":"es","potentialAction":[{"@type":"ReadAction","target":["https:\/\/www.omrserrature.it\/es\/producto\/cerradura-ecologica-gravitacional-con-llave-triangular-sin-retorno-por-muelle-grande\/"]}]},{"@type":"ImageObject","inLanguage":"es","@id":"https:\/\/www.omrserrature.it\/es\/producto\/cerradura-ecologica-gravitacional-con-llave-triangular-sin-retorno-por-muelle-grande\/#primaryimage","url":"https:\/\/www.omrserrature.it\/wp-content\/uploads\/2021\/03\/Serratura-ecologica-gravitazionale-grande-con-chiave-triangolare-senza-ritorno-a-molla.jpg","contentUrl":"https:\/\/www.omrserrature.it\/wp-content\/uploads\/2021\/03\/Serratura-ecologica-gravitazionale-grande-con-chiave-triangolare-senza-ritorno-a-molla.jpg","width":600,"height":600,"caption":"Cerradura ecol\u00f3gica gravitacional con llave triangular, sin retorno por muelle - grande"},{"@type":"BreadcrumbList","@id":"https:\/\/www.omrserrature.it\/es\/producto\/cerradura-ecologica-gravitacional-con-llave-triangular-sin-retorno-por-muelle-grande\/#breadcrumb","itemListElement":[{"@type":"ListItem","position":1,"name":"Home","item":"https:\/\/www.omrserrature.it\/es\/omr-cerradiras-y-sistemas-de-cierre\/"},{"@type":"ListItem","position":2,"name":"Cat\u00e1logo","item":"https:\/\/www.omrserrature.it\/catalogo\/?lang=es"},{"@type":"ListItem","position":3,"name":"Productos","item":"https:\/\/www.omrserrature.it\/es\/inventario\/productos\/"},{"@type":"ListItem","position":4,"name":"Cerraduras","item":"https:\/\/www.omrserrature.it\/es\/inventario\/productos\/cerraduras\/"},{"@type":"ListItem","position":5,"name":"Cerraduras para basureros","item":"https:\/\/www.omrserrature.it\/es\/inventario\/productos\/cerraduras\/cerraduras-para-basureros\/"},{"@type":"ListItem","position":6,"name":"Cerraduras gravitacionales para basureros","item":"https:\/\/www.omrserrature.it\/es\/inventario\/productos\/cerraduras\/cerraduras-para-basureros\/cerraduras-gravitacionales-para-basureros\/"},{"@type":"ListItem","position":7,"name":"Cerradura ecol\u00f3gica gravitacional con llave triangular, sin retorno por muelle &#8211; grande"}]},{"@type":"WebSite","@id":"https:\/\/www.omrserrature.it\/es\/#website","url":"https:\/\/www.omrserrature.it\/es\/","name":"OMR Serrature | Produzione sistemi di chiusura","description":"Produzione serrature di sicurezza e sistemi di chiusura","publisher":{"@id":"https:\/\/www.omrserrature.it\/es\/#organization"},"potentialAction":[{"@type":"SearchAction","target":{"@type":"EntryPoint","urlTemplate":"https:\/\/www.omrserrature.it\/es\/?s={search_term_string}"},"query-input":{"@type":"PropertyValueSpecification","valueRequired":true,"valueName":"search_term_string"}}],"inLanguage":"es"},{"@type":"Organization","@id":"https:\/\/www.omrserrature.it\/es\/#organization","name":"OMR Serrature | Produzione sistemi di chiusura","url":"https:\/\/www.omrserrature.it\/es\/","logo":{"@type":"ImageObject","inLanguage":"es","@id":"https:\/\/www.omrserrature.it\/es\/#\/schema\/logo\/image\/","url":"https:\/\/www.omrserrature.it\/wp-content\/uploads\/2017\/09\/favicon-omr-114.png","contentUrl":"https:\/\/www.omrserrature.it\/wp-content\/uploads\/2017\/09\/favicon-omr-114.png","width":114,"height":114,"caption":"OMR Serrature | Produzione sistemi di chiusura"},"image":{"@id":"https:\/\/www.omrserrature.it\/es\/#\/schema\/logo\/image\/"},"sameAs":["https:\/\/www.facebook.com\/OMRserrature","https:\/\/www.linkedin.com\/company\/omrserrature\/","https:\/\/www.youtube.com\/channel\/UCxmA85z2R0EpG_6IRokiAkg"]}]}},"_links":{"self":[{"href":"https:\/\/www.omrserrature.it\/es\/wp-json\/wp\/v2\/product\/242290","targetHints":{"allow":["GET"]}}],"collection":[{"href":"https:\/\/www.omrserrature.it\/es\/wp-json\/wp\/v2\/product"}],"about":[{"href":"https:\/\/www.omrserrature.it\/es\/wp-json\/wp\/v2\/types\/product"}],"replies":[{"embeddable":true,"href":"https:\/\/www.omrserrature.it\/es\/wp-json\/wp\/v2\/comments?post=242290"}],"wp:featuredmedia":[{"embeddable":true,"href":"https:\/\/www.omrserrature.it\/es\/wp-json\/wp\/v2\/media\/18460"}],"wp:attachment":[{"href":"https:\/\/www.omrserrature.it\/es\/wp-json\/wp\/v2\/media?parent=242290"}],"wp:term":[{"taxonomy":"product_brand","embeddable":true,"href":"https:\/\/www.omrserrature.it\/es\/wp-json\/wp\/v2\/product_brand?post=242290"},{"taxonomy":"product_cat","embeddable":true,"href":"https:\/\/www.omrserrature.it\/es\/wp-json\/wp\/v2\/product_cat?post=242290"},{"taxonomy":"product_tag","embeddable":true,"href":"https:\/\/www.omrserrature.it\/es\/wp-json\/wp\/v2\/product_tag?post=242290"}],"curies":[{"name":"wp","href":"https:\/\/api.w.org\/{rel}","templated":true}]}}