{"id":242224,"date":"2017-10-16T16:20:51","date_gmt":"2016-10-17T14:20:00","guid":{"rendered":"https:\/\/www.staging6.omrserrature.it\/prodotto\/cerradura-de-correojo-basculante-con-llave-cruz-de-embutir\/"},"modified":"2026-04-08T12:22:42","modified_gmt":"2026-04-08T10:22:42","slug":"cerradura-de-correojo-basculante-con-llave-cruz-de-embutir","status":"publish","type":"product","link":"https:\/\/www.omrserrature.it\/es\/producto\/cerradura-de-correojo-basculante-con-llave-cruz-de-embutir\/","title":{"rendered":"Cerradura de puerta basculante con llave en cruz-tetra"},"content":{"rendered":"<p>La <strong>cerradura de embutir de llave en cruz-tetra basculante<\/strong> tiene un cilindro cruciforme, alojado en un cuerpo de acero y aleaci\u00f3n de zinc, que mueve un pestillo basculante una vez introducida la llave. La disposici\u00f3n de los pernos en forma de cruz garantiza un buen nivel de <strong>seguridad<\/strong>, gracias tambi\u00e9n a la forma cruciforme especial de la llave.<\/p>\n<p>Para crear el chavetero se utiliza una simple broca de 12 mm, y el chavetero de 19 mm permite<strong>su aplicaci\u00f3n en postes estrechos<\/strong>. En tu producto, la ranura para la llave aparecer\u00e1 como un peque\u00f1o orificio, muy discreto y elegante. <strong>La fijaci\u00f3n a la puerta es muy pr\u00e1ctica <\/strong>y se realiza mediante dos tornillos en la placa frontal. Disponible en KA (llaves iguales) y KD (llaves diferentes), la cerradura tiene un pasador de acero de 25 mm que ofrece una buena resistencia. F\u00e1cil de instalar y multifuncional, la gama de cerraduras de bombillo consta de <strong>cinco variantes<\/strong>: cerrojo de seguridad, s\u00f3lo cerrojo de seguridad, cerrojo basculante o de gancho, de embutir con doble perno.   <\/p>\n<p>La cerradura de embutir con llave en cruz-tetra es perfecta para perfiles de hierro. Gracias a su peque\u00f1o tama\u00f1o, se utiliza en<strong>mobiliario de contract<\/strong> en vitrinas o puertas, as\u00ed como en la <strong>industria de la construcci\u00f3n<\/strong> para asegurar peque\u00f1as rejas y salas de calderas, e incluso en el sector naval. El saliente del pasador es de 22 mm, lo que permite aplicarlo tambi\u00e9n en puertas de entrada a tiendas y mobiliario comercial en el interior de estaciones y aeropuertos.  <\/p>\n","protected":false},"excerpt":{"rendered":"<p>La cerradura de embutir de llave en cruz-tetra dispone de un cilindro cruciforme, alojado en un cuerpo de acero y aleaci\u00f3n de zinc, que mueve un cerrojo oscilante una vez introducida la llave.<\/p>\n<p>Un sistema de cierre que proporciona una soluci\u00f3n elegante y eficaz.<\/p>\n","protected":false},"featured_media":3705,"comment_status":"open","ping_status":"closed","template":"","meta":{"_acf_changed":false,"_et_pb_use_builder":"","_et_pb_old_content":"","_et_gb_content_width":""},"product_brand":[],"product_cat":[3995,3989,3944,3941,3993,3983,3987,3988],"product_tag":[],"class_list":{"0":"post-242224","1":"product","2":"type-product","3":"status-publish","4":"has-post-thumbnail","6":"product_cat-arquitectura-urbanismo-y-diseno","7":"product_cat-banca-y-correos","8":"product_cat-cerraduras-de-llave-en-cruz-tetra","9":"product_cat-cerraduras-de-pestillo","10":"product_cat-feria","11":"product_cat-sistemas-de-cierre-de-seguridad","12":"product_cat-sistemas-de-cierre-para-la-industria","13":"product_cat-tiendas-y-actividades-comerciales","15":"first","16":"instock","17":"shipping-taxable","18":"purchasable","19":"product-type-variable","20":"has-default-attributes"},"acf":{"pdf1":"https:\/\/www.omrserrature.it\/wp-content\/uploads\/2017\/10\/Scheda-100874.pdf"},"yoast_head":"<!-- This site is optimized with the Yoast SEO plugin v27.2 - https:\/\/yoast.com\/product\/yoast-seo-wordpress\/ -->\n<title>Cerradura de puerta basculante con llave en cruz-tetra - OMR Serrature<\/title>\n<meta name=\"robots\" content=\"index, follow, max-snippet:-1, max-image-preview:large, max-video-preview:-1\" \/>\n<link rel=\"canonical\" href=\"https:\/\/www.omrserrature.it\/es\/producto\/cerradura-de-correojo-basculante-con-llave-cruz-de-embutir\/\" \/>\n<meta property=\"og:locale\" content=\"es_ES\" \/>\n<meta property=\"og:type\" content=\"article\" \/>\n<meta property=\"og:title\" content=\"Cerradura de puerta basculante con llave en cruz-tetra - OMR Serrature\" \/>\n<meta property=\"og:description\" content=\"La cerradura de embutir de llave en cruz-tetra dispone de un cilindro cruciforme, alojado en un cuerpo de acero y aleaci\u00f3n de zinc, que mueve un cerrojo oscilante una vez introducida la llave. Un sistema de cierre que proporciona una soluci\u00f3n elegante y eficaz.\" \/>\n<meta property=\"og:url\" content=\"https:\/\/www.omrserrature.it\/es\/producto\/cerradura-de-correojo-basculante-con-llave-cruz-de-embutir\/\" \/>\n<meta property=\"og:site_name\" content=\"OMR Serrature | Produzione sistemi di chiusura\" \/>\n<meta property=\"article:publisher\" content=\"https:\/\/www.facebook.com\/OMRserrature\" \/>\n<meta property=\"article:modified_time\" content=\"2026-04-08T10:22:42+00:00\" \/>\n<meta property=\"og:image\" content=\"https:\/\/www.omrserrature.it\/wp-content\/uploads\/2017\/10\/serratura-chiave-spillo-montante-basculante.jpg\" \/>\n\t<meta property=\"og:image:width\" content=\"1022\" \/>\n\t<meta property=\"og:image:height\" content=\"553\" \/>\n\t<meta property=\"og:image:type\" content=\"image\/jpeg\" \/>\n<meta name=\"twitter:card\" content=\"summary_large_image\" \/>\n<meta name=\"twitter:label1\" content=\"Tiempo de lectura\" \/>\n\t<meta name=\"twitter:data1\" content=\"1 minuto\" \/>\n<script type=\"application\/ld+json\" class=\"yoast-schema-graph\">{\"@context\":\"https:\/\/schema.org\",\"@graph\":[{\"@type\":\"WebPage\",\"@id\":\"https:\/\/www.omrserrature.it\/es\/producto\/cerradura-de-correojo-basculante-con-llave-cruz-de-embutir\/\",\"url\":\"https:\/\/www.omrserrature.it\/es\/producto\/cerradura-de-correojo-basculante-con-llave-cruz-de-embutir\/\",\"name\":\"Cerradura de puerta basculante con llave en cruz-tetra - OMR Serrature\",\"isPartOf\":{\"@id\":\"https:\/\/www.omrserrature.it\/es\/#website\"},\"primaryImageOfPage\":{\"@id\":\"https:\/\/www.omrserrature.it\/es\/producto\/cerradura-de-correojo-basculante-con-llave-cruz-de-embutir\/#primaryimage\"},\"image\":{\"@id\":\"https:\/\/www.omrserrature.it\/es\/producto\/cerradura-de-correojo-basculante-con-llave-cruz-de-embutir\/#primaryimage\"},\"thumbnailUrl\":\"https:\/\/www.omrserrature.it\/wp-content\/uploads\/2017\/10\/serratura-chiave-spillo-montante-basculante.jpg\",\"datePublished\":\"2016-10-17T14:20:00+00:00\",\"dateModified\":\"2026-04-08T10:22:42+00:00\",\"breadcrumb\":{\"@id\":\"https:\/\/www.omrserrature.it\/es\/producto\/cerradura-de-correojo-basculante-con-llave-cruz-de-embutir\/#breadcrumb\"},\"inLanguage\":\"es\",\"potentialAction\":[{\"@type\":\"ReadAction\",\"target\":[\"https:\/\/www.omrserrature.it\/es\/producto\/cerradura-de-correojo-basculante-con-llave-cruz-de-embutir\/\"]}]},{\"@type\":\"ImageObject\",\"inLanguage\":\"es\",\"@id\":\"https:\/\/www.omrserrature.it\/es\/producto\/cerradura-de-correojo-basculante-con-llave-cruz-de-embutir\/#primaryimage\",\"url\":\"https:\/\/www.omrserrature.it\/wp-content\/uploads\/2017\/10\/serratura-chiave-spillo-montante-basculante.jpg\",\"contentUrl\":\"https:\/\/www.omrserrature.it\/wp-content\/uploads\/2017\/10\/serratura-chiave-spillo-montante-basculante.jpg\",\"width\":1022,\"height\":553,\"caption\":\"Cerradura de puerta basculante con llave en cruz-tetra\"},{\"@type\":\"BreadcrumbList\",\"@id\":\"https:\/\/www.omrserrature.it\/es\/producto\/cerradura-de-correojo-basculante-con-llave-cruz-de-embutir\/#breadcrumb\",\"itemListElement\":[{\"@type\":\"ListItem\",\"position\":1,\"name\":\"Home\",\"item\":\"https:\/\/www.omrserrature.it\/es\/omr-cerradiras-y-sistemas-de-cierre\/\"},{\"@type\":\"ListItem\",\"position\":2,\"name\":\"Cat\u00e1logo\",\"item\":\"https:\/\/www.omrserrature.it\/catalogo\/?lang=es\"},{\"@type\":\"ListItem\",\"position\":3,\"name\":\"Productos\",\"item\":\"https:\/\/www.omrserrature.it\/es\/inventario\/productos\/\"},{\"@type\":\"ListItem\",\"position\":4,\"name\":\"Cerraduras\",\"item\":\"https:\/\/www.omrserrature.it\/es\/inventario\/productos\/cerraduras\/\"},{\"@type\":\"ListItem\",\"position\":5,\"name\":\"Cerraduras de llave en cruz-tetra\",\"item\":\"https:\/\/www.omrserrature.it\/es\/inventario\/productos\/cerraduras\/cerraduras-de-llave-en-cruz-tetra\/\"},{\"@type\":\"ListItem\",\"position\":6,\"name\":\"Cerradura de puerta basculante con llave en cruz-tetra\"}]},{\"@type\":\"WebSite\",\"@id\":\"https:\/\/www.omrserrature.it\/es\/#website\",\"url\":\"https:\/\/www.omrserrature.it\/es\/\",\"name\":\"OMR Serrature | Produzione sistemi di chiusura\",\"description\":\"Produzione serrature di sicurezza e sistemi di chiusura\",\"publisher\":{\"@id\":\"https:\/\/www.omrserrature.it\/es\/#organization\"},\"potentialAction\":[{\"@type\":\"SearchAction\",\"target\":{\"@type\":\"EntryPoint\",\"urlTemplate\":\"https:\/\/www.omrserrature.it\/es\/?s={search_term_string}\"},\"query-input\":{\"@type\":\"PropertyValueSpecification\",\"valueRequired\":true,\"valueName\":\"search_term_string\"}}],\"inLanguage\":\"es\"},{\"@type\":\"Organization\",\"@id\":\"https:\/\/www.omrserrature.it\/es\/#organization\",\"name\":\"OMR Serrature | Produzione sistemi di chiusura\",\"url\":\"https:\/\/www.omrserrature.it\/es\/\",\"logo\":{\"@type\":\"ImageObject\",\"inLanguage\":\"es\",\"@id\":\"https:\/\/www.omrserrature.it\/es\/#\/schema\/logo\/image\/\",\"url\":\"https:\/\/www.omrserrature.it\/wp-content\/uploads\/2017\/09\/favicon-omr-114.png\",\"contentUrl\":\"https:\/\/www.omrserrature.it\/wp-content\/uploads\/2017\/09\/favicon-omr-114.png\",\"width\":114,\"height\":114,\"caption\":\"OMR Serrature | Produzione sistemi di chiusura\"},\"image\":{\"@id\":\"https:\/\/www.omrserrature.it\/es\/#\/schema\/logo\/image\/\"},\"sameAs\":[\"https:\/\/www.facebook.com\/OMRserrature\",\"https:\/\/www.linkedin.com\/company\/omrserrature\/\",\"https:\/\/www.youtube.com\/channel\/UCxmA85z2R0EpG_6IRokiAkg\"]}]}<\/script>\n<!-- \/ Yoast SEO plugin. -->","yoast_head_json":{"title":"Cerradura de puerta basculante con llave en cruz-tetra - OMR Serrature","robots":{"index":"index","follow":"follow","max-snippet":"max-snippet:-1","max-image-preview":"max-image-preview:large","max-video-preview":"max-video-preview:-1"},"canonical":"https:\/\/www.omrserrature.it\/es\/producto\/cerradura-de-correojo-basculante-con-llave-cruz-de-embutir\/","og_locale":"es_ES","og_type":"article","og_title":"Cerradura de puerta basculante con llave en cruz-tetra - OMR Serrature","og_description":"La cerradura de embutir de llave en cruz-tetra dispone de un cilindro cruciforme, alojado en un cuerpo de acero y aleaci\u00f3n de zinc, que mueve un cerrojo oscilante una vez introducida la llave. Un sistema de cierre que proporciona una soluci\u00f3n elegante y eficaz.","og_url":"https:\/\/www.omrserrature.it\/es\/producto\/cerradura-de-correojo-basculante-con-llave-cruz-de-embutir\/","og_site_name":"OMR Serrature | Produzione sistemi di chiusura","article_publisher":"https:\/\/www.facebook.com\/OMRserrature","article_modified_time":"2026-04-08T10:22:42+00:00","og_image":[{"width":1022,"height":553,"url":"https:\/\/www.omrserrature.it\/wp-content\/uploads\/2017\/10\/serratura-chiave-spillo-montante-basculante.jpg","type":"image\/jpeg"}],"twitter_card":"summary_large_image","twitter_misc":{"Tiempo de lectura":"1 minuto"},"schema":{"@context":"https:\/\/schema.org","@graph":[{"@type":"WebPage","@id":"https:\/\/www.omrserrature.it\/es\/producto\/cerradura-de-correojo-basculante-con-llave-cruz-de-embutir\/","url":"https:\/\/www.omrserrature.it\/es\/producto\/cerradura-de-correojo-basculante-con-llave-cruz-de-embutir\/","name":"Cerradura de puerta basculante con llave en cruz-tetra - OMR Serrature","isPartOf":{"@id":"https:\/\/www.omrserrature.it\/es\/#website"},"primaryImageOfPage":{"@id":"https:\/\/www.omrserrature.it\/es\/producto\/cerradura-de-correojo-basculante-con-llave-cruz-de-embutir\/#primaryimage"},"image":{"@id":"https:\/\/www.omrserrature.it\/es\/producto\/cerradura-de-correojo-basculante-con-llave-cruz-de-embutir\/#primaryimage"},"thumbnailUrl":"https:\/\/www.omrserrature.it\/wp-content\/uploads\/2017\/10\/serratura-chiave-spillo-montante-basculante.jpg","datePublished":"2016-10-17T14:20:00+00:00","dateModified":"2026-04-08T10:22:42+00:00","breadcrumb":{"@id":"https:\/\/www.omrserrature.it\/es\/producto\/cerradura-de-correojo-basculante-con-llave-cruz-de-embutir\/#breadcrumb"},"inLanguage":"es","potentialAction":[{"@type":"ReadAction","target":["https:\/\/www.omrserrature.it\/es\/producto\/cerradura-de-correojo-basculante-con-llave-cruz-de-embutir\/"]}]},{"@type":"ImageObject","inLanguage":"es","@id":"https:\/\/www.omrserrature.it\/es\/producto\/cerradura-de-correojo-basculante-con-llave-cruz-de-embutir\/#primaryimage","url":"https:\/\/www.omrserrature.it\/wp-content\/uploads\/2017\/10\/serratura-chiave-spillo-montante-basculante.jpg","contentUrl":"https:\/\/www.omrserrature.it\/wp-content\/uploads\/2017\/10\/serratura-chiave-spillo-montante-basculante.jpg","width":1022,"height":553,"caption":"Cerradura de puerta basculante con llave en cruz-tetra"},{"@type":"BreadcrumbList","@id":"https:\/\/www.omrserrature.it\/es\/producto\/cerradura-de-correojo-basculante-con-llave-cruz-de-embutir\/#breadcrumb","itemListElement":[{"@type":"ListItem","position":1,"name":"Home","item":"https:\/\/www.omrserrature.it\/es\/omr-cerradiras-y-sistemas-de-cierre\/"},{"@type":"ListItem","position":2,"name":"Cat\u00e1logo","item":"https:\/\/www.omrserrature.it\/catalogo\/?lang=es"},{"@type":"ListItem","position":3,"name":"Productos","item":"https:\/\/www.omrserrature.it\/es\/inventario\/productos\/"},{"@type":"ListItem","position":4,"name":"Cerraduras","item":"https:\/\/www.omrserrature.it\/es\/inventario\/productos\/cerraduras\/"},{"@type":"ListItem","position":5,"name":"Cerraduras de llave en cruz-tetra","item":"https:\/\/www.omrserrature.it\/es\/inventario\/productos\/cerraduras\/cerraduras-de-llave-en-cruz-tetra\/"},{"@type":"ListItem","position":6,"name":"Cerradura de puerta basculante con llave en cruz-tetra"}]},{"@type":"WebSite","@id":"https:\/\/www.omrserrature.it\/es\/#website","url":"https:\/\/www.omrserrature.it\/es\/","name":"OMR Serrature | Produzione sistemi di chiusura","description":"Produzione serrature di sicurezza e sistemi di chiusura","publisher":{"@id":"https:\/\/www.omrserrature.it\/es\/#organization"},"potentialAction":[{"@type":"SearchAction","target":{"@type":"EntryPoint","urlTemplate":"https:\/\/www.omrserrature.it\/es\/?s={search_term_string}"},"query-input":{"@type":"PropertyValueSpecification","valueRequired":true,"valueName":"search_term_string"}}],"inLanguage":"es"},{"@type":"Organization","@id":"https:\/\/www.omrserrature.it\/es\/#organization","name":"OMR Serrature | Produzione sistemi di chiusura","url":"https:\/\/www.omrserrature.it\/es\/","logo":{"@type":"ImageObject","inLanguage":"es","@id":"https:\/\/www.omrserrature.it\/es\/#\/schema\/logo\/image\/","url":"https:\/\/www.omrserrature.it\/wp-content\/uploads\/2017\/09\/favicon-omr-114.png","contentUrl":"https:\/\/www.omrserrature.it\/wp-content\/uploads\/2017\/09\/favicon-omr-114.png","width":114,"height":114,"caption":"OMR Serrature | Produzione sistemi di chiusura"},"image":{"@id":"https:\/\/www.omrserrature.it\/es\/#\/schema\/logo\/image\/"},"sameAs":["https:\/\/www.facebook.com\/OMRserrature","https:\/\/www.linkedin.com\/company\/omrserrature\/","https:\/\/www.youtube.com\/channel\/UCxmA85z2R0EpG_6IRokiAkg"]}]}},"_links":{"self":[{"href":"https:\/\/www.omrserrature.it\/es\/wp-json\/wp\/v2\/product\/242224","targetHints":{"allow":["GET"]}}],"collection":[{"href":"https:\/\/www.omrserrature.it\/es\/wp-json\/wp\/v2\/product"}],"about":[{"href":"https:\/\/www.omrserrature.it\/es\/wp-json\/wp\/v2\/types\/product"}],"replies":[{"embeddable":true,"href":"https:\/\/www.omrserrature.it\/es\/wp-json\/wp\/v2\/comments?post=242224"}],"wp:featuredmedia":[{"embeddable":true,"href":"https:\/\/www.omrserrature.it\/es\/wp-json\/wp\/v2\/media\/3705"}],"wp:attachment":[{"href":"https:\/\/www.omrserrature.it\/es\/wp-json\/wp\/v2\/media?parent=242224"}],"wp:term":[{"taxonomy":"product_brand","embeddable":true,"href":"https:\/\/www.omrserrature.it\/es\/wp-json\/wp\/v2\/product_brand?post=242224"},{"taxonomy":"product_cat","embeddable":true,"href":"https:\/\/www.omrserrature.it\/es\/wp-json\/wp\/v2\/product_cat?post=242224"},{"taxonomy":"product_tag","embeddable":true,"href":"https:\/\/www.omrserrature.it\/es\/wp-json\/wp\/v2\/product_tag?post=242224"}],"curies":[{"name":"wp","href":"https:\/\/api.w.org\/{rel}","templated":true}]}}