{"id":242216,"date":"2017-10-16T16:08:31","date_gmt":"2016-10-17T14:08:00","guid":{"rendered":"https:\/\/www.staging6.omrserrature.it\/prodotto\/cerradura-de-llave-cruz-compacta-de-embutir\/"},"modified":"2026-04-08T12:24:24","modified_gmt":"2026-04-08T10:24:24","slug":"cerradura-de-llave-cruz-compacta-de-embutir","status":"publish","type":"product","link":"https:\/\/www.omrserrature.it\/es\/producto\/cerradura-de-llave-cruz-compacta-de-embutir\/","title":{"rendered":"Cerradura de llave en cruz-tetra"},"content":{"rendered":"<p>La <strong>cerradura de embutir de llave en cruz-tetra<\/strong> tiene un cilindro cruciforme, engastado en un cuerpo de acero y aleaci\u00f3n de zinc, que mueve un pestillo lateral una vez introducida la llave. La disposici\u00f3n de los pernos en forma de cruz garantiza un buen nivel de <strong>seguridad<\/strong>, gracias tambi\u00e9n a la forma cruciforme especial de la llave.<\/p>\n<p>Para crear la ranura se utiliza una simple broca de 12 mm, y gracias a la ranura de 14 mm (la distancia entre la ranura y el borde del parteluz), es posible<strong>su aplicaci\u00f3n en parteluces estrechos<\/strong>. El chavetero aparece como un peque\u00f1o orificio muy discreto, por lo que tambi\u00e9n recibe el apodo de<strong>\u00abllave de clavo<\/strong>\u00ab.  La <strong>fijaci\u00f3n a la puerta es muy c\u00f3moda<\/strong>, mediante dos tornillos en la placa frontal. Est\u00e1n disponibles tanto la KA (llaves iguales) como la KD (llaves diferentes). Equipada con un pasador rectangular de lat\u00f3n de 40 mm, ofrece una buena resistencia. F\u00e1cil de instalar y multifuncional, la gama de cerraduras de pasador consta de <strong>cinco variantes<\/strong>: embutida, s\u00f3lo cerrojo, cerrojo batiente o gancho, embutida con doble pasador. <\/p>\n<p>La cerradura de embutir con llave en cruz-tetra es la m\u00e1s adecuada para perfiles de aluminio. Gracias a sus reducidas dimensiones, se utiliza en<strong>mobiliario contract<\/strong> en vitrinas o puertas, pero tambi\u00e9n en la construcci\u00f3n para asegurar peque\u00f1as rejas y varillas. El saliente del pasador es de 9 mm, lo que permite utilizarlo tambi\u00e9n en mobiliario de exposici\u00f3n y mobiliario t\u00e9cnico para talleres.  <\/p>\n","protected":false},"excerpt":{"rendered":"<p><strong>La cerradura de embutir de llave en cruz-tetra<\/strong> tiene un cilindro cruciforme, engastado en un cuerpo de acero y aleaci\u00f3n de zinc, que mueve un pestillo lateral una vez introducida la llave. La disposici\u00f3n de los pernos en forma de cruz garantiza un buen nivel de seguridad, gracias tambi\u00e9n a la forma cruciforme especial de la llave.<\/p>\n<p>Una soluci\u00f3n elegante y discreta disponible tanto en encriptaci\u00f3n simple (KA) como en encriptaci\u00f3n mixta (KD).<\/p>\n","protected":false},"featured_media":3699,"comment_status":"open","ping_status":"closed","template":"","meta":{"_acf_changed":false,"_et_pb_use_builder":"","_et_pb_old_content":"","_et_gb_content_width":""},"product_brand":[],"product_cat":[3995,3944,3941,3993,3983,3987,3988],"product_tag":[],"class_list":{"0":"post-242216","1":"product","2":"type-product","3":"status-publish","4":"has-post-thumbnail","6":"product_cat-arquitectura-urbanismo-y-diseno","7":"product_cat-cerraduras-de-llave-en-cruz-tetra","8":"product_cat-cerraduras-de-pestillo","9":"product_cat-feria","10":"product_cat-sistemas-de-cierre-de-seguridad","11":"product_cat-sistemas-de-cierre-para-la-industria","12":"product_cat-tiendas-y-actividades-comerciales","14":"first","15":"instock","16":"shipping-taxable","17":"purchasable","18":"product-type-variable","19":"has-default-attributes"},"acf":{"pdf1":"https:\/\/www.omrserrature.it\/wp-content\/uploads\/schede\/Scheda_100872.pdf"},"yoast_head":"<!-- This site is optimized with the Yoast SEO plugin v27.2 - https:\/\/yoast.com\/product\/yoast-seo-wordpress\/ -->\n<title>Cerradura de llave en cruz-tetra - OMR Serrature<\/title>\n<meta name=\"robots\" content=\"index, follow, max-snippet:-1, max-image-preview:large, max-video-preview:-1\" \/>\n<link rel=\"canonical\" href=\"https:\/\/www.omrserrature.it\/es\/producto\/cerradura-de-llave-cruz-compacta-de-embutir\/\" \/>\n<meta property=\"og:locale\" content=\"es_ES\" \/>\n<meta property=\"og:type\" content=\"article\" \/>\n<meta property=\"og:title\" content=\"Cerradura de llave en cruz-tetra - OMR Serrature\" \/>\n<meta property=\"og:description\" content=\"La cerradura de embutir de llave en cruz-tetra tiene un cilindro cruciforme, engastado en un cuerpo de acero y aleaci\u00f3n de zinc, que mueve un pestillo lateral una vez introducida la llave. La disposici\u00f3n de los pernos en forma de cruz garantiza un buen nivel de seguridad, gracias tambi\u00e9n a la forma cruciforme especial de la llave. Una soluci\u00f3n elegante y discreta disponible tanto en encriptaci\u00f3n simple (KA) como en encriptaci\u00f3n mixta (KD).\" \/>\n<meta property=\"og:url\" content=\"https:\/\/www.omrserrature.it\/es\/producto\/cerradura-de-llave-cruz-compacta-de-embutir\/\" \/>\n<meta property=\"og:site_name\" content=\"OMR Serrature | Produzione sistemi di chiusura\" \/>\n<meta property=\"article:publisher\" content=\"https:\/\/www.facebook.com\/OMRserrature\" \/>\n<meta property=\"article:modified_time\" content=\"2026-04-08T10:24:24+00:00\" \/>\n<meta property=\"og:image\" content=\"https:\/\/www.omrserrature.it\/wp-content\/uploads\/2017\/10\/serratura-chiave-spillo-montante.jpg\" \/>\n\t<meta property=\"og:image:width\" content=\"1007\" \/>\n\t<meta property=\"og:image:height\" content=\"539\" \/>\n\t<meta property=\"og:image:type\" content=\"image\/jpeg\" \/>\n<meta name=\"twitter:card\" content=\"summary_large_image\" \/>\n<meta name=\"twitter:label1\" content=\"Tiempo de lectura\" \/>\n\t<meta name=\"twitter:data1\" content=\"1 minuto\" \/>\n<script type=\"application\/ld+json\" class=\"yoast-schema-graph\">{\"@context\":\"https:\/\/schema.org\",\"@graph\":[{\"@type\":\"WebPage\",\"@id\":\"https:\/\/www.omrserrature.it\/es\/producto\/cerradura-de-llave-cruz-compacta-de-embutir\/\",\"url\":\"https:\/\/www.omrserrature.it\/es\/producto\/cerradura-de-llave-cruz-compacta-de-embutir\/\",\"name\":\"Cerradura de llave en cruz-tetra - OMR Serrature\",\"isPartOf\":{\"@id\":\"https:\/\/www.omrserrature.it\/es\/#website\"},\"primaryImageOfPage\":{\"@id\":\"https:\/\/www.omrserrature.it\/es\/producto\/cerradura-de-llave-cruz-compacta-de-embutir\/#primaryimage\"},\"image\":{\"@id\":\"https:\/\/www.omrserrature.it\/es\/producto\/cerradura-de-llave-cruz-compacta-de-embutir\/#primaryimage\"},\"thumbnailUrl\":\"https:\/\/www.omrserrature.it\/wp-content\/uploads\/2017\/10\/serratura-chiave-spillo-montante.jpg\",\"datePublished\":\"2016-10-17T14:08:00+00:00\",\"dateModified\":\"2026-04-08T10:24:24+00:00\",\"breadcrumb\":{\"@id\":\"https:\/\/www.omrserrature.it\/es\/producto\/cerradura-de-llave-cruz-compacta-de-embutir\/#breadcrumb\"},\"inLanguage\":\"es\",\"potentialAction\":[{\"@type\":\"ReadAction\",\"target\":[\"https:\/\/www.omrserrature.it\/es\/producto\/cerradura-de-llave-cruz-compacta-de-embutir\/\"]}]},{\"@type\":\"ImageObject\",\"inLanguage\":\"es\",\"@id\":\"https:\/\/www.omrserrature.it\/es\/producto\/cerradura-de-llave-cruz-compacta-de-embutir\/#primaryimage\",\"url\":\"https:\/\/www.omrserrature.it\/wp-content\/uploads\/2017\/10\/serratura-chiave-spillo-montante.jpg\",\"contentUrl\":\"https:\/\/www.omrserrature.it\/wp-content\/uploads\/2017\/10\/serratura-chiave-spillo-montante.jpg\",\"width\":1007,\"height\":539,\"caption\":\"Cerradura de llave en cruz-tetra\"},{\"@type\":\"BreadcrumbList\",\"@id\":\"https:\/\/www.omrserrature.it\/es\/producto\/cerradura-de-llave-cruz-compacta-de-embutir\/#breadcrumb\",\"itemListElement\":[{\"@type\":\"ListItem\",\"position\":1,\"name\":\"Home\",\"item\":\"https:\/\/www.omrserrature.it\/es\/omr-cerradiras-y-sistemas-de-cierre\/\"},{\"@type\":\"ListItem\",\"position\":2,\"name\":\"Cat\u00e1logo\",\"item\":\"https:\/\/www.omrserrature.it\/catalogo\/?lang=es\"},{\"@type\":\"ListItem\",\"position\":3,\"name\":\"Productos\",\"item\":\"https:\/\/www.omrserrature.it\/es\/inventario\/productos\/\"},{\"@type\":\"ListItem\",\"position\":4,\"name\":\"Cerraduras\",\"item\":\"https:\/\/www.omrserrature.it\/es\/inventario\/productos\/cerraduras\/\"},{\"@type\":\"ListItem\",\"position\":5,\"name\":\"Cerraduras de llave en cruz-tetra\",\"item\":\"https:\/\/www.omrserrature.it\/es\/inventario\/productos\/cerraduras\/cerraduras-de-llave-en-cruz-tetra\/\"},{\"@type\":\"ListItem\",\"position\":6,\"name\":\"Cerradura de llave en cruz-tetra\"}]},{\"@type\":\"WebSite\",\"@id\":\"https:\/\/www.omrserrature.it\/es\/#website\",\"url\":\"https:\/\/www.omrserrature.it\/es\/\",\"name\":\"OMR Serrature | Produzione sistemi di chiusura\",\"description\":\"Produzione serrature di sicurezza e sistemi di chiusura\",\"publisher\":{\"@id\":\"https:\/\/www.omrserrature.it\/es\/#organization\"},\"potentialAction\":[{\"@type\":\"SearchAction\",\"target\":{\"@type\":\"EntryPoint\",\"urlTemplate\":\"https:\/\/www.omrserrature.it\/es\/?s={search_term_string}\"},\"query-input\":{\"@type\":\"PropertyValueSpecification\",\"valueRequired\":true,\"valueName\":\"search_term_string\"}}],\"inLanguage\":\"es\"},{\"@type\":\"Organization\",\"@id\":\"https:\/\/www.omrserrature.it\/es\/#organization\",\"name\":\"OMR Serrature | Produzione sistemi di chiusura\",\"url\":\"https:\/\/www.omrserrature.it\/es\/\",\"logo\":{\"@type\":\"ImageObject\",\"inLanguage\":\"es\",\"@id\":\"https:\/\/www.omrserrature.it\/es\/#\/schema\/logo\/image\/\",\"url\":\"https:\/\/www.omrserrature.it\/wp-content\/uploads\/2017\/09\/favicon-omr-114.png\",\"contentUrl\":\"https:\/\/www.omrserrature.it\/wp-content\/uploads\/2017\/09\/favicon-omr-114.png\",\"width\":114,\"height\":114,\"caption\":\"OMR Serrature | Produzione sistemi di chiusura\"},\"image\":{\"@id\":\"https:\/\/www.omrserrature.it\/es\/#\/schema\/logo\/image\/\"},\"sameAs\":[\"https:\/\/www.facebook.com\/OMRserrature\",\"https:\/\/www.linkedin.com\/company\/omrserrature\/\",\"https:\/\/www.youtube.com\/channel\/UCxmA85z2R0EpG_6IRokiAkg\"]}]}<\/script>\n<!-- \/ Yoast SEO plugin. -->","yoast_head_json":{"title":"Cerradura de llave en cruz-tetra - OMR Serrature","robots":{"index":"index","follow":"follow","max-snippet":"max-snippet:-1","max-image-preview":"max-image-preview:large","max-video-preview":"max-video-preview:-1"},"canonical":"https:\/\/www.omrserrature.it\/es\/producto\/cerradura-de-llave-cruz-compacta-de-embutir\/","og_locale":"es_ES","og_type":"article","og_title":"Cerradura de llave en cruz-tetra - OMR Serrature","og_description":"La cerradura de embutir de llave en cruz-tetra tiene un cilindro cruciforme, engastado en un cuerpo de acero y aleaci\u00f3n de zinc, que mueve un pestillo lateral una vez introducida la llave. La disposici\u00f3n de los pernos en forma de cruz garantiza un buen nivel de seguridad, gracias tambi\u00e9n a la forma cruciforme especial de la llave. Una soluci\u00f3n elegante y discreta disponible tanto en encriptaci\u00f3n simple (KA) como en encriptaci\u00f3n mixta (KD).","og_url":"https:\/\/www.omrserrature.it\/es\/producto\/cerradura-de-llave-cruz-compacta-de-embutir\/","og_site_name":"OMR Serrature | Produzione sistemi di chiusura","article_publisher":"https:\/\/www.facebook.com\/OMRserrature","article_modified_time":"2026-04-08T10:24:24+00:00","og_image":[{"width":1007,"height":539,"url":"https:\/\/www.omrserrature.it\/wp-content\/uploads\/2017\/10\/serratura-chiave-spillo-montante.jpg","type":"image\/jpeg"}],"twitter_card":"summary_large_image","twitter_misc":{"Tiempo de lectura":"1 minuto"},"schema":{"@context":"https:\/\/schema.org","@graph":[{"@type":"WebPage","@id":"https:\/\/www.omrserrature.it\/es\/producto\/cerradura-de-llave-cruz-compacta-de-embutir\/","url":"https:\/\/www.omrserrature.it\/es\/producto\/cerradura-de-llave-cruz-compacta-de-embutir\/","name":"Cerradura de llave en cruz-tetra - OMR Serrature","isPartOf":{"@id":"https:\/\/www.omrserrature.it\/es\/#website"},"primaryImageOfPage":{"@id":"https:\/\/www.omrserrature.it\/es\/producto\/cerradura-de-llave-cruz-compacta-de-embutir\/#primaryimage"},"image":{"@id":"https:\/\/www.omrserrature.it\/es\/producto\/cerradura-de-llave-cruz-compacta-de-embutir\/#primaryimage"},"thumbnailUrl":"https:\/\/www.omrserrature.it\/wp-content\/uploads\/2017\/10\/serratura-chiave-spillo-montante.jpg","datePublished":"2016-10-17T14:08:00+00:00","dateModified":"2026-04-08T10:24:24+00:00","breadcrumb":{"@id":"https:\/\/www.omrserrature.it\/es\/producto\/cerradura-de-llave-cruz-compacta-de-embutir\/#breadcrumb"},"inLanguage":"es","potentialAction":[{"@type":"ReadAction","target":["https:\/\/www.omrserrature.it\/es\/producto\/cerradura-de-llave-cruz-compacta-de-embutir\/"]}]},{"@type":"ImageObject","inLanguage":"es","@id":"https:\/\/www.omrserrature.it\/es\/producto\/cerradura-de-llave-cruz-compacta-de-embutir\/#primaryimage","url":"https:\/\/www.omrserrature.it\/wp-content\/uploads\/2017\/10\/serratura-chiave-spillo-montante.jpg","contentUrl":"https:\/\/www.omrserrature.it\/wp-content\/uploads\/2017\/10\/serratura-chiave-spillo-montante.jpg","width":1007,"height":539,"caption":"Cerradura de llave en cruz-tetra"},{"@type":"BreadcrumbList","@id":"https:\/\/www.omrserrature.it\/es\/producto\/cerradura-de-llave-cruz-compacta-de-embutir\/#breadcrumb","itemListElement":[{"@type":"ListItem","position":1,"name":"Home","item":"https:\/\/www.omrserrature.it\/es\/omr-cerradiras-y-sistemas-de-cierre\/"},{"@type":"ListItem","position":2,"name":"Cat\u00e1logo","item":"https:\/\/www.omrserrature.it\/catalogo\/?lang=es"},{"@type":"ListItem","position":3,"name":"Productos","item":"https:\/\/www.omrserrature.it\/es\/inventario\/productos\/"},{"@type":"ListItem","position":4,"name":"Cerraduras","item":"https:\/\/www.omrserrature.it\/es\/inventario\/productos\/cerraduras\/"},{"@type":"ListItem","position":5,"name":"Cerraduras de llave en cruz-tetra","item":"https:\/\/www.omrserrature.it\/es\/inventario\/productos\/cerraduras\/cerraduras-de-llave-en-cruz-tetra\/"},{"@type":"ListItem","position":6,"name":"Cerradura de llave en cruz-tetra"}]},{"@type":"WebSite","@id":"https:\/\/www.omrserrature.it\/es\/#website","url":"https:\/\/www.omrserrature.it\/es\/","name":"OMR Serrature | Produzione sistemi di chiusura","description":"Produzione serrature di sicurezza e sistemi di chiusura","publisher":{"@id":"https:\/\/www.omrserrature.it\/es\/#organization"},"potentialAction":[{"@type":"SearchAction","target":{"@type":"EntryPoint","urlTemplate":"https:\/\/www.omrserrature.it\/es\/?s={search_term_string}"},"query-input":{"@type":"PropertyValueSpecification","valueRequired":true,"valueName":"search_term_string"}}],"inLanguage":"es"},{"@type":"Organization","@id":"https:\/\/www.omrserrature.it\/es\/#organization","name":"OMR Serrature | Produzione sistemi di chiusura","url":"https:\/\/www.omrserrature.it\/es\/","logo":{"@type":"ImageObject","inLanguage":"es","@id":"https:\/\/www.omrserrature.it\/es\/#\/schema\/logo\/image\/","url":"https:\/\/www.omrserrature.it\/wp-content\/uploads\/2017\/09\/favicon-omr-114.png","contentUrl":"https:\/\/www.omrserrature.it\/wp-content\/uploads\/2017\/09\/favicon-omr-114.png","width":114,"height":114,"caption":"OMR Serrature | Produzione sistemi di chiusura"},"image":{"@id":"https:\/\/www.omrserrature.it\/es\/#\/schema\/logo\/image\/"},"sameAs":["https:\/\/www.facebook.com\/OMRserrature","https:\/\/www.linkedin.com\/company\/omrserrature\/","https:\/\/www.youtube.com\/channel\/UCxmA85z2R0EpG_6IRokiAkg"]}]}},"_links":{"self":[{"href":"https:\/\/www.omrserrature.it\/es\/wp-json\/wp\/v2\/product\/242216","targetHints":{"allow":["GET"]}}],"collection":[{"href":"https:\/\/www.omrserrature.it\/es\/wp-json\/wp\/v2\/product"}],"about":[{"href":"https:\/\/www.omrserrature.it\/es\/wp-json\/wp\/v2\/types\/product"}],"replies":[{"embeddable":true,"href":"https:\/\/www.omrserrature.it\/es\/wp-json\/wp\/v2\/comments?post=242216"}],"wp:featuredmedia":[{"embeddable":true,"href":"https:\/\/www.omrserrature.it\/es\/wp-json\/wp\/v2\/media\/3699"}],"wp:attachment":[{"href":"https:\/\/www.omrserrature.it\/es\/wp-json\/wp\/v2\/media?parent=242216"}],"wp:term":[{"taxonomy":"product_brand","embeddable":true,"href":"https:\/\/www.omrserrature.it\/es\/wp-json\/wp\/v2\/product_brand?post=242216"},{"taxonomy":"product_cat","embeddable":true,"href":"https:\/\/www.omrserrature.it\/es\/wp-json\/wp\/v2\/product_cat?post=242216"},{"taxonomy":"product_tag","embeddable":true,"href":"https:\/\/www.omrserrature.it\/es\/wp-json\/wp\/v2\/product_tag?post=242216"}],"curies":[{"name":"wp","href":"https:\/\/api.w.org\/{rel}","templated":true}]}}