{"id":242199,"date":"2017-10-16T16:23:53","date_gmt":"2016-10-17T14:23:00","guid":{"rendered":"https:\/\/www.staging6.omrserrature.it\/prodotto\/cerradura-embutida-de-llave-en-cruz-con-gancho-basculante\/"},"modified":"2026-04-08T12:24:33","modified_gmt":"2026-04-08T10:24:33","slug":"cerradura-embutida-de-llave-en-cruz-con-gancho-basculante","status":"publish","type":"product","link":"https:\/\/www.omrserrature.it\/es\/producto\/cerradura-embutida-de-llave-en-cruz-con-gancho-basculante\/","title":{"rendered":"Cerradura de llave en cruz-tetra con gancho giratorio"},"content":{"rendered":"<p>La <strong>cerradura en cruz-tetra con gancho<\/strong> est\u00e1 equipada con un cilindro cruciforme, alojado en un cuerpo de acero y aleaci\u00f3n de zinc, que mueve un pestillo de gancho oscilante una vez introducida la llave. La disposici\u00f3n de los pernos en forma de cruz garantiza un buen nivel de <strong>seguridad<\/strong>, gracias tambi\u00e9n a la forma cruciforme especial de la llave.<\/p>\n<p>Para crear el chavetero se utiliza una simple broca de 12 mm y, gracias al gancho, es posible<strong>su aplicaci\u00f3n en puertas correderas<\/strong>. En tu producto, el chavetero aparecer\u00e1 como un peque\u00f1o orificio muy discreto, por eso tambi\u00e9n se le apoda<strong>\u00abllave clavo<\/strong>\u00ab, precisamente porque se parece a la marca que deja en la pared un clavo. La <strong>fijaci\u00f3n a la puerta es muy c\u00f3moda<\/strong>, mediante dos tornillos en la placa frontal.<\/p>\n<p>Disponible en KA (llaves iguales) y KD (llaves diferentes), el pasador de acero de 25 mm ofrece una buena resistencia. F\u00e1cil de instalar y multifuncional, la gama de cerraduras de pivote consta de <strong>cinco variantes<\/strong>: de embutir, s\u00f3lo de cerrojo, de pivote o gancho, de embutir con doble pivote. <\/p>\n<p>La cerradura en cruz-tetra de embutir es la m\u00e1s adecuada para perfiles de hierro. Gracias a sus reducidas dimensiones, se utiliza en<strong>mobiliario contract<\/strong> en puertas correderas, as\u00ed como en la industria de la construcci\u00f3n para asegurar peque\u00f1as rejas y salas de calderas, e incluso en el sector naval. El saliente del pasador es de 18 mm, lo que permite aplicarlo tambi\u00e9n en puertas divisorias de locales comerciales y en sanitarios de hospitales y consultas.  <\/p>\n","protected":false},"excerpt":{"rendered":"<p>La <strong>cerradura de embutir de llave en cruz-tetra con gancho<\/strong> est\u00e1 equipada con un cilindro cruciforme, alojado en un cuerpo de acero y aleaci\u00f3n de zinc, que mueve un cerrojo de gancho basculante una vez introducida la llave.<\/p>\n<p>Un sistema de cierre elegante y discreto, disponible con llaves iguales (KA) y llaves iguales (KD).<\/p>\n","protected":false},"featured_media":3711,"comment_status":"open","ping_status":"closed","template":"","meta":{"_acf_changed":false,"_et_pb_use_builder":"","_et_pb_old_content":"","_et_gb_content_width":""},"product_brand":[],"product_cat":[3995,3942,3944,3993,3983,3987,3988],"product_tag":[],"class_list":{"0":"post-242199","1":"product","2":"type-product","3":"status-publish","4":"has-post-thumbnail","6":"product_cat-arquitectura-urbanismo-y-diseno","7":"product_cat-cerraduras-de-gancho","8":"product_cat-cerraduras-de-llave-en-cruz-tetra","9":"product_cat-feria","10":"product_cat-sistemas-de-cierre-de-seguridad","11":"product_cat-sistemas-de-cierre-para-la-industria","12":"product_cat-tiendas-y-actividades-comerciales","14":"first","15":"instock","16":"shipping-taxable","17":"purchasable","18":"product-type-variable","19":"has-default-attributes"},"acf":{"pdf1":"https:\/\/www.omrserrature.it\/wp-content\/uploads\/2017\/10\/Scheda-100875.pdf"},"yoast_head":"<!-- This site is optimized with the Yoast SEO plugin v27.2 - https:\/\/yoast.com\/product\/yoast-seo-wordpress\/ -->\n<title>Cerradura de embutir con llave en cruz-tetra. Gancho para puertas correderas<\/title>\n<meta name=\"description\" content=\"Cerradura de embutir con llave en cruz-tetra y gancho basculante. Ideal para puertas correderas, perfiles de hierro y aplicaciones contract.\" \/>\n<meta name=\"robots\" content=\"index, follow, max-snippet:-1, max-image-preview:large, max-video-preview:-1\" \/>\n<link rel=\"canonical\" href=\"https:\/\/www.omrserrature.it\/es\/producto\/cerradura-embutida-de-llave-en-cruz-con-gancho-basculante\/\" \/>\n<meta property=\"og:locale\" content=\"es_ES\" \/>\n<meta property=\"og:type\" content=\"article\" \/>\n<meta property=\"og:title\" content=\"Cerradura de embutir con llave en cruz-tetra. Gancho para puertas correderas\" \/>\n<meta property=\"og:description\" content=\"Cerradura de embutir con llave en cruz-tetra y gancho basculante. Ideal para puertas correderas, perfiles de hierro y aplicaciones contract.\" \/>\n<meta property=\"og:url\" content=\"https:\/\/www.omrserrature.it\/es\/producto\/cerradura-embutida-de-llave-en-cruz-con-gancho-basculante\/\" \/>\n<meta property=\"og:site_name\" content=\"OMR Serrature | Produzione sistemi di chiusura\" \/>\n<meta property=\"article:publisher\" content=\"https:\/\/www.facebook.com\/OMRserrature\" \/>\n<meta property=\"article:modified_time\" content=\"2026-04-08T10:24:33+00:00\" \/>\n<meta property=\"og:image\" content=\"https:\/\/www.omrserrature.it\/wp-content\/uploads\/2017\/10\/serratura-chiave-spillo-montante-basculante-gancio.jpg\" \/>\n\t<meta property=\"og:image:width\" content=\"970\" \/>\n\t<meta property=\"og:image:height\" content=\"574\" \/>\n\t<meta property=\"og:image:type\" content=\"image\/jpeg\" \/>\n<meta name=\"twitter:card\" content=\"summary_large_image\" \/>\n<meta name=\"twitter:label1\" content=\"Tiempo de lectura\" \/>\n\t<meta name=\"twitter:data1\" content=\"1 minuto\" \/>\n<script type=\"application\/ld+json\" class=\"yoast-schema-graph\">{\"@context\":\"https:\/\/schema.org\",\"@graph\":[{\"@type\":\"WebPage\",\"@id\":\"https:\/\/www.omrserrature.it\/es\/producto\/cerradura-embutida-de-llave-en-cruz-con-gancho-basculante\/\",\"url\":\"https:\/\/www.omrserrature.it\/es\/producto\/cerradura-embutida-de-llave-en-cruz-con-gancho-basculante\/\",\"name\":\"Cerradura de embutir con llave en cruz-tetra. Gancho para puertas correderas\",\"isPartOf\":{\"@id\":\"https:\/\/www.omrserrature.it\/es\/#website\"},\"primaryImageOfPage\":{\"@id\":\"https:\/\/www.omrserrature.it\/es\/producto\/cerradura-embutida-de-llave-en-cruz-con-gancho-basculante\/#primaryimage\"},\"image\":{\"@id\":\"https:\/\/www.omrserrature.it\/es\/producto\/cerradura-embutida-de-llave-en-cruz-con-gancho-basculante\/#primaryimage\"},\"thumbnailUrl\":\"https:\/\/www.omrserrature.it\/wp-content\/uploads\/2017\/10\/serratura-chiave-spillo-montante-basculante-gancio.jpg\",\"datePublished\":\"2016-10-17T14:23:00+00:00\",\"dateModified\":\"2026-04-08T10:24:33+00:00\",\"description\":\"Cerradura de embutir con llave en cruz-tetra y gancho basculante. Ideal para puertas correderas, perfiles de hierro y aplicaciones contract.\",\"breadcrumb\":{\"@id\":\"https:\/\/www.omrserrature.it\/es\/producto\/cerradura-embutida-de-llave-en-cruz-con-gancho-basculante\/#breadcrumb\"},\"inLanguage\":\"es\",\"potentialAction\":[{\"@type\":\"ReadAction\",\"target\":[\"https:\/\/www.omrserrature.it\/es\/producto\/cerradura-embutida-de-llave-en-cruz-con-gancho-basculante\/\"]}]},{\"@type\":\"ImageObject\",\"inLanguage\":\"es\",\"@id\":\"https:\/\/www.omrserrature.it\/es\/producto\/cerradura-embutida-de-llave-en-cruz-con-gancho-basculante\/#primaryimage\",\"url\":\"https:\/\/www.omrserrature.it\/wp-content\/uploads\/2017\/10\/serratura-chiave-spillo-montante-basculante-gancio.jpg\",\"contentUrl\":\"https:\/\/www.omrserrature.it\/wp-content\/uploads\/2017\/10\/serratura-chiave-spillo-montante-basculante-gancio.jpg\",\"width\":970,\"height\":574,\"caption\":\"Cerradura de llave en cruz-tetra de poste de percha\"},{\"@type\":\"BreadcrumbList\",\"@id\":\"https:\/\/www.omrserrature.it\/es\/producto\/cerradura-embutida-de-llave-en-cruz-con-gancho-basculante\/#breadcrumb\",\"itemListElement\":[{\"@type\":\"ListItem\",\"position\":1,\"name\":\"Home\",\"item\":\"https:\/\/www.omrserrature.it\/es\/omr-cerradiras-y-sistemas-de-cierre\/\"},{\"@type\":\"ListItem\",\"position\":2,\"name\":\"Cat\u00e1logo\",\"item\":\"https:\/\/www.omrserrature.it\/catalogo\/?lang=es\"},{\"@type\":\"ListItem\",\"position\":3,\"name\":\"Productos\",\"item\":\"https:\/\/www.omrserrature.it\/es\/inventario\/productos\/\"},{\"@type\":\"ListItem\",\"position\":4,\"name\":\"Cerraduras\",\"item\":\"https:\/\/www.omrserrature.it\/es\/inventario\/productos\/cerraduras\/\"},{\"@type\":\"ListItem\",\"position\":5,\"name\":\"Cerraduras de gancho\",\"item\":\"https:\/\/www.omrserrature.it\/es\/inventario\/productos\/cerraduras\/cerraduras-de-gancho\/\"},{\"@type\":\"ListItem\",\"position\":6,\"name\":\"Cerradura de llave en cruz-tetra con gancho giratorio\"}]},{\"@type\":\"WebSite\",\"@id\":\"https:\/\/www.omrserrature.it\/es\/#website\",\"url\":\"https:\/\/www.omrserrature.it\/es\/\",\"name\":\"OMR Serrature | Produzione sistemi di chiusura\",\"description\":\"Produzione serrature di sicurezza e sistemi di chiusura\",\"publisher\":{\"@id\":\"https:\/\/www.omrserrature.it\/es\/#organization\"},\"potentialAction\":[{\"@type\":\"SearchAction\",\"target\":{\"@type\":\"EntryPoint\",\"urlTemplate\":\"https:\/\/www.omrserrature.it\/es\/?s={search_term_string}\"},\"query-input\":{\"@type\":\"PropertyValueSpecification\",\"valueRequired\":true,\"valueName\":\"search_term_string\"}}],\"inLanguage\":\"es\"},{\"@type\":\"Organization\",\"@id\":\"https:\/\/www.omrserrature.it\/es\/#organization\",\"name\":\"OMR Serrature | Produzione sistemi di chiusura\",\"url\":\"https:\/\/www.omrserrature.it\/es\/\",\"logo\":{\"@type\":\"ImageObject\",\"inLanguage\":\"es\",\"@id\":\"https:\/\/www.omrserrature.it\/es\/#\/schema\/logo\/image\/\",\"url\":\"https:\/\/www.omrserrature.it\/wp-content\/uploads\/2017\/09\/favicon-omr-114.png\",\"contentUrl\":\"https:\/\/www.omrserrature.it\/wp-content\/uploads\/2017\/09\/favicon-omr-114.png\",\"width\":114,\"height\":114,\"caption\":\"OMR Serrature | Produzione sistemi di chiusura\"},\"image\":{\"@id\":\"https:\/\/www.omrserrature.it\/es\/#\/schema\/logo\/image\/\"},\"sameAs\":[\"https:\/\/www.facebook.com\/OMRserrature\",\"https:\/\/www.linkedin.com\/company\/omrserrature\/\",\"https:\/\/www.youtube.com\/channel\/UCxmA85z2R0EpG_6IRokiAkg\"]}]}<\/script>\n<!-- \/ Yoast SEO plugin. -->","yoast_head_json":{"title":"Cerradura de embutir con llave en cruz-tetra. Gancho para puertas correderas","description":"Cerradura de embutir con llave en cruz-tetra y gancho basculante. Ideal para puertas correderas, perfiles de hierro y aplicaciones contract.","robots":{"index":"index","follow":"follow","max-snippet":"max-snippet:-1","max-image-preview":"max-image-preview:large","max-video-preview":"max-video-preview:-1"},"canonical":"https:\/\/www.omrserrature.it\/es\/producto\/cerradura-embutida-de-llave-en-cruz-con-gancho-basculante\/","og_locale":"es_ES","og_type":"article","og_title":"Cerradura de embutir con llave en cruz-tetra. Gancho para puertas correderas","og_description":"Cerradura de embutir con llave en cruz-tetra y gancho basculante. Ideal para puertas correderas, perfiles de hierro y aplicaciones contract.","og_url":"https:\/\/www.omrserrature.it\/es\/producto\/cerradura-embutida-de-llave-en-cruz-con-gancho-basculante\/","og_site_name":"OMR Serrature | Produzione sistemi di chiusura","article_publisher":"https:\/\/www.facebook.com\/OMRserrature","article_modified_time":"2026-04-08T10:24:33+00:00","og_image":[{"width":970,"height":574,"url":"https:\/\/www.omrserrature.it\/wp-content\/uploads\/2017\/10\/serratura-chiave-spillo-montante-basculante-gancio.jpg","type":"image\/jpeg"}],"twitter_card":"summary_large_image","twitter_misc":{"Tiempo de lectura":"1 minuto"},"schema":{"@context":"https:\/\/schema.org","@graph":[{"@type":"WebPage","@id":"https:\/\/www.omrserrature.it\/es\/producto\/cerradura-embutida-de-llave-en-cruz-con-gancho-basculante\/","url":"https:\/\/www.omrserrature.it\/es\/producto\/cerradura-embutida-de-llave-en-cruz-con-gancho-basculante\/","name":"Cerradura de embutir con llave en cruz-tetra. Gancho para puertas correderas","isPartOf":{"@id":"https:\/\/www.omrserrature.it\/es\/#website"},"primaryImageOfPage":{"@id":"https:\/\/www.omrserrature.it\/es\/producto\/cerradura-embutida-de-llave-en-cruz-con-gancho-basculante\/#primaryimage"},"image":{"@id":"https:\/\/www.omrserrature.it\/es\/producto\/cerradura-embutida-de-llave-en-cruz-con-gancho-basculante\/#primaryimage"},"thumbnailUrl":"https:\/\/www.omrserrature.it\/wp-content\/uploads\/2017\/10\/serratura-chiave-spillo-montante-basculante-gancio.jpg","datePublished":"2016-10-17T14:23:00+00:00","dateModified":"2026-04-08T10:24:33+00:00","description":"Cerradura de embutir con llave en cruz-tetra y gancho basculante. Ideal para puertas correderas, perfiles de hierro y aplicaciones contract.","breadcrumb":{"@id":"https:\/\/www.omrserrature.it\/es\/producto\/cerradura-embutida-de-llave-en-cruz-con-gancho-basculante\/#breadcrumb"},"inLanguage":"es","potentialAction":[{"@type":"ReadAction","target":["https:\/\/www.omrserrature.it\/es\/producto\/cerradura-embutida-de-llave-en-cruz-con-gancho-basculante\/"]}]},{"@type":"ImageObject","inLanguage":"es","@id":"https:\/\/www.omrserrature.it\/es\/producto\/cerradura-embutida-de-llave-en-cruz-con-gancho-basculante\/#primaryimage","url":"https:\/\/www.omrserrature.it\/wp-content\/uploads\/2017\/10\/serratura-chiave-spillo-montante-basculante-gancio.jpg","contentUrl":"https:\/\/www.omrserrature.it\/wp-content\/uploads\/2017\/10\/serratura-chiave-spillo-montante-basculante-gancio.jpg","width":970,"height":574,"caption":"Cerradura de llave en cruz-tetra de poste de percha"},{"@type":"BreadcrumbList","@id":"https:\/\/www.omrserrature.it\/es\/producto\/cerradura-embutida-de-llave-en-cruz-con-gancho-basculante\/#breadcrumb","itemListElement":[{"@type":"ListItem","position":1,"name":"Home","item":"https:\/\/www.omrserrature.it\/es\/omr-cerradiras-y-sistemas-de-cierre\/"},{"@type":"ListItem","position":2,"name":"Cat\u00e1logo","item":"https:\/\/www.omrserrature.it\/catalogo\/?lang=es"},{"@type":"ListItem","position":3,"name":"Productos","item":"https:\/\/www.omrserrature.it\/es\/inventario\/productos\/"},{"@type":"ListItem","position":4,"name":"Cerraduras","item":"https:\/\/www.omrserrature.it\/es\/inventario\/productos\/cerraduras\/"},{"@type":"ListItem","position":5,"name":"Cerraduras de gancho","item":"https:\/\/www.omrserrature.it\/es\/inventario\/productos\/cerraduras\/cerraduras-de-gancho\/"},{"@type":"ListItem","position":6,"name":"Cerradura de llave en cruz-tetra con gancho giratorio"}]},{"@type":"WebSite","@id":"https:\/\/www.omrserrature.it\/es\/#website","url":"https:\/\/www.omrserrature.it\/es\/","name":"OMR Serrature | Produzione sistemi di chiusura","description":"Produzione serrature di sicurezza e sistemi di chiusura","publisher":{"@id":"https:\/\/www.omrserrature.it\/es\/#organization"},"potentialAction":[{"@type":"SearchAction","target":{"@type":"EntryPoint","urlTemplate":"https:\/\/www.omrserrature.it\/es\/?s={search_term_string}"},"query-input":{"@type":"PropertyValueSpecification","valueRequired":true,"valueName":"search_term_string"}}],"inLanguage":"es"},{"@type":"Organization","@id":"https:\/\/www.omrserrature.it\/es\/#organization","name":"OMR Serrature | Produzione sistemi di chiusura","url":"https:\/\/www.omrserrature.it\/es\/","logo":{"@type":"ImageObject","inLanguage":"es","@id":"https:\/\/www.omrserrature.it\/es\/#\/schema\/logo\/image\/","url":"https:\/\/www.omrserrature.it\/wp-content\/uploads\/2017\/09\/favicon-omr-114.png","contentUrl":"https:\/\/www.omrserrature.it\/wp-content\/uploads\/2017\/09\/favicon-omr-114.png","width":114,"height":114,"caption":"OMR Serrature | Produzione sistemi di chiusura"},"image":{"@id":"https:\/\/www.omrserrature.it\/es\/#\/schema\/logo\/image\/"},"sameAs":["https:\/\/www.facebook.com\/OMRserrature","https:\/\/www.linkedin.com\/company\/omrserrature\/","https:\/\/www.youtube.com\/channel\/UCxmA85z2R0EpG_6IRokiAkg"]}]}},"_links":{"self":[{"href":"https:\/\/www.omrserrature.it\/es\/wp-json\/wp\/v2\/product\/242199","targetHints":{"allow":["GET"]}}],"collection":[{"href":"https:\/\/www.omrserrature.it\/es\/wp-json\/wp\/v2\/product"}],"about":[{"href":"https:\/\/www.omrserrature.it\/es\/wp-json\/wp\/v2\/types\/product"}],"replies":[{"embeddable":true,"href":"https:\/\/www.omrserrature.it\/es\/wp-json\/wp\/v2\/comments?post=242199"}],"wp:featuredmedia":[{"embeddable":true,"href":"https:\/\/www.omrserrature.it\/es\/wp-json\/wp\/v2\/media\/3711"}],"wp:attachment":[{"href":"https:\/\/www.omrserrature.it\/es\/wp-json\/wp\/v2\/media?parent=242199"}],"wp:term":[{"taxonomy":"product_brand","embeddable":true,"href":"https:\/\/www.omrserrature.it\/es\/wp-json\/wp\/v2\/product_brand?post=242199"},{"taxonomy":"product_cat","embeddable":true,"href":"https:\/\/www.omrserrature.it\/es\/wp-json\/wp\/v2\/product_cat?post=242199"},{"taxonomy":"product_tag","embeddable":true,"href":"https:\/\/www.omrserrature.it\/es\/wp-json\/wp\/v2\/product_tag?post=242199"}],"curies":[{"name":"wp","href":"https:\/\/api.w.org\/{rel}","templated":true}]}}