{"id":242189,"date":"2017-10-16T15:34:43","date_gmt":"2016-10-17T13:34:00","guid":{"rendered":"https:\/\/www.staging6.omrserrature.it\/prodotto\/cerradura-de-sobreponer-con-llave-cruciforme\/"},"modified":"2026-04-08T12:24:24","modified_gmt":"2026-04-08T10:24:24","slug":"cerradura-de-sobreponer-con-llave-cruciforme","status":"publish","type":"product","link":"https:\/\/www.omrserrature.it\/es\/producto\/cerradura-de-sobreponer-con-llave-cruciforme\/","title":{"rendered":"Cerradura de llave en cruz-tetra"},"content":{"rendered":"<p>La <strong>cerradura en llave-tetra<\/strong> est\u00e1 equipada con un cilindro cruciforme, alojado en un cuerpo de acero y aleaci\u00f3n de zinc, que mueve un cerrojo universal. La disposici\u00f3n de los pernos en forma de cruz garantiza un buen nivel de <strong>seguridad<\/strong>, gracias tambi\u00e9n a la forma cruciforme especial de la llave.<\/p>\n<p>Se utiliza una simple broca de 12 mm para crear el chavetero, y gracias a la longitud de la llave, puede<strong>aplicarse a varillas de hasta 43 mm de grosor.<\/strong> El chavetero aparece como un peque\u00f1o orificio muy discreto, por lo que tambi\u00e9n recibe el apodo de<strong>\u00abllave de clavo<\/strong>\u00ab.  La <strong>fijaci\u00f3n en la puerta es muy pr\u00e1ctica<\/strong>, mediante tres tornillos, una vez retirada la tapa negra. Gracias al <strong>n\u00facleo intercambiable<\/strong>, se pueden utilizar sistemas de claves KA (de llaves iguales) y KD (de llaves diferentes). Equipado con un pasador cuadrado de 10 mm, ofrece una buena resistencia y ajustabilidad gracias a la barra de hierro con varios calzos incluidos.<\/p>\n<p>F\u00e1cil de instalar y multifuncional, la gama de cerraduras de pasador consta de <strong>cinco variantes<\/strong>: embutida, s\u00f3lo cerrojo, cerrojo batiente o gancho, embutida con doble pasador.<\/p>\n<p>La cerradura en cruz-tetra es sin duda la m\u00e1s vers\u00e1til de las cinco disponibles. Gracias tambi\u00e9n a sus reducidas dimensiones, se utiliza en el<strong>mobiliario contract<\/strong> en vitrinas, puertas y trampillas, pero tambi\u00e9n en la construcci\u00f3n para asegurar persianas y estores o en los \u00absecretos\u00bb de las cajas fuertes. La resistencia del pasador de 10 mm tambi\u00e9n permite su aplicaci\u00f3n en trampillas de inspecci\u00f3n. Gracias a la posibilidad de utilizar la llave tanto desde dentro como desde fuera, se utiliza para cerrar armarios y roperos.   <\/p>\n","protected":false},"excerpt":{"rendered":"<p>La <strong>cerradura en llave-tetra<\/strong> est\u00e1 equipada con un cilindro cruciforme, alojado en un cuerpo de acero y aleaci\u00f3n de zinc, que mueve un cerrojo universal. La disposici\u00f3n de los pernos en forma de cruz garantiza un buen nivel de <strong>seguridad<\/strong>, gracias tambi\u00e9n a la forma cruciforme especial de la llave.<\/p>\n<p>Una soluci\u00f3n de dise\u00f1o fiable disponible tanto en encriptaci\u00f3n simple (KA) como en encriptaci\u00f3n mixta (KD).<\/p>\n","protected":false},"featured_media":3693,"comment_status":"open","ping_status":"closed","template":"","meta":{"_acf_changed":false,"_et_pb_use_builder":"","_et_pb_old_content":"","_et_gb_content_width":""},"product_brand":[],"product_cat":[3995,3989,3925,3944,3936,3941,3912,3920,3907,3889,3888,3993,3994,3983,3987,3988],"product_tag":[],"class_list":{"0":"post-242189","1":"product","2":"type-product","3":"status-publish","4":"has-post-thumbnail","6":"product_cat-arquitectura-urbanismo-y-diseno","7":"product_cat-banca-y-correos","8":"product_cat-cerraduras-de-barcos","9":"product_cat-cerraduras-de-llave-en-cruz-tetra","10":"product_cat-cerraduras-de-pasador","11":"product_cat-cerraduras-de-pestillo","12":"product_cat-cerraduras-de-puertas","13":"product_cat-cerraduras-de-seguridad-para-muebles","14":"product_cat-cerraduras-para-armeros","15":"product_cat-cerraduras-para-medios-de-transporte","16":"product_cat-cerraduras-para-muebles","17":"product_cat-feria","18":"product_cat-hospital-y-sanidad","19":"product_cat-sistemas-de-cierre-de-seguridad","20":"product_cat-sistemas-de-cierre-para-la-industria","21":"product_cat-tiendas-y-actividades-comerciales","23":"first","24":"instock","25":"shipping-taxable","26":"purchasable","27":"product-type-variable","28":"has-default-attributes"},"acf":{"pdf1":"https:\/\/www.omrserrature.it\/wp-content\/uploads\/2023\/12\/Scheda-100870.pdf"},"yoast_head":"<!-- This site is optimized with the Yoast SEO plugin v27.2 - https:\/\/yoast.com\/product\/yoast-seo-wordpress\/ -->\n<title>Cerradura de llave en cruz-tetra - OMR Serrature<\/title>\n<meta name=\"robots\" content=\"index, follow, max-snippet:-1, max-image-preview:large, max-video-preview:-1\" \/>\n<link rel=\"canonical\" href=\"https:\/\/www.omrserrature.it\/es\/producto\/cerradura-de-sobreponer-con-llave-cruciforme\/\" \/>\n<meta property=\"og:locale\" content=\"es_ES\" \/>\n<meta property=\"og:type\" content=\"article\" \/>\n<meta property=\"og:title\" content=\"Cerradura de llave en cruz-tetra - OMR Serrature\" \/>\n<meta property=\"og:description\" content=\"La cerradura en llave-tetra est\u00e1 equipada con un cilindro cruciforme, alojado en un cuerpo de acero y aleaci\u00f3n de zinc, que mueve un cerrojo universal. La disposici\u00f3n de los pernos en forma de cruz garantiza un buen nivel de seguridad, gracias tambi\u00e9n a la forma cruciforme especial de la llave. Una soluci\u00f3n de dise\u00f1o fiable disponible tanto en encriptaci\u00f3n simple (KA) como en encriptaci\u00f3n mixta (KD).\" \/>\n<meta property=\"og:url\" content=\"https:\/\/www.omrserrature.it\/es\/producto\/cerradura-de-sobreponer-con-llave-cruciforme\/\" \/>\n<meta property=\"og:site_name\" content=\"OMR Serrature | Produzione sistemi di chiusura\" \/>\n<meta property=\"article:publisher\" content=\"https:\/\/www.facebook.com\/OMRserrature\" \/>\n<meta property=\"article:modified_time\" content=\"2026-04-08T10:24:24+00:00\" \/>\n<meta property=\"og:image\" content=\"https:\/\/www.omrserrature.it\/wp-content\/uploads\/2017\/10\/serratura-chiave-spillo-applicare.jpg\" \/>\n\t<meta property=\"og:image:width\" content=\"568\" \/>\n\t<meta property=\"og:image:height\" content=\"396\" \/>\n\t<meta property=\"og:image:type\" content=\"image\/jpeg\" \/>\n<meta name=\"twitter:card\" content=\"summary_large_image\" \/>\n<meta name=\"twitter:label1\" content=\"Tiempo de lectura\" \/>\n\t<meta name=\"twitter:data1\" content=\"1 minuto\" \/>\n<script type=\"application\/ld+json\" class=\"yoast-schema-graph\">{\"@context\":\"https:\/\/schema.org\",\"@graph\":[{\"@type\":\"WebPage\",\"@id\":\"https:\/\/www.omrserrature.it\/es\/producto\/cerradura-de-sobreponer-con-llave-cruciforme\/\",\"url\":\"https:\/\/www.omrserrature.it\/es\/producto\/cerradura-de-sobreponer-con-llave-cruciforme\/\",\"name\":\"Cerradura de llave en cruz-tetra - OMR Serrature\",\"isPartOf\":{\"@id\":\"https:\/\/www.omrserrature.it\/es\/#website\"},\"primaryImageOfPage\":{\"@id\":\"https:\/\/www.omrserrature.it\/es\/producto\/cerradura-de-sobreponer-con-llave-cruciforme\/#primaryimage\"},\"image\":{\"@id\":\"https:\/\/www.omrserrature.it\/es\/producto\/cerradura-de-sobreponer-con-llave-cruciforme\/#primaryimage\"},\"thumbnailUrl\":\"https:\/\/www.omrserrature.it\/wp-content\/uploads\/2017\/10\/serratura-chiave-spillo-applicare.jpg\",\"datePublished\":\"2016-10-17T13:34:00+00:00\",\"dateModified\":\"2026-04-08T10:24:24+00:00\",\"breadcrumb\":{\"@id\":\"https:\/\/www.omrserrature.it\/es\/producto\/cerradura-de-sobreponer-con-llave-cruciforme\/#breadcrumb\"},\"inLanguage\":\"es\",\"potentialAction\":[{\"@type\":\"ReadAction\",\"target\":[\"https:\/\/www.omrserrature.it\/es\/producto\/cerradura-de-sobreponer-con-llave-cruciforme\/\"]}]},{\"@type\":\"ImageObject\",\"inLanguage\":\"es\",\"@id\":\"https:\/\/www.omrserrature.it\/es\/producto\/cerradura-de-sobreponer-con-llave-cruciforme\/#primaryimage\",\"url\":\"https:\/\/www.omrserrature.it\/wp-content\/uploads\/2017\/10\/serratura-chiave-spillo-applicare.jpg\",\"contentUrl\":\"https:\/\/www.omrserrature.it\/wp-content\/uploads\/2017\/10\/serratura-chiave-spillo-applicare.jpg\",\"width\":568,\"height\":396,\"caption\":\"Cerradura en cruz-tetra - cerraduras ocultas\"},{\"@type\":\"BreadcrumbList\",\"@id\":\"https:\/\/www.omrserrature.it\/es\/producto\/cerradura-de-sobreponer-con-llave-cruciforme\/#breadcrumb\",\"itemListElement\":[{\"@type\":\"ListItem\",\"position\":1,\"name\":\"Home\",\"item\":\"https:\/\/www.omrserrature.it\/es\/omr-cerradiras-y-sistemas-de-cierre\/\"},{\"@type\":\"ListItem\",\"position\":2,\"name\":\"Cat\u00e1logo\",\"item\":\"https:\/\/www.omrserrature.it\/catalogo\/?lang=es\"},{\"@type\":\"ListItem\",\"position\":3,\"name\":\"Productos\",\"item\":\"https:\/\/www.omrserrature.it\/es\/inventario\/productos\/\"},{\"@type\":\"ListItem\",\"position\":4,\"name\":\"Cerraduras\",\"item\":\"https:\/\/www.omrserrature.it\/es\/inventario\/productos\/cerraduras\/\"},{\"@type\":\"ListItem\",\"position\":5,\"name\":\"Cerraduras de pestillo\",\"item\":\"https:\/\/www.omrserrature.it\/es\/inventario\/productos\/cerraduras\/cerraduras-de-pestillo\/\"},{\"@type\":\"ListItem\",\"position\":6,\"name\":\"Cerradura de llave en cruz-tetra\"}]},{\"@type\":\"WebSite\",\"@id\":\"https:\/\/www.omrserrature.it\/es\/#website\",\"url\":\"https:\/\/www.omrserrature.it\/es\/\",\"name\":\"OMR Serrature | Produzione sistemi di chiusura\",\"description\":\"Produzione serrature di sicurezza e sistemi di chiusura\",\"publisher\":{\"@id\":\"https:\/\/www.omrserrature.it\/es\/#organization\"},\"potentialAction\":[{\"@type\":\"SearchAction\",\"target\":{\"@type\":\"EntryPoint\",\"urlTemplate\":\"https:\/\/www.omrserrature.it\/es\/?s={search_term_string}\"},\"query-input\":{\"@type\":\"PropertyValueSpecification\",\"valueRequired\":true,\"valueName\":\"search_term_string\"}}],\"inLanguage\":\"es\"},{\"@type\":\"Organization\",\"@id\":\"https:\/\/www.omrserrature.it\/es\/#organization\",\"name\":\"OMR Serrature | Produzione sistemi di chiusura\",\"url\":\"https:\/\/www.omrserrature.it\/es\/\",\"logo\":{\"@type\":\"ImageObject\",\"inLanguage\":\"es\",\"@id\":\"https:\/\/www.omrserrature.it\/es\/#\/schema\/logo\/image\/\",\"url\":\"https:\/\/www.omrserrature.it\/wp-content\/uploads\/2017\/09\/favicon-omr-114.png\",\"contentUrl\":\"https:\/\/www.omrserrature.it\/wp-content\/uploads\/2017\/09\/favicon-omr-114.png\",\"width\":114,\"height\":114,\"caption\":\"OMR Serrature | Produzione sistemi di chiusura\"},\"image\":{\"@id\":\"https:\/\/www.omrserrature.it\/es\/#\/schema\/logo\/image\/\"},\"sameAs\":[\"https:\/\/www.facebook.com\/OMRserrature\",\"https:\/\/www.linkedin.com\/company\/omrserrature\/\",\"https:\/\/www.youtube.com\/channel\/UCxmA85z2R0EpG_6IRokiAkg\"]}]}<\/script>\n<!-- \/ Yoast SEO plugin. -->","yoast_head_json":{"title":"Cerradura de llave en cruz-tetra - OMR Serrature","robots":{"index":"index","follow":"follow","max-snippet":"max-snippet:-1","max-image-preview":"max-image-preview:large","max-video-preview":"max-video-preview:-1"},"canonical":"https:\/\/www.omrserrature.it\/es\/producto\/cerradura-de-sobreponer-con-llave-cruciforme\/","og_locale":"es_ES","og_type":"article","og_title":"Cerradura de llave en cruz-tetra - OMR Serrature","og_description":"La cerradura en llave-tetra est\u00e1 equipada con un cilindro cruciforme, alojado en un cuerpo de acero y aleaci\u00f3n de zinc, que mueve un cerrojo universal. La disposici\u00f3n de los pernos en forma de cruz garantiza un buen nivel de seguridad, gracias tambi\u00e9n a la forma cruciforme especial de la llave. Una soluci\u00f3n de dise\u00f1o fiable disponible tanto en encriptaci\u00f3n simple (KA) como en encriptaci\u00f3n mixta (KD).","og_url":"https:\/\/www.omrserrature.it\/es\/producto\/cerradura-de-sobreponer-con-llave-cruciforme\/","og_site_name":"OMR Serrature | Produzione sistemi di chiusura","article_publisher":"https:\/\/www.facebook.com\/OMRserrature","article_modified_time":"2026-04-08T10:24:24+00:00","og_image":[{"width":568,"height":396,"url":"https:\/\/www.omrserrature.it\/wp-content\/uploads\/2017\/10\/serratura-chiave-spillo-applicare.jpg","type":"image\/jpeg"}],"twitter_card":"summary_large_image","twitter_misc":{"Tiempo de lectura":"1 minuto"},"schema":{"@context":"https:\/\/schema.org","@graph":[{"@type":"WebPage","@id":"https:\/\/www.omrserrature.it\/es\/producto\/cerradura-de-sobreponer-con-llave-cruciforme\/","url":"https:\/\/www.omrserrature.it\/es\/producto\/cerradura-de-sobreponer-con-llave-cruciforme\/","name":"Cerradura de llave en cruz-tetra - OMR Serrature","isPartOf":{"@id":"https:\/\/www.omrserrature.it\/es\/#website"},"primaryImageOfPage":{"@id":"https:\/\/www.omrserrature.it\/es\/producto\/cerradura-de-sobreponer-con-llave-cruciforme\/#primaryimage"},"image":{"@id":"https:\/\/www.omrserrature.it\/es\/producto\/cerradura-de-sobreponer-con-llave-cruciforme\/#primaryimage"},"thumbnailUrl":"https:\/\/www.omrserrature.it\/wp-content\/uploads\/2017\/10\/serratura-chiave-spillo-applicare.jpg","datePublished":"2016-10-17T13:34:00+00:00","dateModified":"2026-04-08T10:24:24+00:00","breadcrumb":{"@id":"https:\/\/www.omrserrature.it\/es\/producto\/cerradura-de-sobreponer-con-llave-cruciforme\/#breadcrumb"},"inLanguage":"es","potentialAction":[{"@type":"ReadAction","target":["https:\/\/www.omrserrature.it\/es\/producto\/cerradura-de-sobreponer-con-llave-cruciforme\/"]}]},{"@type":"ImageObject","inLanguage":"es","@id":"https:\/\/www.omrserrature.it\/es\/producto\/cerradura-de-sobreponer-con-llave-cruciforme\/#primaryimage","url":"https:\/\/www.omrserrature.it\/wp-content\/uploads\/2017\/10\/serratura-chiave-spillo-applicare.jpg","contentUrl":"https:\/\/www.omrserrature.it\/wp-content\/uploads\/2017\/10\/serratura-chiave-spillo-applicare.jpg","width":568,"height":396,"caption":"Cerradura en cruz-tetra - cerraduras ocultas"},{"@type":"BreadcrumbList","@id":"https:\/\/www.omrserrature.it\/es\/producto\/cerradura-de-sobreponer-con-llave-cruciforme\/#breadcrumb","itemListElement":[{"@type":"ListItem","position":1,"name":"Home","item":"https:\/\/www.omrserrature.it\/es\/omr-cerradiras-y-sistemas-de-cierre\/"},{"@type":"ListItem","position":2,"name":"Cat\u00e1logo","item":"https:\/\/www.omrserrature.it\/catalogo\/?lang=es"},{"@type":"ListItem","position":3,"name":"Productos","item":"https:\/\/www.omrserrature.it\/es\/inventario\/productos\/"},{"@type":"ListItem","position":4,"name":"Cerraduras","item":"https:\/\/www.omrserrature.it\/es\/inventario\/productos\/cerraduras\/"},{"@type":"ListItem","position":5,"name":"Cerraduras de pestillo","item":"https:\/\/www.omrserrature.it\/es\/inventario\/productos\/cerraduras\/cerraduras-de-pestillo\/"},{"@type":"ListItem","position":6,"name":"Cerradura de llave en cruz-tetra"}]},{"@type":"WebSite","@id":"https:\/\/www.omrserrature.it\/es\/#website","url":"https:\/\/www.omrserrature.it\/es\/","name":"OMR Serrature | Produzione sistemi di chiusura","description":"Produzione serrature di sicurezza e sistemi di chiusura","publisher":{"@id":"https:\/\/www.omrserrature.it\/es\/#organization"},"potentialAction":[{"@type":"SearchAction","target":{"@type":"EntryPoint","urlTemplate":"https:\/\/www.omrserrature.it\/es\/?s={search_term_string}"},"query-input":{"@type":"PropertyValueSpecification","valueRequired":true,"valueName":"search_term_string"}}],"inLanguage":"es"},{"@type":"Organization","@id":"https:\/\/www.omrserrature.it\/es\/#organization","name":"OMR Serrature | Produzione sistemi di chiusura","url":"https:\/\/www.omrserrature.it\/es\/","logo":{"@type":"ImageObject","inLanguage":"es","@id":"https:\/\/www.omrserrature.it\/es\/#\/schema\/logo\/image\/","url":"https:\/\/www.omrserrature.it\/wp-content\/uploads\/2017\/09\/favicon-omr-114.png","contentUrl":"https:\/\/www.omrserrature.it\/wp-content\/uploads\/2017\/09\/favicon-omr-114.png","width":114,"height":114,"caption":"OMR Serrature | Produzione sistemi di chiusura"},"image":{"@id":"https:\/\/www.omrserrature.it\/es\/#\/schema\/logo\/image\/"},"sameAs":["https:\/\/www.facebook.com\/OMRserrature","https:\/\/www.linkedin.com\/company\/omrserrature\/","https:\/\/www.youtube.com\/channel\/UCxmA85z2R0EpG_6IRokiAkg"]}]}},"_links":{"self":[{"href":"https:\/\/www.omrserrature.it\/es\/wp-json\/wp\/v2\/product\/242189","targetHints":{"allow":["GET"]}}],"collection":[{"href":"https:\/\/www.omrserrature.it\/es\/wp-json\/wp\/v2\/product"}],"about":[{"href":"https:\/\/www.omrserrature.it\/es\/wp-json\/wp\/v2\/types\/product"}],"replies":[{"embeddable":true,"href":"https:\/\/www.omrserrature.it\/es\/wp-json\/wp\/v2\/comments?post=242189"}],"wp:featuredmedia":[{"embeddable":true,"href":"https:\/\/www.omrserrature.it\/es\/wp-json\/wp\/v2\/media\/3693"}],"wp:attachment":[{"href":"https:\/\/www.omrserrature.it\/es\/wp-json\/wp\/v2\/media?parent=242189"}],"wp:term":[{"taxonomy":"product_brand","embeddable":true,"href":"https:\/\/www.omrserrature.it\/es\/wp-json\/wp\/v2\/product_brand?post=242189"},{"taxonomy":"product_cat","embeddable":true,"href":"https:\/\/www.omrserrature.it\/es\/wp-json\/wp\/v2\/product_cat?post=242189"},{"taxonomy":"product_tag","embeddable":true,"href":"https:\/\/www.omrserrature.it\/es\/wp-json\/wp\/v2\/product_tag?post=242189"}],"curies":[{"name":"wp","href":"https:\/\/api.w.org\/{rel}","templated":true}]}}