{"id":242175,"date":"2017-10-06T08:47:09","date_gmt":"2006-10-17T06:47:00","guid":{"rendered":"https:\/\/www.staging6.omrserrature.it\/prodotto\/cerradura-buzon-o-16-y-o-18-mm\/"},"modified":"2017-10-06T08:47:09","modified_gmt":"2017-10-06T06:47:09","slug":"cerradura-buzon-o-16-y-o-18-mm","status":"publish","type":"product","link":"https:\/\/www.omrserrature.it\/es\/producto\/cerradura-buzon-o-16-y-o-18-mm\/","title":{"rendered":"Cerradura buz\u00f3n \u00d8 16 y \u00d8 18 mm"},"content":{"rendered":"<p><strong>La cerradura del buz\u00f3n<\/strong> es un producto hist\u00f3rico de la O.M.R., tambi\u00e9n conocido bajo la marca <strong>\u00abMichel<\/strong>\u00bb y aplicado en <strong>los buzones Seat<\/strong>. La llave SCHG05005, con su forma caracter\u00edstica, acciona una serie de pistones de lat\u00f3n debajo del resorte que, en la combinaci\u00f3n correcta, permiten la rotaci\u00f3n del rotor y el consiguiente cierre o apertura del bloque. El <strong>di\u00e1metro especial de 16 mm <\/strong>-tambi\u00e9n disponible en 18 mm-, <strong>su leva especial con enganche de ojal y el rotor desplazado<\/strong> confieren a este producto unas caracter\u00edsticas \u00fanicas. La cerradura para buzones es adecuada para aplicaciones sobre <strong>cristal o aluminio<\/strong>, en particular en buzones y buzones.<\/p>\n","protected":false},"excerpt":{"rendered":"<p><strong>La cerradura del buz\u00f3n<\/strong> es un producto hist\u00f3rico de la O.M.R., tambi\u00e9n conocido bajo la marca <strong>\u00abMichel<\/strong>\u00bb y aplicado en <strong>los buzones Seat<\/strong>. <strong>Su di\u00e1metro especial de 16 o 18 mm, su leva especial con enganche de ojal y el rotor desplazado<\/strong> confieren a este producto unas caracter\u00edsticas \u00fanicas. Se instala en <strong>cristal o aluminio<\/strong>, sobre todo en buzones y buzones de correos. <\/p>\n","protected":false},"featured_media":242176,"comment_status":"open","ping_status":"closed","template":"","meta":{"_acf_changed":false,"_et_pb_use_builder":"","_et_pb_old_content":"","_et_gb_content_width":""},"product_brand":[],"product_cat":[3989,3951,3980,3909,3997,3885,3919,3930,3959],"product_tag":[],"class_list":{"0":"post-242175","1":"product","2":"type-product","3":"status-publish","4":"has-post-thumbnail","6":"product_cat-banca-y-correos","7":"product_cat-cerraduras-con-llave-maestra","8":"product_cat-cerraduras-de-palanca","9":"product_cat-cerraduras-para-apartados-de-correos","10":"product_cat-cerraduras-para-buzones-2","11":"product_cat-cerraduras-para-buzones","12":"product_cat-cerraduras-para-vitrinas","13":"product_cat-cerraduras-universales-de-pernos","14":"product_cat-llave-estandar","16":"first","17":"instock","18":"shipping-taxable","19":"purchasable","20":"product-type-variable","21":"has-default-attributes"},"acf":{"pdf1":"https:\/\/www.omrserrature.it\/wp-content\/uploads\/schede\/Scheda_100350.pdf"},"yoast_head":"<!-- This site is optimized with the Yoast SEO plugin v27.2 - https:\/\/yoast.com\/product\/yoast-seo-wordpress\/ -->\n<title>Cerradura buz\u00f3n \u00d8 16 y \u00d8 18 mm - OMR Serrature<\/title>\n<meta name=\"robots\" content=\"index, follow, max-snippet:-1, max-image-preview:large, max-video-preview:-1\" \/>\n<link rel=\"canonical\" href=\"https:\/\/www.omrserrature.it\/es\/producto\/cerradura-buzon-o-16-y-o-18-mm\/\" \/>\n<meta property=\"og:locale\" content=\"es_ES\" \/>\n<meta property=\"og:type\" content=\"article\" \/>\n<meta property=\"og:title\" content=\"Cerradura buz\u00f3n \u00d8 16 y \u00d8 18 mm - OMR Serrature\" \/>\n<meta property=\"og:description\" content=\"La cerradura del buz\u00f3n es un producto hist\u00f3rico de la O.M.R., tambi\u00e9n conocido bajo la marca &quot;Michel&quot; y aplicado en los buzones Seat. Su di\u00e1metro especial de 16 o 18 mm, su leva especial con enganche de ojal y el rotor desplazado confieren a este producto unas caracter\u00edsticas \u00fanicas. Se instala en cristal o aluminio, sobre todo en buzones y buzones de correos.\" \/>\n<meta property=\"og:url\" content=\"https:\/\/www.omrserrature.it\/es\/producto\/cerradura-buzon-o-16-y-o-18-mm\/\" \/>\n<meta property=\"og:site_name\" content=\"OMR Serrature | Produzione sistemi di chiusura\" \/>\n<meta property=\"article:publisher\" content=\"https:\/\/www.facebook.com\/OMRserrature\" \/>\n<meta property=\"article:modified_time\" content=\"2017-10-06T06:47:09+00:00\" \/>\n<meta property=\"og:image\" content=\"https:\/\/www.omrserrature.it\/wp-content\/uploads\/2017\/10\/Serratura-buche-lettere-diametro-16mm.jpg\" \/>\n\t<meta property=\"og:image:width\" content=\"600\" \/>\n\t<meta property=\"og:image:height\" content=\"600\" \/>\n\t<meta property=\"og:image:type\" content=\"image\/jpeg\" \/>\n<meta name=\"twitter:card\" content=\"summary_large_image\" \/>\n<meta name=\"twitter:label1\" content=\"Tiempo de lectura\" \/>\n\t<meta name=\"twitter:data1\" content=\"1 minuto\" \/>\n<script type=\"application\/ld+json\" class=\"yoast-schema-graph\">{\"@context\":\"https:\/\/schema.org\",\"@graph\":[{\"@type\":\"WebPage\",\"@id\":\"https:\/\/www.omrserrature.it\/es\/producto\/cerradura-buzon-o-16-y-o-18-mm\/\",\"url\":\"https:\/\/www.omrserrature.it\/es\/producto\/cerradura-buzon-o-16-y-o-18-mm\/\",\"name\":\"Cerradura buz\u00f3n \u00d8 16 y \u00d8 18 mm - OMR Serrature\",\"isPartOf\":{\"@id\":\"https:\/\/www.omrserrature.it\/es\/#website\"},\"primaryImageOfPage\":{\"@id\":\"https:\/\/www.omrserrature.it\/es\/producto\/cerradura-buzon-o-16-y-o-18-mm\/#primaryimage\"},\"image\":{\"@id\":\"https:\/\/www.omrserrature.it\/es\/producto\/cerradura-buzon-o-16-y-o-18-mm\/#primaryimage\"},\"thumbnailUrl\":\"https:\/\/www.omrserrature.it\/wp-content\/uploads\/2017\/10\/Serratura-buche-lettere-diametro-16mm.jpg\",\"datePublished\":\"2006-10-17T06:47:00+00:00\",\"dateModified\":\"2017-10-06T06:47:09+00:00\",\"breadcrumb\":{\"@id\":\"https:\/\/www.omrserrature.it\/es\/producto\/cerradura-buzon-o-16-y-o-18-mm\/#breadcrumb\"},\"inLanguage\":\"es\",\"potentialAction\":[{\"@type\":\"ReadAction\",\"target\":[\"https:\/\/www.omrserrature.it\/es\/producto\/cerradura-buzon-o-16-y-o-18-mm\/\"]}]},{\"@type\":\"ImageObject\",\"inLanguage\":\"es\",\"@id\":\"https:\/\/www.omrserrature.it\/es\/producto\/cerradura-buzon-o-16-y-o-18-mm\/#primaryimage\",\"url\":\"https:\/\/www.omrserrature.it\/wp-content\/uploads\/2017\/10\/Serratura-buche-lettere-diametro-16mm.jpg\",\"contentUrl\":\"https:\/\/www.omrserrature.it\/wp-content\/uploads\/2017\/10\/Serratura-buche-lettere-diametro-16mm.jpg\",\"width\":600,\"height\":600},{\"@type\":\"BreadcrumbList\",\"@id\":\"https:\/\/www.omrserrature.it\/es\/producto\/cerradura-buzon-o-16-y-o-18-mm\/#breadcrumb\",\"itemListElement\":[{\"@type\":\"ListItem\",\"position\":1,\"name\":\"Home\",\"item\":\"https:\/\/www.omrserrature.it\/es\/omr-cerradiras-y-sistemas-de-cierre\/\"},{\"@type\":\"ListItem\",\"position\":2,\"name\":\"Cat\u00e1logo\",\"item\":\"https:\/\/www.omrserrature.it\/catalogo\/?lang=es\"},{\"@type\":\"ListItem\",\"position\":3,\"name\":\"Productos\",\"item\":\"https:\/\/www.omrserrature.it\/es\/inventario\/productos\/\"},{\"@type\":\"ListItem\",\"position\":4,\"name\":\"Cerraduras\",\"item\":\"https:\/\/www.omrserrature.it\/es\/inventario\/productos\/cerraduras\/\"},{\"@type\":\"ListItem\",\"position\":5,\"name\":\"Cerraduras universales de pernos\",\"item\":\"https:\/\/www.omrserrature.it\/es\/inventario\/productos\/cerraduras\/cerraduras-universales-de-pernos\/\"},{\"@type\":\"ListItem\",\"position\":6,\"name\":\"Llave est\u00e1ndar\",\"item\":\"https:\/\/www.omrserrature.it\/es\/inventario\/productos\/cerraduras\/cerraduras-universales-de-pernos\/llave-estandar\/\"},{\"@type\":\"ListItem\",\"position\":7,\"name\":\"Cerradura buz\u00f3n \u00d8 16 y \u00d8 18 mm\"}]},{\"@type\":\"WebSite\",\"@id\":\"https:\/\/www.omrserrature.it\/es\/#website\",\"url\":\"https:\/\/www.omrserrature.it\/es\/\",\"name\":\"OMR Serrature | Produzione sistemi di chiusura\",\"description\":\"Produzione serrature di sicurezza e sistemi di chiusura\",\"publisher\":{\"@id\":\"https:\/\/www.omrserrature.it\/es\/#organization\"},\"potentialAction\":[{\"@type\":\"SearchAction\",\"target\":{\"@type\":\"EntryPoint\",\"urlTemplate\":\"https:\/\/www.omrserrature.it\/es\/?s={search_term_string}\"},\"query-input\":{\"@type\":\"PropertyValueSpecification\",\"valueRequired\":true,\"valueName\":\"search_term_string\"}}],\"inLanguage\":\"es\"},{\"@type\":\"Organization\",\"@id\":\"https:\/\/www.omrserrature.it\/es\/#organization\",\"name\":\"OMR Serrature | Produzione sistemi di chiusura\",\"url\":\"https:\/\/www.omrserrature.it\/es\/\",\"logo\":{\"@type\":\"ImageObject\",\"inLanguage\":\"es\",\"@id\":\"https:\/\/www.omrserrature.it\/es\/#\/schema\/logo\/image\/\",\"url\":\"https:\/\/www.omrserrature.it\/wp-content\/uploads\/2017\/09\/favicon-omr-114.png\",\"contentUrl\":\"https:\/\/www.omrserrature.it\/wp-content\/uploads\/2017\/09\/favicon-omr-114.png\",\"width\":114,\"height\":114,\"caption\":\"OMR Serrature | Produzione sistemi di chiusura\"},\"image\":{\"@id\":\"https:\/\/www.omrserrature.it\/es\/#\/schema\/logo\/image\/\"},\"sameAs\":[\"https:\/\/www.facebook.com\/OMRserrature\",\"https:\/\/www.linkedin.com\/company\/omrserrature\/\",\"https:\/\/www.youtube.com\/channel\/UCxmA85z2R0EpG_6IRokiAkg\"]}]}<\/script>\n<!-- \/ Yoast SEO plugin. -->","yoast_head_json":{"title":"Cerradura buz\u00f3n \u00d8 16 y \u00d8 18 mm - OMR Serrature","robots":{"index":"index","follow":"follow","max-snippet":"max-snippet:-1","max-image-preview":"max-image-preview:large","max-video-preview":"max-video-preview:-1"},"canonical":"https:\/\/www.omrserrature.it\/es\/producto\/cerradura-buzon-o-16-y-o-18-mm\/","og_locale":"es_ES","og_type":"article","og_title":"Cerradura buz\u00f3n \u00d8 16 y \u00d8 18 mm - OMR Serrature","og_description":"La cerradura del buz\u00f3n es un producto hist\u00f3rico de la O.M.R., tambi\u00e9n conocido bajo la marca \"Michel\" y aplicado en los buzones Seat. Su di\u00e1metro especial de 16 o 18 mm, su leva especial con enganche de ojal y el rotor desplazado confieren a este producto unas caracter\u00edsticas \u00fanicas. Se instala en cristal o aluminio, sobre todo en buzones y buzones de correos.","og_url":"https:\/\/www.omrserrature.it\/es\/producto\/cerradura-buzon-o-16-y-o-18-mm\/","og_site_name":"OMR Serrature | Produzione sistemi di chiusura","article_publisher":"https:\/\/www.facebook.com\/OMRserrature","article_modified_time":"2017-10-06T06:47:09+00:00","og_image":[{"width":600,"height":600,"url":"https:\/\/www.omrserrature.it\/wp-content\/uploads\/2017\/10\/Serratura-buche-lettere-diametro-16mm.jpg","type":"image\/jpeg"}],"twitter_card":"summary_large_image","twitter_misc":{"Tiempo de lectura":"1 minuto"},"schema":{"@context":"https:\/\/schema.org","@graph":[{"@type":"WebPage","@id":"https:\/\/www.omrserrature.it\/es\/producto\/cerradura-buzon-o-16-y-o-18-mm\/","url":"https:\/\/www.omrserrature.it\/es\/producto\/cerradura-buzon-o-16-y-o-18-mm\/","name":"Cerradura buz\u00f3n \u00d8 16 y \u00d8 18 mm - OMR Serrature","isPartOf":{"@id":"https:\/\/www.omrserrature.it\/es\/#website"},"primaryImageOfPage":{"@id":"https:\/\/www.omrserrature.it\/es\/producto\/cerradura-buzon-o-16-y-o-18-mm\/#primaryimage"},"image":{"@id":"https:\/\/www.omrserrature.it\/es\/producto\/cerradura-buzon-o-16-y-o-18-mm\/#primaryimage"},"thumbnailUrl":"https:\/\/www.omrserrature.it\/wp-content\/uploads\/2017\/10\/Serratura-buche-lettere-diametro-16mm.jpg","datePublished":"2006-10-17T06:47:00+00:00","dateModified":"2017-10-06T06:47:09+00:00","breadcrumb":{"@id":"https:\/\/www.omrserrature.it\/es\/producto\/cerradura-buzon-o-16-y-o-18-mm\/#breadcrumb"},"inLanguage":"es","potentialAction":[{"@type":"ReadAction","target":["https:\/\/www.omrserrature.it\/es\/producto\/cerradura-buzon-o-16-y-o-18-mm\/"]}]},{"@type":"ImageObject","inLanguage":"es","@id":"https:\/\/www.omrserrature.it\/es\/producto\/cerradura-buzon-o-16-y-o-18-mm\/#primaryimage","url":"https:\/\/www.omrserrature.it\/wp-content\/uploads\/2017\/10\/Serratura-buche-lettere-diametro-16mm.jpg","contentUrl":"https:\/\/www.omrserrature.it\/wp-content\/uploads\/2017\/10\/Serratura-buche-lettere-diametro-16mm.jpg","width":600,"height":600},{"@type":"BreadcrumbList","@id":"https:\/\/www.omrserrature.it\/es\/producto\/cerradura-buzon-o-16-y-o-18-mm\/#breadcrumb","itemListElement":[{"@type":"ListItem","position":1,"name":"Home","item":"https:\/\/www.omrserrature.it\/es\/omr-cerradiras-y-sistemas-de-cierre\/"},{"@type":"ListItem","position":2,"name":"Cat\u00e1logo","item":"https:\/\/www.omrserrature.it\/catalogo\/?lang=es"},{"@type":"ListItem","position":3,"name":"Productos","item":"https:\/\/www.omrserrature.it\/es\/inventario\/productos\/"},{"@type":"ListItem","position":4,"name":"Cerraduras","item":"https:\/\/www.omrserrature.it\/es\/inventario\/productos\/cerraduras\/"},{"@type":"ListItem","position":5,"name":"Cerraduras universales de pernos","item":"https:\/\/www.omrserrature.it\/es\/inventario\/productos\/cerraduras\/cerraduras-universales-de-pernos\/"},{"@type":"ListItem","position":6,"name":"Llave est\u00e1ndar","item":"https:\/\/www.omrserrature.it\/es\/inventario\/productos\/cerraduras\/cerraduras-universales-de-pernos\/llave-estandar\/"},{"@type":"ListItem","position":7,"name":"Cerradura buz\u00f3n \u00d8 16 y \u00d8 18 mm"}]},{"@type":"WebSite","@id":"https:\/\/www.omrserrature.it\/es\/#website","url":"https:\/\/www.omrserrature.it\/es\/","name":"OMR Serrature | Produzione sistemi di chiusura","description":"Produzione serrature di sicurezza e sistemi di chiusura","publisher":{"@id":"https:\/\/www.omrserrature.it\/es\/#organization"},"potentialAction":[{"@type":"SearchAction","target":{"@type":"EntryPoint","urlTemplate":"https:\/\/www.omrserrature.it\/es\/?s={search_term_string}"},"query-input":{"@type":"PropertyValueSpecification","valueRequired":true,"valueName":"search_term_string"}}],"inLanguage":"es"},{"@type":"Organization","@id":"https:\/\/www.omrserrature.it\/es\/#organization","name":"OMR Serrature | Produzione sistemi di chiusura","url":"https:\/\/www.omrserrature.it\/es\/","logo":{"@type":"ImageObject","inLanguage":"es","@id":"https:\/\/www.omrserrature.it\/es\/#\/schema\/logo\/image\/","url":"https:\/\/www.omrserrature.it\/wp-content\/uploads\/2017\/09\/favicon-omr-114.png","contentUrl":"https:\/\/www.omrserrature.it\/wp-content\/uploads\/2017\/09\/favicon-omr-114.png","width":114,"height":114,"caption":"OMR Serrature | Produzione sistemi di chiusura"},"image":{"@id":"https:\/\/www.omrserrature.it\/es\/#\/schema\/logo\/image\/"},"sameAs":["https:\/\/www.facebook.com\/OMRserrature","https:\/\/www.linkedin.com\/company\/omrserrature\/","https:\/\/www.youtube.com\/channel\/UCxmA85z2R0EpG_6IRokiAkg"]}]}},"_links":{"self":[{"href":"https:\/\/www.omrserrature.it\/es\/wp-json\/wp\/v2\/product\/242175","targetHints":{"allow":["GET"]}}],"collection":[{"href":"https:\/\/www.omrserrature.it\/es\/wp-json\/wp\/v2\/product"}],"about":[{"href":"https:\/\/www.omrserrature.it\/es\/wp-json\/wp\/v2\/types\/product"}],"replies":[{"embeddable":true,"href":"https:\/\/www.omrserrature.it\/es\/wp-json\/wp\/v2\/comments?post=242175"}],"wp:featuredmedia":[{"embeddable":true,"href":"https:\/\/www.omrserrature.it\/es\/wp-json\/wp\/v2\/media\/242176"}],"wp:attachment":[{"href":"https:\/\/www.omrserrature.it\/es\/wp-json\/wp\/v2\/media?parent=242175"}],"wp:term":[{"taxonomy":"product_brand","embeddable":true,"href":"https:\/\/www.omrserrature.it\/es\/wp-json\/wp\/v2\/product_brand?post=242175"},{"taxonomy":"product_cat","embeddable":true,"href":"https:\/\/www.omrserrature.it\/es\/wp-json\/wp\/v2\/product_cat?post=242175"},{"taxonomy":"product_tag","embeddable":true,"href":"https:\/\/www.omrserrature.it\/es\/wp-json\/wp\/v2\/product_tag?post=242175"}],"curies":[{"name":"wp","href":"https:\/\/api.w.org\/{rel}","templated":true}]}}