{"id":242163,"date":"2018-01-19T10:50:25","date_gmt":"2019-01-18T09:50:00","guid":{"rendered":"https:\/\/www.staging6.omrserrature.it\/prodotto\/cerradura-de-seguridad-para-mantenimiento-de-maquinas-industriales-cilindro-o25\/"},"modified":"2026-04-08T12:00:31","modified_gmt":"2026-04-08T10:00:31","slug":"cerradura-de-seguridad-para-mantenimiento-de-maquinas-industriales-cilindro-o25","status":"publish","type":"product","link":"https:\/\/www.omrserrature.it\/es\/producto\/cerradura-de-seguridad-para-mantenimiento-de-maquinas-industriales-cilindro-o25\/","title":{"rendered":"Cerradura de seguridad para mantenimiento de m\u00e1quinas industriales &#8211; cilindro \u00d825"},"content":{"rendered":"<p>La <strong>cerradura de<\/strong> poste de OMR es un dispositivo de seguridad industrial dise\u00f1ado para <strong>evitar la activaci\u00f3n accidental o no autorizada de maquinaria peligrosa durante el mantenimiento<\/strong>. Con un cilindro con pasador de lat\u00f3n, un pasador de acero AISI 300 y una carcasa de metal fundido a presi\u00f3n, proporciona resistencia y durabilidad. Esta cerradura est\u00e1 dise\u00f1ada para entornos industriales en los que la seguridad y la visibilidad del operario durante el mantenimiento son cruciales. Es adecuado para <strong>bloquear interruptores, selectores y v\u00e1lvulas;<\/strong> garantiza que<strong> la maquinaria no pueda reactivarse<\/strong> mientras la persona sea visible dentro de la zona de peligro. Este sistema de una sola llave ofrece una soluci\u00f3n sencilla pero eficaz, un dispositivo esencial para la seguridad laboral en entornos peligrosos.    <\/p>\n<p>Esta versi\u00f3n tiene un pasador est\u00e1ndar y un cilindro de 25 mm de di\u00e1metro.<\/p>\n","protected":false},"excerpt":{"rendered":"<p>La <strong>cerradura de maniobra<\/strong> tipo pasador de OMR es un dispositivo de seguridad industrial dise\u00f1ado para <strong>evitar la activaci\u00f3n accidental o no autorizada de maquinaria peligrosa durante el mantenimiento<\/strong>. Esta versi\u00f3n tiene un pasador est\u00e1ndar y un cilindro de 25 mm de di\u00e1metro. <\/p>\n","protected":false},"featured_media":3675,"comment_status":"open","ping_status":"closed","template":"","meta":{"_acf_changed":false,"_et_pb_use_builder":"","_et_pb_old_content":"","_et_gb_content_width":""},"product_brand":[],"product_cat":[3891,3936,3941,3880,3905,3895,3987],"product_tag":[],"class_list":{"0":"post-242163","1":"product","2":"type-product","3":"status-publish","4":"has-post-thumbnail","6":"product_cat-cerraduras-de-maniobra","7":"product_cat-cerraduras-de-pasador","8":"product_cat-cerraduras-de-pestillo","9":"product_cat-cerraduras-para-armarios-electricos","10":"product_cat-cerraduras-para-armarios-industriales","11":"product_cat-cerraduras-para-la-industria-electromecanica","12":"product_cat-sistemas-de-cierre-para-la-industria","14":"first","15":"instock","16":"shipping-taxable","17":"purchasable","18":"product-type-variable","19":"has-default-attributes"},"acf":{"pdf1":"https:\/\/www.omrserrature.it\/wp-content\/uploads\/2018\/01\/Scheda-180868.pdf"},"yoast_head":"<!-- This site is optimized with the Yoast SEO plugin v27.2 - https:\/\/yoast.com\/product\/yoast-seo-wordpress\/ -->\n<title>Cerradura de seguridad para mantenimiento de m\u00e1quinas industriales - cilindro \u00d825 - OMR Serrature<\/title>\n<meta name=\"robots\" content=\"index, follow, max-snippet:-1, max-image-preview:large, max-video-preview:-1\" \/>\n<link rel=\"canonical\" href=\"https:\/\/www.omrserrature.it\/es\/producto\/cerradura-de-seguridad-para-mantenimiento-de-maquinas-industriales-cilindro-o25\/\" \/>\n<meta property=\"og:locale\" content=\"es_ES\" \/>\n<meta property=\"og:type\" content=\"article\" \/>\n<meta property=\"og:title\" content=\"Cerradura de seguridad para mantenimiento de m\u00e1quinas industriales - cilindro \u00d825 - OMR Serrature\" \/>\n<meta property=\"og:description\" content=\"La cerradura de maniobra tipo pasador de OMR es un dispositivo de seguridad industrial dise\u00f1ado para evitar la activaci\u00f3n accidental o no autorizada de maquinaria peligrosa durante el mantenimiento. Esta versi\u00f3n tiene un pasador est\u00e1ndar y un cilindro de 25 mm de di\u00e1metro.\" \/>\n<meta property=\"og:url\" content=\"https:\/\/www.omrserrature.it\/es\/producto\/cerradura-de-seguridad-para-mantenimiento-de-maquinas-industriales-cilindro-o25\/\" \/>\n<meta property=\"og:site_name\" content=\"OMR Serrature | Produzione sistemi di chiusura\" \/>\n<meta property=\"article:publisher\" content=\"https:\/\/www.facebook.com\/OMRserrature\" \/>\n<meta property=\"article:modified_time\" content=\"2026-04-08T10:00:31+00:00\" \/>\n<meta property=\"og:image\" content=\"https:\/\/www.omrserrature.it\/wp-content\/uploads\/2017\/10\/serratura-blocco-manovra.jpg\" \/>\n\t<meta property=\"og:image:width\" content=\"516\" \/>\n\t<meta property=\"og:image:height\" content=\"386\" \/>\n\t<meta property=\"og:image:type\" content=\"image\/jpeg\" \/>\n<meta name=\"twitter:card\" content=\"summary_large_image\" \/>\n<meta name=\"twitter:label1\" content=\"Tiempo de lectura\" \/>\n\t<meta name=\"twitter:data1\" content=\"1 minuto\" \/>\n<script type=\"application\/ld+json\" class=\"yoast-schema-graph\">{\"@context\":\"https:\/\/schema.org\",\"@graph\":[{\"@type\":\"WebPage\",\"@id\":\"https:\/\/www.omrserrature.it\/es\/producto\/cerradura-de-seguridad-para-mantenimiento-de-maquinas-industriales-cilindro-o25\/\",\"url\":\"https:\/\/www.omrserrature.it\/es\/producto\/cerradura-de-seguridad-para-mantenimiento-de-maquinas-industriales-cilindro-o25\/\",\"name\":\"Cerradura de seguridad para mantenimiento de m\u00e1quinas industriales - cilindro \u00d825 - OMR Serrature\",\"isPartOf\":{\"@id\":\"https:\/\/www.omrserrature.it\/es\/#website\"},\"primaryImageOfPage\":{\"@id\":\"https:\/\/www.omrserrature.it\/es\/producto\/cerradura-de-seguridad-para-mantenimiento-de-maquinas-industriales-cilindro-o25\/#primaryimage\"},\"image\":{\"@id\":\"https:\/\/www.omrserrature.it\/es\/producto\/cerradura-de-seguridad-para-mantenimiento-de-maquinas-industriales-cilindro-o25\/#primaryimage\"},\"thumbnailUrl\":\"https:\/\/www.omrserrature.it\/wp-content\/uploads\/2017\/10\/serratura-blocco-manovra.jpg\",\"datePublished\":\"2019-01-18T09:50:00+00:00\",\"dateModified\":\"2026-04-08T10:00:31+00:00\",\"breadcrumb\":{\"@id\":\"https:\/\/www.omrserrature.it\/es\/producto\/cerradura-de-seguridad-para-mantenimiento-de-maquinas-industriales-cilindro-o25\/#breadcrumb\"},\"inLanguage\":\"es\",\"potentialAction\":[{\"@type\":\"ReadAction\",\"target\":[\"https:\/\/www.omrserrature.it\/es\/producto\/cerradura-de-seguridad-para-mantenimiento-de-maquinas-industriales-cilindro-o25\/\"]}]},{\"@type\":\"ImageObject\",\"inLanguage\":\"es\",\"@id\":\"https:\/\/www.omrserrature.it\/es\/producto\/cerradura-de-seguridad-para-mantenimiento-de-maquinas-industriales-cilindro-o25\/#primaryimage\",\"url\":\"https:\/\/www.omrserrature.it\/wp-content\/uploads\/2017\/10\/serratura-blocco-manovra.jpg\",\"contentUrl\":\"https:\/\/www.omrserrature.it\/wp-content\/uploads\/2017\/10\/serratura-blocco-manovra.jpg\",\"width\":516,\"height\":386,\"caption\":\"Di\u00e1metro de la cerradura de maniobra 25\"},{\"@type\":\"BreadcrumbList\",\"@id\":\"https:\/\/www.omrserrature.it\/es\/producto\/cerradura-de-seguridad-para-mantenimiento-de-maquinas-industriales-cilindro-o25\/#breadcrumb\",\"itemListElement\":[{\"@type\":\"ListItem\",\"position\":1,\"name\":\"Home\",\"item\":\"https:\/\/www.omrserrature.it\/es\/omr-cerradiras-y-sistemas-de-cierre\/\"},{\"@type\":\"ListItem\",\"position\":2,\"name\":\"Cat\u00e1logo\",\"item\":\"https:\/\/www.omrserrature.it\/catalogo\/?lang=es\"},{\"@type\":\"ListItem\",\"position\":3,\"name\":\"Aplicaciones\",\"item\":\"https:\/\/www.omrserrature.it\/es\/inventario\/aplicaciones\/\"},{\"@type\":\"ListItem\",\"position\":4,\"name\":\"Cerraduras para armarios el\u00e9ctricos\",\"item\":\"https:\/\/www.omrserrature.it\/es\/inventario\/aplicaciones\/cerraduras-para-armarios-electricos\/\"},{\"@type\":\"ListItem\",\"position\":5,\"name\":\"Cerraduras de maniobra\",\"item\":\"https:\/\/www.omrserrature.it\/es\/inventario\/aplicaciones\/cerraduras-para-armarios-electricos\/cerraduras-de-maniobra\/\"},{\"@type\":\"ListItem\",\"position\":6,\"name\":\"Cerradura de seguridad para mantenimiento de m\u00e1quinas industriales &#8211; cilindro \u00d825\"}]},{\"@type\":\"WebSite\",\"@id\":\"https:\/\/www.omrserrature.it\/es\/#website\",\"url\":\"https:\/\/www.omrserrature.it\/es\/\",\"name\":\"OMR Serrature | Produzione sistemi di chiusura\",\"description\":\"Produzione serrature di sicurezza e sistemi di chiusura\",\"publisher\":{\"@id\":\"https:\/\/www.omrserrature.it\/es\/#organization\"},\"potentialAction\":[{\"@type\":\"SearchAction\",\"target\":{\"@type\":\"EntryPoint\",\"urlTemplate\":\"https:\/\/www.omrserrature.it\/es\/?s={search_term_string}\"},\"query-input\":{\"@type\":\"PropertyValueSpecification\",\"valueRequired\":true,\"valueName\":\"search_term_string\"}}],\"inLanguage\":\"es\"},{\"@type\":\"Organization\",\"@id\":\"https:\/\/www.omrserrature.it\/es\/#organization\",\"name\":\"OMR Serrature | Produzione sistemi di chiusura\",\"url\":\"https:\/\/www.omrserrature.it\/es\/\",\"logo\":{\"@type\":\"ImageObject\",\"inLanguage\":\"es\",\"@id\":\"https:\/\/www.omrserrature.it\/es\/#\/schema\/logo\/image\/\",\"url\":\"https:\/\/www.omrserrature.it\/wp-content\/uploads\/2017\/09\/favicon-omr-114.png\",\"contentUrl\":\"https:\/\/www.omrserrature.it\/wp-content\/uploads\/2017\/09\/favicon-omr-114.png\",\"width\":114,\"height\":114,\"caption\":\"OMR Serrature | Produzione sistemi di chiusura\"},\"image\":{\"@id\":\"https:\/\/www.omrserrature.it\/es\/#\/schema\/logo\/image\/\"},\"sameAs\":[\"https:\/\/www.facebook.com\/OMRserrature\",\"https:\/\/www.linkedin.com\/company\/omrserrature\/\",\"https:\/\/www.youtube.com\/channel\/UCxmA85z2R0EpG_6IRokiAkg\"]}]}<\/script>\n<!-- \/ Yoast SEO plugin. -->","yoast_head_json":{"title":"Cerradura de seguridad para mantenimiento de m\u00e1quinas industriales - cilindro \u00d825 - OMR Serrature","robots":{"index":"index","follow":"follow","max-snippet":"max-snippet:-1","max-image-preview":"max-image-preview:large","max-video-preview":"max-video-preview:-1"},"canonical":"https:\/\/www.omrserrature.it\/es\/producto\/cerradura-de-seguridad-para-mantenimiento-de-maquinas-industriales-cilindro-o25\/","og_locale":"es_ES","og_type":"article","og_title":"Cerradura de seguridad para mantenimiento de m\u00e1quinas industriales - cilindro \u00d825 - OMR Serrature","og_description":"La cerradura de maniobra tipo pasador de OMR es un dispositivo de seguridad industrial dise\u00f1ado para evitar la activaci\u00f3n accidental o no autorizada de maquinaria peligrosa durante el mantenimiento. Esta versi\u00f3n tiene un pasador est\u00e1ndar y un cilindro de 25 mm de di\u00e1metro.","og_url":"https:\/\/www.omrserrature.it\/es\/producto\/cerradura-de-seguridad-para-mantenimiento-de-maquinas-industriales-cilindro-o25\/","og_site_name":"OMR Serrature | Produzione sistemi di chiusura","article_publisher":"https:\/\/www.facebook.com\/OMRserrature","article_modified_time":"2026-04-08T10:00:31+00:00","og_image":[{"width":516,"height":386,"url":"https:\/\/www.omrserrature.it\/wp-content\/uploads\/2017\/10\/serratura-blocco-manovra.jpg","type":"image\/jpeg"}],"twitter_card":"summary_large_image","twitter_misc":{"Tiempo de lectura":"1 minuto"},"schema":{"@context":"https:\/\/schema.org","@graph":[{"@type":"WebPage","@id":"https:\/\/www.omrserrature.it\/es\/producto\/cerradura-de-seguridad-para-mantenimiento-de-maquinas-industriales-cilindro-o25\/","url":"https:\/\/www.omrserrature.it\/es\/producto\/cerradura-de-seguridad-para-mantenimiento-de-maquinas-industriales-cilindro-o25\/","name":"Cerradura de seguridad para mantenimiento de m\u00e1quinas industriales - cilindro \u00d825 - OMR Serrature","isPartOf":{"@id":"https:\/\/www.omrserrature.it\/es\/#website"},"primaryImageOfPage":{"@id":"https:\/\/www.omrserrature.it\/es\/producto\/cerradura-de-seguridad-para-mantenimiento-de-maquinas-industriales-cilindro-o25\/#primaryimage"},"image":{"@id":"https:\/\/www.omrserrature.it\/es\/producto\/cerradura-de-seguridad-para-mantenimiento-de-maquinas-industriales-cilindro-o25\/#primaryimage"},"thumbnailUrl":"https:\/\/www.omrserrature.it\/wp-content\/uploads\/2017\/10\/serratura-blocco-manovra.jpg","datePublished":"2019-01-18T09:50:00+00:00","dateModified":"2026-04-08T10:00:31+00:00","breadcrumb":{"@id":"https:\/\/www.omrserrature.it\/es\/producto\/cerradura-de-seguridad-para-mantenimiento-de-maquinas-industriales-cilindro-o25\/#breadcrumb"},"inLanguage":"es","potentialAction":[{"@type":"ReadAction","target":["https:\/\/www.omrserrature.it\/es\/producto\/cerradura-de-seguridad-para-mantenimiento-de-maquinas-industriales-cilindro-o25\/"]}]},{"@type":"ImageObject","inLanguage":"es","@id":"https:\/\/www.omrserrature.it\/es\/producto\/cerradura-de-seguridad-para-mantenimiento-de-maquinas-industriales-cilindro-o25\/#primaryimage","url":"https:\/\/www.omrserrature.it\/wp-content\/uploads\/2017\/10\/serratura-blocco-manovra.jpg","contentUrl":"https:\/\/www.omrserrature.it\/wp-content\/uploads\/2017\/10\/serratura-blocco-manovra.jpg","width":516,"height":386,"caption":"Di\u00e1metro de la cerradura de maniobra 25"},{"@type":"BreadcrumbList","@id":"https:\/\/www.omrserrature.it\/es\/producto\/cerradura-de-seguridad-para-mantenimiento-de-maquinas-industriales-cilindro-o25\/#breadcrumb","itemListElement":[{"@type":"ListItem","position":1,"name":"Home","item":"https:\/\/www.omrserrature.it\/es\/omr-cerradiras-y-sistemas-de-cierre\/"},{"@type":"ListItem","position":2,"name":"Cat\u00e1logo","item":"https:\/\/www.omrserrature.it\/catalogo\/?lang=es"},{"@type":"ListItem","position":3,"name":"Aplicaciones","item":"https:\/\/www.omrserrature.it\/es\/inventario\/aplicaciones\/"},{"@type":"ListItem","position":4,"name":"Cerraduras para armarios el\u00e9ctricos","item":"https:\/\/www.omrserrature.it\/es\/inventario\/aplicaciones\/cerraduras-para-armarios-electricos\/"},{"@type":"ListItem","position":5,"name":"Cerraduras de maniobra","item":"https:\/\/www.omrserrature.it\/es\/inventario\/aplicaciones\/cerraduras-para-armarios-electricos\/cerraduras-de-maniobra\/"},{"@type":"ListItem","position":6,"name":"Cerradura de seguridad para mantenimiento de m\u00e1quinas industriales &#8211; cilindro \u00d825"}]},{"@type":"WebSite","@id":"https:\/\/www.omrserrature.it\/es\/#website","url":"https:\/\/www.omrserrature.it\/es\/","name":"OMR Serrature | Produzione sistemi di chiusura","description":"Produzione serrature di sicurezza e sistemi di chiusura","publisher":{"@id":"https:\/\/www.omrserrature.it\/es\/#organization"},"potentialAction":[{"@type":"SearchAction","target":{"@type":"EntryPoint","urlTemplate":"https:\/\/www.omrserrature.it\/es\/?s={search_term_string}"},"query-input":{"@type":"PropertyValueSpecification","valueRequired":true,"valueName":"search_term_string"}}],"inLanguage":"es"},{"@type":"Organization","@id":"https:\/\/www.omrserrature.it\/es\/#organization","name":"OMR Serrature | Produzione sistemi di chiusura","url":"https:\/\/www.omrserrature.it\/es\/","logo":{"@type":"ImageObject","inLanguage":"es","@id":"https:\/\/www.omrserrature.it\/es\/#\/schema\/logo\/image\/","url":"https:\/\/www.omrserrature.it\/wp-content\/uploads\/2017\/09\/favicon-omr-114.png","contentUrl":"https:\/\/www.omrserrature.it\/wp-content\/uploads\/2017\/09\/favicon-omr-114.png","width":114,"height":114,"caption":"OMR Serrature | Produzione sistemi di chiusura"},"image":{"@id":"https:\/\/www.omrserrature.it\/es\/#\/schema\/logo\/image\/"},"sameAs":["https:\/\/www.facebook.com\/OMRserrature","https:\/\/www.linkedin.com\/company\/omrserrature\/","https:\/\/www.youtube.com\/channel\/UCxmA85z2R0EpG_6IRokiAkg"]}]}},"_links":{"self":[{"href":"https:\/\/www.omrserrature.it\/es\/wp-json\/wp\/v2\/product\/242163","targetHints":{"allow":["GET"]}}],"collection":[{"href":"https:\/\/www.omrserrature.it\/es\/wp-json\/wp\/v2\/product"}],"about":[{"href":"https:\/\/www.omrserrature.it\/es\/wp-json\/wp\/v2\/types\/product"}],"replies":[{"embeddable":true,"href":"https:\/\/www.omrserrature.it\/es\/wp-json\/wp\/v2\/comments?post=242163"}],"wp:featuredmedia":[{"embeddable":true,"href":"https:\/\/www.omrserrature.it\/es\/wp-json\/wp\/v2\/media\/3675"}],"wp:attachment":[{"href":"https:\/\/www.omrserrature.it\/es\/wp-json\/wp\/v2\/media?parent=242163"}],"wp:term":[{"taxonomy":"product_brand","embeddable":true,"href":"https:\/\/www.omrserrature.it\/es\/wp-json\/wp\/v2\/product_brand?post=242163"},{"taxonomy":"product_cat","embeddable":true,"href":"https:\/\/www.omrserrature.it\/es\/wp-json\/wp\/v2\/product_cat?post=242163"},{"taxonomy":"product_tag","embeddable":true,"href":"https:\/\/www.omrserrature.it\/es\/wp-json\/wp\/v2\/product_tag?post=242163"}],"curies":[{"name":"wp","href":"https:\/\/api.w.org\/{rel}","templated":true}]}}