{"id":242154,"date":"2017-10-16T09:14:21","date_gmt":"2016-10-17T07:14:00","guid":{"rendered":"https:\/\/www.staging6.omrserrature.it\/prodotto\/cerradura-de-seguridad-para-mantenimiento-de-maquinas-industriales-pasador-corto\/"},"modified":"2026-04-08T12:49:20","modified_gmt":"2026-04-08T10:49:20","slug":"cerradura-de-seguridad-para-mantenimiento-de-maquinas-industriales-pasador-corto","status":"publish","type":"product","link":"https:\/\/www.omrserrature.it\/es\/producto\/cerradura-de-seguridad-para-mantenimiento-de-maquinas-industriales-pasador-corto\/","title":{"rendered":"Cerradura de maniobra de pasador reducido"},"content":{"rendered":"<p>La <strong>cerradura de maniobra<\/strong> de pasador reducido de <strong>OMR<\/strong> es un dispositivo de seguridad industrial dise\u00f1ado para <strong>evitar la activaci\u00f3n accidental o no autorizada de maquinaria peligrosa <\/strong>durante el mantenimiento. Con un cilindro de <strong>pernos de lat\u00f3n<\/strong>, un pasador de acero AISI 300 y una carcasa de metal fundido a presi\u00f3n, proporciona resistencia y durabilidad. Esta cerradura est\u00e1 dise\u00f1ada para entornos industriales en los que la seguridad y la visibilidad del operario durante el mantenimiento son cruciales. Es adecuado para <strong>bloquear interruptores, seccionadores y v\u00e1lvulas<\/strong>, y garantiza que<strong> la maquinaria no pueda reactivarse<\/strong> mientras la persona est\u00e9 dentro de la zona de peligro. Este sistema de una sola llave ofrece una soluci\u00f3n sencilla pero eficaz: un dispositivo <strong>esencial para la seguridad laboral<\/strong> en entornos potencialmente peligrosos.    <\/p>\n","protected":false},"excerpt":{"rendered":"<p><strong>La cerradura de maniobra<\/strong> de pasador reducido de <strong>OMR<\/strong> es un dispositivo de <strong>seguridad industrial<\/strong> dise\u00f1ado para <strong>evitar la activaci\u00f3n accidental o no autorizada de maquinaria peligrosa durante el mantenimiento<\/strong>.<\/p>\n","protected":false},"featured_media":3681,"comment_status":"open","ping_status":"closed","template":"","meta":{"_acf_changed":false,"_et_pb_use_builder":"","_et_pb_old_content":"","_et_gb_content_width":""},"product_brand":[],"product_cat":[3891,3936,3941,3884,3880,3905,3895,3892,3893,3929,3987],"product_tag":[],"class_list":{"0":"post-242154","1":"product","2":"type-product","3":"status-publish","4":"has-post-thumbnail","6":"product_cat-cerraduras-de-maniobra","7":"product_cat-cerraduras-de-pasador","8":"product_cat-cerraduras-de-pestillo","9":"product_cat-cerraduras-de-seguridad","10":"product_cat-cerraduras-para-armarios-electricos","11":"product_cat-cerraduras-para-armarios-industriales","12":"product_cat-cerraduras-para-la-industria-electromecanica","13":"product_cat-cerraduras-para-puertas-delanteras-de-armarios","14":"product_cat-cerraduras-para-puertas-laterales","15":"product_cat-productos","16":"product_cat-sistemas-de-cierre-para-la-industria","18":"first","19":"instock","20":"shipping-taxable","21":"purchasable","22":"product-type-variable","23":"has-default-attributes"},"acf":{"pdf1":"https:\/\/www.omrserrature.it\/wp-content\/uploads\/2017\/10\/Scheda-180865.pdf"},"yoast_head":"<!-- This site is optimized with the Yoast SEO plugin v27.2 - https:\/\/yoast.com\/product\/yoast-seo-wordpress\/ -->\n<title>Cerradura de maniobra de pasador reducido - OMR Serrature<\/title>\n<meta name=\"robots\" content=\"index, follow, max-snippet:-1, max-image-preview:large, max-video-preview:-1\" \/>\n<link rel=\"canonical\" href=\"https:\/\/www.omrserrature.it\/es\/producto\/cerradura-de-seguridad-para-mantenimiento-de-maquinas-industriales-pasador-corto\/\" \/>\n<meta property=\"og:locale\" content=\"es_ES\" \/>\n<meta property=\"og:type\" content=\"article\" \/>\n<meta property=\"og:title\" content=\"Cerradura de maniobra de pasador reducido - OMR Serrature\" \/>\n<meta property=\"og:description\" content=\"La cerradura de maniobra de pasador reducido de OMR es un dispositivo de seguridad industrial dise\u00f1ado para evitar la activaci\u00f3n accidental o no autorizada de maquinaria peligrosa durante el mantenimiento.\" \/>\n<meta property=\"og:url\" content=\"https:\/\/www.omrserrature.it\/es\/producto\/cerradura-de-seguridad-para-mantenimiento-de-maquinas-industriales-pasador-corto\/\" \/>\n<meta property=\"og:site_name\" content=\"OMR Serrature | Produzione sistemi di chiusura\" \/>\n<meta property=\"article:publisher\" content=\"https:\/\/www.facebook.com\/OMRserrature\" \/>\n<meta property=\"article:modified_time\" content=\"2026-04-08T10:49:20+00:00\" \/>\n<meta property=\"og:image\" content=\"https:\/\/www.omrserrature.it\/wp-content\/uploads\/2017\/10\/serratura-blocco-manovra-paletto-ridotto.jpg\" \/>\n\t<meta property=\"og:image:width\" content=\"547\" \/>\n\t<meta property=\"og:image:height\" content=\"400\" \/>\n\t<meta property=\"og:image:type\" content=\"image\/jpeg\" \/>\n<meta name=\"twitter:card\" content=\"summary_large_image\" \/>\n<meta name=\"twitter:label1\" content=\"Tiempo de lectura\" \/>\n\t<meta name=\"twitter:data1\" content=\"1 minuto\" \/>\n<script type=\"application\/ld+json\" class=\"yoast-schema-graph\">{\"@context\":\"https:\/\/schema.org\",\"@graph\":[{\"@type\":\"WebPage\",\"@id\":\"https:\/\/www.omrserrature.it\/es\/producto\/cerradura-de-seguridad-para-mantenimiento-de-maquinas-industriales-pasador-corto\/\",\"url\":\"https:\/\/www.omrserrature.it\/es\/producto\/cerradura-de-seguridad-para-mantenimiento-de-maquinas-industriales-pasador-corto\/\",\"name\":\"Cerradura de maniobra de pasador reducido - OMR Serrature\",\"isPartOf\":{\"@id\":\"https:\/\/www.omrserrature.it\/es\/#website\"},\"primaryImageOfPage\":{\"@id\":\"https:\/\/www.omrserrature.it\/es\/producto\/cerradura-de-seguridad-para-mantenimiento-de-maquinas-industriales-pasador-corto\/#primaryimage\"},\"image\":{\"@id\":\"https:\/\/www.omrserrature.it\/es\/producto\/cerradura-de-seguridad-para-mantenimiento-de-maquinas-industriales-pasador-corto\/#primaryimage\"},\"thumbnailUrl\":\"https:\/\/www.omrserrature.it\/wp-content\/uploads\/2017\/10\/serratura-blocco-manovra-paletto-ridotto.jpg\",\"datePublished\":\"2016-10-17T07:14:00+00:00\",\"dateModified\":\"2026-04-08T10:49:20+00:00\",\"breadcrumb\":{\"@id\":\"https:\/\/www.omrserrature.it\/es\/producto\/cerradura-de-seguridad-para-mantenimiento-de-maquinas-industriales-pasador-corto\/#breadcrumb\"},\"inLanguage\":\"es\",\"potentialAction\":[{\"@type\":\"ReadAction\",\"target\":[\"https:\/\/www.omrserrature.it\/es\/producto\/cerradura-de-seguridad-para-mantenimiento-de-maquinas-industriales-pasador-corto\/\"]}]},{\"@type\":\"ImageObject\",\"inLanguage\":\"es\",\"@id\":\"https:\/\/www.omrserrature.it\/es\/producto\/cerradura-de-seguridad-para-mantenimiento-de-maquinas-industriales-pasador-corto\/#primaryimage\",\"url\":\"https:\/\/www.omrserrature.it\/wp-content\/uploads\/2017\/10\/serratura-blocco-manovra-paletto-ridotto.jpg\",\"contentUrl\":\"https:\/\/www.omrserrature.it\/wp-content\/uploads\/2017\/10\/serratura-blocco-manovra-paletto-ridotto.jpg\",\"width\":547,\"height\":400,\"caption\":\"Cerradura de maniobra de pasador reducido - cerraduras de palanca\"},{\"@type\":\"BreadcrumbList\",\"@id\":\"https:\/\/www.omrserrature.it\/es\/producto\/cerradura-de-seguridad-para-mantenimiento-de-maquinas-industriales-pasador-corto\/#breadcrumb\",\"itemListElement\":[{\"@type\":\"ListItem\",\"position\":1,\"name\":\"Home\",\"item\":\"https:\/\/www.omrserrature.it\/es\/omr-cerradiras-y-sistemas-de-cierre\/\"},{\"@type\":\"ListItem\",\"position\":2,\"name\":\"Cat\u00e1logo\",\"item\":\"https:\/\/www.omrserrature.it\/catalogo\/?lang=es\"},{\"@type\":\"ListItem\",\"position\":3,\"name\":\"Productos\",\"item\":\"https:\/\/www.omrserrature.it\/es\/inventario\/productos\/\"},{\"@type\":\"ListItem\",\"position\":4,\"name\":\"Cerradura de maniobra de pasador reducido\"}]},{\"@type\":\"WebSite\",\"@id\":\"https:\/\/www.omrserrature.it\/es\/#website\",\"url\":\"https:\/\/www.omrserrature.it\/es\/\",\"name\":\"OMR Serrature | Produzione sistemi di chiusura\",\"description\":\"Produzione serrature di sicurezza e sistemi di chiusura\",\"publisher\":{\"@id\":\"https:\/\/www.omrserrature.it\/es\/#organization\"},\"potentialAction\":[{\"@type\":\"SearchAction\",\"target\":{\"@type\":\"EntryPoint\",\"urlTemplate\":\"https:\/\/www.omrserrature.it\/es\/?s={search_term_string}\"},\"query-input\":{\"@type\":\"PropertyValueSpecification\",\"valueRequired\":true,\"valueName\":\"search_term_string\"}}],\"inLanguage\":\"es\"},{\"@type\":\"Organization\",\"@id\":\"https:\/\/www.omrserrature.it\/es\/#organization\",\"name\":\"OMR Serrature | Produzione sistemi di chiusura\",\"url\":\"https:\/\/www.omrserrature.it\/es\/\",\"logo\":{\"@type\":\"ImageObject\",\"inLanguage\":\"es\",\"@id\":\"https:\/\/www.omrserrature.it\/es\/#\/schema\/logo\/image\/\",\"url\":\"https:\/\/www.omrserrature.it\/wp-content\/uploads\/2017\/09\/favicon-omr-114.png\",\"contentUrl\":\"https:\/\/www.omrserrature.it\/wp-content\/uploads\/2017\/09\/favicon-omr-114.png\",\"width\":114,\"height\":114,\"caption\":\"OMR Serrature | Produzione sistemi di chiusura\"},\"image\":{\"@id\":\"https:\/\/www.omrserrature.it\/es\/#\/schema\/logo\/image\/\"},\"sameAs\":[\"https:\/\/www.facebook.com\/OMRserrature\",\"https:\/\/www.linkedin.com\/company\/omrserrature\/\",\"https:\/\/www.youtube.com\/channel\/UCxmA85z2R0EpG_6IRokiAkg\"]}]}<\/script>\n<!-- \/ Yoast SEO plugin. -->","yoast_head_json":{"title":"Cerradura de maniobra de pasador reducido - OMR Serrature","robots":{"index":"index","follow":"follow","max-snippet":"max-snippet:-1","max-image-preview":"max-image-preview:large","max-video-preview":"max-video-preview:-1"},"canonical":"https:\/\/www.omrserrature.it\/es\/producto\/cerradura-de-seguridad-para-mantenimiento-de-maquinas-industriales-pasador-corto\/","og_locale":"es_ES","og_type":"article","og_title":"Cerradura de maniobra de pasador reducido - OMR Serrature","og_description":"La cerradura de maniobra de pasador reducido de OMR es un dispositivo de seguridad industrial dise\u00f1ado para evitar la activaci\u00f3n accidental o no autorizada de maquinaria peligrosa durante el mantenimiento.","og_url":"https:\/\/www.omrserrature.it\/es\/producto\/cerradura-de-seguridad-para-mantenimiento-de-maquinas-industriales-pasador-corto\/","og_site_name":"OMR Serrature | Produzione sistemi di chiusura","article_publisher":"https:\/\/www.facebook.com\/OMRserrature","article_modified_time":"2026-04-08T10:49:20+00:00","og_image":[{"width":547,"height":400,"url":"https:\/\/www.omrserrature.it\/wp-content\/uploads\/2017\/10\/serratura-blocco-manovra-paletto-ridotto.jpg","type":"image\/jpeg"}],"twitter_card":"summary_large_image","twitter_misc":{"Tiempo de lectura":"1 minuto"},"schema":{"@context":"https:\/\/schema.org","@graph":[{"@type":"WebPage","@id":"https:\/\/www.omrserrature.it\/es\/producto\/cerradura-de-seguridad-para-mantenimiento-de-maquinas-industriales-pasador-corto\/","url":"https:\/\/www.omrserrature.it\/es\/producto\/cerradura-de-seguridad-para-mantenimiento-de-maquinas-industriales-pasador-corto\/","name":"Cerradura de maniobra de pasador reducido - OMR Serrature","isPartOf":{"@id":"https:\/\/www.omrserrature.it\/es\/#website"},"primaryImageOfPage":{"@id":"https:\/\/www.omrserrature.it\/es\/producto\/cerradura-de-seguridad-para-mantenimiento-de-maquinas-industriales-pasador-corto\/#primaryimage"},"image":{"@id":"https:\/\/www.omrserrature.it\/es\/producto\/cerradura-de-seguridad-para-mantenimiento-de-maquinas-industriales-pasador-corto\/#primaryimage"},"thumbnailUrl":"https:\/\/www.omrserrature.it\/wp-content\/uploads\/2017\/10\/serratura-blocco-manovra-paletto-ridotto.jpg","datePublished":"2016-10-17T07:14:00+00:00","dateModified":"2026-04-08T10:49:20+00:00","breadcrumb":{"@id":"https:\/\/www.omrserrature.it\/es\/producto\/cerradura-de-seguridad-para-mantenimiento-de-maquinas-industriales-pasador-corto\/#breadcrumb"},"inLanguage":"es","potentialAction":[{"@type":"ReadAction","target":["https:\/\/www.omrserrature.it\/es\/producto\/cerradura-de-seguridad-para-mantenimiento-de-maquinas-industriales-pasador-corto\/"]}]},{"@type":"ImageObject","inLanguage":"es","@id":"https:\/\/www.omrserrature.it\/es\/producto\/cerradura-de-seguridad-para-mantenimiento-de-maquinas-industriales-pasador-corto\/#primaryimage","url":"https:\/\/www.omrserrature.it\/wp-content\/uploads\/2017\/10\/serratura-blocco-manovra-paletto-ridotto.jpg","contentUrl":"https:\/\/www.omrserrature.it\/wp-content\/uploads\/2017\/10\/serratura-blocco-manovra-paletto-ridotto.jpg","width":547,"height":400,"caption":"Cerradura de maniobra de pasador reducido - cerraduras de palanca"},{"@type":"BreadcrumbList","@id":"https:\/\/www.omrserrature.it\/es\/producto\/cerradura-de-seguridad-para-mantenimiento-de-maquinas-industriales-pasador-corto\/#breadcrumb","itemListElement":[{"@type":"ListItem","position":1,"name":"Home","item":"https:\/\/www.omrserrature.it\/es\/omr-cerradiras-y-sistemas-de-cierre\/"},{"@type":"ListItem","position":2,"name":"Cat\u00e1logo","item":"https:\/\/www.omrserrature.it\/catalogo\/?lang=es"},{"@type":"ListItem","position":3,"name":"Productos","item":"https:\/\/www.omrserrature.it\/es\/inventario\/productos\/"},{"@type":"ListItem","position":4,"name":"Cerradura de maniobra de pasador reducido"}]},{"@type":"WebSite","@id":"https:\/\/www.omrserrature.it\/es\/#website","url":"https:\/\/www.omrserrature.it\/es\/","name":"OMR Serrature | Produzione sistemi di chiusura","description":"Produzione serrature di sicurezza e sistemi di chiusura","publisher":{"@id":"https:\/\/www.omrserrature.it\/es\/#organization"},"potentialAction":[{"@type":"SearchAction","target":{"@type":"EntryPoint","urlTemplate":"https:\/\/www.omrserrature.it\/es\/?s={search_term_string}"},"query-input":{"@type":"PropertyValueSpecification","valueRequired":true,"valueName":"search_term_string"}}],"inLanguage":"es"},{"@type":"Organization","@id":"https:\/\/www.omrserrature.it\/es\/#organization","name":"OMR Serrature | Produzione sistemi di chiusura","url":"https:\/\/www.omrserrature.it\/es\/","logo":{"@type":"ImageObject","inLanguage":"es","@id":"https:\/\/www.omrserrature.it\/es\/#\/schema\/logo\/image\/","url":"https:\/\/www.omrserrature.it\/wp-content\/uploads\/2017\/09\/favicon-omr-114.png","contentUrl":"https:\/\/www.omrserrature.it\/wp-content\/uploads\/2017\/09\/favicon-omr-114.png","width":114,"height":114,"caption":"OMR Serrature | Produzione sistemi di chiusura"},"image":{"@id":"https:\/\/www.omrserrature.it\/es\/#\/schema\/logo\/image\/"},"sameAs":["https:\/\/www.facebook.com\/OMRserrature","https:\/\/www.linkedin.com\/company\/omrserrature\/","https:\/\/www.youtube.com\/channel\/UCxmA85z2R0EpG_6IRokiAkg"]}]}},"_links":{"self":[{"href":"https:\/\/www.omrserrature.it\/es\/wp-json\/wp\/v2\/product\/242154","targetHints":{"allow":["GET"]}}],"collection":[{"href":"https:\/\/www.omrserrature.it\/es\/wp-json\/wp\/v2\/product"}],"about":[{"href":"https:\/\/www.omrserrature.it\/es\/wp-json\/wp\/v2\/types\/product"}],"replies":[{"embeddable":true,"href":"https:\/\/www.omrserrature.it\/es\/wp-json\/wp\/v2\/comments?post=242154"}],"wp:featuredmedia":[{"embeddable":true,"href":"https:\/\/www.omrserrature.it\/es\/wp-json\/wp\/v2\/media\/3681"}],"wp:attachment":[{"href":"https:\/\/www.omrserrature.it\/es\/wp-json\/wp\/v2\/media?parent=242154"}],"wp:term":[{"taxonomy":"product_brand","embeddable":true,"href":"https:\/\/www.omrserrature.it\/es\/wp-json\/wp\/v2\/product_brand?post=242154"},{"taxonomy":"product_cat","embeddable":true,"href":"https:\/\/www.omrserrature.it\/es\/wp-json\/wp\/v2\/product_cat?post=242154"},{"taxonomy":"product_tag","embeddable":true,"href":"https:\/\/www.omrserrature.it\/es\/wp-json\/wp\/v2\/product_tag?post=242154"}],"curies":[{"name":"wp","href":"https:\/\/api.w.org\/{rel}","templated":true}]}}