{"id":242096,"date":"2017-10-13T17:51:29","date_gmt":"2013-10-17T15:51:00","guid":{"rendered":"https:\/\/www.staging6.omrserrature.it\/prodotto\/cerradura-de-varillas-giratorias-con-llave-antigua\/"},"modified":"2026-04-08T12:49:16","modified_gmt":"2026-04-08T10:49:16","slug":"cerradura-de-varillas-giratorias-con-llave-antigua","status":"publish","type":"product","link":"https:\/\/www.omrserrature.it\/es\/producto\/cerradura-de-varillas-giratorias-con-llave-antigua\/","title":{"rendered":"Cerradura de varillas giratorias con llave antigua"},"content":{"rendered":"<p><strong>La cerradura de varillas giratorias<\/strong> espa\u00f1oleta con llave antigua (llave con mapa \u00fanico) permite <strong>el cierre m\u00faltiple<\/strong> (3 puntos) <strong>y centralizado<\/strong> mediante el movimiento de las varillas y el pestillo lateral. La particularidad reside en el movimiento de las varillas, que no es por traslaci\u00f3n (arriba\/abajo), sino por rotaci\u00f3n, lo que garantiza <strong>una mayor resistencia y una ligera compresi\u00f3n de la puerta<\/strong> al cerrarse. En el extremo de la varilla van montados unos ganchos que, al girar y accionarse con la llave, encajan con los pernos de los travesa\u00f1os del armario. <\/p>\n<p>Toda la estructura de la cerradura es de aleaci\u00f3n de zinc, con un <strong>mecanismo de<\/strong> palanca en su interior. La cerradura se compone de una serie de accesorios: varillas semicirculares, ganchos superior e inferior, pasadores ajustables, pernos en U, gu\u00edas de varilla, arandelas. La Cerradura de varillas giratorias con llaves de leva se suele utilizar en<strong> muebles antiguos, cl\u00e1sicos o de arte povera.<\/strong><\/p>\n","protected":false},"excerpt":{"rendered":"<p><strong>La cerradura de varillas giratorias<\/strong> espa\u00f1oleta con llave antigua (llave con mapa \u00fanico) permite <strong>el cierre m\u00faltiple<\/strong> (3 puntos) <strong>y centralizado<\/strong> mediante el movimiento de las varillas y el pestillo lateral.<\/p>\n","protected":false},"featured_media":3651,"comment_status":"open","ping_status":"closed","template":"","meta":{"_acf_changed":false,"_et_pb_use_builder":"","_et_pb_old_content":"","_et_gb_content_width":""},"product_brand":[],"product_cat":[3926,3890,3882,3998,3938,3901,3904,3888],"product_tag":[],"class_list":{"0":"post-242096","1":"product","2":"type-product","3":"status-publish","4":"has-post-thumbnail","6":"product_cat-batiente","7":"product_cat-cerradura-de-armario-conforme-a-gdpr","8":"product_cat-cerraduras-de-armarios","9":"product_cat-cerraduras-de-puertas-2","10":"product_cat-cerraduras-de-varillas-giratorias","11":"product_cat-cerraduras-para-armarios-de-epi","12":"product_cat-cerraduras-para-armarios-fitosanitarios","13":"product_cat-cerraduras-para-muebles","15":"first","16":"instock","17":"shipping-taxable","18":"purchasable","19":"product-type-simple"},"acf":{"pdf1":"https:\/\/www.omrserrature.it\/wp-content\/uploads\/schede\/Scheda_240410.pdf"},"yoast_head":"<!-- This site is optimized with the Yoast SEO plugin v27.2 - https:\/\/yoast.com\/product\/yoast-seo-wordpress\/ -->\n<title>Cerradura de varillas giratorias con llave antigua - OMR Serrature<\/title>\n<meta name=\"description\" content=\"La espa\u00f1oleta de varillas giratorias con llave antigua permite un cierre m\u00faltiple (3 puntos) y centralizado mediante los ganchos de las varillas y el pestillo.\" \/>\n<meta name=\"robots\" content=\"index, follow, max-snippet:-1, max-image-preview:large, max-video-preview:-1\" \/>\n<link rel=\"canonical\" href=\"https:\/\/www.omrserrature.it\/es\/producto\/cerradura-de-varillas-giratorias-con-llave-antigua\/\" \/>\n<meta property=\"og:locale\" content=\"es_ES\" \/>\n<meta property=\"og:type\" content=\"article\" \/>\n<meta property=\"og:title\" content=\"Cerradura de varillas giratorias con llave antigua - OMR Serrature\" \/>\n<meta property=\"og:description\" content=\"La espa\u00f1oleta de varillas giratorias con llave antigua permite un cierre m\u00faltiple (3 puntos) y centralizado mediante los ganchos de las varillas y el pestillo.\" \/>\n<meta property=\"og:url\" content=\"https:\/\/www.omrserrature.it\/es\/producto\/cerradura-de-varillas-giratorias-con-llave-antigua\/\" \/>\n<meta property=\"og:site_name\" content=\"OMR Serrature | Produzione sistemi di chiusura\" \/>\n<meta property=\"article:publisher\" content=\"https:\/\/www.facebook.com\/OMRserrature\" \/>\n<meta property=\"article:modified_time\" content=\"2026-04-08T10:49:16+00:00\" \/>\n<meta property=\"og:image\" content=\"https:\/\/www.omrserrature.it\/wp-content\/uploads\/2017\/10\/serratura-aste-rotanti-chiave-leva.jpg\" \/>\n\t<meta property=\"og:image:width\" content=\"210\" \/>\n\t<meta property=\"og:image:height\" content=\"414\" \/>\n\t<meta property=\"og:image:type\" content=\"image\/jpeg\" \/>\n<meta name=\"twitter:card\" content=\"summary_large_image\" \/>\n<meta name=\"twitter:label1\" content=\"Tiempo de lectura\" \/>\n\t<meta name=\"twitter:data1\" content=\"1 minuto\" \/>\n<script type=\"application\/ld+json\" class=\"yoast-schema-graph\">{\"@context\":\"https:\/\/schema.org\",\"@graph\":[{\"@type\":\"WebPage\",\"@id\":\"https:\/\/www.omrserrature.it\/es\/producto\/cerradura-de-varillas-giratorias-con-llave-antigua\/\",\"url\":\"https:\/\/www.omrserrature.it\/es\/producto\/cerradura-de-varillas-giratorias-con-llave-antigua\/\",\"name\":\"Cerradura de varillas giratorias con llave antigua - OMR Serrature\",\"isPartOf\":{\"@id\":\"https:\/\/www.omrserrature.it\/es\/#website\"},\"primaryImageOfPage\":{\"@id\":\"https:\/\/www.omrserrature.it\/es\/producto\/cerradura-de-varillas-giratorias-con-llave-antigua\/#primaryimage\"},\"image\":{\"@id\":\"https:\/\/www.omrserrature.it\/es\/producto\/cerradura-de-varillas-giratorias-con-llave-antigua\/#primaryimage\"},\"thumbnailUrl\":\"https:\/\/www.omrserrature.it\/wp-content\/uploads\/2017\/10\/serratura-aste-rotanti-chiave-leva.jpg\",\"datePublished\":\"2013-10-17T15:51:00+00:00\",\"dateModified\":\"2026-04-08T10:49:16+00:00\",\"description\":\"La espa\u00f1oleta de varillas giratorias con llave antigua permite un cierre m\u00faltiple (3 puntos) y centralizado mediante los ganchos de las varillas y el pestillo.\",\"breadcrumb\":{\"@id\":\"https:\/\/www.omrserrature.it\/es\/producto\/cerradura-de-varillas-giratorias-con-llave-antigua\/#breadcrumb\"},\"inLanguage\":\"es\",\"potentialAction\":[{\"@type\":\"ReadAction\",\"target\":[\"https:\/\/www.omrserrature.it\/es\/producto\/cerradura-de-varillas-giratorias-con-llave-antigua\/\"]}]},{\"@type\":\"ImageObject\",\"inLanguage\":\"es\",\"@id\":\"https:\/\/www.omrserrature.it\/es\/producto\/cerradura-de-varillas-giratorias-con-llave-antigua\/#primaryimage\",\"url\":\"https:\/\/www.omrserrature.it\/wp-content\/uploads\/2017\/10\/serratura-aste-rotanti-chiave-leva.jpg\",\"contentUrl\":\"https:\/\/www.omrserrature.it\/wp-content\/uploads\/2017\/10\/serratura-aste-rotanti-chiave-leva.jpg\",\"width\":210,\"height\":414,\"caption\":\"Cerradura de llaves de leva antigua, color neutro, cerraduras arte povera\"},{\"@type\":\"BreadcrumbList\",\"@id\":\"https:\/\/www.omrserrature.it\/es\/producto\/cerradura-de-varillas-giratorias-con-llave-antigua\/#breadcrumb\",\"itemListElement\":[{\"@type\":\"ListItem\",\"position\":1,\"name\":\"Home\",\"item\":\"https:\/\/www.omrserrature.it\/es\/omr-cerradiras-y-sistemas-de-cierre\/\"},{\"@type\":\"ListItem\",\"position\":2,\"name\":\"Cat\u00e1logo\",\"item\":\"https:\/\/www.omrserrature.it\/catalogo\/?lang=es\"},{\"@type\":\"ListItem\",\"position\":3,\"name\":\"Productos\",\"item\":\"https:\/\/www.omrserrature.it\/es\/inventario\/productos\/\"},{\"@type\":\"ListItem\",\"position\":4,\"name\":\"Cerraduras\",\"item\":\"https:\/\/www.omrserrature.it\/es\/inventario\/productos\/cerraduras\/\"},{\"@type\":\"ListItem\",\"position\":5,\"name\":\"Cerraduras de varillas giratorias\",\"item\":\"https:\/\/www.omrserrature.it\/es\/inventario\/productos\/cerraduras\/cerraduras-de-varillas-giratorias\/\"},{\"@type\":\"ListItem\",\"position\":6,\"name\":\"Cerradura de varillas giratorias con llave antigua\"}]},{\"@type\":\"WebSite\",\"@id\":\"https:\/\/www.omrserrature.it\/es\/#website\",\"url\":\"https:\/\/www.omrserrature.it\/es\/\",\"name\":\"OMR Serrature | Produzione sistemi di chiusura\",\"description\":\"Produzione serrature di sicurezza e sistemi di chiusura\",\"publisher\":{\"@id\":\"https:\/\/www.omrserrature.it\/es\/#organization\"},\"potentialAction\":[{\"@type\":\"SearchAction\",\"target\":{\"@type\":\"EntryPoint\",\"urlTemplate\":\"https:\/\/www.omrserrature.it\/es\/?s={search_term_string}\"},\"query-input\":{\"@type\":\"PropertyValueSpecification\",\"valueRequired\":true,\"valueName\":\"search_term_string\"}}],\"inLanguage\":\"es\"},{\"@type\":\"Organization\",\"@id\":\"https:\/\/www.omrserrature.it\/es\/#organization\",\"name\":\"OMR Serrature | Produzione sistemi di chiusura\",\"url\":\"https:\/\/www.omrserrature.it\/es\/\",\"logo\":{\"@type\":\"ImageObject\",\"inLanguage\":\"es\",\"@id\":\"https:\/\/www.omrserrature.it\/es\/#\/schema\/logo\/image\/\",\"url\":\"https:\/\/www.omrserrature.it\/wp-content\/uploads\/2017\/09\/favicon-omr-114.png\",\"contentUrl\":\"https:\/\/www.omrserrature.it\/wp-content\/uploads\/2017\/09\/favicon-omr-114.png\",\"width\":114,\"height\":114,\"caption\":\"OMR Serrature | Produzione sistemi di chiusura\"},\"image\":{\"@id\":\"https:\/\/www.omrserrature.it\/es\/#\/schema\/logo\/image\/\"},\"sameAs\":[\"https:\/\/www.facebook.com\/OMRserrature\",\"https:\/\/www.linkedin.com\/company\/omrserrature\/\",\"https:\/\/www.youtube.com\/channel\/UCxmA85z2R0EpG_6IRokiAkg\"]}]}<\/script>\n<!-- \/ Yoast SEO plugin. -->","yoast_head_json":{"title":"Cerradura de varillas giratorias con llave antigua - OMR Serrature","description":"La espa\u00f1oleta de varillas giratorias con llave antigua permite un cierre m\u00faltiple (3 puntos) y centralizado mediante los ganchos de las varillas y el pestillo.","robots":{"index":"index","follow":"follow","max-snippet":"max-snippet:-1","max-image-preview":"max-image-preview:large","max-video-preview":"max-video-preview:-1"},"canonical":"https:\/\/www.omrserrature.it\/es\/producto\/cerradura-de-varillas-giratorias-con-llave-antigua\/","og_locale":"es_ES","og_type":"article","og_title":"Cerradura de varillas giratorias con llave antigua - OMR Serrature","og_description":"La espa\u00f1oleta de varillas giratorias con llave antigua permite un cierre m\u00faltiple (3 puntos) y centralizado mediante los ganchos de las varillas y el pestillo.","og_url":"https:\/\/www.omrserrature.it\/es\/producto\/cerradura-de-varillas-giratorias-con-llave-antigua\/","og_site_name":"OMR Serrature | Produzione sistemi di chiusura","article_publisher":"https:\/\/www.facebook.com\/OMRserrature","article_modified_time":"2026-04-08T10:49:16+00:00","og_image":[{"width":210,"height":414,"url":"https:\/\/www.omrserrature.it\/wp-content\/uploads\/2017\/10\/serratura-aste-rotanti-chiave-leva.jpg","type":"image\/jpeg"}],"twitter_card":"summary_large_image","twitter_misc":{"Tiempo de lectura":"1 minuto"},"schema":{"@context":"https:\/\/schema.org","@graph":[{"@type":"WebPage","@id":"https:\/\/www.omrserrature.it\/es\/producto\/cerradura-de-varillas-giratorias-con-llave-antigua\/","url":"https:\/\/www.omrserrature.it\/es\/producto\/cerradura-de-varillas-giratorias-con-llave-antigua\/","name":"Cerradura de varillas giratorias con llave antigua - OMR Serrature","isPartOf":{"@id":"https:\/\/www.omrserrature.it\/es\/#website"},"primaryImageOfPage":{"@id":"https:\/\/www.omrserrature.it\/es\/producto\/cerradura-de-varillas-giratorias-con-llave-antigua\/#primaryimage"},"image":{"@id":"https:\/\/www.omrserrature.it\/es\/producto\/cerradura-de-varillas-giratorias-con-llave-antigua\/#primaryimage"},"thumbnailUrl":"https:\/\/www.omrserrature.it\/wp-content\/uploads\/2017\/10\/serratura-aste-rotanti-chiave-leva.jpg","datePublished":"2013-10-17T15:51:00+00:00","dateModified":"2026-04-08T10:49:16+00:00","description":"La espa\u00f1oleta de varillas giratorias con llave antigua permite un cierre m\u00faltiple (3 puntos) y centralizado mediante los ganchos de las varillas y el pestillo.","breadcrumb":{"@id":"https:\/\/www.omrserrature.it\/es\/producto\/cerradura-de-varillas-giratorias-con-llave-antigua\/#breadcrumb"},"inLanguage":"es","potentialAction":[{"@type":"ReadAction","target":["https:\/\/www.omrserrature.it\/es\/producto\/cerradura-de-varillas-giratorias-con-llave-antigua\/"]}]},{"@type":"ImageObject","inLanguage":"es","@id":"https:\/\/www.omrserrature.it\/es\/producto\/cerradura-de-varillas-giratorias-con-llave-antigua\/#primaryimage","url":"https:\/\/www.omrserrature.it\/wp-content\/uploads\/2017\/10\/serratura-aste-rotanti-chiave-leva.jpg","contentUrl":"https:\/\/www.omrserrature.it\/wp-content\/uploads\/2017\/10\/serratura-aste-rotanti-chiave-leva.jpg","width":210,"height":414,"caption":"Cerradura de llaves de leva antigua, color neutro, cerraduras arte povera"},{"@type":"BreadcrumbList","@id":"https:\/\/www.omrserrature.it\/es\/producto\/cerradura-de-varillas-giratorias-con-llave-antigua\/#breadcrumb","itemListElement":[{"@type":"ListItem","position":1,"name":"Home","item":"https:\/\/www.omrserrature.it\/es\/omr-cerradiras-y-sistemas-de-cierre\/"},{"@type":"ListItem","position":2,"name":"Cat\u00e1logo","item":"https:\/\/www.omrserrature.it\/catalogo\/?lang=es"},{"@type":"ListItem","position":3,"name":"Productos","item":"https:\/\/www.omrserrature.it\/es\/inventario\/productos\/"},{"@type":"ListItem","position":4,"name":"Cerraduras","item":"https:\/\/www.omrserrature.it\/es\/inventario\/productos\/cerraduras\/"},{"@type":"ListItem","position":5,"name":"Cerraduras de varillas giratorias","item":"https:\/\/www.omrserrature.it\/es\/inventario\/productos\/cerraduras\/cerraduras-de-varillas-giratorias\/"},{"@type":"ListItem","position":6,"name":"Cerradura de varillas giratorias con llave antigua"}]},{"@type":"WebSite","@id":"https:\/\/www.omrserrature.it\/es\/#website","url":"https:\/\/www.omrserrature.it\/es\/","name":"OMR Serrature | Produzione sistemi di chiusura","description":"Produzione serrature di sicurezza e sistemi di chiusura","publisher":{"@id":"https:\/\/www.omrserrature.it\/es\/#organization"},"potentialAction":[{"@type":"SearchAction","target":{"@type":"EntryPoint","urlTemplate":"https:\/\/www.omrserrature.it\/es\/?s={search_term_string}"},"query-input":{"@type":"PropertyValueSpecification","valueRequired":true,"valueName":"search_term_string"}}],"inLanguage":"es"},{"@type":"Organization","@id":"https:\/\/www.omrserrature.it\/es\/#organization","name":"OMR Serrature | Produzione sistemi di chiusura","url":"https:\/\/www.omrserrature.it\/es\/","logo":{"@type":"ImageObject","inLanguage":"es","@id":"https:\/\/www.omrserrature.it\/es\/#\/schema\/logo\/image\/","url":"https:\/\/www.omrserrature.it\/wp-content\/uploads\/2017\/09\/favicon-omr-114.png","contentUrl":"https:\/\/www.omrserrature.it\/wp-content\/uploads\/2017\/09\/favicon-omr-114.png","width":114,"height":114,"caption":"OMR Serrature | Produzione sistemi di chiusura"},"image":{"@id":"https:\/\/www.omrserrature.it\/es\/#\/schema\/logo\/image\/"},"sameAs":["https:\/\/www.facebook.com\/OMRserrature","https:\/\/www.linkedin.com\/company\/omrserrature\/","https:\/\/www.youtube.com\/channel\/UCxmA85z2R0EpG_6IRokiAkg"]}]}},"_links":{"self":[{"href":"https:\/\/www.omrserrature.it\/es\/wp-json\/wp\/v2\/product\/242096","targetHints":{"allow":["GET"]}}],"collection":[{"href":"https:\/\/www.omrserrature.it\/es\/wp-json\/wp\/v2\/product"}],"about":[{"href":"https:\/\/www.omrserrature.it\/es\/wp-json\/wp\/v2\/types\/product"}],"replies":[{"embeddable":true,"href":"https:\/\/www.omrserrature.it\/es\/wp-json\/wp\/v2\/comments?post=242096"}],"wp:featuredmedia":[{"embeddable":true,"href":"https:\/\/www.omrserrature.it\/es\/wp-json\/wp\/v2\/media\/3651"}],"wp:attachment":[{"href":"https:\/\/www.omrserrature.it\/es\/wp-json\/wp\/v2\/media?parent=242096"}],"wp:term":[{"taxonomy":"product_brand","embeddable":true,"href":"https:\/\/www.omrserrature.it\/es\/wp-json\/wp\/v2\/product_brand?post=242096"},{"taxonomy":"product_cat","embeddable":true,"href":"https:\/\/www.omrserrature.it\/es\/wp-json\/wp\/v2\/product_cat?post=242096"},{"taxonomy":"product_tag","embeddable":true,"href":"https:\/\/www.omrserrature.it\/es\/wp-json\/wp\/v2\/product_tag?post=242096"}],"curies":[{"name":"wp","href":"https:\/\/api.w.org\/{rel}","templated":true}]}}