{"id":242091,"date":"2017-10-13T17:38:12","date_gmt":"2013-10-17T15:38:00","guid":{"rendered":"https:\/\/www.staging6.omrserrature.it\/prodotto\/cerradura-de-varillas-giratorias\/"},"modified":"2026-04-08T12:49:09","modified_gmt":"2026-04-08T10:49:09","slug":"cerradura-de-varillas-giratorias","status":"publish","type":"product","link":"https:\/\/www.omrserrature.it\/es\/producto\/cerradura-de-varillas-giratorias\/","title":{"rendered":"Cerradura de varillas giratorias"},"content":{"rendered":"<p>La <strong>Cerradura de varillas giratorias<\/strong>, tambi\u00e9n conocida como cerradura <strong>de falleba<\/strong>, permite el <strong>cierre m\u00faltiple<\/strong> (2 puntos) <strong>y centralizado<\/strong> de armarios de puertas altas. El movimiento de las varillas no es por traslaci\u00f3n (arriba\/abajo), sino por rotaci\u00f3n, lo que garantiza <strong>una mayor resistencia y una ligera compresi\u00f3n de la puerta<\/strong> al cerrarse. En los extremos de las varillas van montados ganchos que, al girar con la llave, encajan en los pernos de los travesa\u00f1os del armario.  <\/p>\n<p>Toda la estructura de la cerradura est\u00e1 hecha de una aleaci\u00f3n de zinc, y est\u00e1 equipada con un <strong>bombin de l\u00e1minas<\/strong>. La cerradura se compone de una serie de accesorios: varillas semicirculares, ganchos superior e inferior, pasadores ajustables, pernos en U, gu\u00edas de varilla, arandelas. La llave est\u00e1 fabricada en lat\u00f3n niquelado y puede equiparse con un mango de pl\u00e1stico plegable o abatible en varios colores: negro, gris, blanco, transparente o con colores bajo pedido. La versin con <strong>ncleo cilndrico extrable<\/strong> permite desmontar el bombin que contiene las placas, lo que ofrece una modificacin rpida de la combinacin. Gracias a las distintas longitudes de los cilindros, es posible la instalaci\u00f3n en diversos materiales (madera, metal, HPL, melamina, MDF, HDF, etc.) con distintos grosores. La Cerradura de varillas giratorias es utilizada habitualmente por profesionales, industrias y artesanos para su aplicaci\u00f3n en armarios y <strong>muebles de oficina<\/strong> con puertas batientes y puertas en general.<\/p>\n","protected":false},"excerpt":{"rendered":"<p>La <strong>cerradura de varillas giratorias<\/strong>, tambi\u00e9n conocida como cerradura <strong>de falleba<\/strong>, permite <strong>el cierre m\u00faltiple<\/strong> (2 puntos) <strong>y centralizado<\/strong> de armarios de puertas altas.<\/p>\n","protected":false},"featured_media":3639,"comment_status":"open","ping_status":"closed","template":"","meta":{"_acf_changed":false,"_et_pb_use_builder":"","_et_pb_old_content":"","_et_gb_content_width":""},"product_brand":[],"product_cat":[3995,3989,3926,3890,3943,3951,3882,3998,3938,3901,3904,3888,3992,3994,3996],"product_tag":[],"class_list":{"0":"post-242091","1":"product","2":"type-product","3":"status-publish","4":"has-post-thumbnail","6":"product_cat-arquitectura-urbanismo-y-diseno","7":"product_cat-banca-y-correos","8":"product_cat-batiente","9":"product_cat-cerradura-de-armario-conforme-a-gdpr","10":"product_cat-cerraduras-con-bombin-extraible","11":"product_cat-cerraduras-con-llave-maestra","12":"product_cat-cerraduras-de-armarios","13":"product_cat-cerraduras-de-puertas-2","14":"product_cat-cerraduras-de-varillas-giratorias","15":"product_cat-cerraduras-para-armarios-de-epi","16":"product_cat-cerraduras-para-armarios-fitosanitarios","17":"product_cat-cerraduras-para-muebles","18":"product_cat-educativos-y-culturales","19":"product_cat-hospital-y-sanidad","20":"product_cat-oficinas","22":"first","23":"instock","24":"shipping-taxable","25":"purchasable","26":"product-type-variable"},"acf":{"pdf1":"https:\/\/www.omrserrature.it\/wp-content\/uploads\/2017\/10\/Scheda-240400.pdf"},"yoast_head":"<!-- This site is optimized with the Yoast SEO plugin v27.2 - https:\/\/yoast.com\/product\/yoast-seo-wordpress\/ -->\n<title>Cerradura de varillas giratorias - OMR Serrature<\/title>\n<meta name=\"robots\" content=\"index, follow, max-snippet:-1, max-image-preview:large, max-video-preview:-1\" \/>\n<link rel=\"canonical\" href=\"https:\/\/www.omrserrature.it\/es\/producto\/cerradura-de-varillas-giratorias\/\" \/>\n<meta property=\"og:locale\" content=\"es_ES\" \/>\n<meta property=\"og:type\" content=\"article\" \/>\n<meta property=\"og:title\" content=\"Cerradura de varillas giratorias - OMR Serrature\" \/>\n<meta property=\"og:description\" content=\"La cerradura de varillas giratorias, tambi\u00e9n conocida como cerradura de falleba, permite el cierre m\u00faltiple (2 puntos) y centralizado de armarios de puertas altas.\" \/>\n<meta property=\"og:url\" content=\"https:\/\/www.omrserrature.it\/es\/producto\/cerradura-de-varillas-giratorias\/\" \/>\n<meta property=\"og:site_name\" content=\"OMR Serrature | Produzione sistemi di chiusura\" \/>\n<meta property=\"article:publisher\" content=\"https:\/\/www.facebook.com\/OMRserrature\" \/>\n<meta property=\"article:modified_time\" content=\"2026-04-08T10:49:09+00:00\" \/>\n<meta property=\"og:image\" content=\"https:\/\/www.omrserrature.it\/wp-content\/uploads\/2017\/10\/serratura-aste-rotanti.jpg\" \/>\n\t<meta property=\"og:image:width\" content=\"448\" \/>\n\t<meta property=\"og:image:height\" content=\"382\" \/>\n\t<meta property=\"og:image:type\" content=\"image\/jpeg\" \/>\n<meta name=\"twitter:card\" content=\"summary_large_image\" \/>\n<meta name=\"twitter:label1\" content=\"Tiempo de lectura\" \/>\n\t<meta name=\"twitter:data1\" content=\"1 minuto\" \/>\n<script type=\"application\/ld+json\" class=\"yoast-schema-graph\">{\"@context\":\"https:\/\/schema.org\",\"@graph\":[{\"@type\":\"WebPage\",\"@id\":\"https:\/\/www.omrserrature.it\/es\/producto\/cerradura-de-varillas-giratorias\/\",\"url\":\"https:\/\/www.omrserrature.it\/es\/producto\/cerradura-de-varillas-giratorias\/\",\"name\":\"Cerradura de varillas giratorias - OMR Serrature\",\"isPartOf\":{\"@id\":\"https:\/\/www.omrserrature.it\/es\/#website\"},\"primaryImageOfPage\":{\"@id\":\"https:\/\/www.omrserrature.it\/es\/producto\/cerradura-de-varillas-giratorias\/#primaryimage\"},\"image\":{\"@id\":\"https:\/\/www.omrserrature.it\/es\/producto\/cerradura-de-varillas-giratorias\/#primaryimage\"},\"thumbnailUrl\":\"https:\/\/www.omrserrature.it\/wp-content\/uploads\/2017\/10\/serratura-aste-rotanti.jpg\",\"datePublished\":\"2013-10-17T15:38:00+00:00\",\"dateModified\":\"2026-04-08T10:49:09+00:00\",\"breadcrumb\":{\"@id\":\"https:\/\/www.omrserrature.it\/es\/producto\/cerradura-de-varillas-giratorias\/#breadcrumb\"},\"inLanguage\":\"es\",\"potentialAction\":[{\"@type\":\"ReadAction\",\"target\":[\"https:\/\/www.omrserrature.it\/es\/producto\/cerradura-de-varillas-giratorias\/\"]}]},{\"@type\":\"ImageObject\",\"inLanguage\":\"es\",\"@id\":\"https:\/\/www.omrserrature.it\/es\/producto\/cerradura-de-varillas-giratorias\/#primaryimage\",\"url\":\"https:\/\/www.omrserrature.it\/wp-content\/uploads\/2017\/10\/serratura-aste-rotanti.jpg\",\"contentUrl\":\"https:\/\/www.omrserrature.it\/wp-content\/uploads\/2017\/10\/serratura-aste-rotanti.jpg\",\"width\":448,\"height\":382,\"caption\":\"Cerradura de varillas giratorias de 2 puntos di\u00e1metro 16 - cerradura espa\u00f1ola\"},{\"@type\":\"BreadcrumbList\",\"@id\":\"https:\/\/www.omrserrature.it\/es\/producto\/cerradura-de-varillas-giratorias\/#breadcrumb\",\"itemListElement\":[{\"@type\":\"ListItem\",\"position\":1,\"name\":\"Home\",\"item\":\"https:\/\/www.omrserrature.it\/es\/omr-cerradiras-y-sistemas-de-cierre\/\"},{\"@type\":\"ListItem\",\"position\":2,\"name\":\"Cat\u00e1logo\",\"item\":\"https:\/\/www.omrserrature.it\/catalogo\/?lang=es\"},{\"@type\":\"ListItem\",\"position\":3,\"name\":\"Aplicaciones\",\"item\":\"https:\/\/www.omrserrature.it\/es\/inventario\/aplicaciones\/\"},{\"@type\":\"ListItem\",\"position\":4,\"name\":\"Cerraduras para muebles\",\"item\":\"https:\/\/www.omrserrature.it\/es\/inventario\/aplicaciones\/cerraduras-para-muebles\/\"},{\"@type\":\"ListItem\",\"position\":5,\"name\":\"Cerraduras de puertas\",\"item\":\"https:\/\/www.omrserrature.it\/es\/inventario\/aplicaciones\/cerraduras-para-muebles\/cerraduras-de-puertas-2\/\"},{\"@type\":\"ListItem\",\"position\":6,\"name\":\"Batiente\",\"item\":\"https:\/\/www.omrserrature.it\/es\/inventario\/aplicaciones\/cerraduras-para-muebles\/cerraduras-de-puertas-2\/batiente\/\"},{\"@type\":\"ListItem\",\"position\":7,\"name\":\"Cerradura de varillas giratorias\"}]},{\"@type\":\"WebSite\",\"@id\":\"https:\/\/www.omrserrature.it\/es\/#website\",\"url\":\"https:\/\/www.omrserrature.it\/es\/\",\"name\":\"OMR Serrature | Produzione sistemi di chiusura\",\"description\":\"Produzione serrature di sicurezza e sistemi di chiusura\",\"publisher\":{\"@id\":\"https:\/\/www.omrserrature.it\/es\/#organization\"},\"potentialAction\":[{\"@type\":\"SearchAction\",\"target\":{\"@type\":\"EntryPoint\",\"urlTemplate\":\"https:\/\/www.omrserrature.it\/es\/?s={search_term_string}\"},\"query-input\":{\"@type\":\"PropertyValueSpecification\",\"valueRequired\":true,\"valueName\":\"search_term_string\"}}],\"inLanguage\":\"es\"},{\"@type\":\"Organization\",\"@id\":\"https:\/\/www.omrserrature.it\/es\/#organization\",\"name\":\"OMR Serrature | Produzione sistemi di chiusura\",\"url\":\"https:\/\/www.omrserrature.it\/es\/\",\"logo\":{\"@type\":\"ImageObject\",\"inLanguage\":\"es\",\"@id\":\"https:\/\/www.omrserrature.it\/es\/#\/schema\/logo\/image\/\",\"url\":\"https:\/\/www.omrserrature.it\/wp-content\/uploads\/2017\/09\/favicon-omr-114.png\",\"contentUrl\":\"https:\/\/www.omrserrature.it\/wp-content\/uploads\/2017\/09\/favicon-omr-114.png\",\"width\":114,\"height\":114,\"caption\":\"OMR Serrature | Produzione sistemi di chiusura\"},\"image\":{\"@id\":\"https:\/\/www.omrserrature.it\/es\/#\/schema\/logo\/image\/\"},\"sameAs\":[\"https:\/\/www.facebook.com\/OMRserrature\",\"https:\/\/www.linkedin.com\/company\/omrserrature\/\",\"https:\/\/www.youtube.com\/channel\/UCxmA85z2R0EpG_6IRokiAkg\"]}]}<\/script>\n<!-- \/ Yoast SEO plugin. -->","yoast_head_json":{"title":"Cerradura de varillas giratorias - OMR Serrature","robots":{"index":"index","follow":"follow","max-snippet":"max-snippet:-1","max-image-preview":"max-image-preview:large","max-video-preview":"max-video-preview:-1"},"canonical":"https:\/\/www.omrserrature.it\/es\/producto\/cerradura-de-varillas-giratorias\/","og_locale":"es_ES","og_type":"article","og_title":"Cerradura de varillas giratorias - OMR Serrature","og_description":"La cerradura de varillas giratorias, tambi\u00e9n conocida como cerradura de falleba, permite el cierre m\u00faltiple (2 puntos) y centralizado de armarios de puertas altas.","og_url":"https:\/\/www.omrserrature.it\/es\/producto\/cerradura-de-varillas-giratorias\/","og_site_name":"OMR Serrature | Produzione sistemi di chiusura","article_publisher":"https:\/\/www.facebook.com\/OMRserrature","article_modified_time":"2026-04-08T10:49:09+00:00","og_image":[{"width":448,"height":382,"url":"https:\/\/www.omrserrature.it\/wp-content\/uploads\/2017\/10\/serratura-aste-rotanti.jpg","type":"image\/jpeg"}],"twitter_card":"summary_large_image","twitter_misc":{"Tiempo de lectura":"1 minuto"},"schema":{"@context":"https:\/\/schema.org","@graph":[{"@type":"WebPage","@id":"https:\/\/www.omrserrature.it\/es\/producto\/cerradura-de-varillas-giratorias\/","url":"https:\/\/www.omrserrature.it\/es\/producto\/cerradura-de-varillas-giratorias\/","name":"Cerradura de varillas giratorias - OMR Serrature","isPartOf":{"@id":"https:\/\/www.omrserrature.it\/es\/#website"},"primaryImageOfPage":{"@id":"https:\/\/www.omrserrature.it\/es\/producto\/cerradura-de-varillas-giratorias\/#primaryimage"},"image":{"@id":"https:\/\/www.omrserrature.it\/es\/producto\/cerradura-de-varillas-giratorias\/#primaryimage"},"thumbnailUrl":"https:\/\/www.omrserrature.it\/wp-content\/uploads\/2017\/10\/serratura-aste-rotanti.jpg","datePublished":"2013-10-17T15:38:00+00:00","dateModified":"2026-04-08T10:49:09+00:00","breadcrumb":{"@id":"https:\/\/www.omrserrature.it\/es\/producto\/cerradura-de-varillas-giratorias\/#breadcrumb"},"inLanguage":"es","potentialAction":[{"@type":"ReadAction","target":["https:\/\/www.omrserrature.it\/es\/producto\/cerradura-de-varillas-giratorias\/"]}]},{"@type":"ImageObject","inLanguage":"es","@id":"https:\/\/www.omrserrature.it\/es\/producto\/cerradura-de-varillas-giratorias\/#primaryimage","url":"https:\/\/www.omrserrature.it\/wp-content\/uploads\/2017\/10\/serratura-aste-rotanti.jpg","contentUrl":"https:\/\/www.omrserrature.it\/wp-content\/uploads\/2017\/10\/serratura-aste-rotanti.jpg","width":448,"height":382,"caption":"Cerradura de varillas giratorias de 2 puntos di\u00e1metro 16 - cerradura espa\u00f1ola"},{"@type":"BreadcrumbList","@id":"https:\/\/www.omrserrature.it\/es\/producto\/cerradura-de-varillas-giratorias\/#breadcrumb","itemListElement":[{"@type":"ListItem","position":1,"name":"Home","item":"https:\/\/www.omrserrature.it\/es\/omr-cerradiras-y-sistemas-de-cierre\/"},{"@type":"ListItem","position":2,"name":"Cat\u00e1logo","item":"https:\/\/www.omrserrature.it\/catalogo\/?lang=es"},{"@type":"ListItem","position":3,"name":"Aplicaciones","item":"https:\/\/www.omrserrature.it\/es\/inventario\/aplicaciones\/"},{"@type":"ListItem","position":4,"name":"Cerraduras para muebles","item":"https:\/\/www.omrserrature.it\/es\/inventario\/aplicaciones\/cerraduras-para-muebles\/"},{"@type":"ListItem","position":5,"name":"Cerraduras de puertas","item":"https:\/\/www.omrserrature.it\/es\/inventario\/aplicaciones\/cerraduras-para-muebles\/cerraduras-de-puertas-2\/"},{"@type":"ListItem","position":6,"name":"Batiente","item":"https:\/\/www.omrserrature.it\/es\/inventario\/aplicaciones\/cerraduras-para-muebles\/cerraduras-de-puertas-2\/batiente\/"},{"@type":"ListItem","position":7,"name":"Cerradura de varillas giratorias"}]},{"@type":"WebSite","@id":"https:\/\/www.omrserrature.it\/es\/#website","url":"https:\/\/www.omrserrature.it\/es\/","name":"OMR Serrature | Produzione sistemi di chiusura","description":"Produzione serrature di sicurezza e sistemi di chiusura","publisher":{"@id":"https:\/\/www.omrserrature.it\/es\/#organization"},"potentialAction":[{"@type":"SearchAction","target":{"@type":"EntryPoint","urlTemplate":"https:\/\/www.omrserrature.it\/es\/?s={search_term_string}"},"query-input":{"@type":"PropertyValueSpecification","valueRequired":true,"valueName":"search_term_string"}}],"inLanguage":"es"},{"@type":"Organization","@id":"https:\/\/www.omrserrature.it\/es\/#organization","name":"OMR Serrature | Produzione sistemi di chiusura","url":"https:\/\/www.omrserrature.it\/es\/","logo":{"@type":"ImageObject","inLanguage":"es","@id":"https:\/\/www.omrserrature.it\/es\/#\/schema\/logo\/image\/","url":"https:\/\/www.omrserrature.it\/wp-content\/uploads\/2017\/09\/favicon-omr-114.png","contentUrl":"https:\/\/www.omrserrature.it\/wp-content\/uploads\/2017\/09\/favicon-omr-114.png","width":114,"height":114,"caption":"OMR Serrature | Produzione sistemi di chiusura"},"image":{"@id":"https:\/\/www.omrserrature.it\/es\/#\/schema\/logo\/image\/"},"sameAs":["https:\/\/www.facebook.com\/OMRserrature","https:\/\/www.linkedin.com\/company\/omrserrature\/","https:\/\/www.youtube.com\/channel\/UCxmA85z2R0EpG_6IRokiAkg"]}]}},"_links":{"self":[{"href":"https:\/\/www.omrserrature.it\/es\/wp-json\/wp\/v2\/product\/242091","targetHints":{"allow":["GET"]}}],"collection":[{"href":"https:\/\/www.omrserrature.it\/es\/wp-json\/wp\/v2\/product"}],"about":[{"href":"https:\/\/www.omrserrature.it\/es\/wp-json\/wp\/v2\/types\/product"}],"replies":[{"embeddable":true,"href":"https:\/\/www.omrserrature.it\/es\/wp-json\/wp\/v2\/comments?post=242091"}],"wp:featuredmedia":[{"embeddable":true,"href":"https:\/\/www.omrserrature.it\/es\/wp-json\/wp\/v2\/media\/3639"}],"wp:attachment":[{"href":"https:\/\/www.omrserrature.it\/es\/wp-json\/wp\/v2\/media?parent=242091"}],"wp:term":[{"taxonomy":"product_brand","embeddable":true,"href":"https:\/\/www.omrserrature.it\/es\/wp-json\/wp\/v2\/product_brand?post=242091"},{"taxonomy":"product_cat","embeddable":true,"href":"https:\/\/www.omrserrature.it\/es\/wp-json\/wp\/v2\/product_cat?post=242091"},{"taxonomy":"product_tag","embeddable":true,"href":"https:\/\/www.omrserrature.it\/es\/wp-json\/wp\/v2\/product_tag?post=242091"}],"curies":[{"name":"wp","href":"https:\/\/api.w.org\/{rel}","templated":true}]}}