{"id":242037,"date":"2018-01-05T11:52:53","date_gmt":"2005-01-18T10:52:00","guid":{"rendered":"https:\/\/www.staging6.omrserrature.it\/prodotto\/cerradura-de-pestillo-horizontal\/"},"modified":"2026-04-08T12:01:24","modified_gmt":"2026-04-08T10:01:24","slug":"cerradura-de-pestillo-horizontal","status":"publish","type":"product","link":"https:\/\/www.omrserrature.it\/es\/producto\/cerradura-de-pestillo-horizontal\/","title":{"rendered":"Cerradura de pestillo horizontal"},"content":{"rendered":"<p>Las cerraduras de la serie OTTO responden a una necesidad espec\u00edfica y bastante com\u00fan, a saber, <strong>sustituir las antiguas cerraduras de pomo giratorio, o de pulsador, y hacerlas seguras y de alto rendimiento<\/strong>. Gracias a esta serie de cerraduras OMR, es posible convertir las cerraduras de pomo en modelos de \u00faltima generaci\u00f3n sin necesidad de sustituir completamente la puerta, lo que supone una gran ventaja tanto econ\u00f3mica como pr\u00e1ctica. Las cerraduras de la serie OTTO constan de un picaporte tubular est\u00e1ndar o un picaporte de rodillo, y un cuerpo que aloja un <strong>cilindro de perfil europeo<\/strong>, un elemento t\u00e9cnico de \u00faltima generaci\u00f3n con altos est\u00e1ndares de seguridad. Las cerraduras de pomo o de pulsador, hoy obsoletas, se han utilizado mucho en el pasado, por lo que no son pocos los contextos en los que estos elementos t\u00e9cnicos necesitan <strong>una renovaci\u00f3n selectiva<\/strong>. Los clientes de OMR necesitan estos suministros para los m\u00e1s diversos contextos p\u00fablicos y privados, como hoteles, oficinas y empresas de todo tipo, aeropuertos, estaciones de ferrocarril, etc.   <\/p>\n<p><strong>Las cerraduras de la serie OTTO de OMR Serrature son compatibles con la gran mayor\u00eda de modelos antiguos de pomo giratorio o pulsador<\/strong>, y pueden alojar cilindros mec\u00e1nicos y electr\u00f3nicos. Renovar tus cerraduras de este modo es una oportunidad que no s\u00f3lo aumenta la seguridad, sino que tambi\u00e9n mejora la facilidad de uso y la comodidad, y adem\u00e1s te permite desarrollar sistemas de control de accesos modernos y eficaces. <\/p>\n<p>Las nuevas cerraduras de la Serie OTTO representan un importante paso adelante en la seguridad de las puertas con pulsador o pomo giratorio. Sustituir las cerraduras antiguas por productos de la Serie OTTO es sencillo y directo, y te permite disfrutar de la seguridad de los cilindros de perfil europeo, sin comprometer la compatibilidad ni la integridad de tu puerta. <\/p>\n","protected":false},"excerpt":{"rendered":"<p>Las nuevas cerraduras de la Serie OTTO representan un importante paso adelante en la seguridad de las puertas de pulsador o pomo giratorio. Sustituir las cerraduras antiguas por productos de la Serie OTTO es sencillo y directo, y te permite disfrutar de la seguridad de los cilindros de perfil europeo, sin renunciar a la alta compatibilidad e integridad de tu puerta. <\/p>\n","protected":false},"featured_media":7960,"comment_status":"open","ping_status":"closed","template":"","meta":{"_acf_changed":false,"_et_pb_use_builder":"","_et_pb_old_content":"","_et_gb_content_width":""},"product_brand":[],"product_cat":[3884,3993,3994,3996,3956,3988,3982],"product_tag":[],"class_list":{"0":"post-242037","1":"product","2":"type-product","3":"status-publish","4":"has-post-thumbnail","6":"product_cat-cerraduras-de-seguridad","7":"product_cat-feria","8":"product_cat-hospital-y-sanidad","9":"product_cat-oficinas","10":"product_cat-serie-otto","11":"product_cat-tiendas-y-actividades-comerciales","12":"product_cat-viviendas-particulares-y-residencias","14":"first","15":"instock","16":"shipping-taxable","17":"purchasable","18":"product-type-variable"},"acf":{"pdf1":"https:\/\/www.omrserrature.it\/wp-content\/uploads\/2018\/01\/Kit-montaggio-serrature-OMR-Serie-Otto.pdf"},"yoast_head":"<!-- This site is optimized with the Yoast SEO plugin v27.2 - https:\/\/yoast.com\/product\/yoast-seo-wordpress\/ -->\n<title>Cerradura de pestillo horizontal - OMR Serrature<\/title>\n<meta name=\"robots\" content=\"index, follow, max-snippet:-1, max-image-preview:large, max-video-preview:-1\" \/>\n<link rel=\"canonical\" href=\"https:\/\/www.omrserrature.it\/es\/producto\/cerradura-de-pestillo-horizontal\/\" \/>\n<meta property=\"og:locale\" content=\"es_ES\" \/>\n<meta property=\"og:type\" content=\"article\" \/>\n<meta property=\"og:title\" content=\"Cerradura de pestillo horizontal - OMR Serrature\" \/>\n<meta property=\"og:description\" content=\"Las nuevas cerraduras de la Serie OTTO representan un importante paso adelante en la seguridad de las puertas de pulsador o pomo giratorio. Sustituir las cerraduras antiguas por productos de la Serie OTTO es sencillo y directo, y te permite disfrutar de la seguridad de los cilindros de perfil europeo, sin renunciar a la alta compatibilidad e integridad de tu puerta.\" \/>\n<meta property=\"og:url\" content=\"https:\/\/www.omrserrature.it\/es\/producto\/cerradura-de-pestillo-horizontal\/\" \/>\n<meta property=\"og:site_name\" content=\"OMR Serrature | Produzione sistemi di chiusura\" \/>\n<meta property=\"article:publisher\" content=\"https:\/\/www.facebook.com\/OMRserrature\" \/>\n<meta property=\"article:modified_time\" content=\"2026-04-08T10:01:24+00:00\" \/>\n<meta property=\"og:image\" content=\"https:\/\/www.omrserrature.it\/wp-content\/uploads\/2018\/01\/OTTO-sicurezza-pulsante-pomolo-orizzontale.jpg\" \/>\n\t<meta property=\"og:image:width\" content=\"738\" \/>\n\t<meta property=\"og:image:height\" content=\"650\" \/>\n\t<meta property=\"og:image:type\" content=\"image\/jpeg\" \/>\n<meta name=\"twitter:card\" content=\"summary_large_image\" \/>\n<meta name=\"twitter:label1\" content=\"Tiempo de lectura\" \/>\n\t<meta name=\"twitter:data1\" content=\"2 minutos\" \/>\n<script type=\"application\/ld+json\" class=\"yoast-schema-graph\">{\"@context\":\"https:\/\/schema.org\",\"@graph\":[{\"@type\":\"WebPage\",\"@id\":\"https:\/\/www.omrserrature.it\/es\/producto\/cerradura-de-pestillo-horizontal\/\",\"url\":\"https:\/\/www.omrserrature.it\/es\/producto\/cerradura-de-pestillo-horizontal\/\",\"name\":\"Cerradura de pestillo horizontal - OMR Serrature\",\"isPartOf\":{\"@id\":\"https:\/\/www.omrserrature.it\/es\/#website\"},\"primaryImageOfPage\":{\"@id\":\"https:\/\/www.omrserrature.it\/es\/producto\/cerradura-de-pestillo-horizontal\/#primaryimage\"},\"image\":{\"@id\":\"https:\/\/www.omrserrature.it\/es\/producto\/cerradura-de-pestillo-horizontal\/#primaryimage\"},\"thumbnailUrl\":\"https:\/\/www.omrserrature.it\/wp-content\/uploads\/2018\/01\/OTTO-sicurezza-pulsante-pomolo-orizzontale.jpg\",\"datePublished\":\"2005-01-18T10:52:00+00:00\",\"dateModified\":\"2026-04-08T10:01:24+00:00\",\"breadcrumb\":{\"@id\":\"https:\/\/www.omrserrature.it\/es\/producto\/cerradura-de-pestillo-horizontal\/#breadcrumb\"},\"inLanguage\":\"es\",\"potentialAction\":[{\"@type\":\"ReadAction\",\"target\":[\"https:\/\/www.omrserrature.it\/es\/producto\/cerradura-de-pestillo-horizontal\/\"]}]},{\"@type\":\"ImageObject\",\"inLanguage\":\"es\",\"@id\":\"https:\/\/www.omrserrature.it\/es\/producto\/cerradura-de-pestillo-horizontal\/#primaryimage\",\"url\":\"https:\/\/www.omrserrature.it\/wp-content\/uploads\/2018\/01\/OTTO-sicurezza-pulsante-pomolo-orizzontale.jpg\",\"contentUrl\":\"https:\/\/www.omrserrature.it\/wp-content\/uploads\/2018\/01\/OTTO-sicurezza-pulsante-pomolo-orizzontale.jpg\",\"width\":738,\"height\":650,\"caption\":\"Cerradura de bot\u00f3n o pomo SERIE OTTO - Cerradura de perfil europeo\"},{\"@type\":\"BreadcrumbList\",\"@id\":\"https:\/\/www.omrserrature.it\/es\/producto\/cerradura-de-pestillo-horizontal\/#breadcrumb\",\"itemListElement\":[{\"@type\":\"ListItem\",\"position\":1,\"name\":\"Home\",\"item\":\"https:\/\/www.omrserrature.it\/es\/omr-cerradiras-y-sistemas-de-cierre\/\"},{\"@type\":\"ListItem\",\"position\":2,\"name\":\"Cat\u00e1logo\",\"item\":\"https:\/\/www.omrserrature.it\/catalogo\/?lang=es\"},{\"@type\":\"ListItem\",\"position\":3,\"name\":\"Productos\",\"item\":\"https:\/\/www.omrserrature.it\/es\/inventario\/productos\/\"},{\"@type\":\"ListItem\",\"position\":4,\"name\":\"Cerraduras\",\"item\":\"https:\/\/www.omrserrature.it\/es\/inventario\/productos\/cerraduras\/\"},{\"@type\":\"ListItem\",\"position\":5,\"name\":\"Serie OTTO\",\"item\":\"https:\/\/www.omrserrature.it\/es\/inventario\/productos\/cerraduras\/serie-otto\/\"},{\"@type\":\"ListItem\",\"position\":6,\"name\":\"Cerradura de pestillo horizontal\"}]},{\"@type\":\"WebSite\",\"@id\":\"https:\/\/www.omrserrature.it\/es\/#website\",\"url\":\"https:\/\/www.omrserrature.it\/es\/\",\"name\":\"OMR Serrature | Produzione sistemi di chiusura\",\"description\":\"Produzione serrature di sicurezza e sistemi di chiusura\",\"publisher\":{\"@id\":\"https:\/\/www.omrserrature.it\/es\/#organization\"},\"potentialAction\":[{\"@type\":\"SearchAction\",\"target\":{\"@type\":\"EntryPoint\",\"urlTemplate\":\"https:\/\/www.omrserrature.it\/es\/?s={search_term_string}\"},\"query-input\":{\"@type\":\"PropertyValueSpecification\",\"valueRequired\":true,\"valueName\":\"search_term_string\"}}],\"inLanguage\":\"es\"},{\"@type\":\"Organization\",\"@id\":\"https:\/\/www.omrserrature.it\/es\/#organization\",\"name\":\"OMR Serrature | Produzione sistemi di chiusura\",\"url\":\"https:\/\/www.omrserrature.it\/es\/\",\"logo\":{\"@type\":\"ImageObject\",\"inLanguage\":\"es\",\"@id\":\"https:\/\/www.omrserrature.it\/es\/#\/schema\/logo\/image\/\",\"url\":\"https:\/\/www.omrserrature.it\/wp-content\/uploads\/2017\/09\/favicon-omr-114.png\",\"contentUrl\":\"https:\/\/www.omrserrature.it\/wp-content\/uploads\/2017\/09\/favicon-omr-114.png\",\"width\":114,\"height\":114,\"caption\":\"OMR Serrature | Produzione sistemi di chiusura\"},\"image\":{\"@id\":\"https:\/\/www.omrserrature.it\/es\/#\/schema\/logo\/image\/\"},\"sameAs\":[\"https:\/\/www.facebook.com\/OMRserrature\",\"https:\/\/www.linkedin.com\/company\/omrserrature\/\",\"https:\/\/www.youtube.com\/channel\/UCxmA85z2R0EpG_6IRokiAkg\"]}]}<\/script>\n<!-- \/ Yoast SEO plugin. -->","yoast_head_json":{"title":"Cerradura de pestillo horizontal - OMR Serrature","robots":{"index":"index","follow":"follow","max-snippet":"max-snippet:-1","max-image-preview":"max-image-preview:large","max-video-preview":"max-video-preview:-1"},"canonical":"https:\/\/www.omrserrature.it\/es\/producto\/cerradura-de-pestillo-horizontal\/","og_locale":"es_ES","og_type":"article","og_title":"Cerradura de pestillo horizontal - OMR Serrature","og_description":"Las nuevas cerraduras de la Serie OTTO representan un importante paso adelante en la seguridad de las puertas de pulsador o pomo giratorio. Sustituir las cerraduras antiguas por productos de la Serie OTTO es sencillo y directo, y te permite disfrutar de la seguridad de los cilindros de perfil europeo, sin renunciar a la alta compatibilidad e integridad de tu puerta.","og_url":"https:\/\/www.omrserrature.it\/es\/producto\/cerradura-de-pestillo-horizontal\/","og_site_name":"OMR Serrature | Produzione sistemi di chiusura","article_publisher":"https:\/\/www.facebook.com\/OMRserrature","article_modified_time":"2026-04-08T10:01:24+00:00","og_image":[{"width":738,"height":650,"url":"https:\/\/www.omrserrature.it\/wp-content\/uploads\/2018\/01\/OTTO-sicurezza-pulsante-pomolo-orizzontale.jpg","type":"image\/jpeg"}],"twitter_card":"summary_large_image","twitter_misc":{"Tiempo de lectura":"2 minutos"},"schema":{"@context":"https:\/\/schema.org","@graph":[{"@type":"WebPage","@id":"https:\/\/www.omrserrature.it\/es\/producto\/cerradura-de-pestillo-horizontal\/","url":"https:\/\/www.omrserrature.it\/es\/producto\/cerradura-de-pestillo-horizontal\/","name":"Cerradura de pestillo horizontal - OMR Serrature","isPartOf":{"@id":"https:\/\/www.omrserrature.it\/es\/#website"},"primaryImageOfPage":{"@id":"https:\/\/www.omrserrature.it\/es\/producto\/cerradura-de-pestillo-horizontal\/#primaryimage"},"image":{"@id":"https:\/\/www.omrserrature.it\/es\/producto\/cerradura-de-pestillo-horizontal\/#primaryimage"},"thumbnailUrl":"https:\/\/www.omrserrature.it\/wp-content\/uploads\/2018\/01\/OTTO-sicurezza-pulsante-pomolo-orizzontale.jpg","datePublished":"2005-01-18T10:52:00+00:00","dateModified":"2026-04-08T10:01:24+00:00","breadcrumb":{"@id":"https:\/\/www.omrserrature.it\/es\/producto\/cerradura-de-pestillo-horizontal\/#breadcrumb"},"inLanguage":"es","potentialAction":[{"@type":"ReadAction","target":["https:\/\/www.omrserrature.it\/es\/producto\/cerradura-de-pestillo-horizontal\/"]}]},{"@type":"ImageObject","inLanguage":"es","@id":"https:\/\/www.omrserrature.it\/es\/producto\/cerradura-de-pestillo-horizontal\/#primaryimage","url":"https:\/\/www.omrserrature.it\/wp-content\/uploads\/2018\/01\/OTTO-sicurezza-pulsante-pomolo-orizzontale.jpg","contentUrl":"https:\/\/www.omrserrature.it\/wp-content\/uploads\/2018\/01\/OTTO-sicurezza-pulsante-pomolo-orizzontale.jpg","width":738,"height":650,"caption":"Cerradura de bot\u00f3n o pomo SERIE OTTO - Cerradura de perfil europeo"},{"@type":"BreadcrumbList","@id":"https:\/\/www.omrserrature.it\/es\/producto\/cerradura-de-pestillo-horizontal\/#breadcrumb","itemListElement":[{"@type":"ListItem","position":1,"name":"Home","item":"https:\/\/www.omrserrature.it\/es\/omr-cerradiras-y-sistemas-de-cierre\/"},{"@type":"ListItem","position":2,"name":"Cat\u00e1logo","item":"https:\/\/www.omrserrature.it\/catalogo\/?lang=es"},{"@type":"ListItem","position":3,"name":"Productos","item":"https:\/\/www.omrserrature.it\/es\/inventario\/productos\/"},{"@type":"ListItem","position":4,"name":"Cerraduras","item":"https:\/\/www.omrserrature.it\/es\/inventario\/productos\/cerraduras\/"},{"@type":"ListItem","position":5,"name":"Serie OTTO","item":"https:\/\/www.omrserrature.it\/es\/inventario\/productos\/cerraduras\/serie-otto\/"},{"@type":"ListItem","position":6,"name":"Cerradura de pestillo horizontal"}]},{"@type":"WebSite","@id":"https:\/\/www.omrserrature.it\/es\/#website","url":"https:\/\/www.omrserrature.it\/es\/","name":"OMR Serrature | Produzione sistemi di chiusura","description":"Produzione serrature di sicurezza e sistemi di chiusura","publisher":{"@id":"https:\/\/www.omrserrature.it\/es\/#organization"},"potentialAction":[{"@type":"SearchAction","target":{"@type":"EntryPoint","urlTemplate":"https:\/\/www.omrserrature.it\/es\/?s={search_term_string}"},"query-input":{"@type":"PropertyValueSpecification","valueRequired":true,"valueName":"search_term_string"}}],"inLanguage":"es"},{"@type":"Organization","@id":"https:\/\/www.omrserrature.it\/es\/#organization","name":"OMR Serrature | Produzione sistemi di chiusura","url":"https:\/\/www.omrserrature.it\/es\/","logo":{"@type":"ImageObject","inLanguage":"es","@id":"https:\/\/www.omrserrature.it\/es\/#\/schema\/logo\/image\/","url":"https:\/\/www.omrserrature.it\/wp-content\/uploads\/2017\/09\/favicon-omr-114.png","contentUrl":"https:\/\/www.omrserrature.it\/wp-content\/uploads\/2017\/09\/favicon-omr-114.png","width":114,"height":114,"caption":"OMR Serrature | Produzione sistemi di chiusura"},"image":{"@id":"https:\/\/www.omrserrature.it\/es\/#\/schema\/logo\/image\/"},"sameAs":["https:\/\/www.facebook.com\/OMRserrature","https:\/\/www.linkedin.com\/company\/omrserrature\/","https:\/\/www.youtube.com\/channel\/UCxmA85z2R0EpG_6IRokiAkg"]}]}},"_links":{"self":[{"href":"https:\/\/www.omrserrature.it\/es\/wp-json\/wp\/v2\/product\/242037","targetHints":{"allow":["GET"]}}],"collection":[{"href":"https:\/\/www.omrserrature.it\/es\/wp-json\/wp\/v2\/product"}],"about":[{"href":"https:\/\/www.omrserrature.it\/es\/wp-json\/wp\/v2\/types\/product"}],"replies":[{"embeddable":true,"href":"https:\/\/www.omrserrature.it\/es\/wp-json\/wp\/v2\/comments?post=242037"}],"wp:featuredmedia":[{"embeddable":true,"href":"https:\/\/www.omrserrature.it\/es\/wp-json\/wp\/v2\/media\/7960"}],"wp:attachment":[{"href":"https:\/\/www.omrserrature.it\/es\/wp-json\/wp\/v2\/media?parent=242037"}],"wp:term":[{"taxonomy":"product_brand","embeddable":true,"href":"https:\/\/www.omrserrature.it\/es\/wp-json\/wp\/v2\/product_brand?post=242037"},{"taxonomy":"product_cat","embeddable":true,"href":"https:\/\/www.omrserrature.it\/es\/wp-json\/wp\/v2\/product_cat?post=242037"},{"taxonomy":"product_tag","embeddable":true,"href":"https:\/\/www.omrserrature.it\/es\/wp-json\/wp\/v2\/product_tag?post=242037"}],"curies":[{"name":"wp","href":"https:\/\/api.w.org\/{rel}","templated":true}]}}