{"id":242013,"date":"2022-05-27T15:16:34","date_gmt":"2024-04-15T10:16:00","guid":{"rendered":"https:\/\/www.staging6.omrserrature.it\/prodotto\/cerradura-de-pestillo-con-muelle-de-retorno-y-palanca-de-gancho\/"},"modified":"2026-04-08T11:13:37","modified_gmt":"2026-04-08T09:13:37","slug":"cerradura-de-pestillo-con-muelle-de-retorno-y-palanca-de-gancho","status":"publish","type":"product","link":"https:\/\/www.omrserrature.it\/es\/producto\/cerradura-de-pestillo-con-muelle-de-retorno-y-palanca-de-gancho\/","title":{"rendered":"Cerradura de pestillo con muelle de retorno y palanca de gancho"},"content":{"rendered":"<p>La <strong>cerradura de leva<\/strong> con mecanismo de l\u00e1minas es sin duda una de las m\u00e1s populares para su uso en aplicaciones que requieren un sistema de cierre f\u00e1cil, r\u00e1pido y autom\u00e1tico. La llave de lat\u00f3n niquelado permite abrir la cerradura con un giro de 90\u00b0 en sentido Antihorario, moviendo el bombin de l\u00e1minas central situado dentro de una caja de aleaci\u00f3n de zinc llamada estator, buje o cuerpo. El di\u00e1metro est\u00e1 fresado en dos lados opuestos (placas laterales), formando una doble D para impedir la rotaci\u00f3n de la cerradura de leva en el alojamiento de la instalaci\u00f3n. El mecanismo de <strong>varillas con muelle de retorno<\/strong>, que acciona la palanca del gancho trasero, permite que la cerradura de leva vuelva autom\u00e1ticamente a la posici\u00f3n cerrada para proporcionar mayor seguridad y evitar que la cerradura se olvide en la posici\u00f3n abierta.   <\/p>\n<p>El cuerpo, el bombin y la palanca de parada de esta cerradura de muelle son de aleacion de zinc. El terminal cuadrado de 7 mm tambi\u00e9n permite <strong>palancas rectas, dobladas o de gancho<\/strong>, que tambi\u00e9n pueden personalizarse seg\u00fan requisitos espec\u00edficos. Varias versiones permiten diferentes rotaciones, grosores de puerta de 0,5 a 27 mm y extracci\u00f3n de la llave en abierto y cerrado (o s\u00f3lo en uno de los dos casos). El <strong>cuerpo totalmente roscado<\/strong> permite la fijaci\u00f3n mediante tuerca, pero tambi\u00e9n mediante horquilla o clip para<strong>una instalaci\u00f3n r\u00e1pida <\/strong><strong><span style=\"font-weight: normal;\">en chapas de acero, aluminio o pl\u00e1stico<\/span><\/strong>.   <\/p>\n<p><strong>Una l\u00e1mina de acero inoxidable protege el bombin interno<\/strong>, que es el coraz\u00f3n de la cerradura y la parte m\u00e1s delicada. Gracias a ello, el nuevo cierre de la marca OMR tambi\u00e9n puede instalarse en exteriores, ya que el acero inoxidable garantiza una gran resistencia a agentes externos como la lluvia, la nieve y la salinidad. Adem\u00e1s, la <strong>cubierta de pl\u00e1stico protege el mecanismo interno del polvo y la suciedad<\/strong>, garantizando una larga vida a la cerradura, incluso en condiciones ambientales dif\u00edciles.  <\/p>\n<p>La cerradura con mecanismo de muelle es ideal para maletas de moto, barras de techo, portaequipajes, portaesqu\u00eds, portabicicletas, sistemas de venta y lavado de coches, as\u00ed como maquinaria de la industria alimentaria, mobiliario de oficina y mobiliario hospitalario.<\/p>\n","protected":false},"excerpt":{"rendered":"<p>Esta cerradura con mecanismo de varillas y palanca de gancho es ideal para maletas de moto, barras de techo, portaequipajes, portaesqu\u00eds, portabicicletas, sistemas expendedores y de lavado de coches, as\u00ed como maquinaria de la industria alimentaria, mobiliario de oficina, mobiliario hospitalario y mobiliario de oficina.<\/p>\n","protected":false},"featured_media":25086,"comment_status":"open","ping_status":"closed","template":"","meta":{"_acf_changed":false,"_et_pb_use_builder":"","_et_pb_old_content":"","_et_gb_content_width":""},"product_brand":[],"product_cat":[3926,3890,3931,1342,3951,3932,3882,3925,3942,3887,3980,3918,3998,3912,3884,3920,3957,3896,3909,3902,3901,3900,3880,3904,3905,3907,3897,3885,3997,3906,3914,3899,3923,3921,3883,3898,3922,3903,3894,3895,3910,3911,3889,3924,3888,3892,3893,3915,3908,3881],"product_tag":[],"class_list":{"0":"post-242013","1":"product","2":"type-product","3":"status-publish","4":"has-post-thumbnail","6":"product_cat-batiente","7":"product_cat-cerradura-de-armario-conforme-a-gdpr","8":"product_cat-cerradura-universal-de-laminas","9":"product_cat-cerraduras","10":"product_cat-cerraduras-con-llave-maestra","11":"product_cat-cerraduras-con-muelle-de-retorno","12":"product_cat-cerraduras-de-armarios","13":"product_cat-cerraduras-de-barcos","14":"product_cat-cerraduras-de-gancho","15":"product_cat-cerraduras-de-maquinas","16":"product_cat-cerraduras-de-palanca","17":"product_cat-cerraduras-de-persianas-enrollables","18":"product_cat-cerraduras-de-puertas-2","19":"product_cat-cerraduras-de-puertas","20":"product_cat-cerraduras-de-seguridad","21":"product_cat-cerraduras-de-seguridad-para-muebles","22":"product_cat-cerraduras-impermeables-inoxidables","23":"product_cat-cerraduras-para-almacenes-automaticos","24":"product_cat-cerraduras-para-apartados-de-correos","25":"product_cat-cerraduras-para-armarios-de-balcon","26":"product_cat-cerraduras-para-armarios-de-epi","27":"product_cat-cerraduras-para-armarios-de-sustancias-peligrosas","28":"product_cat-cerraduras-para-armarios-electricos","29":"product_cat-cerraduras-para-armarios-fitosanitarios","30":"product_cat-cerraduras-para-armarios-industriales","31":"product_cat-cerraduras-para-armeros","32":"product_cat-cerraduras-para-bancos-de-trabajo","33":"product_cat-cerraduras-para-buzones","34":"product_cat-cerraduras-para-buzones-2","35":"product_cat-cerraduras-para-cajas-fuertes","36":"product_cat-cerraduras-para-cajoneras","37":"product_cat-cerraduras-para-cajones-industriales","38":"product_cat-cerraduras-para-caravanas-y-autocaravanas","39":"product_cat-cerraduras-para-carrocerias-frigorificas","40":"product_cat-cerraduras-para-carros-profesionales","41":"product_cat-cerraduras-para-dispensadores","42":"product_cat-cerraduras-para-furgonetas","43":"product_cat-cerraduras-para-guardaesquis","44":"product_cat-cerraduras-para-interruptores","45":"product_cat-cerraduras-para-la-industria-electromecanica","46":"product_cat-cerraduras-para-maquinas-expendedoras","47":"product_cat-cerraduras-para-maquinas-recreativas","48":"product_cat-cerraduras-para-medios-de-transporte","49":"product_cat-cerraduras-para-motos-y-scooters","50":"product_cat-cerraduras-para-muebles","51":"product_cat-cerraduras-para-puertas-delanteras-de-armarios","52":"product_cat-cerraduras-para-puertas-laterales","53":"product_cat-cerraduras-para-taquillas","54":"product_cat-cerraduras-para-taquillas-de-paquetes","55":"product_cat-cerraduras-profesionales-para-muebles","57":"first","58":"instock","59":"shipping-taxable","60":"product-type-simple"},"acf":{"pdf1":"https:\/\/www.omrserrature.it\/wp-content\/uploads\/schede\/Scheda_162810.pdf"},"yoast_head":"<!-- This site is optimized with the Yoast SEO plugin v27.2 - https:\/\/yoast.com\/product\/yoast-seo-wordpress\/ -->\n<title>Cerradura de pestillo con muelle de retorno y palanca de gancho - OMR Serrature<\/title>\n<meta name=\"robots\" content=\"index, follow, max-snippet:-1, max-image-preview:large, max-video-preview:-1\" \/>\n<link rel=\"canonical\" href=\"https:\/\/www.omrserrature.it\/es\/producto\/cerradura-de-pestillo-con-muelle-de-retorno-y-palanca-de-gancho\/\" \/>\n<meta property=\"og:locale\" content=\"es_ES\" \/>\n<meta property=\"og:type\" content=\"article\" \/>\n<meta property=\"og:title\" content=\"Cerradura de pestillo con muelle de retorno y palanca de gancho - OMR Serrature\" \/>\n<meta property=\"og:description\" content=\"Esta cerradura con mecanismo de varillas y palanca de gancho es ideal para maletas de moto, barras de techo, portaequipajes, portaesqu\u00eds, portabicicletas, sistemas expendedores y de lavado de coches, as\u00ed como maquinaria de la industria alimentaria, mobiliario de oficina, mobiliario hospitalario y mobiliario de oficina.\" \/>\n<meta property=\"og:url\" content=\"https:\/\/www.omrserrature.it\/es\/producto\/cerradura-de-pestillo-con-muelle-de-retorno-y-palanca-de-gancho\/\" \/>\n<meta property=\"og:site_name\" content=\"OMR Serrature | Produzione sistemi di chiusura\" \/>\n<meta property=\"article:publisher\" content=\"https:\/\/www.facebook.com\/OMRserrature\" \/>\n<meta property=\"article:modified_time\" content=\"2026-04-08T09:13:37+00:00\" \/>\n<meta property=\"og:image\" content=\"https:\/\/www.omrserrature.it\/wp-content\/uploads\/2022\/05\/Serratura-a-scrocco-con-molla-di-ritorno-e-leva-a-gancio-mod.-07-Novita-2022-OMR.jpg\" \/>\n\t<meta property=\"og:image:width\" content=\"1000\" \/>\n\t<meta property=\"og:image:height\" content=\"1000\" \/>\n\t<meta property=\"og:image:type\" content=\"image\/jpeg\" \/>\n<meta name=\"twitter:card\" content=\"summary_large_image\" \/>\n<meta name=\"twitter:label1\" content=\"Tiempo de lectura\" \/>\n\t<meta name=\"twitter:data1\" content=\"2 minutos\" \/>\n<script type=\"application\/ld+json\" class=\"yoast-schema-graph\">{\"@context\":\"https:\/\/schema.org\",\"@graph\":[{\"@type\":\"WebPage\",\"@id\":\"https:\/\/www.omrserrature.it\/es\/producto\/cerradura-de-pestillo-con-muelle-de-retorno-y-palanca-de-gancho\/\",\"url\":\"https:\/\/www.omrserrature.it\/es\/producto\/cerradura-de-pestillo-con-muelle-de-retorno-y-palanca-de-gancho\/\",\"name\":\"Cerradura de pestillo con muelle de retorno y palanca de gancho - OMR Serrature\",\"isPartOf\":{\"@id\":\"https:\/\/www.omrserrature.it\/es\/#website\"},\"primaryImageOfPage\":{\"@id\":\"https:\/\/www.omrserrature.it\/es\/producto\/cerradura-de-pestillo-con-muelle-de-retorno-y-palanca-de-gancho\/#primaryimage\"},\"image\":{\"@id\":\"https:\/\/www.omrserrature.it\/es\/producto\/cerradura-de-pestillo-con-muelle-de-retorno-y-palanca-de-gancho\/#primaryimage\"},\"thumbnailUrl\":\"https:\/\/www.omrserrature.it\/wp-content\/uploads\/2022\/05\/Serratura-a-scrocco-con-molla-di-ritorno-e-leva-a-gancio-mod.-07-Novita-2022-OMR.jpg\",\"datePublished\":\"2024-04-15T10:16:00+00:00\",\"dateModified\":\"2026-04-08T09:13:37+00:00\",\"breadcrumb\":{\"@id\":\"https:\/\/www.omrserrature.it\/es\/producto\/cerradura-de-pestillo-con-muelle-de-retorno-y-palanca-de-gancho\/#breadcrumb\"},\"inLanguage\":\"es\",\"potentialAction\":[{\"@type\":\"ReadAction\",\"target\":[\"https:\/\/www.omrserrature.it\/es\/producto\/cerradura-de-pestillo-con-muelle-de-retorno-y-palanca-de-gancho\/\"]}]},{\"@type\":\"ImageObject\",\"inLanguage\":\"es\",\"@id\":\"https:\/\/www.omrserrature.it\/es\/producto\/cerradura-de-pestillo-con-muelle-de-retorno-y-palanca-de-gancho\/#primaryimage\",\"url\":\"https:\/\/www.omrserrature.it\/wp-content\/uploads\/2022\/05\/Serratura-a-scrocco-con-molla-di-ritorno-e-leva-a-gancio-mod.-07-Novita-2022-OMR.jpg\",\"contentUrl\":\"https:\/\/www.omrserrature.it\/wp-content\/uploads\/2022\/05\/Serratura-a-scrocco-con-molla-di-ritorno-e-leva-a-gancio-mod.-07-Novita-2022-OMR.jpg\",\"width\":1000,\"height\":1000,\"caption\":\"Cerradura de pestillo con muelle de retorno y palanca de gancho - mod. 07 - Novedad 2022\"},{\"@type\":\"BreadcrumbList\",\"@id\":\"https:\/\/www.omrserrature.it\/es\/producto\/cerradura-de-pestillo-con-muelle-de-retorno-y-palanca-de-gancho\/#breadcrumb\",\"itemListElement\":[{\"@type\":\"ListItem\",\"position\":1,\"name\":\"Home\",\"item\":\"https:\/\/www.omrserrature.it\/es\/omr-cerradiras-y-sistemas-de-cierre\/\"},{\"@type\":\"ListItem\",\"position\":2,\"name\":\"Cat\u00e1logo\",\"item\":\"https:\/\/www.omrserrature.it\/catalogo\/?lang=es\"},{\"@type\":\"ListItem\",\"position\":3,\"name\":\"Aplicaciones\",\"item\":\"https:\/\/www.omrserrature.it\/es\/inventario\/aplicaciones\/\"},{\"@type\":\"ListItem\",\"position\":4,\"name\":\"Cerradura de armario conforme a GDPR\",\"item\":\"https:\/\/www.omrserrature.it\/es\/inventario\/aplicaciones\/cerradura-de-armario-conforme-a-gdpr\/\"},{\"@type\":\"ListItem\",\"position\":5,\"name\":\"Cerradura de pestillo con muelle de retorno y palanca de gancho\"}]},{\"@type\":\"WebSite\",\"@id\":\"https:\/\/www.omrserrature.it\/es\/#website\",\"url\":\"https:\/\/www.omrserrature.it\/es\/\",\"name\":\"OMR Serrature | Produzione sistemi di chiusura\",\"description\":\"Produzione serrature di sicurezza e sistemi di chiusura\",\"publisher\":{\"@id\":\"https:\/\/www.omrserrature.it\/es\/#organization\"},\"potentialAction\":[{\"@type\":\"SearchAction\",\"target\":{\"@type\":\"EntryPoint\",\"urlTemplate\":\"https:\/\/www.omrserrature.it\/es\/?s={search_term_string}\"},\"query-input\":{\"@type\":\"PropertyValueSpecification\",\"valueRequired\":true,\"valueName\":\"search_term_string\"}}],\"inLanguage\":\"es\"},{\"@type\":\"Organization\",\"@id\":\"https:\/\/www.omrserrature.it\/es\/#organization\",\"name\":\"OMR Serrature | Produzione sistemi di chiusura\",\"url\":\"https:\/\/www.omrserrature.it\/es\/\",\"logo\":{\"@type\":\"ImageObject\",\"inLanguage\":\"es\",\"@id\":\"https:\/\/www.omrserrature.it\/es\/#\/schema\/logo\/image\/\",\"url\":\"https:\/\/www.omrserrature.it\/wp-content\/uploads\/2017\/09\/favicon-omr-114.png\",\"contentUrl\":\"https:\/\/www.omrserrature.it\/wp-content\/uploads\/2017\/09\/favicon-omr-114.png\",\"width\":114,\"height\":114,\"caption\":\"OMR Serrature | Produzione sistemi di chiusura\"},\"image\":{\"@id\":\"https:\/\/www.omrserrature.it\/es\/#\/schema\/logo\/image\/\"},\"sameAs\":[\"https:\/\/www.facebook.com\/OMRserrature\",\"https:\/\/www.linkedin.com\/company\/omrserrature\/\",\"https:\/\/www.youtube.com\/channel\/UCxmA85z2R0EpG_6IRokiAkg\"]}]}<\/script>\n<!-- \/ Yoast SEO plugin. -->","yoast_head_json":{"title":"Cerradura de pestillo con muelle de retorno y palanca de gancho - OMR Serrature","robots":{"index":"index","follow":"follow","max-snippet":"max-snippet:-1","max-image-preview":"max-image-preview:large","max-video-preview":"max-video-preview:-1"},"canonical":"https:\/\/www.omrserrature.it\/es\/producto\/cerradura-de-pestillo-con-muelle-de-retorno-y-palanca-de-gancho\/","og_locale":"es_ES","og_type":"article","og_title":"Cerradura de pestillo con muelle de retorno y palanca de gancho - OMR Serrature","og_description":"Esta cerradura con mecanismo de varillas y palanca de gancho es ideal para maletas de moto, barras de techo, portaequipajes, portaesqu\u00eds, portabicicletas, sistemas expendedores y de lavado de coches, as\u00ed como maquinaria de la industria alimentaria, mobiliario de oficina, mobiliario hospitalario y mobiliario de oficina.","og_url":"https:\/\/www.omrserrature.it\/es\/producto\/cerradura-de-pestillo-con-muelle-de-retorno-y-palanca-de-gancho\/","og_site_name":"OMR Serrature | Produzione sistemi di chiusura","article_publisher":"https:\/\/www.facebook.com\/OMRserrature","article_modified_time":"2026-04-08T09:13:37+00:00","og_image":[{"width":1000,"height":1000,"url":"https:\/\/www.omrserrature.it\/wp-content\/uploads\/2022\/05\/Serratura-a-scrocco-con-molla-di-ritorno-e-leva-a-gancio-mod.-07-Novita-2022-OMR.jpg","type":"image\/jpeg"}],"twitter_card":"summary_large_image","twitter_misc":{"Tiempo de lectura":"2 minutos"},"schema":{"@context":"https:\/\/schema.org","@graph":[{"@type":"WebPage","@id":"https:\/\/www.omrserrature.it\/es\/producto\/cerradura-de-pestillo-con-muelle-de-retorno-y-palanca-de-gancho\/","url":"https:\/\/www.omrserrature.it\/es\/producto\/cerradura-de-pestillo-con-muelle-de-retorno-y-palanca-de-gancho\/","name":"Cerradura de pestillo con muelle de retorno y palanca de gancho - OMR Serrature","isPartOf":{"@id":"https:\/\/www.omrserrature.it\/es\/#website"},"primaryImageOfPage":{"@id":"https:\/\/www.omrserrature.it\/es\/producto\/cerradura-de-pestillo-con-muelle-de-retorno-y-palanca-de-gancho\/#primaryimage"},"image":{"@id":"https:\/\/www.omrserrature.it\/es\/producto\/cerradura-de-pestillo-con-muelle-de-retorno-y-palanca-de-gancho\/#primaryimage"},"thumbnailUrl":"https:\/\/www.omrserrature.it\/wp-content\/uploads\/2022\/05\/Serratura-a-scrocco-con-molla-di-ritorno-e-leva-a-gancio-mod.-07-Novita-2022-OMR.jpg","datePublished":"2024-04-15T10:16:00+00:00","dateModified":"2026-04-08T09:13:37+00:00","breadcrumb":{"@id":"https:\/\/www.omrserrature.it\/es\/producto\/cerradura-de-pestillo-con-muelle-de-retorno-y-palanca-de-gancho\/#breadcrumb"},"inLanguage":"es","potentialAction":[{"@type":"ReadAction","target":["https:\/\/www.omrserrature.it\/es\/producto\/cerradura-de-pestillo-con-muelle-de-retorno-y-palanca-de-gancho\/"]}]},{"@type":"ImageObject","inLanguage":"es","@id":"https:\/\/www.omrserrature.it\/es\/producto\/cerradura-de-pestillo-con-muelle-de-retorno-y-palanca-de-gancho\/#primaryimage","url":"https:\/\/www.omrserrature.it\/wp-content\/uploads\/2022\/05\/Serratura-a-scrocco-con-molla-di-ritorno-e-leva-a-gancio-mod.-07-Novita-2022-OMR.jpg","contentUrl":"https:\/\/www.omrserrature.it\/wp-content\/uploads\/2022\/05\/Serratura-a-scrocco-con-molla-di-ritorno-e-leva-a-gancio-mod.-07-Novita-2022-OMR.jpg","width":1000,"height":1000,"caption":"Cerradura de pestillo con muelle de retorno y palanca de gancho - mod. 07 - Novedad 2022"},{"@type":"BreadcrumbList","@id":"https:\/\/www.omrserrature.it\/es\/producto\/cerradura-de-pestillo-con-muelle-de-retorno-y-palanca-de-gancho\/#breadcrumb","itemListElement":[{"@type":"ListItem","position":1,"name":"Home","item":"https:\/\/www.omrserrature.it\/es\/omr-cerradiras-y-sistemas-de-cierre\/"},{"@type":"ListItem","position":2,"name":"Cat\u00e1logo","item":"https:\/\/www.omrserrature.it\/catalogo\/?lang=es"},{"@type":"ListItem","position":3,"name":"Aplicaciones","item":"https:\/\/www.omrserrature.it\/es\/inventario\/aplicaciones\/"},{"@type":"ListItem","position":4,"name":"Cerradura de armario conforme a GDPR","item":"https:\/\/www.omrserrature.it\/es\/inventario\/aplicaciones\/cerradura-de-armario-conforme-a-gdpr\/"},{"@type":"ListItem","position":5,"name":"Cerradura de pestillo con muelle de retorno y palanca de gancho"}]},{"@type":"WebSite","@id":"https:\/\/www.omrserrature.it\/es\/#website","url":"https:\/\/www.omrserrature.it\/es\/","name":"OMR Serrature | Produzione sistemi di chiusura","description":"Produzione serrature di sicurezza e sistemi di chiusura","publisher":{"@id":"https:\/\/www.omrserrature.it\/es\/#organization"},"potentialAction":[{"@type":"SearchAction","target":{"@type":"EntryPoint","urlTemplate":"https:\/\/www.omrserrature.it\/es\/?s={search_term_string}"},"query-input":{"@type":"PropertyValueSpecification","valueRequired":true,"valueName":"search_term_string"}}],"inLanguage":"es"},{"@type":"Organization","@id":"https:\/\/www.omrserrature.it\/es\/#organization","name":"OMR Serrature | Produzione sistemi di chiusura","url":"https:\/\/www.omrserrature.it\/es\/","logo":{"@type":"ImageObject","inLanguage":"es","@id":"https:\/\/www.omrserrature.it\/es\/#\/schema\/logo\/image\/","url":"https:\/\/www.omrserrature.it\/wp-content\/uploads\/2017\/09\/favicon-omr-114.png","contentUrl":"https:\/\/www.omrserrature.it\/wp-content\/uploads\/2017\/09\/favicon-omr-114.png","width":114,"height":114,"caption":"OMR Serrature | Produzione sistemi di chiusura"},"image":{"@id":"https:\/\/www.omrserrature.it\/es\/#\/schema\/logo\/image\/"},"sameAs":["https:\/\/www.facebook.com\/OMRserrature","https:\/\/www.linkedin.com\/company\/omrserrature\/","https:\/\/www.youtube.com\/channel\/UCxmA85z2R0EpG_6IRokiAkg"]}]}},"_links":{"self":[{"href":"https:\/\/www.omrserrature.it\/es\/wp-json\/wp\/v2\/product\/242013","targetHints":{"allow":["GET"]}}],"collection":[{"href":"https:\/\/www.omrserrature.it\/es\/wp-json\/wp\/v2\/product"}],"about":[{"href":"https:\/\/www.omrserrature.it\/es\/wp-json\/wp\/v2\/types\/product"}],"replies":[{"embeddable":true,"href":"https:\/\/www.omrserrature.it\/es\/wp-json\/wp\/v2\/comments?post=242013"}],"wp:featuredmedia":[{"embeddable":true,"href":"https:\/\/www.omrserrature.it\/es\/wp-json\/wp\/v2\/media\/25086"}],"wp:attachment":[{"href":"https:\/\/www.omrserrature.it\/es\/wp-json\/wp\/v2\/media?parent=242013"}],"wp:term":[{"taxonomy":"product_brand","embeddable":true,"href":"https:\/\/www.omrserrature.it\/es\/wp-json\/wp\/v2\/product_brand?post=242013"},{"taxonomy":"product_cat","embeddable":true,"href":"https:\/\/www.omrserrature.it\/es\/wp-json\/wp\/v2\/product_cat?post=242013"},{"taxonomy":"product_tag","embeddable":true,"href":"https:\/\/www.omrserrature.it\/es\/wp-json\/wp\/v2\/product_tag?post=242013"}],"curies":[{"name":"wp","href":"https:\/\/api.w.org\/{rel}","templated":true}]}}