{"id":241920,"date":"2017-10-12T17:23:19","date_gmt":"2012-10-17T15:23:00","guid":{"rendered":"https:\/\/www.staging6.omrserrature.it\/prodotto\/cerradura-con-pestillo-3-puntos-de-bloqueo\/"},"modified":"2026-04-08T12:48:54","modified_gmt":"2026-04-08T10:48:54","slug":"cerradura-con-pestillo-3-puntos-de-bloqueo","status":"publish","type":"product","link":"https:\/\/www.omrserrature.it\/es\/producto\/cerradura-con-pestillo-3-puntos-de-bloqueo\/","title":{"rendered":"Cerradura con pestillo &#8211; 3 puntos de bloqueo"},"content":{"rendered":"<p><strong>La cerradura con pestillo (alias espa\u00f1oleta o cremonesa)<\/strong> tiene tres puntos de bloqueo y es fabricadas en aleaci\u00f3n de zinc . El cilindro, con mecanismo de l\u00e1minas, permite el movimiento de un cerrojo lateral y de las varillas verticales asegurando un <strong>cierre m\u00faltiple<\/strong>. <\/p>\n<p>Los soportes de las varillas pueden tener un simple agujero o estar provistas de un pasador remachado. Debido a la configuraci\u00f3n de las placas cil\u00edndricas, es posible el uso de <strong>llaves diferentes (KD), llaves iguales (KA) o un sistema de llave maestra (MK)<\/strong>.<\/p>\n<p>Gracias a su robustez, est\u00e1 especialmente indicado <strong>para<\/strong> puertas de <strong>armario abatibles<\/strong>, de madera o met\u00e1licas, de una o dos puertas, incluso con alturas considerables. As\u00ed, las encontramos aplicadas en oficinas, archivos, cuarteles, estaciones de ferrocarril, albergues, escuelas y universidades, as\u00ed como en mobiliario hospitalario.<\/p>\n","protected":false},"excerpt":{"rendered":"<p>La cerradura con pestillo y tres puntos de bloqueo es fabricadas en aleaci\u00f3n de zinc. El cilindro, con mecanismo de l\u00e1minas, permite el movimiento de un cerrojo lateral y de las varillas verticales asegurando un cierre m\u00faltiple. <\/p>\n","protected":false},"featured_media":3777,"comment_status":"open","ping_status":"closed","template":"","meta":{"_acf_changed":false,"_et_pb_use_builder":"","_et_pb_old_content":"","_et_gb_content_width":""},"product_brand":[],"product_cat":[3926,3890,3937,3951,3882,3998,3884,3920,3900,3888,3881,3994,3983],"product_tag":[],"class_list":{"0":"post-241920","1":"product","2":"type-product","3":"status-publish","4":"has-post-thumbnail","6":"product_cat-batiente","7":"product_cat-cerradura-de-armario-conforme-a-gdpr","8":"product_cat-cerradura-multipunto","9":"product_cat-cerraduras-con-llave-maestra","10":"product_cat-cerraduras-de-armarios","11":"product_cat-cerraduras-de-puertas-2","12":"product_cat-cerraduras-de-seguridad","13":"product_cat-cerraduras-de-seguridad-para-muebles","14":"product_cat-cerraduras-para-armarios-de-sustancias-peligrosas","15":"product_cat-cerraduras-para-muebles","16":"product_cat-cerraduras-profesionales-para-muebles","17":"product_cat-hospital-y-sanidad","18":"product_cat-sistemas-de-cierre-de-seguridad","20":"first","21":"instock","22":"shipping-taxable","23":"purchasable","24":"product-type-variable","25":"has-default-attributes"},"acf":{"pdf1":"https:\/\/www.omrserrature.it\/wp-content\/uploads\/2017\/10\/Scheda-220330.pdf"},"yoast_head":"<!-- This site is optimized with the Yoast SEO plugin v27.2 - https:\/\/yoast.com\/product\/yoast-seo-wordpress\/ -->\n<title>Cerradura con pestillo - 3 puntos de bloqueo - OMR Serrature<\/title>\n<meta name=\"robots\" content=\"index, follow, max-snippet:-1, max-image-preview:large, max-video-preview:-1\" \/>\n<link rel=\"canonical\" href=\"https:\/\/www.omrserrature.it\/es\/producto\/cerradura-con-pestillo-3-puntos-de-bloqueo\/\" \/>\n<meta property=\"og:locale\" content=\"es_ES\" \/>\n<meta property=\"og:type\" content=\"article\" \/>\n<meta property=\"og:title\" content=\"Cerradura con pestillo - 3 puntos de bloqueo - OMR Serrature\" \/>\n<meta property=\"og:description\" content=\"La cerradura con pestillo y tres puntos de bloqueo es fabricadas en aleaci\u00f3n de zinc. El cilindro, con mecanismo de l\u00e1minas, permite el movimiento de un cerrojo lateral y de las varillas verticales asegurando un cierre m\u00faltiple.\" \/>\n<meta property=\"og:url\" content=\"https:\/\/www.omrserrature.it\/es\/producto\/cerradura-con-pestillo-3-puntos-de-bloqueo\/\" \/>\n<meta property=\"og:site_name\" content=\"OMR Serrature | Produzione sistemi di chiusura\" \/>\n<meta property=\"article:publisher\" content=\"https:\/\/www.facebook.com\/OMRserrature\" \/>\n<meta property=\"article:modified_time\" content=\"2026-04-08T10:48:54+00:00\" \/>\n<meta property=\"og:image\" content=\"https:\/\/www.omrserrature.it\/wp-content\/uploads\/2017\/10\/serratura-cremonese-3-punti.jpg\" \/>\n\t<meta property=\"og:image:width\" content=\"619\" \/>\n\t<meta property=\"og:image:height\" content=\"439\" \/>\n\t<meta property=\"og:image:type\" content=\"image\/jpeg\" \/>\n<meta name=\"twitter:card\" content=\"summary_large_image\" \/>\n<meta name=\"twitter:label1\" content=\"Tiempo de lectura\" \/>\n\t<meta name=\"twitter:data1\" content=\"1 minuto\" \/>\n<script type=\"application\/ld+json\" class=\"yoast-schema-graph\">{\"@context\":\"https:\/\/schema.org\",\"@graph\":[{\"@type\":\"WebPage\",\"@id\":\"https:\/\/www.omrserrature.it\/es\/producto\/cerradura-con-pestillo-3-puntos-de-bloqueo\/\",\"url\":\"https:\/\/www.omrserrature.it\/es\/producto\/cerradura-con-pestillo-3-puntos-de-bloqueo\/\",\"name\":\"Cerradura con pestillo - 3 puntos de bloqueo - OMR Serrature\",\"isPartOf\":{\"@id\":\"https:\/\/www.omrserrature.it\/es\/#website\"},\"primaryImageOfPage\":{\"@id\":\"https:\/\/www.omrserrature.it\/es\/producto\/cerradura-con-pestillo-3-puntos-de-bloqueo\/#primaryimage\"},\"image\":{\"@id\":\"https:\/\/www.omrserrature.it\/es\/producto\/cerradura-con-pestillo-3-puntos-de-bloqueo\/#primaryimage\"},\"thumbnailUrl\":\"https:\/\/www.omrserrature.it\/wp-content\/uploads\/2017\/10\/serratura-cremonese-3-punti.jpg\",\"datePublished\":\"2012-10-17T15:23:00+00:00\",\"dateModified\":\"2026-04-08T10:48:54+00:00\",\"breadcrumb\":{\"@id\":\"https:\/\/www.omrserrature.it\/es\/producto\/cerradura-con-pestillo-3-puntos-de-bloqueo\/#breadcrumb\"},\"inLanguage\":\"es\",\"potentialAction\":[{\"@type\":\"ReadAction\",\"target\":[\"https:\/\/www.omrserrature.it\/es\/producto\/cerradura-con-pestillo-3-puntos-de-bloqueo\/\"]}]},{\"@type\":\"ImageObject\",\"inLanguage\":\"es\",\"@id\":\"https:\/\/www.omrserrature.it\/es\/producto\/cerradura-con-pestillo-3-puntos-de-bloqueo\/#primaryimage\",\"url\":\"https:\/\/www.omrserrature.it\/wp-content\/uploads\/2017\/10\/serratura-cremonese-3-punti.jpg\",\"contentUrl\":\"https:\/\/www.omrserrature.it\/wp-content\/uploads\/2017\/10\/serratura-cremonese-3-punti.jpg\",\"width\":619,\"height\":439,\"caption\":\"Cerradura de varillas de 3 puntos - cerradura de expansi\u00f3n\"},{\"@type\":\"BreadcrumbList\",\"@id\":\"https:\/\/www.omrserrature.it\/es\/producto\/cerradura-con-pestillo-3-puntos-de-bloqueo\/#breadcrumb\",\"itemListElement\":[{\"@type\":\"ListItem\",\"position\":1,\"name\":\"Home\",\"item\":\"https:\/\/www.omrserrature.it\/es\/omr-cerradiras-y-sistemas-de-cierre\/\"},{\"@type\":\"ListItem\",\"position\":2,\"name\":\"Cat\u00e1logo\",\"item\":\"https:\/\/www.omrserrature.it\/catalogo\/?lang=es\"},{\"@type\":\"ListItem\",\"position\":3,\"name\":\"Productos\",\"item\":\"https:\/\/www.omrserrature.it\/es\/inventario\/productos\/\"},{\"@type\":\"ListItem\",\"position\":4,\"name\":\"Cerraduras\",\"item\":\"https:\/\/www.omrserrature.it\/es\/inventario\/productos\/cerraduras\/\"},{\"@type\":\"ListItem\",\"position\":5,\"name\":\"Cerradura multipunto\",\"item\":\"https:\/\/www.omrserrature.it\/es\/inventario\/productos\/cerraduras\/cerradura-multipunto\/\"},{\"@type\":\"ListItem\",\"position\":6,\"name\":\"Cerradura con pestillo &#8211; 3 puntos de bloqueo\"}]},{\"@type\":\"WebSite\",\"@id\":\"https:\/\/www.omrserrature.it\/es\/#website\",\"url\":\"https:\/\/www.omrserrature.it\/es\/\",\"name\":\"OMR Serrature | Produzione sistemi di chiusura\",\"description\":\"Produzione serrature di sicurezza e sistemi di chiusura\",\"publisher\":{\"@id\":\"https:\/\/www.omrserrature.it\/es\/#organization\"},\"potentialAction\":[{\"@type\":\"SearchAction\",\"target\":{\"@type\":\"EntryPoint\",\"urlTemplate\":\"https:\/\/www.omrserrature.it\/es\/?s={search_term_string}\"},\"query-input\":{\"@type\":\"PropertyValueSpecification\",\"valueRequired\":true,\"valueName\":\"search_term_string\"}}],\"inLanguage\":\"es\"},{\"@type\":\"Organization\",\"@id\":\"https:\/\/www.omrserrature.it\/es\/#organization\",\"name\":\"OMR Serrature | Produzione sistemi di chiusura\",\"url\":\"https:\/\/www.omrserrature.it\/es\/\",\"logo\":{\"@type\":\"ImageObject\",\"inLanguage\":\"es\",\"@id\":\"https:\/\/www.omrserrature.it\/es\/#\/schema\/logo\/image\/\",\"url\":\"https:\/\/www.omrserrature.it\/wp-content\/uploads\/2017\/09\/favicon-omr-114.png\",\"contentUrl\":\"https:\/\/www.omrserrature.it\/wp-content\/uploads\/2017\/09\/favicon-omr-114.png\",\"width\":114,\"height\":114,\"caption\":\"OMR Serrature | Produzione sistemi di chiusura\"},\"image\":{\"@id\":\"https:\/\/www.omrserrature.it\/es\/#\/schema\/logo\/image\/\"},\"sameAs\":[\"https:\/\/www.facebook.com\/OMRserrature\",\"https:\/\/www.linkedin.com\/company\/omrserrature\/\",\"https:\/\/www.youtube.com\/channel\/UCxmA85z2R0EpG_6IRokiAkg\"]}]}<\/script>\n<!-- \/ Yoast SEO plugin. -->","yoast_head_json":{"title":"Cerradura con pestillo - 3 puntos de bloqueo - OMR Serrature","robots":{"index":"index","follow":"follow","max-snippet":"max-snippet:-1","max-image-preview":"max-image-preview:large","max-video-preview":"max-video-preview:-1"},"canonical":"https:\/\/www.omrserrature.it\/es\/producto\/cerradura-con-pestillo-3-puntos-de-bloqueo\/","og_locale":"es_ES","og_type":"article","og_title":"Cerradura con pestillo - 3 puntos de bloqueo - OMR Serrature","og_description":"La cerradura con pestillo y tres puntos de bloqueo es fabricadas en aleaci\u00f3n de zinc. El cilindro, con mecanismo de l\u00e1minas, permite el movimiento de un cerrojo lateral y de las varillas verticales asegurando un cierre m\u00faltiple.","og_url":"https:\/\/www.omrserrature.it\/es\/producto\/cerradura-con-pestillo-3-puntos-de-bloqueo\/","og_site_name":"OMR Serrature | Produzione sistemi di chiusura","article_publisher":"https:\/\/www.facebook.com\/OMRserrature","article_modified_time":"2026-04-08T10:48:54+00:00","og_image":[{"width":619,"height":439,"url":"https:\/\/www.omrserrature.it\/wp-content\/uploads\/2017\/10\/serratura-cremonese-3-punti.jpg","type":"image\/jpeg"}],"twitter_card":"summary_large_image","twitter_misc":{"Tiempo de lectura":"1 minuto"},"schema":{"@context":"https:\/\/schema.org","@graph":[{"@type":"WebPage","@id":"https:\/\/www.omrserrature.it\/es\/producto\/cerradura-con-pestillo-3-puntos-de-bloqueo\/","url":"https:\/\/www.omrserrature.it\/es\/producto\/cerradura-con-pestillo-3-puntos-de-bloqueo\/","name":"Cerradura con pestillo - 3 puntos de bloqueo - OMR Serrature","isPartOf":{"@id":"https:\/\/www.omrserrature.it\/es\/#website"},"primaryImageOfPage":{"@id":"https:\/\/www.omrserrature.it\/es\/producto\/cerradura-con-pestillo-3-puntos-de-bloqueo\/#primaryimage"},"image":{"@id":"https:\/\/www.omrserrature.it\/es\/producto\/cerradura-con-pestillo-3-puntos-de-bloqueo\/#primaryimage"},"thumbnailUrl":"https:\/\/www.omrserrature.it\/wp-content\/uploads\/2017\/10\/serratura-cremonese-3-punti.jpg","datePublished":"2012-10-17T15:23:00+00:00","dateModified":"2026-04-08T10:48:54+00:00","breadcrumb":{"@id":"https:\/\/www.omrserrature.it\/es\/producto\/cerradura-con-pestillo-3-puntos-de-bloqueo\/#breadcrumb"},"inLanguage":"es","potentialAction":[{"@type":"ReadAction","target":["https:\/\/www.omrserrature.it\/es\/producto\/cerradura-con-pestillo-3-puntos-de-bloqueo\/"]}]},{"@type":"ImageObject","inLanguage":"es","@id":"https:\/\/www.omrserrature.it\/es\/producto\/cerradura-con-pestillo-3-puntos-de-bloqueo\/#primaryimage","url":"https:\/\/www.omrserrature.it\/wp-content\/uploads\/2017\/10\/serratura-cremonese-3-punti.jpg","contentUrl":"https:\/\/www.omrserrature.it\/wp-content\/uploads\/2017\/10\/serratura-cremonese-3-punti.jpg","width":619,"height":439,"caption":"Cerradura de varillas de 3 puntos - cerradura de expansi\u00f3n"},{"@type":"BreadcrumbList","@id":"https:\/\/www.omrserrature.it\/es\/producto\/cerradura-con-pestillo-3-puntos-de-bloqueo\/#breadcrumb","itemListElement":[{"@type":"ListItem","position":1,"name":"Home","item":"https:\/\/www.omrserrature.it\/es\/omr-cerradiras-y-sistemas-de-cierre\/"},{"@type":"ListItem","position":2,"name":"Cat\u00e1logo","item":"https:\/\/www.omrserrature.it\/catalogo\/?lang=es"},{"@type":"ListItem","position":3,"name":"Productos","item":"https:\/\/www.omrserrature.it\/es\/inventario\/productos\/"},{"@type":"ListItem","position":4,"name":"Cerraduras","item":"https:\/\/www.omrserrature.it\/es\/inventario\/productos\/cerraduras\/"},{"@type":"ListItem","position":5,"name":"Cerradura multipunto","item":"https:\/\/www.omrserrature.it\/es\/inventario\/productos\/cerraduras\/cerradura-multipunto\/"},{"@type":"ListItem","position":6,"name":"Cerradura con pestillo &#8211; 3 puntos de bloqueo"}]},{"@type":"WebSite","@id":"https:\/\/www.omrserrature.it\/es\/#website","url":"https:\/\/www.omrserrature.it\/es\/","name":"OMR Serrature | Produzione sistemi di chiusura","description":"Produzione serrature di sicurezza e sistemi di chiusura","publisher":{"@id":"https:\/\/www.omrserrature.it\/es\/#organization"},"potentialAction":[{"@type":"SearchAction","target":{"@type":"EntryPoint","urlTemplate":"https:\/\/www.omrserrature.it\/es\/?s={search_term_string}"},"query-input":{"@type":"PropertyValueSpecification","valueRequired":true,"valueName":"search_term_string"}}],"inLanguage":"es"},{"@type":"Organization","@id":"https:\/\/www.omrserrature.it\/es\/#organization","name":"OMR Serrature | Produzione sistemi di chiusura","url":"https:\/\/www.omrserrature.it\/es\/","logo":{"@type":"ImageObject","inLanguage":"es","@id":"https:\/\/www.omrserrature.it\/es\/#\/schema\/logo\/image\/","url":"https:\/\/www.omrserrature.it\/wp-content\/uploads\/2017\/09\/favicon-omr-114.png","contentUrl":"https:\/\/www.omrserrature.it\/wp-content\/uploads\/2017\/09\/favicon-omr-114.png","width":114,"height":114,"caption":"OMR Serrature | Produzione sistemi di chiusura"},"image":{"@id":"https:\/\/www.omrserrature.it\/es\/#\/schema\/logo\/image\/"},"sameAs":["https:\/\/www.facebook.com\/OMRserrature","https:\/\/www.linkedin.com\/company\/omrserrature\/","https:\/\/www.youtube.com\/channel\/UCxmA85z2R0EpG_6IRokiAkg"]}]}},"_links":{"self":[{"href":"https:\/\/www.omrserrature.it\/es\/wp-json\/wp\/v2\/product\/241920","targetHints":{"allow":["GET"]}}],"collection":[{"href":"https:\/\/www.omrserrature.it\/es\/wp-json\/wp\/v2\/product"}],"about":[{"href":"https:\/\/www.omrserrature.it\/es\/wp-json\/wp\/v2\/types\/product"}],"replies":[{"embeddable":true,"href":"https:\/\/www.omrserrature.it\/es\/wp-json\/wp\/v2\/comments?post=241920"}],"wp:featuredmedia":[{"embeddable":true,"href":"https:\/\/www.omrserrature.it\/es\/wp-json\/wp\/v2\/media\/3777"}],"wp:attachment":[{"href":"https:\/\/www.omrserrature.it\/es\/wp-json\/wp\/v2\/media?parent=241920"}],"wp:term":[{"taxonomy":"product_brand","embeddable":true,"href":"https:\/\/www.omrserrature.it\/es\/wp-json\/wp\/v2\/product_brand?post=241920"},{"taxonomy":"product_cat","embeddable":true,"href":"https:\/\/www.omrserrature.it\/es\/wp-json\/wp\/v2\/product_cat?post=241920"},{"taxonomy":"product_tag","embeddable":true,"href":"https:\/\/www.omrserrature.it\/es\/wp-json\/wp\/v2\/product_tag?post=241920"}],"curies":[{"name":"wp","href":"https:\/\/api.w.org\/{rel}","templated":true}]}}