{"id":241896,"date":"2017-10-13T17:35:21","date_gmt":"2013-10-17T15:35:00","guid":{"rendered":"https:\/\/www.staging6.omrserrature.it\/prodotto\/cerradura-espanoleta-3-puntos-de-bloqueo\/"},"modified":"2026-04-08T12:49:16","modified_gmt":"2026-04-08T10:49:16","slug":"cerradura-espanoleta-3-puntos-de-bloqueo","status":"publish","type":"product","link":"https:\/\/www.omrserrature.it\/es\/producto\/cerradura-espanoleta-3-puntos-de-bloqueo\/","title":{"rendered":"Cerradura espa\u00f1oleta &#8211; 3 puntos de bloqueo"},"content":{"rendered":"<p>La <strong>cerradura de<\/strong> pestillo de 3 puntos consta de una caja de acero galvanizado, en cuyo interior hay un panel de control que mueve las varillas correderas y el pasador lateral.<\/p>\n<p>La combinaci\u00f3n de un <strong>asa<\/strong> &#8211; en forma de L o de T, con o sin cerradura &#8211; permite mover la cerradura y <strong>cerrarla o abrirla en todos los puntos de bloqueo<\/strong>.<\/p>\n<p>La cerradura de<strong> pi\u00f1\u00f3n<\/strong>, con su<strong> mecanismo de falleba<\/strong>, es adecuada para estructuras pesadas con puertas y varillas batientes, como cajas met\u00e1licas, escotillas de barcos y botes, puertas de acero medianas y grandes, veh\u00edculos militares, armarios rack, salas t\u00e9cnicas o en mobiliario de taller.<\/p>\n","protected":false},"excerpt":{"rendered":"<p>La <strong>cerradura de<\/strong> pestillo de 3 puntos consta de una caja de acero galvanizado, en cuyo interior hay un panel de control que mueve las varillas correderas y el pasador lateral.<\/p>\n","protected":false},"featured_media":3477,"comment_status":"open","ping_status":"closed","template":"","meta":{"_acf_changed":false,"_et_pb_use_builder":"","_et_pb_old_content":"","_et_gb_content_width":""},"product_brand":[],"product_cat":[3926,3937,3882,3925,3998,3912,3955,3905,3921,3895,3889,3888,3983,3987,3927],"product_tag":[],"class_list":{"0":"post-241896","1":"product","2":"type-product","3":"status-publish","4":"has-post-thumbnail","6":"product_cat-batiente","7":"product_cat-cerradura-multipunto","8":"product_cat-cerraduras-de-armarios","9":"product_cat-cerraduras-de-barcos","10":"product_cat-cerraduras-de-puertas-2","11":"product_cat-cerraduras-de-puertas","12":"product_cat-cerraduras-especiales-a-medida","13":"product_cat-cerraduras-para-armarios-industriales","14":"product_cat-cerraduras-para-carrocerias-frigorificas","15":"product_cat-cerraduras-para-la-industria-electromecanica","16":"product_cat-cerraduras-para-medios-de-transporte","17":"product_cat-cerraduras-para-muebles","18":"product_cat-sistemas-de-cierre-de-seguridad","19":"product_cat-sistemas-de-cierre-para-la-industria","20":"product_cat-solapa","22":"first","23":"instock","24":"shipping-taxable","25":"purchasable","26":"product-type-simple"},"acf":{"pdf1":"https:\/\/www.omrserrature.it\/wp-content\/uploads\/2017\/10\/Scheda-220201.pdf"},"yoast_head":"<!-- This site is optimized with the Yoast SEO plugin v27.2 - https:\/\/yoast.com\/product\/yoast-seo-wordpress\/ -->\n<title>Cerradura espa\u00f1oleta - 3 puntos de bloqueo - OMR Serrature<\/title>\n<meta name=\"robots\" content=\"index, follow, max-snippet:-1, max-image-preview:large, max-video-preview:-1\" \/>\n<link rel=\"canonical\" href=\"https:\/\/www.omrserrature.it\/es\/producto\/cerradura-espanoleta-3-puntos-de-bloqueo\/\" \/>\n<meta property=\"og:locale\" content=\"es_ES\" \/>\n<meta property=\"og:type\" content=\"article\" \/>\n<meta property=\"og:title\" content=\"Cerradura espa\u00f1oleta - 3 puntos de bloqueo - OMR Serrature\" \/>\n<meta property=\"og:description\" content=\"La cerradura de pestillo de 3 puntos consta de una caja de acero galvanizado, en cuyo interior hay un panel de control que mueve las varillas correderas y el pasador lateral.\" \/>\n<meta property=\"og:url\" content=\"https:\/\/www.omrserrature.it\/es\/producto\/cerradura-espanoleta-3-puntos-de-bloqueo\/\" \/>\n<meta property=\"og:site_name\" content=\"OMR Serrature | Produzione sistemi di chiusura\" \/>\n<meta property=\"article:publisher\" content=\"https:\/\/www.facebook.com\/OMRserrature\" \/>\n<meta property=\"article:modified_time\" content=\"2026-04-08T10:49:16+00:00\" \/>\n<meta property=\"og:image\" content=\"https:\/\/www.omrserrature.it\/wp-content\/uploads\/2017\/10\/cariglione-3-punti.jpg\" \/>\n\t<meta property=\"og:image:width\" content=\"865\" \/>\n\t<meta property=\"og:image:height\" content=\"581\" \/>\n\t<meta property=\"og:image:type\" content=\"image\/jpeg\" \/>\n<meta name=\"twitter:card\" content=\"summary_large_image\" \/>\n<meta name=\"twitter:label1\" content=\"Tiempo de lectura\" \/>\n\t<meta name=\"twitter:data1\" content=\"1 minuto\" \/>\n<script type=\"application\/ld+json\" class=\"yoast-schema-graph\">{\"@context\":\"https:\/\/schema.org\",\"@graph\":[{\"@type\":\"WebPage\",\"@id\":\"https:\/\/www.omrserrature.it\/es\/producto\/cerradura-espanoleta-3-puntos-de-bloqueo\/\",\"url\":\"https:\/\/www.omrserrature.it\/es\/producto\/cerradura-espanoleta-3-puntos-de-bloqueo\/\",\"name\":\"Cerradura espa\u00f1oleta - 3 puntos de bloqueo - OMR Serrature\",\"isPartOf\":{\"@id\":\"https:\/\/www.omrserrature.it\/es\/#website\"},\"primaryImageOfPage\":{\"@id\":\"https:\/\/www.omrserrature.it\/es\/producto\/cerradura-espanoleta-3-puntos-de-bloqueo\/#primaryimage\"},\"image\":{\"@id\":\"https:\/\/www.omrserrature.it\/es\/producto\/cerradura-espanoleta-3-puntos-de-bloqueo\/#primaryimage\"},\"thumbnailUrl\":\"https:\/\/www.omrserrature.it\/wp-content\/uploads\/2017\/10\/cariglione-3-punti.jpg\",\"datePublished\":\"2013-10-17T15:35:00+00:00\",\"dateModified\":\"2026-04-08T10:49:16+00:00\",\"breadcrumb\":{\"@id\":\"https:\/\/www.omrserrature.it\/es\/producto\/cerradura-espanoleta-3-puntos-de-bloqueo\/#breadcrumb\"},\"inLanguage\":\"es\",\"potentialAction\":[{\"@type\":\"ReadAction\",\"target\":[\"https:\/\/www.omrserrature.it\/es\/producto\/cerradura-espanoleta-3-puntos-de-bloqueo\/\"]}]},{\"@type\":\"ImageObject\",\"inLanguage\":\"es\",\"@id\":\"https:\/\/www.omrserrature.it\/es\/producto\/cerradura-espanoleta-3-puntos-de-bloqueo\/#primaryimage\",\"url\":\"https:\/\/www.omrserrature.it\/wp-content\/uploads\/2017\/10\/cariglione-3-punti.jpg\",\"contentUrl\":\"https:\/\/www.omrserrature.it\/wp-content\/uploads\/2017\/10\/cariglione-3-punti.jpg\",\"width\":865,\"height\":581,\"caption\":\"Cerradura de cerrojo espa\u00f1oleta de triple expansi\u00f3n - Cerradura de tres puntos de cerrojo cremona\"},{\"@type\":\"BreadcrumbList\",\"@id\":\"https:\/\/www.omrserrature.it\/es\/producto\/cerradura-espanoleta-3-puntos-de-bloqueo\/#breadcrumb\",\"itemListElement\":[{\"@type\":\"ListItem\",\"position\":1,\"name\":\"Home\",\"item\":\"https:\/\/www.omrserrature.it\/es\/omr-cerradiras-y-sistemas-de-cierre\/\"},{\"@type\":\"ListItem\",\"position\":2,\"name\":\"Cat\u00e1logo\",\"item\":\"https:\/\/www.omrserrature.it\/catalogo\/?lang=es\"},{\"@type\":\"ListItem\",\"position\":3,\"name\":\"Aplicaciones\",\"item\":\"https:\/\/www.omrserrature.it\/es\/inventario\/aplicaciones\/\"},{\"@type\":\"ListItem\",\"position\":4,\"name\":\"Cerraduras para muebles\",\"item\":\"https:\/\/www.omrserrature.it\/es\/inventario\/aplicaciones\/cerraduras-para-muebles\/\"},{\"@type\":\"ListItem\",\"position\":5,\"name\":\"Cerraduras de puertas\",\"item\":\"https:\/\/www.omrserrature.it\/es\/inventario\/aplicaciones\/cerraduras-para-muebles\/cerraduras-de-puertas-2\/\"},{\"@type\":\"ListItem\",\"position\":6,\"name\":\"Batiente\",\"item\":\"https:\/\/www.omrserrature.it\/es\/inventario\/aplicaciones\/cerraduras-para-muebles\/cerraduras-de-puertas-2\/batiente\/\"},{\"@type\":\"ListItem\",\"position\":7,\"name\":\"Cerradura espa\u00f1oleta &#8211; 3 puntos de bloqueo\"}]},{\"@type\":\"WebSite\",\"@id\":\"https:\/\/www.omrserrature.it\/es\/#website\",\"url\":\"https:\/\/www.omrserrature.it\/es\/\",\"name\":\"OMR Serrature | Produzione sistemi di chiusura\",\"description\":\"Produzione serrature di sicurezza e sistemi di chiusura\",\"publisher\":{\"@id\":\"https:\/\/www.omrserrature.it\/es\/#organization\"},\"potentialAction\":[{\"@type\":\"SearchAction\",\"target\":{\"@type\":\"EntryPoint\",\"urlTemplate\":\"https:\/\/www.omrserrature.it\/es\/?s={search_term_string}\"},\"query-input\":{\"@type\":\"PropertyValueSpecification\",\"valueRequired\":true,\"valueName\":\"search_term_string\"}}],\"inLanguage\":\"es\"},{\"@type\":\"Organization\",\"@id\":\"https:\/\/www.omrserrature.it\/es\/#organization\",\"name\":\"OMR Serrature | Produzione sistemi di chiusura\",\"url\":\"https:\/\/www.omrserrature.it\/es\/\",\"logo\":{\"@type\":\"ImageObject\",\"inLanguage\":\"es\",\"@id\":\"https:\/\/www.omrserrature.it\/es\/#\/schema\/logo\/image\/\",\"url\":\"https:\/\/www.omrserrature.it\/wp-content\/uploads\/2017\/09\/favicon-omr-114.png\",\"contentUrl\":\"https:\/\/www.omrserrature.it\/wp-content\/uploads\/2017\/09\/favicon-omr-114.png\",\"width\":114,\"height\":114,\"caption\":\"OMR Serrature | Produzione sistemi di chiusura\"},\"image\":{\"@id\":\"https:\/\/www.omrserrature.it\/es\/#\/schema\/logo\/image\/\"},\"sameAs\":[\"https:\/\/www.facebook.com\/OMRserrature\",\"https:\/\/www.linkedin.com\/company\/omrserrature\/\",\"https:\/\/www.youtube.com\/channel\/UCxmA85z2R0EpG_6IRokiAkg\"]}]}<\/script>\n<!-- \/ Yoast SEO plugin. -->","yoast_head_json":{"title":"Cerradura espa\u00f1oleta - 3 puntos de bloqueo - OMR Serrature","robots":{"index":"index","follow":"follow","max-snippet":"max-snippet:-1","max-image-preview":"max-image-preview:large","max-video-preview":"max-video-preview:-1"},"canonical":"https:\/\/www.omrserrature.it\/es\/producto\/cerradura-espanoleta-3-puntos-de-bloqueo\/","og_locale":"es_ES","og_type":"article","og_title":"Cerradura espa\u00f1oleta - 3 puntos de bloqueo - OMR Serrature","og_description":"La cerradura de pestillo de 3 puntos consta de una caja de acero galvanizado, en cuyo interior hay un panel de control que mueve las varillas correderas y el pasador lateral.","og_url":"https:\/\/www.omrserrature.it\/es\/producto\/cerradura-espanoleta-3-puntos-de-bloqueo\/","og_site_name":"OMR Serrature | Produzione sistemi di chiusura","article_publisher":"https:\/\/www.facebook.com\/OMRserrature","article_modified_time":"2026-04-08T10:49:16+00:00","og_image":[{"width":865,"height":581,"url":"https:\/\/www.omrserrature.it\/wp-content\/uploads\/2017\/10\/cariglione-3-punti.jpg","type":"image\/jpeg"}],"twitter_card":"summary_large_image","twitter_misc":{"Tiempo de lectura":"1 minuto"},"schema":{"@context":"https:\/\/schema.org","@graph":[{"@type":"WebPage","@id":"https:\/\/www.omrserrature.it\/es\/producto\/cerradura-espanoleta-3-puntos-de-bloqueo\/","url":"https:\/\/www.omrserrature.it\/es\/producto\/cerradura-espanoleta-3-puntos-de-bloqueo\/","name":"Cerradura espa\u00f1oleta - 3 puntos de bloqueo - OMR Serrature","isPartOf":{"@id":"https:\/\/www.omrserrature.it\/es\/#website"},"primaryImageOfPage":{"@id":"https:\/\/www.omrserrature.it\/es\/producto\/cerradura-espanoleta-3-puntos-de-bloqueo\/#primaryimage"},"image":{"@id":"https:\/\/www.omrserrature.it\/es\/producto\/cerradura-espanoleta-3-puntos-de-bloqueo\/#primaryimage"},"thumbnailUrl":"https:\/\/www.omrserrature.it\/wp-content\/uploads\/2017\/10\/cariglione-3-punti.jpg","datePublished":"2013-10-17T15:35:00+00:00","dateModified":"2026-04-08T10:49:16+00:00","breadcrumb":{"@id":"https:\/\/www.omrserrature.it\/es\/producto\/cerradura-espanoleta-3-puntos-de-bloqueo\/#breadcrumb"},"inLanguage":"es","potentialAction":[{"@type":"ReadAction","target":["https:\/\/www.omrserrature.it\/es\/producto\/cerradura-espanoleta-3-puntos-de-bloqueo\/"]}]},{"@type":"ImageObject","inLanguage":"es","@id":"https:\/\/www.omrserrature.it\/es\/producto\/cerradura-espanoleta-3-puntos-de-bloqueo\/#primaryimage","url":"https:\/\/www.omrserrature.it\/wp-content\/uploads\/2017\/10\/cariglione-3-punti.jpg","contentUrl":"https:\/\/www.omrserrature.it\/wp-content\/uploads\/2017\/10\/cariglione-3-punti.jpg","width":865,"height":581,"caption":"Cerradura de cerrojo espa\u00f1oleta de triple expansi\u00f3n - Cerradura de tres puntos de cerrojo cremona"},{"@type":"BreadcrumbList","@id":"https:\/\/www.omrserrature.it\/es\/producto\/cerradura-espanoleta-3-puntos-de-bloqueo\/#breadcrumb","itemListElement":[{"@type":"ListItem","position":1,"name":"Home","item":"https:\/\/www.omrserrature.it\/es\/omr-cerradiras-y-sistemas-de-cierre\/"},{"@type":"ListItem","position":2,"name":"Cat\u00e1logo","item":"https:\/\/www.omrserrature.it\/catalogo\/?lang=es"},{"@type":"ListItem","position":3,"name":"Aplicaciones","item":"https:\/\/www.omrserrature.it\/es\/inventario\/aplicaciones\/"},{"@type":"ListItem","position":4,"name":"Cerraduras para muebles","item":"https:\/\/www.omrserrature.it\/es\/inventario\/aplicaciones\/cerraduras-para-muebles\/"},{"@type":"ListItem","position":5,"name":"Cerraduras de puertas","item":"https:\/\/www.omrserrature.it\/es\/inventario\/aplicaciones\/cerraduras-para-muebles\/cerraduras-de-puertas-2\/"},{"@type":"ListItem","position":6,"name":"Batiente","item":"https:\/\/www.omrserrature.it\/es\/inventario\/aplicaciones\/cerraduras-para-muebles\/cerraduras-de-puertas-2\/batiente\/"},{"@type":"ListItem","position":7,"name":"Cerradura espa\u00f1oleta &#8211; 3 puntos de bloqueo"}]},{"@type":"WebSite","@id":"https:\/\/www.omrserrature.it\/es\/#website","url":"https:\/\/www.omrserrature.it\/es\/","name":"OMR Serrature | Produzione sistemi di chiusura","description":"Produzione serrature di sicurezza e sistemi di chiusura","publisher":{"@id":"https:\/\/www.omrserrature.it\/es\/#organization"},"potentialAction":[{"@type":"SearchAction","target":{"@type":"EntryPoint","urlTemplate":"https:\/\/www.omrserrature.it\/es\/?s={search_term_string}"},"query-input":{"@type":"PropertyValueSpecification","valueRequired":true,"valueName":"search_term_string"}}],"inLanguage":"es"},{"@type":"Organization","@id":"https:\/\/www.omrserrature.it\/es\/#organization","name":"OMR Serrature | Produzione sistemi di chiusura","url":"https:\/\/www.omrserrature.it\/es\/","logo":{"@type":"ImageObject","inLanguage":"es","@id":"https:\/\/www.omrserrature.it\/es\/#\/schema\/logo\/image\/","url":"https:\/\/www.omrserrature.it\/wp-content\/uploads\/2017\/09\/favicon-omr-114.png","contentUrl":"https:\/\/www.omrserrature.it\/wp-content\/uploads\/2017\/09\/favicon-omr-114.png","width":114,"height":114,"caption":"OMR Serrature | Produzione sistemi di chiusura"},"image":{"@id":"https:\/\/www.omrserrature.it\/es\/#\/schema\/logo\/image\/"},"sameAs":["https:\/\/www.facebook.com\/OMRserrature","https:\/\/www.linkedin.com\/company\/omrserrature\/","https:\/\/www.youtube.com\/channel\/UCxmA85z2R0EpG_6IRokiAkg"]}]}},"_links":{"self":[{"href":"https:\/\/www.omrserrature.it\/es\/wp-json\/wp\/v2\/product\/241896","targetHints":{"allow":["GET"]}}],"collection":[{"href":"https:\/\/www.omrserrature.it\/es\/wp-json\/wp\/v2\/product"}],"about":[{"href":"https:\/\/www.omrserrature.it\/es\/wp-json\/wp\/v2\/types\/product"}],"replies":[{"embeddable":true,"href":"https:\/\/www.omrserrature.it\/es\/wp-json\/wp\/v2\/comments?post=241896"}],"wp:featuredmedia":[{"embeddable":true,"href":"https:\/\/www.omrserrature.it\/es\/wp-json\/wp\/v2\/media\/3477"}],"wp:attachment":[{"href":"https:\/\/www.omrserrature.it\/es\/wp-json\/wp\/v2\/media?parent=241896"}],"wp:term":[{"taxonomy":"product_brand","embeddable":true,"href":"https:\/\/www.omrserrature.it\/es\/wp-json\/wp\/v2\/product_brand?post=241896"},{"taxonomy":"product_cat","embeddable":true,"href":"https:\/\/www.omrserrature.it\/es\/wp-json\/wp\/v2\/product_cat?post=241896"},{"taxonomy":"product_tag","embeddable":true,"href":"https:\/\/www.omrserrature.it\/es\/wp-json\/wp\/v2\/product_tag?post=241896"}],"curies":[{"name":"wp","href":"https:\/\/api.w.org\/{rel}","templated":true}]}}