{"id":241799,"date":"2018-07-13T10:56:43","date_gmt":"2013-07-18T08:56:00","guid":{"rendered":"https:\/\/www.staging6.omrserrature.it\/prodotto\/placa-antirrotacion\/"},"modified":"2026-04-08T12:05:56","modified_gmt":"2026-04-08T10:05:56","slug":"placa-antirrotacion","status":"publish","type":"product","link":"https:\/\/www.omrserrature.it\/es\/producto\/placa-antirrotacion\/","title":{"rendered":"Placa antirrotaci\u00f3n"},"content":{"rendered":"<p>La <strong>placa antigiro para cerraduras universales<\/strong> es de acero niquelado y se utiliza para instalar cerraduras de palanca, cajas de 1\/4 de vuelta y cierres en varillas con agujero redondo.<\/p>\n<p>El cuerpo de la placa antirrotaci\u00f3n presenta la cl\u00e1sica <strong>plantilla de perforaci\u00f3n en doble D<\/strong> -con lados planos- que impide que el cilindro gire en su asiento durante el uso. No ser\u00e1 necesario modificar la puerta ni el orificio, ya que la placa act\u00faa como adaptador para el orificio de instalaci\u00f3n. <\/p>\n<p>La placa se instala f\u00e1cilmente con dos tornillos en cualquier tipo de puerta de madera, con dos remaches o con puntos de soldadura en las varillas met\u00e1licas.<\/p>\n","protected":false},"excerpt":{"rendered":"<p>La placa antigiro para cerraduras universales es de acero niquelado y se utiliza para instalar cerraduras de palanca, cajas de 1\/4 de vuelta y cerraduras en varillas con agujero redondo.<\/p>\n","protected":false},"featured_media":8279,"comment_status":"open","ping_status":"closed","template":"","meta":{"_acf_changed":false,"_et_pb_use_builder":"","_et_pb_old_content":"","_et_gb_content_width":""},"product_brand":[],"product_cat":[3970],"product_tag":[],"class_list":{"0":"post-241799","1":"product","2":"type-product","3":"status-publish","4":"has-post-thumbnail","6":"product_cat-placas-y-chapetones","8":"first","9":"instock","10":"shipping-taxable","11":"purchasable","12":"product-type-simple"},"acf":{"pdf1":false},"yoast_head":"<!-- This site is optimized with the Yoast SEO plugin v27.2 - https:\/\/yoast.com\/product\/yoast-seo-wordpress\/ -->\n<title>Placa antirrotaci\u00f3n - OMR Serrature<\/title>\n<meta name=\"robots\" content=\"index, follow, max-snippet:-1, max-image-preview:large, max-video-preview:-1\" \/>\n<link rel=\"canonical\" href=\"https:\/\/www.omrserrature.it\/es\/producto\/placa-antirrotacion\/\" \/>\n<meta property=\"og:locale\" content=\"es_ES\" \/>\n<meta property=\"og:type\" content=\"article\" \/>\n<meta property=\"og:title\" content=\"Placa antirrotaci\u00f3n - OMR Serrature\" \/>\n<meta property=\"og:description\" content=\"La placa antigiro para cerraduras universales es de acero niquelado y se utiliza para instalar cerraduras de palanca, cajas de 1\/4 de vuelta y cerraduras en varillas con agujero redondo.\" \/>\n<meta property=\"og:url\" content=\"https:\/\/www.omrserrature.it\/es\/producto\/placa-antirrotacion\/\" \/>\n<meta property=\"og:site_name\" content=\"OMR Serrature | Produzione sistemi di chiusura\" \/>\n<meta property=\"article:publisher\" content=\"https:\/\/www.facebook.com\/OMRserrature\" \/>\n<meta property=\"article:modified_time\" content=\"2026-04-08T10:05:56+00:00\" \/>\n<meta property=\"og:image\" content=\"https:\/\/www.omrserrature.it\/wp-content\/uploads\/2018\/05\/MPIA04837.jpg\" \/>\n\t<meta property=\"og:image:width\" content=\"1297\" \/>\n\t<meta property=\"og:image:height\" content=\"769\" \/>\n\t<meta property=\"og:image:type\" content=\"image\/jpeg\" \/>\n<meta name=\"twitter:card\" content=\"summary_large_image\" \/>\n<meta name=\"twitter:label1\" content=\"Tiempo de lectura\" \/>\n\t<meta name=\"twitter:data1\" content=\"1 minuto\" \/>\n<script type=\"application\/ld+json\" class=\"yoast-schema-graph\">{\"@context\":\"https:\/\/schema.org\",\"@graph\":[{\"@type\":\"WebPage\",\"@id\":\"https:\/\/www.omrserrature.it\/es\/producto\/placa-antirrotacion\/\",\"url\":\"https:\/\/www.omrserrature.it\/es\/producto\/placa-antirrotacion\/\",\"name\":\"Placa antirrotaci\u00f3n - OMR Serrature\",\"isPartOf\":{\"@id\":\"https:\/\/www.omrserrature.it\/es\/#website\"},\"primaryImageOfPage\":{\"@id\":\"https:\/\/www.omrserrature.it\/es\/producto\/placa-antirrotacion\/#primaryimage\"},\"image\":{\"@id\":\"https:\/\/www.omrserrature.it\/es\/producto\/placa-antirrotacion\/#primaryimage\"},\"thumbnailUrl\":\"https:\/\/www.omrserrature.it\/wp-content\/uploads\/2018\/05\/MPIA04837.jpg\",\"datePublished\":\"2013-07-18T08:56:00+00:00\",\"dateModified\":\"2026-04-08T10:05:56+00:00\",\"breadcrumb\":{\"@id\":\"https:\/\/www.omrserrature.it\/es\/producto\/placa-antirrotacion\/#breadcrumb\"},\"inLanguage\":\"es\",\"potentialAction\":[{\"@type\":\"ReadAction\",\"target\":[\"https:\/\/www.omrserrature.it\/es\/producto\/placa-antirrotacion\/\"]}]},{\"@type\":\"ImageObject\",\"inLanguage\":\"es\",\"@id\":\"https:\/\/www.omrserrature.it\/es\/producto\/placa-antirrotacion\/#primaryimage\",\"url\":\"https:\/\/www.omrserrature.it\/wp-content\/uploads\/2018\/05\/MPIA04837.jpg\",\"contentUrl\":\"https:\/\/www.omrserrature.it\/wp-content\/uploads\/2018\/05\/MPIA04837.jpg\",\"width\":1297,\"height\":769,\"caption\":\"Placa antigiro - MPIA04837\"},{\"@type\":\"BreadcrumbList\",\"@id\":\"https:\/\/www.omrserrature.it\/es\/producto\/placa-antirrotacion\/#breadcrumb\",\"itemListElement\":[{\"@type\":\"ListItem\",\"position\":1,\"name\":\"Home\",\"item\":\"https:\/\/www.omrserrature.it\/es\/omr-cerradiras-y-sistemas-de-cierre\/\"},{\"@type\":\"ListItem\",\"position\":2,\"name\":\"Cat\u00e1logo\",\"item\":\"https:\/\/www.omrserrature.it\/catalogo\/?lang=es\"},{\"@type\":\"ListItem\",\"position\":3,\"name\":\"Productos\",\"item\":\"https:\/\/www.omrserrature.it\/es\/inventario\/productos\/\"},{\"@type\":\"ListItem\",\"position\":4,\"name\":\"Accesorios y recambios\",\"item\":\"https:\/\/www.omrserrature.it\/es\/inventario\/productos\/accesorios-y-recambios\/\"},{\"@type\":\"ListItem\",\"position\":5,\"name\":\"Placas y chapetones\",\"item\":\"https:\/\/www.omrserrature.it\/es\/inventario\/productos\/accesorios-y-recambios\/placas-y-chapetones\/\"},{\"@type\":\"ListItem\",\"position\":6,\"name\":\"Placa antirrotaci\u00f3n\"}]},{\"@type\":\"WebSite\",\"@id\":\"https:\/\/www.omrserrature.it\/es\/#website\",\"url\":\"https:\/\/www.omrserrature.it\/es\/\",\"name\":\"OMR Serrature | Produzione sistemi di chiusura\",\"description\":\"Produzione serrature di sicurezza e sistemi di chiusura\",\"publisher\":{\"@id\":\"https:\/\/www.omrserrature.it\/es\/#organization\"},\"potentialAction\":[{\"@type\":\"SearchAction\",\"target\":{\"@type\":\"EntryPoint\",\"urlTemplate\":\"https:\/\/www.omrserrature.it\/es\/?s={search_term_string}\"},\"query-input\":{\"@type\":\"PropertyValueSpecification\",\"valueRequired\":true,\"valueName\":\"search_term_string\"}}],\"inLanguage\":\"es\"},{\"@type\":\"Organization\",\"@id\":\"https:\/\/www.omrserrature.it\/es\/#organization\",\"name\":\"OMR Serrature | Produzione sistemi di chiusura\",\"url\":\"https:\/\/www.omrserrature.it\/es\/\",\"logo\":{\"@type\":\"ImageObject\",\"inLanguage\":\"es\",\"@id\":\"https:\/\/www.omrserrature.it\/es\/#\/schema\/logo\/image\/\",\"url\":\"https:\/\/www.omrserrature.it\/wp-content\/uploads\/2017\/09\/favicon-omr-114.png\",\"contentUrl\":\"https:\/\/www.omrserrature.it\/wp-content\/uploads\/2017\/09\/favicon-omr-114.png\",\"width\":114,\"height\":114,\"caption\":\"OMR Serrature | Produzione sistemi di chiusura\"},\"image\":{\"@id\":\"https:\/\/www.omrserrature.it\/es\/#\/schema\/logo\/image\/\"},\"sameAs\":[\"https:\/\/www.facebook.com\/OMRserrature\",\"https:\/\/www.linkedin.com\/company\/omrserrature\/\",\"https:\/\/www.youtube.com\/channel\/UCxmA85z2R0EpG_6IRokiAkg\"]}]}<\/script>\n<!-- \/ Yoast SEO plugin. -->","yoast_head_json":{"title":"Placa antirrotaci\u00f3n - OMR Serrature","robots":{"index":"index","follow":"follow","max-snippet":"max-snippet:-1","max-image-preview":"max-image-preview:large","max-video-preview":"max-video-preview:-1"},"canonical":"https:\/\/www.omrserrature.it\/es\/producto\/placa-antirrotacion\/","og_locale":"es_ES","og_type":"article","og_title":"Placa antirrotaci\u00f3n - OMR Serrature","og_description":"La placa antigiro para cerraduras universales es de acero niquelado y se utiliza para instalar cerraduras de palanca, cajas de 1\/4 de vuelta y cerraduras en varillas con agujero redondo.","og_url":"https:\/\/www.omrserrature.it\/es\/producto\/placa-antirrotacion\/","og_site_name":"OMR Serrature | Produzione sistemi di chiusura","article_publisher":"https:\/\/www.facebook.com\/OMRserrature","article_modified_time":"2026-04-08T10:05:56+00:00","og_image":[{"width":1297,"height":769,"url":"https:\/\/www.omrserrature.it\/wp-content\/uploads\/2018\/05\/MPIA04837.jpg","type":"image\/jpeg"}],"twitter_card":"summary_large_image","twitter_misc":{"Tiempo de lectura":"1 minuto"},"schema":{"@context":"https:\/\/schema.org","@graph":[{"@type":"WebPage","@id":"https:\/\/www.omrserrature.it\/es\/producto\/placa-antirrotacion\/","url":"https:\/\/www.omrserrature.it\/es\/producto\/placa-antirrotacion\/","name":"Placa antirrotaci\u00f3n - OMR Serrature","isPartOf":{"@id":"https:\/\/www.omrserrature.it\/es\/#website"},"primaryImageOfPage":{"@id":"https:\/\/www.omrserrature.it\/es\/producto\/placa-antirrotacion\/#primaryimage"},"image":{"@id":"https:\/\/www.omrserrature.it\/es\/producto\/placa-antirrotacion\/#primaryimage"},"thumbnailUrl":"https:\/\/www.omrserrature.it\/wp-content\/uploads\/2018\/05\/MPIA04837.jpg","datePublished":"2013-07-18T08:56:00+00:00","dateModified":"2026-04-08T10:05:56+00:00","breadcrumb":{"@id":"https:\/\/www.omrserrature.it\/es\/producto\/placa-antirrotacion\/#breadcrumb"},"inLanguage":"es","potentialAction":[{"@type":"ReadAction","target":["https:\/\/www.omrserrature.it\/es\/producto\/placa-antirrotacion\/"]}]},{"@type":"ImageObject","inLanguage":"es","@id":"https:\/\/www.omrserrature.it\/es\/producto\/placa-antirrotacion\/#primaryimage","url":"https:\/\/www.omrserrature.it\/wp-content\/uploads\/2018\/05\/MPIA04837.jpg","contentUrl":"https:\/\/www.omrserrature.it\/wp-content\/uploads\/2018\/05\/MPIA04837.jpg","width":1297,"height":769,"caption":"Placa antigiro - MPIA04837"},{"@type":"BreadcrumbList","@id":"https:\/\/www.omrserrature.it\/es\/producto\/placa-antirrotacion\/#breadcrumb","itemListElement":[{"@type":"ListItem","position":1,"name":"Home","item":"https:\/\/www.omrserrature.it\/es\/omr-cerradiras-y-sistemas-de-cierre\/"},{"@type":"ListItem","position":2,"name":"Cat\u00e1logo","item":"https:\/\/www.omrserrature.it\/catalogo\/?lang=es"},{"@type":"ListItem","position":3,"name":"Productos","item":"https:\/\/www.omrserrature.it\/es\/inventario\/productos\/"},{"@type":"ListItem","position":4,"name":"Accesorios y recambios","item":"https:\/\/www.omrserrature.it\/es\/inventario\/productos\/accesorios-y-recambios\/"},{"@type":"ListItem","position":5,"name":"Placas y chapetones","item":"https:\/\/www.omrserrature.it\/es\/inventario\/productos\/accesorios-y-recambios\/placas-y-chapetones\/"},{"@type":"ListItem","position":6,"name":"Placa antirrotaci\u00f3n"}]},{"@type":"WebSite","@id":"https:\/\/www.omrserrature.it\/es\/#website","url":"https:\/\/www.omrserrature.it\/es\/","name":"OMR Serrature | Produzione sistemi di chiusura","description":"Produzione serrature di sicurezza e sistemi di chiusura","publisher":{"@id":"https:\/\/www.omrserrature.it\/es\/#organization"},"potentialAction":[{"@type":"SearchAction","target":{"@type":"EntryPoint","urlTemplate":"https:\/\/www.omrserrature.it\/es\/?s={search_term_string}"},"query-input":{"@type":"PropertyValueSpecification","valueRequired":true,"valueName":"search_term_string"}}],"inLanguage":"es"},{"@type":"Organization","@id":"https:\/\/www.omrserrature.it\/es\/#organization","name":"OMR Serrature | Produzione sistemi di chiusura","url":"https:\/\/www.omrserrature.it\/es\/","logo":{"@type":"ImageObject","inLanguage":"es","@id":"https:\/\/www.omrserrature.it\/es\/#\/schema\/logo\/image\/","url":"https:\/\/www.omrserrature.it\/wp-content\/uploads\/2017\/09\/favicon-omr-114.png","contentUrl":"https:\/\/www.omrserrature.it\/wp-content\/uploads\/2017\/09\/favicon-omr-114.png","width":114,"height":114,"caption":"OMR Serrature | Produzione sistemi di chiusura"},"image":{"@id":"https:\/\/www.omrserrature.it\/es\/#\/schema\/logo\/image\/"},"sameAs":["https:\/\/www.facebook.com\/OMRserrature","https:\/\/www.linkedin.com\/company\/omrserrature\/","https:\/\/www.youtube.com\/channel\/UCxmA85z2R0EpG_6IRokiAkg"]}]}},"_links":{"self":[{"href":"https:\/\/www.omrserrature.it\/es\/wp-json\/wp\/v2\/product\/241799","targetHints":{"allow":["GET"]}}],"collection":[{"href":"https:\/\/www.omrserrature.it\/es\/wp-json\/wp\/v2\/product"}],"about":[{"href":"https:\/\/www.omrserrature.it\/es\/wp-json\/wp\/v2\/types\/product"}],"replies":[{"embeddable":true,"href":"https:\/\/www.omrserrature.it\/es\/wp-json\/wp\/v2\/comments?post=241799"}],"wp:featuredmedia":[{"embeddable":true,"href":"https:\/\/www.omrserrature.it\/es\/wp-json\/wp\/v2\/media\/8279"}],"wp:attachment":[{"href":"https:\/\/www.omrserrature.it\/es\/wp-json\/wp\/v2\/media?parent=241799"}],"wp:term":[{"taxonomy":"product_brand","embeddable":true,"href":"https:\/\/www.omrserrature.it\/es\/wp-json\/wp\/v2\/product_brand?post=241799"},{"taxonomy":"product_cat","embeddable":true,"href":"https:\/\/www.omrserrature.it\/es\/wp-json\/wp\/v2\/product_cat?post=241799"},{"taxonomy":"product_tag","embeddable":true,"href":"https:\/\/www.omrserrature.it\/es\/wp-json\/wp\/v2\/product_tag?post=241799"}],"curies":[{"name":"wp","href":"https:\/\/api.w.org\/{rel}","templated":true}]}}